{"id":1230,"date":"2020-07-31T11:09:06","date_gmt":"2020-07-31T11:09:06","guid":{"rendered":"https:\/\/partsandpieces.bonsaidev.nl\/?product=sleutel-gelijder-messing-14245"},"modified":"2025-11-03T08:57:51","modified_gmt":"2025-11-03T07:57:51","slug":"schlusselfuhrung-messing-antik-flach-14x24mm","status":"publish","type":"product","link":"https:\/\/partsandpieces.nl\/de\/product\/sleutelgeleider-messing-antiek-vlak-14x24mm\/","title":{"rendered":"Schl\u00fcsself\u00fchrung Messing Antik flach 14x24mm"},"content":{"rendered":"<p><strong>Schl\u00fcsself\u00fchrung Messing Antik flach 14x24mm<\/strong> ist eine klassische Schl\u00fcsself\u00fchrung aus Messing mit Antik-Finish. Die Vorderseite hat eine flache Form.<\/p>\n<p>Dieser hochwertige Schl\u00fcsself\u00fchrer wird in Italien hergestellt.<\/p>\n<p><strong>Ma\u00dfe<br \/>\n<\/strong>Schl\u00fcsself\u00fchrung Messing Antik flach 14x24mm hat eine Breite von 14mm und eine H\u00f6he von 24mm. Nach der Installation steht diese Schl\u00fcsself\u00fchrung etwa 3 mm hervor. Die Fr\u00e4sma\u00dfe betragen 10mmx20x5mm.<\/p>","protected":false},"excerpt":{"rendered":"<p>Sleutelgeleider Messing Antiek vlak 14x24mm is een klassieke sleutelgeleider gemaakt van messing met een antieke finish. De voorkant heeft een vlakke vorm. Deze kwalitatief uitstekende sleutelgeleider is gemaakt in Itali\u00eb. Afmetingen Sleutelgeleider Messing Antiek vlak 14x24mm heeft een breedte van 14mm en een hoogte van 24mm. Na montage steekt deze sleutelgeleider ongeveer 3mm uit. De [&hellip;]<\/p>\n","protected":false},"featured_media":7036,"template":"","meta":{"_acf_changed":false},"product_brand":[],"product_cat":[23,47],"product_tag":[],"class_list":{"0":"post-1230","1":"product","2":"type-product","3":"status-publish","4":"has-post-thumbnail","6":"product_cat-meubelbeslag","7":"product_cat-sleutelgeleiders","9":"first","10":"instock","11":"taxable","12":"shipping-taxable","13":"purchasable","14":"product-type-simple"},"acf":[],"yoast_head":"<!-- This site is optimized with the Yoast SEO plugin v27.3 - https:\/\/yoast.com\/product\/yoast-seo-wordpress\/ -->\n<title>Sleutelgeleider Messing Antiek vlak<\/title>\n<meta name=\"description\" content=\"Sleutelgeleider Messing Antiek vlak 14x24mm is een klassieke sleutelgeleider gemaakt van messing met een antieke finish. De voorkant heeft een vlakke vorm.\" \/>\n<meta name=\"robots\" content=\"index, follow, max-snippet:-1, max-image-preview:large, max-video-preview:-1\" \/>\n<link rel=\"canonical\" href=\"https:\/\/partsandpieces.nl\/de\/produkt\/schlusselfuhrung-messing-antik-flach-14x24mm\/\" \/>\n<meta property=\"og:locale\" content=\"de_DE\" \/>\n<meta property=\"og:type\" content=\"article\" \/>\n<meta property=\"og:title\" content=\"Sleutelgeleider Messing Antiek vlak\" \/>\n<meta property=\"og:description\" content=\"Sleutelgeleider Messing Antiek vlak 14x24mm is een klassieke sleutelgeleider gemaakt van messing met een antieke finish. De voorkant heeft een vlakke vorm.\" \/>\n<meta property=\"og:url\" content=\"https:\/\/partsandpieces.nl\/de\/produkt\/schlusselfuhrung-messing-antik-flach-14x24mm\/\" \/>\n<meta property=\"og:site_name\" content=\"Parts &amp; Pieces\" \/>\n<meta property=\"article:modified_time\" content=\"2025-11-03T07:57:51+00:00\" \/>\n<meta property=\"og:image\" content=\"https:\/\/partsandpieces.nl\/wp-content\/uploads\/2020\/07\/Sleutelgeleider-Messing-Antiek-vlak-14x24mm.jpg\" \/>\n\t<meta property=\"og:image:width\" content=\"330\" \/>\n\t<meta property=\"og:image:height\" content=\"331\" \/>\n\t<meta property=\"og:image:type\" content=\"image\/jpeg\" \/>\n<meta name=\"twitter:card\" content=\"summary_large_image\" \/>\n<meta name=\"twitter:label1\" content=\"Gesch\u00e4tzte Lesezeit\" \/>\n\t<meta name=\"twitter:data1\" content=\"1\u00a0Minute\" \/>\n<script type=\"application\/ld+json\" class=\"yoast-schema-graph\">{\"@context\":\"https:\\\/\\\/schema.org\",\"@graph\":[{\"@type\":\"WebPage\",\"@id\":\"https:\\\/\\\/partsandpieces.nl\\\/product\\\/sleutelgeleider-messing-antiek-vlak-14x24mm\\\/\",\"url\":\"https:\\\/\\\/partsandpieces.nl\\\/product\\\/sleutelgeleider-messing-antiek-vlak-14x24mm\\\/\",\"name\":\"Sleutelgeleider Messing Antiek vlak\",\"isPartOf\":{\"@id\":\"https:\\\/\\\/partsandpieces.nl\\\/#website\"},\"primaryImageOfPage\":{\"@id\":\"https:\\\/\\\/partsandpieces.nl\\\/product\\\/sleutelgeleider-messing-antiek-vlak-14x24mm\\\/#primaryimage\"},\"image\":{\"@id\":\"https:\\\/\\\/partsandpieces.nl\\\/product\\\/sleutelgeleider-messing-antiek-vlak-14x24mm\\\/#primaryimage\"},\"thumbnailUrl\":\"https:\\\/\\\/partsandpieces.nl\\\/wp-content\\\/uploads\\\/2020\\\/07\\\/Sleutelgeleider-Messing-Antiek-vlak-14x24mm.jpg\",\"datePublished\":\"2020-07-31T11:09:06+00:00\",\"dateModified\":\"2025-11-03T07:57:51+00:00\",\"description\":\"Sleutelgeleider Messing Antiek vlak 14x24mm is een klassieke sleutelgeleider gemaakt van messing met een antieke finish. De voorkant heeft een vlakke vorm.\",\"breadcrumb\":{\"@id\":\"https:\\\/\\\/partsandpieces.nl\\\/product\\\/sleutelgeleider-messing-antiek-vlak-14x24mm\\\/#breadcrumb\"},\"inLanguage\":\"de\",\"potentialAction\":[{\"@type\":\"ReadAction\",\"target\":[\"https:\\\/\\\/partsandpieces.nl\\\/product\\\/sleutelgeleider-messing-antiek-vlak-14x24mm\\\/\"]}]},{\"@type\":\"ImageObject\",\"inLanguage\":\"de\",\"@id\":\"https:\\\/\\\/partsandpieces.nl\\\/product\\\/sleutelgeleider-messing-antiek-vlak-14x24mm\\\/#primaryimage\",\"url\":\"https:\\\/\\\/partsandpieces.nl\\\/wp-content\\\/uploads\\\/2020\\\/07\\\/Sleutelgeleider-Messing-Antiek-vlak-14x24mm.jpg\",\"contentUrl\":\"https:\\\/\\\/partsandpieces.nl\\\/wp-content\\\/uploads\\\/2020\\\/07\\\/Sleutelgeleider-Messing-Antiek-vlak-14x24mm.jpg\",\"width\":330,\"height\":331,\"caption\":\"Sleutelgeleider Messing Antiek vlak 14x24mm\"},{\"@type\":\"BreadcrumbList\",\"@id\":\"https:\\\/\\\/partsandpieces.nl\\\/product\\\/sleutelgeleider-messing-antiek-vlak-14x24mm\\\/#breadcrumb\",\"itemListElement\":[{\"@type\":\"ListItem\",\"position\":1,\"name\":\"Home\",\"item\":\"https:\\\/\\\/partsandpieces.nl\\\/home\\\/\"},{\"@type\":\"ListItem\",\"position\":2,\"name\":\"Winkel\",\"item\":\"https:\\\/\\\/partsandpieces.nl\\\/winkel\\\/\"},{\"@type\":\"ListItem\",\"position\":3,\"name\":\"Sleutelgeleider Messing Antiek vlak 14x24mm\"}]},{\"@type\":\"WebSite\",\"@id\":\"https:\\\/\\\/partsandpieces.nl\\\/#website\",\"url\":\"https:\\\/\\\/partsandpieces.nl\\\/\",\"name\":\"Parts &amp; Pieces\",\"description\":\"Alles voor uw meubelrestauratie en -onderhoud!\",\"potentialAction\":[{\"@type\":\"SearchAction\",\"target\":{\"@type\":\"EntryPoint\",\"urlTemplate\":\"https:\\\/\\\/partsandpieces.nl\\\/?s={search_term_string}\"},\"query-input\":{\"@type\":\"PropertyValueSpecification\",\"valueRequired\":true,\"valueName\":\"search_term_string\"}}],\"inLanguage\":\"de\"}]}<\/script>\n<!-- \/ Yoast SEO plugin. -->","yoast_head_json":{"title":"Schl\u00fcsself\u00fchrung Messing Antik flach","description":"Schl\u00fcsself\u00fchrung Messing Antik flach 14x24mm ist eine klassische Schl\u00fcsself\u00fchrung aus Messing mit antikem Finish. Die Vorderseite hat eine flache Form.","robots":{"index":"index","follow":"follow","max-snippet":"max-snippet:-1","max-image-preview":"max-image-preview:large","max-video-preview":"max-video-preview:-1"},"canonical":"https:\/\/partsandpieces.nl\/de\/produkt\/schlusselfuhrung-messing-antik-flach-14x24mm\/","og_locale":"de_DE","og_type":"article","og_title":"Sleutelgeleider Messing Antiek vlak","og_description":"Sleutelgeleider Messing Antiek vlak 14x24mm is een klassieke sleutelgeleider gemaakt van messing met een antieke finish. De voorkant heeft een vlakke vorm.","og_url":"https:\/\/partsandpieces.nl\/de\/produkt\/schlusselfuhrung-messing-antik-flach-14x24mm\/","og_site_name":"Parts &amp; Pieces","article_modified_time":"2025-11-03T07:57:51+00:00","og_image":[{"width":330,"height":331,"url":"https:\/\/partsandpieces.nl\/wp-content\/uploads\/2020\/07\/Sleutelgeleider-Messing-Antiek-vlak-14x24mm.jpg","type":"image\/jpeg"}],"twitter_card":"summary_large_image","twitter_misc":{"Gesch\u00e4tzte Lesezeit":"1\u00a0Minute"},"schema":{"@context":"https:\/\/schema.org","@graph":[{"@type":"WebPage","@id":"https:\/\/partsandpieces.nl\/product\/sleutelgeleider-messing-antiek-vlak-14x24mm\/","url":"https:\/\/partsandpieces.nl\/product\/sleutelgeleider-messing-antiek-vlak-14x24mm\/","name":"Schl\u00fcsself\u00fchrung Messing Antik flach","isPartOf":{"@id":"https:\/\/partsandpieces.nl\/#website"},"primaryImageOfPage":{"@id":"https:\/\/partsandpieces.nl\/product\/sleutelgeleider-messing-antiek-vlak-14x24mm\/#primaryimage"},"image":{"@id":"https:\/\/partsandpieces.nl\/product\/sleutelgeleider-messing-antiek-vlak-14x24mm\/#primaryimage"},"thumbnailUrl":"https:\/\/partsandpieces.nl\/wp-content\/uploads\/2020\/07\/Sleutelgeleider-Messing-Antiek-vlak-14x24mm.jpg","datePublished":"2020-07-31T11:09:06+00:00","dateModified":"2025-11-03T07:57:51+00:00","description":"Schl\u00fcsself\u00fchrung Messing Antik flach 14x24mm ist eine klassische Schl\u00fcsself\u00fchrung aus Messing mit antikem Finish. Die Vorderseite hat eine flache Form.","breadcrumb":{"@id":"https:\/\/partsandpieces.nl\/product\/sleutelgeleider-messing-antiek-vlak-14x24mm\/#breadcrumb"},"inLanguage":"de","potentialAction":[{"@type":"ReadAction","target":["https:\/\/partsandpieces.nl\/product\/sleutelgeleider-messing-antiek-vlak-14x24mm\/"]}]},{"@type":"ImageObject","inLanguage":"de","@id":"https:\/\/partsandpieces.nl\/product\/sleutelgeleider-messing-antiek-vlak-14x24mm\/#primaryimage","url":"https:\/\/partsandpieces.nl\/wp-content\/uploads\/2020\/07\/Sleutelgeleider-Messing-Antiek-vlak-14x24mm.jpg","contentUrl":"https:\/\/partsandpieces.nl\/wp-content\/uploads\/2020\/07\/Sleutelgeleider-Messing-Antiek-vlak-14x24mm.jpg","width":330,"height":331,"caption":"Sleutelgeleider Messing Antiek vlak 14x24mm"},{"@type":"BreadcrumbList","@id":"https:\/\/partsandpieces.nl\/product\/sleutelgeleider-messing-antiek-vlak-14x24mm\/#breadcrumb","itemListElement":[{"@type":"ListItem","position":1,"name":"Home","item":"https:\/\/partsandpieces.nl\/home\/"},{"@type":"ListItem","position":2,"name":"Winkel","item":"https:\/\/partsandpieces.nl\/winkel\/"},{"@type":"ListItem","position":3,"name":"Sleutelgeleider Messing Antiek vlak 14x24mm"}]},{"@type":"WebSite","@id":"https:\/\/partsandpieces.nl\/#website","url":"https:\/\/partsandpieces.nl\/","name":"Teile &amp; St\u00fccke","description":"Alles f\u00fcr Ihre M\u00f6belrestaurierung und -pflege!","potentialAction":[{"@type":"SearchAction","target":{"@type":"EntryPoint","urlTemplate":"https:\/\/partsandpieces.nl\/?s={search_term_string}"},"query-input":{"@type":"PropertyValueSpecification","valueRequired":true,"valueName":"search_term_string"}}],"inLanguage":"de"}]}},"_links":{"self":[{"href":"https:\/\/partsandpieces.nl\/de\/wp-json\/wp\/v2\/product\/1230","targetHints":{"allow":["GET"]}}],"collection":[{"href":"https:\/\/partsandpieces.nl\/de\/wp-json\/wp\/v2\/product"}],"about":[{"href":"https:\/\/partsandpieces.nl\/de\/wp-json\/wp\/v2\/types\/product"}],"wp:featuredmedia":[{"embeddable":true,"href":"https:\/\/partsandpieces.nl\/de\/wp-json\/wp\/v2\/media\/7036"}],"wp:attachment":[{"href":"https:\/\/partsandpieces.nl\/de\/wp-json\/wp\/v2\/media?parent=1230"}],"wp:term":[{"taxonomy":"product_brand","embeddable":true,"href":"https:\/\/partsandpieces.nl\/de\/wp-json\/wp\/v2\/product_brand?post=1230"},{"taxonomy":"product_cat","embeddable":true,"href":"https:\/\/partsandpieces.nl\/de\/wp-json\/wp\/v2\/product_cat?post=1230"},{"taxonomy":"product_tag","embeddable":true,"href":"https:\/\/partsandpieces.nl\/de\/wp-json\/wp\/v2\/product_tag?post=1230"}],"curies":[{"name":"wp","href":"https:\/\/api.w.org\/{rel}","templated":true}]}}