{"id":1233,"date":"2020-07-31T11:13:34","date_gmt":"2020-07-31T11:13:34","guid":{"rendered":"https:\/\/partsandpieces.bonsaidev.nl\/?product=sleutel-gelijder-messing"},"modified":"2026-02-24T15:35:30","modified_gmt":"2026-02-24T14:35:30","slug":"schlusselfuhrung-messing-antik-13x25mm","status":"publish","type":"product","link":"https:\/\/partsandpieces.nl\/de\/product\/sleutelgeleider-messing-antiek-13x25mm\/","title":{"rendered":"Schl\u00fcsself\u00fchrung Messing Antik 13x25mm"},"content":{"rendered":"<p><strong>Schl\u00fcsself\u00fchrung Messing Antik 13x25mm<\/strong> ist eine klassische Schl\u00fcsself\u00fchrung aus Messing mit Antik-Finish. Die Vorderseite der Schl\u00fcsself\u00fchrung ist flach.<\/p>\n<p>Dieser hochwertige Schl\u00fcsself\u00fchrer wird in Italien hergestellt.<\/p>\n<p><strong>Ma\u00dfe<br \/>\n<\/strong>Die Schl\u00fcsself\u00fchrung Messing Antik 13x25mm hat eine Breite von 13mm und eine H\u00f6he von 25mm. Nach der Installation steht diese Schl\u00fcsself\u00fchrung nicht hervor. Die Schl\u00fcsself\u00fchrung ist von hinten konisch geformt.<\/p>","protected":false},"excerpt":{"rendered":"<p>Sleutelgeleider Messing Antiek 13x25mm is een klassieke sleutelgeleider gemaakt van messing met een antieke finish. De voorkant van de sleutelgeleider is vlak. Deze kwalitatief uitstekende sleutelgeleider is gemaakt in Itali\u00eb. Afmetingen Sleutelgeleider Messing Antiek 13x25mm heeft een breedte van 13mm en een hoogte van 25mm. Na montage steekt deze sleutelgeleider niet uit. De sleutelgeleider is [&hellip;]<\/p>\n","protected":false},"featured_media":7079,"template":"","meta":{"_acf_changed":false},"product_brand":[],"product_cat":[23,47],"product_tag":[],"class_list":{"0":"post-1233","1":"product","2":"type-product","3":"status-publish","4":"has-post-thumbnail","6":"product_cat-meubelbeslag","7":"product_cat-sleutelgeleiders","9":"first","10":"instock","11":"taxable","12":"shipping-taxable","13":"purchasable","14":"product-type-simple"},"acf":[],"yoast_head":"<!-- This site is optimized with the Yoast SEO plugin v27.3 - https:\/\/yoast.com\/product\/yoast-seo-wordpress\/ -->\n<title>Sleutelgeleider Antiek 13x25mm<\/title>\n<meta name=\"description\" content=\"Sleutelgeleider Messing Antiek 13x25mm is een klassieke sleutelgeleider gemaakt van messing met een antieke finish. De voorkant is vlak.\" \/>\n<meta name=\"robots\" content=\"index, follow, max-snippet:-1, max-image-preview:large, max-video-preview:-1\" \/>\n<link rel=\"canonical\" href=\"https:\/\/partsandpieces.nl\/de\/produkt\/schlusselfuhrung-messing-antik-13x25mm\/\" \/>\n<meta property=\"og:locale\" content=\"de_DE\" \/>\n<meta property=\"og:type\" content=\"article\" \/>\n<meta property=\"og:title\" content=\"Sleutelgeleider Antiek 13x25mm\" \/>\n<meta property=\"og:description\" content=\"Sleutelgeleider Messing Antiek 13x25mm is een klassieke sleutelgeleider gemaakt van messing met een antieke finish. De voorkant is vlak.\" \/>\n<meta property=\"og:url\" content=\"https:\/\/partsandpieces.nl\/de\/produkt\/schlusselfuhrung-messing-antik-13x25mm\/\" \/>\n<meta property=\"og:site_name\" content=\"Parts &amp; Pieces\" \/>\n<meta property=\"article:modified_time\" content=\"2026-02-24T14:35:30+00:00\" \/>\n<meta property=\"og:image\" content=\"https:\/\/partsandpieces.nl\/wp-content\/uploads\/2020\/07\/Sleutelgeleider-Messing-Antiek-13x25mm.jpg\" \/>\n\t<meta property=\"og:image:width\" content=\"399\" \/>\n\t<meta property=\"og:image:height\" content=\"399\" \/>\n\t<meta property=\"og:image:type\" content=\"image\/jpeg\" \/>\n<meta name=\"twitter:card\" content=\"summary_large_image\" \/>\n<meta name=\"twitter:label1\" content=\"Gesch\u00e4tzte Lesezeit\" \/>\n\t<meta name=\"twitter:data1\" content=\"1\u00a0Minute\" \/>\n<script type=\"application\/ld+json\" class=\"yoast-schema-graph\">{\"@context\":\"https:\\\/\\\/schema.org\",\"@graph\":[{\"@type\":\"WebPage\",\"@id\":\"https:\\\/\\\/partsandpieces.nl\\\/product\\\/sleutelgeleider-messing-antiek-13x25mm\\\/\",\"url\":\"https:\\\/\\\/partsandpieces.nl\\\/product\\\/sleutelgeleider-messing-antiek-13x25mm\\\/\",\"name\":\"Sleutelgeleider Antiek 13x25mm\",\"isPartOf\":{\"@id\":\"https:\\\/\\\/partsandpieces.nl\\\/#website\"},\"primaryImageOfPage\":{\"@id\":\"https:\\\/\\\/partsandpieces.nl\\\/product\\\/sleutelgeleider-messing-antiek-13x25mm\\\/#primaryimage\"},\"image\":{\"@id\":\"https:\\\/\\\/partsandpieces.nl\\\/product\\\/sleutelgeleider-messing-antiek-13x25mm\\\/#primaryimage\"},\"thumbnailUrl\":\"https:\\\/\\\/partsandpieces.nl\\\/wp-content\\\/uploads\\\/2020\\\/07\\\/Sleutelgeleider-Messing-Antiek-13x25mm.jpg\",\"datePublished\":\"2020-07-31T11:13:34+00:00\",\"dateModified\":\"2026-02-24T14:35:30+00:00\",\"description\":\"Sleutelgeleider Messing Antiek 13x25mm is een klassieke sleutelgeleider gemaakt van messing met een antieke finish. De voorkant is vlak.\",\"breadcrumb\":{\"@id\":\"https:\\\/\\\/partsandpieces.nl\\\/product\\\/sleutelgeleider-messing-antiek-13x25mm\\\/#breadcrumb\"},\"inLanguage\":\"de\",\"potentialAction\":[{\"@type\":\"ReadAction\",\"target\":[\"https:\\\/\\\/partsandpieces.nl\\\/product\\\/sleutelgeleider-messing-antiek-13x25mm\\\/\"]}]},{\"@type\":\"ImageObject\",\"inLanguage\":\"de\",\"@id\":\"https:\\\/\\\/partsandpieces.nl\\\/product\\\/sleutelgeleider-messing-antiek-13x25mm\\\/#primaryimage\",\"url\":\"https:\\\/\\\/partsandpieces.nl\\\/wp-content\\\/uploads\\\/2020\\\/07\\\/Sleutelgeleider-Messing-Antiek-13x25mm.jpg\",\"contentUrl\":\"https:\\\/\\\/partsandpieces.nl\\\/wp-content\\\/uploads\\\/2020\\\/07\\\/Sleutelgeleider-Messing-Antiek-13x25mm.jpg\",\"width\":399,\"height\":399,\"caption\":\"Sleutelgeleider Messing Antiek 13x25mm\"},{\"@type\":\"BreadcrumbList\",\"@id\":\"https:\\\/\\\/partsandpieces.nl\\\/product\\\/sleutelgeleider-messing-antiek-13x25mm\\\/#breadcrumb\",\"itemListElement\":[{\"@type\":\"ListItem\",\"position\":1,\"name\":\"Home\",\"item\":\"https:\\\/\\\/partsandpieces.nl\\\/home\\\/\"},{\"@type\":\"ListItem\",\"position\":2,\"name\":\"Winkel\",\"item\":\"https:\\\/\\\/partsandpieces.nl\\\/winkel\\\/\"},{\"@type\":\"ListItem\",\"position\":3,\"name\":\"Sleutelgeleider Messing Antiek 13x25mm\"}]},{\"@type\":\"WebSite\",\"@id\":\"https:\\\/\\\/partsandpieces.nl\\\/#website\",\"url\":\"https:\\\/\\\/partsandpieces.nl\\\/\",\"name\":\"Parts &amp; Pieces\",\"description\":\"Alles voor uw meubelrestauratie en -onderhoud!\",\"potentialAction\":[{\"@type\":\"SearchAction\",\"target\":{\"@type\":\"EntryPoint\",\"urlTemplate\":\"https:\\\/\\\/partsandpieces.nl\\\/?s={search_term_string}\"},\"query-input\":{\"@type\":\"PropertyValueSpecification\",\"valueRequired\":true,\"valueName\":\"search_term_string\"}}],\"inLanguage\":\"de\"}]}<\/script>\n<!-- \/ Yoast SEO plugin. -->","yoast_head_json":{"title":"Schl\u00fcsself\u00fchrung Antik 13x25mm","description":"Schl\u00fcsself\u00fchrung Messing Antik 13x25mm ist eine klassische Schl\u00fcsself\u00fchrung aus Messing mit antikem Finish. Die Vorderseite ist flach.","robots":{"index":"index","follow":"follow","max-snippet":"max-snippet:-1","max-image-preview":"max-image-preview:large","max-video-preview":"max-video-preview:-1"},"canonical":"https:\/\/partsandpieces.nl\/de\/produkt\/schlusselfuhrung-messing-antik-13x25mm\/","og_locale":"de_DE","og_type":"article","og_title":"Sleutelgeleider Antiek 13x25mm","og_description":"Sleutelgeleider Messing Antiek 13x25mm is een klassieke sleutelgeleider gemaakt van messing met een antieke finish. De voorkant is vlak.","og_url":"https:\/\/partsandpieces.nl\/de\/produkt\/schlusselfuhrung-messing-antik-13x25mm\/","og_site_name":"Parts &amp; Pieces","article_modified_time":"2026-02-24T14:35:30+00:00","og_image":[{"width":399,"height":399,"url":"https:\/\/partsandpieces.nl\/wp-content\/uploads\/2020\/07\/Sleutelgeleider-Messing-Antiek-13x25mm.jpg","type":"image\/jpeg"}],"twitter_card":"summary_large_image","twitter_misc":{"Gesch\u00e4tzte Lesezeit":"1\u00a0Minute"},"schema":{"@context":"https:\/\/schema.org","@graph":[{"@type":"WebPage","@id":"https:\/\/partsandpieces.nl\/product\/sleutelgeleider-messing-antiek-13x25mm\/","url":"https:\/\/partsandpieces.nl\/product\/sleutelgeleider-messing-antiek-13x25mm\/","name":"Schl\u00fcsself\u00fchrung Antik 13x25mm","isPartOf":{"@id":"https:\/\/partsandpieces.nl\/#website"},"primaryImageOfPage":{"@id":"https:\/\/partsandpieces.nl\/product\/sleutelgeleider-messing-antiek-13x25mm\/#primaryimage"},"image":{"@id":"https:\/\/partsandpieces.nl\/product\/sleutelgeleider-messing-antiek-13x25mm\/#primaryimage"},"thumbnailUrl":"https:\/\/partsandpieces.nl\/wp-content\/uploads\/2020\/07\/Sleutelgeleider-Messing-Antiek-13x25mm.jpg","datePublished":"2020-07-31T11:13:34+00:00","dateModified":"2026-02-24T14:35:30+00:00","description":"Schl\u00fcsself\u00fchrung Messing Antik 13x25mm ist eine klassische Schl\u00fcsself\u00fchrung aus Messing mit antikem Finish. Die Vorderseite ist flach.","breadcrumb":{"@id":"https:\/\/partsandpieces.nl\/product\/sleutelgeleider-messing-antiek-13x25mm\/#breadcrumb"},"inLanguage":"de","potentialAction":[{"@type":"ReadAction","target":["https:\/\/partsandpieces.nl\/product\/sleutelgeleider-messing-antiek-13x25mm\/"]}]},{"@type":"ImageObject","inLanguage":"de","@id":"https:\/\/partsandpieces.nl\/product\/sleutelgeleider-messing-antiek-13x25mm\/#primaryimage","url":"https:\/\/partsandpieces.nl\/wp-content\/uploads\/2020\/07\/Sleutelgeleider-Messing-Antiek-13x25mm.jpg","contentUrl":"https:\/\/partsandpieces.nl\/wp-content\/uploads\/2020\/07\/Sleutelgeleider-Messing-Antiek-13x25mm.jpg","width":399,"height":399,"caption":"Sleutelgeleider Messing Antiek 13x25mm"},{"@type":"BreadcrumbList","@id":"https:\/\/partsandpieces.nl\/product\/sleutelgeleider-messing-antiek-13x25mm\/#breadcrumb","itemListElement":[{"@type":"ListItem","position":1,"name":"Home","item":"https:\/\/partsandpieces.nl\/home\/"},{"@type":"ListItem","position":2,"name":"Winkel","item":"https:\/\/partsandpieces.nl\/winkel\/"},{"@type":"ListItem","position":3,"name":"Sleutelgeleider Messing Antiek 13x25mm"}]},{"@type":"WebSite","@id":"https:\/\/partsandpieces.nl\/#website","url":"https:\/\/partsandpieces.nl\/","name":"Teile &amp; St\u00fccke","description":"Alles f\u00fcr Ihre M\u00f6belrestaurierung und -pflege!","potentialAction":[{"@type":"SearchAction","target":{"@type":"EntryPoint","urlTemplate":"https:\/\/partsandpieces.nl\/?s={search_term_string}"},"query-input":{"@type":"PropertyValueSpecification","valueRequired":true,"valueName":"search_term_string"}}],"inLanguage":"de"}]}},"_links":{"self":[{"href":"https:\/\/partsandpieces.nl\/de\/wp-json\/wp\/v2\/product\/1233","targetHints":{"allow":["GET"]}}],"collection":[{"href":"https:\/\/partsandpieces.nl\/de\/wp-json\/wp\/v2\/product"}],"about":[{"href":"https:\/\/partsandpieces.nl\/de\/wp-json\/wp\/v2\/types\/product"}],"wp:featuredmedia":[{"embeddable":true,"href":"https:\/\/partsandpieces.nl\/de\/wp-json\/wp\/v2\/media\/7079"}],"wp:attachment":[{"href":"https:\/\/partsandpieces.nl\/de\/wp-json\/wp\/v2\/media?parent=1233"}],"wp:term":[{"taxonomy":"product_brand","embeddable":true,"href":"https:\/\/partsandpieces.nl\/de\/wp-json\/wp\/v2\/product_brand?post=1233"},{"taxonomy":"product_cat","embeddable":true,"href":"https:\/\/partsandpieces.nl\/de\/wp-json\/wp\/v2\/product_cat?post=1233"},{"taxonomy":"product_tag","embeddable":true,"href":"https:\/\/partsandpieces.nl\/de\/wp-json\/wp\/v2\/product_tag?post=1233"}],"curies":[{"name":"wp","href":"https:\/\/api.w.org\/{rel}","templated":true}]}}