{"id":1235,"date":"2020-07-31T11:15:58","date_gmt":"2020-07-31T11:15:58","guid":{"rendered":"https:\/\/partsandpieces.bonsaidev.nl\/?product=sleutel-gelijder-messing-1664446408"},"modified":"2026-02-24T15:35:30","modified_gmt":"2026-02-24T14:35:30","slug":"schlusselfuhrung-messing-antik-16x30mm","status":"publish","type":"product","link":"https:\/\/partsandpieces.nl\/de\/product\/sleutelgeleider-messing-antiek-16x30mm\/","title":{"rendered":"Schl\u00fcsself\u00fchrung Messing Antik 16x30mm"},"content":{"rendered":"<p><strong>Schl\u00fcsself\u00fchrung Messing Antik 16x30mm<\/strong>\u00a0ist eine klassische Schl\u00fcsself\u00fchrung aus Messing mit Antik-Finish. Die Vorderseite der Schl\u00fcsself\u00fchrung ist flach.<\/p>\n<p>Dieser hochwertige Schl\u00fcsself\u00fchrer wird in Italien hergestellt.<\/p>\n<p><strong>Ma\u00dfe<br \/>\n<\/strong>Die Schl\u00fcsself\u00fchrung Messing Antik 16x30mm hat eine Breite von 16mm und eine H\u00f6he von 30mm. Nach der Installation steht diese Schl\u00fcsself\u00fchrung nicht hervor. Die Schl\u00fcsself\u00fchrung ist von hinten konisch geformt.<\/p>","protected":false},"excerpt":{"rendered":"<p>Sleutelgeleider Messing Antiek 16x30mm\u00a0is een klassieke sleutelgeleider gemaakt van messing met een antieke finish. De voorkant van de sleutelgeleider is vlak. Deze kwalitatief uitstekende sleutelgeleider is gemaakt in Itali\u00eb. Afmetingen Sleutelgeleider Messing Antiek 16x30mm heeft een breedte van 16mm en een hoogte van 30mm. Na montage steekt deze sleutelgeleider niet uit. De sleutelgeleider is van [&hellip;]<\/p>\n","protected":false},"featured_media":7081,"template":"","meta":{"_acf_changed":false},"product_brand":[],"product_cat":[23,47],"product_tag":[],"class_list":{"0":"post-1235","1":"product","2":"type-product","3":"status-publish","4":"has-post-thumbnail","6":"product_cat-meubelbeslag","7":"product_cat-sleutelgeleiders","9":"first","10":"instock","11":"taxable","12":"shipping-taxable","13":"purchasable","14":"product-type-simple"},"acf":[],"yoast_head":"<!-- This site is optimized with the Yoast SEO plugin v27.3 - https:\/\/yoast.com\/product\/yoast-seo-wordpress\/ -->\n<title>Sleutelgeleider Antiek 16x30mm<\/title>\n<meta name=\"description\" content=\"Sleutelgeleider Messing Antiek 16x30mm\u00a0is gemaakt van messing met een antieke finish. De voorkant van de sleutelgeleider is vlak.\" \/>\n<meta name=\"robots\" content=\"index, follow, max-snippet:-1, max-image-preview:large, max-video-preview:-1\" \/>\n<link rel=\"canonical\" href=\"https:\/\/partsandpieces.nl\/de\/produkt\/schlusselfuhrung-messing-antik-16x30mm\/\" \/>\n<meta property=\"og:locale\" content=\"de_DE\" \/>\n<meta property=\"og:type\" content=\"article\" \/>\n<meta property=\"og:title\" content=\"Sleutelgeleider Antiek 16x30mm\" \/>\n<meta property=\"og:description\" content=\"Sleutelgeleider Messing Antiek 16x30mm\u00a0is gemaakt van messing met een antieke finish. De voorkant van de sleutelgeleider is vlak.\" \/>\n<meta property=\"og:url\" content=\"https:\/\/partsandpieces.nl\/de\/produkt\/schlusselfuhrung-messing-antik-16x30mm\/\" \/>\n<meta property=\"og:site_name\" content=\"Parts &amp; Pieces\" \/>\n<meta property=\"article:modified_time\" content=\"2026-02-24T14:35:30+00:00\" \/>\n<meta property=\"og:image\" content=\"https:\/\/partsandpieces.nl\/wp-content\/uploads\/2020\/07\/Sleutelgeleider-Messing-Antiek-16x30mm.jpg\" \/>\n\t<meta property=\"og:image:width\" content=\"401\" \/>\n\t<meta property=\"og:image:height\" content=\"400\" \/>\n\t<meta property=\"og:image:type\" content=\"image\/jpeg\" \/>\n<meta name=\"twitter:card\" content=\"summary_large_image\" \/>\n<meta name=\"twitter:label1\" content=\"Gesch\u00e4tzte Lesezeit\" \/>\n\t<meta name=\"twitter:data1\" content=\"1\u00a0Minute\" \/>\n<script type=\"application\/ld+json\" class=\"yoast-schema-graph\">{\"@context\":\"https:\\\/\\\/schema.org\",\"@graph\":[{\"@type\":\"WebPage\",\"@id\":\"https:\\\/\\\/partsandpieces.nl\\\/product\\\/sleutelgeleider-messing-antiek-16x30mm\\\/\",\"url\":\"https:\\\/\\\/partsandpieces.nl\\\/product\\\/sleutelgeleider-messing-antiek-16x30mm\\\/\",\"name\":\"Sleutelgeleider Antiek 16x30mm\",\"isPartOf\":{\"@id\":\"https:\\\/\\\/partsandpieces.nl\\\/#website\"},\"primaryImageOfPage\":{\"@id\":\"https:\\\/\\\/partsandpieces.nl\\\/product\\\/sleutelgeleider-messing-antiek-16x30mm\\\/#primaryimage\"},\"image\":{\"@id\":\"https:\\\/\\\/partsandpieces.nl\\\/product\\\/sleutelgeleider-messing-antiek-16x30mm\\\/#primaryimage\"},\"thumbnailUrl\":\"https:\\\/\\\/partsandpieces.nl\\\/wp-content\\\/uploads\\\/2020\\\/07\\\/Sleutelgeleider-Messing-Antiek-16x30mm.jpg\",\"datePublished\":\"2020-07-31T11:15:58+00:00\",\"dateModified\":\"2026-02-24T14:35:30+00:00\",\"description\":\"Sleutelgeleider Messing Antiek 16x30mm\u00a0is gemaakt van messing met een antieke finish. De voorkant van de sleutelgeleider is vlak.\",\"breadcrumb\":{\"@id\":\"https:\\\/\\\/partsandpieces.nl\\\/product\\\/sleutelgeleider-messing-antiek-16x30mm\\\/#breadcrumb\"},\"inLanguage\":\"de\",\"potentialAction\":[{\"@type\":\"ReadAction\",\"target\":[\"https:\\\/\\\/partsandpieces.nl\\\/product\\\/sleutelgeleider-messing-antiek-16x30mm\\\/\"]}]},{\"@type\":\"ImageObject\",\"inLanguage\":\"de\",\"@id\":\"https:\\\/\\\/partsandpieces.nl\\\/product\\\/sleutelgeleider-messing-antiek-16x30mm\\\/#primaryimage\",\"url\":\"https:\\\/\\\/partsandpieces.nl\\\/wp-content\\\/uploads\\\/2020\\\/07\\\/Sleutelgeleider-Messing-Antiek-16x30mm.jpg\",\"contentUrl\":\"https:\\\/\\\/partsandpieces.nl\\\/wp-content\\\/uploads\\\/2020\\\/07\\\/Sleutelgeleider-Messing-Antiek-16x30mm.jpg\",\"width\":401,\"height\":400,\"caption\":\"Sleutelgeleider Messing Antiek 16x30mm\"},{\"@type\":\"BreadcrumbList\",\"@id\":\"https:\\\/\\\/partsandpieces.nl\\\/product\\\/sleutelgeleider-messing-antiek-16x30mm\\\/#breadcrumb\",\"itemListElement\":[{\"@type\":\"ListItem\",\"position\":1,\"name\":\"Home\",\"item\":\"https:\\\/\\\/partsandpieces.nl\\\/home\\\/\"},{\"@type\":\"ListItem\",\"position\":2,\"name\":\"Winkel\",\"item\":\"https:\\\/\\\/partsandpieces.nl\\\/winkel\\\/\"},{\"@type\":\"ListItem\",\"position\":3,\"name\":\"Sleutelgeleider Messing Antiek 16x30mm\"}]},{\"@type\":\"WebSite\",\"@id\":\"https:\\\/\\\/partsandpieces.nl\\\/#website\",\"url\":\"https:\\\/\\\/partsandpieces.nl\\\/\",\"name\":\"Parts &amp; Pieces\",\"description\":\"Alles voor uw meubelrestauratie en -onderhoud!\",\"potentialAction\":[{\"@type\":\"SearchAction\",\"target\":{\"@type\":\"EntryPoint\",\"urlTemplate\":\"https:\\\/\\\/partsandpieces.nl\\\/?s={search_term_string}\"},\"query-input\":{\"@type\":\"PropertyValueSpecification\",\"valueRequired\":true,\"valueName\":\"search_term_string\"}}],\"inLanguage\":\"de\"}]}<\/script>\n<!-- \/ Yoast SEO plugin. -->","yoast_head_json":{"title":"Schl\u00fcsself\u00fchrung Antik 16x30mm","description":"Die Schl\u00fcsself\u00fchrung Brass Antique 16x30mm ist aus Messing mit antikem Finish gefertigt. Die Vorderseite der Schl\u00fcsself\u00fchrung ist flach.","robots":{"index":"index","follow":"follow","max-snippet":"max-snippet:-1","max-image-preview":"max-image-preview:large","max-video-preview":"max-video-preview:-1"},"canonical":"https:\/\/partsandpieces.nl\/de\/produkt\/schlusselfuhrung-messing-antik-16x30mm\/","og_locale":"de_DE","og_type":"article","og_title":"Sleutelgeleider Antiek 16x30mm","og_description":"Sleutelgeleider Messing Antiek 16x30mm\u00a0is gemaakt van messing met een antieke finish. De voorkant van de sleutelgeleider is vlak.","og_url":"https:\/\/partsandpieces.nl\/de\/produkt\/schlusselfuhrung-messing-antik-16x30mm\/","og_site_name":"Parts &amp; Pieces","article_modified_time":"2026-02-24T14:35:30+00:00","og_image":[{"width":401,"height":400,"url":"https:\/\/partsandpieces.nl\/wp-content\/uploads\/2020\/07\/Sleutelgeleider-Messing-Antiek-16x30mm.jpg","type":"image\/jpeg"}],"twitter_card":"summary_large_image","twitter_misc":{"Gesch\u00e4tzte Lesezeit":"1\u00a0Minute"},"schema":{"@context":"https:\/\/schema.org","@graph":[{"@type":"WebPage","@id":"https:\/\/partsandpieces.nl\/product\/sleutelgeleider-messing-antiek-16x30mm\/","url":"https:\/\/partsandpieces.nl\/product\/sleutelgeleider-messing-antiek-16x30mm\/","name":"Schl\u00fcsself\u00fchrung Antik 16x30mm","isPartOf":{"@id":"https:\/\/partsandpieces.nl\/#website"},"primaryImageOfPage":{"@id":"https:\/\/partsandpieces.nl\/product\/sleutelgeleider-messing-antiek-16x30mm\/#primaryimage"},"image":{"@id":"https:\/\/partsandpieces.nl\/product\/sleutelgeleider-messing-antiek-16x30mm\/#primaryimage"},"thumbnailUrl":"https:\/\/partsandpieces.nl\/wp-content\/uploads\/2020\/07\/Sleutelgeleider-Messing-Antiek-16x30mm.jpg","datePublished":"2020-07-31T11:15:58+00:00","dateModified":"2026-02-24T14:35:30+00:00","description":"Die Schl\u00fcsself\u00fchrung Brass Antique 16x30mm ist aus Messing mit antikem Finish gefertigt. Die Vorderseite der Schl\u00fcsself\u00fchrung ist flach.","breadcrumb":{"@id":"https:\/\/partsandpieces.nl\/product\/sleutelgeleider-messing-antiek-16x30mm\/#breadcrumb"},"inLanguage":"de","potentialAction":[{"@type":"ReadAction","target":["https:\/\/partsandpieces.nl\/product\/sleutelgeleider-messing-antiek-16x30mm\/"]}]},{"@type":"ImageObject","inLanguage":"de","@id":"https:\/\/partsandpieces.nl\/product\/sleutelgeleider-messing-antiek-16x30mm\/#primaryimage","url":"https:\/\/partsandpieces.nl\/wp-content\/uploads\/2020\/07\/Sleutelgeleider-Messing-Antiek-16x30mm.jpg","contentUrl":"https:\/\/partsandpieces.nl\/wp-content\/uploads\/2020\/07\/Sleutelgeleider-Messing-Antiek-16x30mm.jpg","width":401,"height":400,"caption":"Sleutelgeleider Messing Antiek 16x30mm"},{"@type":"BreadcrumbList","@id":"https:\/\/partsandpieces.nl\/product\/sleutelgeleider-messing-antiek-16x30mm\/#breadcrumb","itemListElement":[{"@type":"ListItem","position":1,"name":"Home","item":"https:\/\/partsandpieces.nl\/home\/"},{"@type":"ListItem","position":2,"name":"Winkel","item":"https:\/\/partsandpieces.nl\/winkel\/"},{"@type":"ListItem","position":3,"name":"Sleutelgeleider Messing Antiek 16x30mm"}]},{"@type":"WebSite","@id":"https:\/\/partsandpieces.nl\/#website","url":"https:\/\/partsandpieces.nl\/","name":"Teile &amp; St\u00fccke","description":"Alles f\u00fcr Ihre M\u00f6belrestaurierung und -pflege!","potentialAction":[{"@type":"SearchAction","target":{"@type":"EntryPoint","urlTemplate":"https:\/\/partsandpieces.nl\/?s={search_term_string}"},"query-input":{"@type":"PropertyValueSpecification","valueRequired":true,"valueName":"search_term_string"}}],"inLanguage":"de"}]}},"_links":{"self":[{"href":"https:\/\/partsandpieces.nl\/de\/wp-json\/wp\/v2\/product\/1235","targetHints":{"allow":["GET"]}}],"collection":[{"href":"https:\/\/partsandpieces.nl\/de\/wp-json\/wp\/v2\/product"}],"about":[{"href":"https:\/\/partsandpieces.nl\/de\/wp-json\/wp\/v2\/types\/product"}],"wp:featuredmedia":[{"embeddable":true,"href":"https:\/\/partsandpieces.nl\/de\/wp-json\/wp\/v2\/media\/7081"}],"wp:attachment":[{"href":"https:\/\/partsandpieces.nl\/de\/wp-json\/wp\/v2\/media?parent=1235"}],"wp:term":[{"taxonomy":"product_brand","embeddable":true,"href":"https:\/\/partsandpieces.nl\/de\/wp-json\/wp\/v2\/product_brand?post=1235"},{"taxonomy":"product_cat","embeddable":true,"href":"https:\/\/partsandpieces.nl\/de\/wp-json\/wp\/v2\/product_cat?post=1235"},{"taxonomy":"product_tag","embeddable":true,"href":"https:\/\/partsandpieces.nl\/de\/wp-json\/wp\/v2\/product_tag?post=1235"}],"curies":[{"name":"wp","href":"https:\/\/api.w.org\/{rel}","templated":true}]}}