{"id":1237,"date":"2020-07-31T11:18:24","date_gmt":"2020-07-31T11:18:24","guid":{"rendered":"https:\/\/partsandpieces.bonsaidev.nl\/?product=sleutel-gelijder-xl-20x32-mm"},"modified":"2025-07-04T11:12:30","modified_gmt":"2025-07-04T09:12:30","slug":"schlusselfuhrung-messing-antik-gros-21x34mm","status":"publish","type":"product","link":"https:\/\/partsandpieces.nl\/de\/product\/sleutelgeleider-messing-antiek-groot-21x34mm\/","title":{"rendered":"Schl\u00fcsself\u00fchrung Messing Antik Gro\u00df 21x34mm"},"content":{"rendered":"<p><strong>Schl\u00fcsself\u00fchrung Messing Antik Gro\u00df 21x34mm<\/strong> ist eine klassische Schl\u00fcsself\u00fchrung aus Messing mit Antik-Finish. Die Vorderseite hat eine konvexe, runde Form.<\/p>\n<p>Dieser hochwertige Schl\u00fcsself\u00fchrer wird in Italien hergestellt.<\/p>\n<p><strong>Ma\u00dfe<br \/>\n<\/strong>Die Schl\u00fcsself\u00fchrung Messing Antik Gro\u00df 21x34mm hat eine Breite von 21mm und eine H\u00f6he von 34mm. Nach der Installation steht diese Schl\u00fcsself\u00fchrung etwa 3 mm hervor. Die Fr\u00e4sma\u00dfe betragen 14mmx32x5mm.<\/p>","protected":false},"excerpt":{"rendered":"<p>Sleutelgeleider Messing Antiek Groot 21x34mm is een klassieke sleutelgeleider gemaakt van messing met een antieke finish. De voorkant heeft een bolle, ronde vorm. Deze kwalitatief uitstekende sleutelgeleider is gemaakt in Itali\u00eb. Afmetingen Sleutelgeleider Messing Antiek Groot 21x34mm heeft een breedte van 21mm en een hoogte van 34mm. Na montage steekt deze sleutelgeleider ongeveer 3mm uit. [&hellip;]<\/p>\n","protected":false},"featured_media":7084,"template":"","meta":{"_acf_changed":false},"product_brand":[],"product_cat":[23,47],"product_tag":[],"class_list":{"0":"post-1237","1":"product","2":"type-product","3":"status-publish","4":"has-post-thumbnail","6":"product_cat-meubelbeslag","7":"product_cat-sleutelgeleiders","9":"first","10":"instock","11":"taxable","12":"shipping-taxable","13":"purchasable","14":"product-type-simple"},"acf":[],"yoast_head":"<!-- This site is optimized with the Yoast SEO plugin v27.3 - https:\/\/yoast.com\/product\/yoast-seo-wordpress\/ -->\n<title>Sleutelgeleider Messing Antiek Groot<\/title>\n<meta name=\"description\" content=\"Sleutelgeleider Messing Antiek Groot 21x34mm is gemaakt van messing met een antieke finish. De voorkant heeft een bolle, ronde vorm.\" \/>\n<meta name=\"robots\" content=\"index, follow, max-snippet:-1, max-image-preview:large, max-video-preview:-1\" \/>\n<link rel=\"canonical\" href=\"https:\/\/partsandpieces.nl\/de\/produkt\/schlusselfuhrung-messing-antik-gros-21x34mm\/\" \/>\n<meta property=\"og:locale\" content=\"de_DE\" \/>\n<meta property=\"og:type\" content=\"article\" \/>\n<meta property=\"og:title\" content=\"Sleutelgeleider Messing Antiek Groot\" \/>\n<meta property=\"og:description\" content=\"Sleutelgeleider Messing Antiek Groot 21x34mm is gemaakt van messing met een antieke finish. De voorkant heeft een bolle, ronde vorm.\" \/>\n<meta property=\"og:url\" content=\"https:\/\/partsandpieces.nl\/de\/produkt\/schlusselfuhrung-messing-antik-gros-21x34mm\/\" \/>\n<meta property=\"og:site_name\" content=\"Parts &amp; Pieces\" \/>\n<meta property=\"article:modified_time\" content=\"2025-07-04T09:12:30+00:00\" \/>\n<meta property=\"og:image\" content=\"https:\/\/partsandpieces.nl\/wp-content\/uploads\/2020\/07\/Sleutelgeleider-Messing-Antiek-Groot-21x34mm.jpg\" \/>\n\t<meta property=\"og:image:width\" content=\"403\" \/>\n\t<meta property=\"og:image:height\" content=\"399\" \/>\n\t<meta property=\"og:image:type\" content=\"image\/jpeg\" \/>\n<meta name=\"twitter:card\" content=\"summary_large_image\" \/>\n<meta name=\"twitter:label1\" content=\"Gesch\u00e4tzte Lesezeit\" \/>\n\t<meta name=\"twitter:data1\" content=\"1\u00a0Minute\" \/>\n<script type=\"application\/ld+json\" class=\"yoast-schema-graph\">{\"@context\":\"https:\\\/\\\/schema.org\",\"@graph\":[{\"@type\":\"WebPage\",\"@id\":\"https:\\\/\\\/partsandpieces.nl\\\/product\\\/sleutelgeleider-messing-antiek-groot-21x34mm\\\/\",\"url\":\"https:\\\/\\\/partsandpieces.nl\\\/product\\\/sleutelgeleider-messing-antiek-groot-21x34mm\\\/\",\"name\":\"Sleutelgeleider Messing Antiek Groot\",\"isPartOf\":{\"@id\":\"https:\\\/\\\/partsandpieces.nl\\\/#website\"},\"primaryImageOfPage\":{\"@id\":\"https:\\\/\\\/partsandpieces.nl\\\/product\\\/sleutelgeleider-messing-antiek-groot-21x34mm\\\/#primaryimage\"},\"image\":{\"@id\":\"https:\\\/\\\/partsandpieces.nl\\\/product\\\/sleutelgeleider-messing-antiek-groot-21x34mm\\\/#primaryimage\"},\"thumbnailUrl\":\"https:\\\/\\\/partsandpieces.nl\\\/wp-content\\\/uploads\\\/2020\\\/07\\\/Sleutelgeleider-Messing-Antiek-Groot-21x34mm.jpg\",\"datePublished\":\"2020-07-31T11:18:24+00:00\",\"dateModified\":\"2025-07-04T09:12:30+00:00\",\"description\":\"Sleutelgeleider Messing Antiek Groot 21x34mm is gemaakt van messing met een antieke finish. De voorkant heeft een bolle, ronde vorm.\",\"breadcrumb\":{\"@id\":\"https:\\\/\\\/partsandpieces.nl\\\/product\\\/sleutelgeleider-messing-antiek-groot-21x34mm\\\/#breadcrumb\"},\"inLanguage\":\"de\",\"potentialAction\":[{\"@type\":\"ReadAction\",\"target\":[\"https:\\\/\\\/partsandpieces.nl\\\/product\\\/sleutelgeleider-messing-antiek-groot-21x34mm\\\/\"]}]},{\"@type\":\"ImageObject\",\"inLanguage\":\"de\",\"@id\":\"https:\\\/\\\/partsandpieces.nl\\\/product\\\/sleutelgeleider-messing-antiek-groot-21x34mm\\\/#primaryimage\",\"url\":\"https:\\\/\\\/partsandpieces.nl\\\/wp-content\\\/uploads\\\/2020\\\/07\\\/Sleutelgeleider-Messing-Antiek-Groot-21x34mm.jpg\",\"contentUrl\":\"https:\\\/\\\/partsandpieces.nl\\\/wp-content\\\/uploads\\\/2020\\\/07\\\/Sleutelgeleider-Messing-Antiek-Groot-21x34mm.jpg\",\"width\":403,\"height\":399,\"caption\":\"Sleutelgeleider Messing Antiek Groot 21x34mm\"},{\"@type\":\"BreadcrumbList\",\"@id\":\"https:\\\/\\\/partsandpieces.nl\\\/product\\\/sleutelgeleider-messing-antiek-groot-21x34mm\\\/#breadcrumb\",\"itemListElement\":[{\"@type\":\"ListItem\",\"position\":1,\"name\":\"Home\",\"item\":\"https:\\\/\\\/partsandpieces.nl\\\/home\\\/\"},{\"@type\":\"ListItem\",\"position\":2,\"name\":\"Winkel\",\"item\":\"https:\\\/\\\/partsandpieces.nl\\\/winkel\\\/\"},{\"@type\":\"ListItem\",\"position\":3,\"name\":\"Sleutelgeleider Messing Antiek Groot 21x34mm\"}]},{\"@type\":\"WebSite\",\"@id\":\"https:\\\/\\\/partsandpieces.nl\\\/#website\",\"url\":\"https:\\\/\\\/partsandpieces.nl\\\/\",\"name\":\"Parts &amp; Pieces\",\"description\":\"Alles voor uw meubelrestauratie en -onderhoud!\",\"potentialAction\":[{\"@type\":\"SearchAction\",\"target\":{\"@type\":\"EntryPoint\",\"urlTemplate\":\"https:\\\/\\\/partsandpieces.nl\\\/?s={search_term_string}\"},\"query-input\":{\"@type\":\"PropertyValueSpecification\",\"valueRequired\":true,\"valueName\":\"search_term_string\"}}],\"inLanguage\":\"de\"}]}<\/script>\n<!-- \/ Yoast SEO plugin. -->","yoast_head_json":{"title":"Schl\u00fcsself\u00fchrer Messing Antik Gro\u00df","description":"Die Schl\u00fcsself\u00fchrung Brass Antique Large 21x34mm besteht aus Messing mit antikem Finish. Die Vorderseite hat eine konvexe, runde Form.","robots":{"index":"index","follow":"follow","max-snippet":"max-snippet:-1","max-image-preview":"max-image-preview:large","max-video-preview":"max-video-preview:-1"},"canonical":"https:\/\/partsandpieces.nl\/de\/produkt\/schlusselfuhrung-messing-antik-gros-21x34mm\/","og_locale":"de_DE","og_type":"article","og_title":"Sleutelgeleider Messing Antiek Groot","og_description":"Sleutelgeleider Messing Antiek Groot 21x34mm is gemaakt van messing met een antieke finish. De voorkant heeft een bolle, ronde vorm.","og_url":"https:\/\/partsandpieces.nl\/de\/produkt\/schlusselfuhrung-messing-antik-gros-21x34mm\/","og_site_name":"Parts &amp; Pieces","article_modified_time":"2025-07-04T09:12:30+00:00","og_image":[{"width":403,"height":399,"url":"https:\/\/partsandpieces.nl\/wp-content\/uploads\/2020\/07\/Sleutelgeleider-Messing-Antiek-Groot-21x34mm.jpg","type":"image\/jpeg"}],"twitter_card":"summary_large_image","twitter_misc":{"Gesch\u00e4tzte Lesezeit":"1\u00a0Minute"},"schema":{"@context":"https:\/\/schema.org","@graph":[{"@type":"WebPage","@id":"https:\/\/partsandpieces.nl\/product\/sleutelgeleider-messing-antiek-groot-21x34mm\/","url":"https:\/\/partsandpieces.nl\/product\/sleutelgeleider-messing-antiek-groot-21x34mm\/","name":"Schl\u00fcsself\u00fchrer Messing Antik Gro\u00df","isPartOf":{"@id":"https:\/\/partsandpieces.nl\/#website"},"primaryImageOfPage":{"@id":"https:\/\/partsandpieces.nl\/product\/sleutelgeleider-messing-antiek-groot-21x34mm\/#primaryimage"},"image":{"@id":"https:\/\/partsandpieces.nl\/product\/sleutelgeleider-messing-antiek-groot-21x34mm\/#primaryimage"},"thumbnailUrl":"https:\/\/partsandpieces.nl\/wp-content\/uploads\/2020\/07\/Sleutelgeleider-Messing-Antiek-Groot-21x34mm.jpg","datePublished":"2020-07-31T11:18:24+00:00","dateModified":"2025-07-04T09:12:30+00:00","description":"Die Schl\u00fcsself\u00fchrung Brass Antique Large 21x34mm besteht aus Messing mit antikem Finish. Die Vorderseite hat eine konvexe, runde Form.","breadcrumb":{"@id":"https:\/\/partsandpieces.nl\/product\/sleutelgeleider-messing-antiek-groot-21x34mm\/#breadcrumb"},"inLanguage":"de","potentialAction":[{"@type":"ReadAction","target":["https:\/\/partsandpieces.nl\/product\/sleutelgeleider-messing-antiek-groot-21x34mm\/"]}]},{"@type":"ImageObject","inLanguage":"de","@id":"https:\/\/partsandpieces.nl\/product\/sleutelgeleider-messing-antiek-groot-21x34mm\/#primaryimage","url":"https:\/\/partsandpieces.nl\/wp-content\/uploads\/2020\/07\/Sleutelgeleider-Messing-Antiek-Groot-21x34mm.jpg","contentUrl":"https:\/\/partsandpieces.nl\/wp-content\/uploads\/2020\/07\/Sleutelgeleider-Messing-Antiek-Groot-21x34mm.jpg","width":403,"height":399,"caption":"Sleutelgeleider Messing Antiek Groot 21x34mm"},{"@type":"BreadcrumbList","@id":"https:\/\/partsandpieces.nl\/product\/sleutelgeleider-messing-antiek-groot-21x34mm\/#breadcrumb","itemListElement":[{"@type":"ListItem","position":1,"name":"Home","item":"https:\/\/partsandpieces.nl\/home\/"},{"@type":"ListItem","position":2,"name":"Winkel","item":"https:\/\/partsandpieces.nl\/winkel\/"},{"@type":"ListItem","position":3,"name":"Sleutelgeleider Messing Antiek Groot 21x34mm"}]},{"@type":"WebSite","@id":"https:\/\/partsandpieces.nl\/#website","url":"https:\/\/partsandpieces.nl\/","name":"Teile &amp; St\u00fccke","description":"Alles f\u00fcr Ihre M\u00f6belrestaurierung und -pflege!","potentialAction":[{"@type":"SearchAction","target":{"@type":"EntryPoint","urlTemplate":"https:\/\/partsandpieces.nl\/?s={search_term_string}"},"query-input":{"@type":"PropertyValueSpecification","valueRequired":true,"valueName":"search_term_string"}}],"inLanguage":"de"}]}},"_links":{"self":[{"href":"https:\/\/partsandpieces.nl\/de\/wp-json\/wp\/v2\/product\/1237","targetHints":{"allow":["GET"]}}],"collection":[{"href":"https:\/\/partsandpieces.nl\/de\/wp-json\/wp\/v2\/product"}],"about":[{"href":"https:\/\/partsandpieces.nl\/de\/wp-json\/wp\/v2\/types\/product"}],"wp:featuredmedia":[{"embeddable":true,"href":"https:\/\/partsandpieces.nl\/de\/wp-json\/wp\/v2\/media\/7084"}],"wp:attachment":[{"href":"https:\/\/partsandpieces.nl\/de\/wp-json\/wp\/v2\/media?parent=1237"}],"wp:term":[{"taxonomy":"product_brand","embeddable":true,"href":"https:\/\/partsandpieces.nl\/de\/wp-json\/wp\/v2\/product_brand?post=1237"},{"taxonomy":"product_cat","embeddable":true,"href":"https:\/\/partsandpieces.nl\/de\/wp-json\/wp\/v2\/product_cat?post=1237"},{"taxonomy":"product_tag","embeddable":true,"href":"https:\/\/partsandpieces.nl\/de\/wp-json\/wp\/v2\/product_tag?post=1237"}],"curies":[{"name":"wp","href":"https:\/\/api.w.org\/{rel}","templated":true}]}}