{"id":1243,"date":"2020-07-31T11:26:30","date_gmt":"2020-07-31T11:26:30","guid":{"rendered":"https:\/\/partsandpieces.bonsaidev.nl\/?product=sleutelplaat-chestnut-84x58-mm"},"modified":"2025-05-27T22:54:06","modified_gmt":"2025-05-27T20:54:06","slug":"schlusselplatte-messing-glanzend-oval-kastanienbraun-82x59mm","status":"publish","type":"product","link":"https:\/\/partsandpieces.nl\/de\/product\/sleutelplaat-messing-glanzend-ovaal-chestnut-82x59mm\/","title":{"rendered":"Schl\u00fcsselplatte Messing gl\u00e4nzend oval &#039;Kastanie&#039; 82x59mm"},"content":{"rendered":"<p><strong>Schl\u00fcsselplatte Messing gl\u00e4nzend oval &#039;Kastanie&#039; 82x59mm<\/strong> ist ein ovales Schl\u00fcsselschild f\u00fcr Ihre Schubladen oder M\u00f6belt\u00fcren. Die Schl\u00fcsselplatte hat eine gl\u00e4nzende Messingoberfl\u00e4che. Die Schl\u00fcsselplatte besteht aus Eisen und ist daher relativ schwer.<\/p>\n<p><strong>Ma\u00dfe<br \/>\n<\/strong>Schl\u00fcsselplatte Messing gl\u00e4nzend oval &#039;Chestnut&#039; 82x59mm hat eine Breite von 82mm und eine H\u00f6he von 59mm. Das Schl\u00fcsselloch ist 15 mm hoch.<\/p>\n<p><strong>Bearbeiten<br \/>\n<\/strong>Sie k\u00f6nnen die Schl\u00fcsselplatte mit 2 Schrauben befestigen. Ich werde diese Schrauben NICHT mit Ihrer Bestellung verschicken.<\/p>","protected":false},"excerpt":{"rendered":"<p>Sleutelplaat Messing glanzend ovaal &#8216;Chestnut&#8217; 82x59mm is een ovale sleutelplaat voor je lades of meubeldeurtjes. De sleutelplaat heeft een glanzende messing afwerking. De sleutelplaat is gemaakt van ijzer en is dus relatief zwaar. Afmetingen Sleutelplaat Messing glanzend ovaal &#8216;Chestnut&#8217; 82x59mm heeft een breedte van 82mm en een hoogte van 59mm. Het sleutelgat is 15mm hoog. [&hellip;]<\/p>\n","protected":false},"featured_media":7677,"template":"","meta":{"_acf_changed":false},"product_brand":[],"product_cat":[23,48],"product_tag":[],"class_list":{"0":"post-1243","1":"product","2":"type-product","3":"status-publish","4":"has-post-thumbnail","6":"product_cat-meubelbeslag","7":"product_cat-sleutelplaten","9":"first","10":"instock","11":"taxable","12":"shipping-taxable","13":"purchasable","14":"product-type-simple"},"acf":[],"yoast_head":"<!-- This site is optimized with the Yoast SEO plugin v27.3 - https:\/\/yoast.com\/product\/yoast-seo-wordpress\/ -->\n<title>Sleutelplaat Messing glanzend ovaal &#039;Chestnut&#039; 82x59mm<\/title>\n<meta name=\"description\" content=\"Sleutelplaat Messing glanzend ovaal &#039;Chestnut&#039; 82x59mm is een ovale sleutelplaat voor je lades of meubeldeurtjes. Heeft een glanzende messing afwerking.\" \/>\n<meta name=\"robots\" content=\"index, follow, max-snippet:-1, max-image-preview:large, max-video-preview:-1\" \/>\n<link rel=\"canonical\" href=\"https:\/\/partsandpieces.nl\/de\/produkt\/schlusselplatte-messing-glanzend-oval-kastanienbraun-82x59mm\/\" \/>\n<meta property=\"og:locale\" content=\"de_DE\" \/>\n<meta property=\"og:type\" content=\"article\" \/>\n<meta property=\"og:title\" content=\"Sleutelplaat Messing glanzend ovaal &#039;Chestnut&#039; 82x59mm\" \/>\n<meta property=\"og:description\" content=\"Sleutelplaat Messing glanzend ovaal &#039;Chestnut&#039; 82x59mm is een ovale sleutelplaat voor je lades of meubeldeurtjes. Heeft een glanzende messing afwerking.\" \/>\n<meta property=\"og:url\" content=\"https:\/\/partsandpieces.nl\/de\/produkt\/schlusselplatte-messing-glanzend-oval-kastanienbraun-82x59mm\/\" \/>\n<meta property=\"og:site_name\" content=\"Parts &amp; Pieces\" \/>\n<meta property=\"article:modified_time\" content=\"2025-05-27T20:54:06+00:00\" \/>\n<meta property=\"og:image\" content=\"https:\/\/partsandpieces.nl\/wp-content\/uploads\/2020\/07\/Sleutelplaat-Messing-glanzend-ovaal-Chestnut-82x59mm.jpg\" \/>\n\t<meta property=\"og:image:width\" content=\"414\" \/>\n\t<meta property=\"og:image:height\" content=\"416\" \/>\n\t<meta property=\"og:image:type\" content=\"image\/jpeg\" \/>\n<meta name=\"twitter:card\" content=\"summary_large_image\" \/>\n<meta name=\"twitter:label1\" content=\"Gesch\u00e4tzte Lesezeit\" \/>\n\t<meta name=\"twitter:data1\" content=\"1\u00a0Minute\" \/>\n<script type=\"application\/ld+json\" class=\"yoast-schema-graph\">{\"@context\":\"https:\\\/\\\/schema.org\",\"@graph\":[{\"@type\":\"WebPage\",\"@id\":\"https:\\\/\\\/partsandpieces.nl\\\/product\\\/sleutelplaat-messing-glanzend-ovaal-chestnut-82x59mm\\\/\",\"url\":\"https:\\\/\\\/partsandpieces.nl\\\/product\\\/sleutelplaat-messing-glanzend-ovaal-chestnut-82x59mm\\\/\",\"name\":\"Sleutelplaat Messing glanzend ovaal 'Chestnut' 82x59mm\",\"isPartOf\":{\"@id\":\"https:\\\/\\\/partsandpieces.nl\\\/#website\"},\"primaryImageOfPage\":{\"@id\":\"https:\\\/\\\/partsandpieces.nl\\\/product\\\/sleutelplaat-messing-glanzend-ovaal-chestnut-82x59mm\\\/#primaryimage\"},\"image\":{\"@id\":\"https:\\\/\\\/partsandpieces.nl\\\/product\\\/sleutelplaat-messing-glanzend-ovaal-chestnut-82x59mm\\\/#primaryimage\"},\"thumbnailUrl\":\"https:\\\/\\\/partsandpieces.nl\\\/wp-content\\\/uploads\\\/2020\\\/07\\\/Sleutelplaat-Messing-glanzend-ovaal-Chestnut-82x59mm.jpg\",\"datePublished\":\"2020-07-31T11:26:30+00:00\",\"dateModified\":\"2025-05-27T20:54:06+00:00\",\"description\":\"Sleutelplaat Messing glanzend ovaal 'Chestnut' 82x59mm is een ovale sleutelplaat voor je lades of meubeldeurtjes. Heeft een glanzende messing afwerking.\",\"breadcrumb\":{\"@id\":\"https:\\\/\\\/partsandpieces.nl\\\/product\\\/sleutelplaat-messing-glanzend-ovaal-chestnut-82x59mm\\\/#breadcrumb\"},\"inLanguage\":\"de\",\"potentialAction\":[{\"@type\":\"ReadAction\",\"target\":[\"https:\\\/\\\/partsandpieces.nl\\\/product\\\/sleutelplaat-messing-glanzend-ovaal-chestnut-82x59mm\\\/\"]}]},{\"@type\":\"ImageObject\",\"inLanguage\":\"de\",\"@id\":\"https:\\\/\\\/partsandpieces.nl\\\/product\\\/sleutelplaat-messing-glanzend-ovaal-chestnut-82x59mm\\\/#primaryimage\",\"url\":\"https:\\\/\\\/partsandpieces.nl\\\/wp-content\\\/uploads\\\/2020\\\/07\\\/Sleutelplaat-Messing-glanzend-ovaal-Chestnut-82x59mm.jpg\",\"contentUrl\":\"https:\\\/\\\/partsandpieces.nl\\\/wp-content\\\/uploads\\\/2020\\\/07\\\/Sleutelplaat-Messing-glanzend-ovaal-Chestnut-82x59mm.jpg\",\"width\":414,\"height\":416,\"caption\":\"Sleutelplaat Messing glanzend ovaal 'Chestnut' 82x59mm\"},{\"@type\":\"BreadcrumbList\",\"@id\":\"https:\\\/\\\/partsandpieces.nl\\\/product\\\/sleutelplaat-messing-glanzend-ovaal-chestnut-82x59mm\\\/#breadcrumb\",\"itemListElement\":[{\"@type\":\"ListItem\",\"position\":1,\"name\":\"Home\",\"item\":\"https:\\\/\\\/partsandpieces.nl\\\/home\\\/\"},{\"@type\":\"ListItem\",\"position\":2,\"name\":\"Winkel\",\"item\":\"https:\\\/\\\/partsandpieces.nl\\\/winkel\\\/\"},{\"@type\":\"ListItem\",\"position\":3,\"name\":\"Sleutelplaat Messing glanzend ovaal &#8216;Chestnut&#8217; 82x59mm\"}]},{\"@type\":\"WebSite\",\"@id\":\"https:\\\/\\\/partsandpieces.nl\\\/#website\",\"url\":\"https:\\\/\\\/partsandpieces.nl\\\/\",\"name\":\"Parts &amp; Pieces\",\"description\":\"Alles voor uw meubelrestauratie en -onderhoud!\",\"potentialAction\":[{\"@type\":\"SearchAction\",\"target\":{\"@type\":\"EntryPoint\",\"urlTemplate\":\"https:\\\/\\\/partsandpieces.nl\\\/?s={search_term_string}\"},\"query-input\":{\"@type\":\"PropertyValueSpecification\",\"valueRequired\":true,\"valueName\":\"search_term_string\"}}],\"inLanguage\":\"de\"}]}<\/script>\n<!-- \/ Yoast SEO plugin. -->","yoast_head_json":{"title":"Schl\u00fcsselplatte Messing gl\u00e4nzend oval &#039;Kastanie&#039; 82x59mm","description":"Schl\u00fcsselschild Messing gl\u00e4nzend oval \u201eChestnut\u201c 82x59mm ist ein ovales Schl\u00fcsselschild f\u00fcr Ihre Schubladen oder M\u00f6belt\u00fcren. Hat eine gl\u00e4nzende Messingoberfl\u00e4che.","robots":{"index":"index","follow":"follow","max-snippet":"max-snippet:-1","max-image-preview":"max-image-preview:large","max-video-preview":"max-video-preview:-1"},"canonical":"https:\/\/partsandpieces.nl\/de\/produkt\/schlusselplatte-messing-glanzend-oval-kastanienbraun-82x59mm\/","og_locale":"de_DE","og_type":"article","og_title":"Sleutelplaat Messing glanzend ovaal 'Chestnut' 82x59mm","og_description":"Sleutelplaat Messing glanzend ovaal 'Chestnut' 82x59mm is een ovale sleutelplaat voor je lades of meubeldeurtjes. Heeft een glanzende messing afwerking.","og_url":"https:\/\/partsandpieces.nl\/de\/produkt\/schlusselplatte-messing-glanzend-oval-kastanienbraun-82x59mm\/","og_site_name":"Parts &amp; Pieces","article_modified_time":"2025-05-27T20:54:06+00:00","og_image":[{"width":414,"height":416,"url":"https:\/\/partsandpieces.nl\/wp-content\/uploads\/2020\/07\/Sleutelplaat-Messing-glanzend-ovaal-Chestnut-82x59mm.jpg","type":"image\/jpeg"}],"twitter_card":"summary_large_image","twitter_misc":{"Gesch\u00e4tzte Lesezeit":"1\u00a0Minute"},"schema":{"@context":"https:\/\/schema.org","@graph":[{"@type":"WebPage","@id":"https:\/\/partsandpieces.nl\/product\/sleutelplaat-messing-glanzend-ovaal-chestnut-82x59mm\/","url":"https:\/\/partsandpieces.nl\/product\/sleutelplaat-messing-glanzend-ovaal-chestnut-82x59mm\/","name":"Schl\u00fcsselplatte Messing gl\u00e4nzend oval &#039;Kastanie&#039; 82x59mm","isPartOf":{"@id":"https:\/\/partsandpieces.nl\/#website"},"primaryImageOfPage":{"@id":"https:\/\/partsandpieces.nl\/product\/sleutelplaat-messing-glanzend-ovaal-chestnut-82x59mm\/#primaryimage"},"image":{"@id":"https:\/\/partsandpieces.nl\/product\/sleutelplaat-messing-glanzend-ovaal-chestnut-82x59mm\/#primaryimage"},"thumbnailUrl":"https:\/\/partsandpieces.nl\/wp-content\/uploads\/2020\/07\/Sleutelplaat-Messing-glanzend-ovaal-Chestnut-82x59mm.jpg","datePublished":"2020-07-31T11:26:30+00:00","dateModified":"2025-05-27T20:54:06+00:00","description":"Schl\u00fcsselschild Messing gl\u00e4nzend oval \u201eChestnut\u201c 82x59mm ist ein ovales Schl\u00fcsselschild f\u00fcr Ihre Schubladen oder M\u00f6belt\u00fcren. Hat eine gl\u00e4nzende Messingoberfl\u00e4che.","breadcrumb":{"@id":"https:\/\/partsandpieces.nl\/product\/sleutelplaat-messing-glanzend-ovaal-chestnut-82x59mm\/#breadcrumb"},"inLanguage":"de","potentialAction":[{"@type":"ReadAction","target":["https:\/\/partsandpieces.nl\/product\/sleutelplaat-messing-glanzend-ovaal-chestnut-82x59mm\/"]}]},{"@type":"ImageObject","inLanguage":"de","@id":"https:\/\/partsandpieces.nl\/product\/sleutelplaat-messing-glanzend-ovaal-chestnut-82x59mm\/#primaryimage","url":"https:\/\/partsandpieces.nl\/wp-content\/uploads\/2020\/07\/Sleutelplaat-Messing-glanzend-ovaal-Chestnut-82x59mm.jpg","contentUrl":"https:\/\/partsandpieces.nl\/wp-content\/uploads\/2020\/07\/Sleutelplaat-Messing-glanzend-ovaal-Chestnut-82x59mm.jpg","width":414,"height":416,"caption":"Sleutelplaat Messing glanzend ovaal 'Chestnut' 82x59mm"},{"@type":"BreadcrumbList","@id":"https:\/\/partsandpieces.nl\/product\/sleutelplaat-messing-glanzend-ovaal-chestnut-82x59mm\/#breadcrumb","itemListElement":[{"@type":"ListItem","position":1,"name":"Home","item":"https:\/\/partsandpieces.nl\/home\/"},{"@type":"ListItem","position":2,"name":"Winkel","item":"https:\/\/partsandpieces.nl\/winkel\/"},{"@type":"ListItem","position":3,"name":"Sleutelplaat Messing glanzend ovaal &#8216;Chestnut&#8217; 82x59mm"}]},{"@type":"WebSite","@id":"https:\/\/partsandpieces.nl\/#website","url":"https:\/\/partsandpieces.nl\/","name":"Teile &amp; St\u00fccke","description":"Alles f\u00fcr Ihre M\u00f6belrestaurierung und -pflege!","potentialAction":[{"@type":"SearchAction","target":{"@type":"EntryPoint","urlTemplate":"https:\/\/partsandpieces.nl\/?s={search_term_string}"},"query-input":{"@type":"PropertyValueSpecification","valueRequired":true,"valueName":"search_term_string"}}],"inLanguage":"de"}]}},"_links":{"self":[{"href":"https:\/\/partsandpieces.nl\/de\/wp-json\/wp\/v2\/product\/1243","targetHints":{"allow":["GET"]}}],"collection":[{"href":"https:\/\/partsandpieces.nl\/de\/wp-json\/wp\/v2\/product"}],"about":[{"href":"https:\/\/partsandpieces.nl\/de\/wp-json\/wp\/v2\/types\/product"}],"wp:featuredmedia":[{"embeddable":true,"href":"https:\/\/partsandpieces.nl\/de\/wp-json\/wp\/v2\/media\/7677"}],"wp:attachment":[{"href":"https:\/\/partsandpieces.nl\/de\/wp-json\/wp\/v2\/media?parent=1243"}],"wp:term":[{"taxonomy":"product_brand","embeddable":true,"href":"https:\/\/partsandpieces.nl\/de\/wp-json\/wp\/v2\/product_brand?post=1243"},{"taxonomy":"product_cat","embeddable":true,"href":"https:\/\/partsandpieces.nl\/de\/wp-json\/wp\/v2\/product_cat?post=1243"},{"taxonomy":"product_tag","embeddable":true,"href":"https:\/\/partsandpieces.nl\/de\/wp-json\/wp\/v2\/product_tag?post=1243"}],"curies":[{"name":"wp","href":"https:\/\/api.w.org\/{rel}","templated":true}]}}