{"id":1245,"date":"2020-07-31T11:29:49","date_gmt":"2020-07-31T11:29:49","guid":{"rendered":"https:\/\/partsandpieces.bonsaidev.nl\/?product=sleutelplaat-ovaal-54x344"},"modified":"2026-02-02T10:56:21","modified_gmt":"2026-02-02T09:56:21","slug":"schlusselschild-messing-antik-oval-blumenstrausohren-mit-band-54x35mm","status":"publish","type":"product","link":"https:\/\/partsandpieces.nl\/de\/product\/sleutelplaat-messing-antiek-ovaal-boeket-aren-met-lint-54x35mm\/","title":{"rendered":"Schl\u00fcsselschild Messing antik oval Ohrenstrau\u00df mit Band 54x35mm"},"content":{"rendered":"<p><strong>Schl\u00fcsselschild Messing antik oval Ohrenstrau\u00df mit Band 54x35mm<\/strong> ist ein wundersch\u00f6n gearbeitetes Schl\u00fcsselschild f\u00fcr M\u00f6belt\u00fcren und Schubladen aus massivem Messing. Das Schl\u00fcsselschild hat ein antikes Messingfinish und eine Verzierung in Form von B\u00e4ndern und Ohren auf beiden Seiten des Schl\u00fcssellochs.<\/p>\n<p><strong>Ma\u00dfe<br \/>\n<\/strong>Schl\u00fcsselschild Messing antik oval Blumenstrau\u00dfohren mit Band 54x35mm hat eine Breite von 54mm und eine H\u00f6he von 35mm.<\/p>\n<p><strong>Bearbeiten<br \/>\n<\/strong>Sie k\u00f6nnen die Schl\u00fcsselplatte mit montieren\u00a0<span style=\"text-decoration: underline;\"><a href=\"https:\/\/partsandpieces.nl\/de\/produkt\/schrauben-mit-rundkopf-antikbronze-mit-schlitz-2-x-14-mm\/\">Schraube Rundkopf Antik Bronze mit Schlitz (2x14mm)<\/a><\/span>. Ich schicke diese Schrauben\u00a0<strong>FREI<\/strong>\u00a0mit Ihrer Bestellung.<\/p>","protected":false},"excerpt":{"rendered":"<p>Sleutelplaat Messing antiek ovaal Boeket Aren met Lint 54x35mm is een mooi bewerkte sleutelplaat voor meubeldeurtjes en -lades gemaakt van massief messing. De sleutelplaat heeft een antieke messing afwerking en een decoratie in de vorm van linten en aren aan weerszijden van het sleutelgat. Afmetingen Sleutelplaat Messing antiek ovaal Boeket Aren met Lint 54x35mm heeft [&hellip;]<\/p>\n","protected":false},"featured_media":7052,"template":"","meta":{"_acf_changed":false},"product_brand":[],"product_cat":[23,48],"product_tag":[],"class_list":{"0":"post-1245","1":"product","2":"type-product","3":"status-publish","4":"has-post-thumbnail","6":"product_cat-meubelbeslag","7":"product_cat-sleutelplaten","9":"first","10":"instock","11":"taxable","12":"shipping-taxable","13":"purchasable","14":"product-type-simple"},"acf":[],"yoast_head":"<!-- This site is optimized with the Yoast SEO plugin v27.3 - https:\/\/yoast.com\/product\/yoast-seo-wordpress\/ -->\n<title>Sleutelplaat Messing ovaal Boeket<\/title>\n<meta name=\"description\" content=\"Sleutelplaat Messing antiek ovaal Boeket Aren met Lint 54x35mm is gemaakt van massief messing. Heeft een decoratie in de vorm van linten en aren.\" \/>\n<meta name=\"robots\" content=\"index, follow, max-snippet:-1, max-image-preview:large, max-video-preview:-1\" \/>\n<link rel=\"canonical\" href=\"https:\/\/partsandpieces.nl\/de\/produkt\/schlusselschild-messing-antik-oval-blumenstrausohren-mit-band-54x35mm\/\" \/>\n<meta property=\"og:locale\" content=\"de_DE\" \/>\n<meta property=\"og:type\" content=\"article\" \/>\n<meta property=\"og:title\" content=\"Sleutelplaat Messing ovaal Boeket\" \/>\n<meta property=\"og:description\" content=\"Sleutelplaat Messing antiek ovaal Boeket Aren met Lint 54x35mm is gemaakt van massief messing. Heeft een decoratie in de vorm van linten en aren.\" \/>\n<meta property=\"og:url\" content=\"https:\/\/partsandpieces.nl\/de\/produkt\/schlusselschild-messing-antik-oval-blumenstrausohren-mit-band-54x35mm\/\" \/>\n<meta property=\"og:site_name\" content=\"Parts &amp; Pieces\" \/>\n<meta property=\"article:modified_time\" content=\"2026-02-02T09:56:21+00:00\" \/>\n<meta property=\"og:image\" content=\"https:\/\/partsandpieces.nl\/wp-content\/uploads\/2020\/07\/Sleutelplaat-Messing-antiek-ovaal-Boeket-Aren-met-Lint-54x35mm.jpg\" \/>\n\t<meta property=\"og:image:width\" content=\"401\" \/>\n\t<meta property=\"og:image:height\" content=\"400\" \/>\n\t<meta property=\"og:image:type\" content=\"image\/jpeg\" \/>\n<meta name=\"twitter:card\" content=\"summary_large_image\" \/>\n<meta name=\"twitter:label1\" content=\"Gesch\u00e4tzte Lesezeit\" \/>\n\t<meta name=\"twitter:data1\" content=\"1\u00a0Minute\" \/>\n<script type=\"application\/ld+json\" class=\"yoast-schema-graph\">{\"@context\":\"https:\\\/\\\/schema.org\",\"@graph\":[{\"@type\":\"WebPage\",\"@id\":\"https:\\\/\\\/partsandpieces.nl\\\/product\\\/sleutelplaat-messing-antiek-ovaal-boeket-aren-met-lint-54x35mm\\\/\",\"url\":\"https:\\\/\\\/partsandpieces.nl\\\/product\\\/sleutelplaat-messing-antiek-ovaal-boeket-aren-met-lint-54x35mm\\\/\",\"name\":\"Sleutelplaat Messing ovaal Boeket\",\"isPartOf\":{\"@id\":\"https:\\\/\\\/partsandpieces.nl\\\/#website\"},\"primaryImageOfPage\":{\"@id\":\"https:\\\/\\\/partsandpieces.nl\\\/product\\\/sleutelplaat-messing-antiek-ovaal-boeket-aren-met-lint-54x35mm\\\/#primaryimage\"},\"image\":{\"@id\":\"https:\\\/\\\/partsandpieces.nl\\\/product\\\/sleutelplaat-messing-antiek-ovaal-boeket-aren-met-lint-54x35mm\\\/#primaryimage\"},\"thumbnailUrl\":\"https:\\\/\\\/partsandpieces.nl\\\/wp-content\\\/uploads\\\/2020\\\/07\\\/Sleutelplaat-Messing-antiek-ovaal-Boeket-Aren-met-Lint-54x35mm.jpg\",\"datePublished\":\"2020-07-31T11:29:49+00:00\",\"dateModified\":\"2026-02-02T09:56:21+00:00\",\"description\":\"Sleutelplaat Messing antiek ovaal Boeket Aren met Lint 54x35mm is gemaakt van massief messing. Heeft een decoratie in de vorm van linten en aren.\",\"breadcrumb\":{\"@id\":\"https:\\\/\\\/partsandpieces.nl\\\/product\\\/sleutelplaat-messing-antiek-ovaal-boeket-aren-met-lint-54x35mm\\\/#breadcrumb\"},\"inLanguage\":\"de\",\"potentialAction\":[{\"@type\":\"ReadAction\",\"target\":[\"https:\\\/\\\/partsandpieces.nl\\\/product\\\/sleutelplaat-messing-antiek-ovaal-boeket-aren-met-lint-54x35mm\\\/\"]}]},{\"@type\":\"ImageObject\",\"inLanguage\":\"de\",\"@id\":\"https:\\\/\\\/partsandpieces.nl\\\/product\\\/sleutelplaat-messing-antiek-ovaal-boeket-aren-met-lint-54x35mm\\\/#primaryimage\",\"url\":\"https:\\\/\\\/partsandpieces.nl\\\/wp-content\\\/uploads\\\/2020\\\/07\\\/Sleutelplaat-Messing-antiek-ovaal-Boeket-Aren-met-Lint-54x35mm.jpg\",\"contentUrl\":\"https:\\\/\\\/partsandpieces.nl\\\/wp-content\\\/uploads\\\/2020\\\/07\\\/Sleutelplaat-Messing-antiek-ovaal-Boeket-Aren-met-Lint-54x35mm.jpg\",\"width\":401,\"height\":400,\"caption\":\"Sleutelplaat Messing antiek ovaal Boeket Aren met Lint 54x35mm\"},{\"@type\":\"BreadcrumbList\",\"@id\":\"https:\\\/\\\/partsandpieces.nl\\\/product\\\/sleutelplaat-messing-antiek-ovaal-boeket-aren-met-lint-54x35mm\\\/#breadcrumb\",\"itemListElement\":[{\"@type\":\"ListItem\",\"position\":1,\"name\":\"Home\",\"item\":\"https:\\\/\\\/partsandpieces.nl\\\/home\\\/\"},{\"@type\":\"ListItem\",\"position\":2,\"name\":\"Winkel\",\"item\":\"https:\\\/\\\/partsandpieces.nl\\\/winkel\\\/\"},{\"@type\":\"ListItem\",\"position\":3,\"name\":\"Sleutelplaat Messing antiek ovaal Boeket Aren met Lint 54x35mm\"}]},{\"@type\":\"WebSite\",\"@id\":\"https:\\\/\\\/partsandpieces.nl\\\/#website\",\"url\":\"https:\\\/\\\/partsandpieces.nl\\\/\",\"name\":\"Parts &amp; Pieces\",\"description\":\"Alles voor uw meubelrestauratie en -onderhoud!\",\"potentialAction\":[{\"@type\":\"SearchAction\",\"target\":{\"@type\":\"EntryPoint\",\"urlTemplate\":\"https:\\\/\\\/partsandpieces.nl\\\/?s={search_term_string}\"},\"query-input\":{\"@type\":\"PropertyValueSpecification\",\"valueRequired\":true,\"valueName\":\"search_term_string\"}}],\"inLanguage\":\"de\"}]}<\/script>\n<!-- \/ Yoast SEO plugin. -->","yoast_head_json":{"title":"Schl\u00fcsselschild Messing oval Bouquet","description":"Schl\u00fcsselplatte Messing antik oval Blumenstrau\u00dfohren mit Band 54x35mm ist aus massivem Messing gefertigt. Hat eine Verzierung in Form von B\u00e4ndern und Ohren.","robots":{"index":"index","follow":"follow","max-snippet":"max-snippet:-1","max-image-preview":"max-image-preview:large","max-video-preview":"max-video-preview:-1"},"canonical":"https:\/\/partsandpieces.nl\/de\/produkt\/schlusselschild-messing-antik-oval-blumenstrausohren-mit-band-54x35mm\/","og_locale":"de_DE","og_type":"article","og_title":"Sleutelplaat Messing ovaal Boeket","og_description":"Sleutelplaat Messing antiek ovaal Boeket Aren met Lint 54x35mm is gemaakt van massief messing. Heeft een decoratie in de vorm van linten en aren.","og_url":"https:\/\/partsandpieces.nl\/de\/produkt\/schlusselschild-messing-antik-oval-blumenstrausohren-mit-band-54x35mm\/","og_site_name":"Parts &amp; Pieces","article_modified_time":"2026-02-02T09:56:21+00:00","og_image":[{"width":401,"height":400,"url":"https:\/\/partsandpieces.nl\/wp-content\/uploads\/2020\/07\/Sleutelplaat-Messing-antiek-ovaal-Boeket-Aren-met-Lint-54x35mm.jpg","type":"image\/jpeg"}],"twitter_card":"summary_large_image","twitter_misc":{"Gesch\u00e4tzte Lesezeit":"1\u00a0Minute"},"schema":{"@context":"https:\/\/schema.org","@graph":[{"@type":"WebPage","@id":"https:\/\/partsandpieces.nl\/product\/sleutelplaat-messing-antiek-ovaal-boeket-aren-met-lint-54x35mm\/","url":"https:\/\/partsandpieces.nl\/product\/sleutelplaat-messing-antiek-ovaal-boeket-aren-met-lint-54x35mm\/","name":"Schl\u00fcsselschild Messing oval Bouquet","isPartOf":{"@id":"https:\/\/partsandpieces.nl\/#website"},"primaryImageOfPage":{"@id":"https:\/\/partsandpieces.nl\/product\/sleutelplaat-messing-antiek-ovaal-boeket-aren-met-lint-54x35mm\/#primaryimage"},"image":{"@id":"https:\/\/partsandpieces.nl\/product\/sleutelplaat-messing-antiek-ovaal-boeket-aren-met-lint-54x35mm\/#primaryimage"},"thumbnailUrl":"https:\/\/partsandpieces.nl\/wp-content\/uploads\/2020\/07\/Sleutelplaat-Messing-antiek-ovaal-Boeket-Aren-met-Lint-54x35mm.jpg","datePublished":"2020-07-31T11:29:49+00:00","dateModified":"2026-02-02T09:56:21+00:00","description":"Schl\u00fcsselplatte Messing antik oval Blumenstrau\u00dfohren mit Band 54x35mm ist aus massivem Messing gefertigt. Hat eine Verzierung in Form von B\u00e4ndern und Ohren.","breadcrumb":{"@id":"https:\/\/partsandpieces.nl\/product\/sleutelplaat-messing-antiek-ovaal-boeket-aren-met-lint-54x35mm\/#breadcrumb"},"inLanguage":"de","potentialAction":[{"@type":"ReadAction","target":["https:\/\/partsandpieces.nl\/product\/sleutelplaat-messing-antiek-ovaal-boeket-aren-met-lint-54x35mm\/"]}]},{"@type":"ImageObject","inLanguage":"de","@id":"https:\/\/partsandpieces.nl\/product\/sleutelplaat-messing-antiek-ovaal-boeket-aren-met-lint-54x35mm\/#primaryimage","url":"https:\/\/partsandpieces.nl\/wp-content\/uploads\/2020\/07\/Sleutelplaat-Messing-antiek-ovaal-Boeket-Aren-met-Lint-54x35mm.jpg","contentUrl":"https:\/\/partsandpieces.nl\/wp-content\/uploads\/2020\/07\/Sleutelplaat-Messing-antiek-ovaal-Boeket-Aren-met-Lint-54x35mm.jpg","width":401,"height":400,"caption":"Sleutelplaat Messing antiek ovaal Boeket Aren met Lint 54x35mm"},{"@type":"BreadcrumbList","@id":"https:\/\/partsandpieces.nl\/product\/sleutelplaat-messing-antiek-ovaal-boeket-aren-met-lint-54x35mm\/#breadcrumb","itemListElement":[{"@type":"ListItem","position":1,"name":"Home","item":"https:\/\/partsandpieces.nl\/home\/"},{"@type":"ListItem","position":2,"name":"Winkel","item":"https:\/\/partsandpieces.nl\/winkel\/"},{"@type":"ListItem","position":3,"name":"Sleutelplaat Messing antiek ovaal Boeket Aren met Lint 54x35mm"}]},{"@type":"WebSite","@id":"https:\/\/partsandpieces.nl\/#website","url":"https:\/\/partsandpieces.nl\/","name":"Teile &amp; St\u00fccke","description":"Alles f\u00fcr Ihre M\u00f6belrestaurierung und -pflege!","potentialAction":[{"@type":"SearchAction","target":{"@type":"EntryPoint","urlTemplate":"https:\/\/partsandpieces.nl\/?s={search_term_string}"},"query-input":{"@type":"PropertyValueSpecification","valueRequired":true,"valueName":"search_term_string"}}],"inLanguage":"de"}]}},"_links":{"self":[{"href":"https:\/\/partsandpieces.nl\/de\/wp-json\/wp\/v2\/product\/1245","targetHints":{"allow":["GET"]}}],"collection":[{"href":"https:\/\/partsandpieces.nl\/de\/wp-json\/wp\/v2\/product"}],"about":[{"href":"https:\/\/partsandpieces.nl\/de\/wp-json\/wp\/v2\/types\/product"}],"wp:featuredmedia":[{"embeddable":true,"href":"https:\/\/partsandpieces.nl\/de\/wp-json\/wp\/v2\/media\/7052"}],"wp:attachment":[{"href":"https:\/\/partsandpieces.nl\/de\/wp-json\/wp\/v2\/media?parent=1245"}],"wp:term":[{"taxonomy":"product_brand","embeddable":true,"href":"https:\/\/partsandpieces.nl\/de\/wp-json\/wp\/v2\/product_brand?post=1245"},{"taxonomy":"product_cat","embeddable":true,"href":"https:\/\/partsandpieces.nl\/de\/wp-json\/wp\/v2\/product_cat?post=1245"},{"taxonomy":"product_tag","embeddable":true,"href":"https:\/\/partsandpieces.nl\/de\/wp-json\/wp\/v2\/product_tag?post=1245"}],"curies":[{"name":"wp","href":"https:\/\/api.w.org\/{rel}","templated":true}]}}