{"id":12495,"date":"2025-08-29T12:12:21","date_gmt":"2025-08-29T10:12:21","guid":{"rendered":"https:\/\/partsandpieces.nl\/?post_type=product&#038;p=12495"},"modified":"2026-03-20T12:22:54","modified_gmt":"2026-03-20T11:22:54","slug":"knaufgriff-buchenholz-auf-runder-rosette-oval-mit-gefraster-kante-gros-1-paar-95x45mm","status":"publish","type":"product","link":"https:\/\/partsandpieces.nl\/de\/product\/knopkruk-beuken-hout-op-rond-rozet-ovaal-met-freesrand-groot-1-paar-95x45mm\/","title":{"rendered":"Knopfgriff Buchenholz auf runder Rosette oval mit gefr\u00e4ster Kante gro\u00df (1 Paar) 95x45mm"},"content":{"rendered":"<p><strong>Knopfgriff Buchenholz auf runder Rosette oval mit gefr\u00e4ster Kante gro\u00df (1 Paar) 95x45mm<\/strong> Dieser T\u00fcrgriff ist aus unbehandeltem Buchenholz gefertigt. Er verf\u00fcgt \u00fcber mehrere gefr\u00e4ste Kanten und einen Kragen am Griff. Das Set beinhaltet:<\/p>\n<p>\u2013 2 T\u00fcrgriffe<br \/>\n\u2013 2 runde Rosetten<br \/>\n\u2013 ein Verbindungsstift<br \/>\n\u2013 2 N\u00e4gel<\/p>\n<p>Diese T\u00fcrgriffe passen f\u00fcr Innent\u00fcren mit einer Mindestdicke von 20 mm und einer Maximaldicke von 45 mm. Dieser T\u00fcrgriff hat keine Feder.<\/p>\n<p><strong>Ma\u00dfe<br \/>\n<\/strong>Buchenholz-Knopfgriff auf runder, ovaler Rosette mit gro\u00dfer Fr\u00e4skante (1 Paar) (95 x 45 mm) mit einem 95 mm breiten und 45 mm hohen Knopf. Die Rosette hat einen Durchmesser von 60 mm und ist 12 mm dick. Nach der Montage steht der Griff 68 mm von der T\u00fcr ab.<\/p>\n<p><strong>Bearbeiten<br \/>\n<\/strong>Der Hocker kann mit den mitgelieferten N\u00e4geln montiert werden.<\/p>\n<p><strong>Was ist ein Knaufgriff?<\/strong><br \/>\n<span class=\"oXzekf\" data-huuid=\"5445275329344130702\">Ein T\u00fcrknauf ist ein T\u00fcrbeschlag, der die Form eines T\u00fcrknaufs hat, aber wie ein T\u00fcrgriff funktioniert. Er l\u00e4sst sich zum \u00d6ffnen und Schlie\u00dfen einer T\u00fcr drehen. Dieser Typ hat beispielsweise eine ovale Form. <\/span><span class=\"oXzekf\" data-huuid=\"5445275329344127479\">Es handelt sich um eine praktische und platzsparende L\u00f6sung f\u00fcr T\u00fcren, die sowohl \u00e4sthetisch als auch funktional sein kann.\u00a0<\/span><span class=\"oXzekf\" data-huuid=\"5445275329344128352\">Sie k\u00f6nnen aus verschiedenen Stilen, Materialien und Ausf\u00fchrungen w\u00e4hlen, um Ihrem Interieur ein subtiles Detail hinzuzuf\u00fcgen.<\/span><\/p>\n<div class=\"WaaZC\">\n<div class=\"RJPOee EIJn2\">\n<p class=\"rPeykc uP58nb\" data-hveid=\"CAwQAQ\" data-ved=\"2ahUKEwjp0K3p26-PAxW47LsIHYgLDtAQo_EKegQIDBAB\"><strong><span role=\"heading\" aria-level=\"2\">Eigenschaften und Vorteile<br \/>\n<\/span><\/strong><span role=\"heading\" aria-level=\"2\"><br \/>\n\u2013 <\/span>Form und Funktion: Anstelle eines Griffs haben Sie einen runden oder stilisierten Knopf, den Sie drehen, um die T\u00fcr zu bedienen. - Praktisch und platzsparend: Es ist eine praktische Option f\u00fcr T\u00fcren, insbesondere wenn ein Standardgriff umst\u00e4ndlich w\u00e4re.<span class=\"pjBG2e\" data-cid=\"6109957a-3062-4b6c-b74e-fc063ef37d03\"><span class=\"UV3uM\"><br \/>\n<\/span><\/span>\u2013 Stilvoll: T\u00fcrkn\u00f6pfe verleihen der T\u00fcr ein dezentes und stilvolles Detail und k\u00f6nnen das Gesamtbild eines Raumes ver\u00e4ndern.<br \/>\n<span class=\"pjBG2e\" data-cid=\"fadb54a9-cad1-42db-a13f-537857ad32bb\"><span class=\"UV3uM\">\u2013 <\/span><\/span>Vielfalt: Sie sind in verschiedenen Formen wie rund, oval oder eckig und aus Materialien wie Messing, Kupfer, Edelstahl oder Chrom erh\u00e4ltlich.<span class=\"pjBG2e\" data-cid=\"9625d184-0d0d-473d-9336-93d2c4d9fa32\"><span class=\"UV3uM\"><br \/>\n<\/span><\/span>\u2013 Anwendung: Sie werden h\u00e4ufig an Innent\u00fcren verwendet, k\u00f6nnen aber auch f\u00fcr andere Zwecke eine funktionale und \u00e4sthetische Wahl sein.<\/p>\n<\/div>\n<\/div>","protected":false},"excerpt":{"rendered":"<p>Knopkruk beuken hout op rond rozet ovaal met freesrand groot (1 paar) 95x45mm is een deurkruk gemaakt van onbehandeld beukenhout. De kruk is versierd met meerdere freesrandjes en een kraag op de steel. De set bestaat uit: &#8211; 2 deurkrukken &#8211; 2 ronde rozetten &#8211; een verbindingsstift &#8211; 2 spijkertjes Deze deurkrukken passen op een [&hellip;]<\/p>\n","protected":false},"featured_media":12520,"template":"","meta":{"_acf_changed":false},"product_brand":[],"product_cat":[58,60],"product_tag":[],"class_list":{"0":"post-12495","1":"product","2":"type-product","3":"status-publish","4":"has-post-thumbnail","6":"product_cat-deurbeslag","7":"product_cat-deurkrukken","9":"first","10":"instock","11":"taxable","12":"shipping-taxable","13":"purchasable","14":"product-type-simple"},"acf":[],"yoast_head":"<!-- This site is optimized with the Yoast SEO plugin v27.3 - https:\/\/yoast.com\/product\/yoast-seo-wordpress\/ -->\n<title>Knopkruk hout rozet ovaal beuken groot 95x45mm<\/title>\n<meta name=\"description\" content=\"Knopkruk beuken hout op rond rozet ovaal met freesrand groot (1 paar) 95x45mm is een deurkruk gemaakt van onbehandeld beukenhout.\" \/>\n<meta name=\"robots\" content=\"index, follow, max-snippet:-1, max-image-preview:large, max-video-preview:-1\" \/>\n<link rel=\"canonical\" href=\"https:\/\/partsandpieces.nl\/de\/produkt\/knaufgriff-buchenholz-auf-runder-rosette-oval-mit-gefraster-kante-gros-1-paar-95x45mm\/\" \/>\n<meta property=\"og:locale\" content=\"de_DE\" \/>\n<meta property=\"og:type\" content=\"article\" \/>\n<meta property=\"og:title\" content=\"Knopkruk hout rozet ovaal beuken groot 95x45mm\" \/>\n<meta property=\"og:description\" content=\"Knopkruk beuken hout op rond rozet ovaal met freesrand groot (1 paar) 95x45mm is een deurkruk gemaakt van onbehandeld beukenhout.\" \/>\n<meta property=\"og:url\" content=\"https:\/\/partsandpieces.nl\/de\/produkt\/knaufgriff-buchenholz-auf-runder-rosette-oval-mit-gefraster-kante-gros-1-paar-95x45mm\/\" \/>\n<meta property=\"og:site_name\" content=\"Parts &amp; Pieces\" \/>\n<meta property=\"article:modified_time\" content=\"2026-03-20T11:22:54+00:00\" \/>\n<meta property=\"og:image\" content=\"https:\/\/partsandpieces.nl\/wp-content\/uploads\/2025\/08\/Knopkruk-beuken-hout-op-rond-rozet-ovaal-met-freesrand-groot-1-paar-95x45mm.jpg\" \/>\n\t<meta property=\"og:image:width\" content=\"1196\" \/>\n\t<meta property=\"og:image:height\" content=\"1192\" \/>\n\t<meta property=\"og:image:type\" content=\"image\/jpeg\" \/>\n<meta name=\"twitter:card\" content=\"summary_large_image\" \/>\n<meta name=\"twitter:label1\" content=\"Gesch\u00e4tzte Lesezeit\" \/>\n\t<meta name=\"twitter:data1\" content=\"2\u00a0Minuten\" \/>\n<script type=\"application\/ld+json\" class=\"yoast-schema-graph\">{\"@context\":\"https:\\\/\\\/schema.org\",\"@graph\":[{\"@type\":\"WebPage\",\"@id\":\"https:\\\/\\\/partsandpieces.nl\\\/product\\\/knopkruk-beuken-hout-op-rond-rozet-ovaal-met-freesrand-groot-1-paar-95x45mm\\\/\",\"url\":\"https:\\\/\\\/partsandpieces.nl\\\/product\\\/knopkruk-beuken-hout-op-rond-rozet-ovaal-met-freesrand-groot-1-paar-95x45mm\\\/\",\"name\":\"Knopkruk hout rozet ovaal beuken groot 95x45mm\",\"isPartOf\":{\"@id\":\"https:\\\/\\\/partsandpieces.nl\\\/#website\"},\"primaryImageOfPage\":{\"@id\":\"https:\\\/\\\/partsandpieces.nl\\\/product\\\/knopkruk-beuken-hout-op-rond-rozet-ovaal-met-freesrand-groot-1-paar-95x45mm\\\/#primaryimage\"},\"image\":{\"@id\":\"https:\\\/\\\/partsandpieces.nl\\\/product\\\/knopkruk-beuken-hout-op-rond-rozet-ovaal-met-freesrand-groot-1-paar-95x45mm\\\/#primaryimage\"},\"thumbnailUrl\":\"https:\\\/\\\/partsandpieces.nl\\\/wp-content\\\/uploads\\\/2025\\\/08\\\/Knopkruk-beuken-hout-op-rond-rozet-ovaal-met-freesrand-groot-1-paar-95x45mm.jpg\",\"datePublished\":\"2025-08-29T10:12:21+00:00\",\"dateModified\":\"2026-03-20T11:22:54+00:00\",\"description\":\"Knopkruk beuken hout op rond rozet ovaal met freesrand groot (1 paar) 95x45mm is een deurkruk gemaakt van onbehandeld beukenhout.\",\"breadcrumb\":{\"@id\":\"https:\\\/\\\/partsandpieces.nl\\\/product\\\/knopkruk-beuken-hout-op-rond-rozet-ovaal-met-freesrand-groot-1-paar-95x45mm\\\/#breadcrumb\"},\"inLanguage\":\"de\",\"potentialAction\":[{\"@type\":\"ReadAction\",\"target\":[\"https:\\\/\\\/partsandpieces.nl\\\/product\\\/knopkruk-beuken-hout-op-rond-rozet-ovaal-met-freesrand-groot-1-paar-95x45mm\\\/\"]}]},{\"@type\":\"ImageObject\",\"inLanguage\":\"de\",\"@id\":\"https:\\\/\\\/partsandpieces.nl\\\/product\\\/knopkruk-beuken-hout-op-rond-rozet-ovaal-met-freesrand-groot-1-paar-95x45mm\\\/#primaryimage\",\"url\":\"https:\\\/\\\/partsandpieces.nl\\\/wp-content\\\/uploads\\\/2025\\\/08\\\/Knopkruk-beuken-hout-op-rond-rozet-ovaal-met-freesrand-groot-1-paar-95x45mm.jpg\",\"contentUrl\":\"https:\\\/\\\/partsandpieces.nl\\\/wp-content\\\/uploads\\\/2025\\\/08\\\/Knopkruk-beuken-hout-op-rond-rozet-ovaal-met-freesrand-groot-1-paar-95x45mm.jpg\",\"width\":1196,\"height\":1192,\"caption\":\"Knopkruk beuken hout op rond rozet ovaal met freesrand groot (1 paar) 95x45mm\"},{\"@type\":\"BreadcrumbList\",\"@id\":\"https:\\\/\\\/partsandpieces.nl\\\/product\\\/knopkruk-beuken-hout-op-rond-rozet-ovaal-met-freesrand-groot-1-paar-95x45mm\\\/#breadcrumb\",\"itemListElement\":[{\"@type\":\"ListItem\",\"position\":1,\"name\":\"Home\",\"item\":\"https:\\\/\\\/partsandpieces.nl\\\/home\\\/\"},{\"@type\":\"ListItem\",\"position\":2,\"name\":\"Winkel\",\"item\":\"https:\\\/\\\/partsandpieces.nl\\\/winkel\\\/\"},{\"@type\":\"ListItem\",\"position\":3,\"name\":\"Knopkruk beuken hout op rond rozet ovaal met freesrand groot (1 paar) 95x45mm\"}]},{\"@type\":\"WebSite\",\"@id\":\"https:\\\/\\\/partsandpieces.nl\\\/#website\",\"url\":\"https:\\\/\\\/partsandpieces.nl\\\/\",\"name\":\"Parts &amp; Pieces\",\"description\":\"Alles voor uw meubelrestauratie en -onderhoud!\",\"potentialAction\":[{\"@type\":\"SearchAction\",\"target\":{\"@type\":\"EntryPoint\",\"urlTemplate\":\"https:\\\/\\\/partsandpieces.nl\\\/?s={search_term_string}\"},\"query-input\":{\"@type\":\"PropertyValueSpecification\",\"valueRequired\":true,\"valueName\":\"search_term_string\"}}],\"inLanguage\":\"de\"}]}<\/script>\n<!-- \/ Yoast SEO plugin. -->","yoast_head_json":{"title":"Knopfgriff Holzrosette oval Buche gro\u00df 95x45mm","description":"T\u00fcrdr\u00fccker Buchenholz auf Rundrosette oval mit Fr\u00e4skante gro\u00df (1 Paar) 95x45mm ist ein T\u00fcrdr\u00fccker aus unbehandeltem Buchenholz.","robots":{"index":"index","follow":"follow","max-snippet":"max-snippet:-1","max-image-preview":"max-image-preview:large","max-video-preview":"max-video-preview:-1"},"canonical":"https:\/\/partsandpieces.nl\/de\/produkt\/knaufgriff-buchenholz-auf-runder-rosette-oval-mit-gefraster-kante-gros-1-paar-95x45mm\/","og_locale":"de_DE","og_type":"article","og_title":"Knopkruk hout rozet ovaal beuken groot 95x45mm","og_description":"Knopkruk beuken hout op rond rozet ovaal met freesrand groot (1 paar) 95x45mm is een deurkruk gemaakt van onbehandeld beukenhout.","og_url":"https:\/\/partsandpieces.nl\/de\/produkt\/knaufgriff-buchenholz-auf-runder-rosette-oval-mit-gefraster-kante-gros-1-paar-95x45mm\/","og_site_name":"Parts &amp; Pieces","article_modified_time":"2026-03-20T11:22:54+00:00","og_image":[{"width":1196,"height":1192,"url":"https:\/\/partsandpieces.nl\/wp-content\/uploads\/2025\/08\/Knopkruk-beuken-hout-op-rond-rozet-ovaal-met-freesrand-groot-1-paar-95x45mm.jpg","type":"image\/jpeg"}],"twitter_card":"summary_large_image","twitter_misc":{"Gesch\u00e4tzte Lesezeit":"2\u00a0Minuten"},"schema":{"@context":"https:\/\/schema.org","@graph":[{"@type":"WebPage","@id":"https:\/\/partsandpieces.nl\/product\/knopkruk-beuken-hout-op-rond-rozet-ovaal-met-freesrand-groot-1-paar-95x45mm\/","url":"https:\/\/partsandpieces.nl\/product\/knopkruk-beuken-hout-op-rond-rozet-ovaal-met-freesrand-groot-1-paar-95x45mm\/","name":"Knopfgriff Holzrosette oval Buche gro\u00df 95x45mm","isPartOf":{"@id":"https:\/\/partsandpieces.nl\/#website"},"primaryImageOfPage":{"@id":"https:\/\/partsandpieces.nl\/product\/knopkruk-beuken-hout-op-rond-rozet-ovaal-met-freesrand-groot-1-paar-95x45mm\/#primaryimage"},"image":{"@id":"https:\/\/partsandpieces.nl\/product\/knopkruk-beuken-hout-op-rond-rozet-ovaal-met-freesrand-groot-1-paar-95x45mm\/#primaryimage"},"thumbnailUrl":"https:\/\/partsandpieces.nl\/wp-content\/uploads\/2025\/08\/Knopkruk-beuken-hout-op-rond-rozet-ovaal-met-freesrand-groot-1-paar-95x45mm.jpg","datePublished":"2025-08-29T10:12:21+00:00","dateModified":"2026-03-20T11:22:54+00:00","description":"T\u00fcrdr\u00fccker Buchenholz auf Rundrosette oval mit Fr\u00e4skante gro\u00df (1 Paar) 95x45mm ist ein T\u00fcrdr\u00fccker aus unbehandeltem Buchenholz.","breadcrumb":{"@id":"https:\/\/partsandpieces.nl\/product\/knopkruk-beuken-hout-op-rond-rozet-ovaal-met-freesrand-groot-1-paar-95x45mm\/#breadcrumb"},"inLanguage":"de","potentialAction":[{"@type":"ReadAction","target":["https:\/\/partsandpieces.nl\/product\/knopkruk-beuken-hout-op-rond-rozet-ovaal-met-freesrand-groot-1-paar-95x45mm\/"]}]},{"@type":"ImageObject","inLanguage":"de","@id":"https:\/\/partsandpieces.nl\/product\/knopkruk-beuken-hout-op-rond-rozet-ovaal-met-freesrand-groot-1-paar-95x45mm\/#primaryimage","url":"https:\/\/partsandpieces.nl\/wp-content\/uploads\/2025\/08\/Knopkruk-beuken-hout-op-rond-rozet-ovaal-met-freesrand-groot-1-paar-95x45mm.jpg","contentUrl":"https:\/\/partsandpieces.nl\/wp-content\/uploads\/2025\/08\/Knopkruk-beuken-hout-op-rond-rozet-ovaal-met-freesrand-groot-1-paar-95x45mm.jpg","width":1196,"height":1192,"caption":"Knopkruk beuken hout op rond rozet ovaal met freesrand groot (1 paar) 95x45mm"},{"@type":"BreadcrumbList","@id":"https:\/\/partsandpieces.nl\/product\/knopkruk-beuken-hout-op-rond-rozet-ovaal-met-freesrand-groot-1-paar-95x45mm\/#breadcrumb","itemListElement":[{"@type":"ListItem","position":1,"name":"Home","item":"https:\/\/partsandpieces.nl\/home\/"},{"@type":"ListItem","position":2,"name":"Winkel","item":"https:\/\/partsandpieces.nl\/winkel\/"},{"@type":"ListItem","position":3,"name":"Knopkruk beuken hout op rond rozet ovaal met freesrand groot (1 paar) 95x45mm"}]},{"@type":"WebSite","@id":"https:\/\/partsandpieces.nl\/#website","url":"https:\/\/partsandpieces.nl\/","name":"Teile &amp; St\u00fccke","description":"Alles f\u00fcr Ihre M\u00f6belrestaurierung und -pflege!","potentialAction":[{"@type":"SearchAction","target":{"@type":"EntryPoint","urlTemplate":"https:\/\/partsandpieces.nl\/?s={search_term_string}"},"query-input":{"@type":"PropertyValueSpecification","valueRequired":true,"valueName":"search_term_string"}}],"inLanguage":"de"}]}},"_links":{"self":[{"href":"https:\/\/partsandpieces.nl\/de\/wp-json\/wp\/v2\/product\/12495","targetHints":{"allow":["GET"]}}],"collection":[{"href":"https:\/\/partsandpieces.nl\/de\/wp-json\/wp\/v2\/product"}],"about":[{"href":"https:\/\/partsandpieces.nl\/de\/wp-json\/wp\/v2\/types\/product"}],"wp:featuredmedia":[{"embeddable":true,"href":"https:\/\/partsandpieces.nl\/de\/wp-json\/wp\/v2\/media\/12520"}],"wp:attachment":[{"href":"https:\/\/partsandpieces.nl\/de\/wp-json\/wp\/v2\/media?parent=12495"}],"wp:term":[{"taxonomy":"product_brand","embeddable":true,"href":"https:\/\/partsandpieces.nl\/de\/wp-json\/wp\/v2\/product_brand?post=12495"},{"taxonomy":"product_cat","embeddable":true,"href":"https:\/\/partsandpieces.nl\/de\/wp-json\/wp\/v2\/product_cat?post=12495"},{"taxonomy":"product_tag","embeddable":true,"href":"https:\/\/partsandpieces.nl\/de\/wp-json\/wp\/v2\/product_tag?post=12495"}],"curies":[{"name":"wp","href":"https:\/\/api.w.org\/{rel}","templated":true}]}}