{"id":12601,"date":"2025-09-09T16:04:37","date_gmt":"2025-09-09T14:04:37","guid":{"rendered":"https:\/\/partsandpieces.nl\/?post_type=product&#038;p=12601"},"modified":"2026-01-17T09:00:20","modified_gmt":"2026-01-17T08:00:20","slug":"abnehmbares-scharnier-schwarz-links-160x60mm","status":"publish","type":"product","link":"https:\/\/partsandpieces.nl\/de\/product\/paumelle-afneembaar-scharnier-zwart-links-160x60mm\/","title":{"rendered":"Abnehmbares Scharnier SCHWARZ LINKS 160x60mm"},"content":{"rendered":"<p><strong>Abnehmbares Scharnier SCHWARZ LINKS 160x60mm<\/strong> Ein Scharnier dient zum Aufh\u00e4ngen einer Innent\u00fcr. Es besteht aus Eisen, hat eine rostfarbene Oberfl\u00e4che und ist lackiert. Es wird f\u00fcr linksdrehende Innent\u00fcren verwendet. Mit diesem Scharnier k\u00f6nnen Sie eine T\u00fcr einfach aus dem Rahmen heben, ohne vorher den Stift zu entfernen oder das Scharnier abzuschrauben.<\/p>\n<p><strong>Ma\u00dfe<br \/>\n<\/strong>Das abnehmbare Scharnier, SCHWARZ LINKS, 160x60mm, ist 160mm hoch und 60mm breit. Beide Fl\u00fcgel des Scharniers sind 17mm breit.<\/p>\n<p><strong>Bearbeiten<\/strong><br \/>\nSie montieren das Scharnier mit 2x4 Kegelschrauben. Diese Schrauben sind NICHT im Lieferumfang enthalten.<\/p>\n<p><span class=\"oXzekf\" data-huuid=\"7769167631374726353\"><strong>Was ist ein Rollenscharnier?<\/strong><br \/>\nEin Rollenscharnier ist ein T\u00fcr- oder Fensterscharnier, das aus zwei separaten Teilen besteht. Dadurch l\u00e4sst sich die T\u00fcr durch eine Aufw\u00e4rtsbewegung einfach in den Rahmen hinein- und herausbewegen, ohne dass Schrauben gel\u00f6st werden m\u00fcssen. <\/span><span class=\"oXzekf\" data-huuid=\"7769167631374728328\">Es besteht aus einer Platte mit Stift und einer Platte mit Loch, die zusammenpassen.\u00a0<\/span><span class=\"oXzekf\" data-huuid=\"7769167631374726207\">Diese Eigenschaft macht Scharniere besonders n\u00fctzlich f\u00fcr Innent\u00fcren und Falzt\u00fcren sowie f\u00fcr Situationen, in denen T\u00fcren gewartet oder ausgetauscht werden m\u00fcssen.<span class=\"pjBG2e\" data-cid=\"8fdf921f-1c52-4fea-8626-fb65059ef776\"><span class=\"UV3uM\"><br \/>\n<\/span><\/span><\/span>Befestigen Sie den unteren Teil (mit dem Stift) des Scharniers am T\u00fcrrahmen. Den anderen Teil (mit dem Loch) an der T\u00fcr selbst.<span class=\"pjBG2e\" data-cid=\"cb6d89fc-6f98-4ac2-bc1b-15a3693146b7\"><span class=\"UV3uM\">\u00a0<\/span><\/span>Anschlie\u00dfend passen die beiden Teile perfekt zusammen, der Stift gleitet in die entsprechende Bohrung und fixiert so die T\u00fcr fest im Rahmen.<\/p>\n<p><strong>Vorteile<br \/>\n<\/strong>\u2013 Einfacher Ein- und Ausbau: Die T\u00fcr l\u00e4sst sich durch Zusammenschieben der Teile einfach einh\u00e4ngen und durch eine Aufw\u00e4rtsbewegung ausbauen.<span class=\"pjBG2e\" data-cid=\"7e8e256f-992f-4ee9-bfff-e9e198285c94\"><span class=\"UV3uM\"><br \/>\n<\/span><\/span>\u2013 Wartungsfreundlich: Dadurch wird das Abnehmen der T\u00fcr f\u00fcr Wartung, Reparatur oder Austausch besonders einfach.<span class=\"pjBG2e\" data-cid=\"cd8f683b-1f52-4961-9a67-8dc0f3e2f2d4\"><span class=\"UV3uM\"><br \/>\n<\/span><\/span>\u2013 Geeignet f\u00fcr gef\u00e4lzte T\u00fcren: Scharnierb\u00e4nder werden h\u00e4ufig zum Einh\u00e4ngen von gef\u00e4lzten T\u00fcren (T\u00fcren, die leicht \u00fcber den Rahmen hinausragen) und gef\u00e4lzten T\u00fcren verwendet.<\/p>","protected":false},"excerpt":{"rendered":"<p>Paumelle afneembaar scharnier ZWART LINKS 160x60mm is een paumelle bedoeld voor het ophangen van een binnendeur. De paumelle is gemaakt van ijzer. En heeft een roestkleurige finish en is afgelakt. Je gebruikt deze voor linksdraaiende binnendeuren. Met deze deurpaumelle kun je een deur eenvoudig uit het kozijn tillen zonder de pen er eerst uit te [&hellip;]<\/p>\n","protected":false},"featured_media":12638,"template":"","meta":{"_acf_changed":false},"product_brand":[],"product_cat":[45,23,161],"product_tag":[],"class_list":{"0":"post-12601","1":"product","2":"type-product","3":"status-publish","4":"has-post-thumbnail","6":"product_cat-antieke-scharnieren","7":"product_cat-meubelbeslag","8":"product_cat-paumelles","10":"first","11":"instock","12":"taxable","13":"shipping-taxable","14":"purchasable","15":"product-type-simple"},"acf":[],"yoast_head":"<!-- This site is optimized with the Yoast SEO plugin v27.3 - https:\/\/yoast.com\/product\/yoast-seo-wordpress\/ -->\n<title>Paumelle afneembaar scharnier ZWART LINKS 160x60mm<\/title>\n<meta name=\"description\" content=\"Paumelle afneembaar scharnier ZWART LINKS 160x60mm is een paumelle bedoeld voor het ophangen van een linksdraaiende binnendeur.\" \/>\n<meta name=\"robots\" content=\"index, follow, max-snippet:-1, max-image-preview:large, max-video-preview:-1\" \/>\n<link rel=\"canonical\" href=\"https:\/\/partsandpieces.nl\/de\/produkt\/abnehmbares-scharnier-schwarz-links-160x60mm\/\" \/>\n<meta property=\"og:locale\" content=\"de_DE\" \/>\n<meta property=\"og:type\" content=\"article\" \/>\n<meta property=\"og:title\" content=\"Paumelle afneembaar scharnier ZWART LINKS 160x60mm\" \/>\n<meta property=\"og:description\" content=\"Paumelle afneembaar scharnier ZWART LINKS 160x60mm is een paumelle bedoeld voor het ophangen van een linksdraaiende binnendeur.\" \/>\n<meta property=\"og:url\" content=\"https:\/\/partsandpieces.nl\/de\/produkt\/abnehmbares-scharnier-schwarz-links-160x60mm\/\" \/>\n<meta property=\"og:site_name\" content=\"Parts &amp; Pieces\" \/>\n<meta property=\"article:modified_time\" content=\"2026-01-17T08:00:20+00:00\" \/>\n<meta property=\"og:image\" content=\"https:\/\/partsandpieces.nl\/wp-content\/uploads\/2025\/09\/Paumelle-afneembaar-scharnier-ZWART-LINKS-140x60mm.jpg\" \/>\n\t<meta property=\"og:image:width\" content=\"1116\" \/>\n\t<meta property=\"og:image:height\" content=\"1118\" \/>\n\t<meta property=\"og:image:type\" content=\"image\/jpeg\" \/>\n<meta name=\"twitter:card\" content=\"summary_large_image\" \/>\n<meta name=\"twitter:label1\" content=\"Gesch\u00e4tzte Lesezeit\" \/>\n\t<meta name=\"twitter:data1\" content=\"2\u00a0Minuten\" \/>\n<script type=\"application\/ld+json\" class=\"yoast-schema-graph\">{\"@context\":\"https:\\\/\\\/schema.org\",\"@graph\":[{\"@type\":\"WebPage\",\"@id\":\"https:\\\/\\\/partsandpieces.nl\\\/product\\\/paumelle-afneembaar-scharnier-zwart-links-160x60mm\\\/\",\"url\":\"https:\\\/\\\/partsandpieces.nl\\\/product\\\/paumelle-afneembaar-scharnier-zwart-links-160x60mm\\\/\",\"name\":\"Paumelle afneembaar scharnier ZWART LINKS 160x60mm\",\"isPartOf\":{\"@id\":\"https:\\\/\\\/partsandpieces.nl\\\/#website\"},\"primaryImageOfPage\":{\"@id\":\"https:\\\/\\\/partsandpieces.nl\\\/product\\\/paumelle-afneembaar-scharnier-zwart-links-160x60mm\\\/#primaryimage\"},\"image\":{\"@id\":\"https:\\\/\\\/partsandpieces.nl\\\/product\\\/paumelle-afneembaar-scharnier-zwart-links-160x60mm\\\/#primaryimage\"},\"thumbnailUrl\":\"https:\\\/\\\/partsandpieces.nl\\\/wp-content\\\/uploads\\\/2025\\\/09\\\/Paumelle-afneembaar-scharnier-ZWART-LINKS-140x60mm.jpg\",\"datePublished\":\"2025-09-09T14:04:37+00:00\",\"dateModified\":\"2026-01-17T08:00:20+00:00\",\"description\":\"Paumelle afneembaar scharnier ZWART LINKS 160x60mm is een paumelle bedoeld voor het ophangen van een linksdraaiende binnendeur.\",\"breadcrumb\":{\"@id\":\"https:\\\/\\\/partsandpieces.nl\\\/product\\\/paumelle-afneembaar-scharnier-zwart-links-160x60mm\\\/#breadcrumb\"},\"inLanguage\":\"de\",\"potentialAction\":[{\"@type\":\"ReadAction\",\"target\":[\"https:\\\/\\\/partsandpieces.nl\\\/product\\\/paumelle-afneembaar-scharnier-zwart-links-160x60mm\\\/\"]}]},{\"@type\":\"ImageObject\",\"inLanguage\":\"de\",\"@id\":\"https:\\\/\\\/partsandpieces.nl\\\/product\\\/paumelle-afneembaar-scharnier-zwart-links-160x60mm\\\/#primaryimage\",\"url\":\"https:\\\/\\\/partsandpieces.nl\\\/wp-content\\\/uploads\\\/2025\\\/09\\\/Paumelle-afneembaar-scharnier-ZWART-LINKS-140x60mm.jpg\",\"contentUrl\":\"https:\\\/\\\/partsandpieces.nl\\\/wp-content\\\/uploads\\\/2025\\\/09\\\/Paumelle-afneembaar-scharnier-ZWART-LINKS-140x60mm.jpg\",\"width\":1116,\"height\":1118,\"caption\":\"Paumelle afneembaar scharnier ZWART LINKS 160x60mm\"},{\"@type\":\"BreadcrumbList\",\"@id\":\"https:\\\/\\\/partsandpieces.nl\\\/product\\\/paumelle-afneembaar-scharnier-zwart-links-160x60mm\\\/#breadcrumb\",\"itemListElement\":[{\"@type\":\"ListItem\",\"position\":1,\"name\":\"Home\",\"item\":\"https:\\\/\\\/partsandpieces.nl\\\/home\\\/\"},{\"@type\":\"ListItem\",\"position\":2,\"name\":\"Winkel\",\"item\":\"https:\\\/\\\/partsandpieces.nl\\\/winkel\\\/\"},{\"@type\":\"ListItem\",\"position\":3,\"name\":\"Paumelle afneembaar scharnier ZWART LINKS 160x60mm\"}]},{\"@type\":\"WebSite\",\"@id\":\"https:\\\/\\\/partsandpieces.nl\\\/#website\",\"url\":\"https:\\\/\\\/partsandpieces.nl\\\/\",\"name\":\"Parts &amp; Pieces\",\"description\":\"Alles voor uw meubelrestauratie en -onderhoud!\",\"potentialAction\":[{\"@type\":\"SearchAction\",\"target\":{\"@type\":\"EntryPoint\",\"urlTemplate\":\"https:\\\/\\\/partsandpieces.nl\\\/?s={search_term_string}\"},\"query-input\":{\"@type\":\"PropertyValueSpecification\",\"valueRequired\":true,\"valueName\":\"search_term_string\"}}],\"inLanguage\":\"de\"}]}<\/script>\n<!-- \/ Yoast SEO plugin. -->","yoast_head_json":{"title":"Abnehmbares Scharnier SCHWARZ LINKS 160x60mm","description":"Das abnehmbare Scharnier BLACK LEFT 160 x 60 mm ist ein Scharnier zum Aufh\u00e4ngen einer linksdrehenden Innent\u00fcr.","robots":{"index":"index","follow":"follow","max-snippet":"max-snippet:-1","max-image-preview":"max-image-preview:large","max-video-preview":"max-video-preview:-1"},"canonical":"https:\/\/partsandpieces.nl\/de\/produkt\/abnehmbares-scharnier-schwarz-links-160x60mm\/","og_locale":"de_DE","og_type":"article","og_title":"Paumelle afneembaar scharnier ZWART LINKS 160x60mm","og_description":"Paumelle afneembaar scharnier ZWART LINKS 160x60mm is een paumelle bedoeld voor het ophangen van een linksdraaiende binnendeur.","og_url":"https:\/\/partsandpieces.nl\/de\/produkt\/abnehmbares-scharnier-schwarz-links-160x60mm\/","og_site_name":"Parts &amp; Pieces","article_modified_time":"2026-01-17T08:00:20+00:00","og_image":[{"width":1116,"height":1118,"url":"https:\/\/partsandpieces.nl\/wp-content\/uploads\/2025\/09\/Paumelle-afneembaar-scharnier-ZWART-LINKS-140x60mm.jpg","type":"image\/jpeg"}],"twitter_card":"summary_large_image","twitter_misc":{"Gesch\u00e4tzte Lesezeit":"2\u00a0Minuten"},"schema":{"@context":"https:\/\/schema.org","@graph":[{"@type":"WebPage","@id":"https:\/\/partsandpieces.nl\/product\/paumelle-afneembaar-scharnier-zwart-links-160x60mm\/","url":"https:\/\/partsandpieces.nl\/product\/paumelle-afneembaar-scharnier-zwart-links-160x60mm\/","name":"Abnehmbares Scharnier SCHWARZ LINKS 160x60mm","isPartOf":{"@id":"https:\/\/partsandpieces.nl\/#website"},"primaryImageOfPage":{"@id":"https:\/\/partsandpieces.nl\/product\/paumelle-afneembaar-scharnier-zwart-links-160x60mm\/#primaryimage"},"image":{"@id":"https:\/\/partsandpieces.nl\/product\/paumelle-afneembaar-scharnier-zwart-links-160x60mm\/#primaryimage"},"thumbnailUrl":"https:\/\/partsandpieces.nl\/wp-content\/uploads\/2025\/09\/Paumelle-afneembaar-scharnier-ZWART-LINKS-140x60mm.jpg","datePublished":"2025-09-09T14:04:37+00:00","dateModified":"2026-01-17T08:00:20+00:00","description":"Das abnehmbare Scharnier BLACK LEFT 160 x 60 mm ist ein Scharnier zum Aufh\u00e4ngen einer linksdrehenden Innent\u00fcr.","breadcrumb":{"@id":"https:\/\/partsandpieces.nl\/product\/paumelle-afneembaar-scharnier-zwart-links-160x60mm\/#breadcrumb"},"inLanguage":"de","potentialAction":[{"@type":"ReadAction","target":["https:\/\/partsandpieces.nl\/product\/paumelle-afneembaar-scharnier-zwart-links-160x60mm\/"]}]},{"@type":"ImageObject","inLanguage":"de","@id":"https:\/\/partsandpieces.nl\/product\/paumelle-afneembaar-scharnier-zwart-links-160x60mm\/#primaryimage","url":"https:\/\/partsandpieces.nl\/wp-content\/uploads\/2025\/09\/Paumelle-afneembaar-scharnier-ZWART-LINKS-140x60mm.jpg","contentUrl":"https:\/\/partsandpieces.nl\/wp-content\/uploads\/2025\/09\/Paumelle-afneembaar-scharnier-ZWART-LINKS-140x60mm.jpg","width":1116,"height":1118,"caption":"Paumelle afneembaar scharnier ZWART LINKS 160x60mm"},{"@type":"BreadcrumbList","@id":"https:\/\/partsandpieces.nl\/product\/paumelle-afneembaar-scharnier-zwart-links-160x60mm\/#breadcrumb","itemListElement":[{"@type":"ListItem","position":1,"name":"Home","item":"https:\/\/partsandpieces.nl\/home\/"},{"@type":"ListItem","position":2,"name":"Winkel","item":"https:\/\/partsandpieces.nl\/winkel\/"},{"@type":"ListItem","position":3,"name":"Paumelle afneembaar scharnier ZWART LINKS 160x60mm"}]},{"@type":"WebSite","@id":"https:\/\/partsandpieces.nl\/#website","url":"https:\/\/partsandpieces.nl\/","name":"Teile &amp; St\u00fccke","description":"Alles f\u00fcr Ihre M\u00f6belrestaurierung und -pflege!","potentialAction":[{"@type":"SearchAction","target":{"@type":"EntryPoint","urlTemplate":"https:\/\/partsandpieces.nl\/?s={search_term_string}"},"query-input":{"@type":"PropertyValueSpecification","valueRequired":true,"valueName":"search_term_string"}}],"inLanguage":"de"}]}},"_links":{"self":[{"href":"https:\/\/partsandpieces.nl\/de\/wp-json\/wp\/v2\/product\/12601","targetHints":{"allow":["GET"]}}],"collection":[{"href":"https:\/\/partsandpieces.nl\/de\/wp-json\/wp\/v2\/product"}],"about":[{"href":"https:\/\/partsandpieces.nl\/de\/wp-json\/wp\/v2\/types\/product"}],"wp:featuredmedia":[{"embeddable":true,"href":"https:\/\/partsandpieces.nl\/de\/wp-json\/wp\/v2\/media\/12638"}],"wp:attachment":[{"href":"https:\/\/partsandpieces.nl\/de\/wp-json\/wp\/v2\/media?parent=12601"}],"wp:term":[{"taxonomy":"product_brand","embeddable":true,"href":"https:\/\/partsandpieces.nl\/de\/wp-json\/wp\/v2\/product_brand?post=12601"},{"taxonomy":"product_cat","embeddable":true,"href":"https:\/\/partsandpieces.nl\/de\/wp-json\/wp\/v2\/product_cat?post=12601"},{"taxonomy":"product_tag","embeddable":true,"href":"https:\/\/partsandpieces.nl\/de\/wp-json\/wp\/v2\/product_tag?post=12601"}],"curies":[{"name":"wp","href":"https:\/\/api.w.org\/{rel}","templated":true}]}}