{"id":127,"date":"2020-05-22T16:47:30","date_gmt":"2020-05-22T16:47:30","guid":{"rendered":"https:\/\/partsandpieces.bonsaidev.nl\/?product=greep-vintage-white-iron-210x32-192-mm-1663927862"},"modified":"2025-10-21T16:19:39","modified_gmt":"2025-10-21T14:19:39","slug":"griff-evolve-serie-761-farbe-grunge-weis-eisen-210-mm","status":"publish","type":"product","link":"https:\/\/partsandpieces.nl\/de\/product\/greep-evolve-serie-761-kleur-grunge-white-iron-210mm\/","title":{"rendered":"Griff Evolve Serie 761 Farbe &#039;Grunge White Iron&#039; 210mm"},"content":{"rendered":"<p><strong>Griff Evolve Serie 761 Farbe &#039;Grunge White Iron&#039; 210mm<\/strong>\u00a0ist ein harter Griff. Der Griff hat eine grobe, mattsilberne Oberfl\u00e4che. Sowohl die Beine als auch der Griff haben eine 8-eckige Form. Dieser Griff passt gut auf Ihren stabilen M\u00f6belschrank oder Ihre Schublade.<\/p>\n<p>Dieser hochwertige Griff wird in Italien hergestellt.<\/p>\n<p><strong>Gr\u00f6\u00dfe<br \/>\n<\/strong>Der Griff Evolve Serie 761, Farbe \u201eGrunge White Iron\u201c, 210 mm, ist 210 mm breit. Die Bohrergr\u00f6\u00dfe betr\u00e4gt 192 mm und der Durchmesser des Griffs betr\u00e4gt 13 mm. Nach der Installation steht dieser Griff 32 mm hervor.<\/p>\n<p><strong>Bearbeiten<br \/>\n<\/strong>Sie k\u00f6nnen den Griff mit blind montieren\u00a0<span style=\"text-decoration: underline;\"><a href=\"https:\/\/partsandpieces.nl\/de\/produkt\/schraube-edelstahl-zur-blindmontage-von-mobelbeschlagen-45x4mm-20-stuck\/\">Edelstahlschraube zur Blindbefestigung von M\u00f6belbeschl\u00e4gen (45x4mm)<\/a><\/span>. Ich schicke diese Schrauben\u00a0<strong>FREI<\/strong>\u00a0mit Ihrer Bestellung.<\/p>","protected":false},"excerpt":{"rendered":"<p>Greep Evolve serie 761 kleur \u2018Grunge white iron\u2019 210mm\u00a0is een stoere greep. De greep heeft een grove, mat zilveren afwerking. Zowel de pootjes als de handgreep zijn 8 kantig van vorm. Deze greep past goed op je stoere meubelkast of lade. Deze kwalitatief uitstekende greep is gemaakt in Itali\u00eb. Afmeting Greep Evolve serie 761 kleur [&hellip;]<\/p>\n","protected":false},"featured_media":6198,"template":"","meta":{"_acf_changed":false},"product_brand":[],"product_cat":[29,41,23,53],"product_tag":[],"class_list":{"0":"post-127","1":"product","2":"type-product","3":"status-publish","4":"has-post-thumbnail","6":"product_cat-deurtrekkers","7":"product_cat-ladetrekkers","8":"product_cat-meubelbeslag","9":"product_cat-vintage-grepen","11":"first","12":"instock","13":"taxable","14":"shipping-taxable","15":"purchasable","16":"product-type-simple"},"acf":[],"yoast_head":"<!-- This site is optimized with the Yoast SEO plugin v27.3 - https:\/\/yoast.com\/product\/yoast-seo-wordpress\/ -->\n<title>Greep Evolve zilver 210mm<\/title>\n<meta name=\"description\" content=\"Greep Evolve serie 761 kleur \u2018Grunge white iron\u2019 210mm\u00a0heeft een grove, mat zilveren afwerking. Zowel de pootjes als de handgreep zijn 8 kantig van vorm.\" \/>\n<meta name=\"robots\" content=\"index, follow, max-snippet:-1, max-image-preview:large, max-video-preview:-1\" \/>\n<link rel=\"canonical\" href=\"https:\/\/partsandpieces.nl\/de\/produkt\/griff-evolve-serie-761-farbe-grunge-weis-eisen-210-mm\/\" \/>\n<meta property=\"og:locale\" content=\"de_DE\" \/>\n<meta property=\"og:type\" content=\"article\" \/>\n<meta property=\"og:title\" content=\"Greep Evolve zilver 210mm\" \/>\n<meta property=\"og:description\" content=\"Greep Evolve serie 761 kleur \u2018Grunge white iron\u2019 210mm\u00a0heeft een grove, mat zilveren afwerking. Zowel de pootjes als de handgreep zijn 8 kantig van vorm.\" \/>\n<meta property=\"og:url\" content=\"https:\/\/partsandpieces.nl\/de\/produkt\/griff-evolve-serie-761-farbe-grunge-weis-eisen-210-mm\/\" \/>\n<meta property=\"og:site_name\" content=\"Parts &amp; Pieces\" \/>\n<meta property=\"article:modified_time\" content=\"2025-10-21T14:19:39+00:00\" \/>\n<meta property=\"og:image\" content=\"https:\/\/partsandpieces.nl\/wp-content\/uploads\/2020\/05\/Greep-Evolve-serie-761-kleur-\u2018Grunge-white-iron-210mm.jpg\" \/>\n\t<meta property=\"og:image:width\" content=\"429\" \/>\n\t<meta property=\"og:image:height\" content=\"428\" \/>\n\t<meta property=\"og:image:type\" content=\"image\/jpeg\" \/>\n<meta name=\"twitter:card\" content=\"summary_large_image\" \/>\n<meta name=\"twitter:label1\" content=\"Gesch\u00e4tzte Lesezeit\" \/>\n\t<meta name=\"twitter:data1\" content=\"1\u00a0Minute\" \/>\n<script type=\"application\/ld+json\" class=\"yoast-schema-graph\">{\"@context\":\"https:\\\/\\\/schema.org\",\"@graph\":[{\"@type\":\"WebPage\",\"@id\":\"https:\\\/\\\/partsandpieces.nl\\\/product\\\/greep-evolve-serie-761-kleur-grunge-white-iron-210mm\\\/\",\"url\":\"https:\\\/\\\/partsandpieces.nl\\\/product\\\/greep-evolve-serie-761-kleur-grunge-white-iron-210mm\\\/\",\"name\":\"Greep Evolve zilver 210mm\",\"isPartOf\":{\"@id\":\"https:\\\/\\\/partsandpieces.nl\\\/#website\"},\"primaryImageOfPage\":{\"@id\":\"https:\\\/\\\/partsandpieces.nl\\\/product\\\/greep-evolve-serie-761-kleur-grunge-white-iron-210mm\\\/#primaryimage\"},\"image\":{\"@id\":\"https:\\\/\\\/partsandpieces.nl\\\/product\\\/greep-evolve-serie-761-kleur-grunge-white-iron-210mm\\\/#primaryimage\"},\"thumbnailUrl\":\"https:\\\/\\\/partsandpieces.nl\\\/wp-content\\\/uploads\\\/2020\\\/05\\\/Greep-Evolve-serie-761-kleur-\u2018Grunge-white-iron-210mm.jpg\",\"datePublished\":\"2020-05-22T16:47:30+00:00\",\"dateModified\":\"2025-10-21T14:19:39+00:00\",\"description\":\"Greep Evolve serie 761 kleur \u2018Grunge white iron\u2019 210mm\u00a0heeft een grove, mat zilveren afwerking. Zowel de pootjes als de handgreep zijn 8 kantig van vorm.\",\"breadcrumb\":{\"@id\":\"https:\\\/\\\/partsandpieces.nl\\\/product\\\/greep-evolve-serie-761-kleur-grunge-white-iron-210mm\\\/#breadcrumb\"},\"inLanguage\":\"de\",\"potentialAction\":[{\"@type\":\"ReadAction\",\"target\":[\"https:\\\/\\\/partsandpieces.nl\\\/product\\\/greep-evolve-serie-761-kleur-grunge-white-iron-210mm\\\/\"]}]},{\"@type\":\"ImageObject\",\"inLanguage\":\"de\",\"@id\":\"https:\\\/\\\/partsandpieces.nl\\\/product\\\/greep-evolve-serie-761-kleur-grunge-white-iron-210mm\\\/#primaryimage\",\"url\":\"https:\\\/\\\/partsandpieces.nl\\\/wp-content\\\/uploads\\\/2020\\\/05\\\/Greep-Evolve-serie-761-kleur-\u2018Grunge-white-iron-210mm.jpg\",\"contentUrl\":\"https:\\\/\\\/partsandpieces.nl\\\/wp-content\\\/uploads\\\/2020\\\/05\\\/Greep-Evolve-serie-761-kleur-\u2018Grunge-white-iron-210mm.jpg\",\"width\":429,\"height\":428,\"caption\":\"Greep Evolve serie 761 kleur \u2018Grunge white iron\u2019 210mm\"},{\"@type\":\"BreadcrumbList\",\"@id\":\"https:\\\/\\\/partsandpieces.nl\\\/product\\\/greep-evolve-serie-761-kleur-grunge-white-iron-210mm\\\/#breadcrumb\",\"itemListElement\":[{\"@type\":\"ListItem\",\"position\":1,\"name\":\"Home\",\"item\":\"https:\\\/\\\/partsandpieces.nl\\\/home\\\/\"},{\"@type\":\"ListItem\",\"position\":2,\"name\":\"Winkel\",\"item\":\"https:\\\/\\\/partsandpieces.nl\\\/winkel\\\/\"},{\"@type\":\"ListItem\",\"position\":3,\"name\":\"Greep Evolve serie 761 kleur \u2018Grunge white iron\u2019 210mm\"}]},{\"@type\":\"WebSite\",\"@id\":\"https:\\\/\\\/partsandpieces.nl\\\/#website\",\"url\":\"https:\\\/\\\/partsandpieces.nl\\\/\",\"name\":\"Parts &amp; Pieces\",\"description\":\"Alles voor uw meubelrestauratie en -onderhoud!\",\"potentialAction\":[{\"@type\":\"SearchAction\",\"target\":{\"@type\":\"EntryPoint\",\"urlTemplate\":\"https:\\\/\\\/partsandpieces.nl\\\/?s={search_term_string}\"},\"query-input\":{\"@type\":\"PropertyValueSpecification\",\"valueRequired\":true,\"valueName\":\"search_term_string\"}}],\"inLanguage\":\"de\"}]}<\/script>\n<!-- \/ Yoast SEO plugin. -->","yoast_head_json":{"title":"Griff Evolve silber 210mm","description":"Der Griff der Evolve-Serie 761 in der Farbe \u201eGrunge White Iron\u201c 210 mm hat eine grobe, matte Silberoberfl\u00e4che. Sowohl die Beine als auch der Griff haben eine 8-eckige Form.","robots":{"index":"index","follow":"follow","max-snippet":"max-snippet:-1","max-image-preview":"max-image-preview:large","max-video-preview":"max-video-preview:-1"},"canonical":"https:\/\/partsandpieces.nl\/de\/produkt\/griff-evolve-serie-761-farbe-grunge-weis-eisen-210-mm\/","og_locale":"de_DE","og_type":"article","og_title":"Greep Evolve zilver 210mm","og_description":"Greep Evolve serie 761 kleur \u2018Grunge white iron\u2019 210mm\u00a0heeft een grove, mat zilveren afwerking. Zowel de pootjes als de handgreep zijn 8 kantig van vorm.","og_url":"https:\/\/partsandpieces.nl\/de\/produkt\/griff-evolve-serie-761-farbe-grunge-weis-eisen-210-mm\/","og_site_name":"Parts &amp; Pieces","article_modified_time":"2025-10-21T14:19:39+00:00","og_image":[{"width":429,"height":428,"url":"https:\/\/partsandpieces.nl\/wp-content\/uploads\/2020\/05\/Greep-Evolve-serie-761-kleur-\u2018Grunge-white-iron-210mm.jpg","type":"image\/jpeg"}],"twitter_card":"summary_large_image","twitter_misc":{"Gesch\u00e4tzte Lesezeit":"1\u00a0Minute"},"schema":{"@context":"https:\/\/schema.org","@graph":[{"@type":"WebPage","@id":"https:\/\/partsandpieces.nl\/product\/greep-evolve-serie-761-kleur-grunge-white-iron-210mm\/","url":"https:\/\/partsandpieces.nl\/product\/greep-evolve-serie-761-kleur-grunge-white-iron-210mm\/","name":"Griff Evolve silber 210mm","isPartOf":{"@id":"https:\/\/partsandpieces.nl\/#website"},"primaryImageOfPage":{"@id":"https:\/\/partsandpieces.nl\/product\/greep-evolve-serie-761-kleur-grunge-white-iron-210mm\/#primaryimage"},"image":{"@id":"https:\/\/partsandpieces.nl\/product\/greep-evolve-serie-761-kleur-grunge-white-iron-210mm\/#primaryimage"},"thumbnailUrl":"https:\/\/partsandpieces.nl\/wp-content\/uploads\/2020\/05\/Greep-Evolve-serie-761-kleur-\u2018Grunge-white-iron-210mm.jpg","datePublished":"2020-05-22T16:47:30+00:00","dateModified":"2025-10-21T14:19:39+00:00","description":"Der Griff der Evolve-Serie 761 in der Farbe \u201eGrunge White Iron\u201c 210 mm hat eine grobe, matte Silberoberfl\u00e4che. Sowohl die Beine als auch der Griff haben eine 8-eckige Form.","breadcrumb":{"@id":"https:\/\/partsandpieces.nl\/product\/greep-evolve-serie-761-kleur-grunge-white-iron-210mm\/#breadcrumb"},"inLanguage":"de","potentialAction":[{"@type":"ReadAction","target":["https:\/\/partsandpieces.nl\/product\/greep-evolve-serie-761-kleur-grunge-white-iron-210mm\/"]}]},{"@type":"ImageObject","inLanguage":"de","@id":"https:\/\/partsandpieces.nl\/product\/greep-evolve-serie-761-kleur-grunge-white-iron-210mm\/#primaryimage","url":"https:\/\/partsandpieces.nl\/wp-content\/uploads\/2020\/05\/Greep-Evolve-serie-761-kleur-\u2018Grunge-white-iron-210mm.jpg","contentUrl":"https:\/\/partsandpieces.nl\/wp-content\/uploads\/2020\/05\/Greep-Evolve-serie-761-kleur-\u2018Grunge-white-iron-210mm.jpg","width":429,"height":428,"caption":"Greep Evolve serie 761 kleur \u2018Grunge white iron\u2019 210mm"},{"@type":"BreadcrumbList","@id":"https:\/\/partsandpieces.nl\/product\/greep-evolve-serie-761-kleur-grunge-white-iron-210mm\/#breadcrumb","itemListElement":[{"@type":"ListItem","position":1,"name":"Home","item":"https:\/\/partsandpieces.nl\/home\/"},{"@type":"ListItem","position":2,"name":"Winkel","item":"https:\/\/partsandpieces.nl\/winkel\/"},{"@type":"ListItem","position":3,"name":"Greep Evolve serie 761 kleur \u2018Grunge white iron\u2019 210mm"}]},{"@type":"WebSite","@id":"https:\/\/partsandpieces.nl\/#website","url":"https:\/\/partsandpieces.nl\/","name":"Teile &amp; St\u00fccke","description":"Alles f\u00fcr Ihre M\u00f6belrestaurierung und -pflege!","potentialAction":[{"@type":"SearchAction","target":{"@type":"EntryPoint","urlTemplate":"https:\/\/partsandpieces.nl\/?s={search_term_string}"},"query-input":{"@type":"PropertyValueSpecification","valueRequired":true,"valueName":"search_term_string"}}],"inLanguage":"de"}]}},"_links":{"self":[{"href":"https:\/\/partsandpieces.nl\/de\/wp-json\/wp\/v2\/product\/127","targetHints":{"allow":["GET"]}}],"collection":[{"href":"https:\/\/partsandpieces.nl\/de\/wp-json\/wp\/v2\/product"}],"about":[{"href":"https:\/\/partsandpieces.nl\/de\/wp-json\/wp\/v2\/types\/product"}],"wp:featuredmedia":[{"embeddable":true,"href":"https:\/\/partsandpieces.nl\/de\/wp-json\/wp\/v2\/media\/6198"}],"wp:attachment":[{"href":"https:\/\/partsandpieces.nl\/de\/wp-json\/wp\/v2\/media?parent=127"}],"wp:term":[{"taxonomy":"product_brand","embeddable":true,"href":"https:\/\/partsandpieces.nl\/de\/wp-json\/wp\/v2\/product_brand?post=127"},{"taxonomy":"product_cat","embeddable":true,"href":"https:\/\/partsandpieces.nl\/de\/wp-json\/wp\/v2\/product_cat?post=127"},{"taxonomy":"product_tag","embeddable":true,"href":"https:\/\/partsandpieces.nl\/de\/wp-json\/wp\/v2\/product_tag?post=127"}],"curies":[{"name":"wp","href":"https:\/\/api.w.org\/{rel}","templated":true}]}}