{"id":1272,"date":"2020-08-03T08:38:36","date_gmt":"2020-08-03T08:38:36","guid":{"rendered":"https:\/\/partsandpieces.bonsaidev.nl\/?product=sleutelplaat-rond-34mm-linde"},"modified":"2026-02-28T21:58:14","modified_gmt":"2026-02-28T20:58:14","slug":"holzschlusselschild-buche-rund-34mm","status":"publish","type":"product","link":"https:\/\/partsandpieces.nl\/de\/product\/houten-sleutelplaatje-beuken-rond-34mm\/","title":{"rendered":"Holzschl\u00fcsselplatte Buche rund 34mm"},"content":{"rendered":"<p><strong>Holzschl\u00fcsselplatte Buche rund 34mm<\/strong> ist eine spezielle Schl\u00fcsselplatte f\u00fcr M\u00f6belschubladen aus unbehandeltem Buchenholz. Die Schl\u00fcsselplatte hat eine runde Form und besteht aus 2 Ringen.<\/p>\n<p>Dieses hochwertige Schl\u00fcsselschild wird in Italien hergestellt.<\/p>\n<p><strong>Ma\u00dfe<br \/>\n<\/strong>Der h\u00f6lzerne Schl\u00fcsselteller Buche rund 34 mm hat einen Durchmesser von 34 mm und das Schl\u00fcsselloch ist 14 mm hoch.<\/p>\n<p><strong>Bearbeiten<br \/>\n<\/strong>Sie k\u00f6nnen die Schl\u00fcsselplatte ankleben oder mit N\u00e4geln oder Schrauben befestigen. Die Schl\u00fcsselplatte hat keine vorgebohrten Schraubenl\u00f6cher.<\/p>","protected":false},"excerpt":{"rendered":"<p>Houten sleutelplaatje Beuken rond 34mm is een bijzonder sleutelplaatje voor meubellades gemaakt van onbehandeld beukenhout. Het sleutelplaatje is rond van vorm en is opgebouwd uit 2 ringen. Deze kwalitatief uitstekende sleutelplaat is gemaakt in Itali\u00eb. Afmetingen Houten sleutelplaatje Beuken rond 34mm heeft een diameter van 34mm en het sleutelgat is 14mm hoog. Montage Je kunt [&hellip;]<\/p>\n","protected":false},"featured_media":7335,"template":"","meta":{"_acf_changed":false},"product_brand":[],"product_cat":[55,23,56,48],"product_tag":[],"class_list":{"0":"post-1272","1":"product","2":"type-product","3":"status-publish","4":"has-post-thumbnail","6":"product_cat-houten-knoppen","7":"product_cat-meubelbeslag","8":"product_cat-ornamenten","9":"product_cat-sleutelplaten","11":"first","12":"instock","13":"taxable","14":"shipping-taxable","15":"purchasable","16":"product-type-simple"},"acf":[],"yoast_head":"<!-- This site is optimized with the Yoast SEO plugin v27.3 - https:\/\/yoast.com\/product\/yoast-seo-wordpress\/ -->\n<title>Houten sleutelplaatje Beuken 34mm<\/title>\n<meta name=\"description\" content=\"Houten sleutelplaatje Beuken rond 34mm is een bijzonder sleutelplaatje voor meubellades gemaakt van onbehandeld beukenhout.\" \/>\n<meta name=\"robots\" content=\"index, follow, max-snippet:-1, max-image-preview:large, max-video-preview:-1\" \/>\n<link rel=\"canonical\" href=\"https:\/\/partsandpieces.nl\/de\/produkt\/holzschlusselschild-buche-rund-34mm\/\" \/>\n<meta property=\"og:locale\" content=\"de_DE\" \/>\n<meta property=\"og:type\" content=\"article\" \/>\n<meta property=\"og:title\" content=\"Houten sleutelplaatje Beuken 34mm\" \/>\n<meta property=\"og:description\" content=\"Houten sleutelplaatje Beuken rond 34mm is een bijzonder sleutelplaatje voor meubellades gemaakt van onbehandeld beukenhout.\" \/>\n<meta property=\"og:url\" content=\"https:\/\/partsandpieces.nl\/de\/produkt\/holzschlusselschild-buche-rund-34mm\/\" \/>\n<meta property=\"og:site_name\" content=\"Parts &amp; Pieces\" \/>\n<meta property=\"article:modified_time\" content=\"2026-02-28T20:58:14+00:00\" \/>\n<meta property=\"og:image\" content=\"https:\/\/partsandpieces.nl\/wp-content\/uploads\/2020\/08\/Houten-sleutelplaatje-Beuken-rond-34mm.jpg\" \/>\n\t<meta property=\"og:image:width\" content=\"430\" \/>\n\t<meta property=\"og:image:height\" content=\"432\" \/>\n\t<meta property=\"og:image:type\" content=\"image\/jpeg\" \/>\n<meta name=\"twitter:card\" content=\"summary_large_image\" \/>\n<meta name=\"twitter:label1\" content=\"Gesch\u00e4tzte Lesezeit\" \/>\n\t<meta name=\"twitter:data1\" content=\"1\u00a0Minute\" \/>\n<script type=\"application\/ld+json\" class=\"yoast-schema-graph\">{\"@context\":\"https:\\\/\\\/schema.org\",\"@graph\":[{\"@type\":\"WebPage\",\"@id\":\"https:\\\/\\\/partsandpieces.nl\\\/product\\\/houten-sleutelplaatje-beuken-rond-34mm\\\/\",\"url\":\"https:\\\/\\\/partsandpieces.nl\\\/product\\\/houten-sleutelplaatje-beuken-rond-34mm\\\/\",\"name\":\"Houten sleutelplaatje Beuken 34mm\",\"isPartOf\":{\"@id\":\"https:\\\/\\\/partsandpieces.nl\\\/#website\"},\"primaryImageOfPage\":{\"@id\":\"https:\\\/\\\/partsandpieces.nl\\\/product\\\/houten-sleutelplaatje-beuken-rond-34mm\\\/#primaryimage\"},\"image\":{\"@id\":\"https:\\\/\\\/partsandpieces.nl\\\/product\\\/houten-sleutelplaatje-beuken-rond-34mm\\\/#primaryimage\"},\"thumbnailUrl\":\"https:\\\/\\\/partsandpieces.nl\\\/wp-content\\\/uploads\\\/2020\\\/08\\\/Houten-sleutelplaatje-Beuken-rond-34mm.jpg\",\"datePublished\":\"2020-08-03T08:38:36+00:00\",\"dateModified\":\"2026-02-28T20:58:14+00:00\",\"description\":\"Houten sleutelplaatje Beuken rond 34mm is een bijzonder sleutelplaatje voor meubellades gemaakt van onbehandeld beukenhout.\",\"breadcrumb\":{\"@id\":\"https:\\\/\\\/partsandpieces.nl\\\/product\\\/houten-sleutelplaatje-beuken-rond-34mm\\\/#breadcrumb\"},\"inLanguage\":\"de\",\"potentialAction\":[{\"@type\":\"ReadAction\",\"target\":[\"https:\\\/\\\/partsandpieces.nl\\\/product\\\/houten-sleutelplaatje-beuken-rond-34mm\\\/\"]}]},{\"@type\":\"ImageObject\",\"inLanguage\":\"de\",\"@id\":\"https:\\\/\\\/partsandpieces.nl\\\/product\\\/houten-sleutelplaatje-beuken-rond-34mm\\\/#primaryimage\",\"url\":\"https:\\\/\\\/partsandpieces.nl\\\/wp-content\\\/uploads\\\/2020\\\/08\\\/Houten-sleutelplaatje-Beuken-rond-34mm.jpg\",\"contentUrl\":\"https:\\\/\\\/partsandpieces.nl\\\/wp-content\\\/uploads\\\/2020\\\/08\\\/Houten-sleutelplaatje-Beuken-rond-34mm.jpg\",\"width\":430,\"height\":432,\"caption\":\"Houten sleutelplaatje Beuken rond 34mm\"},{\"@type\":\"BreadcrumbList\",\"@id\":\"https:\\\/\\\/partsandpieces.nl\\\/product\\\/houten-sleutelplaatje-beuken-rond-34mm\\\/#breadcrumb\",\"itemListElement\":[{\"@type\":\"ListItem\",\"position\":1,\"name\":\"Home\",\"item\":\"https:\\\/\\\/partsandpieces.nl\\\/home\\\/\"},{\"@type\":\"ListItem\",\"position\":2,\"name\":\"Winkel\",\"item\":\"https:\\\/\\\/partsandpieces.nl\\\/winkel\\\/\"},{\"@type\":\"ListItem\",\"position\":3,\"name\":\"Houten sleutelplaatje Beuken rond 34mm\"}]},{\"@type\":\"WebSite\",\"@id\":\"https:\\\/\\\/partsandpieces.nl\\\/#website\",\"url\":\"https:\\\/\\\/partsandpieces.nl\\\/\",\"name\":\"Parts &amp; Pieces\",\"description\":\"Alles voor uw meubelrestauratie en -onderhoud!\",\"potentialAction\":[{\"@type\":\"SearchAction\",\"target\":{\"@type\":\"EntryPoint\",\"urlTemplate\":\"https:\\\/\\\/partsandpieces.nl\\\/?s={search_term_string}\"},\"query-input\":{\"@type\":\"PropertyValueSpecification\",\"valueRequired\":true,\"valueName\":\"search_term_string\"}}],\"inLanguage\":\"de\"}]}<\/script>\n<!-- \/ Yoast SEO plugin. -->","yoast_head_json":{"title":"Holzschl\u00fcsselplatte Buche 34mm","description":"Holzschl\u00fcsselplatte Buche rund 34 mm ist eine spezielle Schl\u00fcsselplatte f\u00fcr M\u00f6belschubladen aus unbehandeltem Buchenholz.","robots":{"index":"index","follow":"follow","max-snippet":"max-snippet:-1","max-image-preview":"max-image-preview:large","max-video-preview":"max-video-preview:-1"},"canonical":"https:\/\/partsandpieces.nl\/de\/produkt\/holzschlusselschild-buche-rund-34mm\/","og_locale":"de_DE","og_type":"article","og_title":"Houten sleutelplaatje Beuken 34mm","og_description":"Houten sleutelplaatje Beuken rond 34mm is een bijzonder sleutelplaatje voor meubellades gemaakt van onbehandeld beukenhout.","og_url":"https:\/\/partsandpieces.nl\/de\/produkt\/holzschlusselschild-buche-rund-34mm\/","og_site_name":"Parts &amp; Pieces","article_modified_time":"2026-02-28T20:58:14+00:00","og_image":[{"width":430,"height":432,"url":"https:\/\/partsandpieces.nl\/wp-content\/uploads\/2020\/08\/Houten-sleutelplaatje-Beuken-rond-34mm.jpg","type":"image\/jpeg"}],"twitter_card":"summary_large_image","twitter_misc":{"Gesch\u00e4tzte Lesezeit":"1\u00a0Minute"},"schema":{"@context":"https:\/\/schema.org","@graph":[{"@type":"WebPage","@id":"https:\/\/partsandpieces.nl\/product\/houten-sleutelplaatje-beuken-rond-34mm\/","url":"https:\/\/partsandpieces.nl\/product\/houten-sleutelplaatje-beuken-rond-34mm\/","name":"Holzschl\u00fcsselplatte Buche 34mm","isPartOf":{"@id":"https:\/\/partsandpieces.nl\/#website"},"primaryImageOfPage":{"@id":"https:\/\/partsandpieces.nl\/product\/houten-sleutelplaatje-beuken-rond-34mm\/#primaryimage"},"image":{"@id":"https:\/\/partsandpieces.nl\/product\/houten-sleutelplaatje-beuken-rond-34mm\/#primaryimage"},"thumbnailUrl":"https:\/\/partsandpieces.nl\/wp-content\/uploads\/2020\/08\/Houten-sleutelplaatje-Beuken-rond-34mm.jpg","datePublished":"2020-08-03T08:38:36+00:00","dateModified":"2026-02-28T20:58:14+00:00","description":"Holzschl\u00fcsselplatte Buche rund 34 mm ist eine spezielle Schl\u00fcsselplatte f\u00fcr M\u00f6belschubladen aus unbehandeltem Buchenholz.","breadcrumb":{"@id":"https:\/\/partsandpieces.nl\/product\/houten-sleutelplaatje-beuken-rond-34mm\/#breadcrumb"},"inLanguage":"de","potentialAction":[{"@type":"ReadAction","target":["https:\/\/partsandpieces.nl\/product\/houten-sleutelplaatje-beuken-rond-34mm\/"]}]},{"@type":"ImageObject","inLanguage":"de","@id":"https:\/\/partsandpieces.nl\/product\/houten-sleutelplaatje-beuken-rond-34mm\/#primaryimage","url":"https:\/\/partsandpieces.nl\/wp-content\/uploads\/2020\/08\/Houten-sleutelplaatje-Beuken-rond-34mm.jpg","contentUrl":"https:\/\/partsandpieces.nl\/wp-content\/uploads\/2020\/08\/Houten-sleutelplaatje-Beuken-rond-34mm.jpg","width":430,"height":432,"caption":"Houten sleutelplaatje Beuken rond 34mm"},{"@type":"BreadcrumbList","@id":"https:\/\/partsandpieces.nl\/product\/houten-sleutelplaatje-beuken-rond-34mm\/#breadcrumb","itemListElement":[{"@type":"ListItem","position":1,"name":"Home","item":"https:\/\/partsandpieces.nl\/home\/"},{"@type":"ListItem","position":2,"name":"Winkel","item":"https:\/\/partsandpieces.nl\/winkel\/"},{"@type":"ListItem","position":3,"name":"Houten sleutelplaatje Beuken rond 34mm"}]},{"@type":"WebSite","@id":"https:\/\/partsandpieces.nl\/#website","url":"https:\/\/partsandpieces.nl\/","name":"Teile &amp; St\u00fccke","description":"Alles f\u00fcr Ihre M\u00f6belrestaurierung und -pflege!","potentialAction":[{"@type":"SearchAction","target":{"@type":"EntryPoint","urlTemplate":"https:\/\/partsandpieces.nl\/?s={search_term_string}"},"query-input":{"@type":"PropertyValueSpecification","valueRequired":true,"valueName":"search_term_string"}}],"inLanguage":"de"}]}},"_links":{"self":[{"href":"https:\/\/partsandpieces.nl\/de\/wp-json\/wp\/v2\/product\/1272","targetHints":{"allow":["GET"]}}],"collection":[{"href":"https:\/\/partsandpieces.nl\/de\/wp-json\/wp\/v2\/product"}],"about":[{"href":"https:\/\/partsandpieces.nl\/de\/wp-json\/wp\/v2\/types\/product"}],"wp:featuredmedia":[{"embeddable":true,"href":"https:\/\/partsandpieces.nl\/de\/wp-json\/wp\/v2\/media\/7335"}],"wp:attachment":[{"href":"https:\/\/partsandpieces.nl\/de\/wp-json\/wp\/v2\/media?parent=1272"}],"wp:term":[{"taxonomy":"product_brand","embeddable":true,"href":"https:\/\/partsandpieces.nl\/de\/wp-json\/wp\/v2\/product_brand?post=1272"},{"taxonomy":"product_cat","embeddable":true,"href":"https:\/\/partsandpieces.nl\/de\/wp-json\/wp\/v2\/product_cat?post=1272"},{"taxonomy":"product_tag","embeddable":true,"href":"https:\/\/partsandpieces.nl\/de\/wp-json\/wp\/v2\/product_tag?post=1272"}],"curies":[{"name":"wp","href":"https:\/\/api.w.org\/{rel}","templated":true}]}}