{"id":12727,"date":"2025-09-22T11:42:59","date_gmt":"2025-09-22T09:42:59","guid":{"rendered":"https:\/\/partsandpieces.nl\/?post_type=product&#038;p=12727"},"modified":"2026-03-22T23:39:13","modified_gmt":"2026-03-22T22:39:13","slug":"bakelit-turgriff-schwarz-modell-dudok-set-mit-ovaler-rosette","status":"publish","type":"product","link":"https:\/\/partsandpieces.nl\/de\/product\/bakeliet-deurkruk-zwart-model-dudok-set-met-ovaal-rozet\/","title":{"rendered":"Bakelit-T\u00fcrgriff SCHWARZ Modell Dudok Set mit ovaler Rosette"},"content":{"rendered":"<p><strong>Bakelit-T\u00fcrgriff SCHWARZ Modell Dudok Set mit ovaler Rosette<\/strong> ist ein T\u00fcrgriff aus Bakelit*. Dieser Bakelit-T\u00fcrgriff, entworfen vom niederl\u00e4ndischen Architekten Dudok, passt perfekt in ein Interieur aus den 1930er Jahren. Er sieht an Ihren F\u00fcllungst\u00fcren gro\u00dfartig aus. Das komplette Set beinhaltet:<\/p>\n<p>\u2013 2 T\u00fcrgriffe<br \/>\n\u2013 2 ovale Rosetten<br \/>\n\u2013 2 Patentschrauben (f\u00fcr durchgehende Befestigung)<br \/>\n\u2013 4 Schrauben (falls die Patentbolzen nicht passen)<\/p>\n<p>Diese T\u00fcrgriffe passen f\u00fcr Innent\u00fcren mit einer Mindestdicke von 30 mm und einer Maximaldicke von 50 mm. Dieser T\u00fcrgriff hat keine Feder.<\/p>\n<p><strong>Ma\u00dfe<br \/>\n<\/strong>Das Dudok BLACK Bakelit-T\u00fcrgriffset mit ovaler Rosette hat einen 105 mm langen und 20 mm hohen Griff. Nach der Montage steht der Griff ca. 60 mm \u00fcber. Die Rosette ist 80 mm hoch und 38 mm breit.<\/p>\n<p><strong>Bearbeiten<br \/>\n<\/strong>Der Hocker kann mit den mitgelieferten Materialien zusammengebaut werden.<\/p>\n<p><strong>*Was ist Bakelit?<br \/>\n<\/strong><span data-huuid=\"14432631358764595277\">Ein Bakelit-T\u00fcrgriff ist ein T\u00fcrgriff aus Bakelit, einem der ersten vollsynthetischen Kunststoffe, der im fr\u00fchen 20. Jahrhundert von dem belgischen <span class=\"M5tQyf\">Leo Baekeland.<\/span>\u00a0<\/span><span data-huuid=\"14432631358764596404\">Bakelit ist ein Duroplast: Es wird beim Erhitzen nicht weich, sondern bleibt hart.\u00a0<\/span><span data-huuid=\"14432631358764593435\">Aufgrund dieser robusten und langlebigen Eigenschaften eignet sich das Material sehr gut f\u00fcr T\u00fcrgriffe, die ihnen zudem ein charakteristisches, klassisches Aussehen verleihen.<\/span><\/p>\n<p>Eigenschaften von Bakelit:<\/p>\n<div class=\"WaaZC\">\n<div class=\"RJPOee EIJn2\">\n<ul data-hveid=\"CDAQAQ\" data-ved=\"2ahUKEwj0zdL3juyPAxVVhf0HHd5_AWwQm_YKegQIMBAB\">\n<li>Herkunft: Es handelt sich um den ersten vollsynthetischen Kunststoff, der um 1907 erfunden wurde.<span class=\"pjBG2e\" data-cid=\"fe563be5-6ad8-430d-8fba-ffe730ba282a\"><span class=\"UV3uM\">\u00a0<\/span><\/span><\/li>\n<li>Material: Es handelt sich um ein Phenolharz, eine Mischung aus Phenol und Formaldehyd.<span class=\"pjBG2e\" data-cid=\"7c3e9b6b-1f49-4fe9-8bc6-e7b7eacafc73\"><span class=\"UV3uM\">\u00a0<\/span><\/span><\/li>\n<li>Merkmale:\n<ul data-hveid=\"CC0QAQ\" data-ved=\"2ahUKEwj0zdL3juyPAxVVhf0HHd5_AWwQm_YKegQILRAB\">\n<li>Duroplast: Es wird durch Hitze nicht weich, sondern bleibt hart, was f\u00fcr Langlebigkeit sorgt.<span class=\"pjBG2e\" data-cid=\"26642fe4-40d8-429d-b5d5-310af954afb4\"><span class=\"UV3uM\">\u00a0<\/span><\/span><\/li>\n<li>Stark und robust: Bakelit ist mechanisch stark und f\u00fchlt sich solide an.<span class=\"pjBG2e\" data-cid=\"acec469f-1641-43e1-bf72-33bad29dbf77\"><span class=\"UV3uM\">\u00a0<\/span><\/span><\/li>\n<li>Isolierend: Es verf\u00fcgt auch \u00fcber gute elektrische Isoliereigenschaften.<\/li>\n<li>Gie\u00dfbar: Das Material l\u00e4sst sich unter hohem Druck problemlos in verschiedene Formen pressen.<span class=\"pjBG2e\" data-cid=\"38615eb3-4212-46c4-8b3d-343cffd1a8f3\"><span class=\"UV3uM\">\u00a0<\/span><\/span><\/li>\n<\/ul>\n<\/li>\n<\/ul>\n<\/div>\n<\/div>\n<div class=\"WaaZC\">\n<div class=\"RJPOee EIJn2\">\n<div class=\"rPeykc uP58nb\" data-hveid=\"CEcQAQ\" data-ved=\"2ahUKEwj0zdL3juyPAxVVhf0HHd5_AWwQo_EKegQIRxAB\">\n<div class=\"NPrrbc\" data-cid=\"38615eb3-4212-46c4-8b3d-343cffd1a8f3\" data-uuids=\"671828570640047446,671828570640048005\">\n<div class=\"BMebGe btku5b fCrZyc LwdV0e FR7ZSc qVhvac OJeuxf\" tabindex=\"0\" role=\"button\" aria-label=\"Verwandte Links anzeigen\" data-hveid=\"CEgQAQ\" data-ved=\"2ahUKEwj0zdL3juyPAxVVhf0HHd5_AWwQ3fYKegQISBAB\">\n<div class=\"niO4u\">\n<div class=\"kHtcsd\">Obwohl seine Verwendung im 20. Jahrhundert aufgrund des Aufkommens anderer Kunststoffe zur\u00fcckging, erfreut sich Bakelit heute f\u00fcr Retro-Innenr\u00e4ume wieder gro\u00dfer Beliebtheit.<\/div>\n<\/div>\n<\/div>\n<\/div>\n<\/div>\n<\/div>\n<\/div>","protected":false},"excerpt":{"rendered":"<p>Bakeliet deurkruk ZWART model Dudok set met ovaal rozet is een deurkruk gemaakt van bakeliet*. Deze bakelieten deurkruk is ontworpen door de Nederlandse architect Dudok en past perfect in een jaren 30 interieur. Staat mooi op je paneeldeuren. De complete set bestaat uit: &#8211; 2 deurkrukken &#8211; 2 ovale rozetten &#8211; 2 patentbouten (voor bevestiging [&hellip;]<\/p>\n","protected":false},"featured_media":12746,"template":"","meta":{"_acf_changed":false},"product_brand":[],"product_cat":[58,60],"product_tag":[],"class_list":{"0":"post-12727","1":"product","2":"type-product","3":"status-publish","4":"has-post-thumbnail","6":"product_cat-deurbeslag","7":"product_cat-deurkrukken","9":"first","10":"instock","11":"taxable","12":"shipping-taxable","13":"purchasable","14":"product-type-simple"},"acf":[],"yoast_head":"<!-- This site is optimized with the Yoast SEO plugin v27.3 - https:\/\/yoast.com\/product\/yoast-seo-wordpress\/ -->\n<title>Bakeliet deurkruk ZWART met rozet model Dudok set<\/title>\n<meta name=\"description\" content=\"Bakeliet deurkruk ZWART model Dudok set met ovaal rozet is een deurkruk gemaakt van bakeliet. Past perfect in een jaren 30 interieur.\" \/>\n<meta name=\"robots\" content=\"index, follow, max-snippet:-1, max-image-preview:large, max-video-preview:-1\" \/>\n<link rel=\"canonical\" href=\"https:\/\/partsandpieces.nl\/de\/produkt\/bakelit-turgriff-schwarz-modell-dudok-set-mit-ovaler-rosette\/\" \/>\n<meta property=\"og:locale\" content=\"de_DE\" \/>\n<meta property=\"og:type\" content=\"article\" \/>\n<meta property=\"og:title\" content=\"Bakeliet deurkruk ZWART met rozet model Dudok set\" \/>\n<meta property=\"og:description\" content=\"Bakeliet deurkruk ZWART model Dudok set met ovaal rozet is een deurkruk gemaakt van bakeliet. Past perfect in een jaren 30 interieur.\" \/>\n<meta property=\"og:url\" content=\"https:\/\/partsandpieces.nl\/de\/produkt\/bakelit-turgriff-schwarz-modell-dudok-set-mit-ovaler-rosette\/\" \/>\n<meta property=\"og:site_name\" content=\"Parts &amp; Pieces\" \/>\n<meta property=\"article:modified_time\" content=\"2026-03-22T22:39:13+00:00\" \/>\n<meta property=\"og:image\" content=\"https:\/\/partsandpieces.nl\/wp-content\/uploads\/2025\/09\/Bakeliet-deurkruk-ZWART-model-Dudok-set-met-ovaal-rozet-1.jpg\" \/>\n\t<meta property=\"og:image:width\" content=\"1175\" \/>\n\t<meta property=\"og:image:height\" content=\"1172\" \/>\n\t<meta property=\"og:image:type\" content=\"image\/jpeg\" \/>\n<meta name=\"twitter:card\" content=\"summary_large_image\" \/>\n<meta name=\"twitter:label1\" content=\"Gesch\u00e4tzte Lesezeit\" \/>\n\t<meta name=\"twitter:data1\" content=\"2\u00a0Minuten\" \/>\n<script type=\"application\/ld+json\" class=\"yoast-schema-graph\">{\"@context\":\"https:\\\/\\\/schema.org\",\"@graph\":[{\"@type\":\"WebPage\",\"@id\":\"https:\\\/\\\/partsandpieces.nl\\\/product\\\/bakeliet-deurkruk-zwart-model-dudok-set-met-ovaal-rozet\\\/\",\"url\":\"https:\\\/\\\/partsandpieces.nl\\\/product\\\/bakeliet-deurkruk-zwart-model-dudok-set-met-ovaal-rozet\\\/\",\"name\":\"Bakeliet deurkruk ZWART met rozet model Dudok set\",\"isPartOf\":{\"@id\":\"https:\\\/\\\/partsandpieces.nl\\\/#website\"},\"primaryImageOfPage\":{\"@id\":\"https:\\\/\\\/partsandpieces.nl\\\/product\\\/bakeliet-deurkruk-zwart-model-dudok-set-met-ovaal-rozet\\\/#primaryimage\"},\"image\":{\"@id\":\"https:\\\/\\\/partsandpieces.nl\\\/product\\\/bakeliet-deurkruk-zwart-model-dudok-set-met-ovaal-rozet\\\/#primaryimage\"},\"thumbnailUrl\":\"https:\\\/\\\/partsandpieces.nl\\\/wp-content\\\/uploads\\\/2025\\\/09\\\/Bakeliet-deurkruk-ZWART-model-Dudok-set-met-ovaal-rozet-1.jpg\",\"datePublished\":\"2025-09-22T09:42:59+00:00\",\"dateModified\":\"2026-03-22T22:39:13+00:00\",\"description\":\"Bakeliet deurkruk ZWART model Dudok set met ovaal rozet is een deurkruk gemaakt van bakeliet. Past perfect in een jaren 30 interieur.\",\"breadcrumb\":{\"@id\":\"https:\\\/\\\/partsandpieces.nl\\\/product\\\/bakeliet-deurkruk-zwart-model-dudok-set-met-ovaal-rozet\\\/#breadcrumb\"},\"inLanguage\":\"de\",\"potentialAction\":[{\"@type\":\"ReadAction\",\"target\":[\"https:\\\/\\\/partsandpieces.nl\\\/product\\\/bakeliet-deurkruk-zwart-model-dudok-set-met-ovaal-rozet\\\/\"]}]},{\"@type\":\"ImageObject\",\"inLanguage\":\"de\",\"@id\":\"https:\\\/\\\/partsandpieces.nl\\\/product\\\/bakeliet-deurkruk-zwart-model-dudok-set-met-ovaal-rozet\\\/#primaryimage\",\"url\":\"https:\\\/\\\/partsandpieces.nl\\\/wp-content\\\/uploads\\\/2025\\\/09\\\/Bakeliet-deurkruk-ZWART-model-Dudok-set-met-ovaal-rozet-1.jpg\",\"contentUrl\":\"https:\\\/\\\/partsandpieces.nl\\\/wp-content\\\/uploads\\\/2025\\\/09\\\/Bakeliet-deurkruk-ZWART-model-Dudok-set-met-ovaal-rozet-1.jpg\",\"width\":1175,\"height\":1172,\"caption\":\"Bakeliet deurkruk ZWART model Dudok set met ovaal rozet\"},{\"@type\":\"BreadcrumbList\",\"@id\":\"https:\\\/\\\/partsandpieces.nl\\\/product\\\/bakeliet-deurkruk-zwart-model-dudok-set-met-ovaal-rozet\\\/#breadcrumb\",\"itemListElement\":[{\"@type\":\"ListItem\",\"position\":1,\"name\":\"Home\",\"item\":\"https:\\\/\\\/partsandpieces.nl\\\/home\\\/\"},{\"@type\":\"ListItem\",\"position\":2,\"name\":\"Winkel\",\"item\":\"https:\\\/\\\/partsandpieces.nl\\\/winkel\\\/\"},{\"@type\":\"ListItem\",\"position\":3,\"name\":\"Bakeliet deurkruk ZWART model Dudok set met ovaal rozet\"}]},{\"@type\":\"WebSite\",\"@id\":\"https:\\\/\\\/partsandpieces.nl\\\/#website\",\"url\":\"https:\\\/\\\/partsandpieces.nl\\\/\",\"name\":\"Parts &amp; Pieces\",\"description\":\"Alles voor uw meubelrestauratie en -onderhoud!\",\"potentialAction\":[{\"@type\":\"SearchAction\",\"target\":{\"@type\":\"EntryPoint\",\"urlTemplate\":\"https:\\\/\\\/partsandpieces.nl\\\/?s={search_term_string}\"},\"query-input\":{\"@type\":\"PropertyValueSpecification\",\"valueRequired\":true,\"valueName\":\"search_term_string\"}}],\"inLanguage\":\"de\"}]}<\/script>\n<!-- \/ Yoast SEO plugin. -->","yoast_head_json":{"title":"Bakelit T\u00fcrgriff SCHWARZ mit Rosette Modell Dudok Set","description":"Der schwarze Bakelit-T\u00fcrgriff Dudok mit ovaler Rosette ist aus Bakelit gefertigt. Er passt perfekt in ein Interieur aus den 1930er Jahren.","robots":{"index":"index","follow":"follow","max-snippet":"max-snippet:-1","max-image-preview":"max-image-preview:large","max-video-preview":"max-video-preview:-1"},"canonical":"https:\/\/partsandpieces.nl\/de\/produkt\/bakelit-turgriff-schwarz-modell-dudok-set-mit-ovaler-rosette\/","og_locale":"de_DE","og_type":"article","og_title":"Bakeliet deurkruk ZWART met rozet model Dudok set","og_description":"Bakeliet deurkruk ZWART model Dudok set met ovaal rozet is een deurkruk gemaakt van bakeliet. Past perfect in een jaren 30 interieur.","og_url":"https:\/\/partsandpieces.nl\/de\/produkt\/bakelit-turgriff-schwarz-modell-dudok-set-mit-ovaler-rosette\/","og_site_name":"Parts &amp; Pieces","article_modified_time":"2026-03-22T22:39:13+00:00","og_image":[{"width":1175,"height":1172,"url":"https:\/\/partsandpieces.nl\/wp-content\/uploads\/2025\/09\/Bakeliet-deurkruk-ZWART-model-Dudok-set-met-ovaal-rozet-1.jpg","type":"image\/jpeg"}],"twitter_card":"summary_large_image","twitter_misc":{"Gesch\u00e4tzte Lesezeit":"2\u00a0Minuten"},"schema":{"@context":"https:\/\/schema.org","@graph":[{"@type":"WebPage","@id":"https:\/\/partsandpieces.nl\/product\/bakeliet-deurkruk-zwart-model-dudok-set-met-ovaal-rozet\/","url":"https:\/\/partsandpieces.nl\/product\/bakeliet-deurkruk-zwart-model-dudok-set-met-ovaal-rozet\/","name":"Bakelit T\u00fcrgriff SCHWARZ mit Rosette Modell Dudok Set","isPartOf":{"@id":"https:\/\/partsandpieces.nl\/#website"},"primaryImageOfPage":{"@id":"https:\/\/partsandpieces.nl\/product\/bakeliet-deurkruk-zwart-model-dudok-set-met-ovaal-rozet\/#primaryimage"},"image":{"@id":"https:\/\/partsandpieces.nl\/product\/bakeliet-deurkruk-zwart-model-dudok-set-met-ovaal-rozet\/#primaryimage"},"thumbnailUrl":"https:\/\/partsandpieces.nl\/wp-content\/uploads\/2025\/09\/Bakeliet-deurkruk-ZWART-model-Dudok-set-met-ovaal-rozet-1.jpg","datePublished":"2025-09-22T09:42:59+00:00","dateModified":"2026-03-22T22:39:13+00:00","description":"Der schwarze Bakelit-T\u00fcrgriff Dudok mit ovaler Rosette ist aus Bakelit gefertigt. Er passt perfekt in ein Interieur aus den 1930er Jahren.","breadcrumb":{"@id":"https:\/\/partsandpieces.nl\/product\/bakeliet-deurkruk-zwart-model-dudok-set-met-ovaal-rozet\/#breadcrumb"},"inLanguage":"de","potentialAction":[{"@type":"ReadAction","target":["https:\/\/partsandpieces.nl\/product\/bakeliet-deurkruk-zwart-model-dudok-set-met-ovaal-rozet\/"]}]},{"@type":"ImageObject","inLanguage":"de","@id":"https:\/\/partsandpieces.nl\/product\/bakeliet-deurkruk-zwart-model-dudok-set-met-ovaal-rozet\/#primaryimage","url":"https:\/\/partsandpieces.nl\/wp-content\/uploads\/2025\/09\/Bakeliet-deurkruk-ZWART-model-Dudok-set-met-ovaal-rozet-1.jpg","contentUrl":"https:\/\/partsandpieces.nl\/wp-content\/uploads\/2025\/09\/Bakeliet-deurkruk-ZWART-model-Dudok-set-met-ovaal-rozet-1.jpg","width":1175,"height":1172,"caption":"Bakeliet deurkruk ZWART model Dudok set met ovaal rozet"},{"@type":"BreadcrumbList","@id":"https:\/\/partsandpieces.nl\/product\/bakeliet-deurkruk-zwart-model-dudok-set-met-ovaal-rozet\/#breadcrumb","itemListElement":[{"@type":"ListItem","position":1,"name":"Home","item":"https:\/\/partsandpieces.nl\/home\/"},{"@type":"ListItem","position":2,"name":"Winkel","item":"https:\/\/partsandpieces.nl\/winkel\/"},{"@type":"ListItem","position":3,"name":"Bakeliet deurkruk ZWART model Dudok set met ovaal rozet"}]},{"@type":"WebSite","@id":"https:\/\/partsandpieces.nl\/#website","url":"https:\/\/partsandpieces.nl\/","name":"Teile &amp; St\u00fccke","description":"Alles f\u00fcr Ihre M\u00f6belrestaurierung und -pflege!","potentialAction":[{"@type":"SearchAction","target":{"@type":"EntryPoint","urlTemplate":"https:\/\/partsandpieces.nl\/?s={search_term_string}"},"query-input":{"@type":"PropertyValueSpecification","valueRequired":true,"valueName":"search_term_string"}}],"inLanguage":"de"}]}},"_links":{"self":[{"href":"https:\/\/partsandpieces.nl\/de\/wp-json\/wp\/v2\/product\/12727","targetHints":{"allow":["GET"]}}],"collection":[{"href":"https:\/\/partsandpieces.nl\/de\/wp-json\/wp\/v2\/product"}],"about":[{"href":"https:\/\/partsandpieces.nl\/de\/wp-json\/wp\/v2\/types\/product"}],"wp:featuredmedia":[{"embeddable":true,"href":"https:\/\/partsandpieces.nl\/de\/wp-json\/wp\/v2\/media\/12746"}],"wp:attachment":[{"href":"https:\/\/partsandpieces.nl\/de\/wp-json\/wp\/v2\/media?parent=12727"}],"wp:term":[{"taxonomy":"product_brand","embeddable":true,"href":"https:\/\/partsandpieces.nl\/de\/wp-json\/wp\/v2\/product_brand?post=12727"},{"taxonomy":"product_cat","embeddable":true,"href":"https:\/\/partsandpieces.nl\/de\/wp-json\/wp\/v2\/product_cat?post=12727"},{"taxonomy":"product_tag","embeddable":true,"href":"https:\/\/partsandpieces.nl\/de\/wp-json\/wp\/v2\/product_tag?post=12727"}],"curies":[{"name":"wp","href":"https:\/\/api.w.org\/{rel}","templated":true}]}}