{"id":1274,"date":"2020-08-03T08:41:11","date_gmt":"2020-08-03T08:41:11","guid":{"rendered":"https:\/\/partsandpieces.bonsaidev.nl\/?product=sleutelplaat-noten-40mm"},"modified":"2025-02-24T10:22:30","modified_gmt":"2025-02-24T09:22:30","slug":"schlusselplattenmuttern-aus-holz-rund-tief-40-mm","status":"publish","type":"product","link":"https:\/\/partsandpieces.nl\/de\/product\/houten-sleutelplaatje-noten-rond-diep-40mm\/","title":{"rendered":"Schl\u00fcsselplatte aus Holz. Muttern rund, tief 40 mm"},"content":{"rendered":"<p><strong>Schl\u00fcsselplatte aus Holz. Muttern rund, tief 40 mm<\/strong> ist eine spezielle Schl\u00fcsselplatte f\u00fcr M\u00f6belschubladen aus unbehandeltem Walnussholz. Die Schl\u00fcsselplatte hat eine runde Form und ein tiefes Schl\u00fcsselloch. Sie m\u00fcssen die Schl\u00fcsselplatte fr\u00e4sen.<\/p>\n<p>Dieses hochwertige Schl\u00fcsselschild wird in Italien hergestellt.<\/p>\n<p><strong>Ma\u00dfe<br \/>\n<\/strong>Der Schl\u00fcsselteller aus Holz mit runden Muttern und einer Tiefe von 40 mm hat einen Durchmesser von 40 mm und das Schl\u00fcsselloch ist 19 mm hoch. Die Fr\u00e4sma\u00dfe betragen: Durchmesser 30 mm und Tiefe 5 mm.<\/p>","protected":false},"excerpt":{"rendered":"<p>Houten sleutelplaatje Noten rond diep 40mm is een bijzonder sleutelplaatje voor meubellades gemaakt van onbehandeld notenhout. Het sleutelplaatje is rond van vorm en heeft een diep gelegen sleutelgat. Je dient het sleutelplaatje in te frezen. Deze kwalitatief uitstekende sleutelplaat is gemaakt in Itali\u00eb. Afmetingen Houten sleutelplaatje Noten rond diep 40mm heeft een diameter van 40mm [&hellip;]<\/p>\n","protected":false},"featured_media":7442,"template":"","meta":{"_acf_changed":false},"product_brand":[],"product_cat":[23,48],"product_tag":[],"class_list":{"0":"post-1274","1":"product","2":"type-product","3":"status-publish","4":"has-post-thumbnail","6":"product_cat-meubelbeslag","7":"product_cat-sleutelplaten","9":"first","10":"instock","11":"taxable","12":"shipping-taxable","13":"purchasable","14":"product-type-simple"},"acf":[],"yoast_head":"<!-- This site is optimized with the Yoast SEO plugin v27.3 - https:\/\/yoast.com\/product\/yoast-seo-wordpress\/ -->\n<title>Houten sleutelplaatje Noten 40mm<\/title>\n<meta name=\"description\" content=\"Houten sleutelplaatje Noten rond diep 40mm is een bijzonder sleutelplaatje voor meubellades gemaakt van onbehandeld notenhout.\" \/>\n<meta name=\"robots\" content=\"index, follow, max-snippet:-1, max-image-preview:large, max-video-preview:-1\" \/>\n<link rel=\"canonical\" href=\"https:\/\/partsandpieces.nl\/de\/produkt\/schlusselplattenmuttern-aus-holz-rund-tief-40-mm\/\" \/>\n<meta property=\"og:locale\" content=\"de_DE\" \/>\n<meta property=\"og:type\" content=\"article\" \/>\n<meta property=\"og:title\" content=\"Houten sleutelplaatje Noten 40mm\" \/>\n<meta property=\"og:description\" content=\"Houten sleutelplaatje Noten rond diep 40mm is een bijzonder sleutelplaatje voor meubellades gemaakt van onbehandeld notenhout.\" \/>\n<meta property=\"og:url\" content=\"https:\/\/partsandpieces.nl\/de\/produkt\/schlusselplattenmuttern-aus-holz-rund-tief-40-mm\/\" \/>\n<meta property=\"og:site_name\" content=\"Parts &amp; Pieces\" \/>\n<meta property=\"article:modified_time\" content=\"2025-02-24T09:22:30+00:00\" \/>\n<meta property=\"og:image\" content=\"https:\/\/partsandpieces.nl\/wp-content\/uploads\/2020\/08\/Houten-sleutelplaatje-Noten-rond-diep-40mm.jpg\" \/>\n\t<meta property=\"og:image:width\" content=\"420\" \/>\n\t<meta property=\"og:image:height\" content=\"420\" \/>\n\t<meta property=\"og:image:type\" content=\"image\/jpeg\" \/>\n<meta name=\"twitter:card\" content=\"summary_large_image\" \/>\n<meta name=\"twitter:label1\" content=\"Gesch\u00e4tzte Lesezeit\" \/>\n\t<meta name=\"twitter:data1\" content=\"1\u00a0Minute\" \/>\n<script type=\"application\/ld+json\" class=\"yoast-schema-graph\">{\"@context\":\"https:\\\/\\\/schema.org\",\"@graph\":[{\"@type\":\"WebPage\",\"@id\":\"https:\\\/\\\/partsandpieces.nl\\\/product\\\/houten-sleutelplaatje-noten-rond-diep-40mm\\\/\",\"url\":\"https:\\\/\\\/partsandpieces.nl\\\/product\\\/houten-sleutelplaatje-noten-rond-diep-40mm\\\/\",\"name\":\"Houten sleutelplaatje Noten 40mm\",\"isPartOf\":{\"@id\":\"https:\\\/\\\/partsandpieces.nl\\\/#website\"},\"primaryImageOfPage\":{\"@id\":\"https:\\\/\\\/partsandpieces.nl\\\/product\\\/houten-sleutelplaatje-noten-rond-diep-40mm\\\/#primaryimage\"},\"image\":{\"@id\":\"https:\\\/\\\/partsandpieces.nl\\\/product\\\/houten-sleutelplaatje-noten-rond-diep-40mm\\\/#primaryimage\"},\"thumbnailUrl\":\"https:\\\/\\\/partsandpieces.nl\\\/wp-content\\\/uploads\\\/2020\\\/08\\\/Houten-sleutelplaatje-Noten-rond-diep-40mm.jpg\",\"datePublished\":\"2020-08-03T08:41:11+00:00\",\"dateModified\":\"2025-02-24T09:22:30+00:00\",\"description\":\"Houten sleutelplaatje Noten rond diep 40mm is een bijzonder sleutelplaatje voor meubellades gemaakt van onbehandeld notenhout.\",\"breadcrumb\":{\"@id\":\"https:\\\/\\\/partsandpieces.nl\\\/product\\\/houten-sleutelplaatje-noten-rond-diep-40mm\\\/#breadcrumb\"},\"inLanguage\":\"de\",\"potentialAction\":[{\"@type\":\"ReadAction\",\"target\":[\"https:\\\/\\\/partsandpieces.nl\\\/product\\\/houten-sleutelplaatje-noten-rond-diep-40mm\\\/\"]}]},{\"@type\":\"ImageObject\",\"inLanguage\":\"de\",\"@id\":\"https:\\\/\\\/partsandpieces.nl\\\/product\\\/houten-sleutelplaatje-noten-rond-diep-40mm\\\/#primaryimage\",\"url\":\"https:\\\/\\\/partsandpieces.nl\\\/wp-content\\\/uploads\\\/2020\\\/08\\\/Houten-sleutelplaatje-Noten-rond-diep-40mm.jpg\",\"contentUrl\":\"https:\\\/\\\/partsandpieces.nl\\\/wp-content\\\/uploads\\\/2020\\\/08\\\/Houten-sleutelplaatje-Noten-rond-diep-40mm.jpg\",\"width\":420,\"height\":420,\"caption\":\"Houten sleutelplaatje Noten rond diep 40mm\"},{\"@type\":\"BreadcrumbList\",\"@id\":\"https:\\\/\\\/partsandpieces.nl\\\/product\\\/houten-sleutelplaatje-noten-rond-diep-40mm\\\/#breadcrumb\",\"itemListElement\":[{\"@type\":\"ListItem\",\"position\":1,\"name\":\"Home\",\"item\":\"https:\\\/\\\/partsandpieces.nl\\\/home\\\/\"},{\"@type\":\"ListItem\",\"position\":2,\"name\":\"Winkel\",\"item\":\"https:\\\/\\\/partsandpieces.nl\\\/winkel\\\/\"},{\"@type\":\"ListItem\",\"position\":3,\"name\":\"Houten sleutelplaatje Noten rond diep 40mm\"}]},{\"@type\":\"WebSite\",\"@id\":\"https:\\\/\\\/partsandpieces.nl\\\/#website\",\"url\":\"https:\\\/\\\/partsandpieces.nl\\\/\",\"name\":\"Parts &amp; Pieces\",\"description\":\"Alles voor uw meubelrestauratie en -onderhoud!\",\"potentialAction\":[{\"@type\":\"SearchAction\",\"target\":{\"@type\":\"EntryPoint\",\"urlTemplate\":\"https:\\\/\\\/partsandpieces.nl\\\/?s={search_term_string}\"},\"query-input\":{\"@type\":\"PropertyValueSpecification\",\"valueRequired\":true,\"valueName\":\"search_term_string\"}}],\"inLanguage\":\"de\"}]}<\/script>\n<!-- \/ Yoast SEO plugin. -->","yoast_head_json":{"title":"Schl\u00fcsselplatte aus Holz, Muttern 40 mm","description":"Holzschl\u00fcsselplatte Walnuss rund tief 40 mm ist eine spezielle Schl\u00fcsselplatte f\u00fcr M\u00f6belschubladen aus unbehandeltem Walnussholz.","robots":{"index":"index","follow":"follow","max-snippet":"max-snippet:-1","max-image-preview":"max-image-preview:large","max-video-preview":"max-video-preview:-1"},"canonical":"https:\/\/partsandpieces.nl\/de\/produkt\/schlusselplattenmuttern-aus-holz-rund-tief-40-mm\/","og_locale":"de_DE","og_type":"article","og_title":"Houten sleutelplaatje Noten 40mm","og_description":"Houten sleutelplaatje Noten rond diep 40mm is een bijzonder sleutelplaatje voor meubellades gemaakt van onbehandeld notenhout.","og_url":"https:\/\/partsandpieces.nl\/de\/produkt\/schlusselplattenmuttern-aus-holz-rund-tief-40-mm\/","og_site_name":"Parts &amp; Pieces","article_modified_time":"2025-02-24T09:22:30+00:00","og_image":[{"width":420,"height":420,"url":"https:\/\/partsandpieces.nl\/wp-content\/uploads\/2020\/08\/Houten-sleutelplaatje-Noten-rond-diep-40mm.jpg","type":"image\/jpeg"}],"twitter_card":"summary_large_image","twitter_misc":{"Gesch\u00e4tzte Lesezeit":"1\u00a0Minute"},"schema":{"@context":"https:\/\/schema.org","@graph":[{"@type":"WebPage","@id":"https:\/\/partsandpieces.nl\/product\/houten-sleutelplaatje-noten-rond-diep-40mm\/","url":"https:\/\/partsandpieces.nl\/product\/houten-sleutelplaatje-noten-rond-diep-40mm\/","name":"Schl\u00fcsselplatte aus Holz, Muttern 40 mm","isPartOf":{"@id":"https:\/\/partsandpieces.nl\/#website"},"primaryImageOfPage":{"@id":"https:\/\/partsandpieces.nl\/product\/houten-sleutelplaatje-noten-rond-diep-40mm\/#primaryimage"},"image":{"@id":"https:\/\/partsandpieces.nl\/product\/houten-sleutelplaatje-noten-rond-diep-40mm\/#primaryimage"},"thumbnailUrl":"https:\/\/partsandpieces.nl\/wp-content\/uploads\/2020\/08\/Houten-sleutelplaatje-Noten-rond-diep-40mm.jpg","datePublished":"2020-08-03T08:41:11+00:00","dateModified":"2025-02-24T09:22:30+00:00","description":"Holzschl\u00fcsselplatte Walnuss rund tief 40 mm ist eine spezielle Schl\u00fcsselplatte f\u00fcr M\u00f6belschubladen aus unbehandeltem Walnussholz.","breadcrumb":{"@id":"https:\/\/partsandpieces.nl\/product\/houten-sleutelplaatje-noten-rond-diep-40mm\/#breadcrumb"},"inLanguage":"de","potentialAction":[{"@type":"ReadAction","target":["https:\/\/partsandpieces.nl\/product\/houten-sleutelplaatje-noten-rond-diep-40mm\/"]}]},{"@type":"ImageObject","inLanguage":"de","@id":"https:\/\/partsandpieces.nl\/product\/houten-sleutelplaatje-noten-rond-diep-40mm\/#primaryimage","url":"https:\/\/partsandpieces.nl\/wp-content\/uploads\/2020\/08\/Houten-sleutelplaatje-Noten-rond-diep-40mm.jpg","contentUrl":"https:\/\/partsandpieces.nl\/wp-content\/uploads\/2020\/08\/Houten-sleutelplaatje-Noten-rond-diep-40mm.jpg","width":420,"height":420,"caption":"Houten sleutelplaatje Noten rond diep 40mm"},{"@type":"BreadcrumbList","@id":"https:\/\/partsandpieces.nl\/product\/houten-sleutelplaatje-noten-rond-diep-40mm\/#breadcrumb","itemListElement":[{"@type":"ListItem","position":1,"name":"Home","item":"https:\/\/partsandpieces.nl\/home\/"},{"@type":"ListItem","position":2,"name":"Winkel","item":"https:\/\/partsandpieces.nl\/winkel\/"},{"@type":"ListItem","position":3,"name":"Houten sleutelplaatje Noten rond diep 40mm"}]},{"@type":"WebSite","@id":"https:\/\/partsandpieces.nl\/#website","url":"https:\/\/partsandpieces.nl\/","name":"Teile &amp; St\u00fccke","description":"Alles f\u00fcr Ihre M\u00f6belrestaurierung und -pflege!","potentialAction":[{"@type":"SearchAction","target":{"@type":"EntryPoint","urlTemplate":"https:\/\/partsandpieces.nl\/?s={search_term_string}"},"query-input":{"@type":"PropertyValueSpecification","valueRequired":true,"valueName":"search_term_string"}}],"inLanguage":"de"}]}},"_links":{"self":[{"href":"https:\/\/partsandpieces.nl\/de\/wp-json\/wp\/v2\/product\/1274","targetHints":{"allow":["GET"]}}],"collection":[{"href":"https:\/\/partsandpieces.nl\/de\/wp-json\/wp\/v2\/product"}],"about":[{"href":"https:\/\/partsandpieces.nl\/de\/wp-json\/wp\/v2\/types\/product"}],"wp:featuredmedia":[{"embeddable":true,"href":"https:\/\/partsandpieces.nl\/de\/wp-json\/wp\/v2\/media\/7442"}],"wp:attachment":[{"href":"https:\/\/partsandpieces.nl\/de\/wp-json\/wp\/v2\/media?parent=1274"}],"wp:term":[{"taxonomy":"product_brand","embeddable":true,"href":"https:\/\/partsandpieces.nl\/de\/wp-json\/wp\/v2\/product_brand?post=1274"},{"taxonomy":"product_cat","embeddable":true,"href":"https:\/\/partsandpieces.nl\/de\/wp-json\/wp\/v2\/product_cat?post=1274"},{"taxonomy":"product_tag","embeddable":true,"href":"https:\/\/partsandpieces.nl\/de\/wp-json\/wp\/v2\/product_tag?post=1274"}],"curies":[{"name":"wp","href":"https:\/\/api.w.org\/{rel}","templated":true}]}}