{"id":1276,"date":"2020-08-03T08:44:15","date_gmt":"2020-08-03T08:44:15","guid":{"rendered":"https:\/\/partsandpieces.bonsaidev.nl\/?product=sleutelplaat-ant-ovaal-34x92-mm"},"modified":"2025-10-06T11:05:07","modified_gmt":"2025-10-06T09:05:07","slug":"schlusselplatte-messing-antik-oval-vertikal-34x91mm","status":"publish","type":"product","link":"https:\/\/partsandpieces.nl\/de\/product\/sleutelplaat-messing-antiek-ovaal-verticaal-34x91mm\/","title":{"rendered":"Schl\u00fcsselplatte Messing Antik Oval vertikal 34x91mm"},"content":{"rendered":"<p><strong>Schl\u00fcsselplatte Messing Antik Oval vertikal 34x91mm<\/strong> ist ein handgefertigtes Schl\u00fcsselschild mit antikem Messingfinish. Das Schl\u00fcsselschild hat ein handgefertigtes und gebrauchtes Aussehen. Passt gut auf Ihre antiken oder klassischen M\u00f6bel und Schubladen.<\/p>\n<p><strong>Ma\u00dfe<br \/>\n<\/strong>Das Schl\u00fcsselschild Messing Antik Oval vertikal 34x91mm ist insgesamt 34mm breit und 91mm hoch. Das Schl\u00fcsselloch ist 14 mm hoch.<\/p>\n<p><strong>Bearbeiten<br \/>\n<\/strong>Sie k\u00f6nnen die Schl\u00fcsselplatte mit montieren\u00a0<span style=\"text-decoration: underline;\"><a href=\"https:\/\/partsandpieces.nl\/de\/produkt\/schrauben-mit-rundkopf-antikbronze-mit-schlitz-2-x-14-mm\/\">Schraube Rundkopf Antik Bronze mit Schlitz (2x14mm)<\/a><\/span>. Ich schicke diese Schrauben\u00a0<strong>FREI<\/strong>\u00a0mit Ihrer Bestellung.<\/p>","protected":false},"excerpt":{"rendered":"<p>Sleutelplaat Messing Antiek Ovaal verticaal 34x91mm is een handgemaakte sleutelplaat met een antieke messing afwerking. De sleutelplaat heeft een handgemaakte en gebruikte uitstraling. Past goed op je antieke of klassieke meubel en lades. Afmetingen Sleutelplaat Messing Antiek Ovaal verticaal 34x91mm is in zijn geheel 34mm breed en 91mm hoog. Het sleutelgat is 14mm hoog. Montage [&hellip;]<\/p>\n","protected":false},"featured_media":7841,"template":"","meta":{"_acf_changed":false},"product_brand":[],"product_cat":[23,48],"product_tag":[],"class_list":{"0":"post-1276","1":"product","2":"type-product","3":"status-publish","4":"has-post-thumbnail","6":"product_cat-meubelbeslag","7":"product_cat-sleutelplaten","9":"first","10":"instock","11":"taxable","12":"shipping-taxable","13":"purchasable","14":"product-type-simple"},"acf":[],"yoast_head":"<!-- This site is optimized with the Yoast SEO plugin v27.3 - https:\/\/yoast.com\/product\/yoast-seo-wordpress\/ -->\n<title>Sleutelplaat Messing Ovaal verticaal antiek 34x91mm<\/title>\n<meta name=\"description\" content=\"Sleutelplaat Messing Antiek Ovaal verticaal 34x91mm is een handgemaakte sleutelplaat met een antieke messing afwerking. Past goed op je antieke meubel.\" \/>\n<meta name=\"robots\" content=\"index, follow, max-snippet:-1, max-image-preview:large, max-video-preview:-1\" \/>\n<link rel=\"canonical\" href=\"https:\/\/partsandpieces.nl\/de\/produkt\/schlusselplatte-messing-antik-oval-vertikal-34x91mm\/\" \/>\n<meta property=\"og:locale\" content=\"de_DE\" \/>\n<meta property=\"og:type\" content=\"article\" \/>\n<meta property=\"og:title\" content=\"Sleutelplaat Messing Ovaal verticaal antiek 34x91mm\" \/>\n<meta property=\"og:description\" content=\"Sleutelplaat Messing Antiek Ovaal verticaal 34x91mm is een handgemaakte sleutelplaat met een antieke messing afwerking. Past goed op je antieke meubel.\" \/>\n<meta property=\"og:url\" content=\"https:\/\/partsandpieces.nl\/de\/produkt\/schlusselplatte-messing-antik-oval-vertikal-34x91mm\/\" \/>\n<meta property=\"og:site_name\" content=\"Parts &amp; Pieces\" \/>\n<meta property=\"article:modified_time\" content=\"2025-10-06T09:05:07+00:00\" \/>\n<meta property=\"og:image\" content=\"https:\/\/partsandpieces.nl\/wp-content\/uploads\/2020\/08\/Sleutelplaat-Messing-Antiek-Ovaal-verticaal-34x91mm.jpg\" \/>\n\t<meta property=\"og:image:width\" content=\"382\" \/>\n\t<meta property=\"og:image:height\" content=\"381\" \/>\n\t<meta property=\"og:image:type\" content=\"image\/jpeg\" \/>\n<meta name=\"twitter:card\" content=\"summary_large_image\" \/>\n<meta name=\"twitter:label1\" content=\"Gesch\u00e4tzte Lesezeit\" \/>\n\t<meta name=\"twitter:data1\" content=\"1\u00a0Minute\" \/>\n<script type=\"application\/ld+json\" class=\"yoast-schema-graph\">{\"@context\":\"https:\\\/\\\/schema.org\",\"@graph\":[{\"@type\":\"WebPage\",\"@id\":\"https:\\\/\\\/partsandpieces.nl\\\/product\\\/sleutelplaat-messing-antiek-ovaal-verticaal-34x91mm\\\/\",\"url\":\"https:\\\/\\\/partsandpieces.nl\\\/product\\\/sleutelplaat-messing-antiek-ovaal-verticaal-34x91mm\\\/\",\"name\":\"Sleutelplaat Messing Ovaal verticaal antiek 34x91mm\",\"isPartOf\":{\"@id\":\"https:\\\/\\\/partsandpieces.nl\\\/#website\"},\"primaryImageOfPage\":{\"@id\":\"https:\\\/\\\/partsandpieces.nl\\\/product\\\/sleutelplaat-messing-antiek-ovaal-verticaal-34x91mm\\\/#primaryimage\"},\"image\":{\"@id\":\"https:\\\/\\\/partsandpieces.nl\\\/product\\\/sleutelplaat-messing-antiek-ovaal-verticaal-34x91mm\\\/#primaryimage\"},\"thumbnailUrl\":\"https:\\\/\\\/partsandpieces.nl\\\/wp-content\\\/uploads\\\/2020\\\/08\\\/Sleutelplaat-Messing-Antiek-Ovaal-verticaal-34x91mm.jpg\",\"datePublished\":\"2020-08-03T08:44:15+00:00\",\"dateModified\":\"2025-10-06T09:05:07+00:00\",\"description\":\"Sleutelplaat Messing Antiek Ovaal verticaal 34x91mm is een handgemaakte sleutelplaat met een antieke messing afwerking. Past goed op je antieke meubel.\",\"breadcrumb\":{\"@id\":\"https:\\\/\\\/partsandpieces.nl\\\/product\\\/sleutelplaat-messing-antiek-ovaal-verticaal-34x91mm\\\/#breadcrumb\"},\"inLanguage\":\"de\",\"potentialAction\":[{\"@type\":\"ReadAction\",\"target\":[\"https:\\\/\\\/partsandpieces.nl\\\/product\\\/sleutelplaat-messing-antiek-ovaal-verticaal-34x91mm\\\/\"]}]},{\"@type\":\"ImageObject\",\"inLanguage\":\"de\",\"@id\":\"https:\\\/\\\/partsandpieces.nl\\\/product\\\/sleutelplaat-messing-antiek-ovaal-verticaal-34x91mm\\\/#primaryimage\",\"url\":\"https:\\\/\\\/partsandpieces.nl\\\/wp-content\\\/uploads\\\/2020\\\/08\\\/Sleutelplaat-Messing-Antiek-Ovaal-verticaal-34x91mm.jpg\",\"contentUrl\":\"https:\\\/\\\/partsandpieces.nl\\\/wp-content\\\/uploads\\\/2020\\\/08\\\/Sleutelplaat-Messing-Antiek-Ovaal-verticaal-34x91mm.jpg\",\"width\":382,\"height\":381,\"caption\":\"Sleutelplaat Messing Antiek Ovaal verticaal 34x91mm\"},{\"@type\":\"BreadcrumbList\",\"@id\":\"https:\\\/\\\/partsandpieces.nl\\\/product\\\/sleutelplaat-messing-antiek-ovaal-verticaal-34x91mm\\\/#breadcrumb\",\"itemListElement\":[{\"@type\":\"ListItem\",\"position\":1,\"name\":\"Home\",\"item\":\"https:\\\/\\\/partsandpieces.nl\\\/home\\\/\"},{\"@type\":\"ListItem\",\"position\":2,\"name\":\"Winkel\",\"item\":\"https:\\\/\\\/partsandpieces.nl\\\/winkel\\\/\"},{\"@type\":\"ListItem\",\"position\":3,\"name\":\"Sleutelplaat Messing Antiek Ovaal verticaal 34x91mm\"}]},{\"@type\":\"WebSite\",\"@id\":\"https:\\\/\\\/partsandpieces.nl\\\/#website\",\"url\":\"https:\\\/\\\/partsandpieces.nl\\\/\",\"name\":\"Parts &amp; Pieces\",\"description\":\"Alles voor uw meubelrestauratie en -onderhoud!\",\"potentialAction\":[{\"@type\":\"SearchAction\",\"target\":{\"@type\":\"EntryPoint\",\"urlTemplate\":\"https:\\\/\\\/partsandpieces.nl\\\/?s={search_term_string}\"},\"query-input\":{\"@type\":\"PropertyValueSpecification\",\"valueRequired\":true,\"valueName\":\"search_term_string\"}}],\"inLanguage\":\"de\"}]}<\/script>\n<!-- \/ Yoast SEO plugin. -->","yoast_head_json":{"title":"Schl\u00fcsselplatte Messing Oval vertikal antik 34x91mm","description":"Das Schl\u00fcsselschild Messing Antik Oval vertikal 34 x 91 mm ist ein handgefertigtes Schl\u00fcsselschild mit einem antiken Messingfinish. Passt gut zu Ihren antiken M\u00f6beln.","robots":{"index":"index","follow":"follow","max-snippet":"max-snippet:-1","max-image-preview":"max-image-preview:large","max-video-preview":"max-video-preview:-1"},"canonical":"https:\/\/partsandpieces.nl\/de\/produkt\/schlusselplatte-messing-antik-oval-vertikal-34x91mm\/","og_locale":"de_DE","og_type":"article","og_title":"Sleutelplaat Messing Ovaal verticaal antiek 34x91mm","og_description":"Sleutelplaat Messing Antiek Ovaal verticaal 34x91mm is een handgemaakte sleutelplaat met een antieke messing afwerking. Past goed op je antieke meubel.","og_url":"https:\/\/partsandpieces.nl\/de\/produkt\/schlusselplatte-messing-antik-oval-vertikal-34x91mm\/","og_site_name":"Parts &amp; Pieces","article_modified_time":"2025-10-06T09:05:07+00:00","og_image":[{"width":382,"height":381,"url":"https:\/\/partsandpieces.nl\/wp-content\/uploads\/2020\/08\/Sleutelplaat-Messing-Antiek-Ovaal-verticaal-34x91mm.jpg","type":"image\/jpeg"}],"twitter_card":"summary_large_image","twitter_misc":{"Gesch\u00e4tzte Lesezeit":"1\u00a0Minute"},"schema":{"@context":"https:\/\/schema.org","@graph":[{"@type":"WebPage","@id":"https:\/\/partsandpieces.nl\/product\/sleutelplaat-messing-antiek-ovaal-verticaal-34x91mm\/","url":"https:\/\/partsandpieces.nl\/product\/sleutelplaat-messing-antiek-ovaal-verticaal-34x91mm\/","name":"Schl\u00fcsselplatte Messing Oval vertikal antik 34x91mm","isPartOf":{"@id":"https:\/\/partsandpieces.nl\/#website"},"primaryImageOfPage":{"@id":"https:\/\/partsandpieces.nl\/product\/sleutelplaat-messing-antiek-ovaal-verticaal-34x91mm\/#primaryimage"},"image":{"@id":"https:\/\/partsandpieces.nl\/product\/sleutelplaat-messing-antiek-ovaal-verticaal-34x91mm\/#primaryimage"},"thumbnailUrl":"https:\/\/partsandpieces.nl\/wp-content\/uploads\/2020\/08\/Sleutelplaat-Messing-Antiek-Ovaal-verticaal-34x91mm.jpg","datePublished":"2020-08-03T08:44:15+00:00","dateModified":"2025-10-06T09:05:07+00:00","description":"Das Schl\u00fcsselschild Messing Antik Oval vertikal 34 x 91 mm ist ein handgefertigtes Schl\u00fcsselschild mit einem antiken Messingfinish. Passt gut zu Ihren antiken M\u00f6beln.","breadcrumb":{"@id":"https:\/\/partsandpieces.nl\/product\/sleutelplaat-messing-antiek-ovaal-verticaal-34x91mm\/#breadcrumb"},"inLanguage":"de","potentialAction":[{"@type":"ReadAction","target":["https:\/\/partsandpieces.nl\/product\/sleutelplaat-messing-antiek-ovaal-verticaal-34x91mm\/"]}]},{"@type":"ImageObject","inLanguage":"de","@id":"https:\/\/partsandpieces.nl\/product\/sleutelplaat-messing-antiek-ovaal-verticaal-34x91mm\/#primaryimage","url":"https:\/\/partsandpieces.nl\/wp-content\/uploads\/2020\/08\/Sleutelplaat-Messing-Antiek-Ovaal-verticaal-34x91mm.jpg","contentUrl":"https:\/\/partsandpieces.nl\/wp-content\/uploads\/2020\/08\/Sleutelplaat-Messing-Antiek-Ovaal-verticaal-34x91mm.jpg","width":382,"height":381,"caption":"Sleutelplaat Messing Antiek Ovaal verticaal 34x91mm"},{"@type":"BreadcrumbList","@id":"https:\/\/partsandpieces.nl\/product\/sleutelplaat-messing-antiek-ovaal-verticaal-34x91mm\/#breadcrumb","itemListElement":[{"@type":"ListItem","position":1,"name":"Home","item":"https:\/\/partsandpieces.nl\/home\/"},{"@type":"ListItem","position":2,"name":"Winkel","item":"https:\/\/partsandpieces.nl\/winkel\/"},{"@type":"ListItem","position":3,"name":"Sleutelplaat Messing Antiek Ovaal verticaal 34x91mm"}]},{"@type":"WebSite","@id":"https:\/\/partsandpieces.nl\/#website","url":"https:\/\/partsandpieces.nl\/","name":"Teile &amp; St\u00fccke","description":"Alles f\u00fcr Ihre M\u00f6belrestaurierung und -pflege!","potentialAction":[{"@type":"SearchAction","target":{"@type":"EntryPoint","urlTemplate":"https:\/\/partsandpieces.nl\/?s={search_term_string}"},"query-input":{"@type":"PropertyValueSpecification","valueRequired":true,"valueName":"search_term_string"}}],"inLanguage":"de"}]}},"_links":{"self":[{"href":"https:\/\/partsandpieces.nl\/de\/wp-json\/wp\/v2\/product\/1276","targetHints":{"allow":["GET"]}}],"collection":[{"href":"https:\/\/partsandpieces.nl\/de\/wp-json\/wp\/v2\/product"}],"about":[{"href":"https:\/\/partsandpieces.nl\/de\/wp-json\/wp\/v2\/types\/product"}],"wp:featuredmedia":[{"embeddable":true,"href":"https:\/\/partsandpieces.nl\/de\/wp-json\/wp\/v2\/media\/7841"}],"wp:attachment":[{"href":"https:\/\/partsandpieces.nl\/de\/wp-json\/wp\/v2\/media?parent=1276"}],"wp:term":[{"taxonomy":"product_brand","embeddable":true,"href":"https:\/\/partsandpieces.nl\/de\/wp-json\/wp\/v2\/product_brand?post=1276"},{"taxonomy":"product_cat","embeddable":true,"href":"https:\/\/partsandpieces.nl\/de\/wp-json\/wp\/v2\/product_cat?post=1276"},{"taxonomy":"product_tag","embeddable":true,"href":"https:\/\/partsandpieces.nl\/de\/wp-json\/wp\/v2\/product_tag?post=1276"}],"curies":[{"name":"wp","href":"https:\/\/api.w.org\/{rel}","templated":true}]}}