{"id":12857,"date":"2025-10-06T15:04:08","date_gmt":"2025-10-06T13:04:08","guid":{"rendered":"https:\/\/partsandpieces.nl\/?post_type=product&#038;p=12857"},"modified":"2026-02-14T13:51:05","modified_gmt":"2026-02-14T12:51:05","slug":"metalino-stahlwolle-mittelgrob-2-200-gramm","status":"publish","type":"product","link":"https:\/\/partsandpieces.nl\/de\/product\/metalino-staalwol-middel-grof-2-200-gram\/","title":{"rendered":"Metalino Stahlwolle mittelgrob 2 200 Gramm"},"content":{"rendered":"<p><strong>Metalino Stahlwolle mittelgrob 2 200 Gramm<\/strong> Es eignet sich besonders zum Polieren von gewachstem Holz und zum Gl\u00e4tten matter Oberfl\u00e4chen auf hochglanzpolierten Holzoberfl\u00e4chen. Auch zum Entfernen von Wasserflecken auf gewachstem Holz k\u00f6nnen Sie es verwenden.<\/p>\n<p>METALINO Stahlwolle zeichnet sich durch hohe Reinheit, hohe Elastizit\u00e4t, Rei\u00dffestigkeit und Umweltfreundlichkeit aus. Die Stahlwollestr\u00e4nge lassen sich einfach auf die gew\u00fcnschte Gr\u00f6\u00dfe zuschneiden und sind sofort einsatzbereit.<\/p>\n<p>Die zweisprachige Verpackung (Niederl\u00e4ndisch\/Franz\u00f6sisch) enth\u00e4lt ausf\u00fchrliche Verarbeitungshinweise und Anwendungsempfehlungen f\u00fcr die jeweils gew\u00fcnschte Qualit\u00e4t.<\/p>\n<p><strong>Anwendungen<\/strong><\/p>\n<p class=\"text-center\"><strong>Holz<\/strong>Zum Schleifen nach dem Grundieren und vor dem Auftragen der ersten Farb- oder Lackschicht. Auf strukturierten Holzoberfl\u00e4chen kommt die nat\u00fcrliche Maserung deutlich zur Geltung.<br \/>\n<strong>Lack: <\/strong>Entfernt alte Lackschichten von antiken M\u00f6beln, zusammen mit Lackentferner. Raut alte Lackschichten vor dem Auftragen von neuem Lack auf.<br \/>\n<strong>Metall<\/strong>Reinigt Kupferrohre und Fittings vor dem L\u00f6ten. Entfernt hartn\u00e4ckigen Schmutz, Flugrost, \u00d6lverschmutzungen und Kalkablagerungen.<br \/>\n<strong>Reinigung<\/strong>Ideal zum Reinigen von Gartenm\u00f6beln und Jalousien. Glasbausteine und Fliesen reinigen Sie zuverl\u00e4ssig und kratzfrei.<\/p>\n<p class=\"text-center\"><strong>\u00dcber Metalino<\/strong><\/p>\n<p>Die Erfolgsgeschichte der Marke METALINO beginnt 1934 mit der Gr\u00fcndung der \u201eEerste Nederlandse Staalwol\u2013 en Krullenfabriek BV\u201c (Erste Niederl\u00e4ndische Stahlwolle- und Lockenfabrik BV) in Didam (Gelderland). Der Name METALINO leitet sich vom griechischen Wort f\u00fcr \u201eMetall\u201c ab. Heute ist METALINO die Nummer eins in den Niederlanden und bietet ein breites Sortiment an Stahlwolleprodukten f\u00fcr Handwerk und Industrie. Die METALINO-Verpackungen sind an den leuchtenden Farben Orange und Blau sowie dem markanten METALINO-Logo erkennbar. Seit 2013 geh\u00f6rt METALINO Staalwol zur OSCAR WEIL GmbH in Lahr.<\/p>","protected":false},"excerpt":{"rendered":"<p>Metalino Staalwol middel grof 2 200 gram is bijzonder geschikt voor het polijsten van gewaxt hout en het gladmaken van matte afwerkingen voor hoogglans gepolijste houten oppervlakken. Je kunt het ook gebruiken om watervlekken op gewaxt hout te verwijderen. METALINO staalwol staat bekend om zijn kwaliteitsvolle zuiverheid, hoge elasticiteit, scheurvastheid en milieuvriendelijkheid. De staalwolstrengen kunnen [&hellip;]<\/p>\n","protected":false},"featured_media":12836,"template":"","meta":{"_acf_changed":false},"product_brand":[],"product_cat":[93,100],"product_tag":[],"class_list":{"0":"post-12857","1":"product","2":"type-product","3":"status-publish","4":"has-post-thumbnail","6":"product_cat-diversen","7":"product_cat-staalwol","9":"first","10":"instock","11":"taxable","12":"shipping-taxable","13":"purchasable","14":"product-type-simple"},"acf":[],"yoast_head":"<!-- This site is optimized with the Yoast SEO plugin v27.3 - https:\/\/yoast.com\/product\/yoast-seo-wordpress\/ -->\n<title>Staalwol middel grof 2 200 gram van Metalino<\/title>\n<meta name=\"description\" content=\"Metalino Staalwol middel grof 2 200 gram is bijzonder geschikt voor het polijsten van gewaxt hout en het gladmaken van matte afwerkingen.\" \/>\n<meta name=\"robots\" content=\"index, follow, max-snippet:-1, max-image-preview:large, max-video-preview:-1\" \/>\n<link rel=\"canonical\" href=\"https:\/\/partsandpieces.nl\/de\/produkt\/metalino-stahlwolle-mittelgrob-2-200-gramm\/\" \/>\n<meta property=\"og:locale\" content=\"de_DE\" \/>\n<meta property=\"og:type\" content=\"article\" \/>\n<meta property=\"og:title\" content=\"Staalwol middel grof 2 200 gram van Metalino\" \/>\n<meta property=\"og:description\" content=\"Metalino Staalwol middel grof 2 200 gram is bijzonder geschikt voor het polijsten van gewaxt hout en het gladmaken van matte afwerkingen.\" \/>\n<meta property=\"og:url\" content=\"https:\/\/partsandpieces.nl\/de\/produkt\/metalino-stahlwolle-mittelgrob-2-200-gramm\/\" \/>\n<meta property=\"og:site_name\" content=\"Parts &amp; Pieces\" \/>\n<meta property=\"article:modified_time\" content=\"2026-02-14T12:51:05+00:00\" \/>\n<meta property=\"og:image\" content=\"https:\/\/partsandpieces.nl\/wp-content\/uploads\/2025\/10\/Metalino-Staalwol-200g-fijn.jpg\" \/>\n\t<meta property=\"og:image:width\" content=\"480\" \/>\n\t<meta property=\"og:image:height\" content=\"480\" \/>\n\t<meta property=\"og:image:type\" content=\"image\/jpeg\" \/>\n<meta name=\"twitter:card\" content=\"summary_large_image\" \/>\n<meta name=\"twitter:label1\" content=\"Gesch\u00e4tzte Lesezeit\" \/>\n\t<meta name=\"twitter:data1\" content=\"2\u00a0Minuten\" \/>\n<script type=\"application\/ld+json\" class=\"yoast-schema-graph\">{\"@context\":\"https:\\\/\\\/schema.org\",\"@graph\":[{\"@type\":\"WebPage\",\"@id\":\"https:\\\/\\\/partsandpieces.nl\\\/product\\\/metalino-staalwol-middel-grof-2-200-gram\\\/\",\"url\":\"https:\\\/\\\/partsandpieces.nl\\\/product\\\/metalino-staalwol-middel-grof-2-200-gram\\\/\",\"name\":\"Staalwol middel grof 2 200 gram van Metalino\",\"isPartOf\":{\"@id\":\"https:\\\/\\\/partsandpieces.nl\\\/#website\"},\"primaryImageOfPage\":{\"@id\":\"https:\\\/\\\/partsandpieces.nl\\\/product\\\/metalino-staalwol-middel-grof-2-200-gram\\\/#primaryimage\"},\"image\":{\"@id\":\"https:\\\/\\\/partsandpieces.nl\\\/product\\\/metalino-staalwol-middel-grof-2-200-gram\\\/#primaryimage\"},\"thumbnailUrl\":\"https:\\\/\\\/partsandpieces.nl\\\/wp-content\\\/uploads\\\/2025\\\/10\\\/Metalino-Staalwol-200g-fijn.jpg\",\"datePublished\":\"2025-10-06T13:04:08+00:00\",\"dateModified\":\"2026-02-14T12:51:05+00:00\",\"description\":\"Metalino Staalwol middel grof 2 200 gram is bijzonder geschikt voor het polijsten van gewaxt hout en het gladmaken van matte afwerkingen.\",\"breadcrumb\":{\"@id\":\"https:\\\/\\\/partsandpieces.nl\\\/product\\\/metalino-staalwol-middel-grof-2-200-gram\\\/#breadcrumb\"},\"inLanguage\":\"de\",\"potentialAction\":[{\"@type\":\"ReadAction\",\"target\":[\"https:\\\/\\\/partsandpieces.nl\\\/product\\\/metalino-staalwol-middel-grof-2-200-gram\\\/\"]}]},{\"@type\":\"ImageObject\",\"inLanguage\":\"de\",\"@id\":\"https:\\\/\\\/partsandpieces.nl\\\/product\\\/metalino-staalwol-middel-grof-2-200-gram\\\/#primaryimage\",\"url\":\"https:\\\/\\\/partsandpieces.nl\\\/wp-content\\\/uploads\\\/2025\\\/10\\\/Metalino-Staalwol-200g-fijn.jpg\",\"contentUrl\":\"https:\\\/\\\/partsandpieces.nl\\\/wp-content\\\/uploads\\\/2025\\\/10\\\/Metalino-Staalwol-200g-fijn.jpg\",\"width\":480,\"height\":480,\"caption\":\"Metalino Staalwol super fijn 0000 200 gram\"},{\"@type\":\"BreadcrumbList\",\"@id\":\"https:\\\/\\\/partsandpieces.nl\\\/product\\\/metalino-staalwol-middel-grof-2-200-gram\\\/#breadcrumb\",\"itemListElement\":[{\"@type\":\"ListItem\",\"position\":1,\"name\":\"Home\",\"item\":\"https:\\\/\\\/partsandpieces.nl\\\/home\\\/\"},{\"@type\":\"ListItem\",\"position\":2,\"name\":\"Winkel\",\"item\":\"https:\\\/\\\/partsandpieces.nl\\\/winkel\\\/\"},{\"@type\":\"ListItem\",\"position\":3,\"name\":\"Metalino Staalwol middel grof 2 200 gram\"}]},{\"@type\":\"WebSite\",\"@id\":\"https:\\\/\\\/partsandpieces.nl\\\/#website\",\"url\":\"https:\\\/\\\/partsandpieces.nl\\\/\",\"name\":\"Parts &amp; Pieces\",\"description\":\"Alles voor uw meubelrestauratie en -onderhoud!\",\"potentialAction\":[{\"@type\":\"SearchAction\",\"target\":{\"@type\":\"EntryPoint\",\"urlTemplate\":\"https:\\\/\\\/partsandpieces.nl\\\/?s={search_term_string}\"},\"query-input\":{\"@type\":\"PropertyValueSpecification\",\"valueRequired\":true,\"valueName\":\"search_term_string\"}}],\"inLanguage\":\"de\"}]}<\/script>\n<!-- \/ Yoast SEO plugin. -->","yoast_head_json":{"title":"Stahlwolle mittelgrob 2 200 Gramm von Metalino","description":"Metalino Stahlwolle Mittelgrob 2 200 Gramm eignet sich besonders zum Polieren von gewachstem Holz und zum Gl\u00e4tten von matten Oberfl\u00e4chen.","robots":{"index":"index","follow":"follow","max-snippet":"max-snippet:-1","max-image-preview":"max-image-preview:large","max-video-preview":"max-video-preview:-1"},"canonical":"https:\/\/partsandpieces.nl\/de\/produkt\/metalino-stahlwolle-mittelgrob-2-200-gramm\/","og_locale":"de_DE","og_type":"article","og_title":"Staalwol middel grof 2 200 gram van Metalino","og_description":"Metalino Staalwol middel grof 2 200 gram is bijzonder geschikt voor het polijsten van gewaxt hout en het gladmaken van matte afwerkingen.","og_url":"https:\/\/partsandpieces.nl\/de\/produkt\/metalino-stahlwolle-mittelgrob-2-200-gramm\/","og_site_name":"Parts &amp; Pieces","article_modified_time":"2026-02-14T12:51:05+00:00","og_image":[{"width":480,"height":480,"url":"https:\/\/partsandpieces.nl\/wp-content\/uploads\/2025\/10\/Metalino-Staalwol-200g-fijn.jpg","type":"image\/jpeg"}],"twitter_card":"summary_large_image","twitter_misc":{"Gesch\u00e4tzte Lesezeit":"2\u00a0Minuten"},"schema":{"@context":"https:\/\/schema.org","@graph":[{"@type":"WebPage","@id":"https:\/\/partsandpieces.nl\/product\/metalino-staalwol-middel-grof-2-200-gram\/","url":"https:\/\/partsandpieces.nl\/product\/metalino-staalwol-middel-grof-2-200-gram\/","name":"Stahlwolle mittelgrob 2 200 Gramm von Metalino","isPartOf":{"@id":"https:\/\/partsandpieces.nl\/#website"},"primaryImageOfPage":{"@id":"https:\/\/partsandpieces.nl\/product\/metalino-staalwol-middel-grof-2-200-gram\/#primaryimage"},"image":{"@id":"https:\/\/partsandpieces.nl\/product\/metalino-staalwol-middel-grof-2-200-gram\/#primaryimage"},"thumbnailUrl":"https:\/\/partsandpieces.nl\/wp-content\/uploads\/2025\/10\/Metalino-Staalwol-200g-fijn.jpg","datePublished":"2025-10-06T13:04:08+00:00","dateModified":"2026-02-14T12:51:05+00:00","description":"Metalino Stahlwolle Mittelgrob 2 200 Gramm eignet sich besonders zum Polieren von gewachstem Holz und zum Gl\u00e4tten von matten Oberfl\u00e4chen.","breadcrumb":{"@id":"https:\/\/partsandpieces.nl\/product\/metalino-staalwol-middel-grof-2-200-gram\/#breadcrumb"},"inLanguage":"de","potentialAction":[{"@type":"ReadAction","target":["https:\/\/partsandpieces.nl\/product\/metalino-staalwol-middel-grof-2-200-gram\/"]}]},{"@type":"ImageObject","inLanguage":"de","@id":"https:\/\/partsandpieces.nl\/product\/metalino-staalwol-middel-grof-2-200-gram\/#primaryimage","url":"https:\/\/partsandpieces.nl\/wp-content\/uploads\/2025\/10\/Metalino-Staalwol-200g-fijn.jpg","contentUrl":"https:\/\/partsandpieces.nl\/wp-content\/uploads\/2025\/10\/Metalino-Staalwol-200g-fijn.jpg","width":480,"height":480,"caption":"Metalino Staalwol super fijn 0000 200 gram"},{"@type":"BreadcrumbList","@id":"https:\/\/partsandpieces.nl\/product\/metalino-staalwol-middel-grof-2-200-gram\/#breadcrumb","itemListElement":[{"@type":"ListItem","position":1,"name":"Home","item":"https:\/\/partsandpieces.nl\/home\/"},{"@type":"ListItem","position":2,"name":"Winkel","item":"https:\/\/partsandpieces.nl\/winkel\/"},{"@type":"ListItem","position":3,"name":"Metalino Staalwol middel grof 2 200 gram"}]},{"@type":"WebSite","@id":"https:\/\/partsandpieces.nl\/#website","url":"https:\/\/partsandpieces.nl\/","name":"Teile &amp; St\u00fccke","description":"Alles f\u00fcr Ihre M\u00f6belrestaurierung und -pflege!","potentialAction":[{"@type":"SearchAction","target":{"@type":"EntryPoint","urlTemplate":"https:\/\/partsandpieces.nl\/?s={search_term_string}"},"query-input":{"@type":"PropertyValueSpecification","valueRequired":true,"valueName":"search_term_string"}}],"inLanguage":"de"}]}},"_links":{"self":[{"href":"https:\/\/partsandpieces.nl\/de\/wp-json\/wp\/v2\/product\/12857","targetHints":{"allow":["GET"]}}],"collection":[{"href":"https:\/\/partsandpieces.nl\/de\/wp-json\/wp\/v2\/product"}],"about":[{"href":"https:\/\/partsandpieces.nl\/de\/wp-json\/wp\/v2\/types\/product"}],"wp:featuredmedia":[{"embeddable":true,"href":"https:\/\/partsandpieces.nl\/de\/wp-json\/wp\/v2\/media\/12836"}],"wp:attachment":[{"href":"https:\/\/partsandpieces.nl\/de\/wp-json\/wp\/v2\/media?parent=12857"}],"wp:term":[{"taxonomy":"product_brand","embeddable":true,"href":"https:\/\/partsandpieces.nl\/de\/wp-json\/wp\/v2\/product_brand?post=12857"},{"taxonomy":"product_cat","embeddable":true,"href":"https:\/\/partsandpieces.nl\/de\/wp-json\/wp\/v2\/product_cat?post=12857"},{"taxonomy":"product_tag","embeddable":true,"href":"https:\/\/partsandpieces.nl\/de\/wp-json\/wp\/v2\/product_tag?post=12857"}],"curies":[{"name":"wp","href":"https:\/\/api.w.org\/{rel}","templated":true}]}}