{"id":1288,"date":"2020-08-03T08:56:50","date_gmt":"2020-08-03T08:56:50","guid":{"rendered":"https:\/\/partsandpieces.bonsaidev.nl\/?product=keyplate-iron-barock-68x165"},"modified":"2024-11-26T12:10:58","modified_gmt":"2024-11-26T11:10:58","slug":"schlusselplatte-eisen-barock-170mm","status":"publish","type":"product","link":"https:\/\/partsandpieces.nl\/de\/product\/sleutelplaat-ijzer-barok-170mm\/","title":{"rendered":"Schl\u00fcsselplatte Eisenbarock 170mm"},"content":{"rendered":"<p><strong>Schl\u00fcsselplatte Eisenbarock 170mm<\/strong>\u00a0ist ein gro\u00dfes, wundersch\u00f6n verziertes Schl\u00fcsselschild mit Relief. Die Schl\u00fcsselplatte hat ein braunes, rostiges Antik-Finish. Egal!<\/p>\n<p><strong>Ma\u00dfe<br \/>\n<\/strong>Die Eisen-Barock-Schl\u00fcsselplatte 170 mm hat eine Breite von 69 mm und eine H\u00f6he von 170 mm. Das Schl\u00fcsselloch ist 30 mm hoch.<\/p>\n<p><strong>Bearbeiten<br \/>\n<\/strong>Sie k\u00f6nnen das Schl\u00fcsselschild mit blind montieren\u00a0<span style=\"text-decoration: underline;\"><a href=\"https:\/\/partsandpieces.nl\/de\/produkt\/schraube-edelstahl-fur-blindmontageknopf-20x4mm-20-stuck\/\">Edelstahlschraube f\u00fcr Blindbefestigungsknopf (20x4mm)<\/a><\/span>. Ich schicke diese Schraube\u00a0<strong>FREI<\/strong>\u00a0mit Ihrer Bestellung.<\/p>","protected":false},"excerpt":{"rendered":"<p>Sleutelplaat IJzer Barok 170mm\u00a0is een grote, mooi bewerkte sleutelplaat met reli\u00ebf. De sleutelplaat heeft een bruin, geroeste antieke afwerking. Geeft niet af! Afmetingen De Sleutelplaat IJzer Barok 170mm heeft een breedte van 69mm en een hoogte van 170mm. Het sleutelgat is 30mm hoog. Montage Je kunt de sleutelplaat blind monteren met\u00a0Schroef RVS voor blind bevestigen [&hellip;]<\/p>\n","protected":false},"featured_media":5360,"template":"","meta":{"_acf_changed":false},"product_brand":[],"product_cat":[23,48],"product_tag":[],"class_list":{"0":"post-1288","1":"product","2":"type-product","3":"status-publish","4":"has-post-thumbnail","6":"product_cat-meubelbeslag","7":"product_cat-sleutelplaten","9":"first","10":"instock","11":"taxable","12":"shipping-taxable","13":"purchasable","14":"product-type-simple"},"acf":[],"yoast_head":"<!-- This site is optimized with the Yoast SEO plugin v27.3 - https:\/\/yoast.com\/product\/yoast-seo-wordpress\/ -->\n<title>Sleutelplaat IJzer Barok 170mm<\/title>\n<meta name=\"description\" content=\"Sleutelplaat IJzer Barok 170mm\u00a0is een grote, mooi bewerkte sleutelplaat met reli\u00ebf. De sleutelplaat heeft een bruin, geroeste antieke afwerking.\" \/>\n<meta name=\"robots\" content=\"index, follow, max-snippet:-1, max-image-preview:large, max-video-preview:-1\" \/>\n<link rel=\"canonical\" href=\"https:\/\/partsandpieces.nl\/de\/produkt\/schlusselplatte-eisen-barock-170mm\/\" \/>\n<meta property=\"og:locale\" content=\"de_DE\" \/>\n<meta property=\"og:type\" content=\"article\" \/>\n<meta property=\"og:title\" content=\"Sleutelplaat IJzer Barok 170mm\" \/>\n<meta property=\"og:description\" content=\"Sleutelplaat IJzer Barok 170mm\u00a0is een grote, mooi bewerkte sleutelplaat met reli\u00ebf. De sleutelplaat heeft een bruin, geroeste antieke afwerking.\" \/>\n<meta property=\"og:url\" content=\"https:\/\/partsandpieces.nl\/de\/produkt\/schlusselplatte-eisen-barock-170mm\/\" \/>\n<meta property=\"og:site_name\" content=\"Parts &amp; Pieces\" \/>\n<meta property=\"article:modified_time\" content=\"2024-11-26T11:10:58+00:00\" \/>\n<meta property=\"og:image\" content=\"https:\/\/partsandpieces.nl\/wp-content\/uploads\/2020\/08\/Sleutelplaat-IJzer-Barok-170mm.jpg\" \/>\n\t<meta property=\"og:image:width\" content=\"480\" \/>\n\t<meta property=\"og:image:height\" content=\"484\" \/>\n\t<meta property=\"og:image:type\" content=\"image\/jpeg\" \/>\n<meta name=\"twitter:card\" content=\"summary_large_image\" \/>\n<meta name=\"twitter:label1\" content=\"Gesch\u00e4tzte Lesezeit\" \/>\n\t<meta name=\"twitter:data1\" content=\"1\u00a0Minute\" \/>\n<script type=\"application\/ld+json\" class=\"yoast-schema-graph\">{\"@context\":\"https:\\\/\\\/schema.org\",\"@graph\":[{\"@type\":\"WebPage\",\"@id\":\"https:\\\/\\\/partsandpieces.nl\\\/product\\\/sleutelplaat-ijzer-barok-170mm\\\/\",\"url\":\"https:\\\/\\\/partsandpieces.nl\\\/product\\\/sleutelplaat-ijzer-barok-170mm\\\/\",\"name\":\"Sleutelplaat IJzer Barok 170mm\",\"isPartOf\":{\"@id\":\"https:\\\/\\\/partsandpieces.nl\\\/#website\"},\"primaryImageOfPage\":{\"@id\":\"https:\\\/\\\/partsandpieces.nl\\\/product\\\/sleutelplaat-ijzer-barok-170mm\\\/#primaryimage\"},\"image\":{\"@id\":\"https:\\\/\\\/partsandpieces.nl\\\/product\\\/sleutelplaat-ijzer-barok-170mm\\\/#primaryimage\"},\"thumbnailUrl\":\"https:\\\/\\\/partsandpieces.nl\\\/wp-content\\\/uploads\\\/2020\\\/08\\\/Sleutelplaat-IJzer-Barok-170mm.jpg\",\"datePublished\":\"2020-08-03T08:56:50+00:00\",\"dateModified\":\"2024-11-26T11:10:58+00:00\",\"description\":\"Sleutelplaat IJzer Barok 170mm\u00a0is een grote, mooi bewerkte sleutelplaat met reli\u00ebf. De sleutelplaat heeft een bruin, geroeste antieke afwerking.\",\"breadcrumb\":{\"@id\":\"https:\\\/\\\/partsandpieces.nl\\\/product\\\/sleutelplaat-ijzer-barok-170mm\\\/#breadcrumb\"},\"inLanguage\":\"de\",\"potentialAction\":[{\"@type\":\"ReadAction\",\"target\":[\"https:\\\/\\\/partsandpieces.nl\\\/product\\\/sleutelplaat-ijzer-barok-170mm\\\/\"]}]},{\"@type\":\"ImageObject\",\"inLanguage\":\"de\",\"@id\":\"https:\\\/\\\/partsandpieces.nl\\\/product\\\/sleutelplaat-ijzer-barok-170mm\\\/#primaryimage\",\"url\":\"https:\\\/\\\/partsandpieces.nl\\\/wp-content\\\/uploads\\\/2020\\\/08\\\/Sleutelplaat-IJzer-Barok-170mm.jpg\",\"contentUrl\":\"https:\\\/\\\/partsandpieces.nl\\\/wp-content\\\/uploads\\\/2020\\\/08\\\/Sleutelplaat-IJzer-Barok-170mm.jpg\",\"width\":480,\"height\":484,\"caption\":\"Sleutelplaat IJzer Barok 170mm\"},{\"@type\":\"BreadcrumbList\",\"@id\":\"https:\\\/\\\/partsandpieces.nl\\\/product\\\/sleutelplaat-ijzer-barok-170mm\\\/#breadcrumb\",\"itemListElement\":[{\"@type\":\"ListItem\",\"position\":1,\"name\":\"Home\",\"item\":\"https:\\\/\\\/partsandpieces.nl\\\/home\\\/\"},{\"@type\":\"ListItem\",\"position\":2,\"name\":\"Winkel\",\"item\":\"https:\\\/\\\/partsandpieces.nl\\\/winkel\\\/\"},{\"@type\":\"ListItem\",\"position\":3,\"name\":\"Sleutelplaat IJzer Barok 170mm\"}]},{\"@type\":\"WebSite\",\"@id\":\"https:\\\/\\\/partsandpieces.nl\\\/#website\",\"url\":\"https:\\\/\\\/partsandpieces.nl\\\/\",\"name\":\"Parts &amp; Pieces\",\"description\":\"Alles voor uw meubelrestauratie en -onderhoud!\",\"potentialAction\":[{\"@type\":\"SearchAction\",\"target\":{\"@type\":\"EntryPoint\",\"urlTemplate\":\"https:\\\/\\\/partsandpieces.nl\\\/?s={search_term_string}\"},\"query-input\":{\"@type\":\"PropertyValueSpecification\",\"valueRequired\":true,\"valueName\":\"search_term_string\"}}],\"inLanguage\":\"de\"}]}<\/script>\n<!-- \/ Yoast SEO plugin. -->","yoast_head_json":{"title":"Schl\u00fcsselplatte Eisenbarock 170mm","description":"Schl\u00fcsselplatte Eisen Barock 170 mm ist eine gro\u00dfe, wundersch\u00f6n gearbeitete Schl\u00fcsselplatte mit Relief. Die Schl\u00fcsselplatte hat ein braunes, rostiges Antik-Finish.","robots":{"index":"index","follow":"follow","max-snippet":"max-snippet:-1","max-image-preview":"max-image-preview:large","max-video-preview":"max-video-preview:-1"},"canonical":"https:\/\/partsandpieces.nl\/de\/produkt\/schlusselplatte-eisen-barock-170mm\/","og_locale":"de_DE","og_type":"article","og_title":"Sleutelplaat IJzer Barok 170mm","og_description":"Sleutelplaat IJzer Barok 170mm\u00a0is een grote, mooi bewerkte sleutelplaat met reli\u00ebf. De sleutelplaat heeft een bruin, geroeste antieke afwerking.","og_url":"https:\/\/partsandpieces.nl\/de\/produkt\/schlusselplatte-eisen-barock-170mm\/","og_site_name":"Parts &amp; Pieces","article_modified_time":"2024-11-26T11:10:58+00:00","og_image":[{"width":480,"height":484,"url":"https:\/\/partsandpieces.nl\/wp-content\/uploads\/2020\/08\/Sleutelplaat-IJzer-Barok-170mm.jpg","type":"image\/jpeg"}],"twitter_card":"summary_large_image","twitter_misc":{"Gesch\u00e4tzte Lesezeit":"1\u00a0Minute"},"schema":{"@context":"https:\/\/schema.org","@graph":[{"@type":"WebPage","@id":"https:\/\/partsandpieces.nl\/product\/sleutelplaat-ijzer-barok-170mm\/","url":"https:\/\/partsandpieces.nl\/product\/sleutelplaat-ijzer-barok-170mm\/","name":"Schl\u00fcsselplatte Eisenbarock 170mm","isPartOf":{"@id":"https:\/\/partsandpieces.nl\/#website"},"primaryImageOfPage":{"@id":"https:\/\/partsandpieces.nl\/product\/sleutelplaat-ijzer-barok-170mm\/#primaryimage"},"image":{"@id":"https:\/\/partsandpieces.nl\/product\/sleutelplaat-ijzer-barok-170mm\/#primaryimage"},"thumbnailUrl":"https:\/\/partsandpieces.nl\/wp-content\/uploads\/2020\/08\/Sleutelplaat-IJzer-Barok-170mm.jpg","datePublished":"2020-08-03T08:56:50+00:00","dateModified":"2024-11-26T11:10:58+00:00","description":"Schl\u00fcsselplatte Eisen Barock 170 mm ist eine gro\u00dfe, wundersch\u00f6n gearbeitete Schl\u00fcsselplatte mit Relief. Die Schl\u00fcsselplatte hat ein braunes, rostiges Antik-Finish.","breadcrumb":{"@id":"https:\/\/partsandpieces.nl\/product\/sleutelplaat-ijzer-barok-170mm\/#breadcrumb"},"inLanguage":"de","potentialAction":[{"@type":"ReadAction","target":["https:\/\/partsandpieces.nl\/product\/sleutelplaat-ijzer-barok-170mm\/"]}]},{"@type":"ImageObject","inLanguage":"de","@id":"https:\/\/partsandpieces.nl\/product\/sleutelplaat-ijzer-barok-170mm\/#primaryimage","url":"https:\/\/partsandpieces.nl\/wp-content\/uploads\/2020\/08\/Sleutelplaat-IJzer-Barok-170mm.jpg","contentUrl":"https:\/\/partsandpieces.nl\/wp-content\/uploads\/2020\/08\/Sleutelplaat-IJzer-Barok-170mm.jpg","width":480,"height":484,"caption":"Sleutelplaat IJzer Barok 170mm"},{"@type":"BreadcrumbList","@id":"https:\/\/partsandpieces.nl\/product\/sleutelplaat-ijzer-barok-170mm\/#breadcrumb","itemListElement":[{"@type":"ListItem","position":1,"name":"Home","item":"https:\/\/partsandpieces.nl\/home\/"},{"@type":"ListItem","position":2,"name":"Winkel","item":"https:\/\/partsandpieces.nl\/winkel\/"},{"@type":"ListItem","position":3,"name":"Sleutelplaat IJzer Barok 170mm"}]},{"@type":"WebSite","@id":"https:\/\/partsandpieces.nl\/#website","url":"https:\/\/partsandpieces.nl\/","name":"Teile &amp; St\u00fccke","description":"Alles f\u00fcr Ihre M\u00f6belrestaurierung und -pflege!","potentialAction":[{"@type":"SearchAction","target":{"@type":"EntryPoint","urlTemplate":"https:\/\/partsandpieces.nl\/?s={search_term_string}"},"query-input":{"@type":"PropertyValueSpecification","valueRequired":true,"valueName":"search_term_string"}}],"inLanguage":"de"}]}},"_links":{"self":[{"href":"https:\/\/partsandpieces.nl\/de\/wp-json\/wp\/v2\/product\/1288","targetHints":{"allow":["GET"]}}],"collection":[{"href":"https:\/\/partsandpieces.nl\/de\/wp-json\/wp\/v2\/product"}],"about":[{"href":"https:\/\/partsandpieces.nl\/de\/wp-json\/wp\/v2\/types\/product"}],"wp:featuredmedia":[{"embeddable":true,"href":"https:\/\/partsandpieces.nl\/de\/wp-json\/wp\/v2\/media\/5360"}],"wp:attachment":[{"href":"https:\/\/partsandpieces.nl\/de\/wp-json\/wp\/v2\/media?parent=1288"}],"wp:term":[{"taxonomy":"product_brand","embeddable":true,"href":"https:\/\/partsandpieces.nl\/de\/wp-json\/wp\/v2\/product_brand?post=1288"},{"taxonomy":"product_cat","embeddable":true,"href":"https:\/\/partsandpieces.nl\/de\/wp-json\/wp\/v2\/product_cat?post=1288"},{"taxonomy":"product_tag","embeddable":true,"href":"https:\/\/partsandpieces.nl\/de\/wp-json\/wp\/v2\/product_tag?post=1288"}],"curies":[{"name":"wp","href":"https:\/\/api.w.org\/{rel}","templated":true}]}}