{"id":12906,"date":"2025-10-09T15:43:25","date_gmt":"2025-10-09T13:43:25","guid":{"rendered":"https:\/\/partsandpieces.nl\/?post_type=product&#038;p=12906"},"modified":"2025-11-25T14:17:44","modified_gmt":"2025-11-25T13:17:44","slug":"schubladengriff-messing-antik-schnorkel-und-knopfe-76mm","status":"publish","type":"product","link":"https:\/\/partsandpieces.nl\/de\/product\/ladegreep-messing-antiek-krullen-en-knopen-76mm\/","title":{"rendered":"Schubladengriff Messing Antik Schn\u00f6rkel und Knoten 76mm"},"content":{"rendered":"<p><strong>Schubladengriff Messing Antik Schn\u00f6rkel und Knoten 76mm<\/strong> ist ein sch\u00f6ner, klassischer Schubladengriff f\u00fcr M\u00f6belschubladen. Der Griff hat ein antikes Messing-Finish und ist aus Messing gefertigt.<\/p>\n<p><strong>Ma\u00dfe<br \/>\n<\/strong>Der 76 mm gro\u00dfe Schubladengriff aus antikem Messing mit Schn\u00f6rkeln und Knoten hat eine Gesamtbreite von 100 mm und eine Gesamth\u00f6he von 55 mm. Die Rosetten haben einen Durchmesser von 26 mm. Die Bohrl\u00f6cher liegen im Abstand von 76 mm.<\/p>\n<p><strong>Bearbeiten<br \/>\n<\/strong>Sie k\u00f6nnen den Schubladengriff mit blind montieren\u00a0<span style=\"text-decoration: underline;\"><a href=\"https:\/\/partsandpieces.nl\/de\/produkt\/schraube-edelstahl-zur-blindmontage-von-mobelbeschlagen-45x4mm-20-stuck\/\">Edelstahlschraube zur Blindbefestigung von M\u00f6belbeschl\u00e4gen (45x4mm)<\/a><\/span>. Ich schicke diese Schrauben <strong>FREI<\/strong>\u00a0mit Ihrer Bestellung.<\/p>","protected":false},"excerpt":{"rendered":"<p>Ladegreep Messing Antiek Krullen en knopen 76mm is een mooi klassieke ladegreep voor meubellades. De ladegreep heeft een antiek messing afwerking en is gemaakt van messing. Afmetingen Ladegreep Messing Antiek Krullen en knopen 76mm heeft een totale breedte van 100mm en een totale hoogte van 55mm. De rozetjes hebben een diameter van 26mm. De boorgaten [&hellip;]<\/p>\n","protected":false},"featured_media":12908,"template":"","meta":{"_acf_changed":false},"product_brand":[],"product_cat":[41,23],"product_tag":[],"class_list":{"0":"post-12906","1":"product","2":"type-product","3":"status-publish","4":"has-post-thumbnail","6":"product_cat-ladetrekkers","7":"product_cat-meubelbeslag","9":"first","10":"instock","11":"taxable","12":"shipping-taxable","13":"purchasable","14":"product-type-simple"},"acf":[],"yoast_head":"<!-- This site is optimized with the Yoast SEO plugin v27.3 - https:\/\/yoast.com\/product\/yoast-seo-wordpress\/ -->\n<title>Ladegreep Antiek Krullen 76mm Messing<\/title>\n<meta name=\"description\" content=\"Ladegreep Messing Antiek Krullen en knopen 76mm is een mooi klassieke ladegreep voor meubellades. De ladegreep heeft een antiek messing afwerking.\" \/>\n<meta name=\"robots\" content=\"index, follow, max-snippet:-1, max-image-preview:large, max-video-preview:-1\" \/>\n<link rel=\"canonical\" href=\"https:\/\/partsandpieces.nl\/de\/produkt\/schubladengriff-messing-antik-schnorkel-und-knopfe-76mm\/\" \/>\n<meta property=\"og:locale\" content=\"de_DE\" \/>\n<meta property=\"og:type\" content=\"article\" \/>\n<meta property=\"og:title\" content=\"Ladegreep Antiek Krullen 76mm Messing\" \/>\n<meta property=\"og:description\" content=\"Ladegreep Messing Antiek Krullen en knopen 76mm is een mooi klassieke ladegreep voor meubellades. De ladegreep heeft een antiek messing afwerking.\" \/>\n<meta property=\"og:url\" content=\"https:\/\/partsandpieces.nl\/de\/produkt\/schubladengriff-messing-antik-schnorkel-und-knopfe-76mm\/\" \/>\n<meta property=\"og:site_name\" content=\"Parts &amp; Pieces\" \/>\n<meta property=\"article:modified_time\" content=\"2025-11-25T13:17:44+00:00\" \/>\n<meta property=\"og:image\" content=\"https:\/\/partsandpieces.nl\/wp-content\/uploads\/2025\/10\/Ladegreep-Messing-Antiek-Krullen-en-knopen-76mm.jpg\" \/>\n\t<meta property=\"og:image:width\" content=\"1156\" \/>\n\t<meta property=\"og:image:height\" content=\"1153\" \/>\n\t<meta property=\"og:image:type\" content=\"image\/jpeg\" \/>\n<meta name=\"twitter:card\" content=\"summary_large_image\" \/>\n<meta name=\"twitter:label1\" content=\"Gesch\u00e4tzte Lesezeit\" \/>\n\t<meta name=\"twitter:data1\" content=\"1\u00a0Minute\" \/>\n<script type=\"application\/ld+json\" class=\"yoast-schema-graph\">{\"@context\":\"https:\\\/\\\/schema.org\",\"@graph\":[{\"@type\":\"WebPage\",\"@id\":\"https:\\\/\\\/partsandpieces.nl\\\/product\\\/ladegreep-messing-antiek-krullen-en-knopen-76mm\\\/\",\"url\":\"https:\\\/\\\/partsandpieces.nl\\\/product\\\/ladegreep-messing-antiek-krullen-en-knopen-76mm\\\/\",\"name\":\"Ladegreep Antiek Krullen 76mm Messing\",\"isPartOf\":{\"@id\":\"https:\\\/\\\/partsandpieces.nl\\\/#website\"},\"primaryImageOfPage\":{\"@id\":\"https:\\\/\\\/partsandpieces.nl\\\/product\\\/ladegreep-messing-antiek-krullen-en-knopen-76mm\\\/#primaryimage\"},\"image\":{\"@id\":\"https:\\\/\\\/partsandpieces.nl\\\/product\\\/ladegreep-messing-antiek-krullen-en-knopen-76mm\\\/#primaryimage\"},\"thumbnailUrl\":\"https:\\\/\\\/partsandpieces.nl\\\/wp-content\\\/uploads\\\/2025\\\/10\\\/Ladegreep-Messing-Antiek-Krullen-en-knopen-76mm.jpg\",\"datePublished\":\"2025-10-09T13:43:25+00:00\",\"dateModified\":\"2025-11-25T13:17:44+00:00\",\"description\":\"Ladegreep Messing Antiek Krullen en knopen 76mm is een mooi klassieke ladegreep voor meubellades. De ladegreep heeft een antiek messing afwerking.\",\"breadcrumb\":{\"@id\":\"https:\\\/\\\/partsandpieces.nl\\\/product\\\/ladegreep-messing-antiek-krullen-en-knopen-76mm\\\/#breadcrumb\"},\"inLanguage\":\"de\",\"potentialAction\":[{\"@type\":\"ReadAction\",\"target\":[\"https:\\\/\\\/partsandpieces.nl\\\/product\\\/ladegreep-messing-antiek-krullen-en-knopen-76mm\\\/\"]}]},{\"@type\":\"ImageObject\",\"inLanguage\":\"de\",\"@id\":\"https:\\\/\\\/partsandpieces.nl\\\/product\\\/ladegreep-messing-antiek-krullen-en-knopen-76mm\\\/#primaryimage\",\"url\":\"https:\\\/\\\/partsandpieces.nl\\\/wp-content\\\/uploads\\\/2025\\\/10\\\/Ladegreep-Messing-Antiek-Krullen-en-knopen-76mm.jpg\",\"contentUrl\":\"https:\\\/\\\/partsandpieces.nl\\\/wp-content\\\/uploads\\\/2025\\\/10\\\/Ladegreep-Messing-Antiek-Krullen-en-knopen-76mm.jpg\",\"width\":1156,\"height\":1153,\"caption\":\"Ladegreep Messing Antiek Krullen en knopen 76mm\"},{\"@type\":\"BreadcrumbList\",\"@id\":\"https:\\\/\\\/partsandpieces.nl\\\/product\\\/ladegreep-messing-antiek-krullen-en-knopen-76mm\\\/#breadcrumb\",\"itemListElement\":[{\"@type\":\"ListItem\",\"position\":1,\"name\":\"Home\",\"item\":\"https:\\\/\\\/partsandpieces.nl\\\/home\\\/\"},{\"@type\":\"ListItem\",\"position\":2,\"name\":\"Winkel\",\"item\":\"https:\\\/\\\/partsandpieces.nl\\\/winkel\\\/\"},{\"@type\":\"ListItem\",\"position\":3,\"name\":\"Ladegreep Messing Antiek Krullen en knopen 76mm\"}]},{\"@type\":\"WebSite\",\"@id\":\"https:\\\/\\\/partsandpieces.nl\\\/#website\",\"url\":\"https:\\\/\\\/partsandpieces.nl\\\/\",\"name\":\"Parts &amp; Pieces\",\"description\":\"Alles voor uw meubelrestauratie en -onderhoud!\",\"potentialAction\":[{\"@type\":\"SearchAction\",\"target\":{\"@type\":\"EntryPoint\",\"urlTemplate\":\"https:\\\/\\\/partsandpieces.nl\\\/?s={search_term_string}\"},\"query-input\":{\"@type\":\"PropertyValueSpecification\",\"valueRequired\":true,\"valueName\":\"search_term_string\"}}],\"inLanguage\":\"de\"}]}<\/script>\n<!-- \/ Yoast SEO plugin. -->","yoast_head_json":{"title":"Schubladengriff Antik Locken 76mm Messing","description":"Der 76 mm gro\u00dfe Schubladengriff aus antikem Messing mit Schn\u00f6rkeln und Knoten ist ein sch\u00f6ner, klassischer Schubladengriff f\u00fcr M\u00f6belschubladen. Er hat ein antikes Messing-Finish.","robots":{"index":"index","follow":"follow","max-snippet":"max-snippet:-1","max-image-preview":"max-image-preview:large","max-video-preview":"max-video-preview:-1"},"canonical":"https:\/\/partsandpieces.nl\/de\/produkt\/schubladengriff-messing-antik-schnorkel-und-knopfe-76mm\/","og_locale":"de_DE","og_type":"article","og_title":"Ladegreep Antiek Krullen 76mm Messing","og_description":"Ladegreep Messing Antiek Krullen en knopen 76mm is een mooi klassieke ladegreep voor meubellades. De ladegreep heeft een antiek messing afwerking.","og_url":"https:\/\/partsandpieces.nl\/de\/produkt\/schubladengriff-messing-antik-schnorkel-und-knopfe-76mm\/","og_site_name":"Parts &amp; Pieces","article_modified_time":"2025-11-25T13:17:44+00:00","og_image":[{"width":1156,"height":1153,"url":"https:\/\/partsandpieces.nl\/wp-content\/uploads\/2025\/10\/Ladegreep-Messing-Antiek-Krullen-en-knopen-76mm.jpg","type":"image\/jpeg"}],"twitter_card":"summary_large_image","twitter_misc":{"Gesch\u00e4tzte Lesezeit":"1\u00a0Minute"},"schema":{"@context":"https:\/\/schema.org","@graph":[{"@type":"WebPage","@id":"https:\/\/partsandpieces.nl\/product\/ladegreep-messing-antiek-krullen-en-knopen-76mm\/","url":"https:\/\/partsandpieces.nl\/product\/ladegreep-messing-antiek-krullen-en-knopen-76mm\/","name":"Schubladengriff Antik Locken 76mm Messing","isPartOf":{"@id":"https:\/\/partsandpieces.nl\/#website"},"primaryImageOfPage":{"@id":"https:\/\/partsandpieces.nl\/product\/ladegreep-messing-antiek-krullen-en-knopen-76mm\/#primaryimage"},"image":{"@id":"https:\/\/partsandpieces.nl\/product\/ladegreep-messing-antiek-krullen-en-knopen-76mm\/#primaryimage"},"thumbnailUrl":"https:\/\/partsandpieces.nl\/wp-content\/uploads\/2025\/10\/Ladegreep-Messing-Antiek-Krullen-en-knopen-76mm.jpg","datePublished":"2025-10-09T13:43:25+00:00","dateModified":"2025-11-25T13:17:44+00:00","description":"Der 76 mm gro\u00dfe Schubladengriff aus antikem Messing mit Schn\u00f6rkeln und Knoten ist ein sch\u00f6ner, klassischer Schubladengriff f\u00fcr M\u00f6belschubladen. Er hat ein antikes Messing-Finish.","breadcrumb":{"@id":"https:\/\/partsandpieces.nl\/product\/ladegreep-messing-antiek-krullen-en-knopen-76mm\/#breadcrumb"},"inLanguage":"de","potentialAction":[{"@type":"ReadAction","target":["https:\/\/partsandpieces.nl\/product\/ladegreep-messing-antiek-krullen-en-knopen-76mm\/"]}]},{"@type":"ImageObject","inLanguage":"de","@id":"https:\/\/partsandpieces.nl\/product\/ladegreep-messing-antiek-krullen-en-knopen-76mm\/#primaryimage","url":"https:\/\/partsandpieces.nl\/wp-content\/uploads\/2025\/10\/Ladegreep-Messing-Antiek-Krullen-en-knopen-76mm.jpg","contentUrl":"https:\/\/partsandpieces.nl\/wp-content\/uploads\/2025\/10\/Ladegreep-Messing-Antiek-Krullen-en-knopen-76mm.jpg","width":1156,"height":1153,"caption":"Ladegreep Messing Antiek Krullen en knopen 76mm"},{"@type":"BreadcrumbList","@id":"https:\/\/partsandpieces.nl\/product\/ladegreep-messing-antiek-krullen-en-knopen-76mm\/#breadcrumb","itemListElement":[{"@type":"ListItem","position":1,"name":"Home","item":"https:\/\/partsandpieces.nl\/home\/"},{"@type":"ListItem","position":2,"name":"Winkel","item":"https:\/\/partsandpieces.nl\/winkel\/"},{"@type":"ListItem","position":3,"name":"Ladegreep Messing Antiek Krullen en knopen 76mm"}]},{"@type":"WebSite","@id":"https:\/\/partsandpieces.nl\/#website","url":"https:\/\/partsandpieces.nl\/","name":"Teile &amp; St\u00fccke","description":"Alles f\u00fcr Ihre M\u00f6belrestaurierung und -pflege!","potentialAction":[{"@type":"SearchAction","target":{"@type":"EntryPoint","urlTemplate":"https:\/\/partsandpieces.nl\/?s={search_term_string}"},"query-input":{"@type":"PropertyValueSpecification","valueRequired":true,"valueName":"search_term_string"}}],"inLanguage":"de"}]}},"_links":{"self":[{"href":"https:\/\/partsandpieces.nl\/de\/wp-json\/wp\/v2\/product\/12906","targetHints":{"allow":["GET"]}}],"collection":[{"href":"https:\/\/partsandpieces.nl\/de\/wp-json\/wp\/v2\/product"}],"about":[{"href":"https:\/\/partsandpieces.nl\/de\/wp-json\/wp\/v2\/types\/product"}],"wp:featuredmedia":[{"embeddable":true,"href":"https:\/\/partsandpieces.nl\/de\/wp-json\/wp\/v2\/media\/12908"}],"wp:attachment":[{"href":"https:\/\/partsandpieces.nl\/de\/wp-json\/wp\/v2\/media?parent=12906"}],"wp:term":[{"taxonomy":"product_brand","embeddable":true,"href":"https:\/\/partsandpieces.nl\/de\/wp-json\/wp\/v2\/product_brand?post=12906"},{"taxonomy":"product_cat","embeddable":true,"href":"https:\/\/partsandpieces.nl\/de\/wp-json\/wp\/v2\/product_cat?post=12906"},{"taxonomy":"product_tag","embeddable":true,"href":"https:\/\/partsandpieces.nl\/de\/wp-json\/wp\/v2\/product_tag?post=12906"}],"curies":[{"name":"wp","href":"https:\/\/api.w.org\/{rel}","templated":true}]}}