{"id":12913,"date":"2025-10-09T16:07:46","date_gmt":"2025-10-09T14:07:46","guid":{"rendered":"https:\/\/partsandpieces.nl\/?post_type=product&#038;p=12913"},"modified":"2026-01-06T17:08:20","modified_gmt":"2026-01-06T16:08:20","slug":"ringgriff-messing-antik-blume-und-knopf-42mm","status":"publish","type":"product","link":"https:\/\/partsandpieces.nl\/de\/product\/ringgreep-messing-antiek-bloem-en-knoop-42mm\/","title":{"rendered":"Ringgriff Messing antik Blume und Knopf 42mm"},"content":{"rendered":"<p><strong>Ringgriff Messing antik Blume und Knopf 42mm<\/strong> ist ein mittelgro\u00dfer Griff in Form eines Rings auf einem konvexen Knopf mit einem bronzefarbenen Finish aus antikem Messing. Hinter der Kugel befindet sich eine Abdeckplatte. Dieser Ringgriff passt gut auf Ihre antiken M\u00f6bel oder Schubladen.<\/p>\n<p>Dieser hochwertige Ringgriff wird in Italien hergestellt.<\/p>\n<p><strong>Ma\u00dfe<br \/>\n<\/strong>Der Ringgriff mit Blumen- und Knotenmotiv in Antikmessing (42 mm) hat einen Ring mit 42 mm Durchmesser. Nach der Montage steht dieser Ringgriff 14 mm \u00fcber. Die Rosette hat einen Durchmesser von 22 mm.<\/p>\n<p><strong>Bearbeiten<br \/>\n<\/strong>Sie k\u00f6nnen den Taster mit blind montieren <span style=\"text-decoration: underline;\"><a href=\"https:\/\/partsandpieces.nl\/de\/produkt\/schraube-edelstahl-fur-blindmontageknopf-20x4mm-20-stuck\/\">Edelstahlschraube f\u00fcr Blindbefestigungsknopf (20x4mm)<\/a><\/span>. Ich schicke diese Schraube <strong>FREI<\/strong> mit Ihrer Bestellung.<\/p>","protected":false},"excerpt":{"rendered":"<p>Ringgreep Messing antiek Bloem en knoop 42mm is een middelgrote greep in de vorm van een ringetje aan een bol knopje met een antieke messing, bronskleurige afwerking. Achter het bolletje zit een afdekplaatje. Deze ringgreep past goed op je antieke meubel of lade. Deze kwalitatief uitstekende ringgreep is gemaakt in Itali\u00eb. Afmetingen De Ringgreep Messing [&hellip;]<\/p>\n","protected":false},"featured_media":12915,"template":"","meta":{"_acf_changed":false},"product_brand":[],"product_cat":[41,23,44],"product_tag":[],"class_list":{"0":"post-12913","1":"product","2":"type-product","3":"status-publish","4":"has-post-thumbnail","6":"product_cat-ladetrekkers","7":"product_cat-meubelbeslag","8":"product_cat-ringbeslag","10":"first","11":"instock","12":"taxable","13":"shipping-taxable","14":"purchasable","15":"product-type-simple"},"acf":[],"yoast_head":"<!-- This site is optimized with the Yoast SEO plugin v27.3 - https:\/\/yoast.com\/product\/yoast-seo-wordpress\/ -->\n<title>Ringgreep antiek Bloem 42mm<\/title>\n<meta name=\"description\" content=\"Ringgreep Messing antiek Bloem en knopen 42mm midden heeft een antiek messingkleurige afwerking. Deze ringgreep past goed op je antieke meubel of lade.\" \/>\n<meta name=\"robots\" content=\"index, follow, max-snippet:-1, max-image-preview:large, max-video-preview:-1\" \/>\n<link rel=\"canonical\" href=\"https:\/\/partsandpieces.nl\/de\/produkt\/ringgriff-messing-antik-blume-und-knopf-42mm\/\" \/>\n<meta property=\"og:locale\" content=\"de_DE\" \/>\n<meta property=\"og:type\" content=\"article\" \/>\n<meta property=\"og:title\" content=\"Ringgreep antiek Bloem 42mm\" \/>\n<meta property=\"og:description\" content=\"Ringgreep Messing antiek Bloem en knopen 42mm midden heeft een antiek messingkleurige afwerking. Deze ringgreep past goed op je antieke meubel of lade.\" \/>\n<meta property=\"og:url\" content=\"https:\/\/partsandpieces.nl\/de\/produkt\/ringgriff-messing-antik-blume-und-knopf-42mm\/\" \/>\n<meta property=\"og:site_name\" content=\"Parts &amp; Pieces\" \/>\n<meta property=\"article:modified_time\" content=\"2026-01-06T16:08:20+00:00\" \/>\n<meta property=\"og:image\" content=\"https:\/\/partsandpieces.nl\/wp-content\/uploads\/2025\/10\/Ringgreep-Messing-antiek-Bloem-en-knoop-42mm.jpg\" \/>\n\t<meta property=\"og:image:width\" content=\"817\" \/>\n\t<meta property=\"og:image:height\" content=\"814\" \/>\n\t<meta property=\"og:image:type\" content=\"image\/jpeg\" \/>\n<meta name=\"twitter:card\" content=\"summary_large_image\" \/>\n<meta name=\"twitter:label1\" content=\"Gesch\u00e4tzte Lesezeit\" \/>\n\t<meta name=\"twitter:data1\" content=\"1\u00a0Minute\" \/>\n<script type=\"application\/ld+json\" class=\"yoast-schema-graph\">{\"@context\":\"https:\\\/\\\/schema.org\",\"@graph\":[{\"@type\":\"WebPage\",\"@id\":\"https:\\\/\\\/partsandpieces.nl\\\/product\\\/ringgreep-messing-antiek-bloem-en-knoop-42mm\\\/\",\"url\":\"https:\\\/\\\/partsandpieces.nl\\\/product\\\/ringgreep-messing-antiek-bloem-en-knoop-42mm\\\/\",\"name\":\"Ringgreep antiek Bloem 42mm\",\"isPartOf\":{\"@id\":\"https:\\\/\\\/partsandpieces.nl\\\/#website\"},\"primaryImageOfPage\":{\"@id\":\"https:\\\/\\\/partsandpieces.nl\\\/product\\\/ringgreep-messing-antiek-bloem-en-knoop-42mm\\\/#primaryimage\"},\"image\":{\"@id\":\"https:\\\/\\\/partsandpieces.nl\\\/product\\\/ringgreep-messing-antiek-bloem-en-knoop-42mm\\\/#primaryimage\"},\"thumbnailUrl\":\"https:\\\/\\\/partsandpieces.nl\\\/wp-content\\\/uploads\\\/2025\\\/10\\\/Ringgreep-Messing-antiek-Bloem-en-knoop-42mm.jpg\",\"datePublished\":\"2025-10-09T14:07:46+00:00\",\"dateModified\":\"2026-01-06T16:08:20+00:00\",\"description\":\"Ringgreep Messing antiek Bloem en knopen 42mm midden heeft een antiek messingkleurige afwerking. Deze ringgreep past goed op je antieke meubel of lade.\",\"breadcrumb\":{\"@id\":\"https:\\\/\\\/partsandpieces.nl\\\/product\\\/ringgreep-messing-antiek-bloem-en-knoop-42mm\\\/#breadcrumb\"},\"inLanguage\":\"de\",\"potentialAction\":[{\"@type\":\"ReadAction\",\"target\":[\"https:\\\/\\\/partsandpieces.nl\\\/product\\\/ringgreep-messing-antiek-bloem-en-knoop-42mm\\\/\"]}]},{\"@type\":\"ImageObject\",\"inLanguage\":\"de\",\"@id\":\"https:\\\/\\\/partsandpieces.nl\\\/product\\\/ringgreep-messing-antiek-bloem-en-knoop-42mm\\\/#primaryimage\",\"url\":\"https:\\\/\\\/partsandpieces.nl\\\/wp-content\\\/uploads\\\/2025\\\/10\\\/Ringgreep-Messing-antiek-Bloem-en-knoop-42mm.jpg\",\"contentUrl\":\"https:\\\/\\\/partsandpieces.nl\\\/wp-content\\\/uploads\\\/2025\\\/10\\\/Ringgreep-Messing-antiek-Bloem-en-knoop-42mm.jpg\",\"width\":817,\"height\":814,\"caption\":\"Ringgreep Messing antiek Bloem en knoop 42mm\"},{\"@type\":\"BreadcrumbList\",\"@id\":\"https:\\\/\\\/partsandpieces.nl\\\/product\\\/ringgreep-messing-antiek-bloem-en-knoop-42mm\\\/#breadcrumb\",\"itemListElement\":[{\"@type\":\"ListItem\",\"position\":1,\"name\":\"Home\",\"item\":\"https:\\\/\\\/partsandpieces.nl\\\/home\\\/\"},{\"@type\":\"ListItem\",\"position\":2,\"name\":\"Winkel\",\"item\":\"https:\\\/\\\/partsandpieces.nl\\\/winkel\\\/\"},{\"@type\":\"ListItem\",\"position\":3,\"name\":\"Ringgreep Messing antiek Bloem en knoop 42mm\"}]},{\"@type\":\"WebSite\",\"@id\":\"https:\\\/\\\/partsandpieces.nl\\\/#website\",\"url\":\"https:\\\/\\\/partsandpieces.nl\\\/\",\"name\":\"Parts &amp; Pieces\",\"description\":\"Alles voor uw meubelrestauratie en -onderhoud!\",\"potentialAction\":[{\"@type\":\"SearchAction\",\"target\":{\"@type\":\"EntryPoint\",\"urlTemplate\":\"https:\\\/\\\/partsandpieces.nl\\\/?s={search_term_string}\"},\"query-input\":{\"@type\":\"PropertyValueSpecification\",\"valueRequired\":true,\"valueName\":\"search_term_string\"}}],\"inLanguage\":\"de\"}]}<\/script>\n<!-- \/ Yoast SEO plugin. -->","yoast_head_json":{"title":"Ringgriff Antik Blume 42mm","description":"Der antike Messing-Ringgriff \u201eBlume und Kn\u00f6pfe\u201c mit einem Durchmesser von 42 mm hat ein antikes Messing-Finish. Dieser Ringgriff wird auf Ihren antiken M\u00f6beln oder Schubladen gro\u00dfartig aussehen.","robots":{"index":"index","follow":"follow","max-snippet":"max-snippet:-1","max-image-preview":"max-image-preview:large","max-video-preview":"max-video-preview:-1"},"canonical":"https:\/\/partsandpieces.nl\/de\/produkt\/ringgriff-messing-antik-blume-und-knopf-42mm\/","og_locale":"de_DE","og_type":"article","og_title":"Ringgreep antiek Bloem 42mm","og_description":"Ringgreep Messing antiek Bloem en knopen 42mm midden heeft een antiek messingkleurige afwerking. Deze ringgreep past goed op je antieke meubel of lade.","og_url":"https:\/\/partsandpieces.nl\/de\/produkt\/ringgriff-messing-antik-blume-und-knopf-42mm\/","og_site_name":"Parts &amp; Pieces","article_modified_time":"2026-01-06T16:08:20+00:00","og_image":[{"width":817,"height":814,"url":"https:\/\/partsandpieces.nl\/wp-content\/uploads\/2025\/10\/Ringgreep-Messing-antiek-Bloem-en-knoop-42mm.jpg","type":"image\/jpeg"}],"twitter_card":"summary_large_image","twitter_misc":{"Gesch\u00e4tzte Lesezeit":"1\u00a0Minute"},"schema":{"@context":"https:\/\/schema.org","@graph":[{"@type":"WebPage","@id":"https:\/\/partsandpieces.nl\/product\/ringgreep-messing-antiek-bloem-en-knoop-42mm\/","url":"https:\/\/partsandpieces.nl\/product\/ringgreep-messing-antiek-bloem-en-knoop-42mm\/","name":"Ringgriff Antik Blume 42mm","isPartOf":{"@id":"https:\/\/partsandpieces.nl\/#website"},"primaryImageOfPage":{"@id":"https:\/\/partsandpieces.nl\/product\/ringgreep-messing-antiek-bloem-en-knoop-42mm\/#primaryimage"},"image":{"@id":"https:\/\/partsandpieces.nl\/product\/ringgreep-messing-antiek-bloem-en-knoop-42mm\/#primaryimage"},"thumbnailUrl":"https:\/\/partsandpieces.nl\/wp-content\/uploads\/2025\/10\/Ringgreep-Messing-antiek-Bloem-en-knoop-42mm.jpg","datePublished":"2025-10-09T14:07:46+00:00","dateModified":"2026-01-06T16:08:20+00:00","description":"Der antike Messing-Ringgriff \u201eBlume und Kn\u00f6pfe\u201c mit einem Durchmesser von 42 mm hat ein antikes Messing-Finish. Dieser Ringgriff wird auf Ihren antiken M\u00f6beln oder Schubladen gro\u00dfartig aussehen.","breadcrumb":{"@id":"https:\/\/partsandpieces.nl\/product\/ringgreep-messing-antiek-bloem-en-knoop-42mm\/#breadcrumb"},"inLanguage":"de","potentialAction":[{"@type":"ReadAction","target":["https:\/\/partsandpieces.nl\/product\/ringgreep-messing-antiek-bloem-en-knoop-42mm\/"]}]},{"@type":"ImageObject","inLanguage":"de","@id":"https:\/\/partsandpieces.nl\/product\/ringgreep-messing-antiek-bloem-en-knoop-42mm\/#primaryimage","url":"https:\/\/partsandpieces.nl\/wp-content\/uploads\/2025\/10\/Ringgreep-Messing-antiek-Bloem-en-knoop-42mm.jpg","contentUrl":"https:\/\/partsandpieces.nl\/wp-content\/uploads\/2025\/10\/Ringgreep-Messing-antiek-Bloem-en-knoop-42mm.jpg","width":817,"height":814,"caption":"Ringgreep Messing antiek Bloem en knoop 42mm"},{"@type":"BreadcrumbList","@id":"https:\/\/partsandpieces.nl\/product\/ringgreep-messing-antiek-bloem-en-knoop-42mm\/#breadcrumb","itemListElement":[{"@type":"ListItem","position":1,"name":"Home","item":"https:\/\/partsandpieces.nl\/home\/"},{"@type":"ListItem","position":2,"name":"Winkel","item":"https:\/\/partsandpieces.nl\/winkel\/"},{"@type":"ListItem","position":3,"name":"Ringgreep Messing antiek Bloem en knoop 42mm"}]},{"@type":"WebSite","@id":"https:\/\/partsandpieces.nl\/#website","url":"https:\/\/partsandpieces.nl\/","name":"Teile &amp; St\u00fccke","description":"Alles f\u00fcr Ihre M\u00f6belrestaurierung und -pflege!","potentialAction":[{"@type":"SearchAction","target":{"@type":"EntryPoint","urlTemplate":"https:\/\/partsandpieces.nl\/?s={search_term_string}"},"query-input":{"@type":"PropertyValueSpecification","valueRequired":true,"valueName":"search_term_string"}}],"inLanguage":"de"}]}},"_links":{"self":[{"href":"https:\/\/partsandpieces.nl\/de\/wp-json\/wp\/v2\/product\/12913","targetHints":{"allow":["GET"]}}],"collection":[{"href":"https:\/\/partsandpieces.nl\/de\/wp-json\/wp\/v2\/product"}],"about":[{"href":"https:\/\/partsandpieces.nl\/de\/wp-json\/wp\/v2\/types\/product"}],"wp:featuredmedia":[{"embeddable":true,"href":"https:\/\/partsandpieces.nl\/de\/wp-json\/wp\/v2\/media\/12915"}],"wp:attachment":[{"href":"https:\/\/partsandpieces.nl\/de\/wp-json\/wp\/v2\/media?parent=12913"}],"wp:term":[{"taxonomy":"product_brand","embeddable":true,"href":"https:\/\/partsandpieces.nl\/de\/wp-json\/wp\/v2\/product_brand?post=12913"},{"taxonomy":"product_cat","embeddable":true,"href":"https:\/\/partsandpieces.nl\/de\/wp-json\/wp\/v2\/product_cat?post=12913"},{"taxonomy":"product_tag","embeddable":true,"href":"https:\/\/partsandpieces.nl\/de\/wp-json\/wp\/v2\/product_tag?post=12913"}],"curies":[{"name":"wp","href":"https:\/\/api.w.org\/{rel}","templated":true}]}}