{"id":12934,"date":"2025-10-13T10:48:03","date_gmt":"2025-10-13T08:48:03","guid":{"rendered":"https:\/\/partsandpieces.nl\/?post_type=product&#038;p=12934"},"modified":"2026-02-08T17:49:00","modified_gmt":"2026-02-08T16:49:00","slug":"schlusselschild-messing-antik-schnorkel-und-knopfe-waagerecht-115x34mm","status":"publish","type":"product","link":"https:\/\/partsandpieces.nl\/de\/product\/sleutelplaat-messing-antiek-krullen-en-knopen-horizontaal-115x34mm\/","title":{"rendered":"Schl\u00fcsselschild Messing Antik Schn\u00f6rkel und Knoten horizontal 115x34mm"},"content":{"rendered":"<p><strong>Schl\u00fcsselschild Messing Antik Schn\u00f6rkel und Knoten horizontal 115x34mm<\/strong> Dieses wundersch\u00f6ne Messingschild im antiken Louis XIV-Stil ist horizontal ausgerichtet und passt hervorragend zu Ihren antiken oder klassischen M\u00f6beln.<\/p>\n<p>Dieser hochwertige Schubladengriff wird in Italien hergestellt.<\/p>\n<p><strong>Ma\u00dfe<br \/>\n<\/strong>Das antike Messingschild mit horizontalen Schn\u00f6rkeln und Knoten (115 x 34 mm) ist 115 mm breit und 34 mm hoch. Das Schl\u00fcsselloch ist 16 mm tief.<\/p>\n<p><strong>Bearbeiten<br \/>\n<\/strong>Sie k\u00f6nnen die Schl\u00fcsselplatte mit montieren <a href=\"https:\/\/partsandpieces.nl\/de\/produkt\/schrauben-flachkopf-antik-bronze-mit-schlitz-2x14mm-200-stuck\/\">Schrauben Rundkopf Antik Bronze mit Schlitz 2x14mm<\/a>. Ich schicke diese Schrauben <strong>FREI<\/strong>\u00a0mit Ihrer Bestellung.<\/p>","protected":false},"excerpt":{"rendered":"<p>Sleutelplaat Messing Antiek Krullen en knopen horizontaal 115x34mm is een mooie sleutelplaat gemaakt van messing met een antieke afwerking in de Lodewijk de 14e stijl. De sleutelplaat is horizontaal gericht. Deze sleutelplaat past goed op je antieke of klassieke meubels. Deze kwalitatief uitstekende ladegreep is gemaakt in Itali\u00eb. Afmetingen Sleutelplaat Messing Antiek Krullen en knopen [&hellip;]<\/p>\n","protected":false},"featured_media":12936,"template":"","meta":{"_acf_changed":false},"product_brand":[],"product_cat":[23,48],"product_tag":[],"class_list":{"0":"post-12934","1":"product","2":"type-product","3":"status-publish","4":"has-post-thumbnail","6":"product_cat-meubelbeslag","7":"product_cat-sleutelplaten","9":"first","10":"instock","11":"taxable","12":"shipping-taxable","13":"purchasable","14":"product-type-simple"},"acf":[],"yoast_head":"<!-- This site is optimized with the Yoast SEO plugin v27.3 - https:\/\/yoast.com\/product\/yoast-seo-wordpress\/ -->\n<title>Sleutelplaat Messing horizontaal Krullen 115x34mm Antiek<\/title>\n<meta name=\"description\" content=\"Sleutelplaat Messing Antiek Krullen en knopen horizontaal 115x34mm is gemaakt van messing met een antieke afwerking in de Lodewijk de 14e stijl.\" \/>\n<meta name=\"robots\" content=\"index, follow, max-snippet:-1, max-image-preview:large, max-video-preview:-1\" \/>\n<link rel=\"canonical\" href=\"https:\/\/partsandpieces.nl\/de\/produkt\/schlusselschild-messing-antik-schnorkel-und-knopfe-waagerecht-115x34mm\/\" \/>\n<meta property=\"og:locale\" content=\"de_DE\" \/>\n<meta property=\"og:type\" content=\"article\" \/>\n<meta property=\"og:title\" content=\"Sleutelplaat Messing horizontaal Krullen 115x34mm Antiek\" \/>\n<meta property=\"og:description\" content=\"Sleutelplaat Messing Antiek Krullen en knopen horizontaal 115x34mm is gemaakt van messing met een antieke afwerking in de Lodewijk de 14e stijl.\" \/>\n<meta property=\"og:url\" content=\"https:\/\/partsandpieces.nl\/de\/produkt\/schlusselschild-messing-antik-schnorkel-und-knopfe-waagerecht-115x34mm\/\" \/>\n<meta property=\"og:site_name\" content=\"Parts &amp; Pieces\" \/>\n<meta property=\"article:modified_time\" content=\"2026-02-08T16:49:00+00:00\" \/>\n<meta property=\"og:image\" content=\"https:\/\/partsandpieces.nl\/wp-content\/uploads\/2025\/10\/Sleutelplaat-Messing-Antiek-Krullen-en-knopen-horizontaal-115x34mm.jpg\" \/>\n\t<meta property=\"og:image:width\" content=\"1161\" \/>\n\t<meta property=\"og:image:height\" content=\"1162\" \/>\n\t<meta property=\"og:image:type\" content=\"image\/jpeg\" \/>\n<meta name=\"twitter:card\" content=\"summary_large_image\" \/>\n<meta name=\"twitter:label1\" content=\"Gesch\u00e4tzte Lesezeit\" \/>\n\t<meta name=\"twitter:data1\" content=\"1\u00a0Minute\" \/>\n<script type=\"application\/ld+json\" class=\"yoast-schema-graph\">{\"@context\":\"https:\\\/\\\/schema.org\",\"@graph\":[{\"@type\":\"WebPage\",\"@id\":\"https:\\\/\\\/partsandpieces.nl\\\/product\\\/sleutelplaat-messing-antiek-krullen-en-knopen-horizontaal-115x34mm\\\/\",\"url\":\"https:\\\/\\\/partsandpieces.nl\\\/product\\\/sleutelplaat-messing-antiek-krullen-en-knopen-horizontaal-115x34mm\\\/\",\"name\":\"Sleutelplaat Messing horizontaal Krullen 115x34mm Antiek\",\"isPartOf\":{\"@id\":\"https:\\\/\\\/partsandpieces.nl\\\/#website\"},\"primaryImageOfPage\":{\"@id\":\"https:\\\/\\\/partsandpieces.nl\\\/product\\\/sleutelplaat-messing-antiek-krullen-en-knopen-horizontaal-115x34mm\\\/#primaryimage\"},\"image\":{\"@id\":\"https:\\\/\\\/partsandpieces.nl\\\/product\\\/sleutelplaat-messing-antiek-krullen-en-knopen-horizontaal-115x34mm\\\/#primaryimage\"},\"thumbnailUrl\":\"https:\\\/\\\/partsandpieces.nl\\\/wp-content\\\/uploads\\\/2025\\\/10\\\/Sleutelplaat-Messing-Antiek-Krullen-en-knopen-horizontaal-115x34mm.jpg\",\"datePublished\":\"2025-10-13T08:48:03+00:00\",\"dateModified\":\"2026-02-08T16:49:00+00:00\",\"description\":\"Sleutelplaat Messing Antiek Krullen en knopen horizontaal 115x34mm is gemaakt van messing met een antieke afwerking in de Lodewijk de 14e stijl.\",\"breadcrumb\":{\"@id\":\"https:\\\/\\\/partsandpieces.nl\\\/product\\\/sleutelplaat-messing-antiek-krullen-en-knopen-horizontaal-115x34mm\\\/#breadcrumb\"},\"inLanguage\":\"de\",\"potentialAction\":[{\"@type\":\"ReadAction\",\"target\":[\"https:\\\/\\\/partsandpieces.nl\\\/product\\\/sleutelplaat-messing-antiek-krullen-en-knopen-horizontaal-115x34mm\\\/\"]}]},{\"@type\":\"ImageObject\",\"inLanguage\":\"de\",\"@id\":\"https:\\\/\\\/partsandpieces.nl\\\/product\\\/sleutelplaat-messing-antiek-krullen-en-knopen-horizontaal-115x34mm\\\/#primaryimage\",\"url\":\"https:\\\/\\\/partsandpieces.nl\\\/wp-content\\\/uploads\\\/2025\\\/10\\\/Sleutelplaat-Messing-Antiek-Krullen-en-knopen-horizontaal-115x34mm.jpg\",\"contentUrl\":\"https:\\\/\\\/partsandpieces.nl\\\/wp-content\\\/uploads\\\/2025\\\/10\\\/Sleutelplaat-Messing-Antiek-Krullen-en-knopen-horizontaal-115x34mm.jpg\",\"width\":1161,\"height\":1162,\"caption\":\"Sleutelplaat Messing Antiek Krullen en knopen horizontaal 115x34mm is een mooie sleutelplaat gemaakt van messing met een antieke afwerking in de Lodewijk de 14e stijl.\"},{\"@type\":\"BreadcrumbList\",\"@id\":\"https:\\\/\\\/partsandpieces.nl\\\/product\\\/sleutelplaat-messing-antiek-krullen-en-knopen-horizontaal-115x34mm\\\/#breadcrumb\",\"itemListElement\":[{\"@type\":\"ListItem\",\"position\":1,\"name\":\"Home\",\"item\":\"https:\\\/\\\/partsandpieces.nl\\\/home\\\/\"},{\"@type\":\"ListItem\",\"position\":2,\"name\":\"Winkel\",\"item\":\"https:\\\/\\\/partsandpieces.nl\\\/winkel\\\/\"},{\"@type\":\"ListItem\",\"position\":3,\"name\":\"Sleutelplaat Messing Antiek Krullen en knopen horizontaal 115x34mm\"}]},{\"@type\":\"WebSite\",\"@id\":\"https:\\\/\\\/partsandpieces.nl\\\/#website\",\"url\":\"https:\\\/\\\/partsandpieces.nl\\\/\",\"name\":\"Parts &amp; Pieces\",\"description\":\"Alles voor uw meubelrestauratie en -onderhoud!\",\"potentialAction\":[{\"@type\":\"SearchAction\",\"target\":{\"@type\":\"EntryPoint\",\"urlTemplate\":\"https:\\\/\\\/partsandpieces.nl\\\/?s={search_term_string}\"},\"query-input\":{\"@type\":\"PropertyValueSpecification\",\"valueRequired\":true,\"valueName\":\"search_term_string\"}}],\"inLanguage\":\"de\"}]}<\/script>\n<!-- \/ Yoast SEO plugin. -->","yoast_head_json":{"title":"Schl\u00fcsselschild Messing horizontale Locken 115x34mm Antik","description":"Schl\u00fcsselschild Messing Antik Schn\u00f6rkel und Knoten horizontal 115x34mm ist aus Messing mit Antik-Finish im Louis XIV. Stil.","robots":{"index":"index","follow":"follow","max-snippet":"max-snippet:-1","max-image-preview":"max-image-preview:large","max-video-preview":"max-video-preview:-1"},"canonical":"https:\/\/partsandpieces.nl\/de\/produkt\/schlusselschild-messing-antik-schnorkel-und-knopfe-waagerecht-115x34mm\/","og_locale":"de_DE","og_type":"article","og_title":"Sleutelplaat Messing horizontaal Krullen 115x34mm Antiek","og_description":"Sleutelplaat Messing Antiek Krullen en knopen horizontaal 115x34mm is gemaakt van messing met een antieke afwerking in de Lodewijk de 14e stijl.","og_url":"https:\/\/partsandpieces.nl\/de\/produkt\/schlusselschild-messing-antik-schnorkel-und-knopfe-waagerecht-115x34mm\/","og_site_name":"Parts &amp; Pieces","article_modified_time":"2026-02-08T16:49:00+00:00","og_image":[{"width":1161,"height":1162,"url":"https:\/\/partsandpieces.nl\/wp-content\/uploads\/2025\/10\/Sleutelplaat-Messing-Antiek-Krullen-en-knopen-horizontaal-115x34mm.jpg","type":"image\/jpeg"}],"twitter_card":"summary_large_image","twitter_misc":{"Gesch\u00e4tzte Lesezeit":"1\u00a0Minute"},"schema":{"@context":"https:\/\/schema.org","@graph":[{"@type":"WebPage","@id":"https:\/\/partsandpieces.nl\/product\/sleutelplaat-messing-antiek-krullen-en-knopen-horizontaal-115x34mm\/","url":"https:\/\/partsandpieces.nl\/product\/sleutelplaat-messing-antiek-krullen-en-knopen-horizontaal-115x34mm\/","name":"Schl\u00fcsselschild Messing horizontale Locken 115x34mm Antik","isPartOf":{"@id":"https:\/\/partsandpieces.nl\/#website"},"primaryImageOfPage":{"@id":"https:\/\/partsandpieces.nl\/product\/sleutelplaat-messing-antiek-krullen-en-knopen-horizontaal-115x34mm\/#primaryimage"},"image":{"@id":"https:\/\/partsandpieces.nl\/product\/sleutelplaat-messing-antiek-krullen-en-knopen-horizontaal-115x34mm\/#primaryimage"},"thumbnailUrl":"https:\/\/partsandpieces.nl\/wp-content\/uploads\/2025\/10\/Sleutelplaat-Messing-Antiek-Krullen-en-knopen-horizontaal-115x34mm.jpg","datePublished":"2025-10-13T08:48:03+00:00","dateModified":"2026-02-08T16:49:00+00:00","description":"Schl\u00fcsselschild Messing Antik Schn\u00f6rkel und Knoten horizontal 115x34mm ist aus Messing mit Antik-Finish im Louis XIV. Stil.","breadcrumb":{"@id":"https:\/\/partsandpieces.nl\/product\/sleutelplaat-messing-antiek-krullen-en-knopen-horizontaal-115x34mm\/#breadcrumb"},"inLanguage":"de","potentialAction":[{"@type":"ReadAction","target":["https:\/\/partsandpieces.nl\/product\/sleutelplaat-messing-antiek-krullen-en-knopen-horizontaal-115x34mm\/"]}]},{"@type":"ImageObject","inLanguage":"de","@id":"https:\/\/partsandpieces.nl\/product\/sleutelplaat-messing-antiek-krullen-en-knopen-horizontaal-115x34mm\/#primaryimage","url":"https:\/\/partsandpieces.nl\/wp-content\/uploads\/2025\/10\/Sleutelplaat-Messing-Antiek-Krullen-en-knopen-horizontaal-115x34mm.jpg","contentUrl":"https:\/\/partsandpieces.nl\/wp-content\/uploads\/2025\/10\/Sleutelplaat-Messing-Antiek-Krullen-en-knopen-horizontaal-115x34mm.jpg","width":1161,"height":1162,"caption":"Sleutelplaat Messing Antiek Krullen en knopen horizontaal 115x34mm is een mooie sleutelplaat gemaakt van messing met een antieke afwerking in de Lodewijk de 14e stijl."},{"@type":"BreadcrumbList","@id":"https:\/\/partsandpieces.nl\/product\/sleutelplaat-messing-antiek-krullen-en-knopen-horizontaal-115x34mm\/#breadcrumb","itemListElement":[{"@type":"ListItem","position":1,"name":"Home","item":"https:\/\/partsandpieces.nl\/home\/"},{"@type":"ListItem","position":2,"name":"Winkel","item":"https:\/\/partsandpieces.nl\/winkel\/"},{"@type":"ListItem","position":3,"name":"Sleutelplaat Messing Antiek Krullen en knopen horizontaal 115x34mm"}]},{"@type":"WebSite","@id":"https:\/\/partsandpieces.nl\/#website","url":"https:\/\/partsandpieces.nl\/","name":"Teile &amp; St\u00fccke","description":"Alles f\u00fcr Ihre M\u00f6belrestaurierung und -pflege!","potentialAction":[{"@type":"SearchAction","target":{"@type":"EntryPoint","urlTemplate":"https:\/\/partsandpieces.nl\/?s={search_term_string}"},"query-input":{"@type":"PropertyValueSpecification","valueRequired":true,"valueName":"search_term_string"}}],"inLanguage":"de"}]}},"_links":{"self":[{"href":"https:\/\/partsandpieces.nl\/de\/wp-json\/wp\/v2\/product\/12934","targetHints":{"allow":["GET"]}}],"collection":[{"href":"https:\/\/partsandpieces.nl\/de\/wp-json\/wp\/v2\/product"}],"about":[{"href":"https:\/\/partsandpieces.nl\/de\/wp-json\/wp\/v2\/types\/product"}],"wp:featuredmedia":[{"embeddable":true,"href":"https:\/\/partsandpieces.nl\/de\/wp-json\/wp\/v2\/media\/12936"}],"wp:attachment":[{"href":"https:\/\/partsandpieces.nl\/de\/wp-json\/wp\/v2\/media?parent=12934"}],"wp:term":[{"taxonomy":"product_brand","embeddable":true,"href":"https:\/\/partsandpieces.nl\/de\/wp-json\/wp\/v2\/product_brand?post=12934"},{"taxonomy":"product_cat","embeddable":true,"href":"https:\/\/partsandpieces.nl\/de\/wp-json\/wp\/v2\/product_cat?post=12934"},{"taxonomy":"product_tag","embeddable":true,"href":"https:\/\/partsandpieces.nl\/de\/wp-json\/wp\/v2\/product_tag?post=12934"}],"curies":[{"name":"wp","href":"https:\/\/api.w.org\/{rel}","templated":true}]}}