{"id":12942,"date":"2025-10-13T11:28:40","date_gmt":"2025-10-13T09:28:40","guid":{"rendered":"https:\/\/partsandpieces.nl\/?post_type=product&#038;p=12942"},"modified":"2025-12-17T13:29:03","modified_gmt":"2025-12-17T12:29:03","slug":"ringgriff-messing-antik-grose-speichen-52mm","status":"publish","type":"product","link":"https:\/\/partsandpieces.nl\/de\/product\/ringgreep-messing-antiek-groot-spaken-52mm\/","title":{"rendered":"Ringgriff Messing antik gro\u00dfe &quot;Speichen&quot; 52mm"},"content":{"rendered":"<p><strong>Ringgriff Messing antik gro\u00dfe &quot;Speichen&quot; 52mm<\/strong> Dieser gro\u00dfe Ringgriff hat die Form eines Rings mit einer R\u00fcckplatte. Die R\u00fcckplatte ist in der Mitte mit einem Speicheneffekt verziert. Der Griff besteht aus Zamak* mit antikem Messing-Finish. Dieser Ringgriff passt hervorragend zu Ihren antiken oder klassischen M\u00f6beln.<\/p>\n<p>Dieser hochwertige Ringgriff wird in Italien hergestellt.<\/p>\n<p><strong>Ma\u00dfe<br \/>\n<\/strong>Der Ringgriff aus antikem Messing, gro\u00dfe \u201eSpeichen\u201c, 52 mm, hat einen Durchmesser von 52 mm. Nach der Installation steht dieser Ringgriff 7 mm hervor. Der Zugring hat einen Durchmesser von 39 mm.<\/p>\n<p><strong>Bearbeiten<br \/>\n<\/strong>Sie k\u00f6nnen den Ringgriff mit blind montieren <span style=\"text-decoration: underline;\"><a href=\"https:\/\/partsandpieces.nl\/de\/produkt\/schraube-edelstahl-zur-blindmontage-von-mobelbeschlagen-45x4mm-20-stuck\/\">Edelstahlschraube zur Blindbefestigung von M\u00f6belbeschl\u00e4gen (45x4mm)<\/a><\/span>. Ich schicke diese Schraube\u00a0<strong>FREI<\/strong>\u00a0mit Ihrer Bestellung.<\/p>\n<p>* Zamak ist eine Legierung mit Zink als Hauptbestandteil. Es hat einen relativ niedrigen Schmelzpunkt und ist leicht zu gie\u00dfen. Der Name ist ein Akronym, abgeleitet von den Anfangsbuchstaben der deutschen Bezeichnungen f\u00fcr die Metalle, aus denen sich der Werkstoff zusammensetzt: Zink, Aluminium, MAGnesium, Kupfer. Zamak wird in der Auto- und M\u00f6belindustrie f\u00fcr T\u00fcrgriffe, Griffe, Logos und Zierleisten verwendet. Es wird auch h\u00e4ufig als Ersatz f\u00fcr das giftige Blei verwendet.<\/p>","protected":false},"excerpt":{"rendered":"<p>Ringgreep Messing Antiek Groot &#8220;Spaken&#8221; 52mm is een grote ringgreep in de vorm van een ring met een achterplaat. In het midden is het achterplaatje versierd met een spaakeffect. De greep is gemaakt van zamak* met een antiek messing finish. Deze ringgreep past goed op je antieke of klassieke meubelstuk. Deze kwalitatief uitstekende ringgreep is [&hellip;]<\/p>\n","protected":false},"featured_media":12944,"template":"","meta":{"_acf_changed":false},"product_brand":[],"product_cat":[41,23,44],"product_tag":[],"class_list":{"0":"post-12942","1":"product","2":"type-product","3":"status-publish","4":"has-post-thumbnail","6":"product_cat-ladetrekkers","7":"product_cat-meubelbeslag","8":"product_cat-ringbeslag","10":"first","11":"instock","12":"taxable","13":"shipping-taxable","14":"purchasable","15":"product-type-simple"},"acf":[],"yoast_head":"<!-- This site is optimized with the Yoast SEO plugin v27.3 - https:\/\/yoast.com\/product\/yoast-seo-wordpress\/ -->\n<title>Ringgreep Messing Antiek 52mm Groot &quot;Spaken&quot;<\/title>\n<meta name=\"description\" content=\"Ringgreep Messing Antiek Groot &quot;Spaken&quot; 52mm is een grote ringgreep met een achterplaat. In het midden is het achterplaatje versierd met een spaakeffect.\" \/>\n<meta name=\"robots\" content=\"index, follow, max-snippet:-1, max-image-preview:large, max-video-preview:-1\" \/>\n<link rel=\"canonical\" href=\"https:\/\/partsandpieces.nl\/de\/produkt\/ringgriff-messing-antik-grose-speichen-52mm\/\" \/>\n<meta property=\"og:locale\" content=\"de_DE\" \/>\n<meta property=\"og:type\" content=\"article\" \/>\n<meta property=\"og:title\" content=\"Ringgreep Messing Antiek 52mm Groot &quot;Spaken&quot;\" \/>\n<meta property=\"og:description\" content=\"Ringgreep Messing Antiek Groot &quot;Spaken&quot; 52mm is een grote ringgreep met een achterplaat. In het midden is het achterplaatje versierd met een spaakeffect.\" \/>\n<meta property=\"og:url\" content=\"https:\/\/partsandpieces.nl\/de\/produkt\/ringgriff-messing-antik-grose-speichen-52mm\/\" \/>\n<meta property=\"og:site_name\" content=\"Parts &amp; Pieces\" \/>\n<meta property=\"article:modified_time\" content=\"2025-12-17T12:29:03+00:00\" \/>\n<meta property=\"og:image\" content=\"https:\/\/partsandpieces.nl\/wp-content\/uploads\/2025\/10\/Ringgreep-Messing-Antiek-Groot-Spaken-52mm.jpg\" \/>\n\t<meta property=\"og:image:width\" content=\"1013\" \/>\n\t<meta property=\"og:image:height\" content=\"1018\" \/>\n\t<meta property=\"og:image:type\" content=\"image\/jpeg\" \/>\n<meta name=\"twitter:card\" content=\"summary_large_image\" \/>\n<meta name=\"twitter:label1\" content=\"Gesch\u00e4tzte Lesezeit\" \/>\n\t<meta name=\"twitter:data1\" content=\"1\u00a0Minute\" \/>\n<script type=\"application\/ld+json\" class=\"yoast-schema-graph\">{\"@context\":\"https:\\\/\\\/schema.org\",\"@graph\":[{\"@type\":\"WebPage\",\"@id\":\"https:\\\/\\\/partsandpieces.nl\\\/product\\\/ringgreep-messing-antiek-groot-spaken-52mm\\\/\",\"url\":\"https:\\\/\\\/partsandpieces.nl\\\/product\\\/ringgreep-messing-antiek-groot-spaken-52mm\\\/\",\"name\":\"Ringgreep Messing Antiek 52mm Groot \\\"Spaken\\\"\",\"isPartOf\":{\"@id\":\"https:\\\/\\\/partsandpieces.nl\\\/#website\"},\"primaryImageOfPage\":{\"@id\":\"https:\\\/\\\/partsandpieces.nl\\\/product\\\/ringgreep-messing-antiek-groot-spaken-52mm\\\/#primaryimage\"},\"image\":{\"@id\":\"https:\\\/\\\/partsandpieces.nl\\\/product\\\/ringgreep-messing-antiek-groot-spaken-52mm\\\/#primaryimage\"},\"thumbnailUrl\":\"https:\\\/\\\/partsandpieces.nl\\\/wp-content\\\/uploads\\\/2025\\\/10\\\/Ringgreep-Messing-Antiek-Groot-Spaken-52mm.jpg\",\"datePublished\":\"2025-10-13T09:28:40+00:00\",\"dateModified\":\"2025-12-17T12:29:03+00:00\",\"description\":\"Ringgreep Messing Antiek Groot \\\"Spaken\\\" 52mm is een grote ringgreep met een achterplaat. In het midden is het achterplaatje versierd met een spaakeffect.\",\"breadcrumb\":{\"@id\":\"https:\\\/\\\/partsandpieces.nl\\\/product\\\/ringgreep-messing-antiek-groot-spaken-52mm\\\/#breadcrumb\"},\"inLanguage\":\"de\",\"potentialAction\":[{\"@type\":\"ReadAction\",\"target\":[\"https:\\\/\\\/partsandpieces.nl\\\/product\\\/ringgreep-messing-antiek-groot-spaken-52mm\\\/\"]}]},{\"@type\":\"ImageObject\",\"inLanguage\":\"de\",\"@id\":\"https:\\\/\\\/partsandpieces.nl\\\/product\\\/ringgreep-messing-antiek-groot-spaken-52mm\\\/#primaryimage\",\"url\":\"https:\\\/\\\/partsandpieces.nl\\\/wp-content\\\/uploads\\\/2025\\\/10\\\/Ringgreep-Messing-Antiek-Groot-Spaken-52mm.jpg\",\"contentUrl\":\"https:\\\/\\\/partsandpieces.nl\\\/wp-content\\\/uploads\\\/2025\\\/10\\\/Ringgreep-Messing-Antiek-Groot-Spaken-52mm.jpg\",\"width\":1013,\"height\":1018,\"caption\":\"Ringgreep Messing Antiek Groot \\\"Spaken\\\" 52mm\"},{\"@type\":\"BreadcrumbList\",\"@id\":\"https:\\\/\\\/partsandpieces.nl\\\/product\\\/ringgreep-messing-antiek-groot-spaken-52mm\\\/#breadcrumb\",\"itemListElement\":[{\"@type\":\"ListItem\",\"position\":1,\"name\":\"Home\",\"item\":\"https:\\\/\\\/partsandpieces.nl\\\/home\\\/\"},{\"@type\":\"ListItem\",\"position\":2,\"name\":\"Winkel\",\"item\":\"https:\\\/\\\/partsandpieces.nl\\\/winkel\\\/\"},{\"@type\":\"ListItem\",\"position\":3,\"name\":\"Ringgreep Messing Antiek Groot &#8220;Spaken&#8221; 52mm\"}]},{\"@type\":\"WebSite\",\"@id\":\"https:\\\/\\\/partsandpieces.nl\\\/#website\",\"url\":\"https:\\\/\\\/partsandpieces.nl\\\/\",\"name\":\"Parts &amp; Pieces\",\"description\":\"Alles voor uw meubelrestauratie en -onderhoud!\",\"potentialAction\":[{\"@type\":\"SearchAction\",\"target\":{\"@type\":\"EntryPoint\",\"urlTemplate\":\"https:\\\/\\\/partsandpieces.nl\\\/?s={search_term_string}\"},\"query-input\":{\"@type\":\"PropertyValueSpecification\",\"valueRequired\":true,\"valueName\":\"search_term_string\"}}],\"inLanguage\":\"de\"}]}<\/script>\n<!-- \/ Yoast SEO plugin. -->","yoast_head_json":{"title":"Ringgriff Messing Antik 52mm gro\u00dfe &quot;Speichen&quot;","description":"Der antike Messingringgriff, gro\u00dfe \u201eSpeichen\u201c (52 mm), ist ein gro\u00dfer Ringgriff mit einer R\u00fcckplatte. Die Mitte der R\u00fcckplatte ist mit einem Speicheneffekt verziert.","robots":{"index":"index","follow":"follow","max-snippet":"max-snippet:-1","max-image-preview":"max-image-preview:large","max-video-preview":"max-video-preview:-1"},"canonical":"https:\/\/partsandpieces.nl\/de\/produkt\/ringgriff-messing-antik-grose-speichen-52mm\/","og_locale":"de_DE","og_type":"article","og_title":"Ringgreep Messing Antiek 52mm Groot \"Spaken\"","og_description":"Ringgreep Messing Antiek Groot \"Spaken\" 52mm is een grote ringgreep met een achterplaat. In het midden is het achterplaatje versierd met een spaakeffect.","og_url":"https:\/\/partsandpieces.nl\/de\/produkt\/ringgriff-messing-antik-grose-speichen-52mm\/","og_site_name":"Parts &amp; Pieces","article_modified_time":"2025-12-17T12:29:03+00:00","og_image":[{"width":1013,"height":1018,"url":"https:\/\/partsandpieces.nl\/wp-content\/uploads\/2025\/10\/Ringgreep-Messing-Antiek-Groot-Spaken-52mm.jpg","type":"image\/jpeg"}],"twitter_card":"summary_large_image","twitter_misc":{"Gesch\u00e4tzte Lesezeit":"1\u00a0Minute"},"schema":{"@context":"https:\/\/schema.org","@graph":[{"@type":"WebPage","@id":"https:\/\/partsandpieces.nl\/product\/ringgreep-messing-antiek-groot-spaken-52mm\/","url":"https:\/\/partsandpieces.nl\/product\/ringgreep-messing-antiek-groot-spaken-52mm\/","name":"Ringgriff Messing Antik 52mm gro\u00dfe &quot;Speichen&quot;","isPartOf":{"@id":"https:\/\/partsandpieces.nl\/#website"},"primaryImageOfPage":{"@id":"https:\/\/partsandpieces.nl\/product\/ringgreep-messing-antiek-groot-spaken-52mm\/#primaryimage"},"image":{"@id":"https:\/\/partsandpieces.nl\/product\/ringgreep-messing-antiek-groot-spaken-52mm\/#primaryimage"},"thumbnailUrl":"https:\/\/partsandpieces.nl\/wp-content\/uploads\/2025\/10\/Ringgreep-Messing-Antiek-Groot-Spaken-52mm.jpg","datePublished":"2025-10-13T09:28:40+00:00","dateModified":"2025-12-17T12:29:03+00:00","description":"Der antike Messingringgriff, gro\u00dfe \u201eSpeichen\u201c (52 mm), ist ein gro\u00dfer Ringgriff mit einer R\u00fcckplatte. Die Mitte der R\u00fcckplatte ist mit einem Speicheneffekt verziert.","breadcrumb":{"@id":"https:\/\/partsandpieces.nl\/product\/ringgreep-messing-antiek-groot-spaken-52mm\/#breadcrumb"},"inLanguage":"de","potentialAction":[{"@type":"ReadAction","target":["https:\/\/partsandpieces.nl\/product\/ringgreep-messing-antiek-groot-spaken-52mm\/"]}]},{"@type":"ImageObject","inLanguage":"de","@id":"https:\/\/partsandpieces.nl\/product\/ringgreep-messing-antiek-groot-spaken-52mm\/#primaryimage","url":"https:\/\/partsandpieces.nl\/wp-content\/uploads\/2025\/10\/Ringgreep-Messing-Antiek-Groot-Spaken-52mm.jpg","contentUrl":"https:\/\/partsandpieces.nl\/wp-content\/uploads\/2025\/10\/Ringgreep-Messing-Antiek-Groot-Spaken-52mm.jpg","width":1013,"height":1018,"caption":"Ringgreep Messing Antiek Groot \"Spaken\" 52mm"},{"@type":"BreadcrumbList","@id":"https:\/\/partsandpieces.nl\/product\/ringgreep-messing-antiek-groot-spaken-52mm\/#breadcrumb","itemListElement":[{"@type":"ListItem","position":1,"name":"Home","item":"https:\/\/partsandpieces.nl\/home\/"},{"@type":"ListItem","position":2,"name":"Winkel","item":"https:\/\/partsandpieces.nl\/winkel\/"},{"@type":"ListItem","position":3,"name":"Ringgreep Messing Antiek Groot &#8220;Spaken&#8221; 52mm"}]},{"@type":"WebSite","@id":"https:\/\/partsandpieces.nl\/#website","url":"https:\/\/partsandpieces.nl\/","name":"Teile &amp; St\u00fccke","description":"Alles f\u00fcr Ihre M\u00f6belrestaurierung und -pflege!","potentialAction":[{"@type":"SearchAction","target":{"@type":"EntryPoint","urlTemplate":"https:\/\/partsandpieces.nl\/?s={search_term_string}"},"query-input":{"@type":"PropertyValueSpecification","valueRequired":true,"valueName":"search_term_string"}}],"inLanguage":"de"}]}},"_links":{"self":[{"href":"https:\/\/partsandpieces.nl\/de\/wp-json\/wp\/v2\/product\/12942","targetHints":{"allow":["GET"]}}],"collection":[{"href":"https:\/\/partsandpieces.nl\/de\/wp-json\/wp\/v2\/product"}],"about":[{"href":"https:\/\/partsandpieces.nl\/de\/wp-json\/wp\/v2\/types\/product"}],"wp:featuredmedia":[{"embeddable":true,"href":"https:\/\/partsandpieces.nl\/de\/wp-json\/wp\/v2\/media\/12944"}],"wp:attachment":[{"href":"https:\/\/partsandpieces.nl\/de\/wp-json\/wp\/v2\/media?parent=12942"}],"wp:term":[{"taxonomy":"product_brand","embeddable":true,"href":"https:\/\/partsandpieces.nl\/de\/wp-json\/wp\/v2\/product_brand?post=12942"},{"taxonomy":"product_cat","embeddable":true,"href":"https:\/\/partsandpieces.nl\/de\/wp-json\/wp\/v2\/product_cat?post=12942"},{"taxonomy":"product_tag","embeddable":true,"href":"https:\/\/partsandpieces.nl\/de\/wp-json\/wp\/v2\/product_tag?post=12942"}],"curies":[{"name":"wp","href":"https:\/\/api.w.org\/{rel}","templated":true}]}}