{"id":1302,"date":"2020-08-03T11:50:59","date_gmt":"2020-08-03T11:50:59","guid":{"rendered":"https:\/\/partsandpieces.bonsaidev.nl\/?product=sleutelplaat-messing-rond-50"},"modified":"2026-02-04T14:33:12","modified_gmt":"2026-02-04T13:33:12","slug":"schlusselplatte-messing-antik-rund-ajax-50mm","status":"publish","type":"product","link":"https:\/\/partsandpieces.nl\/de\/product\/sleutelplaat-messing-antiek-rond-ajax-50mm\/","title":{"rendered":"Schl\u00fcsselplatte Messing antik rund Ajax 50mm"},"content":{"rendered":"<p><strong>Schl\u00fcsselplatte Messing antik rund Ajax 50mm<\/strong> ist ein wundersch\u00f6nes gestanztes Schl\u00fcsselschild aus Messing mit antikem Finish. Die Schl\u00fcsselplatte ist rund und mit einem Bild des griechischen Helden Ajax versehen. Dieses Schl\u00fcsselschild passt gut zu Ihren antiken oder klassischen M\u00f6beln und Schubladen.<\/p>\n<p>Dieser hochwertige Schubladengriff wird in Italien hergestellt.<\/p>\n<p><strong>Ma\u00dfe<br \/>\n<\/strong>Schl\u00fcsselplatte Messing antik rund Ajax 50mm hat einen Durchmesser von 50mm.<\/p>\n<p><strong>Bearbeiten<br \/>\n<\/strong>Sie k\u00f6nnen die Schl\u00fcsselplatte mit montieren <span style=\"text-decoration: underline;\"><a href=\"https:\/\/partsandpieces.nl\/de\/produkt\/schraube-edelstahl-zur-blindmontage-von-mobelbeschlagen-45x4mm-20-stuck\/\">Edelstahlschraube zur Blindbefestigung von M\u00f6belbeschl\u00e4gen (45x4mm)<\/a><\/span>\u00a0Ich schicke diese Schrauben\u00a0<strong>FREI<\/strong>\u00a0mit Ihrer Bestellung.<\/p>","protected":false},"excerpt":{"rendered":"<p>Sleutelplaat Messing antiek rond Ajax 50mm is een mooie gestanste sleutelplaat gemaakt van messing met een antieke afwerking. De sleutelplaat is rond van vorm en heeft een afbeelding van de Griekse held Ajax. Deze sleutelplaat past goed op je antieke of klassieke meubel en lades. Deze kwalitatief uitstekende ladegreep is gemaakt in Itali\u00eb. Afmetingen Sleutelplaat [&hellip;]<\/p>\n","protected":false},"featured_media":6971,"template":"","meta":{"_acf_changed":false},"product_brand":[],"product_cat":[23,48],"product_tag":[],"class_list":{"0":"post-1302","1":"product","2":"type-product","3":"status-publish","4":"has-post-thumbnail","6":"product_cat-meubelbeslag","7":"product_cat-sleutelplaten","9":"first","10":"instock","11":"taxable","12":"shipping-taxable","13":"purchasable","14":"product-type-simple"},"acf":[],"yoast_head":"<!-- This site is optimized with the Yoast SEO plugin v27.3 - https:\/\/yoast.com\/product\/yoast-seo-wordpress\/ -->\n<title>Sleutelplaat Messing Ajax 50mm<\/title>\n<meta name=\"description\" content=\"Sleutelplaat Messing antiek rond Ajax 50mm is rond van vorm en heeft een afbeelding van de Griekse held Ajax. Past goed op je klassieke meubel en lades.\" \/>\n<meta name=\"robots\" content=\"index, follow, max-snippet:-1, max-image-preview:large, max-video-preview:-1\" \/>\n<link rel=\"canonical\" href=\"https:\/\/partsandpieces.nl\/de\/produkt\/schlusselplatte-messing-antik-rund-ajax-50mm\/\" \/>\n<meta property=\"og:locale\" content=\"de_DE\" \/>\n<meta property=\"og:type\" content=\"article\" \/>\n<meta property=\"og:title\" content=\"Sleutelplaat Messing Ajax 50mm\" \/>\n<meta property=\"og:description\" content=\"Sleutelplaat Messing antiek rond Ajax 50mm is rond van vorm en heeft een afbeelding van de Griekse held Ajax. Past goed op je klassieke meubel en lades.\" \/>\n<meta property=\"og:url\" content=\"https:\/\/partsandpieces.nl\/de\/produkt\/schlusselplatte-messing-antik-rund-ajax-50mm\/\" \/>\n<meta property=\"og:site_name\" content=\"Parts &amp; Pieces\" \/>\n<meta property=\"article:modified_time\" content=\"2026-02-04T13:33:12+00:00\" \/>\n<meta property=\"og:image\" content=\"https:\/\/partsandpieces.nl\/wp-content\/uploads\/2020\/08\/Sleutelplaat-Messing-antiek-rond-Ajax-50mm-1.jpg\" \/>\n\t<meta property=\"og:image:width\" content=\"421\" \/>\n\t<meta property=\"og:image:height\" content=\"423\" \/>\n\t<meta property=\"og:image:type\" content=\"image\/jpeg\" \/>\n<meta name=\"twitter:card\" content=\"summary_large_image\" \/>\n<meta name=\"twitter:label1\" content=\"Gesch\u00e4tzte Lesezeit\" \/>\n\t<meta name=\"twitter:data1\" content=\"1\u00a0Minute\" \/>\n<script type=\"application\/ld+json\" class=\"yoast-schema-graph\">{\"@context\":\"https:\\\/\\\/schema.org\",\"@graph\":[{\"@type\":\"WebPage\",\"@id\":\"https:\\\/\\\/partsandpieces.nl\\\/product\\\/sleutelplaat-messing-antiek-rond-ajax-50mm\\\/\",\"url\":\"https:\\\/\\\/partsandpieces.nl\\\/product\\\/sleutelplaat-messing-antiek-rond-ajax-50mm\\\/\",\"name\":\"Sleutelplaat Messing Ajax 50mm\",\"isPartOf\":{\"@id\":\"https:\\\/\\\/partsandpieces.nl\\\/#website\"},\"primaryImageOfPage\":{\"@id\":\"https:\\\/\\\/partsandpieces.nl\\\/product\\\/sleutelplaat-messing-antiek-rond-ajax-50mm\\\/#primaryimage\"},\"image\":{\"@id\":\"https:\\\/\\\/partsandpieces.nl\\\/product\\\/sleutelplaat-messing-antiek-rond-ajax-50mm\\\/#primaryimage\"},\"thumbnailUrl\":\"https:\\\/\\\/partsandpieces.nl\\\/wp-content\\\/uploads\\\/2020\\\/08\\\/Sleutelplaat-Messing-antiek-rond-Ajax-50mm-1.jpg\",\"datePublished\":\"2020-08-03T11:50:59+00:00\",\"dateModified\":\"2026-02-04T13:33:12+00:00\",\"description\":\"Sleutelplaat Messing antiek rond Ajax 50mm is rond van vorm en heeft een afbeelding van de Griekse held Ajax. Past goed op je klassieke meubel en lades.\",\"breadcrumb\":{\"@id\":\"https:\\\/\\\/partsandpieces.nl\\\/product\\\/sleutelplaat-messing-antiek-rond-ajax-50mm\\\/#breadcrumb\"},\"inLanguage\":\"de\",\"potentialAction\":[{\"@type\":\"ReadAction\",\"target\":[\"https:\\\/\\\/partsandpieces.nl\\\/product\\\/sleutelplaat-messing-antiek-rond-ajax-50mm\\\/\"]}]},{\"@type\":\"ImageObject\",\"inLanguage\":\"de\",\"@id\":\"https:\\\/\\\/partsandpieces.nl\\\/product\\\/sleutelplaat-messing-antiek-rond-ajax-50mm\\\/#primaryimage\",\"url\":\"https:\\\/\\\/partsandpieces.nl\\\/wp-content\\\/uploads\\\/2020\\\/08\\\/Sleutelplaat-Messing-antiek-rond-Ajax-50mm-1.jpg\",\"contentUrl\":\"https:\\\/\\\/partsandpieces.nl\\\/wp-content\\\/uploads\\\/2020\\\/08\\\/Sleutelplaat-Messing-antiek-rond-Ajax-50mm-1.jpg\",\"width\":421,\"height\":423,\"caption\":\"Sleutelplaat Messing antiek rond Ajax 50mm\"},{\"@type\":\"BreadcrumbList\",\"@id\":\"https:\\\/\\\/partsandpieces.nl\\\/product\\\/sleutelplaat-messing-antiek-rond-ajax-50mm\\\/#breadcrumb\",\"itemListElement\":[{\"@type\":\"ListItem\",\"position\":1,\"name\":\"Home\",\"item\":\"https:\\\/\\\/partsandpieces.nl\\\/home\\\/\"},{\"@type\":\"ListItem\",\"position\":2,\"name\":\"Winkel\",\"item\":\"https:\\\/\\\/partsandpieces.nl\\\/winkel\\\/\"},{\"@type\":\"ListItem\",\"position\":3,\"name\":\"Sleutelplaat Messing antiek rond Ajax 50mm\"}]},{\"@type\":\"WebSite\",\"@id\":\"https:\\\/\\\/partsandpieces.nl\\\/#website\",\"url\":\"https:\\\/\\\/partsandpieces.nl\\\/\",\"name\":\"Parts &amp; Pieces\",\"description\":\"Alles voor uw meubelrestauratie en -onderhoud!\",\"potentialAction\":[{\"@type\":\"SearchAction\",\"target\":{\"@type\":\"EntryPoint\",\"urlTemplate\":\"https:\\\/\\\/partsandpieces.nl\\\/?s={search_term_string}\"},\"query-input\":{\"@type\":\"PropertyValueSpecification\",\"valueRequired\":true,\"valueName\":\"search_term_string\"}}],\"inLanguage\":\"de\"}]}<\/script>\n<!-- \/ Yoast SEO plugin. -->","yoast_head_json":{"title":"Schl\u00fcsselplatte Messing Ajax 50mm","description":"Das Schl\u00fcsselschild Messing antik rund Ajax 50 mm hat eine runde Form und ein Bild des griechischen Helden Ajax. Passt gut auf Ihre klassischen M\u00f6bel und Schubladen.","robots":{"index":"index","follow":"follow","max-snippet":"max-snippet:-1","max-image-preview":"max-image-preview:large","max-video-preview":"max-video-preview:-1"},"canonical":"https:\/\/partsandpieces.nl\/de\/produkt\/schlusselplatte-messing-antik-rund-ajax-50mm\/","og_locale":"de_DE","og_type":"article","og_title":"Sleutelplaat Messing Ajax 50mm","og_description":"Sleutelplaat Messing antiek rond Ajax 50mm is rond van vorm en heeft een afbeelding van de Griekse held Ajax. Past goed op je klassieke meubel en lades.","og_url":"https:\/\/partsandpieces.nl\/de\/produkt\/schlusselplatte-messing-antik-rund-ajax-50mm\/","og_site_name":"Parts &amp; Pieces","article_modified_time":"2026-02-04T13:33:12+00:00","og_image":[{"width":421,"height":423,"url":"https:\/\/partsandpieces.nl\/wp-content\/uploads\/2020\/08\/Sleutelplaat-Messing-antiek-rond-Ajax-50mm-1.jpg","type":"image\/jpeg"}],"twitter_card":"summary_large_image","twitter_misc":{"Gesch\u00e4tzte Lesezeit":"1\u00a0Minute"},"schema":{"@context":"https:\/\/schema.org","@graph":[{"@type":"WebPage","@id":"https:\/\/partsandpieces.nl\/product\/sleutelplaat-messing-antiek-rond-ajax-50mm\/","url":"https:\/\/partsandpieces.nl\/product\/sleutelplaat-messing-antiek-rond-ajax-50mm\/","name":"Schl\u00fcsselplatte Messing Ajax 50mm","isPartOf":{"@id":"https:\/\/partsandpieces.nl\/#website"},"primaryImageOfPage":{"@id":"https:\/\/partsandpieces.nl\/product\/sleutelplaat-messing-antiek-rond-ajax-50mm\/#primaryimage"},"image":{"@id":"https:\/\/partsandpieces.nl\/product\/sleutelplaat-messing-antiek-rond-ajax-50mm\/#primaryimage"},"thumbnailUrl":"https:\/\/partsandpieces.nl\/wp-content\/uploads\/2020\/08\/Sleutelplaat-Messing-antiek-rond-Ajax-50mm-1.jpg","datePublished":"2020-08-03T11:50:59+00:00","dateModified":"2026-02-04T13:33:12+00:00","description":"Das Schl\u00fcsselschild Messing antik rund Ajax 50 mm hat eine runde Form und ein Bild des griechischen Helden Ajax. Passt gut auf Ihre klassischen M\u00f6bel und Schubladen.","breadcrumb":{"@id":"https:\/\/partsandpieces.nl\/product\/sleutelplaat-messing-antiek-rond-ajax-50mm\/#breadcrumb"},"inLanguage":"de","potentialAction":[{"@type":"ReadAction","target":["https:\/\/partsandpieces.nl\/product\/sleutelplaat-messing-antiek-rond-ajax-50mm\/"]}]},{"@type":"ImageObject","inLanguage":"de","@id":"https:\/\/partsandpieces.nl\/product\/sleutelplaat-messing-antiek-rond-ajax-50mm\/#primaryimage","url":"https:\/\/partsandpieces.nl\/wp-content\/uploads\/2020\/08\/Sleutelplaat-Messing-antiek-rond-Ajax-50mm-1.jpg","contentUrl":"https:\/\/partsandpieces.nl\/wp-content\/uploads\/2020\/08\/Sleutelplaat-Messing-antiek-rond-Ajax-50mm-1.jpg","width":421,"height":423,"caption":"Sleutelplaat Messing antiek rond Ajax 50mm"},{"@type":"BreadcrumbList","@id":"https:\/\/partsandpieces.nl\/product\/sleutelplaat-messing-antiek-rond-ajax-50mm\/#breadcrumb","itemListElement":[{"@type":"ListItem","position":1,"name":"Home","item":"https:\/\/partsandpieces.nl\/home\/"},{"@type":"ListItem","position":2,"name":"Winkel","item":"https:\/\/partsandpieces.nl\/winkel\/"},{"@type":"ListItem","position":3,"name":"Sleutelplaat Messing antiek rond Ajax 50mm"}]},{"@type":"WebSite","@id":"https:\/\/partsandpieces.nl\/#website","url":"https:\/\/partsandpieces.nl\/","name":"Teile &amp; St\u00fccke","description":"Alles f\u00fcr Ihre M\u00f6belrestaurierung und -pflege!","potentialAction":[{"@type":"SearchAction","target":{"@type":"EntryPoint","urlTemplate":"https:\/\/partsandpieces.nl\/?s={search_term_string}"},"query-input":{"@type":"PropertyValueSpecification","valueRequired":true,"valueName":"search_term_string"}}],"inLanguage":"de"}]}},"_links":{"self":[{"href":"https:\/\/partsandpieces.nl\/de\/wp-json\/wp\/v2\/product\/1302","targetHints":{"allow":["GET"]}}],"collection":[{"href":"https:\/\/partsandpieces.nl\/de\/wp-json\/wp\/v2\/product"}],"about":[{"href":"https:\/\/partsandpieces.nl\/de\/wp-json\/wp\/v2\/types\/product"}],"wp:featuredmedia":[{"embeddable":true,"href":"https:\/\/partsandpieces.nl\/de\/wp-json\/wp\/v2\/media\/6971"}],"wp:attachment":[{"href":"https:\/\/partsandpieces.nl\/de\/wp-json\/wp\/v2\/media?parent=1302"}],"wp:term":[{"taxonomy":"product_brand","embeddable":true,"href":"https:\/\/partsandpieces.nl\/de\/wp-json\/wp\/v2\/product_brand?post=1302"},{"taxonomy":"product_cat","embeddable":true,"href":"https:\/\/partsandpieces.nl\/de\/wp-json\/wp\/v2\/product_cat?post=1302"},{"taxonomy":"product_tag","embeddable":true,"href":"https:\/\/partsandpieces.nl\/de\/wp-json\/wp\/v2\/product_tag?post=1302"}],"curies":[{"name":"wp","href":"https:\/\/api.w.org\/{rel}","templated":true}]}}