{"id":13024,"date":"2025-10-22T15:12:02","date_gmt":"2025-10-22T13:12:02","guid":{"rendered":"https:\/\/partsandpieces.nl\/?post_type=product&#038;p=13024"},"modified":"2025-11-09T17:24:27","modified_gmt":"2025-11-09T16:24:27","slug":"schubladengriff-messing-massiv-antik-155mm","status":"publish","type":"product","link":"https:\/\/partsandpieces.nl\/de\/product\/ladegreep-massief-messing-antiek-155mm\/","title":{"rendered":"Schubladengriff Massiv Messing Antik 155mm"},"content":{"rendered":"<p><strong>Schubladengriff Massiv Messing Antik 155mm<\/strong> ist ein sch\u00f6ner, klassischer Schubladengriff aus massivem Messing mit antiker Patina-Oberfl\u00e4che. Dieser Griff passt gut zu Ihren antiken oder klassischen M\u00f6beln und Schubladen.<\/p>\n<p><strong>Ma\u00dfe<br \/>\n<\/strong>Der antike Schubladengriff aus massivem Messing (155 mm) ist 155 mm breit. Nach der Montage steht dieser Griff ca. 36 mm \u00fcber. Die F\u00fc\u00dfe des Griffs haben einen Durchmesser von ca. 34 mm.<\/p>\n<p><strong>Bearbeiten<br \/>\n<\/strong>Sie k\u00f6nnen den Griff mit 6 konischen Schrauben montieren. Ich werde diese Schrauben schicken <strong>FREI<\/strong> mit Ihrer Bestellung.<\/p>","protected":false},"excerpt":{"rendered":"<p>Ladegreep Massief Messing Antiek 155mm is een mooie, klassieke ladegreep gemaakt van massief messing met een antieke patina afwerking. Deze greep past goed op je antieke of klassieke meubel en lades. Afmetingen Ladegreep Massief Messing Antiek 155mm is in totaal 155mm breed. Na montage steekt deze greep ongeveer 36mm uit. De voetjes van de greep [&hellip;]<\/p>\n","protected":false},"featured_media":13026,"template":"","meta":{"_acf_changed":false},"product_brand":[],"product_cat":[41,23],"product_tag":[],"class_list":{"0":"post-13024","1":"product","2":"type-product","3":"status-publish","4":"has-post-thumbnail","6":"product_cat-ladetrekkers","7":"product_cat-meubelbeslag","9":"first","10":"instock","11":"taxable","12":"shipping-taxable","13":"purchasable","14":"product-type-simple"},"acf":[],"yoast_head":"<!-- This site is optimized with the Yoast SEO plugin v27.3 - https:\/\/yoast.com\/product\/yoast-seo-wordpress\/ -->\n<title>Ladegreep Messing Antiek 155mm<\/title>\n<meta name=\"description\" content=\"Ladegreep Massief Messing Antiek 155mm is een mooie, klassieke ladegreep gemaakt van massief messing met een antieke patina afwerking.\" \/>\n<meta name=\"robots\" content=\"index, follow, max-snippet:-1, max-image-preview:large, max-video-preview:-1\" \/>\n<link rel=\"canonical\" href=\"https:\/\/partsandpieces.nl\/de\/produkt\/schubladengriff-messing-massiv-antik-155mm\/\" \/>\n<meta property=\"og:locale\" content=\"de_DE\" \/>\n<meta property=\"og:type\" content=\"article\" \/>\n<meta property=\"og:title\" content=\"Ladegreep Messing Antiek 155mm\" \/>\n<meta property=\"og:description\" content=\"Ladegreep Massief Messing Antiek 155mm is een mooie, klassieke ladegreep gemaakt van massief messing met een antieke patina afwerking.\" \/>\n<meta property=\"og:url\" content=\"https:\/\/partsandpieces.nl\/de\/produkt\/schubladengriff-messing-massiv-antik-155mm\/\" \/>\n<meta property=\"og:site_name\" content=\"Parts &amp; Pieces\" \/>\n<meta property=\"article:modified_time\" content=\"2025-11-09T16:24:27+00:00\" \/>\n<meta property=\"og:image\" content=\"https:\/\/partsandpieces.nl\/wp-content\/uploads\/2025\/10\/Ladegreep-Massief-Messing-Antiek-155mm.jpg\" \/>\n\t<meta property=\"og:image:width\" content=\"1199\" \/>\n\t<meta property=\"og:image:height\" content=\"1188\" \/>\n\t<meta property=\"og:image:type\" content=\"image\/jpeg\" \/>\n<meta name=\"twitter:card\" content=\"summary_large_image\" \/>\n<meta name=\"twitter:label1\" content=\"Gesch\u00e4tzte Lesezeit\" \/>\n\t<meta name=\"twitter:data1\" content=\"1\u00a0Minute\" \/>\n<script type=\"application\/ld+json\" class=\"yoast-schema-graph\">{\"@context\":\"https:\\\/\\\/schema.org\",\"@graph\":[{\"@type\":\"WebPage\",\"@id\":\"https:\\\/\\\/partsandpieces.nl\\\/product\\\/ladegreep-massief-messing-antiek-155mm\\\/\",\"url\":\"https:\\\/\\\/partsandpieces.nl\\\/product\\\/ladegreep-massief-messing-antiek-155mm\\\/\",\"name\":\"Ladegreep Messing Antiek 155mm\",\"isPartOf\":{\"@id\":\"https:\\\/\\\/partsandpieces.nl\\\/#website\"},\"primaryImageOfPage\":{\"@id\":\"https:\\\/\\\/partsandpieces.nl\\\/product\\\/ladegreep-massief-messing-antiek-155mm\\\/#primaryimage\"},\"image\":{\"@id\":\"https:\\\/\\\/partsandpieces.nl\\\/product\\\/ladegreep-massief-messing-antiek-155mm\\\/#primaryimage\"},\"thumbnailUrl\":\"https:\\\/\\\/partsandpieces.nl\\\/wp-content\\\/uploads\\\/2025\\\/10\\\/Ladegreep-Massief-Messing-Antiek-155mm.jpg\",\"datePublished\":\"2025-10-22T13:12:02+00:00\",\"dateModified\":\"2025-11-09T16:24:27+00:00\",\"description\":\"Ladegreep Massief Messing Antiek 155mm is een mooie, klassieke ladegreep gemaakt van massief messing met een antieke patina afwerking.\",\"breadcrumb\":{\"@id\":\"https:\\\/\\\/partsandpieces.nl\\\/product\\\/ladegreep-massief-messing-antiek-155mm\\\/#breadcrumb\"},\"inLanguage\":\"de\",\"potentialAction\":[{\"@type\":\"ReadAction\",\"target\":[\"https:\\\/\\\/partsandpieces.nl\\\/product\\\/ladegreep-massief-messing-antiek-155mm\\\/\"]}]},{\"@type\":\"ImageObject\",\"inLanguage\":\"de\",\"@id\":\"https:\\\/\\\/partsandpieces.nl\\\/product\\\/ladegreep-massief-messing-antiek-155mm\\\/#primaryimage\",\"url\":\"https:\\\/\\\/partsandpieces.nl\\\/wp-content\\\/uploads\\\/2025\\\/10\\\/Ladegreep-Massief-Messing-Antiek-155mm.jpg\",\"contentUrl\":\"https:\\\/\\\/partsandpieces.nl\\\/wp-content\\\/uploads\\\/2025\\\/10\\\/Ladegreep-Massief-Messing-Antiek-155mm.jpg\",\"width\":1199,\"height\":1188,\"caption\":\"Ladegreep Massief Messing Antiek 155mm\"},{\"@type\":\"BreadcrumbList\",\"@id\":\"https:\\\/\\\/partsandpieces.nl\\\/product\\\/ladegreep-massief-messing-antiek-155mm\\\/#breadcrumb\",\"itemListElement\":[{\"@type\":\"ListItem\",\"position\":1,\"name\":\"Home\",\"item\":\"https:\\\/\\\/partsandpieces.nl\\\/home\\\/\"},{\"@type\":\"ListItem\",\"position\":2,\"name\":\"Winkel\",\"item\":\"https:\\\/\\\/partsandpieces.nl\\\/winkel\\\/\"},{\"@type\":\"ListItem\",\"position\":3,\"name\":\"Ladegreep Massief Messing Antiek 155mm\"}]},{\"@type\":\"WebSite\",\"@id\":\"https:\\\/\\\/partsandpieces.nl\\\/#website\",\"url\":\"https:\\\/\\\/partsandpieces.nl\\\/\",\"name\":\"Parts &amp; Pieces\",\"description\":\"Alles voor uw meubelrestauratie en -onderhoud!\",\"potentialAction\":[{\"@type\":\"SearchAction\",\"target\":{\"@type\":\"EntryPoint\",\"urlTemplate\":\"https:\\\/\\\/partsandpieces.nl\\\/?s={search_term_string}\"},\"query-input\":{\"@type\":\"PropertyValueSpecification\",\"valueRequired\":true,\"valueName\":\"search_term_string\"}}],\"inLanguage\":\"de\"}]}<\/script>\n<!-- \/ Yoast SEO plugin. -->","yoast_head_json":{"title":"Schubladengriff Messing Antik 155mm","description":"Der Schubladengriff aus massivem Messing in Antik-Optik, 155 mm, ist ein sch\u00f6ner, klassischer Schubladengriff aus massivem Messing mit antiker Patina-Oberfl\u00e4che.","robots":{"index":"index","follow":"follow","max-snippet":"max-snippet:-1","max-image-preview":"max-image-preview:large","max-video-preview":"max-video-preview:-1"},"canonical":"https:\/\/partsandpieces.nl\/de\/produkt\/schubladengriff-messing-massiv-antik-155mm\/","og_locale":"de_DE","og_type":"article","og_title":"Ladegreep Messing Antiek 155mm","og_description":"Ladegreep Massief Messing Antiek 155mm is een mooie, klassieke ladegreep gemaakt van massief messing met een antieke patina afwerking.","og_url":"https:\/\/partsandpieces.nl\/de\/produkt\/schubladengriff-messing-massiv-antik-155mm\/","og_site_name":"Parts &amp; Pieces","article_modified_time":"2025-11-09T16:24:27+00:00","og_image":[{"width":1199,"height":1188,"url":"https:\/\/partsandpieces.nl\/wp-content\/uploads\/2025\/10\/Ladegreep-Massief-Messing-Antiek-155mm.jpg","type":"image\/jpeg"}],"twitter_card":"summary_large_image","twitter_misc":{"Gesch\u00e4tzte Lesezeit":"1\u00a0Minute"},"schema":{"@context":"https:\/\/schema.org","@graph":[{"@type":"WebPage","@id":"https:\/\/partsandpieces.nl\/product\/ladegreep-massief-messing-antiek-155mm\/","url":"https:\/\/partsandpieces.nl\/product\/ladegreep-massief-messing-antiek-155mm\/","name":"Schubladengriff Messing Antik 155mm","isPartOf":{"@id":"https:\/\/partsandpieces.nl\/#website"},"primaryImageOfPage":{"@id":"https:\/\/partsandpieces.nl\/product\/ladegreep-massief-messing-antiek-155mm\/#primaryimage"},"image":{"@id":"https:\/\/partsandpieces.nl\/product\/ladegreep-massief-messing-antiek-155mm\/#primaryimage"},"thumbnailUrl":"https:\/\/partsandpieces.nl\/wp-content\/uploads\/2025\/10\/Ladegreep-Massief-Messing-Antiek-155mm.jpg","datePublished":"2025-10-22T13:12:02+00:00","dateModified":"2025-11-09T16:24:27+00:00","description":"Der Schubladengriff aus massivem Messing in Antik-Optik, 155 mm, ist ein sch\u00f6ner, klassischer Schubladengriff aus massivem Messing mit antiker Patina-Oberfl\u00e4che.","breadcrumb":{"@id":"https:\/\/partsandpieces.nl\/product\/ladegreep-massief-messing-antiek-155mm\/#breadcrumb"},"inLanguage":"de","potentialAction":[{"@type":"ReadAction","target":["https:\/\/partsandpieces.nl\/product\/ladegreep-massief-messing-antiek-155mm\/"]}]},{"@type":"ImageObject","inLanguage":"de","@id":"https:\/\/partsandpieces.nl\/product\/ladegreep-massief-messing-antiek-155mm\/#primaryimage","url":"https:\/\/partsandpieces.nl\/wp-content\/uploads\/2025\/10\/Ladegreep-Massief-Messing-Antiek-155mm.jpg","contentUrl":"https:\/\/partsandpieces.nl\/wp-content\/uploads\/2025\/10\/Ladegreep-Massief-Messing-Antiek-155mm.jpg","width":1199,"height":1188,"caption":"Ladegreep Massief Messing Antiek 155mm"},{"@type":"BreadcrumbList","@id":"https:\/\/partsandpieces.nl\/product\/ladegreep-massief-messing-antiek-155mm\/#breadcrumb","itemListElement":[{"@type":"ListItem","position":1,"name":"Home","item":"https:\/\/partsandpieces.nl\/home\/"},{"@type":"ListItem","position":2,"name":"Winkel","item":"https:\/\/partsandpieces.nl\/winkel\/"},{"@type":"ListItem","position":3,"name":"Ladegreep Massief Messing Antiek 155mm"}]},{"@type":"WebSite","@id":"https:\/\/partsandpieces.nl\/#website","url":"https:\/\/partsandpieces.nl\/","name":"Teile &amp; St\u00fccke","description":"Alles f\u00fcr Ihre M\u00f6belrestaurierung und -pflege!","potentialAction":[{"@type":"SearchAction","target":{"@type":"EntryPoint","urlTemplate":"https:\/\/partsandpieces.nl\/?s={search_term_string}"},"query-input":{"@type":"PropertyValueSpecification","valueRequired":true,"valueName":"search_term_string"}}],"inLanguage":"de"}]}},"_links":{"self":[{"href":"https:\/\/partsandpieces.nl\/de\/wp-json\/wp\/v2\/product\/13024","targetHints":{"allow":["GET"]}}],"collection":[{"href":"https:\/\/partsandpieces.nl\/de\/wp-json\/wp\/v2\/product"}],"about":[{"href":"https:\/\/partsandpieces.nl\/de\/wp-json\/wp\/v2\/types\/product"}],"wp:featuredmedia":[{"embeddable":true,"href":"https:\/\/partsandpieces.nl\/de\/wp-json\/wp\/v2\/media\/13026"}],"wp:attachment":[{"href":"https:\/\/partsandpieces.nl\/de\/wp-json\/wp\/v2\/media?parent=13024"}],"wp:term":[{"taxonomy":"product_brand","embeddable":true,"href":"https:\/\/partsandpieces.nl\/de\/wp-json\/wp\/v2\/product_brand?post=13024"},{"taxonomy":"product_cat","embeddable":true,"href":"https:\/\/partsandpieces.nl\/de\/wp-json\/wp\/v2\/product_cat?post=13024"},{"taxonomy":"product_tag","embeddable":true,"href":"https:\/\/partsandpieces.nl\/de\/wp-json\/wp\/v2\/product_tag?post=13024"}],"curies":[{"name":"wp","href":"https:\/\/api.w.org\/{rel}","templated":true}]}}