{"id":1306,"date":"2020-08-03T11:55:47","date_gmt":"2020-08-03T11:55:47","guid":{"rendered":"https:\/\/partsandpieces.bonsaidev.nl\/?product=sleutelplaat-3447-messing-antiek"},"modified":"2026-03-20T12:29:09","modified_gmt":"2026-03-20T11:29:09","slug":"schlusselschild-messing-antik-schleife-klein-24x47mm","status":"publish","type":"product","link":"https:\/\/partsandpieces.nl\/de\/product\/sleutelplaatje-messing-antiek-strik-klein-24x47mm\/","title":{"rendered":"Schl\u00fcsselschild Messing antik Schleife klein 24x47mm"},"content":{"rendered":"<p><strong>Schl\u00fcsselschild Messing antik Schleife klein 24x47mm<\/strong> ist eine wundersch\u00f6n gearbeitete Schl\u00fcsselplatte f\u00fcr M\u00f6belschubladen aus massivem Messing. Das Schl\u00fcsselschild hat ein antikes Messingfinish und ist oben mit einer gro\u00dfen Schleife verziert.<\/p>\n<p><strong>Ma\u00dfe<br \/>\n<\/strong>Schl\u00fcsselschild Messing antik Bow Small 24x47mm hat eine Breite von 24mm und eine H\u00f6he von 47mm. Das Schl\u00fcsselloch ist 15mm hoch.<\/p>\n<p><strong>Bearbeiten<br \/>\n<\/strong>Sie k\u00f6nnen die Schl\u00fcsselplatte mit montieren\u00a0<span style=\"text-decoration: underline;\"><a href=\"https:\/\/partsandpieces.nl\/de\/produkt\/schrauben-mit-rundkopf-antikbronze-mit-schlitz-2-x-14-mm\/\">Schraube Rundkopf Antik Bronze mit Schlitz (2x14mm)<\/a><\/span>. Ich schicke diese Schrauben\u00a0<strong>FREI<\/strong>\u00a0mit Ihrer Bestellung.<\/p>","protected":false},"excerpt":{"rendered":"<p>Sleutelplaatje Messing antiek Strik Klein 24x47mm is een mooi bewerkt sleutelplaatje voor meubellades gemaakt van massief messing. De sleutelplaat heeft een antieke messing afwerking en een decoratie met een grote strik aan de bovenkant. Afmetingen Sleutelplaatje Messing antiek Strik Klein 24x47mm heeft een breedte van 24mm en een hoogte van 47mm. Het sleutelgat is 15mm [&hellip;]<\/p>\n","protected":false},"featured_media":6976,"template":"","meta":{"_acf_changed":false},"product_brand":[],"product_cat":[23,48],"product_tag":[],"class_list":{"0":"post-1306","1":"product","2":"type-product","3":"status-publish","4":"has-post-thumbnail","6":"product_cat-meubelbeslag","7":"product_cat-sleutelplaten","9":"first","10":"instock","11":"taxable","12":"shipping-taxable","13":"purchasable","14":"product-type-simple"},"acf":[],"yoast_head":"<!-- This site is optimized with the Yoast SEO plugin v27.3 - https:\/\/yoast.com\/product\/yoast-seo-wordpress\/ -->\n<title>Sleutelplaatje Messing Strik Klein<\/title>\n<meta name=\"description\" content=\"Sleutelplaatje Messing antiek Strik Klein 24x47mm heeft een antieke messing afwerking en een decoratie met een grote strik aan de bovenkant.\" \/>\n<meta name=\"robots\" content=\"index, follow, max-snippet:-1, max-image-preview:large, max-video-preview:-1\" \/>\n<link rel=\"canonical\" href=\"https:\/\/partsandpieces.nl\/de\/produkt\/schlusselschild-messing-antik-schleife-klein-24x47mm\/\" \/>\n<meta property=\"og:locale\" content=\"de_DE\" \/>\n<meta property=\"og:type\" content=\"article\" \/>\n<meta property=\"og:title\" content=\"Sleutelplaatje Messing Strik Klein\" \/>\n<meta property=\"og:description\" content=\"Sleutelplaatje Messing antiek Strik Klein 24x47mm heeft een antieke messing afwerking en een decoratie met een grote strik aan de bovenkant.\" \/>\n<meta property=\"og:url\" content=\"https:\/\/partsandpieces.nl\/de\/produkt\/schlusselschild-messing-antik-schleife-klein-24x47mm\/\" \/>\n<meta property=\"og:site_name\" content=\"Parts &amp; Pieces\" \/>\n<meta property=\"article:modified_time\" content=\"2026-03-20T11:29:09+00:00\" \/>\n<meta property=\"og:image\" content=\"https:\/\/partsandpieces.nl\/wp-content\/uploads\/2020\/08\/Sleutelplaatje-Messing-antiek-Strik-Klein-24x47mm.jpg\" \/>\n\t<meta property=\"og:image:width\" content=\"389\" \/>\n\t<meta property=\"og:image:height\" content=\"387\" \/>\n\t<meta property=\"og:image:type\" content=\"image\/jpeg\" \/>\n<meta name=\"twitter:card\" content=\"summary_large_image\" \/>\n<meta name=\"twitter:label1\" content=\"Gesch\u00e4tzte Lesezeit\" \/>\n\t<meta name=\"twitter:data1\" content=\"1\u00a0Minute\" \/>\n<script type=\"application\/ld+json\" class=\"yoast-schema-graph\">{\"@context\":\"https:\\\/\\\/schema.org\",\"@graph\":[{\"@type\":\"WebPage\",\"@id\":\"https:\\\/\\\/partsandpieces.nl\\\/product\\\/sleutelplaatje-messing-antiek-strik-klein-24x47mm\\\/\",\"url\":\"https:\\\/\\\/partsandpieces.nl\\\/product\\\/sleutelplaatje-messing-antiek-strik-klein-24x47mm\\\/\",\"name\":\"Sleutelplaatje Messing Strik Klein\",\"isPartOf\":{\"@id\":\"https:\\\/\\\/partsandpieces.nl\\\/#website\"},\"primaryImageOfPage\":{\"@id\":\"https:\\\/\\\/partsandpieces.nl\\\/product\\\/sleutelplaatje-messing-antiek-strik-klein-24x47mm\\\/#primaryimage\"},\"image\":{\"@id\":\"https:\\\/\\\/partsandpieces.nl\\\/product\\\/sleutelplaatje-messing-antiek-strik-klein-24x47mm\\\/#primaryimage\"},\"thumbnailUrl\":\"https:\\\/\\\/partsandpieces.nl\\\/wp-content\\\/uploads\\\/2020\\\/08\\\/Sleutelplaatje-Messing-antiek-Strik-Klein-24x47mm.jpg\",\"datePublished\":\"2020-08-03T11:55:47+00:00\",\"dateModified\":\"2026-03-20T11:29:09+00:00\",\"description\":\"Sleutelplaatje Messing antiek Strik Klein 24x47mm heeft een antieke messing afwerking en een decoratie met een grote strik aan de bovenkant.\",\"breadcrumb\":{\"@id\":\"https:\\\/\\\/partsandpieces.nl\\\/product\\\/sleutelplaatje-messing-antiek-strik-klein-24x47mm\\\/#breadcrumb\"},\"inLanguage\":\"de\",\"potentialAction\":[{\"@type\":\"ReadAction\",\"target\":[\"https:\\\/\\\/partsandpieces.nl\\\/product\\\/sleutelplaatje-messing-antiek-strik-klein-24x47mm\\\/\"]}]},{\"@type\":\"ImageObject\",\"inLanguage\":\"de\",\"@id\":\"https:\\\/\\\/partsandpieces.nl\\\/product\\\/sleutelplaatje-messing-antiek-strik-klein-24x47mm\\\/#primaryimage\",\"url\":\"https:\\\/\\\/partsandpieces.nl\\\/wp-content\\\/uploads\\\/2020\\\/08\\\/Sleutelplaatje-Messing-antiek-Strik-Klein-24x47mm.jpg\",\"contentUrl\":\"https:\\\/\\\/partsandpieces.nl\\\/wp-content\\\/uploads\\\/2020\\\/08\\\/Sleutelplaatje-Messing-antiek-Strik-Klein-24x47mm.jpg\",\"width\":389,\"height\":387,\"caption\":\"Sleutelplaatje Messing antiek Strik Klein 24x47mm\"},{\"@type\":\"BreadcrumbList\",\"@id\":\"https:\\\/\\\/partsandpieces.nl\\\/product\\\/sleutelplaatje-messing-antiek-strik-klein-24x47mm\\\/#breadcrumb\",\"itemListElement\":[{\"@type\":\"ListItem\",\"position\":1,\"name\":\"Home\",\"item\":\"https:\\\/\\\/partsandpieces.nl\\\/home\\\/\"},{\"@type\":\"ListItem\",\"position\":2,\"name\":\"Winkel\",\"item\":\"https:\\\/\\\/partsandpieces.nl\\\/winkel\\\/\"},{\"@type\":\"ListItem\",\"position\":3,\"name\":\"Sleutelplaatje Messing antiek Strik Klein 24x47mm\"}]},{\"@type\":\"WebSite\",\"@id\":\"https:\\\/\\\/partsandpieces.nl\\\/#website\",\"url\":\"https:\\\/\\\/partsandpieces.nl\\\/\",\"name\":\"Parts &amp; Pieces\",\"description\":\"Alles voor uw meubelrestauratie en -onderhoud!\",\"potentialAction\":[{\"@type\":\"SearchAction\",\"target\":{\"@type\":\"EntryPoint\",\"urlTemplate\":\"https:\\\/\\\/partsandpieces.nl\\\/?s={search_term_string}\"},\"query-input\":{\"@type\":\"PropertyValueSpecification\",\"valueRequired\":true,\"valueName\":\"search_term_string\"}}],\"inLanguage\":\"de\"}]}<\/script>\n<!-- \/ Yoast SEO plugin. -->","yoast_head_json":{"title":"Schl\u00fcsselschild Messing Schleife klein","description":"Das Schl\u00fcsselschild aus Messing mit antiker Schleife, klein, 24 x 47 mm, hat ein antikes Messingfinish und eine Verzierung mit einer gro\u00dfen Schleife an der Oberseite.","robots":{"index":"index","follow":"follow","max-snippet":"max-snippet:-1","max-image-preview":"max-image-preview:large","max-video-preview":"max-video-preview:-1"},"canonical":"https:\/\/partsandpieces.nl\/de\/produkt\/schlusselschild-messing-antik-schleife-klein-24x47mm\/","og_locale":"de_DE","og_type":"article","og_title":"Sleutelplaatje Messing Strik Klein","og_description":"Sleutelplaatje Messing antiek Strik Klein 24x47mm heeft een antieke messing afwerking en een decoratie met een grote strik aan de bovenkant.","og_url":"https:\/\/partsandpieces.nl\/de\/produkt\/schlusselschild-messing-antik-schleife-klein-24x47mm\/","og_site_name":"Parts &amp; Pieces","article_modified_time":"2026-03-20T11:29:09+00:00","og_image":[{"width":389,"height":387,"url":"https:\/\/partsandpieces.nl\/wp-content\/uploads\/2020\/08\/Sleutelplaatje-Messing-antiek-Strik-Klein-24x47mm.jpg","type":"image\/jpeg"}],"twitter_card":"summary_large_image","twitter_misc":{"Gesch\u00e4tzte Lesezeit":"1\u00a0Minute"},"schema":{"@context":"https:\/\/schema.org","@graph":[{"@type":"WebPage","@id":"https:\/\/partsandpieces.nl\/product\/sleutelplaatje-messing-antiek-strik-klein-24x47mm\/","url":"https:\/\/partsandpieces.nl\/product\/sleutelplaatje-messing-antiek-strik-klein-24x47mm\/","name":"Schl\u00fcsselschild Messing Schleife klein","isPartOf":{"@id":"https:\/\/partsandpieces.nl\/#website"},"primaryImageOfPage":{"@id":"https:\/\/partsandpieces.nl\/product\/sleutelplaatje-messing-antiek-strik-klein-24x47mm\/#primaryimage"},"image":{"@id":"https:\/\/partsandpieces.nl\/product\/sleutelplaatje-messing-antiek-strik-klein-24x47mm\/#primaryimage"},"thumbnailUrl":"https:\/\/partsandpieces.nl\/wp-content\/uploads\/2020\/08\/Sleutelplaatje-Messing-antiek-Strik-Klein-24x47mm.jpg","datePublished":"2020-08-03T11:55:47+00:00","dateModified":"2026-03-20T11:29:09+00:00","description":"Das Schl\u00fcsselschild aus Messing mit antiker Schleife, klein, 24 x 47 mm, hat ein antikes Messingfinish und eine Verzierung mit einer gro\u00dfen Schleife an der Oberseite.","breadcrumb":{"@id":"https:\/\/partsandpieces.nl\/product\/sleutelplaatje-messing-antiek-strik-klein-24x47mm\/#breadcrumb"},"inLanguage":"de","potentialAction":[{"@type":"ReadAction","target":["https:\/\/partsandpieces.nl\/product\/sleutelplaatje-messing-antiek-strik-klein-24x47mm\/"]}]},{"@type":"ImageObject","inLanguage":"de","@id":"https:\/\/partsandpieces.nl\/product\/sleutelplaatje-messing-antiek-strik-klein-24x47mm\/#primaryimage","url":"https:\/\/partsandpieces.nl\/wp-content\/uploads\/2020\/08\/Sleutelplaatje-Messing-antiek-Strik-Klein-24x47mm.jpg","contentUrl":"https:\/\/partsandpieces.nl\/wp-content\/uploads\/2020\/08\/Sleutelplaatje-Messing-antiek-Strik-Klein-24x47mm.jpg","width":389,"height":387,"caption":"Sleutelplaatje Messing antiek Strik Klein 24x47mm"},{"@type":"BreadcrumbList","@id":"https:\/\/partsandpieces.nl\/product\/sleutelplaatje-messing-antiek-strik-klein-24x47mm\/#breadcrumb","itemListElement":[{"@type":"ListItem","position":1,"name":"Home","item":"https:\/\/partsandpieces.nl\/home\/"},{"@type":"ListItem","position":2,"name":"Winkel","item":"https:\/\/partsandpieces.nl\/winkel\/"},{"@type":"ListItem","position":3,"name":"Sleutelplaatje Messing antiek Strik Klein 24x47mm"}]},{"@type":"WebSite","@id":"https:\/\/partsandpieces.nl\/#website","url":"https:\/\/partsandpieces.nl\/","name":"Teile &amp; St\u00fccke","description":"Alles f\u00fcr Ihre M\u00f6belrestaurierung und -pflege!","potentialAction":[{"@type":"SearchAction","target":{"@type":"EntryPoint","urlTemplate":"https:\/\/partsandpieces.nl\/?s={search_term_string}"},"query-input":{"@type":"PropertyValueSpecification","valueRequired":true,"valueName":"search_term_string"}}],"inLanguage":"de"}]}},"_links":{"self":[{"href":"https:\/\/partsandpieces.nl\/de\/wp-json\/wp\/v2\/product\/1306","targetHints":{"allow":["GET"]}}],"collection":[{"href":"https:\/\/partsandpieces.nl\/de\/wp-json\/wp\/v2\/product"}],"about":[{"href":"https:\/\/partsandpieces.nl\/de\/wp-json\/wp\/v2\/types\/product"}],"wp:featuredmedia":[{"embeddable":true,"href":"https:\/\/partsandpieces.nl\/de\/wp-json\/wp\/v2\/media\/6976"}],"wp:attachment":[{"href":"https:\/\/partsandpieces.nl\/de\/wp-json\/wp\/v2\/media?parent=1306"}],"wp:term":[{"taxonomy":"product_brand","embeddable":true,"href":"https:\/\/partsandpieces.nl\/de\/wp-json\/wp\/v2\/product_brand?post=1306"},{"taxonomy":"product_cat","embeddable":true,"href":"https:\/\/partsandpieces.nl\/de\/wp-json\/wp\/v2\/product_cat?post=1306"},{"taxonomy":"product_tag","embeddable":true,"href":"https:\/\/partsandpieces.nl\/de\/wp-json\/wp\/v2\/product_tag?post=1306"}],"curies":[{"name":"wp","href":"https:\/\/api.w.org\/{rel}","templated":true}]}}