{"id":1308,"date":"2020-08-03T11:58:44","date_gmt":"2020-08-03T11:58:44","guid":{"rendered":"https:\/\/partsandpieces.bonsaidev.nl\/?product=sleutelplaatje-messing-4257"},"modified":"2026-02-06T18:31:51","modified_gmt":"2026-02-06T17:31:51","slug":"schlusselschild-messing-antik-wappen-gros-42x57mm","status":"publish","type":"product","link":"https:\/\/partsandpieces.nl\/de\/product\/sleutelplaat-messing-antiek-wapenschild-groot-42x57mm\/","title":{"rendered":"Schl\u00fcsselschild Messing Antik Wappen Gro\u00df 42x57mm"},"content":{"rendered":"<p><strong>Schl\u00fcsselschild Messing Antik Wappen Gro\u00df 42x57mm<\/strong> ist ein gro\u00dfes, flaches Schl\u00fcsselschild f\u00fcr M\u00f6belt\u00fcren und Schubladen aus massivem Messing. Das Schl\u00fcsselschild hat eine antike Patina-Oberfl\u00e4che.<\/p>\n<p><strong>Ma\u00dfe<br \/>\n<\/strong>Schl\u00fcsselschild Messing Antik Wappen gro\u00df 42x57mm hat eine Breite von 42mm und eine H\u00f6he von 57mm.<\/p>\n<p><strong>Bearbeiten<br \/>\n<\/strong>Sie k\u00f6nnen die Schl\u00fcsselplatte mit montieren\u00a0<span style=\"text-decoration: underline;\"><a href=\"https:\/\/partsandpieces.nl\/de\/produkt\/schrauben-mit-rundkopf-antikbronze-mit-schlitz-2-x-14-mm\/\">Schraube Rundkopf Antik Bronze mit Schlitz (2x14mm)<\/a><\/span>. Ich schicke diese Schrauben\u00a0<strong>FREI<\/strong>\u00a0mit Ihrer Bestellung<\/p>","protected":false},"excerpt":{"rendered":"<p>Sleutelplaat Messing Antiek Wapenschild Groot 42x57mm is een grote, vlakke sleutelplaat voor meubeldeuren en -lades gemaakt van massief messing. De sleutelplaat heeft een antieke patina afwerking. Afmetingen Sleutelplaatje Messing Antiek Wapenschild Groot 42x57mm heeft een breedte van 42mm en een hoogte van 57mm. Montage Je kunt de sleutelplaat monteren met\u00a0Schroef Bolkop Antiek Brons met gleuf [&hellip;]<\/p>\n","protected":false},"featured_media":6961,"template":"","meta":{"_acf_changed":false},"product_brand":[],"product_cat":[23,48],"product_tag":[],"class_list":{"0":"post-1308","1":"product","2":"type-product","3":"status-publish","4":"has-post-thumbnail","6":"product_cat-meubelbeslag","7":"product_cat-sleutelplaten","9":"first","10":"instock","11":"taxable","12":"shipping-taxable","13":"purchasable","14":"product-type-simple"},"acf":[],"yoast_head":"<!-- This site is optimized with the Yoast SEO plugin v27.3 - https:\/\/yoast.com\/product\/yoast-seo-wordpress\/ -->\n<title>Sleutelplaat Messing Wapenschild Groot<\/title>\n<meta name=\"description\" content=\"Sleutelplaat Messing Antiek Wapenschild Groot 42x57mm is een vlakke sleutelplaat voor meubeldeuren van massief messing. Heeft een antieke patina afwerking.\" \/>\n<meta name=\"robots\" content=\"index, follow, max-snippet:-1, max-image-preview:large, max-video-preview:-1\" \/>\n<link rel=\"canonical\" href=\"https:\/\/partsandpieces.nl\/de\/produkt\/schlusselschild-messing-antik-wappen-gros-42x57mm\/\" \/>\n<meta property=\"og:locale\" content=\"de_DE\" \/>\n<meta property=\"og:type\" content=\"article\" \/>\n<meta property=\"og:title\" content=\"Sleutelplaat Messing Wapenschild Groot\" \/>\n<meta property=\"og:description\" content=\"Sleutelplaat Messing Antiek Wapenschild Groot 42x57mm is een vlakke sleutelplaat voor meubeldeuren van massief messing. Heeft een antieke patina afwerking.\" \/>\n<meta property=\"og:url\" content=\"https:\/\/partsandpieces.nl\/de\/produkt\/schlusselschild-messing-antik-wappen-gros-42x57mm\/\" \/>\n<meta property=\"og:site_name\" content=\"Parts &amp; Pieces\" \/>\n<meta property=\"article:modified_time\" content=\"2026-02-06T17:31:51+00:00\" \/>\n<meta property=\"og:image\" content=\"https:\/\/partsandpieces.nl\/wp-content\/uploads\/2020\/08\/Sleutelplaat-Messing-Antiek-Wapenschild-Groot-42x57mm.jpg\" \/>\n\t<meta property=\"og:image:width\" content=\"370\" \/>\n\t<meta property=\"og:image:height\" content=\"369\" \/>\n\t<meta property=\"og:image:type\" content=\"image\/jpeg\" \/>\n<meta name=\"twitter:card\" content=\"summary_large_image\" \/>\n<meta name=\"twitter:label1\" content=\"Gesch\u00e4tzte Lesezeit\" \/>\n\t<meta name=\"twitter:data1\" content=\"1\u00a0Minute\" \/>\n<script type=\"application\/ld+json\" class=\"yoast-schema-graph\">{\"@context\":\"https:\\\/\\\/schema.org\",\"@graph\":[{\"@type\":\"WebPage\",\"@id\":\"https:\\\/\\\/partsandpieces.nl\\\/product\\\/sleutelplaat-messing-antiek-wapenschild-groot-42x57mm\\\/\",\"url\":\"https:\\\/\\\/partsandpieces.nl\\\/product\\\/sleutelplaat-messing-antiek-wapenschild-groot-42x57mm\\\/\",\"name\":\"Sleutelplaat Messing Wapenschild Groot\",\"isPartOf\":{\"@id\":\"https:\\\/\\\/partsandpieces.nl\\\/#website\"},\"primaryImageOfPage\":{\"@id\":\"https:\\\/\\\/partsandpieces.nl\\\/product\\\/sleutelplaat-messing-antiek-wapenschild-groot-42x57mm\\\/#primaryimage\"},\"image\":{\"@id\":\"https:\\\/\\\/partsandpieces.nl\\\/product\\\/sleutelplaat-messing-antiek-wapenschild-groot-42x57mm\\\/#primaryimage\"},\"thumbnailUrl\":\"https:\\\/\\\/partsandpieces.nl\\\/wp-content\\\/uploads\\\/2020\\\/08\\\/Sleutelplaat-Messing-Antiek-Wapenschild-Groot-42x57mm.jpg\",\"datePublished\":\"2020-08-03T11:58:44+00:00\",\"dateModified\":\"2026-02-06T17:31:51+00:00\",\"description\":\"Sleutelplaat Messing Antiek Wapenschild Groot 42x57mm is een vlakke sleutelplaat voor meubeldeuren van massief messing. Heeft een antieke patina afwerking.\",\"breadcrumb\":{\"@id\":\"https:\\\/\\\/partsandpieces.nl\\\/product\\\/sleutelplaat-messing-antiek-wapenschild-groot-42x57mm\\\/#breadcrumb\"},\"inLanguage\":\"de\",\"potentialAction\":[{\"@type\":\"ReadAction\",\"target\":[\"https:\\\/\\\/partsandpieces.nl\\\/product\\\/sleutelplaat-messing-antiek-wapenschild-groot-42x57mm\\\/\"]}]},{\"@type\":\"ImageObject\",\"inLanguage\":\"de\",\"@id\":\"https:\\\/\\\/partsandpieces.nl\\\/product\\\/sleutelplaat-messing-antiek-wapenschild-groot-42x57mm\\\/#primaryimage\",\"url\":\"https:\\\/\\\/partsandpieces.nl\\\/wp-content\\\/uploads\\\/2020\\\/08\\\/Sleutelplaat-Messing-Antiek-Wapenschild-Groot-42x57mm.jpg\",\"contentUrl\":\"https:\\\/\\\/partsandpieces.nl\\\/wp-content\\\/uploads\\\/2020\\\/08\\\/Sleutelplaat-Messing-Antiek-Wapenschild-Groot-42x57mm.jpg\",\"width\":370,\"height\":369,\"caption\":\"Sleutelplaat Messing Antiek Wapenschild Groot 42x57mm\"},{\"@type\":\"BreadcrumbList\",\"@id\":\"https:\\\/\\\/partsandpieces.nl\\\/product\\\/sleutelplaat-messing-antiek-wapenschild-groot-42x57mm\\\/#breadcrumb\",\"itemListElement\":[{\"@type\":\"ListItem\",\"position\":1,\"name\":\"Home\",\"item\":\"https:\\\/\\\/partsandpieces.nl\\\/home\\\/\"},{\"@type\":\"ListItem\",\"position\":2,\"name\":\"Winkel\",\"item\":\"https:\\\/\\\/partsandpieces.nl\\\/winkel\\\/\"},{\"@type\":\"ListItem\",\"position\":3,\"name\":\"Sleutelplaat Messing Antiek Wapenschild Groot 42x57mm\"}]},{\"@type\":\"WebSite\",\"@id\":\"https:\\\/\\\/partsandpieces.nl\\\/#website\",\"url\":\"https:\\\/\\\/partsandpieces.nl\\\/\",\"name\":\"Parts &amp; Pieces\",\"description\":\"Alles voor uw meubelrestauratie en -onderhoud!\",\"potentialAction\":[{\"@type\":\"SearchAction\",\"target\":{\"@type\":\"EntryPoint\",\"urlTemplate\":\"https:\\\/\\\/partsandpieces.nl\\\/?s={search_term_string}\"},\"query-input\":{\"@type\":\"PropertyValueSpecification\",\"valueRequired\":true,\"valueName\":\"search_term_string\"}}],\"inLanguage\":\"de\"}]}<\/script>\n<!-- \/ Yoast SEO plugin. -->","yoast_head_json":{"title":"Schl\u00fcsselschild Messing Wappen gro\u00df","description":"Schl\u00fcsselschild aus Messing, antikes Wappen, gro\u00df, 42 x 57 mm, ist ein flacher Schl\u00fcsselschild f\u00fcr M\u00f6belt\u00fcren aus massivem Messing. Hat eine antike Patina-Oberfl\u00e4che.","robots":{"index":"index","follow":"follow","max-snippet":"max-snippet:-1","max-image-preview":"max-image-preview:large","max-video-preview":"max-video-preview:-1"},"canonical":"https:\/\/partsandpieces.nl\/de\/produkt\/schlusselschild-messing-antik-wappen-gros-42x57mm\/","og_locale":"de_DE","og_type":"article","og_title":"Sleutelplaat Messing Wapenschild Groot","og_description":"Sleutelplaat Messing Antiek Wapenschild Groot 42x57mm is een vlakke sleutelplaat voor meubeldeuren van massief messing. Heeft een antieke patina afwerking.","og_url":"https:\/\/partsandpieces.nl\/de\/produkt\/schlusselschild-messing-antik-wappen-gros-42x57mm\/","og_site_name":"Parts &amp; Pieces","article_modified_time":"2026-02-06T17:31:51+00:00","og_image":[{"width":370,"height":369,"url":"https:\/\/partsandpieces.nl\/wp-content\/uploads\/2020\/08\/Sleutelplaat-Messing-Antiek-Wapenschild-Groot-42x57mm.jpg","type":"image\/jpeg"}],"twitter_card":"summary_large_image","twitter_misc":{"Gesch\u00e4tzte Lesezeit":"1\u00a0Minute"},"schema":{"@context":"https:\/\/schema.org","@graph":[{"@type":"WebPage","@id":"https:\/\/partsandpieces.nl\/product\/sleutelplaat-messing-antiek-wapenschild-groot-42x57mm\/","url":"https:\/\/partsandpieces.nl\/product\/sleutelplaat-messing-antiek-wapenschild-groot-42x57mm\/","name":"Schl\u00fcsselschild Messing Wappen gro\u00df","isPartOf":{"@id":"https:\/\/partsandpieces.nl\/#website"},"primaryImageOfPage":{"@id":"https:\/\/partsandpieces.nl\/product\/sleutelplaat-messing-antiek-wapenschild-groot-42x57mm\/#primaryimage"},"image":{"@id":"https:\/\/partsandpieces.nl\/product\/sleutelplaat-messing-antiek-wapenschild-groot-42x57mm\/#primaryimage"},"thumbnailUrl":"https:\/\/partsandpieces.nl\/wp-content\/uploads\/2020\/08\/Sleutelplaat-Messing-Antiek-Wapenschild-Groot-42x57mm.jpg","datePublished":"2020-08-03T11:58:44+00:00","dateModified":"2026-02-06T17:31:51+00:00","description":"Schl\u00fcsselschild aus Messing, antikes Wappen, gro\u00df, 42 x 57 mm, ist ein flacher Schl\u00fcsselschild f\u00fcr M\u00f6belt\u00fcren aus massivem Messing. Hat eine antike Patina-Oberfl\u00e4che.","breadcrumb":{"@id":"https:\/\/partsandpieces.nl\/product\/sleutelplaat-messing-antiek-wapenschild-groot-42x57mm\/#breadcrumb"},"inLanguage":"de","potentialAction":[{"@type":"ReadAction","target":["https:\/\/partsandpieces.nl\/product\/sleutelplaat-messing-antiek-wapenschild-groot-42x57mm\/"]}]},{"@type":"ImageObject","inLanguage":"de","@id":"https:\/\/partsandpieces.nl\/product\/sleutelplaat-messing-antiek-wapenschild-groot-42x57mm\/#primaryimage","url":"https:\/\/partsandpieces.nl\/wp-content\/uploads\/2020\/08\/Sleutelplaat-Messing-Antiek-Wapenschild-Groot-42x57mm.jpg","contentUrl":"https:\/\/partsandpieces.nl\/wp-content\/uploads\/2020\/08\/Sleutelplaat-Messing-Antiek-Wapenschild-Groot-42x57mm.jpg","width":370,"height":369,"caption":"Sleutelplaat Messing Antiek Wapenschild Groot 42x57mm"},{"@type":"BreadcrumbList","@id":"https:\/\/partsandpieces.nl\/product\/sleutelplaat-messing-antiek-wapenschild-groot-42x57mm\/#breadcrumb","itemListElement":[{"@type":"ListItem","position":1,"name":"Home","item":"https:\/\/partsandpieces.nl\/home\/"},{"@type":"ListItem","position":2,"name":"Winkel","item":"https:\/\/partsandpieces.nl\/winkel\/"},{"@type":"ListItem","position":3,"name":"Sleutelplaat Messing Antiek Wapenschild Groot 42x57mm"}]},{"@type":"WebSite","@id":"https:\/\/partsandpieces.nl\/#website","url":"https:\/\/partsandpieces.nl\/","name":"Teile &amp; St\u00fccke","description":"Alles f\u00fcr Ihre M\u00f6belrestaurierung und -pflege!","potentialAction":[{"@type":"SearchAction","target":{"@type":"EntryPoint","urlTemplate":"https:\/\/partsandpieces.nl\/?s={search_term_string}"},"query-input":{"@type":"PropertyValueSpecification","valueRequired":true,"valueName":"search_term_string"}}],"inLanguage":"de"}]}},"_links":{"self":[{"href":"https:\/\/partsandpieces.nl\/de\/wp-json\/wp\/v2\/product\/1308","targetHints":{"allow":["GET"]}}],"collection":[{"href":"https:\/\/partsandpieces.nl\/de\/wp-json\/wp\/v2\/product"}],"about":[{"href":"https:\/\/partsandpieces.nl\/de\/wp-json\/wp\/v2\/types\/product"}],"wp:featuredmedia":[{"embeddable":true,"href":"https:\/\/partsandpieces.nl\/de\/wp-json\/wp\/v2\/media\/6961"}],"wp:attachment":[{"href":"https:\/\/partsandpieces.nl\/de\/wp-json\/wp\/v2\/media?parent=1308"}],"wp:term":[{"taxonomy":"product_brand","embeddable":true,"href":"https:\/\/partsandpieces.nl\/de\/wp-json\/wp\/v2\/product_brand?post=1308"},{"taxonomy":"product_cat","embeddable":true,"href":"https:\/\/partsandpieces.nl\/de\/wp-json\/wp\/v2\/product_cat?post=1308"},{"taxonomy":"product_tag","embeddable":true,"href":"https:\/\/partsandpieces.nl\/de\/wp-json\/wp\/v2\/product_tag?post=1308"}],"curies":[{"name":"wp","href":"https:\/\/api.w.org\/{rel}","templated":true}]}}