{"id":13126,"date":"2025-11-04T13:26:59","date_gmt":"2025-11-04T12:26:59","guid":{"rendered":"https:\/\/partsandpieces.nl\/?post_type=product&#038;p=13126"},"modified":"2025-11-06T10:39:55","modified_gmt":"2025-11-06T09:39:55","slug":"schubladengriff-aus-messing-gros-105-mm","status":"publish","type":"product","link":"https:\/\/partsandpieces.nl\/de\/product\/ladegreep-messing-groot-105mm\/","title":{"rendered":"Schubladengriff aus Messing, gro\u00df, 105 mm"},"content":{"rendered":"<p><strong>Schubladengriff aus Messing, gro\u00df, 105 mm<\/strong> Dieser wundersch\u00f6n verzierte, klassische Schubladengriff eignet sich perfekt f\u00fcr M\u00f6belschubladen. Der Griff hat eine polierte Messingoberfl\u00e4che und ist ebenfalls aus Messing gefertigt.<\/p>\n<p><strong>Ma\u00dfe<br \/>\n<\/strong>Der gro\u00dfe Schubladengriff aus Messing (105 mm) hat eine Gesamtbreite von 105 mm und eine Gesamth\u00f6he von ca. 55 mm. Die Bohrl\u00f6cher haben einen Abstand von 80 mm.<\/p>\n<p><strong>Bearbeiten<br \/>\n<\/strong>Sie k\u00f6nnen den Schubladengriff mit 2 unsichtbar montieren. <span style=\"text-decoration: underline;\"><a href=\"https:\/\/partsandpieces.nl\/de\/produkt\/schraube-edelstahl-zur-blindmontage-von-mobelbeschlagen-45x4mm-20-stuck\/\">Edelstahlschraube zur Blindbefestigung von M\u00f6belbeschl\u00e4gen (45x4mm)<\/a><\/span>. Ich schicke diese Schrauben <strong>FREI<\/strong>\u00a0mit Ihrer Bestellung.<\/p>","protected":false},"excerpt":{"rendered":"<p>Ladegreep Messing Groot 105mm is een mooi versierde klassieke ladegreep voor meubellades. De greep heeft een glanzende messing afwerking en is ook gemaakt van messing. Afmetingen Ladegreep Messing Groot 105mm heeft een totale breedte van 105mm en een totale hoogte van ongeveer 55mm. De boorgaten liggen 80mm uit elkaar. Montage Je kunt de ladegreep blind [&hellip;]<\/p>\n","protected":false},"featured_media":13161,"template":"","meta":{"_acf_changed":false},"product_brand":[],"product_cat":[41,23],"product_tag":[],"class_list":{"0":"post-13126","1":"product","2":"type-product","3":"status-publish","4":"has-post-thumbnail","6":"product_cat-ladetrekkers","7":"product_cat-meubelbeslag","9":"first","10":"instock","11":"taxable","12":"shipping-taxable","13":"purchasable","14":"product-type-simple"},"acf":[],"yoast_head":"<!-- This site is optimized with the Yoast SEO plugin v27.3 - https:\/\/yoast.com\/product\/yoast-seo-wordpress\/ -->\n<title>Ladegreep Messing Groot 105mm<\/title>\n<meta name=\"description\" content=\"Ladegreep Messing Groot 105mm is een mooi versierde klassieke ladegreep voor meubellades. De greep heeft een glanzende messing afwerkingen is van messing.\" \/>\n<meta name=\"robots\" content=\"index, follow, max-snippet:-1, max-image-preview:large, max-video-preview:-1\" \/>\n<link rel=\"canonical\" href=\"https:\/\/partsandpieces.nl\/de\/produkt\/schubladengriff-aus-messing-gros-105-mm\/\" \/>\n<meta property=\"og:locale\" content=\"de_DE\" \/>\n<meta property=\"og:type\" content=\"article\" \/>\n<meta property=\"og:title\" content=\"Ladegreep Messing Groot 105mm\" \/>\n<meta property=\"og:description\" content=\"Ladegreep Messing Groot 105mm is een mooi versierde klassieke ladegreep voor meubellades. De greep heeft een glanzende messing afwerkingen is van messing.\" \/>\n<meta property=\"og:url\" content=\"https:\/\/partsandpieces.nl\/de\/produkt\/schubladengriff-aus-messing-gros-105-mm\/\" \/>\n<meta property=\"og:site_name\" content=\"Parts &amp; Pieces\" \/>\n<meta property=\"article:modified_time\" content=\"2025-11-06T09:39:55+00:00\" \/>\n<meta property=\"og:image\" content=\"https:\/\/partsandpieces.nl\/wp-content\/uploads\/2025\/11\/Ladegreep-Messing-Groot-105mm.jpg\" \/>\n\t<meta property=\"og:image:width\" content=\"1332\" \/>\n\t<meta property=\"og:image:height\" content=\"1332\" \/>\n\t<meta property=\"og:image:type\" content=\"image\/jpeg\" \/>\n<meta name=\"twitter:card\" content=\"summary_large_image\" \/>\n<meta name=\"twitter:label1\" content=\"Gesch\u00e4tzte Lesezeit\" \/>\n\t<meta name=\"twitter:data1\" content=\"1\u00a0Minute\" \/>\n<script type=\"application\/ld+json\" class=\"yoast-schema-graph\">{\"@context\":\"https:\\\/\\\/schema.org\",\"@graph\":[{\"@type\":\"WebPage\",\"@id\":\"https:\\\/\\\/partsandpieces.nl\\\/product\\\/ladegreep-messing-groot-105mm\\\/\",\"url\":\"https:\\\/\\\/partsandpieces.nl\\\/product\\\/ladegreep-messing-groot-105mm\\\/\",\"name\":\"Ladegreep Messing Groot 105mm\",\"isPartOf\":{\"@id\":\"https:\\\/\\\/partsandpieces.nl\\\/#website\"},\"primaryImageOfPage\":{\"@id\":\"https:\\\/\\\/partsandpieces.nl\\\/product\\\/ladegreep-messing-groot-105mm\\\/#primaryimage\"},\"image\":{\"@id\":\"https:\\\/\\\/partsandpieces.nl\\\/product\\\/ladegreep-messing-groot-105mm\\\/#primaryimage\"},\"thumbnailUrl\":\"https:\\\/\\\/partsandpieces.nl\\\/wp-content\\\/uploads\\\/2025\\\/11\\\/Ladegreep-Messing-Groot-105mm.jpg\",\"datePublished\":\"2025-11-04T12:26:59+00:00\",\"dateModified\":\"2025-11-06T09:39:55+00:00\",\"description\":\"Ladegreep Messing Groot 105mm is een mooi versierde klassieke ladegreep voor meubellades. De greep heeft een glanzende messing afwerkingen is van messing.\",\"breadcrumb\":{\"@id\":\"https:\\\/\\\/partsandpieces.nl\\\/product\\\/ladegreep-messing-groot-105mm\\\/#breadcrumb\"},\"inLanguage\":\"de\",\"potentialAction\":[{\"@type\":\"ReadAction\",\"target\":[\"https:\\\/\\\/partsandpieces.nl\\\/product\\\/ladegreep-messing-groot-105mm\\\/\"]}]},{\"@type\":\"ImageObject\",\"inLanguage\":\"de\",\"@id\":\"https:\\\/\\\/partsandpieces.nl\\\/product\\\/ladegreep-messing-groot-105mm\\\/#primaryimage\",\"url\":\"https:\\\/\\\/partsandpieces.nl\\\/wp-content\\\/uploads\\\/2025\\\/11\\\/Ladegreep-Messing-Groot-105mm.jpg\",\"contentUrl\":\"https:\\\/\\\/partsandpieces.nl\\\/wp-content\\\/uploads\\\/2025\\\/11\\\/Ladegreep-Messing-Groot-105mm.jpg\",\"width\":1332,\"height\":1332,\"caption\":\"Ladegreep Messing Groot 105mm\"},{\"@type\":\"BreadcrumbList\",\"@id\":\"https:\\\/\\\/partsandpieces.nl\\\/product\\\/ladegreep-messing-groot-105mm\\\/#breadcrumb\",\"itemListElement\":[{\"@type\":\"ListItem\",\"position\":1,\"name\":\"Home\",\"item\":\"https:\\\/\\\/partsandpieces.nl\\\/home\\\/\"},{\"@type\":\"ListItem\",\"position\":2,\"name\":\"Winkel\",\"item\":\"https:\\\/\\\/partsandpieces.nl\\\/winkel\\\/\"},{\"@type\":\"ListItem\",\"position\":3,\"name\":\"Ladegreep Messing Groot 105mm\"}]},{\"@type\":\"WebSite\",\"@id\":\"https:\\\/\\\/partsandpieces.nl\\\/#website\",\"url\":\"https:\\\/\\\/partsandpieces.nl\\\/\",\"name\":\"Parts &amp; Pieces\",\"description\":\"Alles voor uw meubelrestauratie en -onderhoud!\",\"potentialAction\":[{\"@type\":\"SearchAction\",\"target\":{\"@type\":\"EntryPoint\",\"urlTemplate\":\"https:\\\/\\\/partsandpieces.nl\\\/?s={search_term_string}\"},\"query-input\":{\"@type\":\"PropertyValueSpecification\",\"valueRequired\":true,\"valueName\":\"search_term_string\"}}],\"inLanguage\":\"de\"}]}<\/script>\n<!-- \/ Yoast SEO plugin. -->","yoast_head_json":{"title":"Schubladengriff aus Messing, gro\u00df, 105 mm","description":"Der gro\u00dfe Schubladengriff aus Messing (105 mm) ist ein wundersch\u00f6n verzierter, klassischer Schubladengriff f\u00fcr M\u00f6belschubladen. Der Griff hat eine polierte Messingoberfl\u00e4che.","robots":{"index":"index","follow":"follow","max-snippet":"max-snippet:-1","max-image-preview":"max-image-preview:large","max-video-preview":"max-video-preview:-1"},"canonical":"https:\/\/partsandpieces.nl\/de\/produkt\/schubladengriff-aus-messing-gros-105-mm\/","og_locale":"de_DE","og_type":"article","og_title":"Ladegreep Messing Groot 105mm","og_description":"Ladegreep Messing Groot 105mm is een mooi versierde klassieke ladegreep voor meubellades. De greep heeft een glanzende messing afwerkingen is van messing.","og_url":"https:\/\/partsandpieces.nl\/de\/produkt\/schubladengriff-aus-messing-gros-105-mm\/","og_site_name":"Parts &amp; Pieces","article_modified_time":"2025-11-06T09:39:55+00:00","og_image":[{"width":1332,"height":1332,"url":"https:\/\/partsandpieces.nl\/wp-content\/uploads\/2025\/11\/Ladegreep-Messing-Groot-105mm.jpg","type":"image\/jpeg"}],"twitter_card":"summary_large_image","twitter_misc":{"Gesch\u00e4tzte Lesezeit":"1\u00a0Minute"},"schema":{"@context":"https:\/\/schema.org","@graph":[{"@type":"WebPage","@id":"https:\/\/partsandpieces.nl\/product\/ladegreep-messing-groot-105mm\/","url":"https:\/\/partsandpieces.nl\/product\/ladegreep-messing-groot-105mm\/","name":"Schubladengriff aus Messing, gro\u00df, 105 mm","isPartOf":{"@id":"https:\/\/partsandpieces.nl\/#website"},"primaryImageOfPage":{"@id":"https:\/\/partsandpieces.nl\/product\/ladegreep-messing-groot-105mm\/#primaryimage"},"image":{"@id":"https:\/\/partsandpieces.nl\/product\/ladegreep-messing-groot-105mm\/#primaryimage"},"thumbnailUrl":"https:\/\/partsandpieces.nl\/wp-content\/uploads\/2025\/11\/Ladegreep-Messing-Groot-105mm.jpg","datePublished":"2025-11-04T12:26:59+00:00","dateModified":"2025-11-06T09:39:55+00:00","description":"Der gro\u00dfe Schubladengriff aus Messing (105 mm) ist ein wundersch\u00f6n verzierter, klassischer Schubladengriff f\u00fcr M\u00f6belschubladen. Der Griff hat eine polierte Messingoberfl\u00e4che.","breadcrumb":{"@id":"https:\/\/partsandpieces.nl\/product\/ladegreep-messing-groot-105mm\/#breadcrumb"},"inLanguage":"de","potentialAction":[{"@type":"ReadAction","target":["https:\/\/partsandpieces.nl\/product\/ladegreep-messing-groot-105mm\/"]}]},{"@type":"ImageObject","inLanguage":"de","@id":"https:\/\/partsandpieces.nl\/product\/ladegreep-messing-groot-105mm\/#primaryimage","url":"https:\/\/partsandpieces.nl\/wp-content\/uploads\/2025\/11\/Ladegreep-Messing-Groot-105mm.jpg","contentUrl":"https:\/\/partsandpieces.nl\/wp-content\/uploads\/2025\/11\/Ladegreep-Messing-Groot-105mm.jpg","width":1332,"height":1332,"caption":"Ladegreep Messing Groot 105mm"},{"@type":"BreadcrumbList","@id":"https:\/\/partsandpieces.nl\/product\/ladegreep-messing-groot-105mm\/#breadcrumb","itemListElement":[{"@type":"ListItem","position":1,"name":"Home","item":"https:\/\/partsandpieces.nl\/home\/"},{"@type":"ListItem","position":2,"name":"Winkel","item":"https:\/\/partsandpieces.nl\/winkel\/"},{"@type":"ListItem","position":3,"name":"Ladegreep Messing Groot 105mm"}]},{"@type":"WebSite","@id":"https:\/\/partsandpieces.nl\/#website","url":"https:\/\/partsandpieces.nl\/","name":"Teile &amp; St\u00fccke","description":"Alles f\u00fcr Ihre M\u00f6belrestaurierung und -pflege!","potentialAction":[{"@type":"SearchAction","target":{"@type":"EntryPoint","urlTemplate":"https:\/\/partsandpieces.nl\/?s={search_term_string}"},"query-input":{"@type":"PropertyValueSpecification","valueRequired":true,"valueName":"search_term_string"}}],"inLanguage":"de"}]}},"_links":{"self":[{"href":"https:\/\/partsandpieces.nl\/de\/wp-json\/wp\/v2\/product\/13126","targetHints":{"allow":["GET"]}}],"collection":[{"href":"https:\/\/partsandpieces.nl\/de\/wp-json\/wp\/v2\/product"}],"about":[{"href":"https:\/\/partsandpieces.nl\/de\/wp-json\/wp\/v2\/types\/product"}],"wp:featuredmedia":[{"embeddable":true,"href":"https:\/\/partsandpieces.nl\/de\/wp-json\/wp\/v2\/media\/13161"}],"wp:attachment":[{"href":"https:\/\/partsandpieces.nl\/de\/wp-json\/wp\/v2\/media?parent=13126"}],"wp:term":[{"taxonomy":"product_brand","embeddable":true,"href":"https:\/\/partsandpieces.nl\/de\/wp-json\/wp\/v2\/product_brand?post=13126"},{"taxonomy":"product_cat","embeddable":true,"href":"https:\/\/partsandpieces.nl\/de\/wp-json\/wp\/v2\/product_cat?post=13126"},{"taxonomy":"product_tag","embeddable":true,"href":"https:\/\/partsandpieces.nl\/de\/wp-json\/wp\/v2\/product_tag?post=13126"}],"curies":[{"name":"wp","href":"https:\/\/api.w.org\/{rel}","templated":true}]}}