{"id":1314,"date":"2020-08-03T12:07:43","date_gmt":"2020-08-03T12:07:43","guid":{"rendered":"https:\/\/partsandpieces.bonsaidev.nl\/?product=keyplate-ant-34x82-door-mod"},"modified":"2026-01-07T14:44:55","modified_gmt":"2026-01-07T13:44:55","slug":"schlusselplatte-messing-antik-vertikal-33x82mm","status":"publish","type":"product","link":"https:\/\/partsandpieces.nl\/de\/product\/sleutelplaat-messing-antiek-verticaal-33x82mm\/","title":{"rendered":"Schl\u00fcsselplatte Messing antik vertikal 33x82mm"},"content":{"rendered":"<p><strong>Schl\u00fcsselplatte Messing antik vertikal 33x82mm<\/strong> ist ein wundersch\u00f6n gearbeitetes Schl\u00fcsselschild f\u00fcr M\u00f6belt\u00fcren. Die Schl\u00fcsselplatte hat ein antikes Messingfinish.<\/p>\n<p><strong>Ma\u00dfe<br \/>\nSchl\u00fcsselplatte Messing antik vertikal 33x82mm<\/strong> hat eine Breite von 33 mm und eine H\u00f6he von 82 mm. Das Schl\u00fcsselloch ist 13 mm hoch.<\/p>\n<p><strong>Bearbeiten<br \/>\n<\/strong>Sie k\u00f6nnen die Schl\u00fcsselplatte mit montieren\u00a0<span style=\"text-decoration: underline;\"><a href=\"https:\/\/partsandpieces.nl\/de\/produkt\/schrauben-mit-rundkopf-antikbronze-mit-schlitz-2-x-14-mm\/\">Schraube Rundkopf Antik Bronze mit Schlitz (2x14mm)<\/a><\/span>. Ich schicke diese Schrauben\u00a0<strong>FREI<\/strong>\u00a0mit Ihrer Bestellung.<\/p>","protected":false},"excerpt":{"rendered":"<p>Sleutelplaat Messing antiek verticaal 33x82mm is een mooi bewerkte sleutelplaat voor meubeldeurtjes. De sleutelplaat heeft een antieke messing afwerking. Afmetingen Sleutelplaat Messing antiek verticaal 33x82mm heeft een breedte van 33mm en een hoogte van 82mm. Het sleutelgat is 13mm hoog. Montage Je kunt de sleutelplaat monteren met\u00a0Schroef Bolkop Antiek Brons met gleuf (2x14mm). Deze schroeven [&hellip;]<\/p>\n","protected":false},"featured_media":8002,"template":"","meta":{"_acf_changed":false},"product_brand":[],"product_cat":[23,48],"product_tag":[],"class_list":{"0":"post-1314","1":"product","2":"type-product","3":"status-publish","4":"has-post-thumbnail","6":"product_cat-meubelbeslag","7":"product_cat-sleutelplaten","9":"first","10":"instock","11":"taxable","12":"shipping-taxable","13":"purchasable","14":"product-type-simple"},"acf":[],"yoast_head":"<!-- This site is optimized with the Yoast SEO plugin v27.3 - https:\/\/yoast.com\/product\/yoast-seo-wordpress\/ -->\n<title>Sleutelplaat Messing antiek 33x82mm verticaal<\/title>\n<meta name=\"description\" content=\"Sleutelplaat Messing antiek verticaal 33x82mm is een mooi bewerkte sleutelplaat voor meubeldeurtjes. De sleutelplaat heeft een antieke messing afwerking.\u00a0\" \/>\n<meta name=\"robots\" content=\"index, follow, max-snippet:-1, max-image-preview:large, max-video-preview:-1\" \/>\n<link rel=\"canonical\" href=\"https:\/\/partsandpieces.nl\/de\/produkt\/schlusselplatte-messing-antik-vertikal-33x82mm\/\" \/>\n<meta property=\"og:locale\" content=\"de_DE\" \/>\n<meta property=\"og:type\" content=\"article\" \/>\n<meta property=\"og:title\" content=\"Sleutelplaat Messing antiek 33x82mm verticaal\" \/>\n<meta property=\"og:description\" content=\"Sleutelplaat Messing antiek verticaal 33x82mm is een mooi bewerkte sleutelplaat voor meubeldeurtjes. De sleutelplaat heeft een antieke messing afwerking.\u00a0\" \/>\n<meta property=\"og:url\" content=\"https:\/\/partsandpieces.nl\/de\/produkt\/schlusselplatte-messing-antik-vertikal-33x82mm\/\" \/>\n<meta property=\"og:site_name\" content=\"Parts &amp; Pieces\" \/>\n<meta property=\"article:modified_time\" content=\"2026-01-07T13:44:55+00:00\" \/>\n<meta property=\"og:image\" content=\"https:\/\/partsandpieces.nl\/wp-content\/uploads\/2020\/08\/Sleutelplaat-Messing-antiek-verticaal-33x82mm.jpg\" \/>\n\t<meta property=\"og:image:width\" content=\"398\" \/>\n\t<meta property=\"og:image:height\" content=\"399\" \/>\n\t<meta property=\"og:image:type\" content=\"image\/jpeg\" \/>\n<meta name=\"twitter:card\" content=\"summary_large_image\" \/>\n<meta name=\"twitter:label1\" content=\"Gesch\u00e4tzte Lesezeit\" \/>\n\t<meta name=\"twitter:data1\" content=\"1\u00a0Minute\" \/>\n<script type=\"application\/ld+json\" class=\"yoast-schema-graph\">{\"@context\":\"https:\\\/\\\/schema.org\",\"@graph\":[{\"@type\":\"WebPage\",\"@id\":\"https:\\\/\\\/partsandpieces.nl\\\/product\\\/sleutelplaat-messing-antiek-verticaal-33x82mm\\\/\",\"url\":\"https:\\\/\\\/partsandpieces.nl\\\/product\\\/sleutelplaat-messing-antiek-verticaal-33x82mm\\\/\",\"name\":\"Sleutelplaat Messing antiek 33x82mm verticaal\",\"isPartOf\":{\"@id\":\"https:\\\/\\\/partsandpieces.nl\\\/#website\"},\"primaryImageOfPage\":{\"@id\":\"https:\\\/\\\/partsandpieces.nl\\\/product\\\/sleutelplaat-messing-antiek-verticaal-33x82mm\\\/#primaryimage\"},\"image\":{\"@id\":\"https:\\\/\\\/partsandpieces.nl\\\/product\\\/sleutelplaat-messing-antiek-verticaal-33x82mm\\\/#primaryimage\"},\"thumbnailUrl\":\"https:\\\/\\\/partsandpieces.nl\\\/wp-content\\\/uploads\\\/2020\\\/08\\\/Sleutelplaat-Messing-antiek-verticaal-33x82mm.jpg\",\"datePublished\":\"2020-08-03T12:07:43+00:00\",\"dateModified\":\"2026-01-07T13:44:55+00:00\",\"description\":\"Sleutelplaat Messing antiek verticaal 33x82mm is een mooi bewerkte sleutelplaat voor meubeldeurtjes. De sleutelplaat heeft een antieke messing afwerking.\u00a0\",\"breadcrumb\":{\"@id\":\"https:\\\/\\\/partsandpieces.nl\\\/product\\\/sleutelplaat-messing-antiek-verticaal-33x82mm\\\/#breadcrumb\"},\"inLanguage\":\"de\",\"potentialAction\":[{\"@type\":\"ReadAction\",\"target\":[\"https:\\\/\\\/partsandpieces.nl\\\/product\\\/sleutelplaat-messing-antiek-verticaal-33x82mm\\\/\"]}]},{\"@type\":\"ImageObject\",\"inLanguage\":\"de\",\"@id\":\"https:\\\/\\\/partsandpieces.nl\\\/product\\\/sleutelplaat-messing-antiek-verticaal-33x82mm\\\/#primaryimage\",\"url\":\"https:\\\/\\\/partsandpieces.nl\\\/wp-content\\\/uploads\\\/2020\\\/08\\\/Sleutelplaat-Messing-antiek-verticaal-33x82mm.jpg\",\"contentUrl\":\"https:\\\/\\\/partsandpieces.nl\\\/wp-content\\\/uploads\\\/2020\\\/08\\\/Sleutelplaat-Messing-antiek-verticaal-33x82mm.jpg\",\"width\":398,\"height\":399,\"caption\":\"Sleutelplaat Messing antiek verticaal 33x82mm\"},{\"@type\":\"BreadcrumbList\",\"@id\":\"https:\\\/\\\/partsandpieces.nl\\\/product\\\/sleutelplaat-messing-antiek-verticaal-33x82mm\\\/#breadcrumb\",\"itemListElement\":[{\"@type\":\"ListItem\",\"position\":1,\"name\":\"Home\",\"item\":\"https:\\\/\\\/partsandpieces.nl\\\/home\\\/\"},{\"@type\":\"ListItem\",\"position\":2,\"name\":\"Winkel\",\"item\":\"https:\\\/\\\/partsandpieces.nl\\\/winkel\\\/\"},{\"@type\":\"ListItem\",\"position\":3,\"name\":\"Sleutelplaat Messing antiek verticaal 33x82mm\"}]},{\"@type\":\"WebSite\",\"@id\":\"https:\\\/\\\/partsandpieces.nl\\\/#website\",\"url\":\"https:\\\/\\\/partsandpieces.nl\\\/\",\"name\":\"Parts &amp; Pieces\",\"description\":\"Alles voor uw meubelrestauratie en -onderhoud!\",\"potentialAction\":[{\"@type\":\"SearchAction\",\"target\":{\"@type\":\"EntryPoint\",\"urlTemplate\":\"https:\\\/\\\/partsandpieces.nl\\\/?s={search_term_string}\"},\"query-input\":{\"@type\":\"PropertyValueSpecification\",\"valueRequired\":true,\"valueName\":\"search_term_string\"}}],\"inLanguage\":\"de\"}]}<\/script>\n<!-- \/ Yoast SEO plugin. -->","yoast_head_json":{"title":"Schl\u00fcsselplatte Messing antik 33x82mm vertikal","description":"Schl\u00fcsselschild Messing antik vertikal 33x82mm ist ein wundersch\u00f6n gearbeitetes Schl\u00fcsselschild f\u00fcr M\u00f6belt\u00fcren. Die Schl\u00fcsselplatte hat ein antikes Messingfinish.\u00a0","robots":{"index":"index","follow":"follow","max-snippet":"max-snippet:-1","max-image-preview":"max-image-preview:large","max-video-preview":"max-video-preview:-1"},"canonical":"https:\/\/partsandpieces.nl\/de\/produkt\/schlusselplatte-messing-antik-vertikal-33x82mm\/","og_locale":"de_DE","og_type":"article","og_title":"Sleutelplaat Messing antiek 33x82mm verticaal","og_description":"Sleutelplaat Messing antiek verticaal 33x82mm is een mooi bewerkte sleutelplaat voor meubeldeurtjes. De sleutelplaat heeft een antieke messing afwerking.\u00a0","og_url":"https:\/\/partsandpieces.nl\/de\/produkt\/schlusselplatte-messing-antik-vertikal-33x82mm\/","og_site_name":"Parts &amp; Pieces","article_modified_time":"2026-01-07T13:44:55+00:00","og_image":[{"width":398,"height":399,"url":"https:\/\/partsandpieces.nl\/wp-content\/uploads\/2020\/08\/Sleutelplaat-Messing-antiek-verticaal-33x82mm.jpg","type":"image\/jpeg"}],"twitter_card":"summary_large_image","twitter_misc":{"Gesch\u00e4tzte Lesezeit":"1\u00a0Minute"},"schema":{"@context":"https:\/\/schema.org","@graph":[{"@type":"WebPage","@id":"https:\/\/partsandpieces.nl\/product\/sleutelplaat-messing-antiek-verticaal-33x82mm\/","url":"https:\/\/partsandpieces.nl\/product\/sleutelplaat-messing-antiek-verticaal-33x82mm\/","name":"Schl\u00fcsselplatte Messing antik 33x82mm vertikal","isPartOf":{"@id":"https:\/\/partsandpieces.nl\/#website"},"primaryImageOfPage":{"@id":"https:\/\/partsandpieces.nl\/product\/sleutelplaat-messing-antiek-verticaal-33x82mm\/#primaryimage"},"image":{"@id":"https:\/\/partsandpieces.nl\/product\/sleutelplaat-messing-antiek-verticaal-33x82mm\/#primaryimage"},"thumbnailUrl":"https:\/\/partsandpieces.nl\/wp-content\/uploads\/2020\/08\/Sleutelplaat-Messing-antiek-verticaal-33x82mm.jpg","datePublished":"2020-08-03T12:07:43+00:00","dateModified":"2026-01-07T13:44:55+00:00","description":"Schl\u00fcsselschild Messing antik vertikal 33x82mm ist ein wundersch\u00f6n gearbeitetes Schl\u00fcsselschild f\u00fcr M\u00f6belt\u00fcren. Die Schl\u00fcsselplatte hat ein antikes Messingfinish.\u00a0","breadcrumb":{"@id":"https:\/\/partsandpieces.nl\/product\/sleutelplaat-messing-antiek-verticaal-33x82mm\/#breadcrumb"},"inLanguage":"de","potentialAction":[{"@type":"ReadAction","target":["https:\/\/partsandpieces.nl\/product\/sleutelplaat-messing-antiek-verticaal-33x82mm\/"]}]},{"@type":"ImageObject","inLanguage":"de","@id":"https:\/\/partsandpieces.nl\/product\/sleutelplaat-messing-antiek-verticaal-33x82mm\/#primaryimage","url":"https:\/\/partsandpieces.nl\/wp-content\/uploads\/2020\/08\/Sleutelplaat-Messing-antiek-verticaal-33x82mm.jpg","contentUrl":"https:\/\/partsandpieces.nl\/wp-content\/uploads\/2020\/08\/Sleutelplaat-Messing-antiek-verticaal-33x82mm.jpg","width":398,"height":399,"caption":"Sleutelplaat Messing antiek verticaal 33x82mm"},{"@type":"BreadcrumbList","@id":"https:\/\/partsandpieces.nl\/product\/sleutelplaat-messing-antiek-verticaal-33x82mm\/#breadcrumb","itemListElement":[{"@type":"ListItem","position":1,"name":"Home","item":"https:\/\/partsandpieces.nl\/home\/"},{"@type":"ListItem","position":2,"name":"Winkel","item":"https:\/\/partsandpieces.nl\/winkel\/"},{"@type":"ListItem","position":3,"name":"Sleutelplaat Messing antiek verticaal 33x82mm"}]},{"@type":"WebSite","@id":"https:\/\/partsandpieces.nl\/#website","url":"https:\/\/partsandpieces.nl\/","name":"Teile &amp; St\u00fccke","description":"Alles f\u00fcr Ihre M\u00f6belrestaurierung und -pflege!","potentialAction":[{"@type":"SearchAction","target":{"@type":"EntryPoint","urlTemplate":"https:\/\/partsandpieces.nl\/?s={search_term_string}"},"query-input":{"@type":"PropertyValueSpecification","valueRequired":true,"valueName":"search_term_string"}}],"inLanguage":"de"}]}},"_links":{"self":[{"href":"https:\/\/partsandpieces.nl\/de\/wp-json\/wp\/v2\/product\/1314","targetHints":{"allow":["GET"]}}],"collection":[{"href":"https:\/\/partsandpieces.nl\/de\/wp-json\/wp\/v2\/product"}],"about":[{"href":"https:\/\/partsandpieces.nl\/de\/wp-json\/wp\/v2\/types\/product"}],"wp:featuredmedia":[{"embeddable":true,"href":"https:\/\/partsandpieces.nl\/de\/wp-json\/wp\/v2\/media\/8002"}],"wp:attachment":[{"href":"https:\/\/partsandpieces.nl\/de\/wp-json\/wp\/v2\/media?parent=1314"}],"wp:term":[{"taxonomy":"product_brand","embeddable":true,"href":"https:\/\/partsandpieces.nl\/de\/wp-json\/wp\/v2\/product_brand?post=1314"},{"taxonomy":"product_cat","embeddable":true,"href":"https:\/\/partsandpieces.nl\/de\/wp-json\/wp\/v2\/product_cat?post=1314"},{"taxonomy":"product_tag","embeddable":true,"href":"https:\/\/partsandpieces.nl\/de\/wp-json\/wp\/v2\/product_tag?post=1314"}],"curies":[{"name":"wp","href":"https:\/\/api.w.org\/{rel}","templated":true}]}}