{"id":13233,"date":"2025-11-12T13:02:40","date_gmt":"2025-11-12T12:02:40","guid":{"rendered":"https:\/\/partsandpieces.nl\/?post_type=product&#038;p=13233"},"modified":"2026-03-18T15:42:36","modified_gmt":"2026-03-18T14:42:36","slug":"borma-wachs-radikaler-farbentferner-extra-stark-flussig","status":"publish","type":"product","link":"https:\/\/partsandpieces.nl\/de\/product\/borma-wachs-radikal-afbijtmiddel-extra-sterk-vloeibaar\/","title":{"rendered":"Borma Wachs Radikal Farbentferner Extra Stark Fl\u00fcssig"},"content":{"rendered":"<p><strong>Radikal Farbentferner Extra Stark Fl\u00fcssig<\/strong>\u00a0von <a href=\"http:\/\/www.bormawachs.com\">Borma Wachs<\/a> Radikal Extra Starker Farbentferner ist f\u00fcr professionelle Handwerker bestimmt. Er besteht aus einer speziellen Verd\u00fcnnermischung, die speziell f\u00fcr Holzoberfl\u00e4chen entwickelt wurde. Radikal Extra Starker Farbentferner ist ein fl\u00fcssiges Produkt ohne Methylenchlorid. Er entfernt m\u00fchelos jede Holzlasur. Da er kein Natriumhydroxid enth\u00e4lt, ver\u00e4ndert er die nat\u00fcrliche Farbe des Holzes nicht.<\/p>\n<p><strong>\u2013 F\u00fcr den professionellen Gebrauch<\/strong><br \/>\n<strong>\u2013 Ver\u00e4ndert nicht die nat\u00fcrliche Farbe des Holzes<\/strong><br \/>\n<strong>\u2013 Frei von Methylenchlorid und Natriumhydroxid<\/strong><\/p>\n<p>Es ist ratsam, in einem gut bel\u00fcfteten Bereich zu arbeiten.<\/p>\n<h5>Beschreibung Borma Wachs Radikal Farbentferner, extra starker fl\u00fcssiger Entferner<\/h5>\n<p>Borma Wachs Radikal Extra Starker Fl\u00fcssigabbeizer ist ein hochwirksamer Abbeizer, der speziell f\u00fcr die Entfernung von Farbe und Lack entwickelt wurde. Er ist ideal f\u00fcr Profis, die ein effektives und effizientes Produkt zur Entfernung alter Beschichtungen suchen.<br \/>\nMit diesem extra starken Abbeizmittel entfernen Sie selbst hartn\u00e4ckigste Farb- und Lackschichten.<br \/>\nWenn Sie einen professionellen Farbentferner suchen, der schnell und effektiv wirkt, dann ist Borma Wachs Radikal Paint Stripper Extra Strong Liquid die ideale Wahl f\u00fcr Sie.<\/p>\n<h5>Vorteile von Borma Wachs Radikal Farbentferner Extra Stark Fl\u00fcssig<\/h5>\n<p>Borma Wachs Radikal Paint Stripper Extra Strong Liquid bietet gegen\u00fcber herk\u00f6mmlichen Abbeizmitteln mehrere Vorteile.<\/p>\n<ul>\n<li>Dieser Abbeizer ist frei von Methylenchlorid und Natriumhydroxid. Daher ist er unbedenklich in der Anwendung und ver\u00e4ndert die nat\u00fcrliche Farbe Ihres Holzes nicht.<\/li>\n<li>Dank der schnell wirkenden Formel des Borma Wachs Radikal Lackentferners Extra Stark geht das Entlacken deutlich schneller. Die kraftvolle Formel entfernt Lacke und Beschichtungen effektiv und beschleunigt so den Vorgang.<\/li>\n<li>Dadurch eignet sich der Abbeizer sehr gut f\u00fcr den professionellen Einsatz, bei dem es auf Effizienz und Qualit\u00e4t ankommt.<\/li>\n<\/ul>\n<h5>Verwendung von Borma Wachs Radikal Farbentferner extra stark fl\u00fcssig<\/h5>\n<p>Die Anwendung von Borma Wachs Radikal Abbeizmittel Extra Stark Fl\u00fcssig ist denkbar einfach und effektiv. Tragen Sie das Abbeizmittel zun\u00e4chst mit einem Pinsel oder Spachtel auf die zu behandelnde Oberfl\u00e4che auf. Lassen Sie es anschlie\u00dfend je nach Dicke der zu entfernenden Farbschicht einwirken. Nach der Einwirkzeit lassen sich die gel\u00f6sten Farbschichten m\u00fchelos mit einem Spachtel oder Schaber entfernen. Dank seiner extra starken Formel entfernt Borma Wachs Radikal Abbeizmittel selbst hartn\u00e4ckigste Farbschichten. Daher eignet es sich ideal f\u00fcr den professionellen Einsatz, beispielsweise zum Entfernen von Farbe von Holzoberfl\u00e4chen. Mit diesem Abbeizmittel wird das Entfernen von Farbe zum schnellen und effizienten Arbeitsschritt.<\/p>\n<p><strong>Anweisungen<\/strong><br \/>\n\u2013 Produkt mit einem Pinsel gleichm\u00e4\u00dfig auftragen oder eintauchen<br \/>\n\u2013 Lassen Sie den Stripper 15-30 Minuten einwirken<br \/>\n\u2013 Verwenden Sie einen Spachtel oder Stahlwolle, um die alte Farbe vom Holz zu entfernen<br \/>\n\u2013 Reinigen Sie die Oberfl\u00e4che von R\u00fcckst\u00e4nden mit einem mit angefeuchteten Tuch <a href=\"https:\/\/partsandpieces.nl\/de\/produkt\/bormawachs-schellack-99-losungsmittel-fur-schellack-99\/\"><span style=\"text-decoration: underline;\">Schellack 99<\/span><\/a> Alkohol.<\/p>","protected":false},"excerpt":{"rendered":"<p>Radikal Afbijtmiddel extra sterk VLOEIBAAR\u00a0van Borma Wachs is bedoeld voor de professionele vakman. Het is gemaakt van een speciale mix van verdunners speciaal voor houten oppervlakken. Radikal afbijtmiddel extra sterk is een vloeibaar product dat vrij is van methyleenchloride. Het is ontwikkeld om elke houtafwerking gemakkelijk te verwijderen. Het product is vrij van natriumhydroxide en [&hellip;]<\/p>\n","protected":false},"featured_media":2338,"template":"","meta":{"_acf_changed":false},"product_brand":[],"product_cat":[89,64],"product_tag":[],"class_list":{"0":"post-13233","1":"product","2":"type-product","3":"status-publish","4":"has-post-thumbnail","6":"product_cat-sterk-verfafbijtmiddel-voor-houten-meubels","7":"product_cat-oppervlakte-behandeling-borma-wachs","9":"first","10":"instock","11":"taxable","12":"shipping-taxable","13":"purchasable","14":"product-type-variable","15":"has-default-attributes"},"acf":[],"yoast_head":"<!-- This site is optimized with the Yoast SEO plugin v27.3 - https:\/\/yoast.com\/product\/yoast-seo-wordpress\/ -->\n<title>Afbijtmiddel extra sterk in gel vorm van Borma Wachs<\/title>\n<meta name=\"description\" content=\"Radikal Afbijtmiddel extra sterk in gel vorm van Borma Wachs is bedoeld voor de professionele vakman. Verandert de natuurlijke kleur van het hout niet.\" \/>\n<meta name=\"robots\" content=\"index, follow, max-snippet:-1, max-image-preview:large, max-video-preview:-1\" \/>\n<link rel=\"canonical\" href=\"https:\/\/partsandpieces.nl\/de\/produkt\/borma-wachs-radikaler-farbentferner-extra-stark-flussig\/\" \/>\n<meta property=\"og:locale\" content=\"de_DE\" \/>\n<meta property=\"og:type\" content=\"article\" \/>\n<meta property=\"og:title\" content=\"Afbijtmiddel extra sterk in gel vorm van Borma Wachs\" \/>\n<meta property=\"og:description\" content=\"Radikal Afbijtmiddel extra sterk in gel vorm van Borma Wachs is bedoeld voor de professionele vakman. Verandert de natuurlijke kleur van het hout niet.\" \/>\n<meta property=\"og:url\" content=\"https:\/\/partsandpieces.nl\/de\/produkt\/borma-wachs-radikaler-farbentferner-extra-stark-flussig\/\" \/>\n<meta property=\"og:site_name\" content=\"Parts &amp; Pieces\" \/>\n<meta property=\"article:modified_time\" content=\"2026-03-18T14:42:36+00:00\" \/>\n<meta property=\"og:image\" content=\"https:\/\/partsandpieces.nl\/wp-content\/uploads\/2022\/09\/0031ES.jpg\" \/>\n\t<meta property=\"og:image:width\" content=\"800\" \/>\n\t<meta property=\"og:image:height\" content=\"800\" \/>\n\t<meta property=\"og:image:type\" content=\"image\/jpeg\" \/>\n<meta name=\"twitter:card\" content=\"summary_large_image\" \/>\n<meta name=\"twitter:label1\" content=\"Gesch\u00e4tzte Lesezeit\" \/>\n\t<meta name=\"twitter:data1\" content=\"3\u00a0Minuten\" \/>\n<script type=\"application\/ld+json\" class=\"yoast-schema-graph\">{\"@context\":\"https:\\\/\\\/schema.org\",\"@graph\":[{\"@type\":\"WebPage\",\"@id\":\"https:\\\/\\\/partsandpieces.nl\\\/product\\\/borma-wachs-radikal-afbijtmiddel-extra-sterk-vloeibaar\\\/\",\"url\":\"https:\\\/\\\/partsandpieces.nl\\\/product\\\/borma-wachs-radikal-afbijtmiddel-extra-sterk-vloeibaar\\\/\",\"name\":\"Afbijtmiddel extra sterk in gel vorm van Borma Wachs\",\"isPartOf\":{\"@id\":\"https:\\\/\\\/partsandpieces.nl\\\/#website\"},\"primaryImageOfPage\":{\"@id\":\"https:\\\/\\\/partsandpieces.nl\\\/product\\\/borma-wachs-radikal-afbijtmiddel-extra-sterk-vloeibaar\\\/#primaryimage\"},\"image\":{\"@id\":\"https:\\\/\\\/partsandpieces.nl\\\/product\\\/borma-wachs-radikal-afbijtmiddel-extra-sterk-vloeibaar\\\/#primaryimage\"},\"thumbnailUrl\":\"https:\\\/\\\/partsandpieces.nl\\\/wp-content\\\/uploads\\\/2022\\\/09\\\/0031ES.jpg\",\"datePublished\":\"2025-11-12T12:02:40+00:00\",\"dateModified\":\"2026-03-18T14:42:36+00:00\",\"description\":\"Radikal Afbijtmiddel extra sterk in gel vorm van Borma Wachs is bedoeld voor de professionele vakman. Verandert de natuurlijke kleur van het hout niet.\",\"breadcrumb\":{\"@id\":\"https:\\\/\\\/partsandpieces.nl\\\/product\\\/borma-wachs-radikal-afbijtmiddel-extra-sterk-vloeibaar\\\/#breadcrumb\"},\"inLanguage\":\"de\",\"potentialAction\":[{\"@type\":\"ReadAction\",\"target\":[\"https:\\\/\\\/partsandpieces.nl\\\/product\\\/borma-wachs-radikal-afbijtmiddel-extra-sterk-vloeibaar\\\/\"]}]},{\"@type\":\"ImageObject\",\"inLanguage\":\"de\",\"@id\":\"https:\\\/\\\/partsandpieces.nl\\\/product\\\/borma-wachs-radikal-afbijtmiddel-extra-sterk-vloeibaar\\\/#primaryimage\",\"url\":\"https:\\\/\\\/partsandpieces.nl\\\/wp-content\\\/uploads\\\/2022\\\/09\\\/0031ES.jpg\",\"contentUrl\":\"https:\\\/\\\/partsandpieces.nl\\\/wp-content\\\/uploads\\\/2022\\\/09\\\/0031ES.jpg\",\"width\":800,\"height\":800},{\"@type\":\"BreadcrumbList\",\"@id\":\"https:\\\/\\\/partsandpieces.nl\\\/product\\\/borma-wachs-radikal-afbijtmiddel-extra-sterk-vloeibaar\\\/#breadcrumb\",\"itemListElement\":[{\"@type\":\"ListItem\",\"position\":1,\"name\":\"Home\",\"item\":\"https:\\\/\\\/partsandpieces.nl\\\/home\\\/\"},{\"@type\":\"ListItem\",\"position\":2,\"name\":\"Winkel\",\"item\":\"https:\\\/\\\/partsandpieces.nl\\\/winkel\\\/\"},{\"@type\":\"ListItem\",\"position\":3,\"name\":\"Borma Wachs Radikal Afbijtmiddel extra sterk VLOEIBAAR\"}]},{\"@type\":\"WebSite\",\"@id\":\"https:\\\/\\\/partsandpieces.nl\\\/#website\",\"url\":\"https:\\\/\\\/partsandpieces.nl\\\/\",\"name\":\"Parts &amp; Pieces\",\"description\":\"Alles voor uw meubelrestauratie en -onderhoud!\",\"potentialAction\":[{\"@type\":\"SearchAction\",\"target\":{\"@type\":\"EntryPoint\",\"urlTemplate\":\"https:\\\/\\\/partsandpieces.nl\\\/?s={search_term_string}\"},\"query-input\":{\"@type\":\"PropertyValueSpecification\",\"valueRequired\":true,\"valueName\":\"search_term_string\"}}],\"inLanguage\":\"de\"}]}<\/script>\n<!-- \/ Yoast SEO plugin. -->","yoast_head_json":{"title":"Stripper extra stark in Gelform von Borma Wachs","description":"Radikal Stripper extra stark in Gelform von Borma Wachs ist f\u00fcr den professionellen Handwerker bestimmt. Ver\u00e4ndert nicht die nat\u00fcrliche Farbe des Holzes.","robots":{"index":"index","follow":"follow","max-snippet":"max-snippet:-1","max-image-preview":"max-image-preview:large","max-video-preview":"max-video-preview:-1"},"canonical":"https:\/\/partsandpieces.nl\/de\/produkt\/borma-wachs-radikaler-farbentferner-extra-stark-flussig\/","og_locale":"de_DE","og_type":"article","og_title":"Afbijtmiddel extra sterk in gel vorm van Borma Wachs","og_description":"Radikal Afbijtmiddel extra sterk in gel vorm van Borma Wachs is bedoeld voor de professionele vakman. Verandert de natuurlijke kleur van het hout niet.","og_url":"https:\/\/partsandpieces.nl\/de\/produkt\/borma-wachs-radikaler-farbentferner-extra-stark-flussig\/","og_site_name":"Parts &amp; Pieces","article_modified_time":"2026-03-18T14:42:36+00:00","og_image":[{"width":800,"height":800,"url":"https:\/\/partsandpieces.nl\/wp-content\/uploads\/2022\/09\/0031ES.jpg","type":"image\/jpeg"}],"twitter_card":"summary_large_image","twitter_misc":{"Gesch\u00e4tzte Lesezeit":"3\u00a0Minuten"},"schema":{"@context":"https:\/\/schema.org","@graph":[{"@type":"WebPage","@id":"https:\/\/partsandpieces.nl\/product\/borma-wachs-radikal-afbijtmiddel-extra-sterk-vloeibaar\/","url":"https:\/\/partsandpieces.nl\/product\/borma-wachs-radikal-afbijtmiddel-extra-sterk-vloeibaar\/","name":"Stripper extra stark in Gelform von Borma Wachs","isPartOf":{"@id":"https:\/\/partsandpieces.nl\/#website"},"primaryImageOfPage":{"@id":"https:\/\/partsandpieces.nl\/product\/borma-wachs-radikal-afbijtmiddel-extra-sterk-vloeibaar\/#primaryimage"},"image":{"@id":"https:\/\/partsandpieces.nl\/product\/borma-wachs-radikal-afbijtmiddel-extra-sterk-vloeibaar\/#primaryimage"},"thumbnailUrl":"https:\/\/partsandpieces.nl\/wp-content\/uploads\/2022\/09\/0031ES.jpg","datePublished":"2025-11-12T12:02:40+00:00","dateModified":"2026-03-18T14:42:36+00:00","description":"Radikal Stripper extra stark in Gelform von Borma Wachs ist f\u00fcr den professionellen Handwerker bestimmt. Ver\u00e4ndert nicht die nat\u00fcrliche Farbe des Holzes.","breadcrumb":{"@id":"https:\/\/partsandpieces.nl\/product\/borma-wachs-radikal-afbijtmiddel-extra-sterk-vloeibaar\/#breadcrumb"},"inLanguage":"de","potentialAction":[{"@type":"ReadAction","target":["https:\/\/partsandpieces.nl\/product\/borma-wachs-radikal-afbijtmiddel-extra-sterk-vloeibaar\/"]}]},{"@type":"ImageObject","inLanguage":"de","@id":"https:\/\/partsandpieces.nl\/product\/borma-wachs-radikal-afbijtmiddel-extra-sterk-vloeibaar\/#primaryimage","url":"https:\/\/partsandpieces.nl\/wp-content\/uploads\/2022\/09\/0031ES.jpg","contentUrl":"https:\/\/partsandpieces.nl\/wp-content\/uploads\/2022\/09\/0031ES.jpg","width":800,"height":800},{"@type":"BreadcrumbList","@id":"https:\/\/partsandpieces.nl\/product\/borma-wachs-radikal-afbijtmiddel-extra-sterk-vloeibaar\/#breadcrumb","itemListElement":[{"@type":"ListItem","position":1,"name":"Home","item":"https:\/\/partsandpieces.nl\/home\/"},{"@type":"ListItem","position":2,"name":"Winkel","item":"https:\/\/partsandpieces.nl\/winkel\/"},{"@type":"ListItem","position":3,"name":"Borma Wachs Radikal Afbijtmiddel extra sterk VLOEIBAAR"}]},{"@type":"WebSite","@id":"https:\/\/partsandpieces.nl\/#website","url":"https:\/\/partsandpieces.nl\/","name":"Teile &amp; St\u00fccke","description":"Alles f\u00fcr Ihre M\u00f6belrestaurierung und -pflege!","potentialAction":[{"@type":"SearchAction","target":{"@type":"EntryPoint","urlTemplate":"https:\/\/partsandpieces.nl\/?s={search_term_string}"},"query-input":{"@type":"PropertyValueSpecification","valueRequired":true,"valueName":"search_term_string"}}],"inLanguage":"de"}]}},"_links":{"self":[{"href":"https:\/\/partsandpieces.nl\/de\/wp-json\/wp\/v2\/product\/13233","targetHints":{"allow":["GET"]}}],"collection":[{"href":"https:\/\/partsandpieces.nl\/de\/wp-json\/wp\/v2\/product"}],"about":[{"href":"https:\/\/partsandpieces.nl\/de\/wp-json\/wp\/v2\/types\/product"}],"wp:featuredmedia":[{"embeddable":true,"href":"https:\/\/partsandpieces.nl\/de\/wp-json\/wp\/v2\/media\/2338"}],"wp:attachment":[{"href":"https:\/\/partsandpieces.nl\/de\/wp-json\/wp\/v2\/media?parent=13233"}],"wp:term":[{"taxonomy":"product_brand","embeddable":true,"href":"https:\/\/partsandpieces.nl\/de\/wp-json\/wp\/v2\/product_brand?post=13233"},{"taxonomy":"product_cat","embeddable":true,"href":"https:\/\/partsandpieces.nl\/de\/wp-json\/wp\/v2\/product_cat?post=13233"},{"taxonomy":"product_tag","embeddable":true,"href":"https:\/\/partsandpieces.nl\/de\/wp-json\/wp\/v2\/product_tag?post=13233"}],"curies":[{"name":"wp","href":"https:\/\/api.w.org\/{rel}","templated":true}]}}