{"id":1324,"date":"2020-08-03T12:28:32","date_gmt":"2020-08-03T12:28:32","guid":{"rendered":"https:\/\/partsandpieces.bonsaidev.nl\/?product=sleutelplaat-20x68-mm"},"modified":"2024-11-26T12:07:41","modified_gmt":"2024-11-26T11:07:41","slug":"schlusselplatte-messing-antik-vertikal-klein-20x68mm","status":"publish","type":"product","link":"https:\/\/partsandpieces.nl\/de\/product\/sleutelplaatje-messing-antiek-verticaal-klein-20x68mm\/","title":{"rendered":"Schl\u00fcsselplatte Messing antik vertikal klein 20x68mm"},"content":{"rendered":"<p><strong>Schl\u00fcsselplatte Messing antik vertikal klein 20x68mm<\/strong> ist ein wundersch\u00f6nes Schl\u00fcsselschild aus gepr\u00e4gtem Messing mit antikem Finish. Das Schl\u00fcsselschild ist auf beiden Seiten mit einem Schlafkugel-Motiv verziert. Das Erscheinungsbild dieses klassischen Schl\u00fcsselschildes ist matt. Dieses Schl\u00fcsselschild passt gut zu Ihren antiken oder klassischen M\u00f6beln und Schubladen.<\/p>\n<p>Dieses hochwertige Schl\u00fcsselschild wird in Italien hergestellt.<\/p>\n<p><strong>Ma\u00dfe<br \/>\n<\/strong>Schl\u00fcsselplatte Messing antik vertikal klein 20x68mm ist insgesamt 20mm breit und 68mm hoch.<\/p>\n<p><strong>Bearbeiten<br \/>\n<\/strong>Sie k\u00f6nnen die Schl\u00fcsselplatte mit montieren\u00a0<span style=\"text-decoration: underline;\"><a href=\"https:\/\/partsandpieces.nl\/de\/produkt\/schrauben-mit-rundkopf-antikbronze-mit-schlitz-2-x-14-mm\/\">Schraube Rundkopf Antik Bronze mit Schlitz (2x14mm)<\/a><\/span>. Ich schicke diese Schrauben\u00a0<strong>FREI<\/strong>\u00a0mit Ihrer Bestellung.<\/p>","protected":false},"excerpt":{"rendered":"<p>Sleutelplaatje Messing antiek verticaal klein 20x68mm is een mooie sleutelplaat gemaakt van gestanst messing met een antieke afwerking. De sleutelplaat is versierd met aan weerszijden een slaapbol motief. De uitstraling van deze klassieke sleutelplaat is mat. Deze sleutelplaat past goed op je antieke of klassieke meubel en lades. Deze kwalitatief uitstekende sleutelplaat is gemaakt in [&hellip;]<\/p>\n","protected":false},"featured_media":7032,"template":"","meta":{"_acf_changed":false},"product_brand":[],"product_cat":[23,48],"product_tag":[],"class_list":{"0":"post-1324","1":"product","2":"type-product","3":"status-publish","4":"has-post-thumbnail","6":"product_cat-meubelbeslag","7":"product_cat-sleutelplaten","9":"first","10":"instock","11":"taxable","12":"shipping-taxable","13":"purchasable","14":"product-type-simple"},"acf":[],"yoast_head":"<!-- This site is optimized with the Yoast SEO plugin v27.3 - https:\/\/yoast.com\/product\/yoast-seo-wordpress\/ -->\n<title>Sleutelplaatje Messing verticaal klein<\/title>\n<meta name=\"description\" content=\"Sleutelplaatje Messing antiek verticaal klein 20x68mm is gemaakt van gestanst messing met een antieke afwerking. Versierd met een slaapbol motief.\" \/>\n<meta name=\"robots\" content=\"index, follow, max-snippet:-1, max-image-preview:large, max-video-preview:-1\" \/>\n<link rel=\"canonical\" href=\"https:\/\/partsandpieces.nl\/de\/produkt\/schlusselplatte-messing-antik-vertikal-klein-20x68mm\/\" \/>\n<meta property=\"og:locale\" content=\"de_DE\" \/>\n<meta property=\"og:type\" content=\"article\" \/>\n<meta property=\"og:title\" content=\"Sleutelplaatje Messing verticaal klein\" \/>\n<meta property=\"og:description\" content=\"Sleutelplaatje Messing antiek verticaal klein 20x68mm is gemaakt van gestanst messing met een antieke afwerking. Versierd met een slaapbol motief.\" \/>\n<meta property=\"og:url\" content=\"https:\/\/partsandpieces.nl\/de\/produkt\/schlusselplatte-messing-antik-vertikal-klein-20x68mm\/\" \/>\n<meta property=\"og:site_name\" content=\"Parts &amp; Pieces\" \/>\n<meta property=\"article:modified_time\" content=\"2024-11-26T11:07:41+00:00\" \/>\n<meta property=\"og:image\" content=\"https:\/\/partsandpieces.nl\/wp-content\/uploads\/2020\/08\/Sleutelplaatje-Messing-antiek-verticaal-klein-20x68mm.jpg\" \/>\n\t<meta property=\"og:image:width\" content=\"399\" \/>\n\t<meta property=\"og:image:height\" content=\"400\" \/>\n\t<meta property=\"og:image:type\" content=\"image\/jpeg\" \/>\n<meta name=\"twitter:card\" content=\"summary_large_image\" \/>\n<meta name=\"twitter:label1\" content=\"Gesch\u00e4tzte Lesezeit\" \/>\n\t<meta name=\"twitter:data1\" content=\"1\u00a0Minute\" \/>\n<script type=\"application\/ld+json\" class=\"yoast-schema-graph\">{\"@context\":\"https:\\\/\\\/schema.org\",\"@graph\":[{\"@type\":\"WebPage\",\"@id\":\"https:\\\/\\\/partsandpieces.nl\\\/product\\\/sleutelplaatje-messing-antiek-verticaal-klein-20x68mm\\\/\",\"url\":\"https:\\\/\\\/partsandpieces.nl\\\/product\\\/sleutelplaatje-messing-antiek-verticaal-klein-20x68mm\\\/\",\"name\":\"Sleutelplaatje Messing verticaal klein\",\"isPartOf\":{\"@id\":\"https:\\\/\\\/partsandpieces.nl\\\/#website\"},\"primaryImageOfPage\":{\"@id\":\"https:\\\/\\\/partsandpieces.nl\\\/product\\\/sleutelplaatje-messing-antiek-verticaal-klein-20x68mm\\\/#primaryimage\"},\"image\":{\"@id\":\"https:\\\/\\\/partsandpieces.nl\\\/product\\\/sleutelplaatje-messing-antiek-verticaal-klein-20x68mm\\\/#primaryimage\"},\"thumbnailUrl\":\"https:\\\/\\\/partsandpieces.nl\\\/wp-content\\\/uploads\\\/2020\\\/08\\\/Sleutelplaatje-Messing-antiek-verticaal-klein-20x68mm.jpg\",\"datePublished\":\"2020-08-03T12:28:32+00:00\",\"dateModified\":\"2024-11-26T11:07:41+00:00\",\"description\":\"Sleutelplaatje Messing antiek verticaal klein 20x68mm is gemaakt van gestanst messing met een antieke afwerking. Versierd met een slaapbol motief.\",\"breadcrumb\":{\"@id\":\"https:\\\/\\\/partsandpieces.nl\\\/product\\\/sleutelplaatje-messing-antiek-verticaal-klein-20x68mm\\\/#breadcrumb\"},\"inLanguage\":\"de\",\"potentialAction\":[{\"@type\":\"ReadAction\",\"target\":[\"https:\\\/\\\/partsandpieces.nl\\\/product\\\/sleutelplaatje-messing-antiek-verticaal-klein-20x68mm\\\/\"]}]},{\"@type\":\"ImageObject\",\"inLanguage\":\"de\",\"@id\":\"https:\\\/\\\/partsandpieces.nl\\\/product\\\/sleutelplaatje-messing-antiek-verticaal-klein-20x68mm\\\/#primaryimage\",\"url\":\"https:\\\/\\\/partsandpieces.nl\\\/wp-content\\\/uploads\\\/2020\\\/08\\\/Sleutelplaatje-Messing-antiek-verticaal-klein-20x68mm.jpg\",\"contentUrl\":\"https:\\\/\\\/partsandpieces.nl\\\/wp-content\\\/uploads\\\/2020\\\/08\\\/Sleutelplaatje-Messing-antiek-verticaal-klein-20x68mm.jpg\",\"width\":399,\"height\":400,\"caption\":\"Sleutelplaatje Messing antiek verticaal klein 20x68mm\"},{\"@type\":\"BreadcrumbList\",\"@id\":\"https:\\\/\\\/partsandpieces.nl\\\/product\\\/sleutelplaatje-messing-antiek-verticaal-klein-20x68mm\\\/#breadcrumb\",\"itemListElement\":[{\"@type\":\"ListItem\",\"position\":1,\"name\":\"Home\",\"item\":\"https:\\\/\\\/partsandpieces.nl\\\/home\\\/\"},{\"@type\":\"ListItem\",\"position\":2,\"name\":\"Winkel\",\"item\":\"https:\\\/\\\/partsandpieces.nl\\\/winkel\\\/\"},{\"@type\":\"ListItem\",\"position\":3,\"name\":\"Sleutelplaatje Messing antiek verticaal klein 20x68mm\"}]},{\"@type\":\"WebSite\",\"@id\":\"https:\\\/\\\/partsandpieces.nl\\\/#website\",\"url\":\"https:\\\/\\\/partsandpieces.nl\\\/\",\"name\":\"Parts &amp; Pieces\",\"description\":\"Alles voor uw meubelrestauratie en -onderhoud!\",\"potentialAction\":[{\"@type\":\"SearchAction\",\"target\":{\"@type\":\"EntryPoint\",\"urlTemplate\":\"https:\\\/\\\/partsandpieces.nl\\\/?s={search_term_string}\"},\"query-input\":{\"@type\":\"PropertyValueSpecification\",\"valueRequired\":true,\"valueName\":\"search_term_string\"}}],\"inLanguage\":\"de\"}]}<\/script>\n<!-- \/ Yoast SEO plugin. -->","yoast_head_json":{"title":"Schl\u00fcsselplatte Messing vertikal klein","description":"Schl\u00fcsselplatte Messing antik vertikal klein 20x68mm besteht aus gestanztem Messing mit antiker Oberfl\u00e4che. Verziert mit einem Schlafball-Motiv.","robots":{"index":"index","follow":"follow","max-snippet":"max-snippet:-1","max-image-preview":"max-image-preview:large","max-video-preview":"max-video-preview:-1"},"canonical":"https:\/\/partsandpieces.nl\/de\/produkt\/schlusselplatte-messing-antik-vertikal-klein-20x68mm\/","og_locale":"de_DE","og_type":"article","og_title":"Sleutelplaatje Messing verticaal klein","og_description":"Sleutelplaatje Messing antiek verticaal klein 20x68mm is gemaakt van gestanst messing met een antieke afwerking. Versierd met een slaapbol motief.","og_url":"https:\/\/partsandpieces.nl\/de\/produkt\/schlusselplatte-messing-antik-vertikal-klein-20x68mm\/","og_site_name":"Parts &amp; Pieces","article_modified_time":"2024-11-26T11:07:41+00:00","og_image":[{"width":399,"height":400,"url":"https:\/\/partsandpieces.nl\/wp-content\/uploads\/2020\/08\/Sleutelplaatje-Messing-antiek-verticaal-klein-20x68mm.jpg","type":"image\/jpeg"}],"twitter_card":"summary_large_image","twitter_misc":{"Gesch\u00e4tzte Lesezeit":"1\u00a0Minute"},"schema":{"@context":"https:\/\/schema.org","@graph":[{"@type":"WebPage","@id":"https:\/\/partsandpieces.nl\/product\/sleutelplaatje-messing-antiek-verticaal-klein-20x68mm\/","url":"https:\/\/partsandpieces.nl\/product\/sleutelplaatje-messing-antiek-verticaal-klein-20x68mm\/","name":"Schl\u00fcsselplatte Messing vertikal klein","isPartOf":{"@id":"https:\/\/partsandpieces.nl\/#website"},"primaryImageOfPage":{"@id":"https:\/\/partsandpieces.nl\/product\/sleutelplaatje-messing-antiek-verticaal-klein-20x68mm\/#primaryimage"},"image":{"@id":"https:\/\/partsandpieces.nl\/product\/sleutelplaatje-messing-antiek-verticaal-klein-20x68mm\/#primaryimage"},"thumbnailUrl":"https:\/\/partsandpieces.nl\/wp-content\/uploads\/2020\/08\/Sleutelplaatje-Messing-antiek-verticaal-klein-20x68mm.jpg","datePublished":"2020-08-03T12:28:32+00:00","dateModified":"2024-11-26T11:07:41+00:00","description":"Schl\u00fcsselplatte Messing antik vertikal klein 20x68mm besteht aus gestanztem Messing mit antiker Oberfl\u00e4che. Verziert mit einem Schlafball-Motiv.","breadcrumb":{"@id":"https:\/\/partsandpieces.nl\/product\/sleutelplaatje-messing-antiek-verticaal-klein-20x68mm\/#breadcrumb"},"inLanguage":"de","potentialAction":[{"@type":"ReadAction","target":["https:\/\/partsandpieces.nl\/product\/sleutelplaatje-messing-antiek-verticaal-klein-20x68mm\/"]}]},{"@type":"ImageObject","inLanguage":"de","@id":"https:\/\/partsandpieces.nl\/product\/sleutelplaatje-messing-antiek-verticaal-klein-20x68mm\/#primaryimage","url":"https:\/\/partsandpieces.nl\/wp-content\/uploads\/2020\/08\/Sleutelplaatje-Messing-antiek-verticaal-klein-20x68mm.jpg","contentUrl":"https:\/\/partsandpieces.nl\/wp-content\/uploads\/2020\/08\/Sleutelplaatje-Messing-antiek-verticaal-klein-20x68mm.jpg","width":399,"height":400,"caption":"Sleutelplaatje Messing antiek verticaal klein 20x68mm"},{"@type":"BreadcrumbList","@id":"https:\/\/partsandpieces.nl\/product\/sleutelplaatje-messing-antiek-verticaal-klein-20x68mm\/#breadcrumb","itemListElement":[{"@type":"ListItem","position":1,"name":"Home","item":"https:\/\/partsandpieces.nl\/home\/"},{"@type":"ListItem","position":2,"name":"Winkel","item":"https:\/\/partsandpieces.nl\/winkel\/"},{"@type":"ListItem","position":3,"name":"Sleutelplaatje Messing antiek verticaal klein 20x68mm"}]},{"@type":"WebSite","@id":"https:\/\/partsandpieces.nl\/#website","url":"https:\/\/partsandpieces.nl\/","name":"Teile &amp; St\u00fccke","description":"Alles f\u00fcr Ihre M\u00f6belrestaurierung und -pflege!","potentialAction":[{"@type":"SearchAction","target":{"@type":"EntryPoint","urlTemplate":"https:\/\/partsandpieces.nl\/?s={search_term_string}"},"query-input":{"@type":"PropertyValueSpecification","valueRequired":true,"valueName":"search_term_string"}}],"inLanguage":"de"}]}},"_links":{"self":[{"href":"https:\/\/partsandpieces.nl\/de\/wp-json\/wp\/v2\/product\/1324","targetHints":{"allow":["GET"]}}],"collection":[{"href":"https:\/\/partsandpieces.nl\/de\/wp-json\/wp\/v2\/product"}],"about":[{"href":"https:\/\/partsandpieces.nl\/de\/wp-json\/wp\/v2\/types\/product"}],"wp:featuredmedia":[{"embeddable":true,"href":"https:\/\/partsandpieces.nl\/de\/wp-json\/wp\/v2\/media\/7032"}],"wp:attachment":[{"href":"https:\/\/partsandpieces.nl\/de\/wp-json\/wp\/v2\/media?parent=1324"}],"wp:term":[{"taxonomy":"product_brand","embeddable":true,"href":"https:\/\/partsandpieces.nl\/de\/wp-json\/wp\/v2\/product_brand?post=1324"},{"taxonomy":"product_cat","embeddable":true,"href":"https:\/\/partsandpieces.nl\/de\/wp-json\/wp\/v2\/product_cat?post=1324"},{"taxonomy":"product_tag","embeddable":true,"href":"https:\/\/partsandpieces.nl\/de\/wp-json\/wp\/v2\/product_tag?post=1324"}],"curies":[{"name":"wp","href":"https:\/\/api.w.org\/{rel}","templated":true}]}}