{"id":133,"date":"2020-05-24T17:24:34","date_gmt":"2020-05-24T17:24:34","guid":{"rendered":"https:\/\/partsandpieces.bonsaidev.nl\/?product=horse-hook-black-iron"},"modified":"2026-03-02T07:46:30","modified_gmt":"2026-03-02T06:46:30","slug":"pferdehaken-aus-schwarzem-eisen","status":"publish","type":"product","link":"https:\/\/partsandpieces.nl\/de\/product\/horse-hook-black-iron\/","title":{"rendered":"Garderobenst\u00e4nder Black Iron Rider mit Pferd"},"content":{"rendered":"<p><strong>Garderobenst\u00e4nder Black Iron Rider mit Pferd<\/strong> ist ein klassischer Kleiderhaken mit dem Bild eines springenden Pferdes mit Reiter. Die Garderobe verf\u00fcgt \u00fcber insgesamt 6 Haken. Die Garderobe besteht aus Eisen mit schwarzer Oberfl\u00e4che. Rostet nicht. Dies passt gut in ein klassisches oder l\u00e4ndliches Interieur.<\/p>\n<p><strong>Ma\u00dfe<br \/>\n<\/strong>Der Garderobenst\u00e4nder Black Iron Rider mit Pferd ist 17 cm breit und 14,5 cm hoch.<\/p>\n<p><strong>Bearbeiten<br \/>\n<\/strong>Sie befestigen die Garderobe mit 2 Schrauben. Ich schicke diese Befestigungsschrauben mit Ihrer Bestellung.<\/p>","protected":false},"excerpt":{"rendered":"<p>Kapstok Zwart IJzer Ruiter met paard is een klassieke kapstokhaak met een afbeelding van een springend paard met ruiter. De kapstok heeft in totaal 6 haakjes. De kapstok is gemaakt van ijzer met een zwarte finish. Roest niet. Deze past mooi in een klassiek of landelijk interieur. Afmetingen Kapstok Zwart IJzer Ruiter met paard is [&hellip;]<\/p>\n","protected":false},"featured_media":8209,"template":"","meta":{"_acf_changed":false},"product_brand":[],"product_cat":[58,63],"product_tag":[],"class_list":{"0":"post-133","1":"product","2":"type-product","3":"status-publish","4":"has-post-thumbnail","6":"product_cat-deurbeslag","7":"product_cat-kapstokhaken","9":"first","10":"instock","11":"taxable","12":"shipping-taxable","13":"purchasable","14":"product-type-simple"},"acf":[],"yoast_head":"<!-- This site is optimized with the Yoast SEO plugin v27.3 - https:\/\/yoast.com\/product\/yoast-seo-wordpress\/ -->\n<title>Horse hook black Iron<\/title>\n<meta name=\"robots\" content=\"index, follow, max-snippet:-1, max-image-preview:large, max-video-preview:-1\" \/>\n<link rel=\"canonical\" href=\"https:\/\/partsandpieces.nl\/de\/produkt\/pferdehaken-aus-schwarzem-eisen\/\" \/>\n<meta property=\"og:locale\" content=\"de_DE\" \/>\n<meta property=\"og:type\" content=\"article\" \/>\n<meta property=\"og:title\" content=\"Horse hook black Iron\" \/>\n<meta property=\"og:description\" content=\"Kapstok Zwart IJzer Ruiter met paard is een klassieke kapstokhaak met een afbeelding van een springend paard met ruiter. De kapstok heeft in totaal 6 haakjes. De kapstok is gemaakt van ijzer met een zwarte finish. Roest niet. Deze past mooi in een klassiek of landelijk interieur. Afmetingen Kapstok Zwart IJzer Ruiter met paard is [&hellip;]\" \/>\n<meta property=\"og:url\" content=\"https:\/\/partsandpieces.nl\/de\/produkt\/pferdehaken-aus-schwarzem-eisen\/\" \/>\n<meta property=\"og:site_name\" content=\"Parts &amp; Pieces\" \/>\n<meta property=\"article:modified_time\" content=\"2026-03-02T06:46:30+00:00\" \/>\n<meta property=\"og:image\" content=\"https:\/\/partsandpieces.nl\/wp-content\/uploads\/2020\/05\/Kapstok-Zwart-IJzer-Ruiter-met-paard.jpg\" \/>\n\t<meta property=\"og:image:width\" content=\"480\" \/>\n\t<meta property=\"og:image:height\" content=\"481\" \/>\n\t<meta property=\"og:image:type\" content=\"image\/jpeg\" \/>\n<meta name=\"twitter:card\" content=\"summary_large_image\" \/>\n<meta name=\"twitter:label1\" content=\"Gesch\u00e4tzte Lesezeit\" \/>\n\t<meta name=\"twitter:data1\" content=\"1\u00a0Minute\" \/>\n<script type=\"application\/ld+json\" class=\"yoast-schema-graph\">{\"@context\":\"https:\\\/\\\/schema.org\",\"@graph\":[{\"@type\":\"WebPage\",\"@id\":\"https:\\\/\\\/partsandpieces.nl\\\/product\\\/horse-hook-black-iron\\\/\",\"url\":\"https:\\\/\\\/partsandpieces.nl\\\/product\\\/horse-hook-black-iron\\\/\",\"name\":\"Horse hook black Iron\",\"isPartOf\":{\"@id\":\"https:\\\/\\\/partsandpieces.nl\\\/#website\"},\"primaryImageOfPage\":{\"@id\":\"https:\\\/\\\/partsandpieces.nl\\\/product\\\/horse-hook-black-iron\\\/#primaryimage\"},\"image\":{\"@id\":\"https:\\\/\\\/partsandpieces.nl\\\/product\\\/horse-hook-black-iron\\\/#primaryimage\"},\"thumbnailUrl\":\"https:\\\/\\\/partsandpieces.nl\\\/wp-content\\\/uploads\\\/2020\\\/05\\\/Kapstok-Zwart-IJzer-Ruiter-met-paard.jpg\",\"datePublished\":\"2020-05-24T17:24:34+00:00\",\"dateModified\":\"2026-03-02T06:46:30+00:00\",\"breadcrumb\":{\"@id\":\"https:\\\/\\\/partsandpieces.nl\\\/product\\\/horse-hook-black-iron\\\/#breadcrumb\"},\"inLanguage\":\"de\",\"potentialAction\":[{\"@type\":\"ReadAction\",\"target\":[\"https:\\\/\\\/partsandpieces.nl\\\/product\\\/horse-hook-black-iron\\\/\"]}]},{\"@type\":\"ImageObject\",\"inLanguage\":\"de\",\"@id\":\"https:\\\/\\\/partsandpieces.nl\\\/product\\\/horse-hook-black-iron\\\/#primaryimage\",\"url\":\"https:\\\/\\\/partsandpieces.nl\\\/wp-content\\\/uploads\\\/2020\\\/05\\\/Kapstok-Zwart-IJzer-Ruiter-met-paard.jpg\",\"contentUrl\":\"https:\\\/\\\/partsandpieces.nl\\\/wp-content\\\/uploads\\\/2020\\\/05\\\/Kapstok-Zwart-IJzer-Ruiter-met-paard.jpg\",\"width\":480,\"height\":481,\"caption\":\"Kapstok Zwart IJzer Ruiter met paard\"},{\"@type\":\"BreadcrumbList\",\"@id\":\"https:\\\/\\\/partsandpieces.nl\\\/product\\\/horse-hook-black-iron\\\/#breadcrumb\",\"itemListElement\":[{\"@type\":\"ListItem\",\"position\":1,\"name\":\"Home\",\"item\":\"https:\\\/\\\/partsandpieces.nl\\\/home\\\/\"},{\"@type\":\"ListItem\",\"position\":2,\"name\":\"Winkel\",\"item\":\"https:\\\/\\\/partsandpieces.nl\\\/winkel\\\/\"},{\"@type\":\"ListItem\",\"position\":3,\"name\":\"Kapstok Zwart IJzer Ruiter met paard\"}]},{\"@type\":\"WebSite\",\"@id\":\"https:\\\/\\\/partsandpieces.nl\\\/#website\",\"url\":\"https:\\\/\\\/partsandpieces.nl\\\/\",\"name\":\"Parts &amp; Pieces\",\"description\":\"Alles voor uw meubelrestauratie en -onderhoud!\",\"potentialAction\":[{\"@type\":\"SearchAction\",\"target\":{\"@type\":\"EntryPoint\",\"urlTemplate\":\"https:\\\/\\\/partsandpieces.nl\\\/?s={search_term_string}\"},\"query-input\":{\"@type\":\"PropertyValueSpecification\",\"valueRequired\":true,\"valueName\":\"search_term_string\"}}],\"inLanguage\":\"de\"}]}<\/script>\n<!-- \/ Yoast SEO plugin. -->","yoast_head_json":{"title":"Pferdehaken aus schwarzem Eisen","robots":{"index":"index","follow":"follow","max-snippet":"max-snippet:-1","max-image-preview":"max-image-preview:large","max-video-preview":"max-video-preview:-1"},"canonical":"https:\/\/partsandpieces.nl\/de\/produkt\/pferdehaken-aus-schwarzem-eisen\/","og_locale":"de_DE","og_type":"article","og_title":"Horse hook black Iron","og_description":"Kapstok Zwart IJzer Ruiter met paard is een klassieke kapstokhaak met een afbeelding van een springend paard met ruiter. De kapstok heeft in totaal 6 haakjes. De kapstok is gemaakt van ijzer met een zwarte finish. Roest niet. Deze past mooi in een klassiek of landelijk interieur. Afmetingen Kapstok Zwart IJzer Ruiter met paard is [&hellip;]","og_url":"https:\/\/partsandpieces.nl\/de\/produkt\/pferdehaken-aus-schwarzem-eisen\/","og_site_name":"Parts &amp; Pieces","article_modified_time":"2026-03-02T06:46:30+00:00","og_image":[{"width":480,"height":481,"url":"https:\/\/partsandpieces.nl\/wp-content\/uploads\/2020\/05\/Kapstok-Zwart-IJzer-Ruiter-met-paard.jpg","type":"image\/jpeg"}],"twitter_card":"summary_large_image","twitter_misc":{"Gesch\u00e4tzte Lesezeit":"1\u00a0Minute"},"schema":{"@context":"https:\/\/schema.org","@graph":[{"@type":"WebPage","@id":"https:\/\/partsandpieces.nl\/product\/horse-hook-black-iron\/","url":"https:\/\/partsandpieces.nl\/product\/horse-hook-black-iron\/","name":"Pferdehaken aus schwarzem Eisen","isPartOf":{"@id":"https:\/\/partsandpieces.nl\/#website"},"primaryImageOfPage":{"@id":"https:\/\/partsandpieces.nl\/product\/horse-hook-black-iron\/#primaryimage"},"image":{"@id":"https:\/\/partsandpieces.nl\/product\/horse-hook-black-iron\/#primaryimage"},"thumbnailUrl":"https:\/\/partsandpieces.nl\/wp-content\/uploads\/2020\/05\/Kapstok-Zwart-IJzer-Ruiter-met-paard.jpg","datePublished":"2020-05-24T17:24:34+00:00","dateModified":"2026-03-02T06:46:30+00:00","breadcrumb":{"@id":"https:\/\/partsandpieces.nl\/product\/horse-hook-black-iron\/#breadcrumb"},"inLanguage":"de","potentialAction":[{"@type":"ReadAction","target":["https:\/\/partsandpieces.nl\/product\/horse-hook-black-iron\/"]}]},{"@type":"ImageObject","inLanguage":"de","@id":"https:\/\/partsandpieces.nl\/product\/horse-hook-black-iron\/#primaryimage","url":"https:\/\/partsandpieces.nl\/wp-content\/uploads\/2020\/05\/Kapstok-Zwart-IJzer-Ruiter-met-paard.jpg","contentUrl":"https:\/\/partsandpieces.nl\/wp-content\/uploads\/2020\/05\/Kapstok-Zwart-IJzer-Ruiter-met-paard.jpg","width":480,"height":481,"caption":"Kapstok Zwart IJzer Ruiter met paard"},{"@type":"BreadcrumbList","@id":"https:\/\/partsandpieces.nl\/product\/horse-hook-black-iron\/#breadcrumb","itemListElement":[{"@type":"ListItem","position":1,"name":"Home","item":"https:\/\/partsandpieces.nl\/home\/"},{"@type":"ListItem","position":2,"name":"Winkel","item":"https:\/\/partsandpieces.nl\/winkel\/"},{"@type":"ListItem","position":3,"name":"Kapstok Zwart IJzer Ruiter met paard"}]},{"@type":"WebSite","@id":"https:\/\/partsandpieces.nl\/#website","url":"https:\/\/partsandpieces.nl\/","name":"Teile &amp; St\u00fccke","description":"Alles f\u00fcr Ihre M\u00f6belrestaurierung und -pflege!","potentialAction":[{"@type":"SearchAction","target":{"@type":"EntryPoint","urlTemplate":"https:\/\/partsandpieces.nl\/?s={search_term_string}"},"query-input":{"@type":"PropertyValueSpecification","valueRequired":true,"valueName":"search_term_string"}}],"inLanguage":"de"}]}},"_links":{"self":[{"href":"https:\/\/partsandpieces.nl\/de\/wp-json\/wp\/v2\/product\/133","targetHints":{"allow":["GET"]}}],"collection":[{"href":"https:\/\/partsandpieces.nl\/de\/wp-json\/wp\/v2\/product"}],"about":[{"href":"https:\/\/partsandpieces.nl\/de\/wp-json\/wp\/v2\/types\/product"}],"wp:featuredmedia":[{"embeddable":true,"href":"https:\/\/partsandpieces.nl\/de\/wp-json\/wp\/v2\/media\/8209"}],"wp:attachment":[{"href":"https:\/\/partsandpieces.nl\/de\/wp-json\/wp\/v2\/media?parent=133"}],"wp:term":[{"taxonomy":"product_brand","embeddable":true,"href":"https:\/\/partsandpieces.nl\/de\/wp-json\/wp\/v2\/product_brand?post=133"},{"taxonomy":"product_cat","embeddable":true,"href":"https:\/\/partsandpieces.nl\/de\/wp-json\/wp\/v2\/product_cat?post=133"},{"taxonomy":"product_tag","embeddable":true,"href":"https:\/\/partsandpieces.nl\/de\/wp-json\/wp\/v2\/product_tag?post=133"}],"curies":[{"name":"wp","href":"https:\/\/api.w.org\/{rel}","templated":true}]}}