{"id":1348,"date":"2020-08-05T10:52:06","date_gmt":"2020-08-05T10:52:06","guid":{"rendered":"https:\/\/partsandpieces.bonsaidev.nl\/?product=sleutelplaat-mess-ant-ovaal-64x49"},"modified":"2026-02-04T13:07:00","modified_gmt":"2026-02-04T12:07:00","slug":"schlusselschild-aus-messing-antik-oval-madchen-mit-lamm-64-x-49-mm","status":"publish","type":"product","link":"https:\/\/partsandpieces.nl\/de\/product\/sleutelplaat-messing-antiek-ovaal-meisje-met-lammetje-64x49mm\/","title":{"rendered":"Schl\u00fcsselschild aus Messing, antik, oval, M\u00e4dchen mit Lamm, 64 x 49 mm"},"content":{"rendered":"<p><strong>Schl\u00fcsselschild aus Messing, antik, oval, M\u00e4dchen mit Lamm, 64 x 49 mm<\/strong> ist ein wundersch\u00f6nes gestanztes Schl\u00fcsselschild aus Messing mit antikem Finish. Das Schl\u00fcsselschild hat eine ovale Form und zeigt ein sitzendes M\u00e4dchen mit einem Hund. Dieses Schl\u00fcsselschild passt gut zu Ihren antiken oder klassischen M\u00f6beln und Schubladen.<\/p>\n<p><strong>Ma\u00dfe<br \/>\n<\/strong>Schl\u00fcsselschild aus Messing, antik, oval, M\u00e4dchen mit Lamm, 64 x 49 mm, Breite 64 mm, H\u00f6he 49 mm.<\/p>\n<p><strong>Bearbeiten<br \/>\n<\/strong>Sie k\u00f6nnen die Schl\u00fcsselplatte mit montieren\u00a0<span style=\"text-decoration: underline;\"><a href=\"https:\/\/partsandpieces.nl\/de\/produkt\/schrauben-mit-rundkopf-antikbronze-mit-schlitz-2-x-14-mm\/\">Schraube Rundkopf Antik Bronze mit Schlitz (2x14mm)<\/a><\/span>. Ich schicke diese Schrauben\u00a0<strong>FREI<\/strong>\u00a0mit Ihrer Bestellung<\/p>","protected":false},"excerpt":{"rendered":"<p>Sleutelplaat Messing antiek ovaal Meisje met Lammetje 64x49mm is een mooie gestanste sleutelplaat gemaakt van messing met een antieke afwerking. De sleutelplaat is ovaal van vorm en heeft een afbeelding van een zittend meisje met een hond. Deze sleutelplaat past goed op je antieke of klassieke meubel en lades. Afmetingen Sleutelplaat Messing antiek ovaal Meisje [&hellip;]<\/p>\n","protected":false},"featured_media":6963,"template":"","meta":{"_acf_changed":false},"product_brand":[],"product_cat":[23,48],"product_tag":[],"class_list":{"0":"post-1348","1":"product","2":"type-product","3":"status-publish","4":"has-post-thumbnail","6":"product_cat-meubelbeslag","7":"product_cat-sleutelplaten","9":"first","10":"instock","11":"taxable","12":"shipping-taxable","13":"purchasable","14":"product-type-simple"},"acf":[],"yoast_head":"<!-- This site is optimized with the Yoast SEO plugin v27.3 - https:\/\/yoast.com\/product\/yoast-seo-wordpress\/ -->\n<title>Sleutelplaat Messing antiek ovaal<\/title>\n<meta name=\"description\" content=\"Sleutelplaat Messing antiek ovaal Meisje met Lammetje 64x49mm is een gestanste sleutelplaat van messing met een antieke afwerking. De sleutelplaat is ovaal.\" \/>\n<meta name=\"robots\" content=\"index, follow, max-snippet:-1, max-image-preview:large, max-video-preview:-1\" \/>\n<link rel=\"canonical\" href=\"https:\/\/partsandpieces.nl\/de\/produkt\/schlusselschild-aus-messing-antik-oval-madchen-mit-lamm-64-x-49-mm\/\" \/>\n<meta property=\"og:locale\" content=\"de_DE\" \/>\n<meta property=\"og:type\" content=\"article\" \/>\n<meta property=\"og:title\" content=\"Sleutelplaat Messing antiek ovaal\" \/>\n<meta property=\"og:description\" content=\"Sleutelplaat Messing antiek ovaal Meisje met Lammetje 64x49mm is een gestanste sleutelplaat van messing met een antieke afwerking. De sleutelplaat is ovaal.\" \/>\n<meta property=\"og:url\" content=\"https:\/\/partsandpieces.nl\/de\/produkt\/schlusselschild-aus-messing-antik-oval-madchen-mit-lamm-64-x-49-mm\/\" \/>\n<meta property=\"og:site_name\" content=\"Parts &amp; Pieces\" \/>\n<meta property=\"article:modified_time\" content=\"2026-02-04T12:07:00+00:00\" \/>\n<meta property=\"og:image\" content=\"https:\/\/partsandpieces.nl\/wp-content\/uploads\/2020\/08\/Sleutelplaat-Messing-antiek-ovaal-Meisje-met-Hond-64x49mm.jpg\" \/>\n\t<meta property=\"og:image:width\" content=\"409\" \/>\n\t<meta property=\"og:image:height\" content=\"410\" \/>\n\t<meta property=\"og:image:type\" content=\"image\/jpeg\" \/>\n<meta name=\"twitter:card\" content=\"summary_large_image\" \/>\n<meta name=\"twitter:label1\" content=\"Gesch\u00e4tzte Lesezeit\" \/>\n\t<meta name=\"twitter:data1\" content=\"1\u00a0Minute\" \/>\n<script type=\"application\/ld+json\" class=\"yoast-schema-graph\">{\"@context\":\"https:\\\/\\\/schema.org\",\"@graph\":[{\"@type\":\"WebPage\",\"@id\":\"https:\\\/\\\/partsandpieces.nl\\\/product\\\/sleutelplaat-messing-antiek-ovaal-meisje-met-lammetje-64x49mm\\\/\",\"url\":\"https:\\\/\\\/partsandpieces.nl\\\/product\\\/sleutelplaat-messing-antiek-ovaal-meisje-met-lammetje-64x49mm\\\/\",\"name\":\"Sleutelplaat Messing antiek ovaal\",\"isPartOf\":{\"@id\":\"https:\\\/\\\/partsandpieces.nl\\\/#website\"},\"primaryImageOfPage\":{\"@id\":\"https:\\\/\\\/partsandpieces.nl\\\/product\\\/sleutelplaat-messing-antiek-ovaal-meisje-met-lammetje-64x49mm\\\/#primaryimage\"},\"image\":{\"@id\":\"https:\\\/\\\/partsandpieces.nl\\\/product\\\/sleutelplaat-messing-antiek-ovaal-meisje-met-lammetje-64x49mm\\\/#primaryimage\"},\"thumbnailUrl\":\"https:\\\/\\\/partsandpieces.nl\\\/wp-content\\\/uploads\\\/2020\\\/08\\\/Sleutelplaat-Messing-antiek-ovaal-Meisje-met-Hond-64x49mm.jpg\",\"datePublished\":\"2020-08-05T10:52:06+00:00\",\"dateModified\":\"2026-02-04T12:07:00+00:00\",\"description\":\"Sleutelplaat Messing antiek ovaal Meisje met Lammetje 64x49mm is een gestanste sleutelplaat van messing met een antieke afwerking. De sleutelplaat is ovaal.\",\"breadcrumb\":{\"@id\":\"https:\\\/\\\/partsandpieces.nl\\\/product\\\/sleutelplaat-messing-antiek-ovaal-meisje-met-lammetje-64x49mm\\\/#breadcrumb\"},\"inLanguage\":\"de\",\"potentialAction\":[{\"@type\":\"ReadAction\",\"target\":[\"https:\\\/\\\/partsandpieces.nl\\\/product\\\/sleutelplaat-messing-antiek-ovaal-meisje-met-lammetje-64x49mm\\\/\"]}]},{\"@type\":\"ImageObject\",\"inLanguage\":\"de\",\"@id\":\"https:\\\/\\\/partsandpieces.nl\\\/product\\\/sleutelplaat-messing-antiek-ovaal-meisje-met-lammetje-64x49mm\\\/#primaryimage\",\"url\":\"https:\\\/\\\/partsandpieces.nl\\\/wp-content\\\/uploads\\\/2020\\\/08\\\/Sleutelplaat-Messing-antiek-ovaal-Meisje-met-Hond-64x49mm.jpg\",\"contentUrl\":\"https:\\\/\\\/partsandpieces.nl\\\/wp-content\\\/uploads\\\/2020\\\/08\\\/Sleutelplaat-Messing-antiek-ovaal-Meisje-met-Hond-64x49mm.jpg\",\"width\":409,\"height\":410,\"caption\":\"Sleutelplaat Messing antiek ovaal Meisje met Hond 64x49mm\"},{\"@type\":\"BreadcrumbList\",\"@id\":\"https:\\\/\\\/partsandpieces.nl\\\/product\\\/sleutelplaat-messing-antiek-ovaal-meisje-met-lammetje-64x49mm\\\/#breadcrumb\",\"itemListElement\":[{\"@type\":\"ListItem\",\"position\":1,\"name\":\"Home\",\"item\":\"https:\\\/\\\/partsandpieces.nl\\\/home\\\/\"},{\"@type\":\"ListItem\",\"position\":2,\"name\":\"Winkel\",\"item\":\"https:\\\/\\\/partsandpieces.nl\\\/winkel\\\/\"},{\"@type\":\"ListItem\",\"position\":3,\"name\":\"Sleutelplaat Messing antiek ovaal Meisje met Lammetje 64x49mm\"}]},{\"@type\":\"WebSite\",\"@id\":\"https:\\\/\\\/partsandpieces.nl\\\/#website\",\"url\":\"https:\\\/\\\/partsandpieces.nl\\\/\",\"name\":\"Parts &amp; Pieces\",\"description\":\"Alles voor uw meubelrestauratie en -onderhoud!\",\"potentialAction\":[{\"@type\":\"SearchAction\",\"target\":{\"@type\":\"EntryPoint\",\"urlTemplate\":\"https:\\\/\\\/partsandpieces.nl\\\/?s={search_term_string}\"},\"query-input\":{\"@type\":\"PropertyValueSpecification\",\"valueRequired\":true,\"valueName\":\"search_term_string\"}}],\"inLanguage\":\"de\"}]}<\/script>\n<!-- \/ Yoast SEO plugin. -->","yoast_head_json":{"title":"Schl\u00fcsselschild Messing antik oval","description":"Das ovale Schl\u00fcsselschild aus antikem Messing mit dem Motiv \u201eM\u00e4dchen mit Lamm\u201c (64 x 49 mm) ist ein gepr\u00e4gtes Messingschild mit Antik-Finish.","robots":{"index":"index","follow":"follow","max-snippet":"max-snippet:-1","max-image-preview":"max-image-preview:large","max-video-preview":"max-video-preview:-1"},"canonical":"https:\/\/partsandpieces.nl\/de\/produkt\/schlusselschild-aus-messing-antik-oval-madchen-mit-lamm-64-x-49-mm\/","og_locale":"de_DE","og_type":"article","og_title":"Sleutelplaat Messing antiek ovaal","og_description":"Sleutelplaat Messing antiek ovaal Meisje met Lammetje 64x49mm is een gestanste sleutelplaat van messing met een antieke afwerking. De sleutelplaat is ovaal.","og_url":"https:\/\/partsandpieces.nl\/de\/produkt\/schlusselschild-aus-messing-antik-oval-madchen-mit-lamm-64-x-49-mm\/","og_site_name":"Parts &amp; Pieces","article_modified_time":"2026-02-04T12:07:00+00:00","og_image":[{"width":409,"height":410,"url":"https:\/\/partsandpieces.nl\/wp-content\/uploads\/2020\/08\/Sleutelplaat-Messing-antiek-ovaal-Meisje-met-Hond-64x49mm.jpg","type":"image\/jpeg"}],"twitter_card":"summary_large_image","twitter_misc":{"Gesch\u00e4tzte Lesezeit":"1\u00a0Minute"},"schema":{"@context":"https:\/\/schema.org","@graph":[{"@type":"WebPage","@id":"https:\/\/partsandpieces.nl\/product\/sleutelplaat-messing-antiek-ovaal-meisje-met-lammetje-64x49mm\/","url":"https:\/\/partsandpieces.nl\/product\/sleutelplaat-messing-antiek-ovaal-meisje-met-lammetje-64x49mm\/","name":"Schl\u00fcsselschild Messing antik oval","isPartOf":{"@id":"https:\/\/partsandpieces.nl\/#website"},"primaryImageOfPage":{"@id":"https:\/\/partsandpieces.nl\/product\/sleutelplaat-messing-antiek-ovaal-meisje-met-lammetje-64x49mm\/#primaryimage"},"image":{"@id":"https:\/\/partsandpieces.nl\/product\/sleutelplaat-messing-antiek-ovaal-meisje-met-lammetje-64x49mm\/#primaryimage"},"thumbnailUrl":"https:\/\/partsandpieces.nl\/wp-content\/uploads\/2020\/08\/Sleutelplaat-Messing-antiek-ovaal-Meisje-met-Hond-64x49mm.jpg","datePublished":"2020-08-05T10:52:06+00:00","dateModified":"2026-02-04T12:07:00+00:00","description":"Das ovale Schl\u00fcsselschild aus antikem Messing mit dem Motiv \u201eM\u00e4dchen mit Lamm\u201c (64 x 49 mm) ist ein gepr\u00e4gtes Messingschild mit Antik-Finish.","breadcrumb":{"@id":"https:\/\/partsandpieces.nl\/product\/sleutelplaat-messing-antiek-ovaal-meisje-met-lammetje-64x49mm\/#breadcrumb"},"inLanguage":"de","potentialAction":[{"@type":"ReadAction","target":["https:\/\/partsandpieces.nl\/product\/sleutelplaat-messing-antiek-ovaal-meisje-met-lammetje-64x49mm\/"]}]},{"@type":"ImageObject","inLanguage":"de","@id":"https:\/\/partsandpieces.nl\/product\/sleutelplaat-messing-antiek-ovaal-meisje-met-lammetje-64x49mm\/#primaryimage","url":"https:\/\/partsandpieces.nl\/wp-content\/uploads\/2020\/08\/Sleutelplaat-Messing-antiek-ovaal-Meisje-met-Hond-64x49mm.jpg","contentUrl":"https:\/\/partsandpieces.nl\/wp-content\/uploads\/2020\/08\/Sleutelplaat-Messing-antiek-ovaal-Meisje-met-Hond-64x49mm.jpg","width":409,"height":410,"caption":"Sleutelplaat Messing antiek ovaal Meisje met Hond 64x49mm"},{"@type":"BreadcrumbList","@id":"https:\/\/partsandpieces.nl\/product\/sleutelplaat-messing-antiek-ovaal-meisje-met-lammetje-64x49mm\/#breadcrumb","itemListElement":[{"@type":"ListItem","position":1,"name":"Home","item":"https:\/\/partsandpieces.nl\/home\/"},{"@type":"ListItem","position":2,"name":"Winkel","item":"https:\/\/partsandpieces.nl\/winkel\/"},{"@type":"ListItem","position":3,"name":"Sleutelplaat Messing antiek ovaal Meisje met Lammetje 64x49mm"}]},{"@type":"WebSite","@id":"https:\/\/partsandpieces.nl\/#website","url":"https:\/\/partsandpieces.nl\/","name":"Teile &amp; St\u00fccke","description":"Alles f\u00fcr Ihre M\u00f6belrestaurierung und -pflege!","potentialAction":[{"@type":"SearchAction","target":{"@type":"EntryPoint","urlTemplate":"https:\/\/partsandpieces.nl\/?s={search_term_string}"},"query-input":{"@type":"PropertyValueSpecification","valueRequired":true,"valueName":"search_term_string"}}],"inLanguage":"de"}]}},"_links":{"self":[{"href":"https:\/\/partsandpieces.nl\/de\/wp-json\/wp\/v2\/product\/1348","targetHints":{"allow":["GET"]}}],"collection":[{"href":"https:\/\/partsandpieces.nl\/de\/wp-json\/wp\/v2\/product"}],"about":[{"href":"https:\/\/partsandpieces.nl\/de\/wp-json\/wp\/v2\/types\/product"}],"wp:featuredmedia":[{"embeddable":true,"href":"https:\/\/partsandpieces.nl\/de\/wp-json\/wp\/v2\/media\/6963"}],"wp:attachment":[{"href":"https:\/\/partsandpieces.nl\/de\/wp-json\/wp\/v2\/media?parent=1348"}],"wp:term":[{"taxonomy":"product_brand","embeddable":true,"href":"https:\/\/partsandpieces.nl\/de\/wp-json\/wp\/v2\/product_brand?post=1348"},{"taxonomy":"product_cat","embeddable":true,"href":"https:\/\/partsandpieces.nl\/de\/wp-json\/wp\/v2\/product_cat?post=1348"},{"taxonomy":"product_tag","embeddable":true,"href":"https:\/\/partsandpieces.nl\/de\/wp-json\/wp\/v2\/product_tag?post=1348"}],"curies":[{"name":"wp","href":"https:\/\/api.w.org\/{rel}","templated":true}]}}