{"id":1362,"date":"2020-08-05T11:26:12","date_gmt":"2020-08-05T11:26:12","guid":{"rendered":"https:\/\/partsandpieces.bonsaidev.nl\/?product=sleutelplaat-42x130doormat-zilver"},"modified":"2026-02-02T18:05:29","modified_gmt":"2026-02-02T17:05:29","slug":"schlusselplatte-antiksilber-vertikal-129x43mm","status":"publish","type":"product","link":"https:\/\/partsandpieces.nl\/de\/product\/sleutelplaat-antiek-zilver-verticaal-129x43mm\/","title":{"rendered":"Schl\u00fcsselplatte antiksilber vertikal 129x43mm"},"content":{"rendered":"<p><strong>Schl\u00fcsselplatte antiksilber vertikal 129x43mm<\/strong> ist ein reich verziertes Schl\u00fcsselschild aus Messing. Der Teller hat ein antikes Silberfinish. Dieses Schl\u00fcsselschild passt gut zu Ihren Brocante- oder klassischen Schubladen.<\/p>\n<p>Dieses hochwertige Schl\u00fcsselschild wird in Italien hergestellt.<\/p>\n<p><strong>Ma\u00dfe<br \/>\n<\/strong>Das Schl\u00fcsselschild Antiksilber vertikal 129 x 43 mm ist insgesamt 43 mm breit und 129 mm hoch.<\/p>\n<p><strong>Bearbeiten<br \/>\n<\/strong>Sie befestigen dieses Schl\u00fcsselschild mit 4 Schrauben an Ihrem M\u00f6belst\u00fcck. Ich liefere diese Schrauben nicht.<\/p>","protected":false},"excerpt":{"rendered":"<p>Sleutelplaat antiek Zilver verticaal 129x43mm is een rijk gedecoreerde sleutelplaat gemaakt van messing. De plaat heeft een antiek zilveren finish. Deze sleutelplaat past goed op je brocante of klassieke lades. Deze kwalitatief uitstekende sleutelplaat is gemaakt in Itali\u00eb. Afmetingen Sleutelplaat antiek Zilver verticaal 129x43mm is in zijn geheel 43mm breed en 129mm hoog. Montage Je [&hellip;]<\/p>\n","protected":false},"featured_media":6297,"template":"","meta":{"_acf_changed":false},"product_brand":[],"product_cat":[23,48],"product_tag":[],"class_list":{"0":"post-1362","1":"product","2":"type-product","3":"status-publish","4":"has-post-thumbnail","6":"product_cat-meubelbeslag","7":"product_cat-sleutelplaten","9":"first","10":"instock","11":"taxable","12":"shipping-taxable","13":"purchasable","14":"product-type-simple"},"acf":[],"yoast_head":"<!-- This site is optimized with the Yoast SEO plugin v27.3 - https:\/\/yoast.com\/product\/yoast-seo-wordpress\/ -->\n<title>Sleutelplaat antiek Zilver verticaal<\/title>\n<meta name=\"description\" content=\"Sleutelplaat antiek Zilver verticaal 129x43mm is een rijk gedecoreerde sleutelplaat gemaakt van messing. De plaat heeft een antiek zilveren finish.\" \/>\n<meta name=\"robots\" content=\"index, follow, max-snippet:-1, max-image-preview:large, max-video-preview:-1\" \/>\n<link rel=\"canonical\" href=\"https:\/\/partsandpieces.nl\/de\/produkt\/schlusselplatte-antiksilber-vertikal-129x43mm\/\" \/>\n<meta property=\"og:locale\" content=\"de_DE\" \/>\n<meta property=\"og:type\" content=\"article\" \/>\n<meta property=\"og:title\" content=\"Sleutelplaat antiek Zilver verticaal\" \/>\n<meta property=\"og:description\" content=\"Sleutelplaat antiek Zilver verticaal 129x43mm is een rijk gedecoreerde sleutelplaat gemaakt van messing. De plaat heeft een antiek zilveren finish.\" \/>\n<meta property=\"og:url\" content=\"https:\/\/partsandpieces.nl\/de\/produkt\/schlusselplatte-antiksilber-vertikal-129x43mm\/\" \/>\n<meta property=\"og:site_name\" content=\"Parts &amp; Pieces\" \/>\n<meta property=\"article:modified_time\" content=\"2026-02-02T17:05:29+00:00\" \/>\n<meta property=\"og:image\" content=\"https:\/\/partsandpieces.nl\/wp-content\/uploads\/2020\/08\/Sleutelplaat-antiek-Zilver-verticaal-129x43mm.jpg\" \/>\n\t<meta property=\"og:image:width\" content=\"480\" \/>\n\t<meta property=\"og:image:height\" content=\"482\" \/>\n\t<meta property=\"og:image:type\" content=\"image\/jpeg\" \/>\n<meta name=\"twitter:card\" content=\"summary_large_image\" \/>\n<meta name=\"twitter:label1\" content=\"Gesch\u00e4tzte Lesezeit\" \/>\n\t<meta name=\"twitter:data1\" content=\"1\u00a0Minute\" \/>\n<script type=\"application\/ld+json\" class=\"yoast-schema-graph\">{\"@context\":\"https:\\\/\\\/schema.org\",\"@graph\":[{\"@type\":\"WebPage\",\"@id\":\"https:\\\/\\\/partsandpieces.nl\\\/product\\\/sleutelplaat-antiek-zilver-verticaal-129x43mm\\\/\",\"url\":\"https:\\\/\\\/partsandpieces.nl\\\/product\\\/sleutelplaat-antiek-zilver-verticaal-129x43mm\\\/\",\"name\":\"Sleutelplaat antiek Zilver verticaal\",\"isPartOf\":{\"@id\":\"https:\\\/\\\/partsandpieces.nl\\\/#website\"},\"primaryImageOfPage\":{\"@id\":\"https:\\\/\\\/partsandpieces.nl\\\/product\\\/sleutelplaat-antiek-zilver-verticaal-129x43mm\\\/#primaryimage\"},\"image\":{\"@id\":\"https:\\\/\\\/partsandpieces.nl\\\/product\\\/sleutelplaat-antiek-zilver-verticaal-129x43mm\\\/#primaryimage\"},\"thumbnailUrl\":\"https:\\\/\\\/partsandpieces.nl\\\/wp-content\\\/uploads\\\/2020\\\/08\\\/Sleutelplaat-antiek-Zilver-verticaal-129x43mm.jpg\",\"datePublished\":\"2020-08-05T11:26:12+00:00\",\"dateModified\":\"2026-02-02T17:05:29+00:00\",\"description\":\"Sleutelplaat antiek Zilver verticaal 129x43mm is een rijk gedecoreerde sleutelplaat gemaakt van messing. De plaat heeft een antiek zilveren finish.\",\"breadcrumb\":{\"@id\":\"https:\\\/\\\/partsandpieces.nl\\\/product\\\/sleutelplaat-antiek-zilver-verticaal-129x43mm\\\/#breadcrumb\"},\"inLanguage\":\"de\",\"potentialAction\":[{\"@type\":\"ReadAction\",\"target\":[\"https:\\\/\\\/partsandpieces.nl\\\/product\\\/sleutelplaat-antiek-zilver-verticaal-129x43mm\\\/\"]}]},{\"@type\":\"ImageObject\",\"inLanguage\":\"de\",\"@id\":\"https:\\\/\\\/partsandpieces.nl\\\/product\\\/sleutelplaat-antiek-zilver-verticaal-129x43mm\\\/#primaryimage\",\"url\":\"https:\\\/\\\/partsandpieces.nl\\\/wp-content\\\/uploads\\\/2020\\\/08\\\/Sleutelplaat-antiek-Zilver-verticaal-129x43mm.jpg\",\"contentUrl\":\"https:\\\/\\\/partsandpieces.nl\\\/wp-content\\\/uploads\\\/2020\\\/08\\\/Sleutelplaat-antiek-Zilver-verticaal-129x43mm.jpg\",\"width\":480,\"height\":482,\"caption\":\"Sleutelplaat antiek Zilver verticaal 129x43mm\"},{\"@type\":\"BreadcrumbList\",\"@id\":\"https:\\\/\\\/partsandpieces.nl\\\/product\\\/sleutelplaat-antiek-zilver-verticaal-129x43mm\\\/#breadcrumb\",\"itemListElement\":[{\"@type\":\"ListItem\",\"position\":1,\"name\":\"Home\",\"item\":\"https:\\\/\\\/partsandpieces.nl\\\/home\\\/\"},{\"@type\":\"ListItem\",\"position\":2,\"name\":\"Winkel\",\"item\":\"https:\\\/\\\/partsandpieces.nl\\\/winkel\\\/\"},{\"@type\":\"ListItem\",\"position\":3,\"name\":\"Sleutelplaat antiek Zilver verticaal 129x43mm\"}]},{\"@type\":\"WebSite\",\"@id\":\"https:\\\/\\\/partsandpieces.nl\\\/#website\",\"url\":\"https:\\\/\\\/partsandpieces.nl\\\/\",\"name\":\"Parts &amp; Pieces\",\"description\":\"Alles voor uw meubelrestauratie en -onderhoud!\",\"potentialAction\":[{\"@type\":\"SearchAction\",\"target\":{\"@type\":\"EntryPoint\",\"urlTemplate\":\"https:\\\/\\\/partsandpieces.nl\\\/?s={search_term_string}\"},\"query-input\":{\"@type\":\"PropertyValueSpecification\",\"valueRequired\":true,\"valueName\":\"search_term_string\"}}],\"inLanguage\":\"de\"}]}<\/script>\n<!-- \/ Yoast SEO plugin. -->","yoast_head_json":{"title":"Schl\u00fcsselschild antiksilber vertikal","description":"Schl\u00fcsselschild antiksilber vertikal 129x43mm ist ein reich verziertes Schl\u00fcsselschild aus Messing. Der Teller hat ein antikes Silberfinish.","robots":{"index":"index","follow":"follow","max-snippet":"max-snippet:-1","max-image-preview":"max-image-preview:large","max-video-preview":"max-video-preview:-1"},"canonical":"https:\/\/partsandpieces.nl\/de\/produkt\/schlusselplatte-antiksilber-vertikal-129x43mm\/","og_locale":"de_DE","og_type":"article","og_title":"Sleutelplaat antiek Zilver verticaal","og_description":"Sleutelplaat antiek Zilver verticaal 129x43mm is een rijk gedecoreerde sleutelplaat gemaakt van messing. De plaat heeft een antiek zilveren finish.","og_url":"https:\/\/partsandpieces.nl\/de\/produkt\/schlusselplatte-antiksilber-vertikal-129x43mm\/","og_site_name":"Parts &amp; Pieces","article_modified_time":"2026-02-02T17:05:29+00:00","og_image":[{"width":480,"height":482,"url":"https:\/\/partsandpieces.nl\/wp-content\/uploads\/2020\/08\/Sleutelplaat-antiek-Zilver-verticaal-129x43mm.jpg","type":"image\/jpeg"}],"twitter_card":"summary_large_image","twitter_misc":{"Gesch\u00e4tzte Lesezeit":"1\u00a0Minute"},"schema":{"@context":"https:\/\/schema.org","@graph":[{"@type":"WebPage","@id":"https:\/\/partsandpieces.nl\/product\/sleutelplaat-antiek-zilver-verticaal-129x43mm\/","url":"https:\/\/partsandpieces.nl\/product\/sleutelplaat-antiek-zilver-verticaal-129x43mm\/","name":"Schl\u00fcsselschild antiksilber vertikal","isPartOf":{"@id":"https:\/\/partsandpieces.nl\/#website"},"primaryImageOfPage":{"@id":"https:\/\/partsandpieces.nl\/product\/sleutelplaat-antiek-zilver-verticaal-129x43mm\/#primaryimage"},"image":{"@id":"https:\/\/partsandpieces.nl\/product\/sleutelplaat-antiek-zilver-verticaal-129x43mm\/#primaryimage"},"thumbnailUrl":"https:\/\/partsandpieces.nl\/wp-content\/uploads\/2020\/08\/Sleutelplaat-antiek-Zilver-verticaal-129x43mm.jpg","datePublished":"2020-08-05T11:26:12+00:00","dateModified":"2026-02-02T17:05:29+00:00","description":"Schl\u00fcsselschild antiksilber vertikal 129x43mm ist ein reich verziertes Schl\u00fcsselschild aus Messing. Der Teller hat ein antikes Silberfinish.","breadcrumb":{"@id":"https:\/\/partsandpieces.nl\/product\/sleutelplaat-antiek-zilver-verticaal-129x43mm\/#breadcrumb"},"inLanguage":"de","potentialAction":[{"@type":"ReadAction","target":["https:\/\/partsandpieces.nl\/product\/sleutelplaat-antiek-zilver-verticaal-129x43mm\/"]}]},{"@type":"ImageObject","inLanguage":"de","@id":"https:\/\/partsandpieces.nl\/product\/sleutelplaat-antiek-zilver-verticaal-129x43mm\/#primaryimage","url":"https:\/\/partsandpieces.nl\/wp-content\/uploads\/2020\/08\/Sleutelplaat-antiek-Zilver-verticaal-129x43mm.jpg","contentUrl":"https:\/\/partsandpieces.nl\/wp-content\/uploads\/2020\/08\/Sleutelplaat-antiek-Zilver-verticaal-129x43mm.jpg","width":480,"height":482,"caption":"Sleutelplaat antiek Zilver verticaal 129x43mm"},{"@type":"BreadcrumbList","@id":"https:\/\/partsandpieces.nl\/product\/sleutelplaat-antiek-zilver-verticaal-129x43mm\/#breadcrumb","itemListElement":[{"@type":"ListItem","position":1,"name":"Home","item":"https:\/\/partsandpieces.nl\/home\/"},{"@type":"ListItem","position":2,"name":"Winkel","item":"https:\/\/partsandpieces.nl\/winkel\/"},{"@type":"ListItem","position":3,"name":"Sleutelplaat antiek Zilver verticaal 129x43mm"}]},{"@type":"WebSite","@id":"https:\/\/partsandpieces.nl\/#website","url":"https:\/\/partsandpieces.nl\/","name":"Teile &amp; St\u00fccke","description":"Alles f\u00fcr Ihre M\u00f6belrestaurierung und -pflege!","potentialAction":[{"@type":"SearchAction","target":{"@type":"EntryPoint","urlTemplate":"https:\/\/partsandpieces.nl\/?s={search_term_string}"},"query-input":{"@type":"PropertyValueSpecification","valueRequired":true,"valueName":"search_term_string"}}],"inLanguage":"de"}]}},"_links":{"self":[{"href":"https:\/\/partsandpieces.nl\/de\/wp-json\/wp\/v2\/product\/1362","targetHints":{"allow":["GET"]}}],"collection":[{"href":"https:\/\/partsandpieces.nl\/de\/wp-json\/wp\/v2\/product"}],"about":[{"href":"https:\/\/partsandpieces.nl\/de\/wp-json\/wp\/v2\/types\/product"}],"wp:featuredmedia":[{"embeddable":true,"href":"https:\/\/partsandpieces.nl\/de\/wp-json\/wp\/v2\/media\/6297"}],"wp:attachment":[{"href":"https:\/\/partsandpieces.nl\/de\/wp-json\/wp\/v2\/media?parent=1362"}],"wp:term":[{"taxonomy":"product_brand","embeddable":true,"href":"https:\/\/partsandpieces.nl\/de\/wp-json\/wp\/v2\/product_brand?post=1362"},{"taxonomy":"product_cat","embeddable":true,"href":"https:\/\/partsandpieces.nl\/de\/wp-json\/wp\/v2\/product_cat?post=1362"},{"taxonomy":"product_tag","embeddable":true,"href":"https:\/\/partsandpieces.nl\/de\/wp-json\/wp\/v2\/product_tag?post=1362"}],"curies":[{"name":"wp","href":"https:\/\/api.w.org\/{rel}","templated":true}]}}