{"id":1384,"date":"2020-08-05T19:20:54","date_gmt":"2020-08-05T19:20:54","guid":{"rendered":"https:\/\/partsandpieces.bonsaidev.nl\/?product=sleutelplaat-messing-30x49mm"},"modified":"2025-04-23T08:48:25","modified_gmt":"2025-04-23T06:48:25","slug":"schlusselplatte-messing-glanzend-schleife-und-theater-34x50mm","status":"publish","type":"product","link":"https:\/\/partsandpieces.nl\/de\/product\/sleutelplaat-messing-glanzend-strik-en-theater-34x50mm\/","title":{"rendered":"Schl\u00fcsselplatte, gl\u00e4nzendes Messing, Bogen und Theater, 34 x 50 mm"},"content":{"rendered":"<p><strong>Schl\u00fcsselplatte, gl\u00e4nzendes Messing, Bogen und Theater, 34 x 50 mm<\/strong> ist ein Schl\u00fcsselschild f\u00fcr Ihre Schubladen- oder M\u00f6belt\u00fcren. Das Schl\u00fcsselschild hat eine gl\u00e4nzende Messingoberfl\u00e4che und ist aufwendig mit einem Schleifenmotiv und offenen Theatervorh\u00e4ngen verziert. Die Schl\u00fcsselplatte besteht aus massivem Messing.<\/p>\n<p><strong>Ma\u00dfe<br \/>\n<\/strong>Die Schl\u00fcsselplatte aus gl\u00e4nzendem Messing mit Schleife und Theater 34 x 50 mm hat eine Breite von 34 mm und eine H\u00f6he von 50 mm. Das Schl\u00fcsselloch ist 18 mm hoch.<\/p>\n<p><strong>Bearbeiten<br \/>\n<\/strong>Sie k\u00f6nnen die Schl\u00fcsselplatte mit 2 kleinen Schrauben befestigen. Ich werde diese Schrauben NICHT mit Ihrer Bestellung verschicken.<\/p>","protected":false},"excerpt":{"rendered":"<p>Sleutelplaat Messing glanzend Strik en Theater 34x50mm is een sleutelplaat voor je lade- of meubeldeurtjes. De sleutelplaat heeft een glanzende messing afwerking en is uitbundig versierd met een strik motief en opengeslagen theatergordijnen. De sleutelplaat is gemaakt van massief messing. Afmetingen Sleutelplaat Messing glanzend Strik en Theater 34x50mm heeft een breedte van 34mm en een [&hellip;]<\/p>\n","protected":false},"featured_media":7632,"template":"","meta":{"_acf_changed":false},"product_brand":[],"product_cat":[23,48],"product_tag":[],"class_list":{"0":"post-1384","1":"product","2":"type-product","3":"status-publish","4":"has-post-thumbnail","6":"product_cat-meubelbeslag","7":"product_cat-sleutelplaten","9":"first","10":"instock","11":"taxable","12":"shipping-taxable","13":"purchasable","14":"product-type-simple"},"acf":[],"yoast_head":"<!-- This site is optimized with the Yoast SEO plugin v27.3 - https:\/\/yoast.com\/product\/yoast-seo-wordpress\/ -->\n<title>Sleutelplaat Messing glanzend Strik en Theater 34x50mm<\/title>\n<meta name=\"description\" content=\"Sleutelplaat Messing glanzend Strik en Theater 34x50mm heeft een glanzende messing afwerking en is versiert met strik en opengeslagen theatergordijnen.\" \/>\n<meta name=\"robots\" content=\"index, follow, max-snippet:-1, max-image-preview:large, max-video-preview:-1\" \/>\n<link rel=\"canonical\" href=\"https:\/\/partsandpieces.nl\/de\/produkt\/schlusselplatte-messing-glanzend-schleife-und-theater-34x50mm\/\" \/>\n<meta property=\"og:locale\" content=\"de_DE\" \/>\n<meta property=\"og:type\" content=\"article\" \/>\n<meta property=\"og:title\" content=\"Sleutelplaat Messing glanzend Strik en Theater 34x50mm\" \/>\n<meta property=\"og:description\" content=\"Sleutelplaat Messing glanzend Strik en Theater 34x50mm heeft een glanzende messing afwerking en is versiert met strik en opengeslagen theatergordijnen.\" \/>\n<meta property=\"og:url\" content=\"https:\/\/partsandpieces.nl\/de\/produkt\/schlusselplatte-messing-glanzend-schleife-und-theater-34x50mm\/\" \/>\n<meta property=\"og:site_name\" content=\"Parts &amp; Pieces\" \/>\n<meta property=\"article:modified_time\" content=\"2025-04-23T06:48:25+00:00\" \/>\n<meta property=\"og:image\" content=\"https:\/\/partsandpieces.nl\/wp-content\/uploads\/2020\/08\/Sleutelplaat-Messing-glanzend-Strik-en-Theater-34x50mm.jpg\" \/>\n\t<meta property=\"og:image:width\" content=\"330\" \/>\n\t<meta property=\"og:image:height\" content=\"330\" \/>\n\t<meta property=\"og:image:type\" content=\"image\/jpeg\" \/>\n<meta name=\"twitter:card\" content=\"summary_large_image\" \/>\n<meta name=\"twitter:label1\" content=\"Gesch\u00e4tzte Lesezeit\" \/>\n\t<meta name=\"twitter:data1\" content=\"1\u00a0Minute\" \/>\n<script type=\"application\/ld+json\" class=\"yoast-schema-graph\">{\"@context\":\"https:\\\/\\\/schema.org\",\"@graph\":[{\"@type\":\"WebPage\",\"@id\":\"https:\\\/\\\/partsandpieces.nl\\\/product\\\/sleutelplaat-messing-glanzend-strik-en-theater-34x50mm\\\/\",\"url\":\"https:\\\/\\\/partsandpieces.nl\\\/product\\\/sleutelplaat-messing-glanzend-strik-en-theater-34x50mm\\\/\",\"name\":\"Sleutelplaat Messing glanzend Strik en Theater 34x50mm\",\"isPartOf\":{\"@id\":\"https:\\\/\\\/partsandpieces.nl\\\/#website\"},\"primaryImageOfPage\":{\"@id\":\"https:\\\/\\\/partsandpieces.nl\\\/product\\\/sleutelplaat-messing-glanzend-strik-en-theater-34x50mm\\\/#primaryimage\"},\"image\":{\"@id\":\"https:\\\/\\\/partsandpieces.nl\\\/product\\\/sleutelplaat-messing-glanzend-strik-en-theater-34x50mm\\\/#primaryimage\"},\"thumbnailUrl\":\"https:\\\/\\\/partsandpieces.nl\\\/wp-content\\\/uploads\\\/2020\\\/08\\\/Sleutelplaat-Messing-glanzend-Strik-en-Theater-34x50mm.jpg\",\"datePublished\":\"2020-08-05T19:20:54+00:00\",\"dateModified\":\"2025-04-23T06:48:25+00:00\",\"description\":\"Sleutelplaat Messing glanzend Strik en Theater 34x50mm heeft een glanzende messing afwerking en is versiert met strik en opengeslagen theatergordijnen.\",\"breadcrumb\":{\"@id\":\"https:\\\/\\\/partsandpieces.nl\\\/product\\\/sleutelplaat-messing-glanzend-strik-en-theater-34x50mm\\\/#breadcrumb\"},\"inLanguage\":\"de\",\"potentialAction\":[{\"@type\":\"ReadAction\",\"target\":[\"https:\\\/\\\/partsandpieces.nl\\\/product\\\/sleutelplaat-messing-glanzend-strik-en-theater-34x50mm\\\/\"]}]},{\"@type\":\"ImageObject\",\"inLanguage\":\"de\",\"@id\":\"https:\\\/\\\/partsandpieces.nl\\\/product\\\/sleutelplaat-messing-glanzend-strik-en-theater-34x50mm\\\/#primaryimage\",\"url\":\"https:\\\/\\\/partsandpieces.nl\\\/wp-content\\\/uploads\\\/2020\\\/08\\\/Sleutelplaat-Messing-glanzend-Strik-en-Theater-34x50mm.jpg\",\"contentUrl\":\"https:\\\/\\\/partsandpieces.nl\\\/wp-content\\\/uploads\\\/2020\\\/08\\\/Sleutelplaat-Messing-glanzend-Strik-en-Theater-34x50mm.jpg\",\"width\":330,\"height\":330,\"caption\":\"Sleutelplaat Messing glanzend Strik en Theater 34x50mm\"},{\"@type\":\"BreadcrumbList\",\"@id\":\"https:\\\/\\\/partsandpieces.nl\\\/product\\\/sleutelplaat-messing-glanzend-strik-en-theater-34x50mm\\\/#breadcrumb\",\"itemListElement\":[{\"@type\":\"ListItem\",\"position\":1,\"name\":\"Home\",\"item\":\"https:\\\/\\\/partsandpieces.nl\\\/home\\\/\"},{\"@type\":\"ListItem\",\"position\":2,\"name\":\"Winkel\",\"item\":\"https:\\\/\\\/partsandpieces.nl\\\/winkel\\\/\"},{\"@type\":\"ListItem\",\"position\":3,\"name\":\"Sleutelplaat Messing glanzend Strik en Theater 34x50mm\"}]},{\"@type\":\"WebSite\",\"@id\":\"https:\\\/\\\/partsandpieces.nl\\\/#website\",\"url\":\"https:\\\/\\\/partsandpieces.nl\\\/\",\"name\":\"Parts &amp; Pieces\",\"description\":\"Alles voor uw meubelrestauratie en -onderhoud!\",\"potentialAction\":[{\"@type\":\"SearchAction\",\"target\":{\"@type\":\"EntryPoint\",\"urlTemplate\":\"https:\\\/\\\/partsandpieces.nl\\\/?s={search_term_string}\"},\"query-input\":{\"@type\":\"PropertyValueSpecification\",\"valueRequired\":true,\"valueName\":\"search_term_string\"}}],\"inLanguage\":\"de\"}]}<\/script>\n<!-- \/ Yoast SEO plugin. -->","yoast_head_json":{"title":"Schl\u00fcsselplatte, gl\u00e4nzendes Messing, Bogen und Theater, 34 x 50 mm","description":"Schl\u00fcsselplatte aus gl\u00e4nzendem Messing mit Schleife und Theater 34 x 50 mm hat eine gl\u00e4nzende Messingoberfl\u00e4che und ist mit einer Schleife und ge\u00f6ffneten Theatervorh\u00e4ngen verziert.","robots":{"index":"index","follow":"follow","max-snippet":"max-snippet:-1","max-image-preview":"max-image-preview:large","max-video-preview":"max-video-preview:-1"},"canonical":"https:\/\/partsandpieces.nl\/de\/produkt\/schlusselplatte-messing-glanzend-schleife-und-theater-34x50mm\/","og_locale":"de_DE","og_type":"article","og_title":"Sleutelplaat Messing glanzend Strik en Theater 34x50mm","og_description":"Sleutelplaat Messing glanzend Strik en Theater 34x50mm heeft een glanzende messing afwerking en is versiert met strik en opengeslagen theatergordijnen.","og_url":"https:\/\/partsandpieces.nl\/de\/produkt\/schlusselplatte-messing-glanzend-schleife-und-theater-34x50mm\/","og_site_name":"Parts &amp; Pieces","article_modified_time":"2025-04-23T06:48:25+00:00","og_image":[{"width":330,"height":330,"url":"https:\/\/partsandpieces.nl\/wp-content\/uploads\/2020\/08\/Sleutelplaat-Messing-glanzend-Strik-en-Theater-34x50mm.jpg","type":"image\/jpeg"}],"twitter_card":"summary_large_image","twitter_misc":{"Gesch\u00e4tzte Lesezeit":"1\u00a0Minute"},"schema":{"@context":"https:\/\/schema.org","@graph":[{"@type":"WebPage","@id":"https:\/\/partsandpieces.nl\/product\/sleutelplaat-messing-glanzend-strik-en-theater-34x50mm\/","url":"https:\/\/partsandpieces.nl\/product\/sleutelplaat-messing-glanzend-strik-en-theater-34x50mm\/","name":"Schl\u00fcsselplatte, gl\u00e4nzendes Messing, Bogen und Theater, 34 x 50 mm","isPartOf":{"@id":"https:\/\/partsandpieces.nl\/#website"},"primaryImageOfPage":{"@id":"https:\/\/partsandpieces.nl\/product\/sleutelplaat-messing-glanzend-strik-en-theater-34x50mm\/#primaryimage"},"image":{"@id":"https:\/\/partsandpieces.nl\/product\/sleutelplaat-messing-glanzend-strik-en-theater-34x50mm\/#primaryimage"},"thumbnailUrl":"https:\/\/partsandpieces.nl\/wp-content\/uploads\/2020\/08\/Sleutelplaat-Messing-glanzend-Strik-en-Theater-34x50mm.jpg","datePublished":"2020-08-05T19:20:54+00:00","dateModified":"2025-04-23T06:48:25+00:00","description":"Schl\u00fcsselplatte aus gl\u00e4nzendem Messing mit Schleife und Theater 34 x 50 mm hat eine gl\u00e4nzende Messingoberfl\u00e4che und ist mit einer Schleife und ge\u00f6ffneten Theatervorh\u00e4ngen verziert.","breadcrumb":{"@id":"https:\/\/partsandpieces.nl\/product\/sleutelplaat-messing-glanzend-strik-en-theater-34x50mm\/#breadcrumb"},"inLanguage":"de","potentialAction":[{"@type":"ReadAction","target":["https:\/\/partsandpieces.nl\/product\/sleutelplaat-messing-glanzend-strik-en-theater-34x50mm\/"]}]},{"@type":"ImageObject","inLanguage":"de","@id":"https:\/\/partsandpieces.nl\/product\/sleutelplaat-messing-glanzend-strik-en-theater-34x50mm\/#primaryimage","url":"https:\/\/partsandpieces.nl\/wp-content\/uploads\/2020\/08\/Sleutelplaat-Messing-glanzend-Strik-en-Theater-34x50mm.jpg","contentUrl":"https:\/\/partsandpieces.nl\/wp-content\/uploads\/2020\/08\/Sleutelplaat-Messing-glanzend-Strik-en-Theater-34x50mm.jpg","width":330,"height":330,"caption":"Sleutelplaat Messing glanzend Strik en Theater 34x50mm"},{"@type":"BreadcrumbList","@id":"https:\/\/partsandpieces.nl\/product\/sleutelplaat-messing-glanzend-strik-en-theater-34x50mm\/#breadcrumb","itemListElement":[{"@type":"ListItem","position":1,"name":"Home","item":"https:\/\/partsandpieces.nl\/home\/"},{"@type":"ListItem","position":2,"name":"Winkel","item":"https:\/\/partsandpieces.nl\/winkel\/"},{"@type":"ListItem","position":3,"name":"Sleutelplaat Messing glanzend Strik en Theater 34x50mm"}]},{"@type":"WebSite","@id":"https:\/\/partsandpieces.nl\/#website","url":"https:\/\/partsandpieces.nl\/","name":"Teile &amp; St\u00fccke","description":"Alles f\u00fcr Ihre M\u00f6belrestaurierung und -pflege!","potentialAction":[{"@type":"SearchAction","target":{"@type":"EntryPoint","urlTemplate":"https:\/\/partsandpieces.nl\/?s={search_term_string}"},"query-input":{"@type":"PropertyValueSpecification","valueRequired":true,"valueName":"search_term_string"}}],"inLanguage":"de"}]}},"_links":{"self":[{"href":"https:\/\/partsandpieces.nl\/de\/wp-json\/wp\/v2\/product\/1384","targetHints":{"allow":["GET"]}}],"collection":[{"href":"https:\/\/partsandpieces.nl\/de\/wp-json\/wp\/v2\/product"}],"about":[{"href":"https:\/\/partsandpieces.nl\/de\/wp-json\/wp\/v2\/types\/product"}],"wp:featuredmedia":[{"embeddable":true,"href":"https:\/\/partsandpieces.nl\/de\/wp-json\/wp\/v2\/media\/7632"}],"wp:attachment":[{"href":"https:\/\/partsandpieces.nl\/de\/wp-json\/wp\/v2\/media?parent=1384"}],"wp:term":[{"taxonomy":"product_brand","embeddable":true,"href":"https:\/\/partsandpieces.nl\/de\/wp-json\/wp\/v2\/product_brand?post=1384"},{"taxonomy":"product_cat","embeddable":true,"href":"https:\/\/partsandpieces.nl\/de\/wp-json\/wp\/v2\/product_cat?post=1384"},{"taxonomy":"product_tag","embeddable":true,"href":"https:\/\/partsandpieces.nl\/de\/wp-json\/wp\/v2\/product_tag?post=1384"}],"curies":[{"name":"wp","href":"https:\/\/api.w.org\/{rel}","templated":true}]}}