{"id":13862,"date":"2026-01-13T13:24:05","date_gmt":"2026-01-13T12:24:05","guid":{"rendered":"https:\/\/partsandpieces.nl\/?post_type=product&#038;p=13862"},"modified":"2026-01-14T15:38:12","modified_gmt":"2026-01-14T14:38:12","slug":"schubladengriff-aus-antikem-messing-mit-schlusselloch-orient-133-x-30-mm","status":"publish","type":"product","link":"https:\/\/partsandpieces.nl\/de\/product\/ladegreep-messing-antiek-met-sleutelgat-orient-133x30mm\/","title":{"rendered":"Schubladengriff, Messing antik, mit Schl\u00fcsselloch \u2018Orient\u2019, 133 x 30 mm"},"content":{"rendered":"<p><strong>Schubladengriff, Messing antik, mit Schl\u00fcsselloch \u2018Orient\u2019, 133 x 30 mm<\/strong> Dieser wundersch\u00f6ne Schubladengriff ist aus Messingguss gefertigt und antikisiert. Er ist mit orientalischen Motiven verziert. Dieser Schl\u00fcssellochgriff passt perfekt zu Ihren antiken oder klassischen M\u00f6beln und Schubladen.<\/p>\n<p><strong>Ma\u00dfe<br \/>\n<\/strong>Der antike Messing-Schubladengriff mit Schl\u00fcsselloch, Modell \u2018Orient\u2019, 133 x 30 mm, ist 133 mm breit und 30 mm hoch. Der Griff selbst ist 83 mm breit. Nach der Montage steht er 16 mm hervor.<\/p>\n<p><strong>Bearbeiten<br \/>\n<\/strong>Sie k\u00f6nnen den Griff mit montieren <span style=\"text-decoration: underline;\"><a href=\"https:\/\/partsandpieces.nl\/de\/produkt\/schrauben-mit-rundkopf-antikbronze-mit-schlitz-2-x-14-mm\/\">Schraube Rundkopf Antik Bronze mit Schlitz (2x14mm)<\/a><\/span>. Ich schicke diese Schraube <strong>FREI<\/strong> mit Ihrer Bestellung.<\/p>","protected":false},"excerpt":{"rendered":"<p>Ladegreep Messing antiek met sleutelgat &#8216;Orient&#8217; 133x30mm is een mooie ladegreep gemaakt van gegoten messing met een antieke afwerking. De greep is versierd met een ori\u00ebntaalse motieven. Deze greep met sleutelgat past goed op je antieke of klassieke meubel en lades. Afmetingen Ladegreep Messing antiek met sleutelgat &#8216;Orient&#8217; 133x30mm is in zijn geheel 133mm breed [&hellip;]<\/p>\n","protected":false},"featured_media":7831,"template":"","meta":{"_acf_changed":false},"product_brand":[],"product_cat":[41,23],"product_tag":[],"class_list":{"0":"post-13862","1":"product","2":"type-product","3":"status-publish","4":"has-post-thumbnail","6":"product_cat-ladetrekkers","7":"product_cat-meubelbeslag","9":"first","10":"instock","11":"taxable","12":"shipping-taxable","13":"purchasable","14":"product-type-simple"},"acf":[],"yoast_head":"<!-- This site is optimized with the Yoast SEO plugin v27.3 - https:\/\/yoast.com\/product\/yoast-seo-wordpress\/ -->\n<title>Ladegreep Messing antiek sleutelgat 133x30mm<\/title>\n<meta name=\"description\" content=\"Ladegreep Messing antiek met sleutelgat &#039;Orient&#039; 133x30mm is versierd met een ori\u00ebntaalse motieven. Past goed op je antieke of klassieke meubel en lades.\" \/>\n<meta name=\"robots\" content=\"index, follow, max-snippet:-1, max-image-preview:large, max-video-preview:-1\" \/>\n<link rel=\"canonical\" href=\"https:\/\/partsandpieces.nl\/de\/produkt\/schubladengriff-aus-antikem-messing-mit-schlusselloch-orient-133-x-30-mm\/\" \/>\n<meta property=\"og:locale\" content=\"de_DE\" \/>\n<meta property=\"og:type\" content=\"article\" \/>\n<meta property=\"og:title\" content=\"Ladegreep Messing antiek sleutelgat 133x30mm\" \/>\n<meta property=\"og:description\" content=\"Ladegreep Messing antiek met sleutelgat &#039;Orient&#039; 133x30mm is versierd met een ori\u00ebntaalse motieven. Past goed op je antieke of klassieke meubel en lades.\" \/>\n<meta property=\"og:url\" content=\"https:\/\/partsandpieces.nl\/de\/produkt\/schubladengriff-aus-antikem-messing-mit-schlusselloch-orient-133-x-30-mm\/\" \/>\n<meta property=\"og:site_name\" content=\"Parts &amp; Pieces\" \/>\n<meta property=\"article:modified_time\" content=\"2026-01-14T14:38:12+00:00\" \/>\n<meta property=\"og:image\" content=\"https:\/\/partsandpieces.nl\/wp-content\/uploads\/2020\/07\/Ladegreep-Messing-antiek-met-sleutelgat-\u2018Orient-133x30mm.jpg\" \/>\n\t<meta property=\"og:image:width\" content=\"433\" \/>\n\t<meta property=\"og:image:height\" content=\"433\" \/>\n\t<meta property=\"og:image:type\" content=\"image\/jpeg\" \/>\n<meta name=\"twitter:card\" content=\"summary_large_image\" \/>\n<meta name=\"twitter:label1\" content=\"Gesch\u00e4tzte Lesezeit\" \/>\n\t<meta name=\"twitter:data1\" content=\"1\u00a0Minute\" \/>\n<script type=\"application\/ld+json\" class=\"yoast-schema-graph\">{\"@context\":\"https:\\\/\\\/schema.org\",\"@graph\":[{\"@type\":\"WebPage\",\"@id\":\"https:\\\/\\\/partsandpieces.nl\\\/product\\\/ladegreep-messing-antiek-met-sleutelgat-orient-133x30mm\\\/\",\"url\":\"https:\\\/\\\/partsandpieces.nl\\\/product\\\/ladegreep-messing-antiek-met-sleutelgat-orient-133x30mm\\\/\",\"name\":\"Ladegreep Messing antiek sleutelgat 133x30mm\",\"isPartOf\":{\"@id\":\"https:\\\/\\\/partsandpieces.nl\\\/#website\"},\"primaryImageOfPage\":{\"@id\":\"https:\\\/\\\/partsandpieces.nl\\\/product\\\/ladegreep-messing-antiek-met-sleutelgat-orient-133x30mm\\\/#primaryimage\"},\"image\":{\"@id\":\"https:\\\/\\\/partsandpieces.nl\\\/product\\\/ladegreep-messing-antiek-met-sleutelgat-orient-133x30mm\\\/#primaryimage\"},\"thumbnailUrl\":\"https:\\\/\\\/partsandpieces.nl\\\/wp-content\\\/uploads\\\/2020\\\/07\\\/Ladegreep-Messing-antiek-met-sleutelgat-\u2018Orient-133x30mm.jpg\",\"datePublished\":\"2026-01-13T12:24:05+00:00\",\"dateModified\":\"2026-01-14T14:38:12+00:00\",\"description\":\"Ladegreep Messing antiek met sleutelgat 'Orient' 133x30mm is versierd met een ori\u00ebntaalse motieven. Past goed op je antieke of klassieke meubel en lades.\",\"breadcrumb\":{\"@id\":\"https:\\\/\\\/partsandpieces.nl\\\/product\\\/ladegreep-messing-antiek-met-sleutelgat-orient-133x30mm\\\/#breadcrumb\"},\"inLanguage\":\"de\",\"potentialAction\":[{\"@type\":\"ReadAction\",\"target\":[\"https:\\\/\\\/partsandpieces.nl\\\/product\\\/ladegreep-messing-antiek-met-sleutelgat-orient-133x30mm\\\/\"]}]},{\"@type\":\"ImageObject\",\"inLanguage\":\"de\",\"@id\":\"https:\\\/\\\/partsandpieces.nl\\\/product\\\/ladegreep-messing-antiek-met-sleutelgat-orient-133x30mm\\\/#primaryimage\",\"url\":\"https:\\\/\\\/partsandpieces.nl\\\/wp-content\\\/uploads\\\/2020\\\/07\\\/Ladegreep-Messing-antiek-met-sleutelgat-\u2018Orient-133x30mm.jpg\",\"contentUrl\":\"https:\\\/\\\/partsandpieces.nl\\\/wp-content\\\/uploads\\\/2020\\\/07\\\/Ladegreep-Messing-antiek-met-sleutelgat-\u2018Orient-133x30mm.jpg\",\"width\":433,\"height\":433,\"caption\":\"Ladegreep Messing antiek met sleutelgat \u2018Orient\u2019 133x30mm\"},{\"@type\":\"BreadcrumbList\",\"@id\":\"https:\\\/\\\/partsandpieces.nl\\\/product\\\/ladegreep-messing-antiek-met-sleutelgat-orient-133x30mm\\\/#breadcrumb\",\"itemListElement\":[{\"@type\":\"ListItem\",\"position\":1,\"name\":\"Home\",\"item\":\"https:\\\/\\\/partsandpieces.nl\\\/home\\\/\"},{\"@type\":\"ListItem\",\"position\":2,\"name\":\"Winkel\",\"item\":\"https:\\\/\\\/partsandpieces.nl\\\/winkel\\\/\"},{\"@type\":\"ListItem\",\"position\":3,\"name\":\"Ladegreep Messing antiek met sleutelgat &#8216;Orient&#8217; 133x30mm\"}]},{\"@type\":\"WebSite\",\"@id\":\"https:\\\/\\\/partsandpieces.nl\\\/#website\",\"url\":\"https:\\\/\\\/partsandpieces.nl\\\/\",\"name\":\"Parts &amp; Pieces\",\"description\":\"Alles voor uw meubelrestauratie en -onderhoud!\",\"potentialAction\":[{\"@type\":\"SearchAction\",\"target\":{\"@type\":\"EntryPoint\",\"urlTemplate\":\"https:\\\/\\\/partsandpieces.nl\\\/?s={search_term_string}\"},\"query-input\":{\"@type\":\"PropertyValueSpecification\",\"valueRequired\":true,\"valueName\":\"search_term_string\"}}],\"inLanguage\":\"de\"}]}<\/script>\n<!-- \/ Yoast SEO plugin. -->","yoast_head_json":{"title":"Schubladengriff aus Messing, antik, Schl\u00fcsselloch, 133 x 30 mm","description":"Der antike Messing-Schubladengriff mit Schl\u00fcsselloch, Modell 'Orient', 133 x 30 mm, ist mit orientalischen Motiven verziert. Er passt perfekt zu Ihren antiken oder klassischen M\u00f6beln und Schubladen.","robots":{"index":"index","follow":"follow","max-snippet":"max-snippet:-1","max-image-preview":"max-image-preview:large","max-video-preview":"max-video-preview:-1"},"canonical":"https:\/\/partsandpieces.nl\/de\/produkt\/schubladengriff-aus-antikem-messing-mit-schlusselloch-orient-133-x-30-mm\/","og_locale":"de_DE","og_type":"article","og_title":"Ladegreep Messing antiek sleutelgat 133x30mm","og_description":"Ladegreep Messing antiek met sleutelgat 'Orient' 133x30mm is versierd met een ori\u00ebntaalse motieven. Past goed op je antieke of klassieke meubel en lades.","og_url":"https:\/\/partsandpieces.nl\/de\/produkt\/schubladengriff-aus-antikem-messing-mit-schlusselloch-orient-133-x-30-mm\/","og_site_name":"Parts &amp; Pieces","article_modified_time":"2026-01-14T14:38:12+00:00","og_image":[{"width":433,"height":433,"url":"https:\/\/partsandpieces.nl\/wp-content\/uploads\/2020\/07\/Ladegreep-Messing-antiek-met-sleutelgat-\u2018Orient-133x30mm.jpg","type":"image\/jpeg"}],"twitter_card":"summary_large_image","twitter_misc":{"Gesch\u00e4tzte Lesezeit":"1\u00a0Minute"},"schema":{"@context":"https:\/\/schema.org","@graph":[{"@type":"WebPage","@id":"https:\/\/partsandpieces.nl\/product\/ladegreep-messing-antiek-met-sleutelgat-orient-133x30mm\/","url":"https:\/\/partsandpieces.nl\/product\/ladegreep-messing-antiek-met-sleutelgat-orient-133x30mm\/","name":"Schubladengriff aus Messing, antik, Schl\u00fcsselloch, 133 x 30 mm","isPartOf":{"@id":"https:\/\/partsandpieces.nl\/#website"},"primaryImageOfPage":{"@id":"https:\/\/partsandpieces.nl\/product\/ladegreep-messing-antiek-met-sleutelgat-orient-133x30mm\/#primaryimage"},"image":{"@id":"https:\/\/partsandpieces.nl\/product\/ladegreep-messing-antiek-met-sleutelgat-orient-133x30mm\/#primaryimage"},"thumbnailUrl":"https:\/\/partsandpieces.nl\/wp-content\/uploads\/2020\/07\/Ladegreep-Messing-antiek-met-sleutelgat-\u2018Orient-133x30mm.jpg","datePublished":"2026-01-13T12:24:05+00:00","dateModified":"2026-01-14T14:38:12+00:00","description":"Der antike Messing-Schubladengriff mit Schl\u00fcsselloch, Modell 'Orient', 133 x 30 mm, ist mit orientalischen Motiven verziert. Er passt perfekt zu Ihren antiken oder klassischen M\u00f6beln und Schubladen.","breadcrumb":{"@id":"https:\/\/partsandpieces.nl\/product\/ladegreep-messing-antiek-met-sleutelgat-orient-133x30mm\/#breadcrumb"},"inLanguage":"de","potentialAction":[{"@type":"ReadAction","target":["https:\/\/partsandpieces.nl\/product\/ladegreep-messing-antiek-met-sleutelgat-orient-133x30mm\/"]}]},{"@type":"ImageObject","inLanguage":"de","@id":"https:\/\/partsandpieces.nl\/product\/ladegreep-messing-antiek-met-sleutelgat-orient-133x30mm\/#primaryimage","url":"https:\/\/partsandpieces.nl\/wp-content\/uploads\/2020\/07\/Ladegreep-Messing-antiek-met-sleutelgat-\u2018Orient-133x30mm.jpg","contentUrl":"https:\/\/partsandpieces.nl\/wp-content\/uploads\/2020\/07\/Ladegreep-Messing-antiek-met-sleutelgat-\u2018Orient-133x30mm.jpg","width":433,"height":433,"caption":"Ladegreep Messing antiek met sleutelgat \u2018Orient\u2019 133x30mm"},{"@type":"BreadcrumbList","@id":"https:\/\/partsandpieces.nl\/product\/ladegreep-messing-antiek-met-sleutelgat-orient-133x30mm\/#breadcrumb","itemListElement":[{"@type":"ListItem","position":1,"name":"Home","item":"https:\/\/partsandpieces.nl\/home\/"},{"@type":"ListItem","position":2,"name":"Winkel","item":"https:\/\/partsandpieces.nl\/winkel\/"},{"@type":"ListItem","position":3,"name":"Ladegreep Messing antiek met sleutelgat &#8216;Orient&#8217; 133x30mm"}]},{"@type":"WebSite","@id":"https:\/\/partsandpieces.nl\/#website","url":"https:\/\/partsandpieces.nl\/","name":"Teile &amp; St\u00fccke","description":"Alles f\u00fcr Ihre M\u00f6belrestaurierung und -pflege!","potentialAction":[{"@type":"SearchAction","target":{"@type":"EntryPoint","urlTemplate":"https:\/\/partsandpieces.nl\/?s={search_term_string}"},"query-input":{"@type":"PropertyValueSpecification","valueRequired":true,"valueName":"search_term_string"}}],"inLanguage":"de"}]}},"_links":{"self":[{"href":"https:\/\/partsandpieces.nl\/de\/wp-json\/wp\/v2\/product\/13862","targetHints":{"allow":["GET"]}}],"collection":[{"href":"https:\/\/partsandpieces.nl\/de\/wp-json\/wp\/v2\/product"}],"about":[{"href":"https:\/\/partsandpieces.nl\/de\/wp-json\/wp\/v2\/types\/product"}],"wp:featuredmedia":[{"embeddable":true,"href":"https:\/\/partsandpieces.nl\/de\/wp-json\/wp\/v2\/media\/7831"}],"wp:attachment":[{"href":"https:\/\/partsandpieces.nl\/de\/wp-json\/wp\/v2\/media?parent=13862"}],"wp:term":[{"taxonomy":"product_brand","embeddable":true,"href":"https:\/\/partsandpieces.nl\/de\/wp-json\/wp\/v2\/product_brand?post=13862"},{"taxonomy":"product_cat","embeddable":true,"href":"https:\/\/partsandpieces.nl\/de\/wp-json\/wp\/v2\/product_cat?post=13862"},{"taxonomy":"product_tag","embeddable":true,"href":"https:\/\/partsandpieces.nl\/de\/wp-json\/wp\/v2\/product_tag?post=13862"}],"curies":[{"name":"wp","href":"https:\/\/api.w.org\/{rel}","templated":true}]}}