{"id":140,"date":"2020-05-24T17:57:17","date_gmt":"2020-05-24T15:57:17","guid":{"rendered":"https:\/\/partsandpieces.bonsaidev.nl\/?product=borma-wachs-holz-2000-anti-houtworm-houtwormbestrijder-spuitbus-400ml"},"modified":"2026-03-19T21:14:45","modified_gmt":"2026-03-19T20:14:45","slug":"borma-wachs-holz-2000-holzwurm-pestizidspray-400-ml","status":"publish","type":"product","link":"https:\/\/partsandpieces.nl\/de\/product\/borma-wachs-holz-2000-houtworm-bestrijdingsmiddel-spray-400ml\/","title":{"rendered":"Borma Wachs Holz 2000 Holzwurmspray 400ml"},"content":{"rendered":"<p><strong>Holz 2000 Holzwurmspray<\/strong> von <a href=\"http:\/\/www.bormawachs.com\">Borma Wachs<\/a> wurde speziell f\u00fcr den Schutz unbehandelter Holzoberfl\u00e4chen vor Holzw\u00fcrmern und Bockk\u00e4fern entwickelt. Es t\u00f6tet unerw\u00fcnschte Holzw\u00fcrmer und Bockk\u00e4fer ab. Es ist eine Mischung aus reinen L\u00f6sungsmitteln und nahezu geruchlos. Sie k\u00f6nnen das Produkt anwenden, ohne dass die weiteren Veredelungsm\u00f6glichkeiten Ihrer Holzm\u00f6bel dadurch beeintr\u00e4chtigt werden. Tragen Sie bei Bedarf mehrere Schichten auf.<\/p>\n<p>ich habe auch <a href=\"https:\/\/partsandpieces.nl\/de\/produkt\/borma-wachs-holz-2000-holzwurm-pestizid\/\"><span style=\"text-decoration: underline;\">Holz 2000 Holzwurmpestizid in fl\u00fcssiger Form<\/span><\/a> auf Lager.<\/p>\n<p><strong>Warum Holzw\u00fcrmer und Bockk\u00e4fer bek\u00e4mpfen?<br \/>\n<\/strong>Holzw\u00fcrmer sind ein l\u00e4stiges Problem, das gro\u00dfe Sch\u00e4den an Holzkonstruktionen und M\u00f6beln verursachen kann. Es ist wichtig, Holzw\u00fcrmer zu erkennen, damit Sie schnell Ma\u00dfnahmen ergreifen k\u00f6nnen, um weitere Sch\u00e4den zu verhindern.<\/p>\n<p><strong>Wie funktioniert Borma Wachs Holz 2000 Holzwurm-Bek\u00e4mpfungsspray 400ml?<\/strong><br \/>\nBorma Wachs Holz 2000 Holzwurm-Bek\u00e4mpfungsspray 400 ml wirkt gegen Holzw\u00fcrmer und Bockk\u00e4fer. Da sich das Pestizid in einer Aerosoldose befindet, l\u00e4sst es sich leicht anwenden. Das Holzwurmbek\u00e4mpfungsmittel dringt tief in das Holz ein und t\u00f6tet die Larven und Eier des Holzwurms ab.<br \/>\nEs ist wichtig, das Pestizid sorgf\u00e4ltig und vorschriftsm\u00e4\u00dfig einzusetzen, damit es seine Wirkung effektiv entfalten kann und der Holzwurm dauerhaft ausgerottet wird.<\/p>\n<p><strong>Vorteile<br \/>\n<\/strong>Die Anwendung dieses Holzwurmbek\u00e4mpfungssprays hat viele Vorteile. Erstens bietet es eine <em><strong>wirksame Kontrolle<\/strong> <\/em>von Holzw\u00fcrmern, wodurch den l\u00e4stigen Tierchen schnell und wirkungsvoll der Garaus gemacht wird.<br \/>\nDar\u00fcber hinaus ist es ein Mittel <em><strong>einfach anzuwenden<\/strong><\/em> mit dieser Spraydose.<br \/>\nEin weiterer gro\u00dfer Vorteil ist der <em><strong>schnelle Bedienung<\/strong><\/em> gegen Holzw\u00fcrmer. Sobald das Pestizid ausgebracht ist, beginnt es sofort zu wirken und die Holzw\u00fcrmer werden schnell beseitigt. Dies tr\u00e4gt nicht nur dazu bei, weitere Sch\u00e4den am Holz zu verhindern, sondern sorgt auch daf\u00fcr, dass der Holzwurmbefall schnell unter Kontrolle ist.<br \/>\nDar\u00fcber hinaus bietet dieses Holzwurmbek\u00e4mpfungsspray <em><strong>langanhaltender Schutz<\/strong><\/em> gegen Holzw\u00fcrmer. Durch die regelm\u00e4\u00dfige Anwendung dieses Produkts k\u00f6nnen Sie einem erneuten Holzwurmbefall und einer Sch\u00e4digung Ihres Holzes in Zukunft vorbeugen. Dies stellt eine dauerhafte L\u00f6sung dar und sch\u00fctzt das Holz vor weiteren Sch\u00e4den.<\/p>\n<p><strong>Verwendung<br \/>\n<\/strong>Bei der Anwendung dieses Holzwurm-Bek\u00e4mpfungssprays ist es wichtig, die Anweisungen auf der Verpackung sorgf\u00e4ltig zu lesen. Darin wird genau beschrieben, wie Sie das Produkt anwenden und welche Vorsichtsma\u00dfnahmen Sie beachten sollten.<br \/>\nUm gegen Holzw\u00fcrmer wirksam zu sein, ist es wichtig, die richtige Dosierung einzuhalten. Dar\u00fcber hinaus ist es wichtig, das Produkt so auf die zu behandelnde Oberfl\u00e4che aufzutragen, dass alle Holzw\u00fcrmer erreicht werden.<br \/>\nNach der Anwendung des Pestizids ist es ratsam, den Bereich gut zu l\u00fcften und etwaige R\u00fcckst\u00e4nde des Pestizids gem\u00e4\u00df den Vorschriften zu entfernen. So k\u00f6nnen Sie Holzw\u00fcrmer sicher und effizient bek\u00e4mpfen.<\/p>\n<p><strong>Anweisungen<\/strong><br \/>\n\u2013 Spraydose vor Gebrauch einige Sekunden gut sch\u00fctteln<br \/>\n\u2013 Spr\u00fchen Sie eine ausreichende Menge Holzwurmbek\u00e4mpfungsmittel direkt auf die Oberfl\u00e4che in einem Abstand von ca. 25 cm<br \/>\n\u2013 Kleine Risse nach dem Auftragen von Holz 2000 mit verschlie\u00dfen <a href=\"https:\/\/partsandpieces.nl\/de\/produktkategorie-2\/oberflachenbehandlung-2\/weiche-wachsstabchen\/\"><span style=\"text-decoration: underline;\">weiche Stoppw\u00e4sche<\/span><\/a><br \/>\n\u2013 Bei Bedarf mehrere Schichten auftragen.<\/p>","protected":false},"excerpt":{"rendered":"<p>Holz 2000 Houtworm bestrijdingsmiddel spray van Borma Wachs is speciaal ontwikkeld voor de bescherming van onafgewerkte houten oppervlakken tegen houtworm en boktor. Het doodt ongewenste houtworm en boktor. Het is een mix van zuivere oplosmiddelen en het is vrijwel reukloos. Je kunt het middel aanbrengen zonder dat dit de verdere afwerkingsmogelijkheden van je houten meubel [&hellip;]<\/p>\n","protected":false},"featured_media":141,"template":"","meta":{"_acf_changed":false},"product_brand":[],"product_cat":[68,64],"product_tag":[],"class_list":{"0":"post-140","1":"product","2":"type-product","3":"status-publish","4":"has-post-thumbnail","6":"product_cat-houtworm-bestrijdingsmiddel","7":"product_cat-oppervlakte-behandeling-borma-wachs","9":"first","10":"instock","11":"taxable","12":"shipping-taxable","13":"purchasable","14":"product-type-simple"},"acf":[],"yoast_head":"<!-- This site is optimized with the Yoast SEO plugin v27.3 - https:\/\/yoast.com\/product\/yoast-seo-wordpress\/ -->\n<title>Houtworm bestrijdingsmiddel spray Holz 2000 van Borma Wachs<\/title>\n<meta name=\"description\" content=\"Holz 2000 Houtworm bestrijdingsmiddel spray van Borma Wachs is voor de bescherming van onafgewerkte houten oppervlakken tegen houtworm en boktor.\" \/>\n<meta name=\"robots\" content=\"index, follow, max-snippet:-1, max-image-preview:large, max-video-preview:-1\" \/>\n<link rel=\"canonical\" href=\"https:\/\/partsandpieces.nl\/de\/produkt\/borma-wachs-holz-2000-holzwurm-pestizidspray-400-ml\/\" \/>\n<meta property=\"og:locale\" content=\"de_DE\" \/>\n<meta property=\"og:type\" content=\"article\" \/>\n<meta property=\"og:title\" content=\"Houtworm bestrijdingsmiddel spray Holz 2000 van Borma Wachs\" \/>\n<meta property=\"og:description\" content=\"Holz 2000 Houtworm bestrijdingsmiddel spray van Borma Wachs is voor de bescherming van onafgewerkte houten oppervlakken tegen houtworm en boktor.\" \/>\n<meta property=\"og:url\" content=\"https:\/\/partsandpieces.nl\/de\/produkt\/borma-wachs-holz-2000-holzwurm-pestizidspray-400-ml\/\" \/>\n<meta property=\"og:site_name\" content=\"Parts &amp; Pieces\" \/>\n<meta property=\"article:modified_time\" content=\"2026-03-19T20:14:45+00:00\" \/>\n<meta property=\"og:image\" content=\"https:\/\/partsandpieces.nl\/wp-content\/uploads\/2022\/09\/anti_houtworm_spuitbus_holz2000.jpg\" \/>\n\t<meta property=\"og:image:width\" content=\"600\" \/>\n\t<meta property=\"og:image:height\" content=\"600\" \/>\n\t<meta property=\"og:image:type\" content=\"image\/jpeg\" \/>\n<meta name=\"twitter:card\" content=\"summary_large_image\" \/>\n<meta name=\"twitter:label1\" content=\"Gesch\u00e4tzte Lesezeit\" \/>\n\t<meta name=\"twitter:data1\" content=\"3\u00a0Minuten\" \/>\n<script type=\"application\/ld+json\" class=\"yoast-schema-graph\">{\"@context\":\"https:\\\/\\\/schema.org\",\"@graph\":[{\"@type\":\"WebPage\",\"@id\":\"https:\\\/\\\/partsandpieces.nl\\\/product\\\/borma-wachs-holz-2000-houtworm-bestrijdingsmiddel-spray-400ml\\\/\",\"url\":\"https:\\\/\\\/partsandpieces.nl\\\/product\\\/borma-wachs-holz-2000-houtworm-bestrijdingsmiddel-spray-400ml\\\/\",\"name\":\"Houtworm bestrijdingsmiddel spray Holz 2000 van Borma Wachs\",\"isPartOf\":{\"@id\":\"https:\\\/\\\/partsandpieces.nl\\\/#website\"},\"primaryImageOfPage\":{\"@id\":\"https:\\\/\\\/partsandpieces.nl\\\/product\\\/borma-wachs-holz-2000-houtworm-bestrijdingsmiddel-spray-400ml\\\/#primaryimage\"},\"image\":{\"@id\":\"https:\\\/\\\/partsandpieces.nl\\\/product\\\/borma-wachs-holz-2000-houtworm-bestrijdingsmiddel-spray-400ml\\\/#primaryimage\"},\"thumbnailUrl\":\"https:\\\/\\\/partsandpieces.nl\\\/wp-content\\\/uploads\\\/2022\\\/09\\\/anti_houtworm_spuitbus_holz2000.jpg\",\"datePublished\":\"2020-05-24T15:57:17+00:00\",\"dateModified\":\"2026-03-19T20:14:45+00:00\",\"description\":\"Holz 2000 Houtworm bestrijdingsmiddel spray van Borma Wachs is voor de bescherming van onafgewerkte houten oppervlakken tegen houtworm en boktor.\",\"breadcrumb\":{\"@id\":\"https:\\\/\\\/partsandpieces.nl\\\/product\\\/borma-wachs-holz-2000-houtworm-bestrijdingsmiddel-spray-400ml\\\/#breadcrumb\"},\"inLanguage\":\"de\",\"potentialAction\":[{\"@type\":\"ReadAction\",\"target\":[\"https:\\\/\\\/partsandpieces.nl\\\/product\\\/borma-wachs-holz-2000-houtworm-bestrijdingsmiddel-spray-400ml\\\/\"]}]},{\"@type\":\"ImageObject\",\"inLanguage\":\"de\",\"@id\":\"https:\\\/\\\/partsandpieces.nl\\\/product\\\/borma-wachs-holz-2000-houtworm-bestrijdingsmiddel-spray-400ml\\\/#primaryimage\",\"url\":\"https:\\\/\\\/partsandpieces.nl\\\/wp-content\\\/uploads\\\/2022\\\/09\\\/anti_houtworm_spuitbus_holz2000.jpg\",\"contentUrl\":\"https:\\\/\\\/partsandpieces.nl\\\/wp-content\\\/uploads\\\/2022\\\/09\\\/anti_houtworm_spuitbus_holz2000.jpg\",\"width\":600,\"height\":600},{\"@type\":\"BreadcrumbList\",\"@id\":\"https:\\\/\\\/partsandpieces.nl\\\/product\\\/borma-wachs-holz-2000-houtworm-bestrijdingsmiddel-spray-400ml\\\/#breadcrumb\",\"itemListElement\":[{\"@type\":\"ListItem\",\"position\":1,\"name\":\"Home\",\"item\":\"https:\\\/\\\/partsandpieces.nl\\\/home\\\/\"},{\"@type\":\"ListItem\",\"position\":2,\"name\":\"Winkel\",\"item\":\"https:\\\/\\\/partsandpieces.nl\\\/winkel\\\/\"},{\"@type\":\"ListItem\",\"position\":3,\"name\":\"Borma Wachs Holz 2000 Houtworm bestrijdingsmiddel spray 400ml\"}]},{\"@type\":\"WebSite\",\"@id\":\"https:\\\/\\\/partsandpieces.nl\\\/#website\",\"url\":\"https:\\\/\\\/partsandpieces.nl\\\/\",\"name\":\"Parts &amp; Pieces\",\"description\":\"Alles voor uw meubelrestauratie en -onderhoud!\",\"potentialAction\":[{\"@type\":\"SearchAction\",\"target\":{\"@type\":\"EntryPoint\",\"urlTemplate\":\"https:\\\/\\\/partsandpieces.nl\\\/?s={search_term_string}\"},\"query-input\":{\"@type\":\"PropertyValueSpecification\",\"valueRequired\":true,\"valueName\":\"search_term_string\"}}],\"inLanguage\":\"de\"}]}<\/script>\n<!-- \/ Yoast SEO plugin. -->","yoast_head_json":{"title":"Holzwurmspray Holz 2000 von Borma Wachs","description":"Holz 2000 Holzwurm-Pestizid-Spray von Borma Wachs dient zum Schutz von unbehandelten Holzoberfl\u00e4chen gegen Holzwurm und Bockk\u00e4fer.","robots":{"index":"index","follow":"follow","max-snippet":"max-snippet:-1","max-image-preview":"max-image-preview:large","max-video-preview":"max-video-preview:-1"},"canonical":"https:\/\/partsandpieces.nl\/de\/produkt\/borma-wachs-holz-2000-holzwurm-pestizidspray-400-ml\/","og_locale":"de_DE","og_type":"article","og_title":"Houtworm bestrijdingsmiddel spray Holz 2000 van Borma Wachs","og_description":"Holz 2000 Houtworm bestrijdingsmiddel spray van Borma Wachs is voor de bescherming van onafgewerkte houten oppervlakken tegen houtworm en boktor.","og_url":"https:\/\/partsandpieces.nl\/de\/produkt\/borma-wachs-holz-2000-holzwurm-pestizidspray-400-ml\/","og_site_name":"Parts &amp; Pieces","article_modified_time":"2026-03-19T20:14:45+00:00","og_image":[{"width":600,"height":600,"url":"https:\/\/partsandpieces.nl\/wp-content\/uploads\/2022\/09\/anti_houtworm_spuitbus_holz2000.jpg","type":"image\/jpeg"}],"twitter_card":"summary_large_image","twitter_misc":{"Gesch\u00e4tzte Lesezeit":"3\u00a0Minuten"},"schema":{"@context":"https:\/\/schema.org","@graph":[{"@type":"WebPage","@id":"https:\/\/partsandpieces.nl\/product\/borma-wachs-holz-2000-houtworm-bestrijdingsmiddel-spray-400ml\/","url":"https:\/\/partsandpieces.nl\/product\/borma-wachs-holz-2000-houtworm-bestrijdingsmiddel-spray-400ml\/","name":"Holzwurmspray Holz 2000 von Borma Wachs","isPartOf":{"@id":"https:\/\/partsandpieces.nl\/#website"},"primaryImageOfPage":{"@id":"https:\/\/partsandpieces.nl\/product\/borma-wachs-holz-2000-houtworm-bestrijdingsmiddel-spray-400ml\/#primaryimage"},"image":{"@id":"https:\/\/partsandpieces.nl\/product\/borma-wachs-holz-2000-houtworm-bestrijdingsmiddel-spray-400ml\/#primaryimage"},"thumbnailUrl":"https:\/\/partsandpieces.nl\/wp-content\/uploads\/2022\/09\/anti_houtworm_spuitbus_holz2000.jpg","datePublished":"2020-05-24T15:57:17+00:00","dateModified":"2026-03-19T20:14:45+00:00","description":"Holz 2000 Holzwurm-Pestizid-Spray von Borma Wachs dient zum Schutz von unbehandelten Holzoberfl\u00e4chen gegen Holzwurm und Bockk\u00e4fer.","breadcrumb":{"@id":"https:\/\/partsandpieces.nl\/product\/borma-wachs-holz-2000-houtworm-bestrijdingsmiddel-spray-400ml\/#breadcrumb"},"inLanguage":"de","potentialAction":[{"@type":"ReadAction","target":["https:\/\/partsandpieces.nl\/product\/borma-wachs-holz-2000-houtworm-bestrijdingsmiddel-spray-400ml\/"]}]},{"@type":"ImageObject","inLanguage":"de","@id":"https:\/\/partsandpieces.nl\/product\/borma-wachs-holz-2000-houtworm-bestrijdingsmiddel-spray-400ml\/#primaryimage","url":"https:\/\/partsandpieces.nl\/wp-content\/uploads\/2022\/09\/anti_houtworm_spuitbus_holz2000.jpg","contentUrl":"https:\/\/partsandpieces.nl\/wp-content\/uploads\/2022\/09\/anti_houtworm_spuitbus_holz2000.jpg","width":600,"height":600},{"@type":"BreadcrumbList","@id":"https:\/\/partsandpieces.nl\/product\/borma-wachs-holz-2000-houtworm-bestrijdingsmiddel-spray-400ml\/#breadcrumb","itemListElement":[{"@type":"ListItem","position":1,"name":"Home","item":"https:\/\/partsandpieces.nl\/home\/"},{"@type":"ListItem","position":2,"name":"Winkel","item":"https:\/\/partsandpieces.nl\/winkel\/"},{"@type":"ListItem","position":3,"name":"Borma Wachs Holz 2000 Houtworm bestrijdingsmiddel spray 400ml"}]},{"@type":"WebSite","@id":"https:\/\/partsandpieces.nl\/#website","url":"https:\/\/partsandpieces.nl\/","name":"Teile &amp; St\u00fccke","description":"Alles f\u00fcr Ihre M\u00f6belrestaurierung und -pflege!","potentialAction":[{"@type":"SearchAction","target":{"@type":"EntryPoint","urlTemplate":"https:\/\/partsandpieces.nl\/?s={search_term_string}"},"query-input":{"@type":"PropertyValueSpecification","valueRequired":true,"valueName":"search_term_string"}}],"inLanguage":"de"}]}},"_links":{"self":[{"href":"https:\/\/partsandpieces.nl\/de\/wp-json\/wp\/v2\/product\/140","targetHints":{"allow":["GET"]}}],"collection":[{"href":"https:\/\/partsandpieces.nl\/de\/wp-json\/wp\/v2\/product"}],"about":[{"href":"https:\/\/partsandpieces.nl\/de\/wp-json\/wp\/v2\/types\/product"}],"wp:featuredmedia":[{"embeddable":true,"href":"https:\/\/partsandpieces.nl\/de\/wp-json\/wp\/v2\/media\/141"}],"wp:attachment":[{"href":"https:\/\/partsandpieces.nl\/de\/wp-json\/wp\/v2\/media?parent=140"}],"wp:term":[{"taxonomy":"product_brand","embeddable":true,"href":"https:\/\/partsandpieces.nl\/de\/wp-json\/wp\/v2\/product_brand?post=140"},{"taxonomy":"product_cat","embeddable":true,"href":"https:\/\/partsandpieces.nl\/de\/wp-json\/wp\/v2\/product_cat?post=140"},{"taxonomy":"product_tag","embeddable":true,"href":"https:\/\/partsandpieces.nl\/de\/wp-json\/wp\/v2\/product_tag?post=140"}],"curies":[{"name":"wp","href":"https:\/\/api.w.org\/{rel}","templated":true}]}}