{"id":1404,"date":"2020-08-05T19:58:30","date_gmt":"2020-08-05T19:58:30","guid":{"rendered":"https:\/\/partsandpieces.bonsaidev.nl\/?product=kun-sleutelplaat-10134"},"modified":"2025-12-29T18:28:25","modified_gmt":"2025-12-29T17:28:25","slug":"schlusselplatte-messing-glanzend-horizontal-100mm","status":"publish","type":"product","link":"https:\/\/partsandpieces.nl\/de\/product\/sleutelplaat-messing-glanzend-horizontaal-100mm\/","title":{"rendered":"Schl\u00fcsselplatte Messing gl\u00e4nzend horizontal 100mm"},"content":{"rendered":"<p><strong>Schl\u00fcsselplatte Messing gl\u00e4nzend horizontal 100mm<\/strong>\u00a0ist ein wundersch\u00f6n gearbeitetes Schl\u00fcsselschild f\u00fcr M\u00f6belt\u00fcren. Die Schl\u00fcsselplatte hat eine gl\u00e4nzende Messingoberfl\u00e4che.<\/p>\n<p>Ich habe dieses Schl\u00fcsselschild in: <a href=\"https:\/\/partsandpieces.nl\/de\/produkt\/schlusselplatte-bronze-antik-horizontal-100mm\/\"><span style=\"text-decoration: underline;\">Antike Bronze horizontal<\/span><\/a>, <a href=\"https:\/\/partsandpieces.nl\/de\/produkt\/schlusselplatte-bronze-antik-vertikal-100mm\/\"><span style=\"text-decoration: underline;\">Antike Bronze vertikal<\/span><\/a>, <a href=\"https:\/\/partsandpieces.nl\/de\/produkt\/schlusselplatte-messing-glanzend-horizontal-100mm\/\"><span style=\"text-decoration: underline;\">Messing gl\u00e4nzend horizontal<\/span><\/a> und <a href=\"https:\/\/partsandpieces.nl\/de\/produkt\/schlusselplatte-messing-glanzend-vertikal-100mm\/\"><span style=\"text-decoration: underline;\">Messing gl\u00e4nzend vertikal<\/span><\/a>.<\/p>\n<p><strong>Ma\u00dfe<br \/>\n<\/strong>Das Schl\u00fcsselschild Messing gl\u00e4nzend horizontal 100mm hat eine Breite von 100mm und eine H\u00f6he von 33mm.<\/p>\n<p><strong>Bearbeiten<br \/>\n<\/strong>Sie montieren diese Schl\u00fcsselplatte mit 2 Schrauben oder N\u00e4geln. Ich werde dies NICHT liefern.<\/p>","protected":false},"excerpt":{"rendered":"<p>Sleutelplaat Messing glanzend horizontaal 100mm\u00a0is een mooi bewerkte sleutelplaat voor meubeldeurtjes. De sleutelplaat heeft een glanzend messing afwerking. Ik heb deze sleutelplaat in: Antiek brons horizontaal, Antiek brons verticaal, Messing glanzend horizontaal en Messing glanzend verticaal. Afmetingen De Sleutelplaat Messing glanzend horizontaal 100mm heeft een breedte van 100mm en een hoogte van 33mm. Montage Je [&hellip;]<\/p>\n","protected":false},"featured_media":5204,"template":"","meta":{"_acf_changed":false},"product_brand":[],"product_cat":[23,48],"product_tag":[],"class_list":{"0":"post-1404","1":"product","2":"type-product","3":"status-publish","4":"has-post-thumbnail","6":"product_cat-meubelbeslag","7":"product_cat-sleutelplaten","9":"first","10":"instock","11":"taxable","12":"shipping-taxable","13":"purchasable","14":"product-type-simple"},"acf":[],"yoast_head":"<!-- This site is optimized with the Yoast SEO plugin v27.3 - https:\/\/yoast.com\/product\/yoast-seo-wordpress\/ -->\n<title>Sleutelplaat Messing horizontaal 100mm<\/title>\n<meta name=\"description\" content=\"Sleutelplaat Messing glanzend horizontaal 100mm\u00a0is een mooi bewerkte sleutelplaat voor meubeldeurtjes. De sleutelplaat heeft een glanzend messing afwerking.\" \/>\n<meta name=\"robots\" content=\"index, follow, max-snippet:-1, max-image-preview:large, max-video-preview:-1\" \/>\n<link rel=\"canonical\" href=\"https:\/\/partsandpieces.nl\/de\/produkt\/schlusselplatte-messing-glanzend-horizontal-100mm\/\" \/>\n<meta property=\"og:locale\" content=\"de_DE\" \/>\n<meta property=\"og:type\" content=\"article\" \/>\n<meta property=\"og:title\" content=\"Sleutelplaat Messing horizontaal 100mm\" \/>\n<meta property=\"og:description\" content=\"Sleutelplaat Messing glanzend horizontaal 100mm\u00a0is een mooi bewerkte sleutelplaat voor meubeldeurtjes. De sleutelplaat heeft een glanzend messing afwerking.\" \/>\n<meta property=\"og:url\" content=\"https:\/\/partsandpieces.nl\/de\/produkt\/schlusselplatte-messing-glanzend-horizontal-100mm\/\" \/>\n<meta property=\"og:site_name\" content=\"Parts &amp; Pieces\" \/>\n<meta property=\"article:modified_time\" content=\"2025-12-29T17:28:25+00:00\" \/>\n<meta property=\"og:image\" content=\"https:\/\/partsandpieces.nl\/wp-content\/uploads\/2020\/08\/Sleutelplaat-Messing-glanzend-horizontaal-100mm.jpg\" \/>\n\t<meta property=\"og:image:width\" content=\"480\" \/>\n\t<meta property=\"og:image:height\" content=\"480\" \/>\n\t<meta property=\"og:image:type\" content=\"image\/jpeg\" \/>\n<meta name=\"twitter:card\" content=\"summary_large_image\" \/>\n<meta name=\"twitter:label1\" content=\"Gesch\u00e4tzte Lesezeit\" \/>\n\t<meta name=\"twitter:data1\" content=\"1\u00a0Minute\" \/>\n<script type=\"application\/ld+json\" class=\"yoast-schema-graph\">{\"@context\":\"https:\\\/\\\/schema.org\",\"@graph\":[{\"@type\":\"WebPage\",\"@id\":\"https:\\\/\\\/partsandpieces.nl\\\/product\\\/sleutelplaat-messing-glanzend-horizontaal-100mm\\\/\",\"url\":\"https:\\\/\\\/partsandpieces.nl\\\/product\\\/sleutelplaat-messing-glanzend-horizontaal-100mm\\\/\",\"name\":\"Sleutelplaat Messing horizontaal 100mm\",\"isPartOf\":{\"@id\":\"https:\\\/\\\/partsandpieces.nl\\\/#website\"},\"primaryImageOfPage\":{\"@id\":\"https:\\\/\\\/partsandpieces.nl\\\/product\\\/sleutelplaat-messing-glanzend-horizontaal-100mm\\\/#primaryimage\"},\"image\":{\"@id\":\"https:\\\/\\\/partsandpieces.nl\\\/product\\\/sleutelplaat-messing-glanzend-horizontaal-100mm\\\/#primaryimage\"},\"thumbnailUrl\":\"https:\\\/\\\/partsandpieces.nl\\\/wp-content\\\/uploads\\\/2020\\\/08\\\/Sleutelplaat-Messing-glanzend-horizontaal-100mm.jpg\",\"datePublished\":\"2020-08-05T19:58:30+00:00\",\"dateModified\":\"2025-12-29T17:28:25+00:00\",\"description\":\"Sleutelplaat Messing glanzend horizontaal 100mm\u00a0is een mooi bewerkte sleutelplaat voor meubeldeurtjes. De sleutelplaat heeft een glanzend messing afwerking.\",\"breadcrumb\":{\"@id\":\"https:\\\/\\\/partsandpieces.nl\\\/product\\\/sleutelplaat-messing-glanzend-horizontaal-100mm\\\/#breadcrumb\"},\"inLanguage\":\"de\",\"potentialAction\":[{\"@type\":\"ReadAction\",\"target\":[\"https:\\\/\\\/partsandpieces.nl\\\/product\\\/sleutelplaat-messing-glanzend-horizontaal-100mm\\\/\"]}]},{\"@type\":\"ImageObject\",\"inLanguage\":\"de\",\"@id\":\"https:\\\/\\\/partsandpieces.nl\\\/product\\\/sleutelplaat-messing-glanzend-horizontaal-100mm\\\/#primaryimage\",\"url\":\"https:\\\/\\\/partsandpieces.nl\\\/wp-content\\\/uploads\\\/2020\\\/08\\\/Sleutelplaat-Messing-glanzend-horizontaal-100mm.jpg\",\"contentUrl\":\"https:\\\/\\\/partsandpieces.nl\\\/wp-content\\\/uploads\\\/2020\\\/08\\\/Sleutelplaat-Messing-glanzend-horizontaal-100mm.jpg\",\"width\":480,\"height\":480,\"caption\":\"Sleutelplaat Messing glanzend horizontaal 100mm\"},{\"@type\":\"BreadcrumbList\",\"@id\":\"https:\\\/\\\/partsandpieces.nl\\\/product\\\/sleutelplaat-messing-glanzend-horizontaal-100mm\\\/#breadcrumb\",\"itemListElement\":[{\"@type\":\"ListItem\",\"position\":1,\"name\":\"Home\",\"item\":\"https:\\\/\\\/partsandpieces.nl\\\/home\\\/\"},{\"@type\":\"ListItem\",\"position\":2,\"name\":\"Winkel\",\"item\":\"https:\\\/\\\/partsandpieces.nl\\\/winkel\\\/\"},{\"@type\":\"ListItem\",\"position\":3,\"name\":\"Sleutelplaat Messing glanzend horizontaal 100mm\"}]},{\"@type\":\"WebSite\",\"@id\":\"https:\\\/\\\/partsandpieces.nl\\\/#website\",\"url\":\"https:\\\/\\\/partsandpieces.nl\\\/\",\"name\":\"Parts &amp; Pieces\",\"description\":\"Alles voor uw meubelrestauratie en -onderhoud!\",\"potentialAction\":[{\"@type\":\"SearchAction\",\"target\":{\"@type\":\"EntryPoint\",\"urlTemplate\":\"https:\\\/\\\/partsandpieces.nl\\\/?s={search_term_string}\"},\"query-input\":{\"@type\":\"PropertyValueSpecification\",\"valueRequired\":true,\"valueName\":\"search_term_string\"}}],\"inLanguage\":\"de\"}]}<\/script>\n<!-- \/ Yoast SEO plugin. -->","yoast_head_json":{"title":"Schl\u00fcsselplatte Messing horizontal 100mm","description":"Schl\u00fcsselschild Messing gl\u00e4nzend horizontal 100 mm ist ein wundersch\u00f6n gearbeitetes Schl\u00fcsselschild f\u00fcr M\u00f6belt\u00fcren. Die Schl\u00fcsselplatte hat eine gl\u00e4nzende Messingoberfl\u00e4che.","robots":{"index":"index","follow":"follow","max-snippet":"max-snippet:-1","max-image-preview":"max-image-preview:large","max-video-preview":"max-video-preview:-1"},"canonical":"https:\/\/partsandpieces.nl\/de\/produkt\/schlusselplatte-messing-glanzend-horizontal-100mm\/","og_locale":"de_DE","og_type":"article","og_title":"Sleutelplaat Messing horizontaal 100mm","og_description":"Sleutelplaat Messing glanzend horizontaal 100mm\u00a0is een mooi bewerkte sleutelplaat voor meubeldeurtjes. De sleutelplaat heeft een glanzend messing afwerking.","og_url":"https:\/\/partsandpieces.nl\/de\/produkt\/schlusselplatte-messing-glanzend-horizontal-100mm\/","og_site_name":"Parts &amp; Pieces","article_modified_time":"2025-12-29T17:28:25+00:00","og_image":[{"width":480,"height":480,"url":"https:\/\/partsandpieces.nl\/wp-content\/uploads\/2020\/08\/Sleutelplaat-Messing-glanzend-horizontaal-100mm.jpg","type":"image\/jpeg"}],"twitter_card":"summary_large_image","twitter_misc":{"Gesch\u00e4tzte Lesezeit":"1\u00a0Minute"},"schema":{"@context":"https:\/\/schema.org","@graph":[{"@type":"WebPage","@id":"https:\/\/partsandpieces.nl\/product\/sleutelplaat-messing-glanzend-horizontaal-100mm\/","url":"https:\/\/partsandpieces.nl\/product\/sleutelplaat-messing-glanzend-horizontaal-100mm\/","name":"Schl\u00fcsselplatte Messing horizontal 100mm","isPartOf":{"@id":"https:\/\/partsandpieces.nl\/#website"},"primaryImageOfPage":{"@id":"https:\/\/partsandpieces.nl\/product\/sleutelplaat-messing-glanzend-horizontaal-100mm\/#primaryimage"},"image":{"@id":"https:\/\/partsandpieces.nl\/product\/sleutelplaat-messing-glanzend-horizontaal-100mm\/#primaryimage"},"thumbnailUrl":"https:\/\/partsandpieces.nl\/wp-content\/uploads\/2020\/08\/Sleutelplaat-Messing-glanzend-horizontaal-100mm.jpg","datePublished":"2020-08-05T19:58:30+00:00","dateModified":"2025-12-29T17:28:25+00:00","description":"Schl\u00fcsselschild Messing gl\u00e4nzend horizontal 100 mm ist ein wundersch\u00f6n gearbeitetes Schl\u00fcsselschild f\u00fcr M\u00f6belt\u00fcren. Die Schl\u00fcsselplatte hat eine gl\u00e4nzende Messingoberfl\u00e4che.","breadcrumb":{"@id":"https:\/\/partsandpieces.nl\/product\/sleutelplaat-messing-glanzend-horizontaal-100mm\/#breadcrumb"},"inLanguage":"de","potentialAction":[{"@type":"ReadAction","target":["https:\/\/partsandpieces.nl\/product\/sleutelplaat-messing-glanzend-horizontaal-100mm\/"]}]},{"@type":"ImageObject","inLanguage":"de","@id":"https:\/\/partsandpieces.nl\/product\/sleutelplaat-messing-glanzend-horizontaal-100mm\/#primaryimage","url":"https:\/\/partsandpieces.nl\/wp-content\/uploads\/2020\/08\/Sleutelplaat-Messing-glanzend-horizontaal-100mm.jpg","contentUrl":"https:\/\/partsandpieces.nl\/wp-content\/uploads\/2020\/08\/Sleutelplaat-Messing-glanzend-horizontaal-100mm.jpg","width":480,"height":480,"caption":"Sleutelplaat Messing glanzend horizontaal 100mm"},{"@type":"BreadcrumbList","@id":"https:\/\/partsandpieces.nl\/product\/sleutelplaat-messing-glanzend-horizontaal-100mm\/#breadcrumb","itemListElement":[{"@type":"ListItem","position":1,"name":"Home","item":"https:\/\/partsandpieces.nl\/home\/"},{"@type":"ListItem","position":2,"name":"Winkel","item":"https:\/\/partsandpieces.nl\/winkel\/"},{"@type":"ListItem","position":3,"name":"Sleutelplaat Messing glanzend horizontaal 100mm"}]},{"@type":"WebSite","@id":"https:\/\/partsandpieces.nl\/#website","url":"https:\/\/partsandpieces.nl\/","name":"Teile &amp; St\u00fccke","description":"Alles f\u00fcr Ihre M\u00f6belrestaurierung und -pflege!","potentialAction":[{"@type":"SearchAction","target":{"@type":"EntryPoint","urlTemplate":"https:\/\/partsandpieces.nl\/?s={search_term_string}"},"query-input":{"@type":"PropertyValueSpecification","valueRequired":true,"valueName":"search_term_string"}}],"inLanguage":"de"}]}},"_links":{"self":[{"href":"https:\/\/partsandpieces.nl\/de\/wp-json\/wp\/v2\/product\/1404","targetHints":{"allow":["GET"]}}],"collection":[{"href":"https:\/\/partsandpieces.nl\/de\/wp-json\/wp\/v2\/product"}],"about":[{"href":"https:\/\/partsandpieces.nl\/de\/wp-json\/wp\/v2\/types\/product"}],"wp:featuredmedia":[{"embeddable":true,"href":"https:\/\/partsandpieces.nl\/de\/wp-json\/wp\/v2\/media\/5204"}],"wp:attachment":[{"href":"https:\/\/partsandpieces.nl\/de\/wp-json\/wp\/v2\/media?parent=1404"}],"wp:term":[{"taxonomy":"product_brand","embeddable":true,"href":"https:\/\/partsandpieces.nl\/de\/wp-json\/wp\/v2\/product_brand?post=1404"},{"taxonomy":"product_cat","embeddable":true,"href":"https:\/\/partsandpieces.nl\/de\/wp-json\/wp\/v2\/product_cat?post=1404"},{"taxonomy":"product_tag","embeddable":true,"href":"https:\/\/partsandpieces.nl\/de\/wp-json\/wp\/v2\/product_tag?post=1404"}],"curies":[{"name":"wp","href":"https:\/\/api.w.org\/{rel}","templated":true}]}}