{"id":1406,"date":"2020-08-05T20:01:12","date_gmt":"2020-08-05T20:01:12","guid":{"rendered":"https:\/\/partsandpieces.bonsaidev.nl\/?product=ladetrekker-messing-101x34mm"},"modified":"2025-01-24T17:37:06","modified_gmt":"2025-01-24T16:37:06","slug":"schubladengriff-aus-messing-glanzend-horizontal-mit-schlusselloch-100-mm","status":"publish","type":"product","link":"https:\/\/partsandpieces.nl\/de\/product\/ladegreep-messing-glanzend-horizontaal-met-sleutelgat-100mm\/","title":{"rendered":"Schubladengriff, gl\u00e4nzendes Messing, horizontal mit Schl\u00fcsselloch 100 mm"},"content":{"rendered":"<p><strong>Schubladengriff, gl\u00e4nzendes Messing, horizontal mit Schl\u00fcsselloch 100 mm<\/strong> ist ein wundersch\u00f6ner, handgefertigter Schubladengriff f\u00fcr M\u00f6belschubladen. Der Schubladengriff hat eine gl\u00e4nzende Messingoberfl\u00e4che.<\/p>\n<p><strong>Ma\u00dfe<br \/>\n<\/strong>Schubladengriff aus gl\u00e4nzendem Messing, horizontal mit Schl\u00fcsselloch 100 mm, hat eine Breite von 100 mm und eine H\u00f6he von 34 mm. Das Schl\u00fcsselloch ist 16 mm hoch.<\/p>\n<p><strong>Bearbeiten<br \/>\n<\/strong>Sie k\u00f6nnen den Griff mit 2 kleinen Schrauben blind montieren. Ich werde diese Schrauben NICHT mit Ihrer Bestellung verschicken.<\/p>","protected":false},"excerpt":{"rendered":"<p>Ladegreep Messing glanzend horizontaal met sleutelgat 100mm is een mooie, bewerkte ladegreep voor meubellades. De ladegreep heeft een glanzende messing afwerking. Afmetingen Ladegreep Messing glanzend horizontaal met sleutelgat 100mm heeft een breedte van 100mm en een hoogte van 34mm. Het sleutelgat is 16mm hoog. Montage Je kunt de greep blind monteren met 2 kleine schroefjes. [&hellip;]<\/p>\n","protected":false},"featured_media":7800,"template":"","meta":{"_acf_changed":false},"product_brand":[],"product_cat":[41,23,48],"product_tag":[],"class_list":{"0":"post-1406","1":"product","2":"type-product","3":"status-publish","4":"has-post-thumbnail","6":"product_cat-ladetrekkers","7":"product_cat-meubelbeslag","8":"product_cat-sleutelplaten","10":"first","11":"instock","12":"taxable","13":"shipping-taxable","14":"purchasable","15":"product-type-simple"},"acf":[],"yoast_head":"<!-- This site is optimized with the Yoast SEO plugin v27.3 - https:\/\/yoast.com\/product\/yoast-seo-wordpress\/ -->\n<title>Ladegreep Messing horizontaal met sleutelgat 100mm glanzend<\/title>\n<meta name=\"description\" content=\"Ladegreep Messing glanzend horizontaal met sleutelgat 100mm is een mooie, bewerkte ladegreep voor meubellades. Heeft een glanzende messing afwerking.\" \/>\n<meta name=\"robots\" content=\"index, follow, max-snippet:-1, max-image-preview:large, max-video-preview:-1\" \/>\n<link rel=\"canonical\" href=\"https:\/\/partsandpieces.nl\/de\/produkt\/schubladengriff-aus-messing-glanzend-horizontal-mit-schlusselloch-100-mm\/\" \/>\n<meta property=\"og:locale\" content=\"de_DE\" \/>\n<meta property=\"og:type\" content=\"article\" \/>\n<meta property=\"og:title\" content=\"Ladegreep Messing horizontaal met sleutelgat 100mm glanzend\" \/>\n<meta property=\"og:description\" content=\"Ladegreep Messing glanzend horizontaal met sleutelgat 100mm is een mooie, bewerkte ladegreep voor meubellades. Heeft een glanzende messing afwerking.\" \/>\n<meta property=\"og:url\" content=\"https:\/\/partsandpieces.nl\/de\/produkt\/schubladengriff-aus-messing-glanzend-horizontal-mit-schlusselloch-100-mm\/\" \/>\n<meta property=\"og:site_name\" content=\"Parts &amp; Pieces\" \/>\n<meta property=\"article:modified_time\" content=\"2025-01-24T16:37:06+00:00\" \/>\n<meta property=\"og:image\" content=\"https:\/\/partsandpieces.nl\/wp-content\/uploads\/2020\/08\/Ladegreep-Messing-glanzend-horizontaal-met-sleutelgat-100mm.jpg\" \/>\n\t<meta property=\"og:image:width\" content=\"424\" \/>\n\t<meta property=\"og:image:height\" content=\"422\" \/>\n\t<meta property=\"og:image:type\" content=\"image\/jpeg\" \/>\n<meta name=\"twitter:card\" content=\"summary_large_image\" \/>\n<meta name=\"twitter:label1\" content=\"Gesch\u00e4tzte Lesezeit\" \/>\n\t<meta name=\"twitter:data1\" content=\"1\u00a0Minute\" \/>\n<script type=\"application\/ld+json\" class=\"yoast-schema-graph\">{\"@context\":\"https:\\\/\\\/schema.org\",\"@graph\":[{\"@type\":\"WebPage\",\"@id\":\"https:\\\/\\\/partsandpieces.nl\\\/product\\\/ladegreep-messing-glanzend-horizontaal-met-sleutelgat-100mm\\\/\",\"url\":\"https:\\\/\\\/partsandpieces.nl\\\/product\\\/ladegreep-messing-glanzend-horizontaal-met-sleutelgat-100mm\\\/\",\"name\":\"Ladegreep Messing horizontaal met sleutelgat 100mm glanzend\",\"isPartOf\":{\"@id\":\"https:\\\/\\\/partsandpieces.nl\\\/#website\"},\"primaryImageOfPage\":{\"@id\":\"https:\\\/\\\/partsandpieces.nl\\\/product\\\/ladegreep-messing-glanzend-horizontaal-met-sleutelgat-100mm\\\/#primaryimage\"},\"image\":{\"@id\":\"https:\\\/\\\/partsandpieces.nl\\\/product\\\/ladegreep-messing-glanzend-horizontaal-met-sleutelgat-100mm\\\/#primaryimage\"},\"thumbnailUrl\":\"https:\\\/\\\/partsandpieces.nl\\\/wp-content\\\/uploads\\\/2020\\\/08\\\/Ladegreep-Messing-glanzend-horizontaal-met-sleutelgat-100mm.jpg\",\"datePublished\":\"2020-08-05T20:01:12+00:00\",\"dateModified\":\"2025-01-24T16:37:06+00:00\",\"description\":\"Ladegreep Messing glanzend horizontaal met sleutelgat 100mm is een mooie, bewerkte ladegreep voor meubellades. Heeft een glanzende messing afwerking.\",\"breadcrumb\":{\"@id\":\"https:\\\/\\\/partsandpieces.nl\\\/product\\\/ladegreep-messing-glanzend-horizontaal-met-sleutelgat-100mm\\\/#breadcrumb\"},\"inLanguage\":\"de\",\"potentialAction\":[{\"@type\":\"ReadAction\",\"target\":[\"https:\\\/\\\/partsandpieces.nl\\\/product\\\/ladegreep-messing-glanzend-horizontaal-met-sleutelgat-100mm\\\/\"]}]},{\"@type\":\"ImageObject\",\"inLanguage\":\"de\",\"@id\":\"https:\\\/\\\/partsandpieces.nl\\\/product\\\/ladegreep-messing-glanzend-horizontaal-met-sleutelgat-100mm\\\/#primaryimage\",\"url\":\"https:\\\/\\\/partsandpieces.nl\\\/wp-content\\\/uploads\\\/2020\\\/08\\\/Ladegreep-Messing-glanzend-horizontaal-met-sleutelgat-100mm.jpg\",\"contentUrl\":\"https:\\\/\\\/partsandpieces.nl\\\/wp-content\\\/uploads\\\/2020\\\/08\\\/Ladegreep-Messing-glanzend-horizontaal-met-sleutelgat-100mm.jpg\",\"width\":424,\"height\":422,\"caption\":\"Ladegreep Messing glanzend horizontaal met sleutelgat 100mm\"},{\"@type\":\"BreadcrumbList\",\"@id\":\"https:\\\/\\\/partsandpieces.nl\\\/product\\\/ladegreep-messing-glanzend-horizontaal-met-sleutelgat-100mm\\\/#breadcrumb\",\"itemListElement\":[{\"@type\":\"ListItem\",\"position\":1,\"name\":\"Home\",\"item\":\"https:\\\/\\\/partsandpieces.nl\\\/home\\\/\"},{\"@type\":\"ListItem\",\"position\":2,\"name\":\"Winkel\",\"item\":\"https:\\\/\\\/partsandpieces.nl\\\/winkel\\\/\"},{\"@type\":\"ListItem\",\"position\":3,\"name\":\"Ladegreep Messing glanzend horizontaal met sleutelgat 100mm\"}]},{\"@type\":\"WebSite\",\"@id\":\"https:\\\/\\\/partsandpieces.nl\\\/#website\",\"url\":\"https:\\\/\\\/partsandpieces.nl\\\/\",\"name\":\"Parts &amp; Pieces\",\"description\":\"Alles voor uw meubelrestauratie en -onderhoud!\",\"potentialAction\":[{\"@type\":\"SearchAction\",\"target\":{\"@type\":\"EntryPoint\",\"urlTemplate\":\"https:\\\/\\\/partsandpieces.nl\\\/?s={search_term_string}\"},\"query-input\":{\"@type\":\"PropertyValueSpecification\",\"valueRequired\":true,\"valueName\":\"search_term_string\"}}],\"inLanguage\":\"de\"}]}<\/script>\n<!-- \/ Yoast SEO plugin. -->","yoast_head_json":{"title":"Schubladengriff Messing horizontal mit Schl\u00fcsselloch 100mm gl\u00e4nzend","description":"Schubladengriff Messing gl\u00e4nzend horizontal mit Schl\u00fcsselloch 100 mm ist ein wundersch\u00f6ner, handgefertigter Schubladengriff f\u00fcr M\u00f6belschubladen. Hat eine gl\u00e4nzende Messingoberfl\u00e4che.","robots":{"index":"index","follow":"follow","max-snippet":"max-snippet:-1","max-image-preview":"max-image-preview:large","max-video-preview":"max-video-preview:-1"},"canonical":"https:\/\/partsandpieces.nl\/de\/produkt\/schubladengriff-aus-messing-glanzend-horizontal-mit-schlusselloch-100-mm\/","og_locale":"de_DE","og_type":"article","og_title":"Ladegreep Messing horizontaal met sleutelgat 100mm glanzend","og_description":"Ladegreep Messing glanzend horizontaal met sleutelgat 100mm is een mooie, bewerkte ladegreep voor meubellades. Heeft een glanzende messing afwerking.","og_url":"https:\/\/partsandpieces.nl\/de\/produkt\/schubladengriff-aus-messing-glanzend-horizontal-mit-schlusselloch-100-mm\/","og_site_name":"Parts &amp; Pieces","article_modified_time":"2025-01-24T16:37:06+00:00","og_image":[{"width":424,"height":422,"url":"https:\/\/partsandpieces.nl\/wp-content\/uploads\/2020\/08\/Ladegreep-Messing-glanzend-horizontaal-met-sleutelgat-100mm.jpg","type":"image\/jpeg"}],"twitter_card":"summary_large_image","twitter_misc":{"Gesch\u00e4tzte Lesezeit":"1\u00a0Minute"},"schema":{"@context":"https:\/\/schema.org","@graph":[{"@type":"WebPage","@id":"https:\/\/partsandpieces.nl\/product\/ladegreep-messing-glanzend-horizontaal-met-sleutelgat-100mm\/","url":"https:\/\/partsandpieces.nl\/product\/ladegreep-messing-glanzend-horizontaal-met-sleutelgat-100mm\/","name":"Schubladengriff Messing horizontal mit Schl\u00fcsselloch 100mm gl\u00e4nzend","isPartOf":{"@id":"https:\/\/partsandpieces.nl\/#website"},"primaryImageOfPage":{"@id":"https:\/\/partsandpieces.nl\/product\/ladegreep-messing-glanzend-horizontaal-met-sleutelgat-100mm\/#primaryimage"},"image":{"@id":"https:\/\/partsandpieces.nl\/product\/ladegreep-messing-glanzend-horizontaal-met-sleutelgat-100mm\/#primaryimage"},"thumbnailUrl":"https:\/\/partsandpieces.nl\/wp-content\/uploads\/2020\/08\/Ladegreep-Messing-glanzend-horizontaal-met-sleutelgat-100mm.jpg","datePublished":"2020-08-05T20:01:12+00:00","dateModified":"2025-01-24T16:37:06+00:00","description":"Schubladengriff Messing gl\u00e4nzend horizontal mit Schl\u00fcsselloch 100 mm ist ein wundersch\u00f6ner, handgefertigter Schubladengriff f\u00fcr M\u00f6belschubladen. Hat eine gl\u00e4nzende Messingoberfl\u00e4che.","breadcrumb":{"@id":"https:\/\/partsandpieces.nl\/product\/ladegreep-messing-glanzend-horizontaal-met-sleutelgat-100mm\/#breadcrumb"},"inLanguage":"de","potentialAction":[{"@type":"ReadAction","target":["https:\/\/partsandpieces.nl\/product\/ladegreep-messing-glanzend-horizontaal-met-sleutelgat-100mm\/"]}]},{"@type":"ImageObject","inLanguage":"de","@id":"https:\/\/partsandpieces.nl\/product\/ladegreep-messing-glanzend-horizontaal-met-sleutelgat-100mm\/#primaryimage","url":"https:\/\/partsandpieces.nl\/wp-content\/uploads\/2020\/08\/Ladegreep-Messing-glanzend-horizontaal-met-sleutelgat-100mm.jpg","contentUrl":"https:\/\/partsandpieces.nl\/wp-content\/uploads\/2020\/08\/Ladegreep-Messing-glanzend-horizontaal-met-sleutelgat-100mm.jpg","width":424,"height":422,"caption":"Ladegreep Messing glanzend horizontaal met sleutelgat 100mm"},{"@type":"BreadcrumbList","@id":"https:\/\/partsandpieces.nl\/product\/ladegreep-messing-glanzend-horizontaal-met-sleutelgat-100mm\/#breadcrumb","itemListElement":[{"@type":"ListItem","position":1,"name":"Home","item":"https:\/\/partsandpieces.nl\/home\/"},{"@type":"ListItem","position":2,"name":"Winkel","item":"https:\/\/partsandpieces.nl\/winkel\/"},{"@type":"ListItem","position":3,"name":"Ladegreep Messing glanzend horizontaal met sleutelgat 100mm"}]},{"@type":"WebSite","@id":"https:\/\/partsandpieces.nl\/#website","url":"https:\/\/partsandpieces.nl\/","name":"Teile &amp; St\u00fccke","description":"Alles f\u00fcr Ihre M\u00f6belrestaurierung und -pflege!","potentialAction":[{"@type":"SearchAction","target":{"@type":"EntryPoint","urlTemplate":"https:\/\/partsandpieces.nl\/?s={search_term_string}"},"query-input":{"@type":"PropertyValueSpecification","valueRequired":true,"valueName":"search_term_string"}}],"inLanguage":"de"}]}},"_links":{"self":[{"href":"https:\/\/partsandpieces.nl\/de\/wp-json\/wp\/v2\/product\/1406","targetHints":{"allow":["GET"]}}],"collection":[{"href":"https:\/\/partsandpieces.nl\/de\/wp-json\/wp\/v2\/product"}],"about":[{"href":"https:\/\/partsandpieces.nl\/de\/wp-json\/wp\/v2\/types\/product"}],"wp:featuredmedia":[{"embeddable":true,"href":"https:\/\/partsandpieces.nl\/de\/wp-json\/wp\/v2\/media\/7800"}],"wp:attachment":[{"href":"https:\/\/partsandpieces.nl\/de\/wp-json\/wp\/v2\/media?parent=1406"}],"wp:term":[{"taxonomy":"product_brand","embeddable":true,"href":"https:\/\/partsandpieces.nl\/de\/wp-json\/wp\/v2\/product_brand?post=1406"},{"taxonomy":"product_cat","embeddable":true,"href":"https:\/\/partsandpieces.nl\/de\/wp-json\/wp\/v2\/product_cat?post=1406"},{"taxonomy":"product_tag","embeddable":true,"href":"https:\/\/partsandpieces.nl\/de\/wp-json\/wp\/v2\/product_tag?post=1406"}],"curies":[{"name":"wp","href":"https:\/\/api.w.org\/{rel}","templated":true}]}}