{"id":1410,"date":"2020-08-05T20:55:06","date_gmt":"2020-08-05T20:55:06","guid":{"rendered":"https:\/\/partsandpieces.bonsaidev.nl\/?product=sleutelplaat-messing-27x125mm"},"modified":"2025-07-21T17:47:21","modified_gmt":"2025-07-21T15:47:21","slug":"schlusselplatte-messing-glanzend-vertikal-orientiert-30x128mm","status":"publish","type":"product","link":"https:\/\/partsandpieces.nl\/de\/product\/sleutelplaat-messing-glanzend-verticaal-orient-30x128mm\/","title":{"rendered":"Schl\u00fcsselplatte Messing gl\u00e4nzend vertikal &#039;Orient&#039; 30x128mm"},"content":{"rendered":"<p><strong>Schl\u00fcsselplatte Messing gl\u00e4nzend vertikal &#039;Orient&#039; 30x128mm<\/strong> ist ein echter Hingucker. Das Schl\u00fcsselschild sieht an (M\u00f6bel-)T\u00fcren wundersch\u00f6n aus. Die Schl\u00fcsselplatte hat eine gl\u00e4nzende Messingoberfl\u00e4che und ist aufwendig mit orientalischen Motiven verziert.<\/p>\n<p><strong>Ma\u00dfe<br \/>\n<\/strong>Schl\u00fcsselplatte Messing gl\u00e4nzend vertikal &#039;Orient&#039; 30x128mm hat eine Breite von 30mm und eine H\u00f6he von 128mm. Das Schl\u00fcsselloch ist 14 mm hoch.<\/p>\n<p><strong>Bearbeiten<br \/>\n<\/strong>Sie k\u00f6nnen die Schl\u00fcsselplatte mit montieren\u00a0<span style=\"text-decoration: underline;\"><a href=\"https:\/\/partsandpieces.nl\/de\/produkt\/schrauben-mit-rundkopf-antikbronze-mit-schlitz-2-x-14-mm\/\">Schraube Rundkopf Antik Bronze mit Schlitz (2x14mm)<\/a><\/span>. Ich schicke diese Schrauben\u00a0<strong>FREI<\/strong>\u00a0mit Ihrer Bestellung.<\/p>","protected":false},"excerpt":{"rendered":"<p>Sleutelplaat Messing glanzend verticaal \u2018Orient\u2019 30x128mm is een echte blikvanger. De sleutelplaat staat prachtig op (meubel)deuren. De sleutelplaat heeft een glanzende messing afwerking en is uitbundig versierd met ori\u00ebntaalse motieven. Afmetingen Sleutelplaat Messing glanzend verticaal \u2018Orient\u2019 30x128mm heeft een breedte van 30mm en een hoogte van 128mm. Het sleutelgat is 14mm hoog. Montage Je kunt [&hellip;]<\/p>\n","protected":false},"featured_media":7798,"template":"","meta":{"_acf_changed":false},"product_brand":[],"product_cat":[23,48],"product_tag":[],"class_list":{"0":"post-1410","1":"product","2":"type-product","3":"status-publish","4":"has-post-thumbnail","6":"product_cat-meubelbeslag","7":"product_cat-sleutelplaten","9":"first","10":"instock","11":"taxable","12":"shipping-taxable","13":"purchasable","14":"product-type-simple"},"acf":[],"yoast_head":"<!-- This site is optimized with the Yoast SEO plugin v27.3 - https:\/\/yoast.com\/product\/yoast-seo-wordpress\/ -->\n<title>Sleutelplaat Messing verticaal 30x128mm glanzend \u2018Orient\u2019<\/title>\n<meta name=\"description\" content=\"Sleutelplaat Messing glanzend verticaal \u2018Orient\u2019 30x128mm heeft een glanzende messing afwerking en is uitbundig versierd met ori\u00ebntaalse motieven.\" \/>\n<meta name=\"robots\" content=\"index, follow, max-snippet:-1, max-image-preview:large, max-video-preview:-1\" \/>\n<link rel=\"canonical\" href=\"https:\/\/partsandpieces.nl\/de\/produkt\/schlusselplatte-messing-glanzend-vertikal-orientiert-30x128mm\/\" \/>\n<meta property=\"og:locale\" content=\"de_DE\" \/>\n<meta property=\"og:type\" content=\"article\" \/>\n<meta property=\"og:title\" content=\"Sleutelplaat Messing verticaal 30x128mm glanzend \u2018Orient\u2019\" \/>\n<meta property=\"og:description\" content=\"Sleutelplaat Messing glanzend verticaal \u2018Orient\u2019 30x128mm heeft een glanzende messing afwerking en is uitbundig versierd met ori\u00ebntaalse motieven.\" \/>\n<meta property=\"og:url\" content=\"https:\/\/partsandpieces.nl\/de\/produkt\/schlusselplatte-messing-glanzend-vertikal-orientiert-30x128mm\/\" \/>\n<meta property=\"og:site_name\" content=\"Parts &amp; Pieces\" \/>\n<meta property=\"article:modified_time\" content=\"2025-07-21T15:47:21+00:00\" \/>\n<meta property=\"og:image\" content=\"https:\/\/partsandpieces.nl\/wp-content\/uploads\/2020\/08\/Sleutelplaat-Messing-glanzend-verticaal-\u2018Orient-30x128mm.jpg\" \/>\n\t<meta property=\"og:image:width\" content=\"331\" \/>\n\t<meta property=\"og:image:height\" content=\"331\" \/>\n\t<meta property=\"og:image:type\" content=\"image\/jpeg\" \/>\n<meta name=\"twitter:card\" content=\"summary_large_image\" \/>\n<meta name=\"twitter:label1\" content=\"Gesch\u00e4tzte Lesezeit\" \/>\n\t<meta name=\"twitter:data1\" content=\"1\u00a0Minute\" \/>\n<script type=\"application\/ld+json\" class=\"yoast-schema-graph\">{\"@context\":\"https:\\\/\\\/schema.org\",\"@graph\":[{\"@type\":\"WebPage\",\"@id\":\"https:\\\/\\\/partsandpieces.nl\\\/product\\\/sleutelplaat-messing-glanzend-verticaal-orient-30x128mm\\\/\",\"url\":\"https:\\\/\\\/partsandpieces.nl\\\/product\\\/sleutelplaat-messing-glanzend-verticaal-orient-30x128mm\\\/\",\"name\":\"Sleutelplaat Messing verticaal 30x128mm glanzend \u2018Orient\u2019\",\"isPartOf\":{\"@id\":\"https:\\\/\\\/partsandpieces.nl\\\/#website\"},\"primaryImageOfPage\":{\"@id\":\"https:\\\/\\\/partsandpieces.nl\\\/product\\\/sleutelplaat-messing-glanzend-verticaal-orient-30x128mm\\\/#primaryimage\"},\"image\":{\"@id\":\"https:\\\/\\\/partsandpieces.nl\\\/product\\\/sleutelplaat-messing-glanzend-verticaal-orient-30x128mm\\\/#primaryimage\"},\"thumbnailUrl\":\"https:\\\/\\\/partsandpieces.nl\\\/wp-content\\\/uploads\\\/2020\\\/08\\\/Sleutelplaat-Messing-glanzend-verticaal-\u2018Orient-30x128mm.jpg\",\"datePublished\":\"2020-08-05T20:55:06+00:00\",\"dateModified\":\"2025-07-21T15:47:21+00:00\",\"description\":\"Sleutelplaat Messing glanzend verticaal \u2018Orient\u2019 30x128mm heeft een glanzende messing afwerking en is uitbundig versierd met ori\u00ebntaalse motieven.\",\"breadcrumb\":{\"@id\":\"https:\\\/\\\/partsandpieces.nl\\\/product\\\/sleutelplaat-messing-glanzend-verticaal-orient-30x128mm\\\/#breadcrumb\"},\"inLanguage\":\"de\",\"potentialAction\":[{\"@type\":\"ReadAction\",\"target\":[\"https:\\\/\\\/partsandpieces.nl\\\/product\\\/sleutelplaat-messing-glanzend-verticaal-orient-30x128mm\\\/\"]}]},{\"@type\":\"ImageObject\",\"inLanguage\":\"de\",\"@id\":\"https:\\\/\\\/partsandpieces.nl\\\/product\\\/sleutelplaat-messing-glanzend-verticaal-orient-30x128mm\\\/#primaryimage\",\"url\":\"https:\\\/\\\/partsandpieces.nl\\\/wp-content\\\/uploads\\\/2020\\\/08\\\/Sleutelplaat-Messing-glanzend-verticaal-\u2018Orient-30x128mm.jpg\",\"contentUrl\":\"https:\\\/\\\/partsandpieces.nl\\\/wp-content\\\/uploads\\\/2020\\\/08\\\/Sleutelplaat-Messing-glanzend-verticaal-\u2018Orient-30x128mm.jpg\",\"width\":331,\"height\":331,\"caption\":\"Sleutelplaat Messing glanzend verticaal \u2018Orient\u2019 30x128mm\"},{\"@type\":\"BreadcrumbList\",\"@id\":\"https:\\\/\\\/partsandpieces.nl\\\/product\\\/sleutelplaat-messing-glanzend-verticaal-orient-30x128mm\\\/#breadcrumb\",\"itemListElement\":[{\"@type\":\"ListItem\",\"position\":1,\"name\":\"Home\",\"item\":\"https:\\\/\\\/partsandpieces.nl\\\/home\\\/\"},{\"@type\":\"ListItem\",\"position\":2,\"name\":\"Winkel\",\"item\":\"https:\\\/\\\/partsandpieces.nl\\\/winkel\\\/\"},{\"@type\":\"ListItem\",\"position\":3,\"name\":\"Sleutelplaat Messing glanzend verticaal \u2018Orient\u2019 30x128mm\"}]},{\"@type\":\"WebSite\",\"@id\":\"https:\\\/\\\/partsandpieces.nl\\\/#website\",\"url\":\"https:\\\/\\\/partsandpieces.nl\\\/\",\"name\":\"Parts &amp; Pieces\",\"description\":\"Alles voor uw meubelrestauratie en -onderhoud!\",\"potentialAction\":[{\"@type\":\"SearchAction\",\"target\":{\"@type\":\"EntryPoint\",\"urlTemplate\":\"https:\\\/\\\/partsandpieces.nl\\\/?s={search_term_string}\"},\"query-input\":{\"@type\":\"PropertyValueSpecification\",\"valueRequired\":true,\"valueName\":\"search_term_string\"}}],\"inLanguage\":\"de\"}]}<\/script>\n<!-- \/ Yoast SEO plugin. -->","yoast_head_json":{"title":"Schl\u00fcsselschild Messing vertikal 30x128mm gl\u00e4nzend &#039;Orient&#039;","description":"Schl\u00fcsselplatte Messing gl\u00e4nzend vertikal \u201eOrient\u201c 30x128mm hat eine gl\u00e4nzende Messingoberfl\u00e4che und ist aufwendig mit orientalischen Motiven verziert.","robots":{"index":"index","follow":"follow","max-snippet":"max-snippet:-1","max-image-preview":"max-image-preview:large","max-video-preview":"max-video-preview:-1"},"canonical":"https:\/\/partsandpieces.nl\/de\/produkt\/schlusselplatte-messing-glanzend-vertikal-orientiert-30x128mm\/","og_locale":"de_DE","og_type":"article","og_title":"Sleutelplaat Messing verticaal 30x128mm glanzend \u2018Orient\u2019","og_description":"Sleutelplaat Messing glanzend verticaal \u2018Orient\u2019 30x128mm heeft een glanzende messing afwerking en is uitbundig versierd met ori\u00ebntaalse motieven.","og_url":"https:\/\/partsandpieces.nl\/de\/produkt\/schlusselplatte-messing-glanzend-vertikal-orientiert-30x128mm\/","og_site_name":"Parts &amp; Pieces","article_modified_time":"2025-07-21T15:47:21+00:00","og_image":[{"width":331,"height":331,"url":"https:\/\/partsandpieces.nl\/wp-content\/uploads\/2020\/08\/Sleutelplaat-Messing-glanzend-verticaal-\u2018Orient-30x128mm.jpg","type":"image\/jpeg"}],"twitter_card":"summary_large_image","twitter_misc":{"Gesch\u00e4tzte Lesezeit":"1\u00a0Minute"},"schema":{"@context":"https:\/\/schema.org","@graph":[{"@type":"WebPage","@id":"https:\/\/partsandpieces.nl\/product\/sleutelplaat-messing-glanzend-verticaal-orient-30x128mm\/","url":"https:\/\/partsandpieces.nl\/product\/sleutelplaat-messing-glanzend-verticaal-orient-30x128mm\/","name":"Schl\u00fcsselschild Messing vertikal 30x128mm gl\u00e4nzend &#039;Orient&#039;","isPartOf":{"@id":"https:\/\/partsandpieces.nl\/#website"},"primaryImageOfPage":{"@id":"https:\/\/partsandpieces.nl\/product\/sleutelplaat-messing-glanzend-verticaal-orient-30x128mm\/#primaryimage"},"image":{"@id":"https:\/\/partsandpieces.nl\/product\/sleutelplaat-messing-glanzend-verticaal-orient-30x128mm\/#primaryimage"},"thumbnailUrl":"https:\/\/partsandpieces.nl\/wp-content\/uploads\/2020\/08\/Sleutelplaat-Messing-glanzend-verticaal-\u2018Orient-30x128mm.jpg","datePublished":"2020-08-05T20:55:06+00:00","dateModified":"2025-07-21T15:47:21+00:00","description":"Schl\u00fcsselplatte Messing gl\u00e4nzend vertikal \u201eOrient\u201c 30x128mm hat eine gl\u00e4nzende Messingoberfl\u00e4che und ist aufwendig mit orientalischen Motiven verziert.","breadcrumb":{"@id":"https:\/\/partsandpieces.nl\/product\/sleutelplaat-messing-glanzend-verticaal-orient-30x128mm\/#breadcrumb"},"inLanguage":"de","potentialAction":[{"@type":"ReadAction","target":["https:\/\/partsandpieces.nl\/product\/sleutelplaat-messing-glanzend-verticaal-orient-30x128mm\/"]}]},{"@type":"ImageObject","inLanguage":"de","@id":"https:\/\/partsandpieces.nl\/product\/sleutelplaat-messing-glanzend-verticaal-orient-30x128mm\/#primaryimage","url":"https:\/\/partsandpieces.nl\/wp-content\/uploads\/2020\/08\/Sleutelplaat-Messing-glanzend-verticaal-\u2018Orient-30x128mm.jpg","contentUrl":"https:\/\/partsandpieces.nl\/wp-content\/uploads\/2020\/08\/Sleutelplaat-Messing-glanzend-verticaal-\u2018Orient-30x128mm.jpg","width":331,"height":331,"caption":"Sleutelplaat Messing glanzend verticaal \u2018Orient\u2019 30x128mm"},{"@type":"BreadcrumbList","@id":"https:\/\/partsandpieces.nl\/product\/sleutelplaat-messing-glanzend-verticaal-orient-30x128mm\/#breadcrumb","itemListElement":[{"@type":"ListItem","position":1,"name":"Home","item":"https:\/\/partsandpieces.nl\/home\/"},{"@type":"ListItem","position":2,"name":"Winkel","item":"https:\/\/partsandpieces.nl\/winkel\/"},{"@type":"ListItem","position":3,"name":"Sleutelplaat Messing glanzend verticaal \u2018Orient\u2019 30x128mm"}]},{"@type":"WebSite","@id":"https:\/\/partsandpieces.nl\/#website","url":"https:\/\/partsandpieces.nl\/","name":"Teile &amp; St\u00fccke","description":"Alles f\u00fcr Ihre M\u00f6belrestaurierung und -pflege!","potentialAction":[{"@type":"SearchAction","target":{"@type":"EntryPoint","urlTemplate":"https:\/\/partsandpieces.nl\/?s={search_term_string}"},"query-input":{"@type":"PropertyValueSpecification","valueRequired":true,"valueName":"search_term_string"}}],"inLanguage":"de"}]}},"_links":{"self":[{"href":"https:\/\/partsandpieces.nl\/de\/wp-json\/wp\/v2\/product\/1410","targetHints":{"allow":["GET"]}}],"collection":[{"href":"https:\/\/partsandpieces.nl\/de\/wp-json\/wp\/v2\/product"}],"about":[{"href":"https:\/\/partsandpieces.nl\/de\/wp-json\/wp\/v2\/types\/product"}],"wp:featuredmedia":[{"embeddable":true,"href":"https:\/\/partsandpieces.nl\/de\/wp-json\/wp\/v2\/media\/7798"}],"wp:attachment":[{"href":"https:\/\/partsandpieces.nl\/de\/wp-json\/wp\/v2\/media?parent=1410"}],"wp:term":[{"taxonomy":"product_brand","embeddable":true,"href":"https:\/\/partsandpieces.nl\/de\/wp-json\/wp\/v2\/product_brand?post=1410"},{"taxonomy":"product_cat","embeddable":true,"href":"https:\/\/partsandpieces.nl\/de\/wp-json\/wp\/v2\/product_cat?post=1410"},{"taxonomy":"product_tag","embeddable":true,"href":"https:\/\/partsandpieces.nl\/de\/wp-json\/wp\/v2\/product_tag?post=1410"}],"curies":[{"name":"wp","href":"https:\/\/api.w.org\/{rel}","templated":true}]}}