{"id":1412,"date":"2020-08-06T07:19:37","date_gmt":"2020-08-06T07:19:37","guid":{"rendered":"https:\/\/partsandpieces.bonsaidev.nl\/?product=sleutelplaat-messing-92x31mm"},"modified":"2025-10-02T12:57:32","modified_gmt":"2025-10-02T10:57:32","slug":"schlusselplatte-messing-glanzend-horizontaler-blumenregen-93x31mm","status":"publish","type":"product","link":"https:\/\/partsandpieces.nl\/de\/product\/sleutelplaat-messing-glanzend-horizontaal-bloemenregen-93x31mm\/","title":{"rendered":"Schl\u00fcsselplatte Messing gl\u00e4nzend horizontal &#039;Blumenregen&#039; 93x31mm"},"content":{"rendered":"<p><strong>Schl\u00fcsselplatte Messing gl\u00e4nzend horizontal &#039;Blumenregen&#039; 93x31mm<\/strong> ist ein wundersch\u00f6nes Schl\u00fcsselschild aus Eisen mit gl\u00e4nzendem Messingfinish. Die Schl\u00fcsselplatte ist horizontal ausgerichtet und hat eine sch\u00f6ne Verzierung mit einem Blumenregen.<\/p>\n<p><strong>Ma\u00dfe<br \/>\n<\/strong>Schl\u00fcsselplatte Messing gl\u00e4nzend horizontal &#039;Blumenregen&#039; 93x31mm hat eine Breite von 93mm und eine H\u00f6he von 31mm. Das Schl\u00fcsselloch ist 18 mm hoch.<\/p>\n<p><strong>Bearbeiten<br \/>\n<\/strong>Sie k\u00f6nnen die Schl\u00fcsselplatte mit 2 kleinen Schrauben befestigen. Ich werde diese Schrauben NICHT mit Ihrer Bestellung mitsenden.<\/p>","protected":false},"excerpt":{"rendered":"<p>Sleutelplaat Messing glanzend horizontaal \u2018Bloemenregen\u2019 93x31mm is een mooie sleutelplaat gemaakt van ijzer met een glanzende messing afwerking. De sleutelplaat is horizontaal gericht en heeft een mooie versiering met een bloemenregen. Afmetingen Sleutelplaat Messing glanzend horizontaal \u2018Bloemenregen\u2019 93x31mm heeft een breedte van 93mm en een hoogte van 31mm. Het sleutelgat is 18mm hoog. Montage Je [&hellip;]<\/p>\n","protected":false},"featured_media":7796,"template":"","meta":{"_acf_changed":false},"product_brand":[],"product_cat":[23,48],"product_tag":[],"class_list":{"0":"post-1412","1":"product","2":"type-product","3":"status-publish","4":"has-post-thumbnail","6":"product_cat-meubelbeslag","7":"product_cat-sleutelplaten","9":"first","10":"instock","11":"taxable","12":"shipping-taxable","13":"purchasable","14":"product-type-simple"},"acf":[],"yoast_head":"<!-- This site is optimized with the Yoast SEO plugin v27.3 - https:\/\/yoast.com\/product\/yoast-seo-wordpress\/ -->\n<title>Sleutelplaat Messing glanzend 93x31mm horizont. \u2018Bloemenregen\u2019<\/title>\n<meta name=\"description\" content=\"Sleutelplaat Messing glanzend horizontaal \u2018Bloemenregen\u2019 93x31mm is horizontaal gericht en heeft een mooie versiering met een bloemenregen.\" \/>\n<meta name=\"robots\" content=\"index, follow, max-snippet:-1, max-image-preview:large, max-video-preview:-1\" \/>\n<link rel=\"canonical\" href=\"https:\/\/partsandpieces.nl\/de\/produkt\/schlusselplatte-messing-glanzend-horizontaler-blumenregen-93x31mm\/\" \/>\n<meta property=\"og:locale\" content=\"de_DE\" \/>\n<meta property=\"og:type\" content=\"article\" \/>\n<meta property=\"og:title\" content=\"Sleutelplaat Messing glanzend 93x31mm horizont. \u2018Bloemenregen\u2019\" \/>\n<meta property=\"og:description\" content=\"Sleutelplaat Messing glanzend horizontaal \u2018Bloemenregen\u2019 93x31mm is horizontaal gericht en heeft een mooie versiering met een bloemenregen.\" \/>\n<meta property=\"og:url\" content=\"https:\/\/partsandpieces.nl\/de\/produkt\/schlusselplatte-messing-glanzend-horizontaler-blumenregen-93x31mm\/\" \/>\n<meta property=\"og:site_name\" content=\"Parts &amp; Pieces\" \/>\n<meta property=\"article:modified_time\" content=\"2025-10-02T10:57:32+00:00\" \/>\n<meta property=\"og:image\" content=\"https:\/\/partsandpieces.nl\/wp-content\/uploads\/2020\/08\/Sleutelplaat-Messing-glanzend-horizontaal-\u2018Bloemenregen-93x31mm.jpg\" \/>\n\t<meta property=\"og:image:width\" content=\"419\" \/>\n\t<meta property=\"og:image:height\" content=\"419\" \/>\n\t<meta property=\"og:image:type\" content=\"image\/jpeg\" \/>\n<meta name=\"twitter:card\" content=\"summary_large_image\" \/>\n<meta name=\"twitter:label1\" content=\"Gesch\u00e4tzte Lesezeit\" \/>\n\t<meta name=\"twitter:data1\" content=\"1\u00a0Minute\" \/>\n<script type=\"application\/ld+json\" class=\"yoast-schema-graph\">{\"@context\":\"https:\\\/\\\/schema.org\",\"@graph\":[{\"@type\":\"WebPage\",\"@id\":\"https:\\\/\\\/partsandpieces.nl\\\/product\\\/sleutelplaat-messing-glanzend-horizontaal-bloemenregen-93x31mm\\\/\",\"url\":\"https:\\\/\\\/partsandpieces.nl\\\/product\\\/sleutelplaat-messing-glanzend-horizontaal-bloemenregen-93x31mm\\\/\",\"name\":\"Sleutelplaat Messing glanzend 93x31mm horizont. \u2018Bloemenregen\u2019\",\"isPartOf\":{\"@id\":\"https:\\\/\\\/partsandpieces.nl\\\/#website\"},\"primaryImageOfPage\":{\"@id\":\"https:\\\/\\\/partsandpieces.nl\\\/product\\\/sleutelplaat-messing-glanzend-horizontaal-bloemenregen-93x31mm\\\/#primaryimage\"},\"image\":{\"@id\":\"https:\\\/\\\/partsandpieces.nl\\\/product\\\/sleutelplaat-messing-glanzend-horizontaal-bloemenregen-93x31mm\\\/#primaryimage\"},\"thumbnailUrl\":\"https:\\\/\\\/partsandpieces.nl\\\/wp-content\\\/uploads\\\/2020\\\/08\\\/Sleutelplaat-Messing-glanzend-horizontaal-\u2018Bloemenregen-93x31mm.jpg\",\"datePublished\":\"2020-08-06T07:19:37+00:00\",\"dateModified\":\"2025-10-02T10:57:32+00:00\",\"description\":\"Sleutelplaat Messing glanzend horizontaal \u2018Bloemenregen\u2019 93x31mm is horizontaal gericht en heeft een mooie versiering met een bloemenregen.\",\"breadcrumb\":{\"@id\":\"https:\\\/\\\/partsandpieces.nl\\\/product\\\/sleutelplaat-messing-glanzend-horizontaal-bloemenregen-93x31mm\\\/#breadcrumb\"},\"inLanguage\":\"de\",\"potentialAction\":[{\"@type\":\"ReadAction\",\"target\":[\"https:\\\/\\\/partsandpieces.nl\\\/product\\\/sleutelplaat-messing-glanzend-horizontaal-bloemenregen-93x31mm\\\/\"]}]},{\"@type\":\"ImageObject\",\"inLanguage\":\"de\",\"@id\":\"https:\\\/\\\/partsandpieces.nl\\\/product\\\/sleutelplaat-messing-glanzend-horizontaal-bloemenregen-93x31mm\\\/#primaryimage\",\"url\":\"https:\\\/\\\/partsandpieces.nl\\\/wp-content\\\/uploads\\\/2020\\\/08\\\/Sleutelplaat-Messing-glanzend-horizontaal-\u2018Bloemenregen-93x31mm.jpg\",\"contentUrl\":\"https:\\\/\\\/partsandpieces.nl\\\/wp-content\\\/uploads\\\/2020\\\/08\\\/Sleutelplaat-Messing-glanzend-horizontaal-\u2018Bloemenregen-93x31mm.jpg\",\"width\":419,\"height\":419,\"caption\":\"Sleutelplaat Messing glanzend horizontaal \u2018Bloemenregen\u2019 93x31mm\"},{\"@type\":\"BreadcrumbList\",\"@id\":\"https:\\\/\\\/partsandpieces.nl\\\/product\\\/sleutelplaat-messing-glanzend-horizontaal-bloemenregen-93x31mm\\\/#breadcrumb\",\"itemListElement\":[{\"@type\":\"ListItem\",\"position\":1,\"name\":\"Home\",\"item\":\"https:\\\/\\\/partsandpieces.nl\\\/home\\\/\"},{\"@type\":\"ListItem\",\"position\":2,\"name\":\"Winkel\",\"item\":\"https:\\\/\\\/partsandpieces.nl\\\/winkel\\\/\"},{\"@type\":\"ListItem\",\"position\":3,\"name\":\"Sleutelplaat Messing glanzend horizontaal \u2018Bloemenregen\u2019 93x31mm\"}]},{\"@type\":\"WebSite\",\"@id\":\"https:\\\/\\\/partsandpieces.nl\\\/#website\",\"url\":\"https:\\\/\\\/partsandpieces.nl\\\/\",\"name\":\"Parts &amp; Pieces\",\"description\":\"Alles voor uw meubelrestauratie en -onderhoud!\",\"potentialAction\":[{\"@type\":\"SearchAction\",\"target\":{\"@type\":\"EntryPoint\",\"urlTemplate\":\"https:\\\/\\\/partsandpieces.nl\\\/?s={search_term_string}\"},\"query-input\":{\"@type\":\"PropertyValueSpecification\",\"valueRequired\":true,\"valueName\":\"search_term_string\"}}],\"inLanguage\":\"de\"}]}<\/script>\n<!-- \/ Yoast SEO plugin. -->","yoast_head_json":{"title":"Schl\u00fcsselplatte Messing gl\u00e4nzend 93x31mm horizontal. \u201eBlumenregen\u201c","description":"Schl\u00fcsselplatte Messing gl\u00e4nzend horizontal &#039;Blumenregen&#039; 93x31mm ist horizontal ausgerichtet und hat eine sch\u00f6ne Verzierung mit einem Blumenregen.","robots":{"index":"index","follow":"follow","max-snippet":"max-snippet:-1","max-image-preview":"max-image-preview:large","max-video-preview":"max-video-preview:-1"},"canonical":"https:\/\/partsandpieces.nl\/de\/produkt\/schlusselplatte-messing-glanzend-horizontaler-blumenregen-93x31mm\/","og_locale":"de_DE","og_type":"article","og_title":"Sleutelplaat Messing glanzend 93x31mm horizont. \u2018Bloemenregen\u2019","og_description":"Sleutelplaat Messing glanzend horizontaal \u2018Bloemenregen\u2019 93x31mm is horizontaal gericht en heeft een mooie versiering met een bloemenregen.","og_url":"https:\/\/partsandpieces.nl\/de\/produkt\/schlusselplatte-messing-glanzend-horizontaler-blumenregen-93x31mm\/","og_site_name":"Parts &amp; Pieces","article_modified_time":"2025-10-02T10:57:32+00:00","og_image":[{"width":419,"height":419,"url":"https:\/\/partsandpieces.nl\/wp-content\/uploads\/2020\/08\/Sleutelplaat-Messing-glanzend-horizontaal-\u2018Bloemenregen-93x31mm.jpg","type":"image\/jpeg"}],"twitter_card":"summary_large_image","twitter_misc":{"Gesch\u00e4tzte Lesezeit":"1\u00a0Minute"},"schema":{"@context":"https:\/\/schema.org","@graph":[{"@type":"WebPage","@id":"https:\/\/partsandpieces.nl\/product\/sleutelplaat-messing-glanzend-horizontaal-bloemenregen-93x31mm\/","url":"https:\/\/partsandpieces.nl\/product\/sleutelplaat-messing-glanzend-horizontaal-bloemenregen-93x31mm\/","name":"Schl\u00fcsselplatte Messing gl\u00e4nzend 93x31mm horizontal. \u201eBlumenregen\u201c","isPartOf":{"@id":"https:\/\/partsandpieces.nl\/#website"},"primaryImageOfPage":{"@id":"https:\/\/partsandpieces.nl\/product\/sleutelplaat-messing-glanzend-horizontaal-bloemenregen-93x31mm\/#primaryimage"},"image":{"@id":"https:\/\/partsandpieces.nl\/product\/sleutelplaat-messing-glanzend-horizontaal-bloemenregen-93x31mm\/#primaryimage"},"thumbnailUrl":"https:\/\/partsandpieces.nl\/wp-content\/uploads\/2020\/08\/Sleutelplaat-Messing-glanzend-horizontaal-\u2018Bloemenregen-93x31mm.jpg","datePublished":"2020-08-06T07:19:37+00:00","dateModified":"2025-10-02T10:57:32+00:00","description":"Schl\u00fcsselplatte Messing gl\u00e4nzend horizontal &#039;Blumenregen&#039; 93x31mm ist horizontal ausgerichtet und hat eine sch\u00f6ne Verzierung mit einem Blumenregen.","breadcrumb":{"@id":"https:\/\/partsandpieces.nl\/product\/sleutelplaat-messing-glanzend-horizontaal-bloemenregen-93x31mm\/#breadcrumb"},"inLanguage":"de","potentialAction":[{"@type":"ReadAction","target":["https:\/\/partsandpieces.nl\/product\/sleutelplaat-messing-glanzend-horizontaal-bloemenregen-93x31mm\/"]}]},{"@type":"ImageObject","inLanguage":"de","@id":"https:\/\/partsandpieces.nl\/product\/sleutelplaat-messing-glanzend-horizontaal-bloemenregen-93x31mm\/#primaryimage","url":"https:\/\/partsandpieces.nl\/wp-content\/uploads\/2020\/08\/Sleutelplaat-Messing-glanzend-horizontaal-\u2018Bloemenregen-93x31mm.jpg","contentUrl":"https:\/\/partsandpieces.nl\/wp-content\/uploads\/2020\/08\/Sleutelplaat-Messing-glanzend-horizontaal-\u2018Bloemenregen-93x31mm.jpg","width":419,"height":419,"caption":"Sleutelplaat Messing glanzend horizontaal \u2018Bloemenregen\u2019 93x31mm"},{"@type":"BreadcrumbList","@id":"https:\/\/partsandpieces.nl\/product\/sleutelplaat-messing-glanzend-horizontaal-bloemenregen-93x31mm\/#breadcrumb","itemListElement":[{"@type":"ListItem","position":1,"name":"Home","item":"https:\/\/partsandpieces.nl\/home\/"},{"@type":"ListItem","position":2,"name":"Winkel","item":"https:\/\/partsandpieces.nl\/winkel\/"},{"@type":"ListItem","position":3,"name":"Sleutelplaat Messing glanzend horizontaal \u2018Bloemenregen\u2019 93x31mm"}]},{"@type":"WebSite","@id":"https:\/\/partsandpieces.nl\/#website","url":"https:\/\/partsandpieces.nl\/","name":"Teile &amp; St\u00fccke","description":"Alles f\u00fcr Ihre M\u00f6belrestaurierung und -pflege!","potentialAction":[{"@type":"SearchAction","target":{"@type":"EntryPoint","urlTemplate":"https:\/\/partsandpieces.nl\/?s={search_term_string}"},"query-input":{"@type":"PropertyValueSpecification","valueRequired":true,"valueName":"search_term_string"}}],"inLanguage":"de"}]}},"_links":{"self":[{"href":"https:\/\/partsandpieces.nl\/de\/wp-json\/wp\/v2\/product\/1412","targetHints":{"allow":["GET"]}}],"collection":[{"href":"https:\/\/partsandpieces.nl\/de\/wp-json\/wp\/v2\/product"}],"about":[{"href":"https:\/\/partsandpieces.nl\/de\/wp-json\/wp\/v2\/types\/product"}],"wp:featuredmedia":[{"embeddable":true,"href":"https:\/\/partsandpieces.nl\/de\/wp-json\/wp\/v2\/media\/7796"}],"wp:attachment":[{"href":"https:\/\/partsandpieces.nl\/de\/wp-json\/wp\/v2\/media?parent=1412"}],"wp:term":[{"taxonomy":"product_brand","embeddable":true,"href":"https:\/\/partsandpieces.nl\/de\/wp-json\/wp\/v2\/product_brand?post=1412"},{"taxonomy":"product_cat","embeddable":true,"href":"https:\/\/partsandpieces.nl\/de\/wp-json\/wp\/v2\/product_cat?post=1412"},{"taxonomy":"product_tag","embeddable":true,"href":"https:\/\/partsandpieces.nl\/de\/wp-json\/wp\/v2\/product_tag?post=1412"}],"curies":[{"name":"wp","href":"https:\/\/api.w.org\/{rel}","templated":true}]}}