{"id":1414,"date":"2020-08-06T07:21:27","date_gmt":"2020-08-06T07:21:27","guid":{"rendered":"https:\/\/partsandpieces.bonsaidev.nl\/?product=sleutelplaat-antique-37x110mm"},"modified":"2026-02-28T09:25:22","modified_gmt":"2026-02-28T08:25:22","slug":"schlusselplatte-bronze-antik-vertikal-37x110mm","status":"publish","type":"product","link":"https:\/\/partsandpieces.nl\/de\/product\/sleutelplaat-brons-antiek-verticaal-37x110mm\/","title":{"rendered":"Schl\u00fcsselplatte Bronze Antik vertikal 37x110mm"},"content":{"rendered":"<p><strong>Schl\u00fcsselplatte Bronze Antik vertikal 37x110mm<\/strong> ist ein wundersch\u00f6n gearbeitetes Schl\u00fcsselschild f\u00fcr M\u00f6belt\u00fcren. Die Schl\u00fcsselplatte hat ein Bronze-Antik-Finish.<\/p>\n<p><strong>Ma\u00dfe<br \/>\n<\/strong>Schl\u00fcsselplatte Bronze Antik vertikal 37x110mm hat eine Breite von 37mm und eine H\u00f6he von 110mm. Das Schl\u00fcsselloch ist 17 mm hoch.<\/p>\n<p><strong>Bearbeiten<br \/>\n<\/strong>Sie k\u00f6nnen das Schl\u00fcsselschild mit blind montieren\u00a0<span style=\"text-decoration: underline;\"><a href=\"https:\/\/partsandpieces.nl\/de\/produkt\/schraube-edelstahl-fur-blindmontageknopf-20x4mm-20-stuck\/\">Edelstahlschraube f\u00fcr Blindbefestigungsknopf (20x4mm)<\/a><\/span>. Ich schicke diese Schraube\u00a0<strong>FREI<\/strong>\u00a0mit Ihrer Bestellung.<\/p>","protected":false},"excerpt":{"rendered":"<p>Sleutelplaat Brons Antiek verticaal 37x110mm is een mooi bewerkte sleutelplaat voor meubeldeurtjes. De sleutelplaat heeft een bronzen antieke afwerking. Afmetingen Sleutelplaat Brons Antiek verticaal 37x110mm heeft een breedte van 37mm en een hoogte van 110mm. Het sleutelgat is 17mm hoog. Montage Je kunt de sleutelplaat blind monteren met\u00a0Schroef RVS voor blind bevestigen knop (20x4mm). Deze [&hellip;]<\/p>\n","protected":false},"featured_media":7799,"template":"","meta":{"_acf_changed":false},"product_brand":[],"product_cat":[23,48],"product_tag":[],"class_list":{"0":"post-1414","1":"product","2":"type-product","3":"status-publish","4":"has-post-thumbnail","6":"product_cat-meubelbeslag","7":"product_cat-sleutelplaten","9":"first","10":"instock","11":"taxable","12":"shipping-taxable","13":"purchasable","14":"product-type-simple"},"acf":[],"yoast_head":"<!-- This site is optimized with the Yoast SEO plugin v27.3 - https:\/\/yoast.com\/product\/yoast-seo-wordpress\/ -->\n<title>Sleutelplaat Brons Antiek 37x110mm verticaal<\/title>\n<meta name=\"description\" content=\"Sleutelplaat Brons Antiek verticaal 37x110mm is een mooi bewerkte sleutelplaat voor meubeldeurtjes. De sleutelplaat heeft een bronzen antieke afwerking.\" \/>\n<meta name=\"robots\" content=\"index, follow, max-snippet:-1, max-image-preview:large, max-video-preview:-1\" \/>\n<link rel=\"canonical\" href=\"https:\/\/partsandpieces.nl\/de\/produkt\/schlusselplatte-bronze-antik-vertikal-37x110mm\/\" \/>\n<meta property=\"og:locale\" content=\"de_DE\" \/>\n<meta property=\"og:type\" content=\"article\" \/>\n<meta property=\"og:title\" content=\"Sleutelplaat Brons Antiek 37x110mm verticaal\" \/>\n<meta property=\"og:description\" content=\"Sleutelplaat Brons Antiek verticaal 37x110mm is een mooi bewerkte sleutelplaat voor meubeldeurtjes. De sleutelplaat heeft een bronzen antieke afwerking.\" \/>\n<meta property=\"og:url\" content=\"https:\/\/partsandpieces.nl\/de\/produkt\/schlusselplatte-bronze-antik-vertikal-37x110mm\/\" \/>\n<meta property=\"og:site_name\" content=\"Parts &amp; Pieces\" \/>\n<meta property=\"article:modified_time\" content=\"2026-02-28T08:25:22+00:00\" \/>\n<meta property=\"og:image\" content=\"https:\/\/partsandpieces.nl\/wp-content\/uploads\/2020\/08\/Sleutelplaat-Brons-Antiek-verticaal-37x110mm.jpg\" \/>\n\t<meta property=\"og:image:width\" content=\"400\" \/>\n\t<meta property=\"og:image:height\" content=\"399\" \/>\n\t<meta property=\"og:image:type\" content=\"image\/jpeg\" \/>\n<meta name=\"twitter:card\" content=\"summary_large_image\" \/>\n<meta name=\"twitter:label1\" content=\"Gesch\u00e4tzte Lesezeit\" \/>\n\t<meta name=\"twitter:data1\" content=\"1\u00a0Minute\" \/>\n<script type=\"application\/ld+json\" class=\"yoast-schema-graph\">{\"@context\":\"https:\\\/\\\/schema.org\",\"@graph\":[{\"@type\":\"WebPage\",\"@id\":\"https:\\\/\\\/partsandpieces.nl\\\/product\\\/sleutelplaat-brons-antiek-verticaal-37x110mm\\\/\",\"url\":\"https:\\\/\\\/partsandpieces.nl\\\/product\\\/sleutelplaat-brons-antiek-verticaal-37x110mm\\\/\",\"name\":\"Sleutelplaat Brons Antiek 37x110mm verticaal\",\"isPartOf\":{\"@id\":\"https:\\\/\\\/partsandpieces.nl\\\/#website\"},\"primaryImageOfPage\":{\"@id\":\"https:\\\/\\\/partsandpieces.nl\\\/product\\\/sleutelplaat-brons-antiek-verticaal-37x110mm\\\/#primaryimage\"},\"image\":{\"@id\":\"https:\\\/\\\/partsandpieces.nl\\\/product\\\/sleutelplaat-brons-antiek-verticaal-37x110mm\\\/#primaryimage\"},\"thumbnailUrl\":\"https:\\\/\\\/partsandpieces.nl\\\/wp-content\\\/uploads\\\/2020\\\/08\\\/Sleutelplaat-Brons-Antiek-verticaal-37x110mm.jpg\",\"datePublished\":\"2020-08-06T07:21:27+00:00\",\"dateModified\":\"2026-02-28T08:25:22+00:00\",\"description\":\"Sleutelplaat Brons Antiek verticaal 37x110mm is een mooi bewerkte sleutelplaat voor meubeldeurtjes. De sleutelplaat heeft een bronzen antieke afwerking.\",\"breadcrumb\":{\"@id\":\"https:\\\/\\\/partsandpieces.nl\\\/product\\\/sleutelplaat-brons-antiek-verticaal-37x110mm\\\/#breadcrumb\"},\"inLanguage\":\"de\",\"potentialAction\":[{\"@type\":\"ReadAction\",\"target\":[\"https:\\\/\\\/partsandpieces.nl\\\/product\\\/sleutelplaat-brons-antiek-verticaal-37x110mm\\\/\"]}]},{\"@type\":\"ImageObject\",\"inLanguage\":\"de\",\"@id\":\"https:\\\/\\\/partsandpieces.nl\\\/product\\\/sleutelplaat-brons-antiek-verticaal-37x110mm\\\/#primaryimage\",\"url\":\"https:\\\/\\\/partsandpieces.nl\\\/wp-content\\\/uploads\\\/2020\\\/08\\\/Sleutelplaat-Brons-Antiek-verticaal-37x110mm.jpg\",\"contentUrl\":\"https:\\\/\\\/partsandpieces.nl\\\/wp-content\\\/uploads\\\/2020\\\/08\\\/Sleutelplaat-Brons-Antiek-verticaal-37x110mm.jpg\",\"width\":400,\"height\":399,\"caption\":\"Sleutelplaat Brons Antiek verticaal 37x110mm\"},{\"@type\":\"BreadcrumbList\",\"@id\":\"https:\\\/\\\/partsandpieces.nl\\\/product\\\/sleutelplaat-brons-antiek-verticaal-37x110mm\\\/#breadcrumb\",\"itemListElement\":[{\"@type\":\"ListItem\",\"position\":1,\"name\":\"Home\",\"item\":\"https:\\\/\\\/partsandpieces.nl\\\/home\\\/\"},{\"@type\":\"ListItem\",\"position\":2,\"name\":\"Winkel\",\"item\":\"https:\\\/\\\/partsandpieces.nl\\\/winkel\\\/\"},{\"@type\":\"ListItem\",\"position\":3,\"name\":\"Sleutelplaat Brons Antiek verticaal 37x110mm\"}]},{\"@type\":\"WebSite\",\"@id\":\"https:\\\/\\\/partsandpieces.nl\\\/#website\",\"url\":\"https:\\\/\\\/partsandpieces.nl\\\/\",\"name\":\"Parts &amp; Pieces\",\"description\":\"Alles voor uw meubelrestauratie en -onderhoud!\",\"potentialAction\":[{\"@type\":\"SearchAction\",\"target\":{\"@type\":\"EntryPoint\",\"urlTemplate\":\"https:\\\/\\\/partsandpieces.nl\\\/?s={search_term_string}\"},\"query-input\":{\"@type\":\"PropertyValueSpecification\",\"valueRequired\":true,\"valueName\":\"search_term_string\"}}],\"inLanguage\":\"de\"}]}<\/script>\n<!-- \/ Yoast SEO plugin. -->","yoast_head_json":{"title":"Schl\u00fcsselplatte Bronze Antik 37x110mm vertikal","description":"Das Schl\u00fcsselschild Bronze Antik vertikal 37 x 110 mm ist ein wundersch\u00f6n gefertigtes Schl\u00fcsselschild f\u00fcr M\u00f6belt\u00fcren. Die Schl\u00fcsselplatte hat ein bronzefarbenes Antik-Finish.","robots":{"index":"index","follow":"follow","max-snippet":"max-snippet:-1","max-image-preview":"max-image-preview:large","max-video-preview":"max-video-preview:-1"},"canonical":"https:\/\/partsandpieces.nl\/de\/produkt\/schlusselplatte-bronze-antik-vertikal-37x110mm\/","og_locale":"de_DE","og_type":"article","og_title":"Sleutelplaat Brons Antiek 37x110mm verticaal","og_description":"Sleutelplaat Brons Antiek verticaal 37x110mm is een mooi bewerkte sleutelplaat voor meubeldeurtjes. De sleutelplaat heeft een bronzen antieke afwerking.","og_url":"https:\/\/partsandpieces.nl\/de\/produkt\/schlusselplatte-bronze-antik-vertikal-37x110mm\/","og_site_name":"Parts &amp; Pieces","article_modified_time":"2026-02-28T08:25:22+00:00","og_image":[{"width":400,"height":399,"url":"https:\/\/partsandpieces.nl\/wp-content\/uploads\/2020\/08\/Sleutelplaat-Brons-Antiek-verticaal-37x110mm.jpg","type":"image\/jpeg"}],"twitter_card":"summary_large_image","twitter_misc":{"Gesch\u00e4tzte Lesezeit":"1\u00a0Minute"},"schema":{"@context":"https:\/\/schema.org","@graph":[{"@type":"WebPage","@id":"https:\/\/partsandpieces.nl\/product\/sleutelplaat-brons-antiek-verticaal-37x110mm\/","url":"https:\/\/partsandpieces.nl\/product\/sleutelplaat-brons-antiek-verticaal-37x110mm\/","name":"Schl\u00fcsselplatte Bronze Antik 37x110mm vertikal","isPartOf":{"@id":"https:\/\/partsandpieces.nl\/#website"},"primaryImageOfPage":{"@id":"https:\/\/partsandpieces.nl\/product\/sleutelplaat-brons-antiek-verticaal-37x110mm\/#primaryimage"},"image":{"@id":"https:\/\/partsandpieces.nl\/product\/sleutelplaat-brons-antiek-verticaal-37x110mm\/#primaryimage"},"thumbnailUrl":"https:\/\/partsandpieces.nl\/wp-content\/uploads\/2020\/08\/Sleutelplaat-Brons-Antiek-verticaal-37x110mm.jpg","datePublished":"2020-08-06T07:21:27+00:00","dateModified":"2026-02-28T08:25:22+00:00","description":"Das Schl\u00fcsselschild Bronze Antik vertikal 37 x 110 mm ist ein wundersch\u00f6n gefertigtes Schl\u00fcsselschild f\u00fcr M\u00f6belt\u00fcren. Die Schl\u00fcsselplatte hat ein bronzefarbenes Antik-Finish.","breadcrumb":{"@id":"https:\/\/partsandpieces.nl\/product\/sleutelplaat-brons-antiek-verticaal-37x110mm\/#breadcrumb"},"inLanguage":"de","potentialAction":[{"@type":"ReadAction","target":["https:\/\/partsandpieces.nl\/product\/sleutelplaat-brons-antiek-verticaal-37x110mm\/"]}]},{"@type":"ImageObject","inLanguage":"de","@id":"https:\/\/partsandpieces.nl\/product\/sleutelplaat-brons-antiek-verticaal-37x110mm\/#primaryimage","url":"https:\/\/partsandpieces.nl\/wp-content\/uploads\/2020\/08\/Sleutelplaat-Brons-Antiek-verticaal-37x110mm.jpg","contentUrl":"https:\/\/partsandpieces.nl\/wp-content\/uploads\/2020\/08\/Sleutelplaat-Brons-Antiek-verticaal-37x110mm.jpg","width":400,"height":399,"caption":"Sleutelplaat Brons Antiek verticaal 37x110mm"},{"@type":"BreadcrumbList","@id":"https:\/\/partsandpieces.nl\/product\/sleutelplaat-brons-antiek-verticaal-37x110mm\/#breadcrumb","itemListElement":[{"@type":"ListItem","position":1,"name":"Home","item":"https:\/\/partsandpieces.nl\/home\/"},{"@type":"ListItem","position":2,"name":"Winkel","item":"https:\/\/partsandpieces.nl\/winkel\/"},{"@type":"ListItem","position":3,"name":"Sleutelplaat Brons Antiek verticaal 37x110mm"}]},{"@type":"WebSite","@id":"https:\/\/partsandpieces.nl\/#website","url":"https:\/\/partsandpieces.nl\/","name":"Teile &amp; St\u00fccke","description":"Alles f\u00fcr Ihre M\u00f6belrestaurierung und -pflege!","potentialAction":[{"@type":"SearchAction","target":{"@type":"EntryPoint","urlTemplate":"https:\/\/partsandpieces.nl\/?s={search_term_string}"},"query-input":{"@type":"PropertyValueSpecification","valueRequired":true,"valueName":"search_term_string"}}],"inLanguage":"de"}]}},"_links":{"self":[{"href":"https:\/\/partsandpieces.nl\/de\/wp-json\/wp\/v2\/product\/1414","targetHints":{"allow":["GET"]}}],"collection":[{"href":"https:\/\/partsandpieces.nl\/de\/wp-json\/wp\/v2\/product"}],"about":[{"href":"https:\/\/partsandpieces.nl\/de\/wp-json\/wp\/v2\/types\/product"}],"wp:featuredmedia":[{"embeddable":true,"href":"https:\/\/partsandpieces.nl\/de\/wp-json\/wp\/v2\/media\/7799"}],"wp:attachment":[{"href":"https:\/\/partsandpieces.nl\/de\/wp-json\/wp\/v2\/media?parent=1414"}],"wp:term":[{"taxonomy":"product_brand","embeddable":true,"href":"https:\/\/partsandpieces.nl\/de\/wp-json\/wp\/v2\/product_brand?post=1414"},{"taxonomy":"product_cat","embeddable":true,"href":"https:\/\/partsandpieces.nl\/de\/wp-json\/wp\/v2\/product_cat?post=1414"},{"taxonomy":"product_tag","embeddable":true,"href":"https:\/\/partsandpieces.nl\/de\/wp-json\/wp\/v2\/product_tag?post=1414"}],"curies":[{"name":"wp","href":"https:\/\/api.w.org\/{rel}","templated":true}]}}