{"id":1424,"date":"2020-08-06T07:30:44","date_gmt":"2020-08-06T05:30:44","guid":{"rendered":"https:\/\/partsandpieces.bonsaidev.nl\/?product=keyplate-brass-ant-40x64-mm"},"modified":"2025-06-08T19:40:08","modified_gmt":"2025-06-08T17:40:08","slug":"schlusselplatte-messing-antik-diamant-vertikal-40mm","status":"publish","type":"product","link":"https:\/\/partsandpieces.nl\/de\/product\/sleutelplaat-messing-antiek-ruit-verticaal-40mm\/","title":{"rendered":"Schl\u00fcsselplatte Messing Antik Diamant vertikal 40mm"},"content":{"rendered":"<p><strong>Schl\u00fcsselplatte Messing Antik Diamant vertikal 40mm<\/strong> ist ein d\u00fcnnes, aber sehr stabiles Schl\u00fcsselschild mit Ausbuchtungen an den Ecken in Form von Ravelins, wie man sie in holl\u00e4ndischen Festungsst\u00e4dten sieht. Die Schl\u00fcsselplatte hat ein antikes, leicht gl\u00e4nzendes Bronze-Finish. Auf dem Bild ist ein sehr feines Gitterrelief und wenn man genau hinschaut, zwei kleine franz\u00f6sische Lilien. Das Schl\u00fcsselschild passt gut auf Ihren antiken Schrank.<\/p>\n<p>Das Schl\u00fcsselschild passt gut <a href=\"https:\/\/partsandpieces.nl\/de\/produkt\/messing-antikknopf-mit-ruckplatte-diamant-28-mm\/\"><span style=\"text-decoration: underline;\">diese Taste<\/span><\/a>.<\/p>\n<p>Dieses hochwertige Schl\u00fcsselschild wird in Italien hergestellt.<\/p>\n<p><strong>Ma\u00dfe<br \/>\n<\/strong>Das Schl\u00fcsselschild Messing Antik Raute stellen Sie senkrecht auf. Die H\u00f6he betr\u00e4gt 63 mm und die Breite 40 mm. Nach der Montage steht das Schl\u00fcsselschild 1mm \u00fcber.<\/p>\n<p><strong>Bearbeiten<br \/>\n<\/strong>Sie k\u00f6nnen den Knopf mit montieren <a href=\"https:\/\/partsandpieces.nl\/de\/produkt\/schrauben-mit-rundkopf-antikbronze-mit-schlitz-2-x-14-mm\/\"><span style=\"text-decoration: underline;\">Schraube Rundkopf Antik Bronze mit Schlitz (2x14mm)<\/span><\/a>. Ich schicke diese Schrauben <strong>FREI<\/strong> mit Ihrer Bestellung.<\/p>","protected":false},"excerpt":{"rendered":"<p>Sleutelplaat Messing Antiek Ruit verticaal 40mm is een dun, maar erg stevig sleutelplaatje met op de hoeken uitstulpingen in de vorm van ravelijnen zoals je ziet bij Nederlandse vestingstadjes. Het sleutelplaatje heeft een antieke, licht glanzende, bronskleurige afwerking. Op het plaatje zit een heel fijn raster reli\u00ebf en als je goed kijkt twee kleine Franse [&hellip;]<\/p>\n","protected":false},"featured_media":4966,"template":"","meta":{"_acf_changed":false},"product_brand":[],"product_cat":[23,48],"product_tag":[],"class_list":{"0":"post-1424","1":"product","2":"type-product","3":"status-publish","4":"has-post-thumbnail","6":"product_cat-meubelbeslag","7":"product_cat-sleutelplaten","9":"first","10":"instock","11":"taxable","12":"shipping-taxable","13":"purchasable","14":"product-type-simple"},"acf":[],"yoast_head":"<!-- This site is optimized with the Yoast SEO plugin v27.3 - https:\/\/yoast.com\/product\/yoast-seo-wordpress\/ -->\n<title>Sleutelplaat Messing Antiek Ruit verticaal 40mm<\/title>\n<meta name=\"description\" content=\"Sleutelplaat Messing Antiek Ruit is dun, maar erg stevig met op de hoeken uitstulpingen in de vorm van ravelijnen zoals bij Nederlandse vestingstadjes.\" \/>\n<meta name=\"robots\" content=\"index, follow, max-snippet:-1, max-image-preview:large, max-video-preview:-1\" \/>\n<link rel=\"canonical\" href=\"https:\/\/partsandpieces.nl\/de\/produkt\/schlusselplatte-messing-antik-diamant-vertikal-40mm\/\" \/>\n<meta property=\"og:locale\" content=\"de_DE\" \/>\n<meta property=\"og:type\" content=\"article\" \/>\n<meta property=\"og:title\" content=\"Sleutelplaat Messing Antiek Ruit verticaal 40mm\" \/>\n<meta property=\"og:description\" content=\"Sleutelplaat Messing Antiek Ruit is dun, maar erg stevig met op de hoeken uitstulpingen in de vorm van ravelijnen zoals bij Nederlandse vestingstadjes.\" \/>\n<meta property=\"og:url\" content=\"https:\/\/partsandpieces.nl\/de\/produkt\/schlusselplatte-messing-antik-diamant-vertikal-40mm\/\" \/>\n<meta property=\"og:site_name\" content=\"Parts &amp; Pieces\" \/>\n<meta property=\"article:modified_time\" content=\"2025-06-08T17:40:08+00:00\" \/>\n<meta property=\"og:image\" content=\"https:\/\/partsandpieces.nl\/wp-content\/uploads\/2020\/08\/Sleutelplaat-Messing-Antiek-Ruit-verticaal-40mm.jpg\" \/>\n\t<meta property=\"og:image:width\" content=\"480\" \/>\n\t<meta property=\"og:image:height\" content=\"640\" \/>\n\t<meta property=\"og:image:type\" content=\"image\/jpeg\" \/>\n<meta name=\"twitter:card\" content=\"summary_large_image\" \/>\n<meta name=\"twitter:label1\" content=\"Gesch\u00e4tzte Lesezeit\" \/>\n\t<meta name=\"twitter:data1\" content=\"1\u00a0Minute\" \/>\n<script type=\"application\/ld+json\" class=\"yoast-schema-graph\">{\"@context\":\"https:\\\/\\\/schema.org\",\"@graph\":[{\"@type\":\"WebPage\",\"@id\":\"https:\\\/\\\/partsandpieces.nl\\\/product\\\/sleutelplaat-messing-antiek-ruit-verticaal-40mm\\\/\",\"url\":\"https:\\\/\\\/partsandpieces.nl\\\/product\\\/sleutelplaat-messing-antiek-ruit-verticaal-40mm\\\/\",\"name\":\"Sleutelplaat Messing Antiek Ruit verticaal 40mm\",\"isPartOf\":{\"@id\":\"https:\\\/\\\/partsandpieces.nl\\\/#website\"},\"primaryImageOfPage\":{\"@id\":\"https:\\\/\\\/partsandpieces.nl\\\/product\\\/sleutelplaat-messing-antiek-ruit-verticaal-40mm\\\/#primaryimage\"},\"image\":{\"@id\":\"https:\\\/\\\/partsandpieces.nl\\\/product\\\/sleutelplaat-messing-antiek-ruit-verticaal-40mm\\\/#primaryimage\"},\"thumbnailUrl\":\"https:\\\/\\\/partsandpieces.nl\\\/wp-content\\\/uploads\\\/2020\\\/08\\\/Sleutelplaat-Messing-Antiek-Ruit-verticaal-40mm.jpg\",\"datePublished\":\"2020-08-06T05:30:44+00:00\",\"dateModified\":\"2025-06-08T17:40:08+00:00\",\"description\":\"Sleutelplaat Messing Antiek Ruit is dun, maar erg stevig met op de hoeken uitstulpingen in de vorm van ravelijnen zoals bij Nederlandse vestingstadjes.\",\"breadcrumb\":{\"@id\":\"https:\\\/\\\/partsandpieces.nl\\\/product\\\/sleutelplaat-messing-antiek-ruit-verticaal-40mm\\\/#breadcrumb\"},\"inLanguage\":\"de\",\"potentialAction\":[{\"@type\":\"ReadAction\",\"target\":[\"https:\\\/\\\/partsandpieces.nl\\\/product\\\/sleutelplaat-messing-antiek-ruit-verticaal-40mm\\\/\"]}]},{\"@type\":\"ImageObject\",\"inLanguage\":\"de\",\"@id\":\"https:\\\/\\\/partsandpieces.nl\\\/product\\\/sleutelplaat-messing-antiek-ruit-verticaal-40mm\\\/#primaryimage\",\"url\":\"https:\\\/\\\/partsandpieces.nl\\\/wp-content\\\/uploads\\\/2020\\\/08\\\/Sleutelplaat-Messing-Antiek-Ruit-verticaal-40mm.jpg\",\"contentUrl\":\"https:\\\/\\\/partsandpieces.nl\\\/wp-content\\\/uploads\\\/2020\\\/08\\\/Sleutelplaat-Messing-Antiek-Ruit-verticaal-40mm.jpg\",\"width\":480,\"height\":640,\"caption\":\"Sleutelplaat Messing Antiek Ruit verticaal 40mm\"},{\"@type\":\"BreadcrumbList\",\"@id\":\"https:\\\/\\\/partsandpieces.nl\\\/product\\\/sleutelplaat-messing-antiek-ruit-verticaal-40mm\\\/#breadcrumb\",\"itemListElement\":[{\"@type\":\"ListItem\",\"position\":1,\"name\":\"Home\",\"item\":\"https:\\\/\\\/partsandpieces.nl\\\/home\\\/\"},{\"@type\":\"ListItem\",\"position\":2,\"name\":\"Winkel\",\"item\":\"https:\\\/\\\/partsandpieces.nl\\\/winkel\\\/\"},{\"@type\":\"ListItem\",\"position\":3,\"name\":\"Sleutelplaat Messing Antiek Ruit verticaal 40mm\"}]},{\"@type\":\"WebSite\",\"@id\":\"https:\\\/\\\/partsandpieces.nl\\\/#website\",\"url\":\"https:\\\/\\\/partsandpieces.nl\\\/\",\"name\":\"Parts &amp; Pieces\",\"description\":\"Alles voor uw meubelrestauratie en -onderhoud!\",\"potentialAction\":[{\"@type\":\"SearchAction\",\"target\":{\"@type\":\"EntryPoint\",\"urlTemplate\":\"https:\\\/\\\/partsandpieces.nl\\\/?s={search_term_string}\"},\"query-input\":{\"@type\":\"PropertyValueSpecification\",\"valueRequired\":true,\"valueName\":\"search_term_string\"}}],\"inLanguage\":\"de\"}]}<\/script>\n<!-- \/ Yoast SEO plugin. -->","yoast_head_json":{"title":"Schl\u00fcsselplatte Messing Antik Diamant vertikal 40mm","description":"Schl\u00fcsselplatte Messing Antique Diamond ist d\u00fcnn, aber sehr robust mit W\u00f6lbungen an den Ecken in Form von Ravelins wie in holl\u00e4ndischen Festungsst\u00e4dten.","robots":{"index":"index","follow":"follow","max-snippet":"max-snippet:-1","max-image-preview":"max-image-preview:large","max-video-preview":"max-video-preview:-1"},"canonical":"https:\/\/partsandpieces.nl\/de\/produkt\/schlusselplatte-messing-antik-diamant-vertikal-40mm\/","og_locale":"de_DE","og_type":"article","og_title":"Sleutelplaat Messing Antiek Ruit verticaal 40mm","og_description":"Sleutelplaat Messing Antiek Ruit is dun, maar erg stevig met op de hoeken uitstulpingen in de vorm van ravelijnen zoals bij Nederlandse vestingstadjes.","og_url":"https:\/\/partsandpieces.nl\/de\/produkt\/schlusselplatte-messing-antik-diamant-vertikal-40mm\/","og_site_name":"Parts &amp; Pieces","article_modified_time":"2025-06-08T17:40:08+00:00","og_image":[{"width":480,"height":640,"url":"https:\/\/partsandpieces.nl\/wp-content\/uploads\/2020\/08\/Sleutelplaat-Messing-Antiek-Ruit-verticaal-40mm.jpg","type":"image\/jpeg"}],"twitter_card":"summary_large_image","twitter_misc":{"Gesch\u00e4tzte Lesezeit":"1\u00a0Minute"},"schema":{"@context":"https:\/\/schema.org","@graph":[{"@type":"WebPage","@id":"https:\/\/partsandpieces.nl\/product\/sleutelplaat-messing-antiek-ruit-verticaal-40mm\/","url":"https:\/\/partsandpieces.nl\/product\/sleutelplaat-messing-antiek-ruit-verticaal-40mm\/","name":"Schl\u00fcsselplatte Messing Antik Diamant vertikal 40mm","isPartOf":{"@id":"https:\/\/partsandpieces.nl\/#website"},"primaryImageOfPage":{"@id":"https:\/\/partsandpieces.nl\/product\/sleutelplaat-messing-antiek-ruit-verticaal-40mm\/#primaryimage"},"image":{"@id":"https:\/\/partsandpieces.nl\/product\/sleutelplaat-messing-antiek-ruit-verticaal-40mm\/#primaryimage"},"thumbnailUrl":"https:\/\/partsandpieces.nl\/wp-content\/uploads\/2020\/08\/Sleutelplaat-Messing-Antiek-Ruit-verticaal-40mm.jpg","datePublished":"2020-08-06T05:30:44+00:00","dateModified":"2025-06-08T17:40:08+00:00","description":"Schl\u00fcsselplatte Messing Antique Diamond ist d\u00fcnn, aber sehr robust mit W\u00f6lbungen an den Ecken in Form von Ravelins wie in holl\u00e4ndischen Festungsst\u00e4dten.","breadcrumb":{"@id":"https:\/\/partsandpieces.nl\/product\/sleutelplaat-messing-antiek-ruit-verticaal-40mm\/#breadcrumb"},"inLanguage":"de","potentialAction":[{"@type":"ReadAction","target":["https:\/\/partsandpieces.nl\/product\/sleutelplaat-messing-antiek-ruit-verticaal-40mm\/"]}]},{"@type":"ImageObject","inLanguage":"de","@id":"https:\/\/partsandpieces.nl\/product\/sleutelplaat-messing-antiek-ruit-verticaal-40mm\/#primaryimage","url":"https:\/\/partsandpieces.nl\/wp-content\/uploads\/2020\/08\/Sleutelplaat-Messing-Antiek-Ruit-verticaal-40mm.jpg","contentUrl":"https:\/\/partsandpieces.nl\/wp-content\/uploads\/2020\/08\/Sleutelplaat-Messing-Antiek-Ruit-verticaal-40mm.jpg","width":480,"height":640,"caption":"Sleutelplaat Messing Antiek Ruit verticaal 40mm"},{"@type":"BreadcrumbList","@id":"https:\/\/partsandpieces.nl\/product\/sleutelplaat-messing-antiek-ruit-verticaal-40mm\/#breadcrumb","itemListElement":[{"@type":"ListItem","position":1,"name":"Home","item":"https:\/\/partsandpieces.nl\/home\/"},{"@type":"ListItem","position":2,"name":"Winkel","item":"https:\/\/partsandpieces.nl\/winkel\/"},{"@type":"ListItem","position":3,"name":"Sleutelplaat Messing Antiek Ruit verticaal 40mm"}]},{"@type":"WebSite","@id":"https:\/\/partsandpieces.nl\/#website","url":"https:\/\/partsandpieces.nl\/","name":"Teile &amp; St\u00fccke","description":"Alles f\u00fcr Ihre M\u00f6belrestaurierung und -pflege!","potentialAction":[{"@type":"SearchAction","target":{"@type":"EntryPoint","urlTemplate":"https:\/\/partsandpieces.nl\/?s={search_term_string}"},"query-input":{"@type":"PropertyValueSpecification","valueRequired":true,"valueName":"search_term_string"}}],"inLanguage":"de"}]}},"_links":{"self":[{"href":"https:\/\/partsandpieces.nl\/de\/wp-json\/wp\/v2\/product\/1424","targetHints":{"allow":["GET"]}}],"collection":[{"href":"https:\/\/partsandpieces.nl\/de\/wp-json\/wp\/v2\/product"}],"about":[{"href":"https:\/\/partsandpieces.nl\/de\/wp-json\/wp\/v2\/types\/product"}],"wp:featuredmedia":[{"embeddable":true,"href":"https:\/\/partsandpieces.nl\/de\/wp-json\/wp\/v2\/media\/4966"}],"wp:attachment":[{"href":"https:\/\/partsandpieces.nl\/de\/wp-json\/wp\/v2\/media?parent=1424"}],"wp:term":[{"taxonomy":"product_brand","embeddable":true,"href":"https:\/\/partsandpieces.nl\/de\/wp-json\/wp\/v2\/product_brand?post=1424"},{"taxonomy":"product_cat","embeddable":true,"href":"https:\/\/partsandpieces.nl\/de\/wp-json\/wp\/v2\/product_cat?post=1424"},{"taxonomy":"product_tag","embeddable":true,"href":"https:\/\/partsandpieces.nl\/de\/wp-json\/wp\/v2\/product_tag?post=1424"}],"curies":[{"name":"wp","href":"https:\/\/api.w.org\/{rel}","templated":true}]}}