{"id":1434,"date":"2020-08-06T07:39:43","date_gmt":"2020-08-06T07:39:43","guid":{"rendered":"https:\/\/partsandpieces.bonsaidev.nl\/?product=sleutelplaat-ruit-geroest-84x45mm"},"modified":"2026-02-10T16:16:35","modified_gmt":"2026-02-10T15:16:35","slug":"schlusselplatte-eisen-rost-diamant-horizontal-80x45mm","status":"publish","type":"product","link":"https:\/\/partsandpieces.nl\/de\/product\/sleutelplaat-ijzer-roest-ruit-horizontaal-80x45mm\/","title":{"rendered":"Schl\u00fcsselplatte Eisen Rost Diamant horizontal 80x45mm"},"content":{"rendered":"<p><strong>Schl\u00fcsselplatte Eisen Rost Diamant horizontal 80x45mm<\/strong> ist ein flaches Schl\u00fcsselschild f\u00fcr M\u00f6belt\u00fcren und Schubladen. Die Schl\u00fcsselplatte hat eine verrostete Oberfl\u00e4che. Der Rost ist sichtbar!<\/p>\n<p><strong>Ma\u00dfe<br \/>\n<\/strong>Schl\u00fcsselplatte Eisen Rost Diamant horizontal 80x45mm hat eine Breite von 80mm und eine H\u00f6he von 45mm. Das Schl\u00fcsselloch ist 16 mm hoch.<\/p>\n<p><strong>Bearbeiten<br \/>\n<\/strong>Sie k\u00f6nnen die Schl\u00fcsselplatte mit montieren\u00a0<span style=\"text-decoration: underline;\"><a href=\"https:\/\/partsandpieces.nl\/de\/produkt\/schrauben-mit-rundkopf-antikbronze-mit-schlitz-2-x-14-mm\/\">Schraube Rundkopf Antik Bronze mit Schlitz (2x14mm)<\/a><\/span>. Ich schicke diese Schraube\u00a0<strong>FREI<\/strong>\u00a0mit Ihrer Bestellung.<\/p>","protected":false},"excerpt":{"rendered":"<p>Sleutelplaat IJzer Roest Ruit horizontaal 80x45mm is een platte sleutelplaat voor meubeldeurtjes en -lades. De sleutelplaat heeft een geroeste afwerking. De roest geeft af! Afmetingen Sleutelplaat IJzer Roest Ruit horizontaal 80x45mm heeft een breedte van 80mm en een hoogte van 45mm. Het sleutelgat is 16mm hoog. Montage Je kunt de sleutelplaat monteren met\u00a0Schroef Bolkop Antiek [&hellip;]<\/p>\n","protected":false},"featured_media":7836,"template":"","meta":{"_acf_changed":false},"product_brand":[],"product_cat":[23,48],"product_tag":[],"class_list":{"0":"post-1434","1":"product","2":"type-product","3":"status-publish","4":"has-post-thumbnail","6":"product_cat-meubelbeslag","7":"product_cat-sleutelplaten","9":"first","10":"instock","11":"taxable","12":"shipping-taxable","13":"purchasable","14":"product-type-simple"},"acf":[],"yoast_head":"<!-- This site is optimized with the Yoast SEO plugin v27.3 - https:\/\/yoast.com\/product\/yoast-seo-wordpress\/ -->\n<title>Sleutelplaat Roest Ruit horizontaal 80x45mm<\/title>\n<meta name=\"description\" content=\"Sleutelplaat IJzer Roest Ruit horizontaal 80x45mm is een platte sleutelplaat voor meubeldeurtjes en -lades. De sleutelplaat heeft een geroeste afwerking.\" \/>\n<meta name=\"robots\" content=\"index, follow, max-snippet:-1, max-image-preview:large, max-video-preview:-1\" \/>\n<link rel=\"canonical\" href=\"https:\/\/partsandpieces.nl\/de\/produkt\/schlusselplatte-eisen-rost-diamant-horizontal-80x45mm\/\" \/>\n<meta property=\"og:locale\" content=\"de_DE\" \/>\n<meta property=\"og:type\" content=\"article\" \/>\n<meta property=\"og:title\" content=\"Sleutelplaat Roest Ruit horizontaal 80x45mm\" \/>\n<meta property=\"og:description\" content=\"Sleutelplaat IJzer Roest Ruit horizontaal 80x45mm is een platte sleutelplaat voor meubeldeurtjes en -lades. De sleutelplaat heeft een geroeste afwerking.\" \/>\n<meta property=\"og:url\" content=\"https:\/\/partsandpieces.nl\/de\/produkt\/schlusselplatte-eisen-rost-diamant-horizontal-80x45mm\/\" \/>\n<meta property=\"og:site_name\" content=\"Parts &amp; Pieces\" \/>\n<meta property=\"article:modified_time\" content=\"2026-02-10T15:16:35+00:00\" \/>\n<meta property=\"og:image\" content=\"https:\/\/partsandpieces.nl\/wp-content\/uploads\/2020\/08\/Sleutelplaat-IJzer-Roest-Ruit-horizontaal-80x45mm.jpg\" \/>\n\t<meta property=\"og:image:width\" content=\"394\" \/>\n\t<meta property=\"og:image:height\" content=\"396\" \/>\n\t<meta property=\"og:image:type\" content=\"image\/jpeg\" \/>\n<meta name=\"twitter:card\" content=\"summary_large_image\" \/>\n<meta name=\"twitter:label1\" content=\"Gesch\u00e4tzte Lesezeit\" \/>\n\t<meta name=\"twitter:data1\" content=\"1\u00a0Minute\" \/>\n<script type=\"application\/ld+json\" class=\"yoast-schema-graph\">{\"@context\":\"https:\\\/\\\/schema.org\",\"@graph\":[{\"@type\":\"WebPage\",\"@id\":\"https:\\\/\\\/partsandpieces.nl\\\/product\\\/sleutelplaat-ijzer-roest-ruit-horizontaal-80x45mm\\\/\",\"url\":\"https:\\\/\\\/partsandpieces.nl\\\/product\\\/sleutelplaat-ijzer-roest-ruit-horizontaal-80x45mm\\\/\",\"name\":\"Sleutelplaat Roest Ruit horizontaal 80x45mm\",\"isPartOf\":{\"@id\":\"https:\\\/\\\/partsandpieces.nl\\\/#website\"},\"primaryImageOfPage\":{\"@id\":\"https:\\\/\\\/partsandpieces.nl\\\/product\\\/sleutelplaat-ijzer-roest-ruit-horizontaal-80x45mm\\\/#primaryimage\"},\"image\":{\"@id\":\"https:\\\/\\\/partsandpieces.nl\\\/product\\\/sleutelplaat-ijzer-roest-ruit-horizontaal-80x45mm\\\/#primaryimage\"},\"thumbnailUrl\":\"https:\\\/\\\/partsandpieces.nl\\\/wp-content\\\/uploads\\\/2020\\\/08\\\/Sleutelplaat-IJzer-Roest-Ruit-horizontaal-80x45mm.jpg\",\"datePublished\":\"2020-08-06T07:39:43+00:00\",\"dateModified\":\"2026-02-10T15:16:35+00:00\",\"description\":\"Sleutelplaat IJzer Roest Ruit horizontaal 80x45mm is een platte sleutelplaat voor meubeldeurtjes en -lades. De sleutelplaat heeft een geroeste afwerking.\",\"breadcrumb\":{\"@id\":\"https:\\\/\\\/partsandpieces.nl\\\/product\\\/sleutelplaat-ijzer-roest-ruit-horizontaal-80x45mm\\\/#breadcrumb\"},\"inLanguage\":\"de\",\"potentialAction\":[{\"@type\":\"ReadAction\",\"target\":[\"https:\\\/\\\/partsandpieces.nl\\\/product\\\/sleutelplaat-ijzer-roest-ruit-horizontaal-80x45mm\\\/\"]}]},{\"@type\":\"ImageObject\",\"inLanguage\":\"de\",\"@id\":\"https:\\\/\\\/partsandpieces.nl\\\/product\\\/sleutelplaat-ijzer-roest-ruit-horizontaal-80x45mm\\\/#primaryimage\",\"url\":\"https:\\\/\\\/partsandpieces.nl\\\/wp-content\\\/uploads\\\/2020\\\/08\\\/Sleutelplaat-IJzer-Roest-Ruit-horizontaal-80x45mm.jpg\",\"contentUrl\":\"https:\\\/\\\/partsandpieces.nl\\\/wp-content\\\/uploads\\\/2020\\\/08\\\/Sleutelplaat-IJzer-Roest-Ruit-horizontaal-80x45mm.jpg\",\"width\":394,\"height\":396,\"caption\":\"Sleutelplaat IJzer Roest Ruit horizontaal 80x45mm is een platte sleutelplaat voor meubeldeurtjes en -lades. De sleutelplaat heeft een geroeste afwerking.\"},{\"@type\":\"BreadcrumbList\",\"@id\":\"https:\\\/\\\/partsandpieces.nl\\\/product\\\/sleutelplaat-ijzer-roest-ruit-horizontaal-80x45mm\\\/#breadcrumb\",\"itemListElement\":[{\"@type\":\"ListItem\",\"position\":1,\"name\":\"Home\",\"item\":\"https:\\\/\\\/partsandpieces.nl\\\/home\\\/\"},{\"@type\":\"ListItem\",\"position\":2,\"name\":\"Winkel\",\"item\":\"https:\\\/\\\/partsandpieces.nl\\\/winkel\\\/\"},{\"@type\":\"ListItem\",\"position\":3,\"name\":\"Sleutelplaat IJzer Roest Ruit horizontaal 80x45mm\"}]},{\"@type\":\"WebSite\",\"@id\":\"https:\\\/\\\/partsandpieces.nl\\\/#website\",\"url\":\"https:\\\/\\\/partsandpieces.nl\\\/\",\"name\":\"Parts &amp; Pieces\",\"description\":\"Alles voor uw meubelrestauratie en -onderhoud!\",\"potentialAction\":[{\"@type\":\"SearchAction\",\"target\":{\"@type\":\"EntryPoint\",\"urlTemplate\":\"https:\\\/\\\/partsandpieces.nl\\\/?s={search_term_string}\"},\"query-input\":{\"@type\":\"PropertyValueSpecification\",\"valueRequired\":true,\"valueName\":\"search_term_string\"}}],\"inLanguage\":\"de\"}]}<\/script>\n<!-- \/ Yoast SEO plugin. -->","yoast_head_json":{"title":"Schl\u00fcsselplatte Rostfenster horizontal 80x45mm","description":"Schl\u00fcsselplatte Iron Rust Diamond horizontal 80x45mm ist eine flache Schl\u00fcsselplatte f\u00fcr M\u00f6belt\u00fcren und Schubladen. Die Schl\u00fcsselplatte hat eine verrostete Oberfl\u00e4che.","robots":{"index":"index","follow":"follow","max-snippet":"max-snippet:-1","max-image-preview":"max-image-preview:large","max-video-preview":"max-video-preview:-1"},"canonical":"https:\/\/partsandpieces.nl\/de\/produkt\/schlusselplatte-eisen-rost-diamant-horizontal-80x45mm\/","og_locale":"de_DE","og_type":"article","og_title":"Sleutelplaat Roest Ruit horizontaal 80x45mm","og_description":"Sleutelplaat IJzer Roest Ruit horizontaal 80x45mm is een platte sleutelplaat voor meubeldeurtjes en -lades. De sleutelplaat heeft een geroeste afwerking.","og_url":"https:\/\/partsandpieces.nl\/de\/produkt\/schlusselplatte-eisen-rost-diamant-horizontal-80x45mm\/","og_site_name":"Parts &amp; Pieces","article_modified_time":"2026-02-10T15:16:35+00:00","og_image":[{"width":394,"height":396,"url":"https:\/\/partsandpieces.nl\/wp-content\/uploads\/2020\/08\/Sleutelplaat-IJzer-Roest-Ruit-horizontaal-80x45mm.jpg","type":"image\/jpeg"}],"twitter_card":"summary_large_image","twitter_misc":{"Gesch\u00e4tzte Lesezeit":"1\u00a0Minute"},"schema":{"@context":"https:\/\/schema.org","@graph":[{"@type":"WebPage","@id":"https:\/\/partsandpieces.nl\/product\/sleutelplaat-ijzer-roest-ruit-horizontaal-80x45mm\/","url":"https:\/\/partsandpieces.nl\/product\/sleutelplaat-ijzer-roest-ruit-horizontaal-80x45mm\/","name":"Schl\u00fcsselplatte Rostfenster horizontal 80x45mm","isPartOf":{"@id":"https:\/\/partsandpieces.nl\/#website"},"primaryImageOfPage":{"@id":"https:\/\/partsandpieces.nl\/product\/sleutelplaat-ijzer-roest-ruit-horizontaal-80x45mm\/#primaryimage"},"image":{"@id":"https:\/\/partsandpieces.nl\/product\/sleutelplaat-ijzer-roest-ruit-horizontaal-80x45mm\/#primaryimage"},"thumbnailUrl":"https:\/\/partsandpieces.nl\/wp-content\/uploads\/2020\/08\/Sleutelplaat-IJzer-Roest-Ruit-horizontaal-80x45mm.jpg","datePublished":"2020-08-06T07:39:43+00:00","dateModified":"2026-02-10T15:16:35+00:00","description":"Schl\u00fcsselplatte Iron Rust Diamond horizontal 80x45mm ist eine flache Schl\u00fcsselplatte f\u00fcr M\u00f6belt\u00fcren und Schubladen. Die Schl\u00fcsselplatte hat eine verrostete Oberfl\u00e4che.","breadcrumb":{"@id":"https:\/\/partsandpieces.nl\/product\/sleutelplaat-ijzer-roest-ruit-horizontaal-80x45mm\/#breadcrumb"},"inLanguage":"de","potentialAction":[{"@type":"ReadAction","target":["https:\/\/partsandpieces.nl\/product\/sleutelplaat-ijzer-roest-ruit-horizontaal-80x45mm\/"]}]},{"@type":"ImageObject","inLanguage":"de","@id":"https:\/\/partsandpieces.nl\/product\/sleutelplaat-ijzer-roest-ruit-horizontaal-80x45mm\/#primaryimage","url":"https:\/\/partsandpieces.nl\/wp-content\/uploads\/2020\/08\/Sleutelplaat-IJzer-Roest-Ruit-horizontaal-80x45mm.jpg","contentUrl":"https:\/\/partsandpieces.nl\/wp-content\/uploads\/2020\/08\/Sleutelplaat-IJzer-Roest-Ruit-horizontaal-80x45mm.jpg","width":394,"height":396,"caption":"Sleutelplaat IJzer Roest Ruit horizontaal 80x45mm is een platte sleutelplaat voor meubeldeurtjes en -lades. De sleutelplaat heeft een geroeste afwerking."},{"@type":"BreadcrumbList","@id":"https:\/\/partsandpieces.nl\/product\/sleutelplaat-ijzer-roest-ruit-horizontaal-80x45mm\/#breadcrumb","itemListElement":[{"@type":"ListItem","position":1,"name":"Home","item":"https:\/\/partsandpieces.nl\/home\/"},{"@type":"ListItem","position":2,"name":"Winkel","item":"https:\/\/partsandpieces.nl\/winkel\/"},{"@type":"ListItem","position":3,"name":"Sleutelplaat IJzer Roest Ruit horizontaal 80x45mm"}]},{"@type":"WebSite","@id":"https:\/\/partsandpieces.nl\/#website","url":"https:\/\/partsandpieces.nl\/","name":"Teile &amp; St\u00fccke","description":"Alles f\u00fcr Ihre M\u00f6belrestaurierung und -pflege!","potentialAction":[{"@type":"SearchAction","target":{"@type":"EntryPoint","urlTemplate":"https:\/\/partsandpieces.nl\/?s={search_term_string}"},"query-input":{"@type":"PropertyValueSpecification","valueRequired":true,"valueName":"search_term_string"}}],"inLanguage":"de"}]}},"_links":{"self":[{"href":"https:\/\/partsandpieces.nl\/de\/wp-json\/wp\/v2\/product\/1434","targetHints":{"allow":["GET"]}}],"collection":[{"href":"https:\/\/partsandpieces.nl\/de\/wp-json\/wp\/v2\/product"}],"about":[{"href":"https:\/\/partsandpieces.nl\/de\/wp-json\/wp\/v2\/types\/product"}],"wp:featuredmedia":[{"embeddable":true,"href":"https:\/\/partsandpieces.nl\/de\/wp-json\/wp\/v2\/media\/7836"}],"wp:attachment":[{"href":"https:\/\/partsandpieces.nl\/de\/wp-json\/wp\/v2\/media?parent=1434"}],"wp:term":[{"taxonomy":"product_brand","embeddable":true,"href":"https:\/\/partsandpieces.nl\/de\/wp-json\/wp\/v2\/product_brand?post=1434"},{"taxonomy":"product_cat","embeddable":true,"href":"https:\/\/partsandpieces.nl\/de\/wp-json\/wp\/v2\/product_cat?post=1434"},{"taxonomy":"product_tag","embeddable":true,"href":"https:\/\/partsandpieces.nl\/de\/wp-json\/wp\/v2\/product_tag?post=1434"}],"curies":[{"name":"wp","href":"https:\/\/api.w.org\/{rel}","templated":true}]}}