{"id":144,"date":"2020-05-25T13:40:04","date_gmt":"2020-05-25T11:40:04","guid":{"rendered":"https:\/\/partsandpieces.bonsaidev.nl\/?product=borma-wachs-4100-2k-katalysator-voor-watergedragen-lakken-100ml"},"modified":"2026-03-24T08:51:17","modified_gmt":"2026-03-24T07:51:17","slug":"harter-fur-wasserbasierte-lacke-aus-bormawachs","status":"publish","type":"product","link":"https:\/\/partsandpieces.nl\/de\/product\/verharder-watergedragen-lakken-van-borma-wachs\/","title":{"rendered":"Borma Wachs H\u00e4rter f\u00fcr Wasserlacke (4100-2K)"},"content":{"rendered":"<p><strong>Borma Wachs H\u00e4rter f\u00fcr Wasserlacke (4100-2K)<\/strong> wurde speziell f\u00fcr den Einsatz in Kombination mit den Wasserlacken entwickelt <span style=\"text-decoration: underline;\"><a href=\"https:\/\/bormawachs.com\/?lang=2\">Borma Wachs<\/a><\/span>. Es verst\u00e4rkt die Kratzfestigkeit und schmutzabweisende Wirkung der Lacke.<\/p>\n<p>Verwenden Sie es mit:<br \/>\n<strong><span style=\"text-decoration: underline;\"><span style=\"color: #000000; text-decoration: underline;\">\u2013 <a style=\"color: #000000; text-decoration: underline;\" href=\"https:\/\/partsandpieces.nl\/de\/produktkategorie-2\/oberflachenbehandlung-2\/parkettlack\/\">Parkettlack<\/a><\/span><\/span><\/strong><br \/>\n<strong><span style=\"text-decoration: underline;\"><span style=\"color: #000000; text-decoration: underline;\">\u2013 <a style=\"color: #000000; text-decoration: underline;\" href=\"https:\/\/partsandpieces.nl\/de\/produktkategorie-2\/oberflachenbehandlung-2\/mobilack\/\">Mobilack<\/a><\/span><\/span><\/strong><br \/>\n<strong><span style=\"text-decoration: underline;\"><span style=\"color: #000000; text-decoration: underline;\">\u2013 <a style=\"color: #000000; text-decoration: underline;\" href=\"https:\/\/partsandpieces.nl\/de\/produktkategorie-2\/oberflachenbehandlung-2\/invisible-touch\/\">Unsichtbare Touch-Lackierung<\/a><\/span><\/span><\/strong><\/p>\n<p>Durch die Zugabe zu den Lacken im Verh\u00e4ltnis 10:1 beschleunigen Sie den Aush\u00e4rtungsprozess und erhalten eine extra starke Lackschicht. Nur f\u00fcr <span style=\"color: #000000;\">Fachmann<\/span> Verwendung.<\/p>","protected":false},"excerpt":{"rendered":"<p>Borma Wachs Verharder voor watergedragen lakken (4100-2K) is speciaal ontwikkeld om te gebruiken in combinatie met de watergedragen lakken van Borma Wachs. Het versterkt de krasbestendigheid en vuil afstotende effect van de lakken. Te gebruiken bij: &#8211; Parketlak &#8211; Mobilack &#8211; Invisible Touch lak Door toevoeging aan de lakken in een verhouding van 10 : [&hellip;]<\/p>\n","protected":false},"featured_media":146,"template":"","meta":{"_acf_changed":false},"product_brand":[],"product_cat":[112,114,64,113],"product_tag":[],"class_list":{"0":"post-144","1":"product","2":"type-product","3":"status-publish","4":"has-post-thumbnail","6":"product_cat-ontdek-invisible-touch-matte-lak","7":"product_cat-mobilack-lak-voor-meubels-tegen-slijtage","8":"product_cat-oppervlakte-behandeling-borma-wachs","9":"product_cat-parket-lak","11":"first","12":"instock","13":"taxable","14":"shipping-taxable","15":"purchasable","16":"product-type-variable","17":"has-default-attributes"},"acf":[],"yoast_head":"<!-- This site is optimized with the Yoast SEO plugin v27.3 - https:\/\/yoast.com\/product\/yoast-seo-wordpress\/ -->\n<title>Verharder watergedragen lakken van Borma Wachs<\/title>\n<meta name=\"description\" content=\"Verharder watergedragen lakken van Borma Wachs (4100-2K) versterkt de krasbestendigheid en vuil afstotende effect van de lak.\" \/>\n<meta name=\"robots\" content=\"index, follow, max-snippet:-1, max-image-preview:large, max-video-preview:-1\" \/>\n<link rel=\"canonical\" href=\"https:\/\/partsandpieces.nl\/de\/produkt\/harter-fur-wasserbasierte-lacke-aus-bormawachs\/\" \/>\n<meta property=\"og:locale\" content=\"de_DE\" \/>\n<meta property=\"og:type\" content=\"article\" \/>\n<meta property=\"og:title\" content=\"Verharder watergedragen lakken van Borma Wachs\" \/>\n<meta property=\"og:description\" content=\"Verharder watergedragen lakken van Borma Wachs (4100-2K) versterkt de krasbestendigheid en vuil afstotende effect van de lak.\" \/>\n<meta property=\"og:url\" content=\"https:\/\/partsandpieces.nl\/de\/produkt\/harter-fur-wasserbasierte-lacke-aus-bormawachs\/\" \/>\n<meta property=\"og:site_name\" content=\"Parts &amp; Pieces\" \/>\n<meta property=\"article:modified_time\" content=\"2026-03-24T07:51:17+00:00\" \/>\n<meta property=\"og:image\" content=\"https:\/\/partsandpieces.nl\/wp-content\/uploads\/2022\/09\/NAT41002K.jpg\" \/>\n\t<meta property=\"og:image:width\" content=\"600\" \/>\n\t<meta property=\"og:image:height\" content=\"600\" \/>\n\t<meta property=\"og:image:type\" content=\"image\/jpeg\" \/>\n<meta name=\"twitter:card\" content=\"summary_large_image\" \/>\n<meta name=\"twitter:label1\" content=\"Gesch\u00e4tzte Lesezeit\" \/>\n\t<meta name=\"twitter:data1\" content=\"1\u00a0Minute\" \/>\n<script type=\"application\/ld+json\" class=\"yoast-schema-graph\">{\"@context\":\"https:\\\/\\\/schema.org\",\"@graph\":[{\"@type\":\"WebPage\",\"@id\":\"https:\\\/\\\/partsandpieces.nl\\\/product\\\/verharder-watergedragen-lakken-van-borma-wachs\\\/\",\"url\":\"https:\\\/\\\/partsandpieces.nl\\\/product\\\/verharder-watergedragen-lakken-van-borma-wachs\\\/\",\"name\":\"Verharder watergedragen lakken van Borma Wachs\",\"isPartOf\":{\"@id\":\"https:\\\/\\\/partsandpieces.nl\\\/#website\"},\"primaryImageOfPage\":{\"@id\":\"https:\\\/\\\/partsandpieces.nl\\\/product\\\/verharder-watergedragen-lakken-van-borma-wachs\\\/#primaryimage\"},\"image\":{\"@id\":\"https:\\\/\\\/partsandpieces.nl\\\/product\\\/verharder-watergedragen-lakken-van-borma-wachs\\\/#primaryimage\"},\"thumbnailUrl\":\"https:\\\/\\\/partsandpieces.nl\\\/wp-content\\\/uploads\\\/2022\\\/09\\\/NAT41002K.jpg\",\"datePublished\":\"2020-05-25T11:40:04+00:00\",\"dateModified\":\"2026-03-24T07:51:17+00:00\",\"description\":\"Verharder watergedragen lakken van Borma Wachs (4100-2K) versterkt de krasbestendigheid en vuil afstotende effect van de lak.\",\"breadcrumb\":{\"@id\":\"https:\\\/\\\/partsandpieces.nl\\\/product\\\/verharder-watergedragen-lakken-van-borma-wachs\\\/#breadcrumb\"},\"inLanguage\":\"de\",\"potentialAction\":[{\"@type\":\"ReadAction\",\"target\":[\"https:\\\/\\\/partsandpieces.nl\\\/product\\\/verharder-watergedragen-lakken-van-borma-wachs\\\/\"]}]},{\"@type\":\"ImageObject\",\"inLanguage\":\"de\",\"@id\":\"https:\\\/\\\/partsandpieces.nl\\\/product\\\/verharder-watergedragen-lakken-van-borma-wachs\\\/#primaryimage\",\"url\":\"https:\\\/\\\/partsandpieces.nl\\\/wp-content\\\/uploads\\\/2022\\\/09\\\/NAT41002K.jpg\",\"contentUrl\":\"https:\\\/\\\/partsandpieces.nl\\\/wp-content\\\/uploads\\\/2022\\\/09\\\/NAT41002K.jpg\",\"width\":600,\"height\":600},{\"@type\":\"BreadcrumbList\",\"@id\":\"https:\\\/\\\/partsandpieces.nl\\\/product\\\/verharder-watergedragen-lakken-van-borma-wachs\\\/#breadcrumb\",\"itemListElement\":[{\"@type\":\"ListItem\",\"position\":1,\"name\":\"Home\",\"item\":\"https:\\\/\\\/partsandpieces.nl\\\/home\\\/\"},{\"@type\":\"ListItem\",\"position\":2,\"name\":\"Winkel\",\"item\":\"https:\\\/\\\/partsandpieces.nl\\\/winkel\\\/\"},{\"@type\":\"ListItem\",\"position\":3,\"name\":\"Borma Wachs Verharder voor watergedragen lakken (4100-2K)\"}]},{\"@type\":\"WebSite\",\"@id\":\"https:\\\/\\\/partsandpieces.nl\\\/#website\",\"url\":\"https:\\\/\\\/partsandpieces.nl\\\/\",\"name\":\"Parts &amp; Pieces\",\"description\":\"Alles voor uw meubelrestauratie en -onderhoud!\",\"potentialAction\":[{\"@type\":\"SearchAction\",\"target\":{\"@type\":\"EntryPoint\",\"urlTemplate\":\"https:\\\/\\\/partsandpieces.nl\\\/?s={search_term_string}\"},\"query-input\":{\"@type\":\"PropertyValueSpecification\",\"valueRequired\":true,\"valueName\":\"search_term_string\"}}],\"inLanguage\":\"de\"}]}<\/script>\n<!-- \/ Yoast SEO plugin. -->","yoast_head_json":{"title":"H\u00e4rter f\u00fcr Wasserlacke von Borma Wachs","description":"H\u00e4rter Wasserlacke von Borma Wachs (4100-2K) verst\u00e4rkt die Kratzfestigkeit und schmutzabweisende Wirkung des Lackes.","robots":{"index":"index","follow":"follow","max-snippet":"max-snippet:-1","max-image-preview":"max-image-preview:large","max-video-preview":"max-video-preview:-1"},"canonical":"https:\/\/partsandpieces.nl\/de\/produkt\/harter-fur-wasserbasierte-lacke-aus-bormawachs\/","og_locale":"de_DE","og_type":"article","og_title":"Verharder watergedragen lakken van Borma Wachs","og_description":"Verharder watergedragen lakken van Borma Wachs (4100-2K) versterkt de krasbestendigheid en vuil afstotende effect van de lak.","og_url":"https:\/\/partsandpieces.nl\/de\/produkt\/harter-fur-wasserbasierte-lacke-aus-bormawachs\/","og_site_name":"Parts &amp; Pieces","article_modified_time":"2026-03-24T07:51:17+00:00","og_image":[{"width":600,"height":600,"url":"https:\/\/partsandpieces.nl\/wp-content\/uploads\/2022\/09\/NAT41002K.jpg","type":"image\/jpeg"}],"twitter_card":"summary_large_image","twitter_misc":{"Gesch\u00e4tzte Lesezeit":"1\u00a0Minute"},"schema":{"@context":"https:\/\/schema.org","@graph":[{"@type":"WebPage","@id":"https:\/\/partsandpieces.nl\/product\/verharder-watergedragen-lakken-van-borma-wachs\/","url":"https:\/\/partsandpieces.nl\/product\/verharder-watergedragen-lakken-van-borma-wachs\/","name":"H\u00e4rter f\u00fcr Wasserlacke von Borma Wachs","isPartOf":{"@id":"https:\/\/partsandpieces.nl\/#website"},"primaryImageOfPage":{"@id":"https:\/\/partsandpieces.nl\/product\/verharder-watergedragen-lakken-van-borma-wachs\/#primaryimage"},"image":{"@id":"https:\/\/partsandpieces.nl\/product\/verharder-watergedragen-lakken-van-borma-wachs\/#primaryimage"},"thumbnailUrl":"https:\/\/partsandpieces.nl\/wp-content\/uploads\/2022\/09\/NAT41002K.jpg","datePublished":"2020-05-25T11:40:04+00:00","dateModified":"2026-03-24T07:51:17+00:00","description":"H\u00e4rter Wasserlacke von Borma Wachs (4100-2K) verst\u00e4rkt die Kratzfestigkeit und schmutzabweisende Wirkung des Lackes.","breadcrumb":{"@id":"https:\/\/partsandpieces.nl\/product\/verharder-watergedragen-lakken-van-borma-wachs\/#breadcrumb"},"inLanguage":"de","potentialAction":[{"@type":"ReadAction","target":["https:\/\/partsandpieces.nl\/product\/verharder-watergedragen-lakken-van-borma-wachs\/"]}]},{"@type":"ImageObject","inLanguage":"de","@id":"https:\/\/partsandpieces.nl\/product\/verharder-watergedragen-lakken-van-borma-wachs\/#primaryimage","url":"https:\/\/partsandpieces.nl\/wp-content\/uploads\/2022\/09\/NAT41002K.jpg","contentUrl":"https:\/\/partsandpieces.nl\/wp-content\/uploads\/2022\/09\/NAT41002K.jpg","width":600,"height":600},{"@type":"BreadcrumbList","@id":"https:\/\/partsandpieces.nl\/product\/verharder-watergedragen-lakken-van-borma-wachs\/#breadcrumb","itemListElement":[{"@type":"ListItem","position":1,"name":"Home","item":"https:\/\/partsandpieces.nl\/home\/"},{"@type":"ListItem","position":2,"name":"Winkel","item":"https:\/\/partsandpieces.nl\/winkel\/"},{"@type":"ListItem","position":3,"name":"Borma Wachs Verharder voor watergedragen lakken (4100-2K)"}]},{"@type":"WebSite","@id":"https:\/\/partsandpieces.nl\/#website","url":"https:\/\/partsandpieces.nl\/","name":"Teile &amp; St\u00fccke","description":"Alles f\u00fcr Ihre M\u00f6belrestaurierung und -pflege!","potentialAction":[{"@type":"SearchAction","target":{"@type":"EntryPoint","urlTemplate":"https:\/\/partsandpieces.nl\/?s={search_term_string}"},"query-input":{"@type":"PropertyValueSpecification","valueRequired":true,"valueName":"search_term_string"}}],"inLanguage":"de"}]}},"_links":{"self":[{"href":"https:\/\/partsandpieces.nl\/de\/wp-json\/wp\/v2\/product\/144","targetHints":{"allow":["GET"]}}],"collection":[{"href":"https:\/\/partsandpieces.nl\/de\/wp-json\/wp\/v2\/product"}],"about":[{"href":"https:\/\/partsandpieces.nl\/de\/wp-json\/wp\/v2\/types\/product"}],"wp:featuredmedia":[{"embeddable":true,"href":"https:\/\/partsandpieces.nl\/de\/wp-json\/wp\/v2\/media\/146"}],"wp:attachment":[{"href":"https:\/\/partsandpieces.nl\/de\/wp-json\/wp\/v2\/media?parent=144"}],"wp:term":[{"taxonomy":"product_brand","embeddable":true,"href":"https:\/\/partsandpieces.nl\/de\/wp-json\/wp\/v2\/product_brand?post=144"},{"taxonomy":"product_cat","embeddable":true,"href":"https:\/\/partsandpieces.nl\/de\/wp-json\/wp\/v2\/product_cat?post=144"},{"taxonomy":"product_tag","embeddable":true,"href":"https:\/\/partsandpieces.nl\/de\/wp-json\/wp\/v2\/product_tag?post=144"}],"curies":[{"name":"wp","href":"https:\/\/api.w.org\/{rel}","templated":true}]}}