{"id":1448,"date":"2020-08-06T07:54:52","date_gmt":"2020-08-06T07:54:52","guid":{"rendered":"https:\/\/partsandpieces.bonsaidev.nl\/?product=sleutelplaat-ijzer-33126-1664447354"},"modified":"2024-11-26T12:07:49","modified_gmt":"2024-11-26T11:07:49","slug":"schlusselplatte-eisen-rost-vertikal-lilie-33x126mm","status":"publish","type":"product","link":"https:\/\/partsandpieces.nl\/de\/product\/sleutelplaat-ijzer-roest-verticaal-lelie-33x126mm\/","title":{"rendered":"Schl\u00fcsselplatte Eisen Rost vertikal Lilie 33x126mm"},"content":{"rendered":"<p><strong>Schl\u00fcsselplatte Eisen Rost vertikal Lilie 33x126mm<\/strong> ist ein flaches Schl\u00fcsselschild f\u00fcr M\u00f6belt\u00fcren. Die Schl\u00fcsselplatte hat ein rostiges Antik-Finish. Die Schl\u00fcsselstelle ist oben und unten mit einer franz\u00f6sischen Lilie verziert. Der Rost geht nicht ab!<\/p>\n<p><strong>Ma\u00dfe<br \/>\n<\/strong>Schl\u00fcsselplatte Eisen Rost vertikal Lily 33x126mm hat eine Breite von 33mm und eine H\u00f6he von 126mm. Das Schl\u00fcsselloch ist 20 mm hoch.<\/p>\n<p><strong>Bearbeiten<br \/>\n<\/strong>Sie k\u00f6nnen die Schl\u00fcsselplatte mit montieren <span style=\"text-decoration: underline;\"><a href=\"https:\/\/partsandpieces.nl\/de\/produkt\/schrauben-flachkopf-antik-bronze-mit-schlitz-3x12mm\/\">Schraube Rundkopf Antik Bronze mit Schlitz (3x12mm)<\/a><\/span>. Ich schicke diese Schraube <strong>FREI<\/strong> mit Ihrer Bestellung.<\/p>","protected":false},"excerpt":{"rendered":"<p>Sleutelplaat IJzer Roest verticaal Lelie 33x126mm is een platte sleutelplaat voor meubeldeurtjes. De sleutelplaat heeft een geroeste antieke afwerking. De sleutelplaats is gedecoreerd met een Franse lelie aan de boven- en onderkant. De roest geeft niet af! Afmetingen Sleutelplaat IJzer Roest verticaal Lelie 33x126mm heeft een breedte van 33mm en een hoogte van 126mm. Het [&hellip;]<\/p>\n","protected":false},"featured_media":7008,"template":"","meta":{"_acf_changed":false},"product_brand":[],"product_cat":[23,48],"product_tag":[],"class_list":{"0":"post-1448","1":"product","2":"type-product","3":"status-publish","4":"has-post-thumbnail","6":"product_cat-meubelbeslag","7":"product_cat-sleutelplaten","9":"first","10":"instock","11":"taxable","12":"shipping-taxable","13":"purchasable","14":"product-type-simple"},"acf":[],"yoast_head":"<!-- This site is optimized with the Yoast SEO plugin v27.3 - https:\/\/yoast.com\/product\/yoast-seo-wordpress\/ -->\n<title>Sleutelplaat IJzer Roest Lelie<\/title>\n<meta name=\"description\" content=\"Sleutelplaat IJzer Roest verticaal Lelie 33x126mm heeft een geroeste antieke afwerking. De sleutelplaats is gedecoreerd met Franse lelies.\" \/>\n<meta name=\"robots\" content=\"index, follow, max-snippet:-1, max-image-preview:large, max-video-preview:-1\" \/>\n<link rel=\"canonical\" href=\"https:\/\/partsandpieces.nl\/de\/produkt\/schlusselplatte-eisen-rost-vertikal-lilie-33x126mm\/\" \/>\n<meta property=\"og:locale\" content=\"de_DE\" \/>\n<meta property=\"og:type\" content=\"article\" \/>\n<meta property=\"og:title\" content=\"Sleutelplaat IJzer Roest Lelie\" \/>\n<meta property=\"og:description\" content=\"Sleutelplaat IJzer Roest verticaal Lelie 33x126mm heeft een geroeste antieke afwerking. De sleutelplaats is gedecoreerd met Franse lelies.\" \/>\n<meta property=\"og:url\" content=\"https:\/\/partsandpieces.nl\/de\/produkt\/schlusselplatte-eisen-rost-vertikal-lilie-33x126mm\/\" \/>\n<meta property=\"og:site_name\" content=\"Parts &amp; Pieces\" \/>\n<meta property=\"article:modified_time\" content=\"2024-11-26T11:07:49+00:00\" \/>\n<meta property=\"og:image\" content=\"https:\/\/partsandpieces.nl\/wp-content\/uploads\/2020\/08\/Sleutelplaat-IJzer-Roest-verticaal-Lelie-33x126mm.jpg\" \/>\n\t<meta property=\"og:image:width\" content=\"452\" \/>\n\t<meta property=\"og:image:height\" content=\"452\" \/>\n\t<meta property=\"og:image:type\" content=\"image\/jpeg\" \/>\n<meta name=\"twitter:card\" content=\"summary_large_image\" \/>\n<meta name=\"twitter:label1\" content=\"Gesch\u00e4tzte Lesezeit\" \/>\n\t<meta name=\"twitter:data1\" content=\"1\u00a0Minute\" \/>\n<script type=\"application\/ld+json\" class=\"yoast-schema-graph\">{\"@context\":\"https:\\\/\\\/schema.org\",\"@graph\":[{\"@type\":\"WebPage\",\"@id\":\"https:\\\/\\\/partsandpieces.nl\\\/product\\\/sleutelplaat-ijzer-roest-verticaal-lelie-33x126mm\\\/\",\"url\":\"https:\\\/\\\/partsandpieces.nl\\\/product\\\/sleutelplaat-ijzer-roest-verticaal-lelie-33x126mm\\\/\",\"name\":\"Sleutelplaat IJzer Roest Lelie\",\"isPartOf\":{\"@id\":\"https:\\\/\\\/partsandpieces.nl\\\/#website\"},\"primaryImageOfPage\":{\"@id\":\"https:\\\/\\\/partsandpieces.nl\\\/product\\\/sleutelplaat-ijzer-roest-verticaal-lelie-33x126mm\\\/#primaryimage\"},\"image\":{\"@id\":\"https:\\\/\\\/partsandpieces.nl\\\/product\\\/sleutelplaat-ijzer-roest-verticaal-lelie-33x126mm\\\/#primaryimage\"},\"thumbnailUrl\":\"https:\\\/\\\/partsandpieces.nl\\\/wp-content\\\/uploads\\\/2020\\\/08\\\/Sleutelplaat-IJzer-Roest-verticaal-Lelie-33x126mm.jpg\",\"datePublished\":\"2020-08-06T07:54:52+00:00\",\"dateModified\":\"2024-11-26T11:07:49+00:00\",\"description\":\"Sleutelplaat IJzer Roest verticaal Lelie 33x126mm heeft een geroeste antieke afwerking. De sleutelplaats is gedecoreerd met Franse lelies.\",\"breadcrumb\":{\"@id\":\"https:\\\/\\\/partsandpieces.nl\\\/product\\\/sleutelplaat-ijzer-roest-verticaal-lelie-33x126mm\\\/#breadcrumb\"},\"inLanguage\":\"de\",\"potentialAction\":[{\"@type\":\"ReadAction\",\"target\":[\"https:\\\/\\\/partsandpieces.nl\\\/product\\\/sleutelplaat-ijzer-roest-verticaal-lelie-33x126mm\\\/\"]}]},{\"@type\":\"ImageObject\",\"inLanguage\":\"de\",\"@id\":\"https:\\\/\\\/partsandpieces.nl\\\/product\\\/sleutelplaat-ijzer-roest-verticaal-lelie-33x126mm\\\/#primaryimage\",\"url\":\"https:\\\/\\\/partsandpieces.nl\\\/wp-content\\\/uploads\\\/2020\\\/08\\\/Sleutelplaat-IJzer-Roest-verticaal-Lelie-33x126mm.jpg\",\"contentUrl\":\"https:\\\/\\\/partsandpieces.nl\\\/wp-content\\\/uploads\\\/2020\\\/08\\\/Sleutelplaat-IJzer-Roest-verticaal-Lelie-33x126mm.jpg\",\"width\":452,\"height\":452,\"caption\":\"Sleutelplaat IJzer Roest verticaal Lelie 33x126mm\"},{\"@type\":\"BreadcrumbList\",\"@id\":\"https:\\\/\\\/partsandpieces.nl\\\/product\\\/sleutelplaat-ijzer-roest-verticaal-lelie-33x126mm\\\/#breadcrumb\",\"itemListElement\":[{\"@type\":\"ListItem\",\"position\":1,\"name\":\"Home\",\"item\":\"https:\\\/\\\/partsandpieces.nl\\\/home\\\/\"},{\"@type\":\"ListItem\",\"position\":2,\"name\":\"Winkel\",\"item\":\"https:\\\/\\\/partsandpieces.nl\\\/winkel\\\/\"},{\"@type\":\"ListItem\",\"position\":3,\"name\":\"Sleutelplaat IJzer Roest verticaal Lelie 33x126mm\"}]},{\"@type\":\"WebSite\",\"@id\":\"https:\\\/\\\/partsandpieces.nl\\\/#website\",\"url\":\"https:\\\/\\\/partsandpieces.nl\\\/\",\"name\":\"Parts &amp; Pieces\",\"description\":\"Alles voor uw meubelrestauratie en -onderhoud!\",\"potentialAction\":[{\"@type\":\"SearchAction\",\"target\":{\"@type\":\"EntryPoint\",\"urlTemplate\":\"https:\\\/\\\/partsandpieces.nl\\\/?s={search_term_string}\"},\"query-input\":{\"@type\":\"PropertyValueSpecification\",\"valueRequired\":true,\"valueName\":\"search_term_string\"}}],\"inLanguage\":\"de\"}]}<\/script>\n<!-- \/ Yoast SEO plugin. -->","yoast_head_json":{"title":"Schl\u00fcsselschild Iron Rust Lily","description":"Schl\u00fcsselplatte Eisen Rost vertikal Lily 33x126mm hat ein rostiges Antik-Finish. Der Schl\u00fcsselplatz ist mit franz\u00f6sischen Lilien geschm\u00fcckt.","robots":{"index":"index","follow":"follow","max-snippet":"max-snippet:-1","max-image-preview":"max-image-preview:large","max-video-preview":"max-video-preview:-1"},"canonical":"https:\/\/partsandpieces.nl\/de\/produkt\/schlusselplatte-eisen-rost-vertikal-lilie-33x126mm\/","og_locale":"de_DE","og_type":"article","og_title":"Sleutelplaat IJzer Roest Lelie","og_description":"Sleutelplaat IJzer Roest verticaal Lelie 33x126mm heeft een geroeste antieke afwerking. De sleutelplaats is gedecoreerd met Franse lelies.","og_url":"https:\/\/partsandpieces.nl\/de\/produkt\/schlusselplatte-eisen-rost-vertikal-lilie-33x126mm\/","og_site_name":"Parts &amp; Pieces","article_modified_time":"2024-11-26T11:07:49+00:00","og_image":[{"width":452,"height":452,"url":"https:\/\/partsandpieces.nl\/wp-content\/uploads\/2020\/08\/Sleutelplaat-IJzer-Roest-verticaal-Lelie-33x126mm.jpg","type":"image\/jpeg"}],"twitter_card":"summary_large_image","twitter_misc":{"Gesch\u00e4tzte Lesezeit":"1\u00a0Minute"},"schema":{"@context":"https:\/\/schema.org","@graph":[{"@type":"WebPage","@id":"https:\/\/partsandpieces.nl\/product\/sleutelplaat-ijzer-roest-verticaal-lelie-33x126mm\/","url":"https:\/\/partsandpieces.nl\/product\/sleutelplaat-ijzer-roest-verticaal-lelie-33x126mm\/","name":"Schl\u00fcsselschild Iron Rust Lily","isPartOf":{"@id":"https:\/\/partsandpieces.nl\/#website"},"primaryImageOfPage":{"@id":"https:\/\/partsandpieces.nl\/product\/sleutelplaat-ijzer-roest-verticaal-lelie-33x126mm\/#primaryimage"},"image":{"@id":"https:\/\/partsandpieces.nl\/product\/sleutelplaat-ijzer-roest-verticaal-lelie-33x126mm\/#primaryimage"},"thumbnailUrl":"https:\/\/partsandpieces.nl\/wp-content\/uploads\/2020\/08\/Sleutelplaat-IJzer-Roest-verticaal-Lelie-33x126mm.jpg","datePublished":"2020-08-06T07:54:52+00:00","dateModified":"2024-11-26T11:07:49+00:00","description":"Schl\u00fcsselplatte Eisen Rost vertikal Lily 33x126mm hat ein rostiges Antik-Finish. Der Schl\u00fcsselplatz ist mit franz\u00f6sischen Lilien geschm\u00fcckt.","breadcrumb":{"@id":"https:\/\/partsandpieces.nl\/product\/sleutelplaat-ijzer-roest-verticaal-lelie-33x126mm\/#breadcrumb"},"inLanguage":"de","potentialAction":[{"@type":"ReadAction","target":["https:\/\/partsandpieces.nl\/product\/sleutelplaat-ijzer-roest-verticaal-lelie-33x126mm\/"]}]},{"@type":"ImageObject","inLanguage":"de","@id":"https:\/\/partsandpieces.nl\/product\/sleutelplaat-ijzer-roest-verticaal-lelie-33x126mm\/#primaryimage","url":"https:\/\/partsandpieces.nl\/wp-content\/uploads\/2020\/08\/Sleutelplaat-IJzer-Roest-verticaal-Lelie-33x126mm.jpg","contentUrl":"https:\/\/partsandpieces.nl\/wp-content\/uploads\/2020\/08\/Sleutelplaat-IJzer-Roest-verticaal-Lelie-33x126mm.jpg","width":452,"height":452,"caption":"Sleutelplaat IJzer Roest verticaal Lelie 33x126mm"},{"@type":"BreadcrumbList","@id":"https:\/\/partsandpieces.nl\/product\/sleutelplaat-ijzer-roest-verticaal-lelie-33x126mm\/#breadcrumb","itemListElement":[{"@type":"ListItem","position":1,"name":"Home","item":"https:\/\/partsandpieces.nl\/home\/"},{"@type":"ListItem","position":2,"name":"Winkel","item":"https:\/\/partsandpieces.nl\/winkel\/"},{"@type":"ListItem","position":3,"name":"Sleutelplaat IJzer Roest verticaal Lelie 33x126mm"}]},{"@type":"WebSite","@id":"https:\/\/partsandpieces.nl\/#website","url":"https:\/\/partsandpieces.nl\/","name":"Teile &amp; St\u00fccke","description":"Alles f\u00fcr Ihre M\u00f6belrestaurierung und -pflege!","potentialAction":[{"@type":"SearchAction","target":{"@type":"EntryPoint","urlTemplate":"https:\/\/partsandpieces.nl\/?s={search_term_string}"},"query-input":{"@type":"PropertyValueSpecification","valueRequired":true,"valueName":"search_term_string"}}],"inLanguage":"de"}]}},"_links":{"self":[{"href":"https:\/\/partsandpieces.nl\/de\/wp-json\/wp\/v2\/product\/1448","targetHints":{"allow":["GET"]}}],"collection":[{"href":"https:\/\/partsandpieces.nl\/de\/wp-json\/wp\/v2\/product"}],"about":[{"href":"https:\/\/partsandpieces.nl\/de\/wp-json\/wp\/v2\/types\/product"}],"wp:featuredmedia":[{"embeddable":true,"href":"https:\/\/partsandpieces.nl\/de\/wp-json\/wp\/v2\/media\/7008"}],"wp:attachment":[{"href":"https:\/\/partsandpieces.nl\/de\/wp-json\/wp\/v2\/media?parent=1448"}],"wp:term":[{"taxonomy":"product_brand","embeddable":true,"href":"https:\/\/partsandpieces.nl\/de\/wp-json\/wp\/v2\/product_brand?post=1448"},{"taxonomy":"product_cat","embeddable":true,"href":"https:\/\/partsandpieces.nl\/de\/wp-json\/wp\/v2\/product_cat?post=1448"},{"taxonomy":"product_tag","embeddable":true,"href":"https:\/\/partsandpieces.nl\/de\/wp-json\/wp\/v2\/product_tag?post=1448"}],"curies":[{"name":"wp","href":"https:\/\/api.w.org\/{rel}","templated":true}]}}