{"id":1452,"date":"2020-08-06T07:58:32","date_gmt":"2020-08-06T07:58:32","guid":{"rendered":"https:\/\/partsandpieces.bonsaidev.nl\/?product=sleutelplaat-ant-103x40-mm"},"modified":"2025-09-22T15:15:30","modified_gmt":"2025-09-22T13:15:30","slug":"schlusselplatte-aus-messing-antik-horizontaler-ochsenkopf-104-x-40-mm","status":"publish","type":"product","link":"https:\/\/partsandpieces.nl\/de\/product\/sleutelplaat-messing-antiek-horizontaal-ossenkop-104x40mm\/","title":{"rendered":"Schl\u00fcsselplatte Messing antik horizontal &#039;Ochsenkopf&#039; 104x40mm"},"content":{"rendered":"<p><strong>Schl\u00fcsselplatte Messing antik horizontal &#039;Ochsenkopf&#039; 104x40mm<\/strong> ist ein robustes Schl\u00fcsselschild in Form eines Ochsenkopfes mit Antik-Finish. Der Griff ist weiter, aber dezent verziert. Dieser Griff passt gut zu Ihren antiken oder klassischen M\u00f6beln und Schubladen.<\/p>\n<p><strong>Ma\u00dfe<br \/>\n<\/strong>Schl\u00fcsselplatte Messing antik horizontal &#039;Ochsenkopf&#039; 104x40mm hat eine Breite von 104mm und eine H\u00f6he von 40mm. Das Schl\u00fcsselloch ist 14 mm hoch.<\/p>\n<p><strong>Bearbeiten<br \/>\n<\/strong>Sie k\u00f6nnen den Knopf mit montieren\u00a0<span style=\"text-decoration: underline;\"><a href=\"https:\/\/partsandpieces.nl\/de\/produkt\/schrauben-mit-rundkopf-antikbronze-mit-schlitz-2-x-14-mm\/\">Schraube Rundkopf Antik Bronze mit Schlitz (2x14mm)<\/a><\/span>. Ich schicke diese Schraube\u00a0<strong>FREI<\/strong>\u00a0mit Ihrer Bestellung.<\/p>","protected":false},"excerpt":{"rendered":"<p>Sleutelplaat Messing antiek horizontaal &#8216;Ossenkop&#8217; 104x40mm is een stoere sleutelplaat in de vorm van een ossenkop met een antieke afwerking. De greep is verder maar subtiel versierd. Deze greep past goed op je antieke of klassieke meubel en lades. Afmetingen Sleutelplaat Messing antiek horizontaal &#8216;Ossenkop&#8217; 104x40mm heeft een breedte van 104mm en een hoogte van [&hellip;]<\/p>\n","protected":false},"featured_media":7832,"template":"","meta":{"_acf_changed":false},"product_brand":[],"product_cat":[23,48],"product_tag":[],"class_list":{"0":"post-1452","1":"product","2":"type-product","3":"status-publish","4":"has-post-thumbnail","6":"product_cat-meubelbeslag","7":"product_cat-sleutelplaten","9":"first","10":"instock","11":"taxable","12":"shipping-taxable","13":"purchasable","14":"product-type-simple"},"acf":[],"yoast_head":"<!-- This site is optimized with the Yoast SEO plugin v27.3 - https:\/\/yoast.com\/product\/yoast-seo-wordpress\/ -->\n<title>Sleutelplaat Messing antiek Ossenkop 104x40mm horizontaal<\/title>\n<meta name=\"description\" content=\"Sleutelplaat Messing antiek horizontaal &#039;Ossenkop&#039; 104x40mm heeft de vorm van een ossenkop met een antieke afwerking. Past goed op je antieke meubel.\" \/>\n<meta name=\"robots\" content=\"index, follow, max-snippet:-1, max-image-preview:large, max-video-preview:-1\" \/>\n<link rel=\"canonical\" href=\"https:\/\/partsandpieces.nl\/de\/produkt\/schlusselplatte-aus-messing-antik-horizontaler-ochsenkopf-104-x-40-mm\/\" \/>\n<meta property=\"og:locale\" content=\"de_DE\" \/>\n<meta property=\"og:type\" content=\"article\" \/>\n<meta property=\"og:title\" content=\"Sleutelplaat Messing antiek Ossenkop 104x40mm horizontaal\" \/>\n<meta property=\"og:description\" content=\"Sleutelplaat Messing antiek horizontaal &#039;Ossenkop&#039; 104x40mm heeft de vorm van een ossenkop met een antieke afwerking. Past goed op je antieke meubel.\" \/>\n<meta property=\"og:url\" content=\"https:\/\/partsandpieces.nl\/de\/produkt\/schlusselplatte-aus-messing-antik-horizontaler-ochsenkopf-104-x-40-mm\/\" \/>\n<meta property=\"og:site_name\" content=\"Parts &amp; Pieces\" \/>\n<meta property=\"article:modified_time\" content=\"2025-09-22T13:15:30+00:00\" \/>\n<meta property=\"og:image\" content=\"https:\/\/partsandpieces.nl\/wp-content\/uploads\/2020\/08\/Sleutelplaat-Messing-antiek-horizontaal-Ossenkop-104x40mm.jpg\" \/>\n\t<meta property=\"og:image:width\" content=\"443\" \/>\n\t<meta property=\"og:image:height\" content=\"445\" \/>\n\t<meta property=\"og:image:type\" content=\"image\/jpeg\" \/>\n<meta name=\"twitter:card\" content=\"summary_large_image\" \/>\n<meta name=\"twitter:label1\" content=\"Gesch\u00e4tzte Lesezeit\" \/>\n\t<meta name=\"twitter:data1\" content=\"1\u00a0Minute\" \/>\n<script type=\"application\/ld+json\" class=\"yoast-schema-graph\">{\"@context\":\"https:\\\/\\\/schema.org\",\"@graph\":[{\"@type\":\"WebPage\",\"@id\":\"https:\\\/\\\/partsandpieces.nl\\\/product\\\/sleutelplaat-messing-antiek-horizontaal-ossenkop-104x40mm\\\/\",\"url\":\"https:\\\/\\\/partsandpieces.nl\\\/product\\\/sleutelplaat-messing-antiek-horizontaal-ossenkop-104x40mm\\\/\",\"name\":\"Sleutelplaat Messing antiek Ossenkop 104x40mm horizontaal\",\"isPartOf\":{\"@id\":\"https:\\\/\\\/partsandpieces.nl\\\/#website\"},\"primaryImageOfPage\":{\"@id\":\"https:\\\/\\\/partsandpieces.nl\\\/product\\\/sleutelplaat-messing-antiek-horizontaal-ossenkop-104x40mm\\\/#primaryimage\"},\"image\":{\"@id\":\"https:\\\/\\\/partsandpieces.nl\\\/product\\\/sleutelplaat-messing-antiek-horizontaal-ossenkop-104x40mm\\\/#primaryimage\"},\"thumbnailUrl\":\"https:\\\/\\\/partsandpieces.nl\\\/wp-content\\\/uploads\\\/2020\\\/08\\\/Sleutelplaat-Messing-antiek-horizontaal-Ossenkop-104x40mm.jpg\",\"datePublished\":\"2020-08-06T07:58:32+00:00\",\"dateModified\":\"2025-09-22T13:15:30+00:00\",\"description\":\"Sleutelplaat Messing antiek horizontaal 'Ossenkop' 104x40mm heeft de vorm van een ossenkop met een antieke afwerking. Past goed op je antieke meubel.\",\"breadcrumb\":{\"@id\":\"https:\\\/\\\/partsandpieces.nl\\\/product\\\/sleutelplaat-messing-antiek-horizontaal-ossenkop-104x40mm\\\/#breadcrumb\"},\"inLanguage\":\"de\",\"potentialAction\":[{\"@type\":\"ReadAction\",\"target\":[\"https:\\\/\\\/partsandpieces.nl\\\/product\\\/sleutelplaat-messing-antiek-horizontaal-ossenkop-104x40mm\\\/\"]}]},{\"@type\":\"ImageObject\",\"inLanguage\":\"de\",\"@id\":\"https:\\\/\\\/partsandpieces.nl\\\/product\\\/sleutelplaat-messing-antiek-horizontaal-ossenkop-104x40mm\\\/#primaryimage\",\"url\":\"https:\\\/\\\/partsandpieces.nl\\\/wp-content\\\/uploads\\\/2020\\\/08\\\/Sleutelplaat-Messing-antiek-horizontaal-Ossenkop-104x40mm.jpg\",\"contentUrl\":\"https:\\\/\\\/partsandpieces.nl\\\/wp-content\\\/uploads\\\/2020\\\/08\\\/Sleutelplaat-Messing-antiek-horizontaal-Ossenkop-104x40mm.jpg\",\"width\":443,\"height\":445,\"caption\":\"Sleutelplaat Messing antiek horizontaal 'Ossenkop' 104x40mm\"},{\"@type\":\"BreadcrumbList\",\"@id\":\"https:\\\/\\\/partsandpieces.nl\\\/product\\\/sleutelplaat-messing-antiek-horizontaal-ossenkop-104x40mm\\\/#breadcrumb\",\"itemListElement\":[{\"@type\":\"ListItem\",\"position\":1,\"name\":\"Home\",\"item\":\"https:\\\/\\\/partsandpieces.nl\\\/home\\\/\"},{\"@type\":\"ListItem\",\"position\":2,\"name\":\"Winkel\",\"item\":\"https:\\\/\\\/partsandpieces.nl\\\/winkel\\\/\"},{\"@type\":\"ListItem\",\"position\":3,\"name\":\"Sleutelplaat Messing antiek horizontaal &#8216;Ossenkop&#8217; 104x40mm\"}]},{\"@type\":\"WebSite\",\"@id\":\"https:\\\/\\\/partsandpieces.nl\\\/#website\",\"url\":\"https:\\\/\\\/partsandpieces.nl\\\/\",\"name\":\"Parts &amp; Pieces\",\"description\":\"Alles voor uw meubelrestauratie en -onderhoud!\",\"potentialAction\":[{\"@type\":\"SearchAction\",\"target\":{\"@type\":\"EntryPoint\",\"urlTemplate\":\"https:\\\/\\\/partsandpieces.nl\\\/?s={search_term_string}\"},\"query-input\":{\"@type\":\"PropertyValueSpecification\",\"valueRequired\":true,\"valueName\":\"search_term_string\"}}],\"inLanguage\":\"de\"}]}<\/script>\n<!-- \/ Yoast SEO plugin. -->","yoast_head_json":{"title":"Schl\u00fcsselplatte Messing antik Ochsenkopf 104x40mm horizontal","description":"Schl\u00fcsselplatte Messing antik horizontal &#039;Ochsenkopf&#039; 104x40mm hat die Form eines Ochsenkopfes mit antiker Oberfl\u00e4che. Passt gut zu Ihren antiken M\u00f6beln.","robots":{"index":"index","follow":"follow","max-snippet":"max-snippet:-1","max-image-preview":"max-image-preview:large","max-video-preview":"max-video-preview:-1"},"canonical":"https:\/\/partsandpieces.nl\/de\/produkt\/schlusselplatte-aus-messing-antik-horizontaler-ochsenkopf-104-x-40-mm\/","og_locale":"de_DE","og_type":"article","og_title":"Sleutelplaat Messing antiek Ossenkop 104x40mm horizontaal","og_description":"Sleutelplaat Messing antiek horizontaal 'Ossenkop' 104x40mm heeft de vorm van een ossenkop met een antieke afwerking. Past goed op je antieke meubel.","og_url":"https:\/\/partsandpieces.nl\/de\/produkt\/schlusselplatte-aus-messing-antik-horizontaler-ochsenkopf-104-x-40-mm\/","og_site_name":"Parts &amp; Pieces","article_modified_time":"2025-09-22T13:15:30+00:00","og_image":[{"width":443,"height":445,"url":"https:\/\/partsandpieces.nl\/wp-content\/uploads\/2020\/08\/Sleutelplaat-Messing-antiek-horizontaal-Ossenkop-104x40mm.jpg","type":"image\/jpeg"}],"twitter_card":"summary_large_image","twitter_misc":{"Gesch\u00e4tzte Lesezeit":"1\u00a0Minute"},"schema":{"@context":"https:\/\/schema.org","@graph":[{"@type":"WebPage","@id":"https:\/\/partsandpieces.nl\/product\/sleutelplaat-messing-antiek-horizontaal-ossenkop-104x40mm\/","url":"https:\/\/partsandpieces.nl\/product\/sleutelplaat-messing-antiek-horizontaal-ossenkop-104x40mm\/","name":"Schl\u00fcsselplatte Messing antik Ochsenkopf 104x40mm horizontal","isPartOf":{"@id":"https:\/\/partsandpieces.nl\/#website"},"primaryImageOfPage":{"@id":"https:\/\/partsandpieces.nl\/product\/sleutelplaat-messing-antiek-horizontaal-ossenkop-104x40mm\/#primaryimage"},"image":{"@id":"https:\/\/partsandpieces.nl\/product\/sleutelplaat-messing-antiek-horizontaal-ossenkop-104x40mm\/#primaryimage"},"thumbnailUrl":"https:\/\/partsandpieces.nl\/wp-content\/uploads\/2020\/08\/Sleutelplaat-Messing-antiek-horizontaal-Ossenkop-104x40mm.jpg","datePublished":"2020-08-06T07:58:32+00:00","dateModified":"2025-09-22T13:15:30+00:00","description":"Schl\u00fcsselplatte Messing antik horizontal &#039;Ochsenkopf&#039; 104x40mm hat die Form eines Ochsenkopfes mit antiker Oberfl\u00e4che. Passt gut zu Ihren antiken M\u00f6beln.","breadcrumb":{"@id":"https:\/\/partsandpieces.nl\/product\/sleutelplaat-messing-antiek-horizontaal-ossenkop-104x40mm\/#breadcrumb"},"inLanguage":"de","potentialAction":[{"@type":"ReadAction","target":["https:\/\/partsandpieces.nl\/product\/sleutelplaat-messing-antiek-horizontaal-ossenkop-104x40mm\/"]}]},{"@type":"ImageObject","inLanguage":"de","@id":"https:\/\/partsandpieces.nl\/product\/sleutelplaat-messing-antiek-horizontaal-ossenkop-104x40mm\/#primaryimage","url":"https:\/\/partsandpieces.nl\/wp-content\/uploads\/2020\/08\/Sleutelplaat-Messing-antiek-horizontaal-Ossenkop-104x40mm.jpg","contentUrl":"https:\/\/partsandpieces.nl\/wp-content\/uploads\/2020\/08\/Sleutelplaat-Messing-antiek-horizontaal-Ossenkop-104x40mm.jpg","width":443,"height":445,"caption":"Sleutelplaat Messing antiek horizontaal 'Ossenkop' 104x40mm"},{"@type":"BreadcrumbList","@id":"https:\/\/partsandpieces.nl\/product\/sleutelplaat-messing-antiek-horizontaal-ossenkop-104x40mm\/#breadcrumb","itemListElement":[{"@type":"ListItem","position":1,"name":"Home","item":"https:\/\/partsandpieces.nl\/home\/"},{"@type":"ListItem","position":2,"name":"Winkel","item":"https:\/\/partsandpieces.nl\/winkel\/"},{"@type":"ListItem","position":3,"name":"Sleutelplaat Messing antiek horizontaal &#8216;Ossenkop&#8217; 104x40mm"}]},{"@type":"WebSite","@id":"https:\/\/partsandpieces.nl\/#website","url":"https:\/\/partsandpieces.nl\/","name":"Teile &amp; St\u00fccke","description":"Alles f\u00fcr Ihre M\u00f6belrestaurierung und -pflege!","potentialAction":[{"@type":"SearchAction","target":{"@type":"EntryPoint","urlTemplate":"https:\/\/partsandpieces.nl\/?s={search_term_string}"},"query-input":{"@type":"PropertyValueSpecification","valueRequired":true,"valueName":"search_term_string"}}],"inLanguage":"de"}]}},"_links":{"self":[{"href":"https:\/\/partsandpieces.nl\/de\/wp-json\/wp\/v2\/product\/1452","targetHints":{"allow":["GET"]}}],"collection":[{"href":"https:\/\/partsandpieces.nl\/de\/wp-json\/wp\/v2\/product"}],"about":[{"href":"https:\/\/partsandpieces.nl\/de\/wp-json\/wp\/v2\/types\/product"}],"wp:featuredmedia":[{"embeddable":true,"href":"https:\/\/partsandpieces.nl\/de\/wp-json\/wp\/v2\/media\/7832"}],"wp:attachment":[{"href":"https:\/\/partsandpieces.nl\/de\/wp-json\/wp\/v2\/media?parent=1452"}],"wp:term":[{"taxonomy":"product_brand","embeddable":true,"href":"https:\/\/partsandpieces.nl\/de\/wp-json\/wp\/v2\/product_brand?post=1452"},{"taxonomy":"product_cat","embeddable":true,"href":"https:\/\/partsandpieces.nl\/de\/wp-json\/wp\/v2\/product_cat?post=1452"},{"taxonomy":"product_tag","embeddable":true,"href":"https:\/\/partsandpieces.nl\/de\/wp-json\/wp\/v2\/product_tag?post=1452"}],"curies":[{"name":"wp","href":"https:\/\/api.w.org\/{rel}","templated":true}]}}