{"id":1456,"date":"2020-08-06T08:02:03","date_gmt":"2020-08-06T08:02:03","guid":{"rendered":"https:\/\/partsandpieces.bonsaidev.nl\/?product=sleutelplaat-antique-160x21mm"},"modified":"2024-11-26T12:07:50","modified_gmt":"2024-11-26T11:07:50","slug":"schlusselplatte-bronze-antik-horizontal-160x26mm","status":"publish","type":"product","link":"https:\/\/partsandpieces.nl\/de\/product\/sleutelplaat-brons-antiek-horizontaal-160x26mm\/","title":{"rendered":"Schl\u00fcsselplatte Bronze Antik horizontal 160x26mm"},"content":{"rendered":"<p><strong>Schl\u00fcsselplatte Bronze Antik horizontal 160x26mm<\/strong> ist ein Schl\u00fcsselschild f\u00fcr Ihre Schublade. Das Schl\u00fcsselschild hat ein antikes Bronzefinish und ist wundersch\u00f6n verziert.<\/p>\n<p><strong>Ma\u00dfe<br \/>\n<\/strong>Schl\u00fcsselplatte Bronze Antik horizontal 160x26mm hat eine Breite von 160mm und eine H\u00f6he von 26mm. Die H\u00f6he des Schl\u00fcssellochs betr\u00e4gt 18 mm und die Bohrl\u00f6cher haben einen Abstand von 138 mm.<\/p>\n<p><strong>Bearbeiten<br \/>\n<\/strong>Sie k\u00f6nnen die Schl\u00fcsselplatte mit montieren <span style=\"text-decoration: underline;\"><a href=\"https:\/\/partsandpieces.nl\/de\/produkt\/schrauben-flachkopf-antik-bronze-mit-schlitz-3x12mm\/\">Schraube Rundkopf Antik Bronze mit Schlitz (3x12mm)<\/a><\/span>. Ich schicke diese Schraube <strong>FREI<\/strong> mit Ihrer Bestellung.<\/p>","protected":false},"excerpt":{"rendered":"<p>Sleutelplaat Brons Antiek horizontaal 160x26mm is een sleutelplaat voor je lade. De sleutelplaat heeft een antiek bronzen afwerking en is mooi versierd. Afmetingen Sleutelplaat Brons Antiek horizontaal 160x26mm heeft een breedte van 160mm en een hoogte van 26mm. De hoogte van het sleutelgat is 18mm en de boorgaten zitten 138mm uit elkaar. Montage Je kunt [&hellip;]<\/p>\n","protected":false},"featured_media":7772,"template":"","meta":{"_acf_changed":false},"product_brand":[],"product_cat":[23,48],"product_tag":[],"class_list":{"0":"post-1456","1":"product","2":"type-product","3":"status-publish","4":"has-post-thumbnail","6":"product_cat-meubelbeslag","7":"product_cat-sleutelplaten","9":"first","10":"instock","11":"taxable","12":"shipping-taxable","13":"purchasable","14":"product-type-simple"},"acf":[],"yoast_head":"<!-- This site is optimized with the Yoast SEO plugin v27.3 - https:\/\/yoast.com\/product\/yoast-seo-wordpress\/ -->\n<title>Sleutelplaat Brons Antiek horizontaal 160x26mm<\/title>\n<meta name=\"description\" content=\"Sleutelplaat Brons Antiek horizontaal 160x26mm is een sleutelplaat voor je lade. De sleutelplaat heeft een antiek bronzen afwerking en is mooi versierd.\" \/>\n<meta name=\"robots\" content=\"index, follow, max-snippet:-1, max-image-preview:large, max-video-preview:-1\" \/>\n<link rel=\"canonical\" href=\"https:\/\/partsandpieces.nl\/de\/produkt\/schlusselplatte-bronze-antik-horizontal-160x26mm\/\" \/>\n<meta property=\"og:locale\" content=\"de_DE\" \/>\n<meta property=\"og:type\" content=\"article\" \/>\n<meta property=\"og:title\" content=\"Sleutelplaat Brons Antiek horizontaal 160x26mm\" \/>\n<meta property=\"og:description\" content=\"Sleutelplaat Brons Antiek horizontaal 160x26mm is een sleutelplaat voor je lade. De sleutelplaat heeft een antiek bronzen afwerking en is mooi versierd.\" \/>\n<meta property=\"og:url\" content=\"https:\/\/partsandpieces.nl\/de\/produkt\/schlusselplatte-bronze-antik-horizontal-160x26mm\/\" \/>\n<meta property=\"og:site_name\" content=\"Parts &amp; Pieces\" \/>\n<meta property=\"article:modified_time\" content=\"2024-11-26T11:07:50+00:00\" \/>\n<meta property=\"og:image\" content=\"https:\/\/partsandpieces.nl\/wp-content\/uploads\/2020\/08\/Sleutelplaat-Brons-Antiek-horizontaal-160x26mm.jpg\" \/>\n\t<meta property=\"og:image:width\" content=\"480\" \/>\n\t<meta property=\"og:image:height\" content=\"482\" \/>\n\t<meta property=\"og:image:type\" content=\"image\/jpeg\" \/>\n<meta name=\"twitter:card\" content=\"summary_large_image\" \/>\n<meta name=\"twitter:label1\" content=\"Gesch\u00e4tzte Lesezeit\" \/>\n\t<meta name=\"twitter:data1\" content=\"1\u00a0Minute\" \/>\n<script type=\"application\/ld+json\" class=\"yoast-schema-graph\">{\"@context\":\"https:\\\/\\\/schema.org\",\"@graph\":[{\"@type\":\"WebPage\",\"@id\":\"https:\\\/\\\/partsandpieces.nl\\\/product\\\/sleutelplaat-brons-antiek-horizontaal-160x26mm\\\/\",\"url\":\"https:\\\/\\\/partsandpieces.nl\\\/product\\\/sleutelplaat-brons-antiek-horizontaal-160x26mm\\\/\",\"name\":\"Sleutelplaat Brons Antiek horizontaal 160x26mm\",\"isPartOf\":{\"@id\":\"https:\\\/\\\/partsandpieces.nl\\\/#website\"},\"primaryImageOfPage\":{\"@id\":\"https:\\\/\\\/partsandpieces.nl\\\/product\\\/sleutelplaat-brons-antiek-horizontaal-160x26mm\\\/#primaryimage\"},\"image\":{\"@id\":\"https:\\\/\\\/partsandpieces.nl\\\/product\\\/sleutelplaat-brons-antiek-horizontaal-160x26mm\\\/#primaryimage\"},\"thumbnailUrl\":\"https:\\\/\\\/partsandpieces.nl\\\/wp-content\\\/uploads\\\/2020\\\/08\\\/Sleutelplaat-Brons-Antiek-horizontaal-160x26mm.jpg\",\"datePublished\":\"2020-08-06T08:02:03+00:00\",\"dateModified\":\"2024-11-26T11:07:50+00:00\",\"description\":\"Sleutelplaat Brons Antiek horizontaal 160x26mm is een sleutelplaat voor je lade. De sleutelplaat heeft een antiek bronzen afwerking en is mooi versierd.\",\"breadcrumb\":{\"@id\":\"https:\\\/\\\/partsandpieces.nl\\\/product\\\/sleutelplaat-brons-antiek-horizontaal-160x26mm\\\/#breadcrumb\"},\"inLanguage\":\"de\",\"potentialAction\":[{\"@type\":\"ReadAction\",\"target\":[\"https:\\\/\\\/partsandpieces.nl\\\/product\\\/sleutelplaat-brons-antiek-horizontaal-160x26mm\\\/\"]}]},{\"@type\":\"ImageObject\",\"inLanguage\":\"de\",\"@id\":\"https:\\\/\\\/partsandpieces.nl\\\/product\\\/sleutelplaat-brons-antiek-horizontaal-160x26mm\\\/#primaryimage\",\"url\":\"https:\\\/\\\/partsandpieces.nl\\\/wp-content\\\/uploads\\\/2020\\\/08\\\/Sleutelplaat-Brons-Antiek-horizontaal-160x26mm.jpg\",\"contentUrl\":\"https:\\\/\\\/partsandpieces.nl\\\/wp-content\\\/uploads\\\/2020\\\/08\\\/Sleutelplaat-Brons-Antiek-horizontaal-160x26mm.jpg\",\"width\":480,\"height\":482,\"caption\":\"Sleutelplaat Brons Antiek horizontaal 160x26mm\"},{\"@type\":\"BreadcrumbList\",\"@id\":\"https:\\\/\\\/partsandpieces.nl\\\/product\\\/sleutelplaat-brons-antiek-horizontaal-160x26mm\\\/#breadcrumb\",\"itemListElement\":[{\"@type\":\"ListItem\",\"position\":1,\"name\":\"Home\",\"item\":\"https:\\\/\\\/partsandpieces.nl\\\/home\\\/\"},{\"@type\":\"ListItem\",\"position\":2,\"name\":\"Winkel\",\"item\":\"https:\\\/\\\/partsandpieces.nl\\\/winkel\\\/\"},{\"@type\":\"ListItem\",\"position\":3,\"name\":\"Sleutelplaat Brons Antiek horizontaal 160x26mm\"}]},{\"@type\":\"WebSite\",\"@id\":\"https:\\\/\\\/partsandpieces.nl\\\/#website\",\"url\":\"https:\\\/\\\/partsandpieces.nl\\\/\",\"name\":\"Parts &amp; Pieces\",\"description\":\"Alles voor uw meubelrestauratie en -onderhoud!\",\"potentialAction\":[{\"@type\":\"SearchAction\",\"target\":{\"@type\":\"EntryPoint\",\"urlTemplate\":\"https:\\\/\\\/partsandpieces.nl\\\/?s={search_term_string}\"},\"query-input\":{\"@type\":\"PropertyValueSpecification\",\"valueRequired\":true,\"valueName\":\"search_term_string\"}}],\"inLanguage\":\"de\"}]}<\/script>\n<!-- \/ Yoast SEO plugin. -->","yoast_head_json":{"title":"Schl\u00fcsselplatte Bronze Antik horizontal 160x26mm","description":"Schl\u00fcsselschild Bronze Antik horizontal 160x26mm ist ein Schl\u00fcsselschild f\u00fcr Ihre Schublade. Das Schl\u00fcsselschild hat ein antikes Bronzefinish und ist wundersch\u00f6n verziert.","robots":{"index":"index","follow":"follow","max-snippet":"max-snippet:-1","max-image-preview":"max-image-preview:large","max-video-preview":"max-video-preview:-1"},"canonical":"https:\/\/partsandpieces.nl\/de\/produkt\/schlusselplatte-bronze-antik-horizontal-160x26mm\/","og_locale":"de_DE","og_type":"article","og_title":"Sleutelplaat Brons Antiek horizontaal 160x26mm","og_description":"Sleutelplaat Brons Antiek horizontaal 160x26mm is een sleutelplaat voor je lade. De sleutelplaat heeft een antiek bronzen afwerking en is mooi versierd.","og_url":"https:\/\/partsandpieces.nl\/de\/produkt\/schlusselplatte-bronze-antik-horizontal-160x26mm\/","og_site_name":"Parts &amp; Pieces","article_modified_time":"2024-11-26T11:07:50+00:00","og_image":[{"width":480,"height":482,"url":"https:\/\/partsandpieces.nl\/wp-content\/uploads\/2020\/08\/Sleutelplaat-Brons-Antiek-horizontaal-160x26mm.jpg","type":"image\/jpeg"}],"twitter_card":"summary_large_image","twitter_misc":{"Gesch\u00e4tzte Lesezeit":"1\u00a0Minute"},"schema":{"@context":"https:\/\/schema.org","@graph":[{"@type":"WebPage","@id":"https:\/\/partsandpieces.nl\/product\/sleutelplaat-brons-antiek-horizontaal-160x26mm\/","url":"https:\/\/partsandpieces.nl\/product\/sleutelplaat-brons-antiek-horizontaal-160x26mm\/","name":"Schl\u00fcsselplatte Bronze Antik horizontal 160x26mm","isPartOf":{"@id":"https:\/\/partsandpieces.nl\/#website"},"primaryImageOfPage":{"@id":"https:\/\/partsandpieces.nl\/product\/sleutelplaat-brons-antiek-horizontaal-160x26mm\/#primaryimage"},"image":{"@id":"https:\/\/partsandpieces.nl\/product\/sleutelplaat-brons-antiek-horizontaal-160x26mm\/#primaryimage"},"thumbnailUrl":"https:\/\/partsandpieces.nl\/wp-content\/uploads\/2020\/08\/Sleutelplaat-Brons-Antiek-horizontaal-160x26mm.jpg","datePublished":"2020-08-06T08:02:03+00:00","dateModified":"2024-11-26T11:07:50+00:00","description":"Schl\u00fcsselschild Bronze Antik horizontal 160x26mm ist ein Schl\u00fcsselschild f\u00fcr Ihre Schublade. Das Schl\u00fcsselschild hat ein antikes Bronzefinish und ist wundersch\u00f6n verziert.","breadcrumb":{"@id":"https:\/\/partsandpieces.nl\/product\/sleutelplaat-brons-antiek-horizontaal-160x26mm\/#breadcrumb"},"inLanguage":"de","potentialAction":[{"@type":"ReadAction","target":["https:\/\/partsandpieces.nl\/product\/sleutelplaat-brons-antiek-horizontaal-160x26mm\/"]}]},{"@type":"ImageObject","inLanguage":"de","@id":"https:\/\/partsandpieces.nl\/product\/sleutelplaat-brons-antiek-horizontaal-160x26mm\/#primaryimage","url":"https:\/\/partsandpieces.nl\/wp-content\/uploads\/2020\/08\/Sleutelplaat-Brons-Antiek-horizontaal-160x26mm.jpg","contentUrl":"https:\/\/partsandpieces.nl\/wp-content\/uploads\/2020\/08\/Sleutelplaat-Brons-Antiek-horizontaal-160x26mm.jpg","width":480,"height":482,"caption":"Sleutelplaat Brons Antiek horizontaal 160x26mm"},{"@type":"BreadcrumbList","@id":"https:\/\/partsandpieces.nl\/product\/sleutelplaat-brons-antiek-horizontaal-160x26mm\/#breadcrumb","itemListElement":[{"@type":"ListItem","position":1,"name":"Home","item":"https:\/\/partsandpieces.nl\/home\/"},{"@type":"ListItem","position":2,"name":"Winkel","item":"https:\/\/partsandpieces.nl\/winkel\/"},{"@type":"ListItem","position":3,"name":"Sleutelplaat Brons Antiek horizontaal 160x26mm"}]},{"@type":"WebSite","@id":"https:\/\/partsandpieces.nl\/#website","url":"https:\/\/partsandpieces.nl\/","name":"Teile &amp; St\u00fccke","description":"Alles f\u00fcr Ihre M\u00f6belrestaurierung und -pflege!","potentialAction":[{"@type":"SearchAction","target":{"@type":"EntryPoint","urlTemplate":"https:\/\/partsandpieces.nl\/?s={search_term_string}"},"query-input":{"@type":"PropertyValueSpecification","valueRequired":true,"valueName":"search_term_string"}}],"inLanguage":"de"}]}},"_links":{"self":[{"href":"https:\/\/partsandpieces.nl\/de\/wp-json\/wp\/v2\/product\/1456","targetHints":{"allow":["GET"]}}],"collection":[{"href":"https:\/\/partsandpieces.nl\/de\/wp-json\/wp\/v2\/product"}],"about":[{"href":"https:\/\/partsandpieces.nl\/de\/wp-json\/wp\/v2\/types\/product"}],"wp:featuredmedia":[{"embeddable":true,"href":"https:\/\/partsandpieces.nl\/de\/wp-json\/wp\/v2\/media\/7772"}],"wp:attachment":[{"href":"https:\/\/partsandpieces.nl\/de\/wp-json\/wp\/v2\/media?parent=1456"}],"wp:term":[{"taxonomy":"product_brand","embeddable":true,"href":"https:\/\/partsandpieces.nl\/de\/wp-json\/wp\/v2\/product_brand?post=1456"},{"taxonomy":"product_cat","embeddable":true,"href":"https:\/\/partsandpieces.nl\/de\/wp-json\/wp\/v2\/product_cat?post=1456"},{"taxonomy":"product_tag","embeddable":true,"href":"https:\/\/partsandpieces.nl\/de\/wp-json\/wp\/v2\/product_tag?post=1456"}],"curies":[{"name":"wp","href":"https:\/\/api.w.org\/{rel}","templated":true}]}}