{"id":14580,"date":"2026-04-08T16:16:37","date_gmt":"2026-04-08T14:16:37","guid":{"rendered":"https:\/\/partsandpieces.nl\/?post_type=product&#038;p=14580"},"modified":"2026-04-09T11:40:20","modified_gmt":"2026-04-09T09:40:20","slug":"vierkantgriff-schwarz-matt-edelstahl-480-mm-4-stuck","status":"publish","type":"product","link":"https:\/\/partsandpieces.nl\/de\/product\/greep-vierkant-zwart-mat-rvs-480mm-4-stuks\/","title":{"rendered":"Quadratischer Griff, schwarz matt, Edelstahl, 480 mm (4 St\u00fcck)"},"content":{"rendered":"<p><strong>Quadratischer Griff, schwarz matt, Edelstahl, 480 mm<\/strong> Es handelt sich um einen formsch\u00f6nen, eleganten und quadratischen Griff. Dieser hochwertige und langlebige Griff verleiht Ihrem Interieur eine rustikale Note. Er ist aus Edelstahl gefertigt und hat eine matte, seidenmatte, schwarze Oberfl\u00e4che.<\/p>\n<p>Dieser hochwertige Griff wird in Italien hergestellt.<\/p>\n<p><strong>Ma\u00dfe<br \/>\n<\/strong>Der quadratische Griff aus mattschwarzem Edelstahl (480 mm) ist 492 mm breit und 12 mm hoch. Nach der Montage ragt er 35 mm hervor. Der Lochabstand (Mitte zu Mitte) betr\u00e4gt 480 mm. Der Griff wiegt 136 Gramm.<\/p>\n<p><strong>Andere maten<\/strong><br \/>\nDeze greep is er in de volgende maten (boormaat \/ hart-op-hart maat):<\/p>\n<p><strong>96mm<br \/>\n128mm<br \/>\n160mm<br \/>\n224mm<br \/>\n320 mm<br \/>\n480mm<br \/>\n640mm<br \/>\n736mm<\/strong><\/p>\n<p><strong>Lieferung<\/strong><br \/>\nDiese Griffe werden Ihnen direkt vom Hersteller geliefert. Leider sind keine Befestigungsschrauben im Lieferumfang enthalten. Folgende Schrauben werden ben\u00f6tigt: <span style=\"text-decoration: underline;\"><a href=\"https:\/\/partsandpieces.nl\/de\/produkt\/schraube-edelstahl-zur-blindmontage-von-mobelbeschlagen-45x4mm-20-stuck\/\">Edelstahlschraube zur Blindbefestigung von M\u00f6belbeschl\u00e4gen (45x4mm) 20 St\u00fcck<\/a><\/span>. Die Lieferzeit betr\u00e4gt im Normalfall 3 bis 4 Werktage.<br \/>\nBen\u00f6tigen Sie weitere Teile? Kontaktieren Sie mich f\u00fcr ein individuelles Angebot!<\/p>","protected":false},"excerpt":{"rendered":"<p>Greep Vierkant Zwart mat RVS 480mm is een mooie, strakke volledig vierkante greep. Het is een hoogwaardige en duurzame greep die een stoere touch aan je interieur toevoegt. De greep is gemaakt van roestvast staal en heeft een mat satijnen zwarte finish. Deze kwalitatief uitstekende greep is gemaakt in Itali\u00eb. Afmetingen Greep Vierkant Zwart mat [&hellip;]<\/p>\n","protected":false},"featured_media":14585,"template":"","meta":{"_acf_changed":false},"product_brand":[],"product_cat":[25,29,41,23],"product_tag":[],"class_list":{"0":"post-14580","1":"product","2":"type-product","3":"status-publish","4":"has-post-thumbnail","6":"product_cat-aluminium-en-rvs","7":"product_cat-deurtrekkers","8":"product_cat-ladetrekkers","9":"product_cat-meubelbeslag","11":"first","12":"instock","13":"taxable","14":"shipping-taxable","15":"purchasable","16":"product-type-simple"},"acf":[],"yoast_head":"<!-- This site is optimized with the Yoast SEO plugin v27.3 - https:\/\/yoast.com\/product\/yoast-seo-wordpress\/ -->\n<title>Meubelgreep Vierkant Zwart 480mm mat RVS<\/title>\n<meta name=\"description\" content=\"Meubelgreep Vierkant Zwart mat RVS 480mm is een strakke vierkante greep. Het is een hoogwaardige ladegreep die een stoere touch aan je interieur toevoegt.\" \/>\n<meta name=\"robots\" content=\"index, follow, max-snippet:-1, max-image-preview:large, max-video-preview:-1\" \/>\n<link rel=\"canonical\" href=\"https:\/\/partsandpieces.nl\/de\/produkt\/vierkantgriff-schwarz-matt-edelstahl-480-mm-4-stuck\/\" \/>\n<meta property=\"og:locale\" content=\"de_DE\" \/>\n<meta property=\"og:type\" content=\"article\" \/>\n<meta property=\"og:title\" content=\"Meubelgreep Vierkant Zwart 480mm mat RVS\" \/>\n<meta property=\"og:description\" content=\"Meubelgreep Vierkant Zwart mat RVS 480mm is een strakke vierkante greep. Het is een hoogwaardige ladegreep die een stoere touch aan je interieur toevoegt.\" \/>\n<meta property=\"og:url\" content=\"https:\/\/partsandpieces.nl\/de\/produkt\/vierkantgriff-schwarz-matt-edelstahl-480-mm-4-stuck\/\" \/>\n<meta property=\"og:site_name\" content=\"Parts &amp; Pieces\" \/>\n<meta property=\"article:modified_time\" content=\"2026-04-09T09:40:20+00:00\" \/>\n<meta property=\"og:image\" content=\"https:\/\/partsandpieces.nl\/wp-content\/uploads\/2026\/04\/Greep-Vierkant-Zwart-mat-RVS-480mm.jpg\" \/>\n\t<meta property=\"og:image:width\" content=\"2160\" \/>\n\t<meta property=\"og:image:height\" content=\"2160\" \/>\n\t<meta property=\"og:image:type\" content=\"image\/jpeg\" \/>\n<meta name=\"twitter:card\" content=\"summary_large_image\" \/>\n<meta name=\"twitter:label1\" content=\"Gesch\u00e4tzte Lesezeit\" \/>\n\t<meta name=\"twitter:data1\" content=\"1\u00a0Minute\" \/>\n<script type=\"application\/ld+json\" class=\"yoast-schema-graph\">{\"@context\":\"https:\\\/\\\/schema.org\",\"@graph\":[{\"@type\":\"WebPage\",\"@id\":\"https:\\\/\\\/partsandpieces.nl\\\/product\\\/greep-vierkant-zwart-mat-rvs-480mm-4-stuks\\\/\",\"url\":\"https:\\\/\\\/partsandpieces.nl\\\/product\\\/greep-vierkant-zwart-mat-rvs-480mm-4-stuks\\\/\",\"name\":\"Meubelgreep Vierkant Zwart 480mm mat RVS\",\"isPartOf\":{\"@id\":\"https:\\\/\\\/partsandpieces.nl\\\/#website\"},\"primaryImageOfPage\":{\"@id\":\"https:\\\/\\\/partsandpieces.nl\\\/product\\\/greep-vierkant-zwart-mat-rvs-480mm-4-stuks\\\/#primaryimage\"},\"image\":{\"@id\":\"https:\\\/\\\/partsandpieces.nl\\\/product\\\/greep-vierkant-zwart-mat-rvs-480mm-4-stuks\\\/#primaryimage\"},\"thumbnailUrl\":\"https:\\\/\\\/partsandpieces.nl\\\/wp-content\\\/uploads\\\/2026\\\/04\\\/Greep-Vierkant-Zwart-mat-RVS-480mm.jpg\",\"datePublished\":\"2026-04-08T14:16:37+00:00\",\"dateModified\":\"2026-04-09T09:40:20+00:00\",\"description\":\"Meubelgreep Vierkant Zwart mat RVS 480mm is een strakke vierkante greep. Het is een hoogwaardige ladegreep die een stoere touch aan je interieur toevoegt.\",\"breadcrumb\":{\"@id\":\"https:\\\/\\\/partsandpieces.nl\\\/product\\\/greep-vierkant-zwart-mat-rvs-480mm-4-stuks\\\/#breadcrumb\"},\"inLanguage\":\"de\",\"potentialAction\":[{\"@type\":\"ReadAction\",\"target\":[\"https:\\\/\\\/partsandpieces.nl\\\/product\\\/greep-vierkant-zwart-mat-rvs-480mm-4-stuks\\\/\"]}]},{\"@type\":\"ImageObject\",\"inLanguage\":\"de\",\"@id\":\"https:\\\/\\\/partsandpieces.nl\\\/product\\\/greep-vierkant-zwart-mat-rvs-480mm-4-stuks\\\/#primaryimage\",\"url\":\"https:\\\/\\\/partsandpieces.nl\\\/wp-content\\\/uploads\\\/2026\\\/04\\\/Greep-Vierkant-Zwart-mat-RVS-480mm.jpg\",\"contentUrl\":\"https:\\\/\\\/partsandpieces.nl\\\/wp-content\\\/uploads\\\/2026\\\/04\\\/Greep-Vierkant-Zwart-mat-RVS-480mm.jpg\",\"width\":2160,\"height\":2160,\"caption\":\"Greep Vierkant Zwart mat RVS 480mm\"},{\"@type\":\"BreadcrumbList\",\"@id\":\"https:\\\/\\\/partsandpieces.nl\\\/product\\\/greep-vierkant-zwart-mat-rvs-480mm-4-stuks\\\/#breadcrumb\",\"itemListElement\":[{\"@type\":\"ListItem\",\"position\":1,\"name\":\"Home\",\"item\":\"https:\\\/\\\/partsandpieces.nl\\\/home\\\/\"},{\"@type\":\"ListItem\",\"position\":2,\"name\":\"Winkel\",\"item\":\"https:\\\/\\\/partsandpieces.nl\\\/winkel\\\/\"},{\"@type\":\"ListItem\",\"position\":3,\"name\":\"Greep Vierkant Zwart mat RVS 480mm (4 stuks)\"}]},{\"@type\":\"WebSite\",\"@id\":\"https:\\\/\\\/partsandpieces.nl\\\/#website\",\"url\":\"https:\\\/\\\/partsandpieces.nl\\\/\",\"name\":\"Parts &amp; Pieces\",\"description\":\"Alles voor uw meubelrestauratie en -onderhoud!\",\"potentialAction\":[{\"@type\":\"SearchAction\",\"target\":{\"@type\":\"EntryPoint\",\"urlTemplate\":\"https:\\\/\\\/partsandpieces.nl\\\/?s={search_term_string}\"},\"query-input\":{\"@type\":\"PropertyValueSpecification\",\"valueRequired\":true,\"valueName\":\"search_term_string\"}}],\"inLanguage\":\"de\"}]}<\/script>\n<!-- \/ Yoast SEO plugin. -->","yoast_head_json":{"title":"Quadratischer M\u00f6belgriff, schwarz, 480 mm, matt, Edelstahl","description":"Der quadratische M\u00f6belgriff aus mattschwarzem Edelstahl (480 mm) ist ein eleganter, quadratischer Griff. Er ist ein hochwertiger Schubladengriff, der Ihrem Interieur eine robuste Note verleiht.","robots":{"index":"index","follow":"follow","max-snippet":"max-snippet:-1","max-image-preview":"max-image-preview:large","max-video-preview":"max-video-preview:-1"},"canonical":"https:\/\/partsandpieces.nl\/de\/produkt\/vierkantgriff-schwarz-matt-edelstahl-480-mm-4-stuck\/","og_locale":"de_DE","og_type":"article","og_title":"Meubelgreep Vierkant Zwart 480mm mat RVS","og_description":"Meubelgreep Vierkant Zwart mat RVS 480mm is een strakke vierkante greep. Het is een hoogwaardige ladegreep die een stoere touch aan je interieur toevoegt.","og_url":"https:\/\/partsandpieces.nl\/de\/produkt\/vierkantgriff-schwarz-matt-edelstahl-480-mm-4-stuck\/","og_site_name":"Parts &amp; Pieces","article_modified_time":"2026-04-09T09:40:20+00:00","og_image":[{"width":2160,"height":2160,"url":"https:\/\/partsandpieces.nl\/wp-content\/uploads\/2026\/04\/Greep-Vierkant-Zwart-mat-RVS-480mm.jpg","type":"image\/jpeg"}],"twitter_card":"summary_large_image","twitter_misc":{"Gesch\u00e4tzte Lesezeit":"1\u00a0Minute"},"schema":{"@context":"https:\/\/schema.org","@graph":[{"@type":"WebPage","@id":"https:\/\/partsandpieces.nl\/product\/greep-vierkant-zwart-mat-rvs-480mm-4-stuks\/","url":"https:\/\/partsandpieces.nl\/product\/greep-vierkant-zwart-mat-rvs-480mm-4-stuks\/","name":"Quadratischer M\u00f6belgriff, schwarz, 480 mm, matt, Edelstahl","isPartOf":{"@id":"https:\/\/partsandpieces.nl\/#website"},"primaryImageOfPage":{"@id":"https:\/\/partsandpieces.nl\/product\/greep-vierkant-zwart-mat-rvs-480mm-4-stuks\/#primaryimage"},"image":{"@id":"https:\/\/partsandpieces.nl\/product\/greep-vierkant-zwart-mat-rvs-480mm-4-stuks\/#primaryimage"},"thumbnailUrl":"https:\/\/partsandpieces.nl\/wp-content\/uploads\/2026\/04\/Greep-Vierkant-Zwart-mat-RVS-480mm.jpg","datePublished":"2026-04-08T14:16:37+00:00","dateModified":"2026-04-09T09:40:20+00:00","description":"Der quadratische M\u00f6belgriff aus mattschwarzem Edelstahl (480 mm) ist ein eleganter, quadratischer Griff. Er ist ein hochwertiger Schubladengriff, der Ihrem Interieur eine robuste Note verleiht.","breadcrumb":{"@id":"https:\/\/partsandpieces.nl\/product\/greep-vierkant-zwart-mat-rvs-480mm-4-stuks\/#breadcrumb"},"inLanguage":"de","potentialAction":[{"@type":"ReadAction","target":["https:\/\/partsandpieces.nl\/product\/greep-vierkant-zwart-mat-rvs-480mm-4-stuks\/"]}]},{"@type":"ImageObject","inLanguage":"de","@id":"https:\/\/partsandpieces.nl\/product\/greep-vierkant-zwart-mat-rvs-480mm-4-stuks\/#primaryimage","url":"https:\/\/partsandpieces.nl\/wp-content\/uploads\/2026\/04\/Greep-Vierkant-Zwart-mat-RVS-480mm.jpg","contentUrl":"https:\/\/partsandpieces.nl\/wp-content\/uploads\/2026\/04\/Greep-Vierkant-Zwart-mat-RVS-480mm.jpg","width":2160,"height":2160,"caption":"Greep Vierkant Zwart mat RVS 480mm"},{"@type":"BreadcrumbList","@id":"https:\/\/partsandpieces.nl\/product\/greep-vierkant-zwart-mat-rvs-480mm-4-stuks\/#breadcrumb","itemListElement":[{"@type":"ListItem","position":1,"name":"Home","item":"https:\/\/partsandpieces.nl\/home\/"},{"@type":"ListItem","position":2,"name":"Winkel","item":"https:\/\/partsandpieces.nl\/winkel\/"},{"@type":"ListItem","position":3,"name":"Greep Vierkant Zwart mat RVS 480mm (4 stuks)"}]},{"@type":"WebSite","@id":"https:\/\/partsandpieces.nl\/#website","url":"https:\/\/partsandpieces.nl\/","name":"Teile &amp; St\u00fccke","description":"Alles f\u00fcr Ihre M\u00f6belrestaurierung und -pflege!","potentialAction":[{"@type":"SearchAction","target":{"@type":"EntryPoint","urlTemplate":"https:\/\/partsandpieces.nl\/?s={search_term_string}"},"query-input":{"@type":"PropertyValueSpecification","valueRequired":true,"valueName":"search_term_string"}}],"inLanguage":"de"}]}},"_links":{"self":[{"href":"https:\/\/partsandpieces.nl\/de\/wp-json\/wp\/v2\/product\/14580","targetHints":{"allow":["GET"]}}],"collection":[{"href":"https:\/\/partsandpieces.nl\/de\/wp-json\/wp\/v2\/product"}],"about":[{"href":"https:\/\/partsandpieces.nl\/de\/wp-json\/wp\/v2\/types\/product"}],"wp:featuredmedia":[{"embeddable":true,"href":"https:\/\/partsandpieces.nl\/de\/wp-json\/wp\/v2\/media\/14585"}],"wp:attachment":[{"href":"https:\/\/partsandpieces.nl\/de\/wp-json\/wp\/v2\/media?parent=14580"}],"wp:term":[{"taxonomy":"product_brand","embeddable":true,"href":"https:\/\/partsandpieces.nl\/de\/wp-json\/wp\/v2\/product_brand?post=14580"},{"taxonomy":"product_cat","embeddable":true,"href":"https:\/\/partsandpieces.nl\/de\/wp-json\/wp\/v2\/product_cat?post=14580"},{"taxonomy":"product_tag","embeddable":true,"href":"https:\/\/partsandpieces.nl\/de\/wp-json\/wp\/v2\/product_tag?post=14580"}],"curies":[{"name":"wp","href":"https:\/\/api.w.org\/{rel}","templated":true}]}}