{"id":1464,"date":"2020-08-06T08:20:54","date_gmt":"2020-08-06T08:20:54","guid":{"rendered":"https:\/\/partsandpieces.bonsaidev.nl\/?product=sleutelplaat-vert-3397"},"modified":"2026-03-14T13:24:03","modified_gmt":"2026-03-14T12:24:03","slug":"schlusselplatte-bronze-antik-vertikal-33x97mm","status":"publish","type":"product","link":"https:\/\/partsandpieces.nl\/de\/product\/sleutelplaat-brons-antiek-verticaal-33x97mm\/","title":{"rendered":"Schl\u00fcsselplatte Bronze antik vertikal 33x97mm"},"content":{"rendered":"<p><strong>Schl\u00fcsselplatte Bronze antik vertikal 33x97mm<\/strong> ist ein wundersch\u00f6n gearbeitetes Schl\u00fcsselschild f\u00fcr M\u00f6belt\u00fcren und Schubladen. Die Schl\u00fcsselplatte hat ein bronzefarbenes Antik-Finish. Die Schl\u00fcsselplatte besteht aus Zamak.<\/p>\n<p><strong>Ma\u00dfe<br \/>\n<\/strong>Schl\u00fcsselplatte Bronze antik vertikal 33x97mm hat eine Breite von 33mm und eine H\u00f6he von 97mm.<\/p>\n<p><strong>Bearbeiten<br \/>\n<\/strong>Sie k\u00f6nnen das Schl\u00fcsselschild mit blind montieren\u00a0<span style=\"text-decoration: underline;\"><a href=\"https:\/\/partsandpieces.nl\/de\/produkt\/schraube-edelstahl-fur-blindmontageknopf-20x4mm-20-stuck\/\">Edelstahlschraube f\u00fcr Blindbefestigungsknopf (20x4mm)<\/a><\/span>. Ich schicke diese Schraube\u00a0<strong>FREI<\/strong>\u00a0mit Ihrer Bestellung.<\/p>\n<p>* Zamak ist eine Legierung mit Zink als Hauptbestandteil. Es hat einen relativ niedrigen Schmelzpunkt und ist leicht zu gie\u00dfen. Der Name ist ein Akronym, abgeleitet von den Anfangsbuchstaben der deutschen Bezeichnungen f\u00fcr die Metalle, aus denen sich der Werkstoff zusammensetzt: Zink, Aluminium, MAGnesium, Kupfer. Zamak wird in der Auto- und M\u00f6belindustrie f\u00fcr T\u00fcrgriffe, Griffe, Logos und Zierleisten verwendet. Es wird auch h\u00e4ufig als Ersatz f\u00fcr das giftige Blei verwendet.<\/p>","protected":false},"excerpt":{"rendered":"<p>Sleutelplaat Brons antiek verticaal 33x97mm is een mooi bewerkte sleutelplaat voor meubeldeurtjes en lades. De sleutelplaat heeft een bronzen antieke afwerking. De sleutelplaat is gemaakt van Zamak. Afmetingen Sleutelplaat Brons antiek verticaal 33x97mm heeft een breedte van 33mm en een hoogte van 97mm. Montage Je kunt de sleutelplaat blind monteren met\u00a0Schroef RVS voor blind bevestigen [&hellip;]<\/p>\n","protected":false},"featured_media":6946,"template":"","meta":{"_acf_changed":false},"product_brand":[],"product_cat":[23,48],"product_tag":[],"class_list":{"0":"post-1464","1":"product","2":"type-product","3":"status-publish","4":"has-post-thumbnail","6":"product_cat-meubelbeslag","7":"product_cat-sleutelplaten","9":"first","10":"instock","11":"taxable","12":"shipping-taxable","13":"purchasable","14":"product-type-simple"},"acf":[],"yoast_head":"<!-- This site is optimized with the Yoast SEO plugin v27.3 - https:\/\/yoast.com\/product\/yoast-seo-wordpress\/ -->\n<title>Sleutelplaat Brons verticaal 33x97mm<\/title>\n<meta name=\"description\" content=\"Sleutelplaat Brons antiek verticaal 33x97mm is een mooi bewerkte sleutelplaat voor meubeldeurtjes en lades. Heeft een bronzen antieke afwerking.\" \/>\n<meta name=\"robots\" content=\"index, follow, max-snippet:-1, max-image-preview:large, max-video-preview:-1\" \/>\n<link rel=\"canonical\" href=\"https:\/\/partsandpieces.nl\/de\/produkt\/schlusselplatte-bronze-antik-vertikal-33x97mm\/\" \/>\n<meta property=\"og:locale\" content=\"de_DE\" \/>\n<meta property=\"og:type\" content=\"article\" \/>\n<meta property=\"og:title\" content=\"Sleutelplaat Brons verticaal 33x97mm\" \/>\n<meta property=\"og:description\" content=\"Sleutelplaat Brons antiek verticaal 33x97mm is een mooi bewerkte sleutelplaat voor meubeldeurtjes en lades. Heeft een bronzen antieke afwerking.\" \/>\n<meta property=\"og:url\" content=\"https:\/\/partsandpieces.nl\/de\/produkt\/schlusselplatte-bronze-antik-vertikal-33x97mm\/\" \/>\n<meta property=\"og:site_name\" content=\"Parts &amp; Pieces\" \/>\n<meta property=\"article:modified_time\" content=\"2026-03-14T12:24:03+00:00\" \/>\n<meta property=\"og:image\" content=\"https:\/\/partsandpieces.nl\/wp-content\/uploads\/2020\/08\/Sleutelplaat-Brons-antiek-verticaal-33x97mm.jpg\" \/>\n\t<meta property=\"og:image:width\" content=\"422\" \/>\n\t<meta property=\"og:image:height\" content=\"425\" \/>\n\t<meta property=\"og:image:type\" content=\"image\/jpeg\" \/>\n<meta name=\"twitter:card\" content=\"summary_large_image\" \/>\n<meta name=\"twitter:label1\" content=\"Gesch\u00e4tzte Lesezeit\" \/>\n\t<meta name=\"twitter:data1\" content=\"1\u00a0Minute\" \/>\n<script type=\"application\/ld+json\" class=\"yoast-schema-graph\">{\"@context\":\"https:\\\/\\\/schema.org\",\"@graph\":[{\"@type\":\"WebPage\",\"@id\":\"https:\\\/\\\/partsandpieces.nl\\\/product\\\/sleutelplaat-brons-antiek-verticaal-33x97mm\\\/\",\"url\":\"https:\\\/\\\/partsandpieces.nl\\\/product\\\/sleutelplaat-brons-antiek-verticaal-33x97mm\\\/\",\"name\":\"Sleutelplaat Brons verticaal 33x97mm\",\"isPartOf\":{\"@id\":\"https:\\\/\\\/partsandpieces.nl\\\/#website\"},\"primaryImageOfPage\":{\"@id\":\"https:\\\/\\\/partsandpieces.nl\\\/product\\\/sleutelplaat-brons-antiek-verticaal-33x97mm\\\/#primaryimage\"},\"image\":{\"@id\":\"https:\\\/\\\/partsandpieces.nl\\\/product\\\/sleutelplaat-brons-antiek-verticaal-33x97mm\\\/#primaryimage\"},\"thumbnailUrl\":\"https:\\\/\\\/partsandpieces.nl\\\/wp-content\\\/uploads\\\/2020\\\/08\\\/Sleutelplaat-Brons-antiek-verticaal-33x97mm.jpg\",\"datePublished\":\"2020-08-06T08:20:54+00:00\",\"dateModified\":\"2026-03-14T12:24:03+00:00\",\"description\":\"Sleutelplaat Brons antiek verticaal 33x97mm is een mooi bewerkte sleutelplaat voor meubeldeurtjes en lades. Heeft een bronzen antieke afwerking.\",\"breadcrumb\":{\"@id\":\"https:\\\/\\\/partsandpieces.nl\\\/product\\\/sleutelplaat-brons-antiek-verticaal-33x97mm\\\/#breadcrumb\"},\"inLanguage\":\"de\",\"potentialAction\":[{\"@type\":\"ReadAction\",\"target\":[\"https:\\\/\\\/partsandpieces.nl\\\/product\\\/sleutelplaat-brons-antiek-verticaal-33x97mm\\\/\"]}]},{\"@type\":\"ImageObject\",\"inLanguage\":\"de\",\"@id\":\"https:\\\/\\\/partsandpieces.nl\\\/product\\\/sleutelplaat-brons-antiek-verticaal-33x97mm\\\/#primaryimage\",\"url\":\"https:\\\/\\\/partsandpieces.nl\\\/wp-content\\\/uploads\\\/2020\\\/08\\\/Sleutelplaat-Brons-antiek-verticaal-33x97mm.jpg\",\"contentUrl\":\"https:\\\/\\\/partsandpieces.nl\\\/wp-content\\\/uploads\\\/2020\\\/08\\\/Sleutelplaat-Brons-antiek-verticaal-33x97mm.jpg\",\"width\":422,\"height\":425,\"caption\":\"Sleutelplaat Brons antiek verticaal 33x97mm is een mooi bewerkte sleutelplaat voor meubeldeurtjes en lades. De sleutelplaat heeft een bronzen antieke afwerking.\"},{\"@type\":\"BreadcrumbList\",\"@id\":\"https:\\\/\\\/partsandpieces.nl\\\/product\\\/sleutelplaat-brons-antiek-verticaal-33x97mm\\\/#breadcrumb\",\"itemListElement\":[{\"@type\":\"ListItem\",\"position\":1,\"name\":\"Home\",\"item\":\"https:\\\/\\\/partsandpieces.nl\\\/home\\\/\"},{\"@type\":\"ListItem\",\"position\":2,\"name\":\"Winkel\",\"item\":\"https:\\\/\\\/partsandpieces.nl\\\/winkel\\\/\"},{\"@type\":\"ListItem\",\"position\":3,\"name\":\"Sleutelplaat Brons antiek verticaal 33x97mm\"}]},{\"@type\":\"WebSite\",\"@id\":\"https:\\\/\\\/partsandpieces.nl\\\/#website\",\"url\":\"https:\\\/\\\/partsandpieces.nl\\\/\",\"name\":\"Parts &amp; Pieces\",\"description\":\"Alles voor uw meubelrestauratie en -onderhoud!\",\"potentialAction\":[{\"@type\":\"SearchAction\",\"target\":{\"@type\":\"EntryPoint\",\"urlTemplate\":\"https:\\\/\\\/partsandpieces.nl\\\/?s={search_term_string}\"},\"query-input\":{\"@type\":\"PropertyValueSpecification\",\"valueRequired\":true,\"valueName\":\"search_term_string\"}}],\"inLanguage\":\"de\"}]}<\/script>\n<!-- \/ Yoast SEO plugin. -->","yoast_head_json":{"title":"Schl\u00fcsselplatte Bronze vertikal 33x97mm","description":"Schl\u00fcsselplatte Bronze antik vertikal 33 x 97 mm ist eine wundersch\u00f6n gearbeitete Schl\u00fcsselplatte f\u00fcr M\u00f6belt\u00fcren und Schubladen. Hat ein antikes Bronze-Finish.","robots":{"index":"index","follow":"follow","max-snippet":"max-snippet:-1","max-image-preview":"max-image-preview:large","max-video-preview":"max-video-preview:-1"},"canonical":"https:\/\/partsandpieces.nl\/de\/produkt\/schlusselplatte-bronze-antik-vertikal-33x97mm\/","og_locale":"de_DE","og_type":"article","og_title":"Sleutelplaat Brons verticaal 33x97mm","og_description":"Sleutelplaat Brons antiek verticaal 33x97mm is een mooi bewerkte sleutelplaat voor meubeldeurtjes en lades. Heeft een bronzen antieke afwerking.","og_url":"https:\/\/partsandpieces.nl\/de\/produkt\/schlusselplatte-bronze-antik-vertikal-33x97mm\/","og_site_name":"Parts &amp; Pieces","article_modified_time":"2026-03-14T12:24:03+00:00","og_image":[{"width":422,"height":425,"url":"https:\/\/partsandpieces.nl\/wp-content\/uploads\/2020\/08\/Sleutelplaat-Brons-antiek-verticaal-33x97mm.jpg","type":"image\/jpeg"}],"twitter_card":"summary_large_image","twitter_misc":{"Gesch\u00e4tzte Lesezeit":"1\u00a0Minute"},"schema":{"@context":"https:\/\/schema.org","@graph":[{"@type":"WebPage","@id":"https:\/\/partsandpieces.nl\/product\/sleutelplaat-brons-antiek-verticaal-33x97mm\/","url":"https:\/\/partsandpieces.nl\/product\/sleutelplaat-brons-antiek-verticaal-33x97mm\/","name":"Schl\u00fcsselplatte Bronze vertikal 33x97mm","isPartOf":{"@id":"https:\/\/partsandpieces.nl\/#website"},"primaryImageOfPage":{"@id":"https:\/\/partsandpieces.nl\/product\/sleutelplaat-brons-antiek-verticaal-33x97mm\/#primaryimage"},"image":{"@id":"https:\/\/partsandpieces.nl\/product\/sleutelplaat-brons-antiek-verticaal-33x97mm\/#primaryimage"},"thumbnailUrl":"https:\/\/partsandpieces.nl\/wp-content\/uploads\/2020\/08\/Sleutelplaat-Brons-antiek-verticaal-33x97mm.jpg","datePublished":"2020-08-06T08:20:54+00:00","dateModified":"2026-03-14T12:24:03+00:00","description":"Schl\u00fcsselplatte Bronze antik vertikal 33 x 97 mm ist eine wundersch\u00f6n gearbeitete Schl\u00fcsselplatte f\u00fcr M\u00f6belt\u00fcren und Schubladen. Hat ein antikes Bronze-Finish.","breadcrumb":{"@id":"https:\/\/partsandpieces.nl\/product\/sleutelplaat-brons-antiek-verticaal-33x97mm\/#breadcrumb"},"inLanguage":"de","potentialAction":[{"@type":"ReadAction","target":["https:\/\/partsandpieces.nl\/product\/sleutelplaat-brons-antiek-verticaal-33x97mm\/"]}]},{"@type":"ImageObject","inLanguage":"de","@id":"https:\/\/partsandpieces.nl\/product\/sleutelplaat-brons-antiek-verticaal-33x97mm\/#primaryimage","url":"https:\/\/partsandpieces.nl\/wp-content\/uploads\/2020\/08\/Sleutelplaat-Brons-antiek-verticaal-33x97mm.jpg","contentUrl":"https:\/\/partsandpieces.nl\/wp-content\/uploads\/2020\/08\/Sleutelplaat-Brons-antiek-verticaal-33x97mm.jpg","width":422,"height":425,"caption":"Sleutelplaat Brons antiek verticaal 33x97mm is een mooi bewerkte sleutelplaat voor meubeldeurtjes en lades. De sleutelplaat heeft een bronzen antieke afwerking."},{"@type":"BreadcrumbList","@id":"https:\/\/partsandpieces.nl\/product\/sleutelplaat-brons-antiek-verticaal-33x97mm\/#breadcrumb","itemListElement":[{"@type":"ListItem","position":1,"name":"Home","item":"https:\/\/partsandpieces.nl\/home\/"},{"@type":"ListItem","position":2,"name":"Winkel","item":"https:\/\/partsandpieces.nl\/winkel\/"},{"@type":"ListItem","position":3,"name":"Sleutelplaat Brons antiek verticaal 33x97mm"}]},{"@type":"WebSite","@id":"https:\/\/partsandpieces.nl\/#website","url":"https:\/\/partsandpieces.nl\/","name":"Teile &amp; St\u00fccke","description":"Alles f\u00fcr Ihre M\u00f6belrestaurierung und -pflege!","potentialAction":[{"@type":"SearchAction","target":{"@type":"EntryPoint","urlTemplate":"https:\/\/partsandpieces.nl\/?s={search_term_string}"},"query-input":{"@type":"PropertyValueSpecification","valueRequired":true,"valueName":"search_term_string"}}],"inLanguage":"de"}]}},"_links":{"self":[{"href":"https:\/\/partsandpieces.nl\/de\/wp-json\/wp\/v2\/product\/1464","targetHints":{"allow":["GET"]}}],"collection":[{"href":"https:\/\/partsandpieces.nl\/de\/wp-json\/wp\/v2\/product"}],"about":[{"href":"https:\/\/partsandpieces.nl\/de\/wp-json\/wp\/v2\/types\/product"}],"wp:featuredmedia":[{"embeddable":true,"href":"https:\/\/partsandpieces.nl\/de\/wp-json\/wp\/v2\/media\/6946"}],"wp:attachment":[{"href":"https:\/\/partsandpieces.nl\/de\/wp-json\/wp\/v2\/media?parent=1464"}],"wp:term":[{"taxonomy":"product_brand","embeddable":true,"href":"https:\/\/partsandpieces.nl\/de\/wp-json\/wp\/v2\/product_brand?post=1464"},{"taxonomy":"product_cat","embeddable":true,"href":"https:\/\/partsandpieces.nl\/de\/wp-json\/wp\/v2\/product_cat?post=1464"},{"taxonomy":"product_tag","embeddable":true,"href":"https:\/\/partsandpieces.nl\/de\/wp-json\/wp\/v2\/product_tag?post=1464"}],"curies":[{"name":"wp","href":"https:\/\/api.w.org\/{rel}","templated":true}]}}