{"id":14647,"date":"2026-04-13T14:14:27","date_gmt":"2026-04-13T12:14:27","guid":{"rendered":"https:\/\/partsandpieces.nl\/?post_type=product&#038;p=14647"},"modified":"2026-04-13T14:49:33","modified_gmt":"2026-04-13T12:49:33","slug":"romantischer-griff-aus-poliertem-chrom-mit-weiser-porzellaneinlage-128-mm-10-stuck","status":"publish","type":"product","link":"https:\/\/partsandpieces.nl\/de\/product\/greep-romantisch-polijst-chroom-met-porseleinen-inleg-wit-128mm-10-stuks\/","title":{"rendered":"Romantischer, polierter Chromgriff mit wei\u00dfer Porzellaneinlage, 128 mm (10 St\u00fcck)"},"content":{"rendered":"<p><strong>Romantischer Griff aus poliertem Chrom mit wei\u00dfer Porzellaneinlage, 128 mm<\/strong> ist eine wundersch\u00f6ne, klassische und romantische Auswahl aus der Romantic Line Serie 62 von Giusti. Der Griff besteht aus einer Zinklegierung und verf\u00fcgt \u00fcber eine hochgl\u00e4nzende Chromoberfl\u00e4che. Das Inlay besteht aus wei\u00dfem Porzellan.<\/p>\n<p>Dieser hochwertige Griff wird in Italien hergestellt.<\/p>\n<p><strong>Ma\u00dfe<br \/>\n<\/strong>Romantischer, polierter Chromgriff mit wei\u00dfer Porzellaneinlage (128 mm), 146 mm breit und 19 mm hoch. Nach der Montage steht der Griff 38 mm hervor. Der Lochabstand (Mitte zu Mitte) betr\u00e4gt 128 mm.<\/p>\n<p><strong>Lieferung<\/strong><br \/>\nDiese Griffe werden Ihnen direkt vom Hersteller geliefert. Leider sind keine Befestigungsschrauben im Lieferumfang enthalten. Folgende Schrauben werden ben\u00f6tigt: <span style=\"text-decoration: underline;\"><a href=\"https:\/\/partsandpieces.nl\/de\/produkt\/schraube-edelstahl-zur-blindmontage-von-mobelbeschlagen-45x4mm-20-stuck\/\">Edelstahlschraube zur Blindbefestigung von M\u00f6belbeschl\u00e4gen (45x4mm) 20 St\u00fcck<\/a><\/span>. Die Lieferzeit betr\u00e4gt im Normalfall 3 bis 4 Werktage.<br \/>\nBen\u00f6tigen Sie weitere Teile? Kontaktieren Sie mich f\u00fcr ein individuelles Angebot.<\/p>","protected":false},"excerpt":{"rendered":"<p>Greep Romantisch polijst chroom met porseleinen inleg wit 128mm is een mooie, klassieke en romantische greep uit de Romantische lijn serie 62 van Giusti. De greep is gemaakt van een zink legering en heeft een hoogglans chromen finish. De inleg is van wit porselein gemaakt. Deze kwalitatief uitstekende greep is gemaakt in Itali\u00eb. Afmetingen Greep [&hellip;]<\/p>\n","protected":false},"featured_media":14651,"template":"","meta":{"_acf_changed":false},"product_brand":[],"product_cat":[25,29,41,23],"product_tag":[],"class_list":{"0":"post-14647","1":"product","2":"type-product","3":"status-publish","4":"has-post-thumbnail","6":"product_cat-aluminium-en-rvs","7":"product_cat-deurtrekkers","8":"product_cat-ladetrekkers","9":"product_cat-meubelbeslag","11":"first","12":"instock","13":"taxable","14":"shipping-taxable","15":"purchasable","16":"product-type-simple"},"acf":[],"yoast_head":"<!-- This site is optimized with the Yoast SEO plugin v27.4 - https:\/\/yoast.com\/product\/yoast-seo-wordpress\/ -->\n<title>Greep Romantisch chroom 128mm met porseleinen inleg wit<\/title>\n<meta name=\"description\" content=\"Greep Romantisch polijst chroom met porseleinen inleg wit 128mm heeft een hoogglans chromen finish. De inleg is van wit porselein gemaakt.\" \/>\n<meta name=\"robots\" content=\"index, follow, max-snippet:-1, max-image-preview:large, max-video-preview:-1\" \/>\n<link rel=\"canonical\" href=\"https:\/\/partsandpieces.nl\/de\/produkt\/romantischer-griff-aus-poliertem-chrom-mit-weiser-porzellaneinlage-128-mm-10-stuck\/\" \/>\n<meta property=\"og:locale\" content=\"de_DE\" \/>\n<meta property=\"og:type\" content=\"article\" \/>\n<meta property=\"og:title\" content=\"Greep Romantisch chroom 128mm met porseleinen inleg wit\" \/>\n<meta property=\"og:description\" content=\"Greep Romantisch polijst chroom met porseleinen inleg wit 128mm heeft een hoogglans chromen finish. De inleg is van wit porselein gemaakt.\" \/>\n<meta property=\"og:url\" content=\"https:\/\/partsandpieces.nl\/de\/produkt\/romantischer-griff-aus-poliertem-chrom-mit-weiser-porzellaneinlage-128-mm-10-stuck\/\" \/>\n<meta property=\"og:site_name\" content=\"Parts &amp; Pieces\" \/>\n<meta property=\"article:modified_time\" content=\"2026-04-13T12:49:33+00:00\" \/>\n<meta property=\"og:image\" content=\"https:\/\/partsandpieces.nl\/wp-content\/uploads\/2026\/04\/Greep-Romantisch-polijst-chroom-met-porseleinen-inleg-wit-128mm.jpg\" \/>\n\t<meta property=\"og:image:width\" content=\"1440\" \/>\n\t<meta property=\"og:image:height\" content=\"1440\" \/>\n\t<meta property=\"og:image:type\" content=\"image\/jpeg\" \/>\n<meta name=\"twitter:card\" content=\"summary_large_image\" \/>\n<meta name=\"twitter:label1\" content=\"Gesch\u00e4tzte Lesezeit\" \/>\n\t<meta name=\"twitter:data1\" content=\"1\u00a0Minute\" \/>\n<script type=\"application\/ld+json\" class=\"yoast-schema-graph\">{\"@context\":\"https:\\\/\\\/schema.org\",\"@graph\":[{\"@type\":\"WebPage\",\"@id\":\"https:\\\/\\\/partsandpieces.nl\\\/product\\\/greep-romantisch-polijst-chroom-met-porseleinen-inleg-wit-128mm-10-stuks\\\/\",\"url\":\"https:\\\/\\\/partsandpieces.nl\\\/product\\\/greep-romantisch-polijst-chroom-met-porseleinen-inleg-wit-128mm-10-stuks\\\/\",\"name\":\"Greep Romantisch chroom 128mm met porseleinen inleg wit\",\"isPartOf\":{\"@id\":\"https:\\\/\\\/partsandpieces.nl\\\/#website\"},\"primaryImageOfPage\":{\"@id\":\"https:\\\/\\\/partsandpieces.nl\\\/product\\\/greep-romantisch-polijst-chroom-met-porseleinen-inleg-wit-128mm-10-stuks\\\/#primaryimage\"},\"image\":{\"@id\":\"https:\\\/\\\/partsandpieces.nl\\\/product\\\/greep-romantisch-polijst-chroom-met-porseleinen-inleg-wit-128mm-10-stuks\\\/#primaryimage\"},\"thumbnailUrl\":\"https:\\\/\\\/partsandpieces.nl\\\/wp-content\\\/uploads\\\/2026\\\/04\\\/Greep-Romantisch-polijst-chroom-met-porseleinen-inleg-wit-128mm.jpg\",\"datePublished\":\"2026-04-13T12:14:27+00:00\",\"dateModified\":\"2026-04-13T12:49:33+00:00\",\"description\":\"Greep Romantisch polijst chroom met porseleinen inleg wit 128mm heeft een hoogglans chromen finish. De inleg is van wit porselein gemaakt.\",\"breadcrumb\":{\"@id\":\"https:\\\/\\\/partsandpieces.nl\\\/product\\\/greep-romantisch-polijst-chroom-met-porseleinen-inleg-wit-128mm-10-stuks\\\/#breadcrumb\"},\"inLanguage\":\"de\",\"potentialAction\":[{\"@type\":\"ReadAction\",\"target\":[\"https:\\\/\\\/partsandpieces.nl\\\/product\\\/greep-romantisch-polijst-chroom-met-porseleinen-inleg-wit-128mm-10-stuks\\\/\"]}]},{\"@type\":\"ImageObject\",\"inLanguage\":\"de\",\"@id\":\"https:\\\/\\\/partsandpieces.nl\\\/product\\\/greep-romantisch-polijst-chroom-met-porseleinen-inleg-wit-128mm-10-stuks\\\/#primaryimage\",\"url\":\"https:\\\/\\\/partsandpieces.nl\\\/wp-content\\\/uploads\\\/2026\\\/04\\\/Greep-Romantisch-polijst-chroom-met-porseleinen-inleg-wit-128mm.jpg\",\"contentUrl\":\"https:\\\/\\\/partsandpieces.nl\\\/wp-content\\\/uploads\\\/2026\\\/04\\\/Greep-Romantisch-polijst-chroom-met-porseleinen-inleg-wit-128mm.jpg\",\"width\":1440,\"height\":1440,\"caption\":\"Greep Romantisch polijst chroom met porseleinen inleg wit 128mm\"},{\"@type\":\"BreadcrumbList\",\"@id\":\"https:\\\/\\\/partsandpieces.nl\\\/product\\\/greep-romantisch-polijst-chroom-met-porseleinen-inleg-wit-128mm-10-stuks\\\/#breadcrumb\",\"itemListElement\":[{\"@type\":\"ListItem\",\"position\":1,\"name\":\"Home\",\"item\":\"https:\\\/\\\/partsandpieces.nl\\\/home\\\/\"},{\"@type\":\"ListItem\",\"position\":2,\"name\":\"Winkel\",\"item\":\"https:\\\/\\\/partsandpieces.nl\\\/winkel\\\/\"},{\"@type\":\"ListItem\",\"position\":3,\"name\":\"Greep Romantisch polijst chroom met porseleinen inleg wit 128mm (10 stuks)\"}]},{\"@type\":\"WebSite\",\"@id\":\"https:\\\/\\\/partsandpieces.nl\\\/#website\",\"url\":\"https:\\\/\\\/partsandpieces.nl\\\/\",\"name\":\"Parts &amp; Pieces\",\"description\":\"Alles voor uw meubelrestauratie en -onderhoud!\",\"potentialAction\":[{\"@type\":\"SearchAction\",\"target\":{\"@type\":\"EntryPoint\",\"urlTemplate\":\"https:\\\/\\\/partsandpieces.nl\\\/?s={search_term_string}\"},\"query-input\":{\"@type\":\"PropertyValueSpecification\",\"valueRequired\":true,\"valueName\":\"search_term_string\"}}],\"inLanguage\":\"de\"}]}<\/script>\n<!-- \/ Yoast SEO plugin. -->","yoast_head_json":{"title":"Romantischer Chromgriff 128 mm mit wei\u00dfer Porzellaneinlage","description":"Romantischer, polierter Chromgriff mit wei\u00dfer Porzellaneinlage, 128 mm, mit hochgl\u00e4nzender Chromoberfl\u00e4che. Die Einlage ist aus wei\u00dfem Porzellan gefertigt.","robots":{"index":"index","follow":"follow","max-snippet":"max-snippet:-1","max-image-preview":"max-image-preview:large","max-video-preview":"max-video-preview:-1"},"canonical":"https:\/\/partsandpieces.nl\/de\/produkt\/romantischer-griff-aus-poliertem-chrom-mit-weiser-porzellaneinlage-128-mm-10-stuck\/","og_locale":"de_DE","og_type":"article","og_title":"Greep Romantisch chroom 128mm met porseleinen inleg wit","og_description":"Greep Romantisch polijst chroom met porseleinen inleg wit 128mm heeft een hoogglans chromen finish. De inleg is van wit porselein gemaakt.","og_url":"https:\/\/partsandpieces.nl\/de\/produkt\/romantischer-griff-aus-poliertem-chrom-mit-weiser-porzellaneinlage-128-mm-10-stuck\/","og_site_name":"Parts &amp; Pieces","article_modified_time":"2026-04-13T12:49:33+00:00","og_image":[{"width":1440,"height":1440,"url":"https:\/\/partsandpieces.nl\/wp-content\/uploads\/2026\/04\/Greep-Romantisch-polijst-chroom-met-porseleinen-inleg-wit-128mm.jpg","type":"image\/jpeg"}],"twitter_card":"summary_large_image","twitter_misc":{"Gesch\u00e4tzte Lesezeit":"1\u00a0Minute"},"schema":{"@context":"https:\/\/schema.org","@graph":[{"@type":"WebPage","@id":"https:\/\/partsandpieces.nl\/product\/greep-romantisch-polijst-chroom-met-porseleinen-inleg-wit-128mm-10-stuks\/","url":"https:\/\/partsandpieces.nl\/product\/greep-romantisch-polijst-chroom-met-porseleinen-inleg-wit-128mm-10-stuks\/","name":"Romantischer Chromgriff 128 mm mit wei\u00dfer Porzellaneinlage","isPartOf":{"@id":"https:\/\/partsandpieces.nl\/#website"},"primaryImageOfPage":{"@id":"https:\/\/partsandpieces.nl\/product\/greep-romantisch-polijst-chroom-met-porseleinen-inleg-wit-128mm-10-stuks\/#primaryimage"},"image":{"@id":"https:\/\/partsandpieces.nl\/product\/greep-romantisch-polijst-chroom-met-porseleinen-inleg-wit-128mm-10-stuks\/#primaryimage"},"thumbnailUrl":"https:\/\/partsandpieces.nl\/wp-content\/uploads\/2026\/04\/Greep-Romantisch-polijst-chroom-met-porseleinen-inleg-wit-128mm.jpg","datePublished":"2026-04-13T12:14:27+00:00","dateModified":"2026-04-13T12:49:33+00:00","description":"Romantischer, polierter Chromgriff mit wei\u00dfer Porzellaneinlage, 128 mm, mit hochgl\u00e4nzender Chromoberfl\u00e4che. Die Einlage ist aus wei\u00dfem Porzellan gefertigt.","breadcrumb":{"@id":"https:\/\/partsandpieces.nl\/product\/greep-romantisch-polijst-chroom-met-porseleinen-inleg-wit-128mm-10-stuks\/#breadcrumb"},"inLanguage":"de","potentialAction":[{"@type":"ReadAction","target":["https:\/\/partsandpieces.nl\/product\/greep-romantisch-polijst-chroom-met-porseleinen-inleg-wit-128mm-10-stuks\/"]}]},{"@type":"ImageObject","inLanguage":"de","@id":"https:\/\/partsandpieces.nl\/product\/greep-romantisch-polijst-chroom-met-porseleinen-inleg-wit-128mm-10-stuks\/#primaryimage","url":"https:\/\/partsandpieces.nl\/wp-content\/uploads\/2026\/04\/Greep-Romantisch-polijst-chroom-met-porseleinen-inleg-wit-128mm.jpg","contentUrl":"https:\/\/partsandpieces.nl\/wp-content\/uploads\/2026\/04\/Greep-Romantisch-polijst-chroom-met-porseleinen-inleg-wit-128mm.jpg","width":1440,"height":1440,"caption":"Greep Romantisch polijst chroom met porseleinen inleg wit 128mm"},{"@type":"BreadcrumbList","@id":"https:\/\/partsandpieces.nl\/product\/greep-romantisch-polijst-chroom-met-porseleinen-inleg-wit-128mm-10-stuks\/#breadcrumb","itemListElement":[{"@type":"ListItem","position":1,"name":"Home","item":"https:\/\/partsandpieces.nl\/home\/"},{"@type":"ListItem","position":2,"name":"Winkel","item":"https:\/\/partsandpieces.nl\/winkel\/"},{"@type":"ListItem","position":3,"name":"Greep Romantisch polijst chroom met porseleinen inleg wit 128mm (10 stuks)"}]},{"@type":"WebSite","@id":"https:\/\/partsandpieces.nl\/#website","url":"https:\/\/partsandpieces.nl\/","name":"Teile &amp; St\u00fccke","description":"Alles f\u00fcr Ihre M\u00f6belrestaurierung und -pflege!","potentialAction":[{"@type":"SearchAction","target":{"@type":"EntryPoint","urlTemplate":"https:\/\/partsandpieces.nl\/?s={search_term_string}"},"query-input":{"@type":"PropertyValueSpecification","valueRequired":true,"valueName":"search_term_string"}}],"inLanguage":"de"}]}},"_links":{"self":[{"href":"https:\/\/partsandpieces.nl\/de\/wp-json\/wp\/v2\/product\/14647","targetHints":{"allow":["GET"]}}],"collection":[{"href":"https:\/\/partsandpieces.nl\/de\/wp-json\/wp\/v2\/product"}],"about":[{"href":"https:\/\/partsandpieces.nl\/de\/wp-json\/wp\/v2\/types\/product"}],"wp:featuredmedia":[{"embeddable":true,"href":"https:\/\/partsandpieces.nl\/de\/wp-json\/wp\/v2\/media\/14651"}],"wp:attachment":[{"href":"https:\/\/partsandpieces.nl\/de\/wp-json\/wp\/v2\/media?parent=14647"}],"wp:term":[{"taxonomy":"product_brand","embeddable":true,"href":"https:\/\/partsandpieces.nl\/de\/wp-json\/wp\/v2\/product_brand?post=14647"},{"taxonomy":"product_cat","embeddable":true,"href":"https:\/\/partsandpieces.nl\/de\/wp-json\/wp\/v2\/product_cat?post=14647"},{"taxonomy":"product_tag","embeddable":true,"href":"https:\/\/partsandpieces.nl\/de\/wp-json\/wp\/v2\/product_tag?post=14647"}],"curies":[{"name":"wp","href":"https:\/\/api.w.org\/{rel}","templated":true}]}}