{"id":14685,"date":"2026-04-13T15:34:21","date_gmt":"2026-04-13T13:34:21","guid":{"rendered":"https:\/\/partsandpieces.nl\/?post_type=product&#038;p=14685"},"modified":"2026-04-13T16:25:39","modified_gmt":"2026-04-13T14:25:39","slug":"profilgriff-schwarz-matt-aluminium-350-mm-zum-anschrauben-an-der-innenseite-des-schranks-10-stuck","status":"publish","type":"product","link":"https:\/\/partsandpieces.nl\/de\/product\/profielgreep-zwart-mat-aluminium-350mm-opschroefbaar-binnenkant-kast-10-stuks\/","title":{"rendered":"Profilgriff Schwarz matt Aluminium 350 mm Schraubbefestigung f\u00fcr die Innenseite des Schranks (10 St\u00fcck)"},"content":{"rendered":"<p><strong>Profilgriff, mattschwarzes Aluminium, 350 mm, zum Anschrauben an der Innenseite des Schranks<\/strong> Es handelt sich um einen formsch\u00f6nen, eleganten Griff. Dieser hochwertige und langlebige Schubladengriff verleiht Ihrem Interieur eine rustikale Note. Er ist aus Aluminium gefertigt und hat eine matte, seidenmatte, schwarze Oberfl\u00e4che.<\/p>\n<p>Dieser hochwertige Griff wird in Italien hergestellt.<\/p>\n<p><strong>Ma\u00dfe<br \/>\n<\/strong>Profilgriff aus mattschwarzem Aluminium, 350 mm lang, zur Innenmontage. Der Griff ist 350 mm breit und 16 mm hoch. Nach der Montage ragt er 40 mm hervor. Der Lochabstand (Mitte zu Mitte) betr\u00e4gt 2 x 160 mm. Der Griff wiegt 113 Gramm.<\/p>\n<p><strong>Andere Gr\u00f6\u00dfen<\/strong><br \/>\nDieser Griff ist in folgenden Gr\u00f6\u00dfen erh\u00e4ltlich (Breite \/ Bohrlochgr\u00f6\u00dfe):<\/p>\n<p><strong>50 mm \/ 32 mm<br \/>\n<\/strong><strong>100 mm \/ 64 mm<br \/>\n200 mm \/ 160 mm<br \/>\n350 mm \/ 160 mm 2x<br \/>\n<\/strong><b>600 mm \/ 160 mm 3x<br \/>\n1200 mm \/ 160 mm 7x<\/b><\/p>\n<p><strong>Lieferung<\/strong><br \/>\nDiese Griffe werden Ihnen direkt vom Hersteller geliefert. Befestigungsschrauben sind leider nicht im Lieferumfang enthalten. Die Lieferung dauert in der Regel 3 bis 4 Werktage.<br \/>\nBen\u00f6tigen Sie weitere Teile? Kontaktieren Sie mich f\u00fcr ein individuelles Angebot!<\/p>","protected":false},"excerpt":{"rendered":"<p>Profielgreep Zwart mat Aluminium 350mm opschroefbaar binnenkant kast is een mooie, strakke profielgreep. Het is een hoogwaardige en duurzame ladegreep die een stoere touch aan je interieur toevoegt. De greep is gemaakt van aluminium en heeft een mat satijnen zwarte finish. Deze kwalitatief uitstekende greep is gemaakt in Itali\u00eb. Afmetingen Profielgreep Zwart mat Aluminium 350mm [&hellip;]<\/p>\n","protected":false},"featured_media":14690,"template":"","meta":{"_acf_changed":false},"product_brand":[],"product_cat":[25,29,41,23],"product_tag":[],"class_list":{"0":"post-14685","1":"product","2":"type-product","3":"status-publish","4":"has-post-thumbnail","6":"product_cat-aluminium-en-rvs","7":"product_cat-deurtrekkers","8":"product_cat-ladetrekkers","9":"product_cat-meubelbeslag","11":"first","12":"instock","13":"taxable","14":"shipping-taxable","15":"purchasable","16":"product-type-simple"},"acf":[],"yoast_head":"<!-- This site is optimized with the Yoast SEO plugin v27.4 - https:\/\/yoast.com\/product\/yoast-seo-wordpress\/ -->\n<title>Profielgreep Zwart Aluminium 350mm opschroefbaar<\/title>\n<meta name=\"description\" content=\"Profielgreep Zwart mat Aluminium 350mm opschroefbaar binnenkant kast is gemaakt van aluminium en heeft een mat satijnen zwarte finish.\" \/>\n<meta name=\"robots\" content=\"index, follow, max-snippet:-1, max-image-preview:large, max-video-preview:-1\" \/>\n<link rel=\"canonical\" href=\"https:\/\/partsandpieces.nl\/de\/produkt\/profilgriff-schwarz-matt-aluminium-350-mm-zum-anschrauben-an-der-innenseite-des-schranks-10-stuck\/\" \/>\n<meta property=\"og:locale\" content=\"de_DE\" \/>\n<meta property=\"og:type\" content=\"article\" \/>\n<meta property=\"og:title\" content=\"Profielgreep Zwart Aluminium 350mm opschroefbaar\" \/>\n<meta property=\"og:description\" content=\"Profielgreep Zwart mat Aluminium 350mm opschroefbaar binnenkant kast is gemaakt van aluminium en heeft een mat satijnen zwarte finish.\" \/>\n<meta property=\"og:url\" content=\"https:\/\/partsandpieces.nl\/de\/produkt\/profilgriff-schwarz-matt-aluminium-350-mm-zum-anschrauben-an-der-innenseite-des-schranks-10-stuck\/\" \/>\n<meta property=\"og:site_name\" content=\"Parts &amp; Pieces\" \/>\n<meta property=\"article:modified_time\" content=\"2026-04-13T14:25:39+00:00\" \/>\n<meta property=\"og:image\" content=\"https:\/\/partsandpieces.nl\/wp-content\/uploads\/2026\/04\/Profielgreep-Zwart-mat-Aluminium-350mm-opschroefbaar-binnenkant-kast.jpg\" \/>\n\t<meta property=\"og:image:width\" content=\"2160\" \/>\n\t<meta property=\"og:image:height\" content=\"2160\" \/>\n\t<meta property=\"og:image:type\" content=\"image\/jpeg\" \/>\n<meta name=\"twitter:card\" content=\"summary_large_image\" \/>\n<meta name=\"twitter:label1\" content=\"Gesch\u00e4tzte Lesezeit\" \/>\n\t<meta name=\"twitter:data1\" content=\"1\u00a0Minute\" \/>\n<script type=\"application\/ld+json\" class=\"yoast-schema-graph\">{\"@context\":\"https:\\\/\\\/schema.org\",\"@graph\":[{\"@type\":\"WebPage\",\"@id\":\"https:\\\/\\\/partsandpieces.nl\\\/product\\\/profielgreep-zwart-mat-aluminium-350mm-opschroefbaar-binnenkant-kast-10-stuks\\\/\",\"url\":\"https:\\\/\\\/partsandpieces.nl\\\/product\\\/profielgreep-zwart-mat-aluminium-350mm-opschroefbaar-binnenkant-kast-10-stuks\\\/\",\"name\":\"Profielgreep Zwart Aluminium 350mm opschroefbaar\",\"isPartOf\":{\"@id\":\"https:\\\/\\\/partsandpieces.nl\\\/#website\"},\"primaryImageOfPage\":{\"@id\":\"https:\\\/\\\/partsandpieces.nl\\\/product\\\/profielgreep-zwart-mat-aluminium-350mm-opschroefbaar-binnenkant-kast-10-stuks\\\/#primaryimage\"},\"image\":{\"@id\":\"https:\\\/\\\/partsandpieces.nl\\\/product\\\/profielgreep-zwart-mat-aluminium-350mm-opschroefbaar-binnenkant-kast-10-stuks\\\/#primaryimage\"},\"thumbnailUrl\":\"https:\\\/\\\/partsandpieces.nl\\\/wp-content\\\/uploads\\\/2026\\\/04\\\/Profielgreep-Zwart-mat-Aluminium-350mm-opschroefbaar-binnenkant-kast.jpg\",\"datePublished\":\"2026-04-13T13:34:21+00:00\",\"dateModified\":\"2026-04-13T14:25:39+00:00\",\"description\":\"Profielgreep Zwart mat Aluminium 350mm opschroefbaar binnenkant kast is gemaakt van aluminium en heeft een mat satijnen zwarte finish.\",\"breadcrumb\":{\"@id\":\"https:\\\/\\\/partsandpieces.nl\\\/product\\\/profielgreep-zwart-mat-aluminium-350mm-opschroefbaar-binnenkant-kast-10-stuks\\\/#breadcrumb\"},\"inLanguage\":\"de\",\"potentialAction\":[{\"@type\":\"ReadAction\",\"target\":[\"https:\\\/\\\/partsandpieces.nl\\\/product\\\/profielgreep-zwart-mat-aluminium-350mm-opschroefbaar-binnenkant-kast-10-stuks\\\/\"]}]},{\"@type\":\"ImageObject\",\"inLanguage\":\"de\",\"@id\":\"https:\\\/\\\/partsandpieces.nl\\\/product\\\/profielgreep-zwart-mat-aluminium-350mm-opschroefbaar-binnenkant-kast-10-stuks\\\/#primaryimage\",\"url\":\"https:\\\/\\\/partsandpieces.nl\\\/wp-content\\\/uploads\\\/2026\\\/04\\\/Profielgreep-Zwart-mat-Aluminium-350mm-opschroefbaar-binnenkant-kast.jpg\",\"contentUrl\":\"https:\\\/\\\/partsandpieces.nl\\\/wp-content\\\/uploads\\\/2026\\\/04\\\/Profielgreep-Zwart-mat-Aluminium-350mm-opschroefbaar-binnenkant-kast.jpg\",\"width\":2160,\"height\":2160,\"caption\":\"Profielgreep Zwart mat Aluminium 350mm opschroefbaar binnenkant kast\"},{\"@type\":\"BreadcrumbList\",\"@id\":\"https:\\\/\\\/partsandpieces.nl\\\/product\\\/profielgreep-zwart-mat-aluminium-350mm-opschroefbaar-binnenkant-kast-10-stuks\\\/#breadcrumb\",\"itemListElement\":[{\"@type\":\"ListItem\",\"position\":1,\"name\":\"Home\",\"item\":\"https:\\\/\\\/partsandpieces.nl\\\/home\\\/\"},{\"@type\":\"ListItem\",\"position\":2,\"name\":\"Winkel\",\"item\":\"https:\\\/\\\/partsandpieces.nl\\\/winkel\\\/\"},{\"@type\":\"ListItem\",\"position\":3,\"name\":\"Profielgreep Zwart mat Aluminium 350mm opschroefbaar binnenkant kast (10 stuks)\"}]},{\"@type\":\"WebSite\",\"@id\":\"https:\\\/\\\/partsandpieces.nl\\\/#website\",\"url\":\"https:\\\/\\\/partsandpieces.nl\\\/\",\"name\":\"Parts &amp; Pieces\",\"description\":\"Alles voor uw meubelrestauratie en -onderhoud!\",\"potentialAction\":[{\"@type\":\"SearchAction\",\"target\":{\"@type\":\"EntryPoint\",\"urlTemplate\":\"https:\\\/\\\/partsandpieces.nl\\\/?s={search_term_string}\"},\"query-input\":{\"@type\":\"PropertyValueSpecification\",\"valueRequired\":true,\"valueName\":\"search_term_string\"}}],\"inLanguage\":\"de\"}]}<\/script>\n<!-- \/ Yoast SEO plugin. -->","yoast_head_json":{"title":"Profilgriff, schwarzes Aluminium, 350 mm, zum Anschrauben","description":"Profilgriff Schwarz matt Aluminium 350 mm zum Anschrauben im Inneren des Schranks. Der Griff ist aus Aluminium gefertigt und hat eine matte, seidenmatte, schwarze Oberfl\u00e4che.","robots":{"index":"index","follow":"follow","max-snippet":"max-snippet:-1","max-image-preview":"max-image-preview:large","max-video-preview":"max-video-preview:-1"},"canonical":"https:\/\/partsandpieces.nl\/de\/produkt\/profilgriff-schwarz-matt-aluminium-350-mm-zum-anschrauben-an-der-innenseite-des-schranks-10-stuck\/","og_locale":"de_DE","og_type":"article","og_title":"Profielgreep Zwart Aluminium 350mm opschroefbaar","og_description":"Profielgreep Zwart mat Aluminium 350mm opschroefbaar binnenkant kast is gemaakt van aluminium en heeft een mat satijnen zwarte finish.","og_url":"https:\/\/partsandpieces.nl\/de\/produkt\/profilgriff-schwarz-matt-aluminium-350-mm-zum-anschrauben-an-der-innenseite-des-schranks-10-stuck\/","og_site_name":"Parts &amp; Pieces","article_modified_time":"2026-04-13T14:25:39+00:00","og_image":[{"width":2160,"height":2160,"url":"https:\/\/partsandpieces.nl\/wp-content\/uploads\/2026\/04\/Profielgreep-Zwart-mat-Aluminium-350mm-opschroefbaar-binnenkant-kast.jpg","type":"image\/jpeg"}],"twitter_card":"summary_large_image","twitter_misc":{"Gesch\u00e4tzte Lesezeit":"1\u00a0Minute"},"schema":{"@context":"https:\/\/schema.org","@graph":[{"@type":"WebPage","@id":"https:\/\/partsandpieces.nl\/product\/profielgreep-zwart-mat-aluminium-350mm-opschroefbaar-binnenkant-kast-10-stuks\/","url":"https:\/\/partsandpieces.nl\/product\/profielgreep-zwart-mat-aluminium-350mm-opschroefbaar-binnenkant-kast-10-stuks\/","name":"Profilgriff, schwarzes Aluminium, 350 mm, zum Anschrauben","isPartOf":{"@id":"https:\/\/partsandpieces.nl\/#website"},"primaryImageOfPage":{"@id":"https:\/\/partsandpieces.nl\/product\/profielgreep-zwart-mat-aluminium-350mm-opschroefbaar-binnenkant-kast-10-stuks\/#primaryimage"},"image":{"@id":"https:\/\/partsandpieces.nl\/product\/profielgreep-zwart-mat-aluminium-350mm-opschroefbaar-binnenkant-kast-10-stuks\/#primaryimage"},"thumbnailUrl":"https:\/\/partsandpieces.nl\/wp-content\/uploads\/2026\/04\/Profielgreep-Zwart-mat-Aluminium-350mm-opschroefbaar-binnenkant-kast.jpg","datePublished":"2026-04-13T13:34:21+00:00","dateModified":"2026-04-13T14:25:39+00:00","description":"Profilgriff Schwarz matt Aluminium 350 mm zum Anschrauben im Inneren des Schranks. Der Griff ist aus Aluminium gefertigt und hat eine matte, seidenmatte, schwarze Oberfl\u00e4che.","breadcrumb":{"@id":"https:\/\/partsandpieces.nl\/product\/profielgreep-zwart-mat-aluminium-350mm-opschroefbaar-binnenkant-kast-10-stuks\/#breadcrumb"},"inLanguage":"de","potentialAction":[{"@type":"ReadAction","target":["https:\/\/partsandpieces.nl\/product\/profielgreep-zwart-mat-aluminium-350mm-opschroefbaar-binnenkant-kast-10-stuks\/"]}]},{"@type":"ImageObject","inLanguage":"de","@id":"https:\/\/partsandpieces.nl\/product\/profielgreep-zwart-mat-aluminium-350mm-opschroefbaar-binnenkant-kast-10-stuks\/#primaryimage","url":"https:\/\/partsandpieces.nl\/wp-content\/uploads\/2026\/04\/Profielgreep-Zwart-mat-Aluminium-350mm-opschroefbaar-binnenkant-kast.jpg","contentUrl":"https:\/\/partsandpieces.nl\/wp-content\/uploads\/2026\/04\/Profielgreep-Zwart-mat-Aluminium-350mm-opschroefbaar-binnenkant-kast.jpg","width":2160,"height":2160,"caption":"Profielgreep Zwart mat Aluminium 350mm opschroefbaar binnenkant kast"},{"@type":"BreadcrumbList","@id":"https:\/\/partsandpieces.nl\/product\/profielgreep-zwart-mat-aluminium-350mm-opschroefbaar-binnenkant-kast-10-stuks\/#breadcrumb","itemListElement":[{"@type":"ListItem","position":1,"name":"Home","item":"https:\/\/partsandpieces.nl\/home\/"},{"@type":"ListItem","position":2,"name":"Winkel","item":"https:\/\/partsandpieces.nl\/winkel\/"},{"@type":"ListItem","position":3,"name":"Profielgreep Zwart mat Aluminium 350mm opschroefbaar binnenkant kast (10 stuks)"}]},{"@type":"WebSite","@id":"https:\/\/partsandpieces.nl\/#website","url":"https:\/\/partsandpieces.nl\/","name":"Teile &amp; St\u00fccke","description":"Alles f\u00fcr Ihre M\u00f6belrestaurierung und -pflege!","potentialAction":[{"@type":"SearchAction","target":{"@type":"EntryPoint","urlTemplate":"https:\/\/partsandpieces.nl\/?s={search_term_string}"},"query-input":{"@type":"PropertyValueSpecification","valueRequired":true,"valueName":"search_term_string"}}],"inLanguage":"de"}]}},"_links":{"self":[{"href":"https:\/\/partsandpieces.nl\/de\/wp-json\/wp\/v2\/product\/14685","targetHints":{"allow":["GET"]}}],"collection":[{"href":"https:\/\/partsandpieces.nl\/de\/wp-json\/wp\/v2\/product"}],"about":[{"href":"https:\/\/partsandpieces.nl\/de\/wp-json\/wp\/v2\/types\/product"}],"wp:featuredmedia":[{"embeddable":true,"href":"https:\/\/partsandpieces.nl\/de\/wp-json\/wp\/v2\/media\/14690"}],"wp:attachment":[{"href":"https:\/\/partsandpieces.nl\/de\/wp-json\/wp\/v2\/media?parent=14685"}],"wp:term":[{"taxonomy":"product_brand","embeddable":true,"href":"https:\/\/partsandpieces.nl\/de\/wp-json\/wp\/v2\/product_brand?post=14685"},{"taxonomy":"product_cat","embeddable":true,"href":"https:\/\/partsandpieces.nl\/de\/wp-json\/wp\/v2\/product_cat?post=14685"},{"taxonomy":"product_tag","embeddable":true,"href":"https:\/\/partsandpieces.nl\/de\/wp-json\/wp\/v2\/product_tag?post=14685"}],"curies":[{"name":"wp","href":"https:\/\/api.w.org\/{rel}","templated":true}]}}