{"id":1472,"date":"2020-08-06T08:28:58","date_gmt":"2020-08-06T08:28:58","guid":{"rendered":"https:\/\/partsandpieces.bonsaidev.nl\/?product=sleutelplaat-messing-130x40mm"},"modified":"2026-03-14T08:55:22","modified_gmt":"2026-03-14T07:55:22","slug":"schlusselplatte-messing-glanzend-horizontal-maya-125x38mm","status":"publish","type":"product","link":"https:\/\/partsandpieces.nl\/de\/product\/sleutelplaat-messing-glanzend-horizontaal-maya-125x38mm\/","title":{"rendered":"Schl\u00fcsselplatte Messing gl\u00e4nzend horizontal &#039;Maya&#039; 125x38mm"},"content":{"rendered":"<p><strong>Schl\u00fcsselplatte Messing gl\u00e4nzend horizontal &#039;Maya&#039; 125x38mm<\/strong> ist ein echter Hingucker. Das Schl\u00fcsselschild sieht an (M\u00f6bel-)T\u00fcren und Schubladen wundersch\u00f6n aus. Die Schl\u00fcsselplatte hat eine gl\u00e4nzende Messingoberfl\u00e4che und ist aufwendig mit Blumen- und Maskenmotiven verziert.<\/p>\n<p><strong>Ma\u00dfe<br \/>\n<\/strong>Schl\u00fcsselplatte Messing gl\u00e4nzend horizontal &#039;Maya&#039; 125x38mm hat eine Breite von 125mm und eine H\u00f6he von 138mm. Das Schl\u00fcsselloch ist 14 mm hoch und die Bohrl\u00f6cher haben einen Abstand von 96 mm.<\/p>\n<p><strong>Bearbeiten<br \/>\n<\/strong>Sie k\u00f6nnen die Schl\u00fcsselplatte mit montieren\u00a0<span style=\"text-decoration: underline;\"><a href=\"https:\/\/partsandpieces.nl\/de\/produkt\/schrauben-mit-rundkopf-antikbronze-mit-schlitz-2-x-14-mm\/\">Schraube Rundkopf Antik Bronze mit Schlitz (2x14mm)<\/a><\/span>. Ich schicke diese Schrauben\u00a0<strong>FREI<\/strong>\u00a0mit Ihrer Bestellung.<\/p>","protected":false},"excerpt":{"rendered":"<p>Sleutelplaat Messing glanzend horizontaal \u2018Maya\u2019 125x38mm is een echte blikvanger. De sleutelplaat staat prachtig op (meubel)deuren en lades. De sleutelplaat heeft een glanzende messing afwerking en is uitbundig versierd met bloem- en maskermotieven. Afmetingen Sleutelplaat Messing glanzend horizontaal \u2018Maya\u2019 125x38mm heeft een breedte van 125mm en een hoogte van 138mm. Het sleutelgat is 14mm hoog [&hellip;]<\/p>\n","protected":false},"featured_media":7790,"template":"","meta":{"_acf_changed":false},"product_brand":[],"product_cat":[23,48],"product_tag":[],"class_list":{"0":"post-1472","1":"product","2":"type-product","3":"status-publish","4":"has-post-thumbnail","6":"product_cat-meubelbeslag","7":"product_cat-sleutelplaten","9":"first","10":"instock","11":"taxable","12":"shipping-taxable","13":"purchasable","14":"product-type-simple"},"acf":[],"yoast_head":"<!-- This site is optimized with the Yoast SEO plugin v27.3 - https:\/\/yoast.com\/product\/yoast-seo-wordpress\/ -->\n<title>Sleutelplaat Messing horizontaal 125x38mm<\/title>\n<meta name=\"description\" content=\"Sleutelplaat Messing glanzend horizontaal \u2018Maya\u2019 125x38mm heeft een glanzende messing afwerking en is uitbundig versierd met bloem- en maskermotieven.\" \/>\n<meta name=\"robots\" content=\"index, follow, max-snippet:-1, max-image-preview:large, max-video-preview:-1\" \/>\n<link rel=\"canonical\" href=\"https:\/\/partsandpieces.nl\/de\/produkt\/schlusselplatte-messing-glanzend-horizontal-maya-125x38mm\/\" \/>\n<meta property=\"og:locale\" content=\"de_DE\" \/>\n<meta property=\"og:type\" content=\"article\" \/>\n<meta property=\"og:title\" content=\"Sleutelplaat Messing horizontaal 125x38mm\" \/>\n<meta property=\"og:description\" content=\"Sleutelplaat Messing glanzend horizontaal \u2018Maya\u2019 125x38mm heeft een glanzende messing afwerking en is uitbundig versierd met bloem- en maskermotieven.\" \/>\n<meta property=\"og:url\" content=\"https:\/\/partsandpieces.nl\/de\/produkt\/schlusselplatte-messing-glanzend-horizontal-maya-125x38mm\/\" \/>\n<meta property=\"og:site_name\" content=\"Parts &amp; Pieces\" \/>\n<meta property=\"article:modified_time\" content=\"2026-03-14T07:55:22+00:00\" \/>\n<meta property=\"og:image\" content=\"https:\/\/partsandpieces.nl\/wp-content\/uploads\/2020\/08\/Sleutelplaat-Messing-glanzend-horizontaal-\u2018Maya-125x38mm.jpg\" \/>\n\t<meta property=\"og:image:width\" content=\"432\" \/>\n\t<meta property=\"og:image:height\" content=\"434\" \/>\n\t<meta property=\"og:image:type\" content=\"image\/jpeg\" \/>\n<meta name=\"twitter:card\" content=\"summary_large_image\" \/>\n<meta name=\"twitter:label1\" content=\"Gesch\u00e4tzte Lesezeit\" \/>\n\t<meta name=\"twitter:data1\" content=\"1\u00a0Minute\" \/>\n<script type=\"application\/ld+json\" class=\"yoast-schema-graph\">{\"@context\":\"https:\\\/\\\/schema.org\",\"@graph\":[{\"@type\":\"WebPage\",\"@id\":\"https:\\\/\\\/partsandpieces.nl\\\/product\\\/sleutelplaat-messing-glanzend-horizontaal-maya-125x38mm\\\/\",\"url\":\"https:\\\/\\\/partsandpieces.nl\\\/product\\\/sleutelplaat-messing-glanzend-horizontaal-maya-125x38mm\\\/\",\"name\":\"Sleutelplaat Messing horizontaal 125x38mm\",\"isPartOf\":{\"@id\":\"https:\\\/\\\/partsandpieces.nl\\\/#website\"},\"primaryImageOfPage\":{\"@id\":\"https:\\\/\\\/partsandpieces.nl\\\/product\\\/sleutelplaat-messing-glanzend-horizontaal-maya-125x38mm\\\/#primaryimage\"},\"image\":{\"@id\":\"https:\\\/\\\/partsandpieces.nl\\\/product\\\/sleutelplaat-messing-glanzend-horizontaal-maya-125x38mm\\\/#primaryimage\"},\"thumbnailUrl\":\"https:\\\/\\\/partsandpieces.nl\\\/wp-content\\\/uploads\\\/2020\\\/08\\\/Sleutelplaat-Messing-glanzend-horizontaal-\u2018Maya-125x38mm.jpg\",\"datePublished\":\"2020-08-06T08:28:58+00:00\",\"dateModified\":\"2026-03-14T07:55:22+00:00\",\"description\":\"Sleutelplaat Messing glanzend horizontaal \u2018Maya\u2019 125x38mm heeft een glanzende messing afwerking en is uitbundig versierd met bloem- en maskermotieven.\",\"breadcrumb\":{\"@id\":\"https:\\\/\\\/partsandpieces.nl\\\/product\\\/sleutelplaat-messing-glanzend-horizontaal-maya-125x38mm\\\/#breadcrumb\"},\"inLanguage\":\"de\",\"potentialAction\":[{\"@type\":\"ReadAction\",\"target\":[\"https:\\\/\\\/partsandpieces.nl\\\/product\\\/sleutelplaat-messing-glanzend-horizontaal-maya-125x38mm\\\/\"]}]},{\"@type\":\"ImageObject\",\"inLanguage\":\"de\",\"@id\":\"https:\\\/\\\/partsandpieces.nl\\\/product\\\/sleutelplaat-messing-glanzend-horizontaal-maya-125x38mm\\\/#primaryimage\",\"url\":\"https:\\\/\\\/partsandpieces.nl\\\/wp-content\\\/uploads\\\/2020\\\/08\\\/Sleutelplaat-Messing-glanzend-horizontaal-\u2018Maya-125x38mm.jpg\",\"contentUrl\":\"https:\\\/\\\/partsandpieces.nl\\\/wp-content\\\/uploads\\\/2020\\\/08\\\/Sleutelplaat-Messing-glanzend-horizontaal-\u2018Maya-125x38mm.jpg\",\"width\":432,\"height\":434,\"caption\":\"Sleutelplaat Messing glanzend horizontaal \u2018Maya\u2019 125x38mm\"},{\"@type\":\"BreadcrumbList\",\"@id\":\"https:\\\/\\\/partsandpieces.nl\\\/product\\\/sleutelplaat-messing-glanzend-horizontaal-maya-125x38mm\\\/#breadcrumb\",\"itemListElement\":[{\"@type\":\"ListItem\",\"position\":1,\"name\":\"Home\",\"item\":\"https:\\\/\\\/partsandpieces.nl\\\/home\\\/\"},{\"@type\":\"ListItem\",\"position\":2,\"name\":\"Winkel\",\"item\":\"https:\\\/\\\/partsandpieces.nl\\\/winkel\\\/\"},{\"@type\":\"ListItem\",\"position\":3,\"name\":\"Sleutelplaat Messing glanzend horizontaal \u2018Maya\u2019 125x38mm\"}]},{\"@type\":\"WebSite\",\"@id\":\"https:\\\/\\\/partsandpieces.nl\\\/#website\",\"url\":\"https:\\\/\\\/partsandpieces.nl\\\/\",\"name\":\"Parts &amp; Pieces\",\"description\":\"Alles voor uw meubelrestauratie en -onderhoud!\",\"potentialAction\":[{\"@type\":\"SearchAction\",\"target\":{\"@type\":\"EntryPoint\",\"urlTemplate\":\"https:\\\/\\\/partsandpieces.nl\\\/?s={search_term_string}\"},\"query-input\":{\"@type\":\"PropertyValueSpecification\",\"valueRequired\":true,\"valueName\":\"search_term_string\"}}],\"inLanguage\":\"de\"}]}<\/script>\n<!-- \/ Yoast SEO plugin. -->","yoast_head_json":{"title":"Schl\u00fcsselplatte Messing horizontal 125x38mm","description":"Schl\u00fcsselplatte Messing gl\u00e4nzend horizontal &#039;Maya&#039; 125x38mm hat eine gl\u00e4nzende Messingoberfl\u00e4che und ist aufwendig mit Blumen- und Maskenmotiven verziert.","robots":{"index":"index","follow":"follow","max-snippet":"max-snippet:-1","max-image-preview":"max-image-preview:large","max-video-preview":"max-video-preview:-1"},"canonical":"https:\/\/partsandpieces.nl\/de\/produkt\/schlusselplatte-messing-glanzend-horizontal-maya-125x38mm\/","og_locale":"de_DE","og_type":"article","og_title":"Sleutelplaat Messing horizontaal 125x38mm","og_description":"Sleutelplaat Messing glanzend horizontaal \u2018Maya\u2019 125x38mm heeft een glanzende messing afwerking en is uitbundig versierd met bloem- en maskermotieven.","og_url":"https:\/\/partsandpieces.nl\/de\/produkt\/schlusselplatte-messing-glanzend-horizontal-maya-125x38mm\/","og_site_name":"Parts &amp; Pieces","article_modified_time":"2026-03-14T07:55:22+00:00","og_image":[{"width":432,"height":434,"url":"https:\/\/partsandpieces.nl\/wp-content\/uploads\/2020\/08\/Sleutelplaat-Messing-glanzend-horizontaal-\u2018Maya-125x38mm.jpg","type":"image\/jpeg"}],"twitter_card":"summary_large_image","twitter_misc":{"Gesch\u00e4tzte Lesezeit":"1\u00a0Minute"},"schema":{"@context":"https:\/\/schema.org","@graph":[{"@type":"WebPage","@id":"https:\/\/partsandpieces.nl\/product\/sleutelplaat-messing-glanzend-horizontaal-maya-125x38mm\/","url":"https:\/\/partsandpieces.nl\/product\/sleutelplaat-messing-glanzend-horizontaal-maya-125x38mm\/","name":"Schl\u00fcsselplatte Messing horizontal 125x38mm","isPartOf":{"@id":"https:\/\/partsandpieces.nl\/#website"},"primaryImageOfPage":{"@id":"https:\/\/partsandpieces.nl\/product\/sleutelplaat-messing-glanzend-horizontaal-maya-125x38mm\/#primaryimage"},"image":{"@id":"https:\/\/partsandpieces.nl\/product\/sleutelplaat-messing-glanzend-horizontaal-maya-125x38mm\/#primaryimage"},"thumbnailUrl":"https:\/\/partsandpieces.nl\/wp-content\/uploads\/2020\/08\/Sleutelplaat-Messing-glanzend-horizontaal-\u2018Maya-125x38mm.jpg","datePublished":"2020-08-06T08:28:58+00:00","dateModified":"2026-03-14T07:55:22+00:00","description":"Schl\u00fcsselplatte Messing gl\u00e4nzend horizontal &#039;Maya&#039; 125x38mm hat eine gl\u00e4nzende Messingoberfl\u00e4che und ist aufwendig mit Blumen- und Maskenmotiven verziert.","breadcrumb":{"@id":"https:\/\/partsandpieces.nl\/product\/sleutelplaat-messing-glanzend-horizontaal-maya-125x38mm\/#breadcrumb"},"inLanguage":"de","potentialAction":[{"@type":"ReadAction","target":["https:\/\/partsandpieces.nl\/product\/sleutelplaat-messing-glanzend-horizontaal-maya-125x38mm\/"]}]},{"@type":"ImageObject","inLanguage":"de","@id":"https:\/\/partsandpieces.nl\/product\/sleutelplaat-messing-glanzend-horizontaal-maya-125x38mm\/#primaryimage","url":"https:\/\/partsandpieces.nl\/wp-content\/uploads\/2020\/08\/Sleutelplaat-Messing-glanzend-horizontaal-\u2018Maya-125x38mm.jpg","contentUrl":"https:\/\/partsandpieces.nl\/wp-content\/uploads\/2020\/08\/Sleutelplaat-Messing-glanzend-horizontaal-\u2018Maya-125x38mm.jpg","width":432,"height":434,"caption":"Sleutelplaat Messing glanzend horizontaal \u2018Maya\u2019 125x38mm"},{"@type":"BreadcrumbList","@id":"https:\/\/partsandpieces.nl\/product\/sleutelplaat-messing-glanzend-horizontaal-maya-125x38mm\/#breadcrumb","itemListElement":[{"@type":"ListItem","position":1,"name":"Home","item":"https:\/\/partsandpieces.nl\/home\/"},{"@type":"ListItem","position":2,"name":"Winkel","item":"https:\/\/partsandpieces.nl\/winkel\/"},{"@type":"ListItem","position":3,"name":"Sleutelplaat Messing glanzend horizontaal \u2018Maya\u2019 125x38mm"}]},{"@type":"WebSite","@id":"https:\/\/partsandpieces.nl\/#website","url":"https:\/\/partsandpieces.nl\/","name":"Teile &amp; St\u00fccke","description":"Alles f\u00fcr Ihre M\u00f6belrestaurierung und -pflege!","potentialAction":[{"@type":"SearchAction","target":{"@type":"EntryPoint","urlTemplate":"https:\/\/partsandpieces.nl\/?s={search_term_string}"},"query-input":{"@type":"PropertyValueSpecification","valueRequired":true,"valueName":"search_term_string"}}],"inLanguage":"de"}]}},"_links":{"self":[{"href":"https:\/\/partsandpieces.nl\/de\/wp-json\/wp\/v2\/product\/1472","targetHints":{"allow":["GET"]}}],"collection":[{"href":"https:\/\/partsandpieces.nl\/de\/wp-json\/wp\/v2\/product"}],"about":[{"href":"https:\/\/partsandpieces.nl\/de\/wp-json\/wp\/v2\/types\/product"}],"wp:featuredmedia":[{"embeddable":true,"href":"https:\/\/partsandpieces.nl\/de\/wp-json\/wp\/v2\/media\/7790"}],"wp:attachment":[{"href":"https:\/\/partsandpieces.nl\/de\/wp-json\/wp\/v2\/media?parent=1472"}],"wp:term":[{"taxonomy":"product_brand","embeddable":true,"href":"https:\/\/partsandpieces.nl\/de\/wp-json\/wp\/v2\/product_brand?post=1472"},{"taxonomy":"product_cat","embeddable":true,"href":"https:\/\/partsandpieces.nl\/de\/wp-json\/wp\/v2\/product_cat?post=1472"},{"taxonomy":"product_tag","embeddable":true,"href":"https:\/\/partsandpieces.nl\/de\/wp-json\/wp\/v2\/product_tag?post=1472"}],"curies":[{"name":"wp","href":"https:\/\/api.w.org\/{rel}","templated":true}]}}