{"id":1486,"date":"2020-08-06T09:34:07","date_gmt":"2020-08-06T09:34:07","guid":{"rendered":"https:\/\/partsandpieces.bonsaidev.nl\/?product=sleutelplaatje-2538"},"modified":"2025-11-03T08:57:51","modified_gmt":"2025-11-03T07:57:51","slug":"schlusselplatte-messing-glanzend-klein-25x38mm","status":"publish","type":"product","link":"https:\/\/partsandpieces.nl\/de\/product\/sleutelplaatje-messing-glanzend-klein-25x38mm\/","title":{"rendered":"Schl\u00fcsselplatte Messing gl\u00e4nzend, klein, 25 x 38 mm"},"content":{"rendered":"<p><strong>Schl\u00fcsselplatte Messing gl\u00e4nzend, klein, 25 x 38 mm<\/strong>\u00a0ist ein kleines Schl\u00fcsselschild f\u00fcr Ihre Schubladen- oder M\u00f6belt\u00fcren. Die Schl\u00fcsselplatte hat eine gl\u00e4nzende Messingoberfl\u00e4che. Die Schl\u00fcsselplatte besteht aus Zamak*.<\/p>\n<p><strong>Ma\u00dfe<br \/>\n<\/strong>Schl\u00fcsselplatte aus gl\u00e4nzendem Messing, klein, 25 x 38 mm, hat eine Breite von 25 mm und eine H\u00f6he von 38 mm.<\/p>\n<p><strong>Bearbeiten<br \/>\n<\/strong>Sie k\u00f6nnen die Schl\u00fcsselplatte mit 2 kleinen Schrauben befestigen. Ich werde diese Schrauben NICHT mit Ihrer Bestellung verschicken.<\/p>\n<p>* Zamak ist eine Legierung mit Zink als Hauptbestandteil. Es hat einen relativ niedrigen Schmelzpunkt und ist leicht zu gie\u00dfen. Der Name ist ein Akronym, abgeleitet von den Anfangsbuchstaben der deutschen Bezeichnungen f\u00fcr die Metalle, aus denen sich der Werkstoff zusammensetzt: Zink, Aluminium, MAGnesium, Kupfer. Zamak wird in der Auto- und M\u00f6belindustrie f\u00fcr T\u00fcrgriffe, Griffe, Logos und Zierleisten verwendet. Es wird auch h\u00e4ufig als Ersatz f\u00fcr das giftige Blei verwendet.<\/p>","protected":false},"excerpt":{"rendered":"<p>Sleutelplaatje Messing glanzend Klein 25x38mm\u00a0is een klein sleutelplaatje voor je lade- of meubeldeurtjes. De sleutelplaat heeft een glanzende messing afwerking. De sleutelplaat is gemaakt van Zamak*. Afmetingen Sleutelplaatje Messing glanzend Klein 25x38mm heeft een breedte van 25mm en een hoogte van 38mm. Montage Je kunt de sleutelplaat monteren met 2 kleine schroefjes. Ik stuur die [&hellip;]<\/p>\n","protected":false},"featured_media":6973,"template":"","meta":{"_acf_changed":false},"product_brand":[],"product_cat":[23,48],"product_tag":[],"class_list":{"0":"post-1486","1":"product","2":"type-product","3":"status-publish","4":"has-post-thumbnail","6":"product_cat-meubelbeslag","7":"product_cat-sleutelplaten","9":"first","10":"instock","11":"taxable","12":"shipping-taxable","13":"purchasable","14":"product-type-simple"},"acf":[],"yoast_head":"<!-- This site is optimized with the Yoast SEO plugin v27.3 - https:\/\/yoast.com\/product\/yoast-seo-wordpress\/ -->\n<title>Sleutelplaatje Messing Klein 25x38mm<\/title>\n<meta name=\"description\" content=\"Sleutelplaatje Messing glanzend Klein 25x38mm\u00a0is een klein sleutelplaatje voor je lade- of meubeldeurtjes. Heeft een glanzende messing afwerking.\" \/>\n<meta name=\"robots\" content=\"index, follow, max-snippet:-1, max-image-preview:large, max-video-preview:-1\" \/>\n<link rel=\"canonical\" href=\"https:\/\/partsandpieces.nl\/de\/produkt\/schlusselplatte-messing-glanzend-klein-25x38mm\/\" \/>\n<meta property=\"og:locale\" content=\"de_DE\" \/>\n<meta property=\"og:type\" content=\"article\" \/>\n<meta property=\"og:title\" content=\"Sleutelplaatje Messing Klein 25x38mm\" \/>\n<meta property=\"og:description\" content=\"Sleutelplaatje Messing glanzend Klein 25x38mm\u00a0is een klein sleutelplaatje voor je lade- of meubeldeurtjes. Heeft een glanzende messing afwerking.\" \/>\n<meta property=\"og:url\" content=\"https:\/\/partsandpieces.nl\/de\/produkt\/schlusselplatte-messing-glanzend-klein-25x38mm\/\" \/>\n<meta property=\"og:site_name\" content=\"Parts &amp; Pieces\" \/>\n<meta property=\"article:modified_time\" content=\"2025-11-03T07:57:51+00:00\" \/>\n<meta property=\"og:image\" content=\"https:\/\/partsandpieces.nl\/wp-content\/uploads\/2020\/08\/Sleutelplaatje-Messing-glanzend-Klein-25x38mm.jpg\" \/>\n\t<meta property=\"og:image:width\" content=\"412\" \/>\n\t<meta property=\"og:image:height\" content=\"411\" \/>\n\t<meta property=\"og:image:type\" content=\"image\/jpeg\" \/>\n<meta name=\"twitter:card\" content=\"summary_large_image\" \/>\n<meta name=\"twitter:label1\" content=\"Gesch\u00e4tzte Lesezeit\" \/>\n\t<meta name=\"twitter:data1\" content=\"1\u00a0Minute\" \/>\n<script type=\"application\/ld+json\" class=\"yoast-schema-graph\">{\"@context\":\"https:\\\/\\\/schema.org\",\"@graph\":[{\"@type\":\"WebPage\",\"@id\":\"https:\\\/\\\/partsandpieces.nl\\\/product\\\/sleutelplaatje-messing-glanzend-klein-25x38mm\\\/\",\"url\":\"https:\\\/\\\/partsandpieces.nl\\\/product\\\/sleutelplaatje-messing-glanzend-klein-25x38mm\\\/\",\"name\":\"Sleutelplaatje Messing Klein 25x38mm\",\"isPartOf\":{\"@id\":\"https:\\\/\\\/partsandpieces.nl\\\/#website\"},\"primaryImageOfPage\":{\"@id\":\"https:\\\/\\\/partsandpieces.nl\\\/product\\\/sleutelplaatje-messing-glanzend-klein-25x38mm\\\/#primaryimage\"},\"image\":{\"@id\":\"https:\\\/\\\/partsandpieces.nl\\\/product\\\/sleutelplaatje-messing-glanzend-klein-25x38mm\\\/#primaryimage\"},\"thumbnailUrl\":\"https:\\\/\\\/partsandpieces.nl\\\/wp-content\\\/uploads\\\/2020\\\/08\\\/Sleutelplaatje-Messing-glanzend-Klein-25x38mm.jpg\",\"datePublished\":\"2020-08-06T09:34:07+00:00\",\"dateModified\":\"2025-11-03T07:57:51+00:00\",\"description\":\"Sleutelplaatje Messing glanzend Klein 25x38mm\u00a0is een klein sleutelplaatje voor je lade- of meubeldeurtjes. Heeft een glanzende messing afwerking.\",\"breadcrumb\":{\"@id\":\"https:\\\/\\\/partsandpieces.nl\\\/product\\\/sleutelplaatje-messing-glanzend-klein-25x38mm\\\/#breadcrumb\"},\"inLanguage\":\"de\",\"potentialAction\":[{\"@type\":\"ReadAction\",\"target\":[\"https:\\\/\\\/partsandpieces.nl\\\/product\\\/sleutelplaatje-messing-glanzend-klein-25x38mm\\\/\"]}]},{\"@type\":\"ImageObject\",\"inLanguage\":\"de\",\"@id\":\"https:\\\/\\\/partsandpieces.nl\\\/product\\\/sleutelplaatje-messing-glanzend-klein-25x38mm\\\/#primaryimage\",\"url\":\"https:\\\/\\\/partsandpieces.nl\\\/wp-content\\\/uploads\\\/2020\\\/08\\\/Sleutelplaatje-Messing-glanzend-Klein-25x38mm.jpg\",\"contentUrl\":\"https:\\\/\\\/partsandpieces.nl\\\/wp-content\\\/uploads\\\/2020\\\/08\\\/Sleutelplaatje-Messing-glanzend-Klein-25x38mm.jpg\",\"width\":412,\"height\":411,\"caption\":\"Sleutelplaatje Messing glanzend Klein 25x38mm\"},{\"@type\":\"BreadcrumbList\",\"@id\":\"https:\\\/\\\/partsandpieces.nl\\\/product\\\/sleutelplaatje-messing-glanzend-klein-25x38mm\\\/#breadcrumb\",\"itemListElement\":[{\"@type\":\"ListItem\",\"position\":1,\"name\":\"Home\",\"item\":\"https:\\\/\\\/partsandpieces.nl\\\/home\\\/\"},{\"@type\":\"ListItem\",\"position\":2,\"name\":\"Winkel\",\"item\":\"https:\\\/\\\/partsandpieces.nl\\\/winkel\\\/\"},{\"@type\":\"ListItem\",\"position\":3,\"name\":\"Sleutelplaatje Messing glanzend Klein 25x38mm\"}]},{\"@type\":\"WebSite\",\"@id\":\"https:\\\/\\\/partsandpieces.nl\\\/#website\",\"url\":\"https:\\\/\\\/partsandpieces.nl\\\/\",\"name\":\"Parts &amp; Pieces\",\"description\":\"Alles voor uw meubelrestauratie en -onderhoud!\",\"potentialAction\":[{\"@type\":\"SearchAction\",\"target\":{\"@type\":\"EntryPoint\",\"urlTemplate\":\"https:\\\/\\\/partsandpieces.nl\\\/?s={search_term_string}\"},\"query-input\":{\"@type\":\"PropertyValueSpecification\",\"valueRequired\":true,\"valueName\":\"search_term_string\"}}],\"inLanguage\":\"de\"}]}<\/script>\n<!-- \/ Yoast SEO plugin. -->","yoast_head_json":{"title":"Schl\u00fcsselplatte Messing klein 25x38mm","description":"Schl\u00fcsselschild aus gl\u00e4nzendem Messing, klein, 25 x 38 mm, ist ein kleines Schl\u00fcsselschild f\u00fcr Ihre Schubladen- oder M\u00f6belt\u00fcren. Hat eine gl\u00e4nzende Messingoberfl\u00e4che.","robots":{"index":"index","follow":"follow","max-snippet":"max-snippet:-1","max-image-preview":"max-image-preview:large","max-video-preview":"max-video-preview:-1"},"canonical":"https:\/\/partsandpieces.nl\/de\/produkt\/schlusselplatte-messing-glanzend-klein-25x38mm\/","og_locale":"de_DE","og_type":"article","og_title":"Sleutelplaatje Messing Klein 25x38mm","og_description":"Sleutelplaatje Messing glanzend Klein 25x38mm\u00a0is een klein sleutelplaatje voor je lade- of meubeldeurtjes. Heeft een glanzende messing afwerking.","og_url":"https:\/\/partsandpieces.nl\/de\/produkt\/schlusselplatte-messing-glanzend-klein-25x38mm\/","og_site_name":"Parts &amp; Pieces","article_modified_time":"2025-11-03T07:57:51+00:00","og_image":[{"width":412,"height":411,"url":"https:\/\/partsandpieces.nl\/wp-content\/uploads\/2020\/08\/Sleutelplaatje-Messing-glanzend-Klein-25x38mm.jpg","type":"image\/jpeg"}],"twitter_card":"summary_large_image","twitter_misc":{"Gesch\u00e4tzte Lesezeit":"1\u00a0Minute"},"schema":{"@context":"https:\/\/schema.org","@graph":[{"@type":"WebPage","@id":"https:\/\/partsandpieces.nl\/product\/sleutelplaatje-messing-glanzend-klein-25x38mm\/","url":"https:\/\/partsandpieces.nl\/product\/sleutelplaatje-messing-glanzend-klein-25x38mm\/","name":"Schl\u00fcsselplatte Messing klein 25x38mm","isPartOf":{"@id":"https:\/\/partsandpieces.nl\/#website"},"primaryImageOfPage":{"@id":"https:\/\/partsandpieces.nl\/product\/sleutelplaatje-messing-glanzend-klein-25x38mm\/#primaryimage"},"image":{"@id":"https:\/\/partsandpieces.nl\/product\/sleutelplaatje-messing-glanzend-klein-25x38mm\/#primaryimage"},"thumbnailUrl":"https:\/\/partsandpieces.nl\/wp-content\/uploads\/2020\/08\/Sleutelplaatje-Messing-glanzend-Klein-25x38mm.jpg","datePublished":"2020-08-06T09:34:07+00:00","dateModified":"2025-11-03T07:57:51+00:00","description":"Schl\u00fcsselschild aus gl\u00e4nzendem Messing, klein, 25 x 38 mm, ist ein kleines Schl\u00fcsselschild f\u00fcr Ihre Schubladen- oder M\u00f6belt\u00fcren. Hat eine gl\u00e4nzende Messingoberfl\u00e4che.","breadcrumb":{"@id":"https:\/\/partsandpieces.nl\/product\/sleutelplaatje-messing-glanzend-klein-25x38mm\/#breadcrumb"},"inLanguage":"de","potentialAction":[{"@type":"ReadAction","target":["https:\/\/partsandpieces.nl\/product\/sleutelplaatje-messing-glanzend-klein-25x38mm\/"]}]},{"@type":"ImageObject","inLanguage":"de","@id":"https:\/\/partsandpieces.nl\/product\/sleutelplaatje-messing-glanzend-klein-25x38mm\/#primaryimage","url":"https:\/\/partsandpieces.nl\/wp-content\/uploads\/2020\/08\/Sleutelplaatje-Messing-glanzend-Klein-25x38mm.jpg","contentUrl":"https:\/\/partsandpieces.nl\/wp-content\/uploads\/2020\/08\/Sleutelplaatje-Messing-glanzend-Klein-25x38mm.jpg","width":412,"height":411,"caption":"Sleutelplaatje Messing glanzend Klein 25x38mm"},{"@type":"BreadcrumbList","@id":"https:\/\/partsandpieces.nl\/product\/sleutelplaatje-messing-glanzend-klein-25x38mm\/#breadcrumb","itemListElement":[{"@type":"ListItem","position":1,"name":"Home","item":"https:\/\/partsandpieces.nl\/home\/"},{"@type":"ListItem","position":2,"name":"Winkel","item":"https:\/\/partsandpieces.nl\/winkel\/"},{"@type":"ListItem","position":3,"name":"Sleutelplaatje Messing glanzend Klein 25x38mm"}]},{"@type":"WebSite","@id":"https:\/\/partsandpieces.nl\/#website","url":"https:\/\/partsandpieces.nl\/","name":"Teile &amp; St\u00fccke","description":"Alles f\u00fcr Ihre M\u00f6belrestaurierung und -pflege!","potentialAction":[{"@type":"SearchAction","target":{"@type":"EntryPoint","urlTemplate":"https:\/\/partsandpieces.nl\/?s={search_term_string}"},"query-input":{"@type":"PropertyValueSpecification","valueRequired":true,"valueName":"search_term_string"}}],"inLanguage":"de"}]}},"_links":{"self":[{"href":"https:\/\/partsandpieces.nl\/de\/wp-json\/wp\/v2\/product\/1486","targetHints":{"allow":["GET"]}}],"collection":[{"href":"https:\/\/partsandpieces.nl\/de\/wp-json\/wp\/v2\/product"}],"about":[{"href":"https:\/\/partsandpieces.nl\/de\/wp-json\/wp\/v2\/types\/product"}],"wp:featuredmedia":[{"embeddable":true,"href":"https:\/\/partsandpieces.nl\/de\/wp-json\/wp\/v2\/media\/6973"}],"wp:attachment":[{"href":"https:\/\/partsandpieces.nl\/de\/wp-json\/wp\/v2\/media?parent=1486"}],"wp:term":[{"taxonomy":"product_brand","embeddable":true,"href":"https:\/\/partsandpieces.nl\/de\/wp-json\/wp\/v2\/product_brand?post=1486"},{"taxonomy":"product_cat","embeddable":true,"href":"https:\/\/partsandpieces.nl\/de\/wp-json\/wp\/v2\/product_cat?post=1486"},{"taxonomy":"product_tag","embeddable":true,"href":"https:\/\/partsandpieces.nl\/de\/wp-json\/wp\/v2\/product_tag?post=1486"}],"curies":[{"name":"wp","href":"https:\/\/api.w.org\/{rel}","templated":true}]}}